{"id":301,"date":"2023-07-15T13:46:59","date_gmt":"2023-07-15T11:46:59","guid":{"rendered":"https:\/\/redfoxaffiliates.com\/faq\/"},"modified":"2023-07-15T13:46:59","modified_gmt":"2023-07-15T11:46:59","slug":"faq","status":"publish","type":"page","link":"https:\/\/redfoxaffiliates.com\/lv\/faq\/","title":{"rendered":"FAQ"},"content":{"rendered":"<h2>Kas ir partner\u012bba?<\/h2>\n<p>Partner\u012bba ir m\u0101rketinga strat\u0113\u0123ija. Daudzi produkti, pakalpojumi un t\u012bmek\u013ca vietnes izmanto partnerus, lai tirgotu savus produktus un pakalpojumus. Katrs RedFoxLotto.com partneris var m\u016bs reklam\u0113t.<\/p>\n<h2>Vai ir k\u0101das izmaksas vai re\u0123istr\u0101cijas maksa?<\/h2>\n<p>N\u0113. Pievieno\u0161an\u0101s m\u016bsu partnerprogrammai ir piln\u012bgi bez maksas. Vien\u012bg\u0101s izmaksas, kas jums rodas, ir izmaksas par t\u012bmek\u013ca viet\u0146u uztur\u0113\u0161anu vai savu m\u0101rketinga materi\u0101lu ieg\u0101di.<\/p>\n<h2>K\u0101 es varu j\u016bs reklam\u0113t?<\/h2>\n<p>J\u016bs varat izmantot visda\u017e\u0101d\u0101k\u0101s tie\u0161saistes un bezsaistes strat\u0113\u0123ijas. \u0160eit ir divi visbie\u017e\u0101k izmantotie veidi:<\/p>\n<ul>\n<li>J\u016bs varat izveidot t\u012bmek\u013ca vietni (saist\u012btu ar loteriju vai citu) un izmantot to, lai reklam\u0113tu RedFoxLotto. Piesaistiet apmekl\u0113t\u0101jus, izmantojot atsl\u0113gv\u0101rdus Google mekl\u0113\u0161an\u0101, un reklam\u0113jiet savu vietni soci\u0101lajos t\u012bklos. Liel\u0101ks apmekl\u0113t\u0101ju skaits j\u016bsu t\u012bmek\u013ca vietn\u0113 noz\u012bm\u0113 vair\u0101k klik\u0161\u0137u uz RedFoxLotto, kas noz\u012bm\u0113 vair\u0101k naudas jums.<\/li>\n<li>Izveidojiet loterijas t\u012bmek\u013ca vietni, izmantojiet partneru saites, kas ved uz RedFoxLotto.com, un p\u0113c tam reklam\u0113jiet savu t\u012bmek\u013ca vietni bezsaist\u0113.<\/li>\n<\/ul>\n<h2>Cik daudz es varu nopeln\u012bt?<\/h2>\n<p>Nav nek\u0101du ierobe\u017eojumu. J\u016bs sa\u0146emsiet procentu no neto p\u0101rdo\u0161anas apjoma, ko j\u016bs \u0123ener\u0113jat. Un par katru m\u0113nesi, kur\u0101 j\u016bs \u0123ener\u0113jat augst\u0101kas komisijas, j\u016bsu procents palielin\u0101sies. Lasiet \u0161o rakstu, lai uzzin\u0101tu vair\u0101k.<\/p>\n<h2>Kas ir partneru saite?<\/h2>\n<p>Partnera saite ir saite, kas satur izseko\u0161anas kodu \u2013 \u012bpa\u0161u identifikatoru, kas ir saist\u012bts tikai ar j\u016bsu partnera kontu. J\u016bs ievietojat \u0161\u012bs saites sav\u0101 t\u012bmek\u013ca vietn\u0113. Tad viens no j\u016bsu t\u012bmek\u013ca vietnes apmekl\u0113t\u0101jiem uzklik\u0161\u0137ina uz t\u0101s un veic pirkumu RedFoxLotto.com. M\u016bsu partneru sist\u0113ma, izmantojot \u0161o izseko\u0161anas kodu, identific\u0113 \u0161o jauno klientu k\u0101 klientu, kuru esat piesaist\u012bjis j\u016bs. J\u016bs sa\u0146emat komisijas maksu par \u0161o p\u0101rdo\u0161anu. Jebkur\u0161 turpm\u0101kais pirkums, ko veic \u0161is klients, ar\u012b \u0123ener\u0113s jums v\u0113l vienu komisijas maksu.<\/p>\n<p>Katru reizi, kad klients apmekl\u0113 m\u016bsu vietni, noklik\u0161\u0137inot uz vienu no j\u016bsu partnera sait\u0113m, vi\u0146a ier\u012bc\u0113 tiek izveidota s\u012bkdatne. Tas nodro\u0161ina, ka, ja vi\u0146\u0161 neveic pirkumu sav\u0101 pirmaj\u0101 apmekl\u0113jum\u0101, bet atgrie\u017eas v\u0113l\u0101k, lai ieg\u0101d\u0101tos loterijas bi\u013cetes, vi\u0146\u0161 joproj\u0101m tiks identific\u0113ts k\u0101 \u201cj\u016bsu\u201d p\u0101rdo\u0161ana.<\/p>\n<h2>K\u0101 ir ar partnera konta pieteik\u0161anos?<\/h2>\n<p>Kad j\u016bs b\u016bsiet re\u0123istr\u0113jies \u0161eit m\u016bsu vietn\u0113, m\u0113s p\u0101rskat\u012bsim j\u016bsu re\u0123istr\u0101ciju. Kad tas b\u016bs izdar\u012bts, m\u0113s izveidosim jums partnera kontu. Tad m\u0113s nos\u016bt\u012bsim jums e-pastu ar URL, lai pieteiktos sav\u0101 partnera kont\u0101, ar lietot\u0101jv\u0101rdu un pagaidu paroli. P\u0113c pieteik\u0161an\u0101s sav\u0101 kont\u0101 (partnera backend), j\u016bs varat main\u012bt \u0161o paroli un p\u0101rbaud\u012bt, vai visi j\u016bsu personas dati ir pareizi.<\/p>\n<p>J\u016bs var\u0113siet izveidot kampa\u0146as ar \u012bpa\u0161\u0101m partneru sait\u0113m da\u017e\u0101d\u0101m m\u0101rketinga aktivit\u0101t\u0113m. Pie\u0146emsim, ka jums ir vair\u0101kas t\u012bmek\u013ca vietnes. \u0160\u0101d\u0101 gad\u012bjum\u0101 j\u016bs v\u0113l\u0113sieties izveidot vienu kampa\u0146u katrai t\u012bmek\u013ca vietnei. T\u0101d\u0113j\u0101di j\u016bs var\u0113siet redz\u0113t katras t\u012bmek\u013ca vietnes rezult\u0101tus atsevi\u0161\u0137i.<\/p>\n<p>Partneru backend j\u016bs varat redz\u0113t ar\u012b savu apmekl\u0113t\u0101ju statistiku un komisijas atskaites. Tur varat lejupiel\u0101d\u0113t ar\u012b m\u0101rketinga materi\u0101lus, kurus varat izmantot, lai reklam\u0113tu m\u016bsu produktus.<\/p>\n<h2>Komisijas maks\u0101jumi<\/h2>\n<p>Katru m\u0113nesi 15. datum\u0101 m\u0113s izmaks\u0101sim jums komisijas, ko esat nopeln\u012bjis iepriek\u0161\u0113j\u0101 m\u0113nes\u012b. Parast\u0101s maks\u0101jumu metodes ir Skrill, Neteller un bankas p\u0101rskait\u012bjums, bet var apspriest ar\u012b citas iesp\u0113jas.<\/p>\n","protected":false},"excerpt":{"rendered":"<p>Kas ir partner\u012bba? Partner\u012bba ir m\u0101rketinga strat\u0113\u0123ija. Daudzi produkti, pakalpojumi un t\u012bmek\u013ca vietnes izmanto partnerus, lai tirgotu savus produktus un pakalpojumus. Katrs RedFoxLotto.com partneris var m\u016bs reklam\u0113t. Vai ir k\u0101das izmaksas vai re\u0123istr\u0101cijas maksa? N\u0113. Pievieno\u0161an\u0101s m\u016bsu partnerprogrammai ir piln\u012bgi bez maksas. Vien\u012bg\u0101s izmaksas, kas jums rodas, ir izmaksas par<\/p>\n<p><a href=\"https:\/\/redfoxaffiliates.com\/lv\/faq\/\" class=\"more-link\">Continue Reading<span class=\"screen-reader-text\">FAQ<\/span><\/a><\/p>\n","protected":false},"author":1,"featured_media":0,"parent":0,"menu_order":3,"comment_status":"closed","ping_status":"closed","template":"","meta":{"footnotes":""},"class_list":["post-301","page","type-page","status-publish","hentry"],"yoast_head":"<!-- This site is optimized with the Yoast SEO plugin v22.4 - https:\/\/yoast.com\/wordpress\/plugins\/seo\/ -->\n<title>Bie\u017ei uzdotie jaut\u0101jumi par partner\u012bbu loterijas tirg\u016b<\/title>\n<meta name=\"description\" content=\"Atrodiet atbildes uz saviem jaut\u0101jumiem par loterijas partner\u012bbu kopum\u0101 un RedFoxLotto partnerprogrammu konkr\u0113ti.\" \/>\n<meta name=\"robots\" content=\"index, follow, max-snippet:-1, max-image-preview:large, max-video-preview:-1\" \/>\n<link rel=\"canonical\" href=\"https:\/\/redfoxaffiliates.com\/faq\/\" \/>\n<meta property=\"og:locale\" content=\"lv_LV\" \/>\n<meta property=\"og:type\" content=\"article\" \/>\n<meta property=\"og:title\" content=\"Bie\u017ei uzdotie jaut\u0101jumi par partner\u012bbu loterijas tirg\u016b\" \/>\n<meta property=\"og:description\" content=\"Atrodiet atbildes uz saviem jaut\u0101jumiem par loterijas partner\u012bbu kopum\u0101 un RedFoxLotto partnerprogrammu konkr\u0113ti.\" \/>\n<meta property=\"og:url\" content=\"https:\/\/redfoxaffiliates.com\/faq\/\" \/>\n<meta property=\"og:site_name\" content=\"RedFoxLotto Affiliate Program\" \/>\n<meta name=\"twitter:card\" content=\"summary_large_image\" \/>\n<meta name=\"twitter:label1\" content=\"Est. reading time\" \/>\n\t<meta name=\"twitter:data1\" content=\"3 min\u016btes\" \/>\n<script type=\"application\/ld+json\" class=\"yoast-schema-graph\">{\"@context\":\"https:\/\/schema.org\",\"@graph\":[{\"@type\":\"WebPage\",\"@id\":\"https:\/\/redfoxaffiliates.com\/faq\/\",\"url\":\"https:\/\/redfoxaffiliates.com\/faq\/\",\"name\":\"Bie\u017ei uzdotie jaut\u0101jumi par partner\u012bbu loterijas tirg\u016b\",\"isPartOf\":{\"@id\":\"https:\/\/redfoxaffiliates.com\/#website\"},\"datePublished\":\"2023-07-15T11:46:59+00:00\",\"dateModified\":\"2023-07-15T11:46:59+00:00\",\"description\":\"Atrodiet atbildes uz saviem jaut\u0101jumiem par loterijas partner\u012bbu kopum\u0101 un RedFoxLotto partnerprogrammu konkr\u0113ti.\",\"breadcrumb\":{\"@id\":\"https:\/\/redfoxaffiliates.com\/faq\/#breadcrumb\"},\"inLanguage\":\"lv-LV\",\"potentialAction\":[{\"@type\":\"ReadAction\",\"target\":[\"https:\/\/redfoxaffiliates.com\/faq\/\"]}]},{\"@type\":\"BreadcrumbList\",\"@id\":\"https:\/\/redfoxaffiliates.com\/faq\/#breadcrumb\",\"itemListElement\":[{\"@type\":\"ListItem\",\"position\":1,\"name\":\"Home\",\"item\":\"https:\/\/redfoxaffiliates.com\/lv\/sakums\/\"},{\"@type\":\"ListItem\",\"position\":2,\"name\":\"FAQ\"}]},{\"@type\":\"WebSite\",\"@id\":\"https:\/\/redfoxaffiliates.com\/#website\",\"url\":\"https:\/\/redfoxaffiliates.com\/\",\"name\":\"RedFoxLotto Affiliate Program\",\"description\":\"The site for marketing partners of RedFoxLotto.com\",\"potentialAction\":[{\"@type\":\"SearchAction\",\"target\":{\"@type\":\"EntryPoint\",\"urlTemplate\":\"https:\/\/redfoxaffiliates.com\/?s={search_term_string}\"},\"query-input\":\"required name=search_term_string\"}],\"inLanguage\":\"lv-LV\"}]}<\/script>\n<!-- \/ Yoast SEO plugin. -->","yoast_head_json":{"title":"Bie\u017ei uzdotie jaut\u0101jumi par partner\u012bbu loterijas tirg\u016b","description":"Atrodiet atbildes uz saviem jaut\u0101jumiem par loterijas partner\u012bbu kopum\u0101 un RedFoxLotto partnerprogrammu konkr\u0113ti.","robots":{"index":"index","follow":"follow","max-snippet":"max-snippet:-1","max-image-preview":"max-image-preview:large","max-video-preview":"max-video-preview:-1"},"canonical":"https:\/\/redfoxaffiliates.com\/faq\/","og_locale":"lv_LV","og_type":"article","og_title":"Bie\u017ei uzdotie jaut\u0101jumi par partner\u012bbu loterijas tirg\u016b","og_description":"Atrodiet atbildes uz saviem jaut\u0101jumiem par loterijas partner\u012bbu kopum\u0101 un RedFoxLotto partnerprogrammu konkr\u0113ti.","og_url":"https:\/\/redfoxaffiliates.com\/faq\/","og_site_name":"RedFoxLotto Affiliate Program","twitter_card":"summary_large_image","twitter_misc":{"Est. reading time":"3 min\u016btes"},"schema":{"@context":"https:\/\/schema.org","@graph":[{"@type":"WebPage","@id":"https:\/\/redfoxaffiliates.com\/faq\/","url":"https:\/\/redfoxaffiliates.com\/faq\/","name":"Bie\u017ei uzdotie jaut\u0101jumi par partner\u012bbu loterijas tirg\u016b","isPartOf":{"@id":"https:\/\/redfoxaffiliates.com\/#website"},"datePublished":"2023-07-15T11:46:59+00:00","dateModified":"2023-07-15T11:46:59+00:00","description":"Atrodiet atbildes uz saviem jaut\u0101jumiem par loterijas partner\u012bbu kopum\u0101 un RedFoxLotto partnerprogrammu konkr\u0113ti.","breadcrumb":{"@id":"https:\/\/redfoxaffiliates.com\/faq\/#breadcrumb"},"inLanguage":"lv-LV","potentialAction":[{"@type":"ReadAction","target":["https:\/\/redfoxaffiliates.com\/faq\/"]}]},{"@type":"BreadcrumbList","@id":"https:\/\/redfoxaffiliates.com\/faq\/#breadcrumb","itemListElement":[{"@type":"ListItem","position":1,"name":"Home","item":"https:\/\/redfoxaffiliates.com\/lv\/sakums\/"},{"@type":"ListItem","position":2,"name":"FAQ"}]},{"@type":"WebSite","@id":"https:\/\/redfoxaffiliates.com\/#website","url":"https:\/\/redfoxaffiliates.com\/","name":"RedFoxLotto Affiliate Program","description":"The site for marketing partners of RedFoxLotto.com","potentialAction":[{"@type":"SearchAction","target":{"@type":"EntryPoint","urlTemplate":"https:\/\/redfoxaffiliates.com\/?s={search_term_string}"},"query-input":"required name=search_term_string"}],"inLanguage":"lv-LV"}]}},"_links":{"self":[{"href":"https:\/\/redfoxaffiliates.com\/lv\/wp-json\/wp\/v2\/pages\/301","targetHints":{"allow":["GET"]}}],"collection":[{"href":"https:\/\/redfoxaffiliates.com\/lv\/wp-json\/wp\/v2\/pages"}],"about":[{"href":"https:\/\/redfoxaffiliates.com\/lv\/wp-json\/wp\/v2\/types\/page"}],"author":[{"embeddable":true,"href":"https:\/\/redfoxaffiliates.com\/lv\/wp-json\/wp\/v2\/users\/1"}],"replies":[{"embeddable":true,"href":"https:\/\/redfoxaffiliates.com\/lv\/wp-json\/wp\/v2\/comments?post=301"}],"version-history":[{"count":0,"href":"https:\/\/redfoxaffiliates.com\/lv\/wp-json\/wp\/v2\/pages\/301\/revisions"}],"wp:attachment":[{"href":"https:\/\/redfoxaffiliates.com\/lv\/wp-json\/wp\/v2\/media?parent=301"}],"curies":[{"name":"wp","href":"https:\/\/api.w.org\/{rel}","templated":true}]}}