{"id":290,"date":"2023-07-15T13:37:01","date_gmt":"2023-07-15T11:37:01","guid":{"rendered":"https:\/\/redfoxaffiliates.com\/nopelniet-naudu-ar-partnerprogrammu\/"},"modified":"2023-07-15T13:37:01","modified_gmt":"2023-07-15T11:37:01","slug":"nopelniet-naudu-ar-partnerprogrammu","status":"publish","type":"page","link":"https:\/\/redfoxaffiliates.com\/lv\/nopelniet-naudu-ar-partnerprogrammu\/","title":{"rendered":"Nopelniet naudu ar partnerprogrammu"},"content":{"rendered":"<h2>Nopelniet komisijas maksu \u2013 nopelniet naudu, reklam\u0113jot RedFoxLotto k\u0101 m\u016bsu partneris.<\/h2>\n<p>Jebkur\u0161 klients, kuru piesaist\u012bsiet, b\u016bs j\u016bsu klients uz visiem laikiem. Nav laika ierobe\u017eojuma komisijas maksas sa\u0146em\u0161anai no klienta, kuru esat piesaist\u012bjis. Klienti nekad netiks atcelti no j\u016bsu partnerprogrammas konta. T\u0101p\u0113c m\u016bsu partnerprogramma ir lab\u0101k\u0101 loterijas nozar\u0113.<\/p>\n<p>J\u016bsu komisijas tiks maks\u0101tas, pamatojoties uz ie\u0146\u0113mumu da\u013cu, kas noz\u012bm\u0113, ka j\u016bsu tie\u0161saistes atsauces \u0123ener\u0113tais loterijas p\u0101rdo\u0161anas apjoms noteiks j\u016bsu ien\u0101kumus no m\u016bsu partnerprogrammas.<\/p>\n<p>\u010cetri partnerkomisiju l\u012bme\u0146i ir:<br \/>\nbruto p\u0101rdo\u0161anas apjoms zem \u20ac20 000,00: 8% no bruto p\u0101rdo\u0161anas apjoma<br \/>\nbruto p\u0101rdo\u0161anas apjoms no \u20ac20 000,00 l\u012bdz \u20ac50 000,00: 10 % no neto p\u0101rdo\u0161anas apjoma<br \/>\nbruto p\u0101rdo\u0161anas apjoms virs 50 000,00 \u20ac: 12 % no neto p\u0101rdo\u0161anas apjoma<\/p>\n<p>Augst\u0101ka komisijas procentu likme tiek piem\u0113rota tikai m\u0113nesim, kur\u0101 kop\u0113j\u0101 komisija p\u0101rsniedz nor\u0101d\u012bto summu. Ja n\u0101kamaj\u0101 m\u0113nes\u012b komisija ir zem\u0101ka, tiek piem\u0113rota likme, kas atbilst pa\u0161reiz\u0113jai komisijas summai.<\/p>\n<h2>K\u0101p\u0113c nav CPA? K\u0101p\u0113c ie\u0146\u0113mumu sadales dar\u012bjums ir j\u016bsu lab\u0101k\u0101 izv\u0113le?<\/h2>\n<p>Ja jums nav paz\u012bstams termins CPA, tas noz\u012bm\u0113 izmaksas par darb\u012bbu: j\u016bs sa\u0146emat vienreiz\u0113ju maks\u0101jumu par katru klientu, kur\u0161 veic savu pirmo pirkumu tie\u0161saist\u0113. Da\u017eas partnerprogrammas maks\u0101 CPA komisiju tikai p\u0113c tam, kad sp\u0113l\u0113t\u0101js ir izpild\u012bjis minim\u0101l\u0101s izdevumu pras\u012bbas.<\/p>\n<p>Tom\u0113r CPA komisijas modelis \u0161aj\u0101 konkr\u0113taj\u0101 nozar\u0113 nav lietder\u012bgs. Pirmk\u0101rt, pirm\u0101 noguld\u012bt\u0101ja dz\u012bves ilgums ir daudz ilg\u0101ks nek\u0101 jebkur\u0101 cit\u0101 tie\u0161saistes azartsp\u0113\u013cu nozar\u0113. Loterijas sp\u0113l\u0113t\u0101ji parasti p\u0113rk loterijas bi\u013cetes vis\u0101 sav\u0101 dz\u012bves laik\u0101. Otrk\u0101rt, m\u016bsu lab\u0101kie klienti vien\u0101 dar\u012bjum\u0101 p\u0113rk tie\u0161saistes loterijas bi\u013cetes par simtiem eiro. Tas notiek bie\u017e\u0101k, kad d\u017eekpoti ir \u013coti augsti, un tas ir viens no iemesliem, k\u0101p\u0113c ilgtermi\u0146\u0101 j\u016bs nopeln\u012bsiet vair\u0101k naudas ar partnerprogrammu, kas maks\u0101, pamatojoties uz ie\u0146\u0113mumu da\u013cu.<\/p>\n<p>Parasti loteriju nozar\u0113 lab\u0101kais, ko varat dar\u012bt, ir reklam\u0113t partnerprogrammu ar m\u016b\u017ea procentu\u0101lo dar\u012bjumu. Tom\u0113r iz\u0146\u0113muma gad\u012bjumos, kad jau k\u0101du laiku str\u0101d\u0101jat ar mums, var apspriest CPA dar\u012bjumu, pamatojoties uz j\u016bsu piesaist\u012bto klientu sniegumu.<\/p>\n<h2>Apak\u0161partneru komisija<\/h2>\n<p>Par katru j\u016bsu piesaist\u012bto apak\u0161partneri j\u016bs nopeln\u012bsiet 2 % no \u0161\u012b partnera \u0123ener\u0113t\u0101s loterijas bruto p\u0101rdo\u0161anas v\u0113rt\u012bbas.<\/p>\n","protected":false},"excerpt":{"rendered":"<p>Nopelniet komisijas maksu \u2013 nopelniet naudu, reklam\u0113jot RedFoxLotto k\u0101 m\u016bsu partneris. Jebkur\u0161 klients, kuru piesaist\u012bsiet, b\u016bs j\u016bsu klients uz visiem laikiem. Nav laika ierobe\u017eojuma komisijas maksas sa\u0146em\u0161anai no klienta, kuru esat piesaist\u012bjis. Klienti nekad netiks atcelti no j\u016bsu partnerprogrammas konta. T\u0101p\u0113c m\u016bsu partnerprogramma ir lab\u0101k\u0101 loterijas nozar\u0113. J\u016bsu komisijas tiks<\/p>\n<p><a href=\"https:\/\/redfoxaffiliates.com\/lv\/nopelniet-naudu-ar-partnerprogrammu\/\" class=\"more-link\">Continue Reading<span class=\"screen-reader-text\">Nopelniet naudu ar partnerprogrammu<\/span><\/a><\/p>\n","protected":false},"author":1,"featured_media":0,"parent":0,"menu_order":2,"comment_status":"closed","ping_status":"closed","template":"","meta":{"footnotes":""},"class_list":["post-290","page","type-page","status-publish","hentry"],"yoast_head":"<!-- This site is optimized with the Yoast SEO plugin v22.4 - https:\/\/yoast.com\/wordpress\/plugins\/seo\/ -->\n<title>K\u0101 nopeln\u012bt naudu ar m\u016bsu loterijas partnerprogrammu<\/title>\n<meta name=\"description\" content=\"Par katru piesaist\u012bto klientu j\u016bs nopeln\u012bsiet m\u016b\u017ea komisiju par visiem vi\u0146u pirkumiem. Paskatieties, cik daudz naudas j\u016bs varat nopeln\u012bt ar m\u016bsu partnerprogrammu\" \/>\n<meta name=\"robots\" content=\"index, follow, max-snippet:-1, max-image-preview:large, max-video-preview:-1\" \/>\n<link rel=\"canonical\" href=\"https:\/\/redfoxaffiliates.com\/make-money-with-our-lottery-affliate-program\/\" \/>\n<meta property=\"og:locale\" content=\"lv_LV\" \/>\n<meta property=\"og:type\" content=\"article\" \/>\n<meta property=\"og:title\" content=\"K\u0101 nopeln\u012bt naudu ar m\u016bsu loterijas partnerprogrammu\" \/>\n<meta property=\"og:description\" content=\"Par katru piesaist\u012bto klientu j\u016bs nopeln\u012bsiet m\u016b\u017ea komisiju par visiem vi\u0146u pirkumiem. Paskatieties, cik daudz naudas j\u016bs varat nopeln\u012bt ar m\u016bsu partnerprogrammu\" \/>\n<meta property=\"og:url\" content=\"https:\/\/redfoxaffiliates.com\/make-money-with-our-lottery-affliate-program\/\" \/>\n<meta property=\"og:site_name\" content=\"RedFoxLotto Affiliate Program\" \/>\n<meta name=\"twitter:card\" content=\"summary_large_image\" \/>\n<meta name=\"twitter:label1\" content=\"Est. reading time\" \/>\n\t<meta name=\"twitter:data1\" content=\"2 min\u016btes\" \/>\n<script type=\"application\/ld+json\" class=\"yoast-schema-graph\">{\"@context\":\"https:\/\/schema.org\",\"@graph\":[{\"@type\":\"WebPage\",\"@id\":\"https:\/\/redfoxaffiliates.com\/make-money-with-our-lottery-affliate-program\/\",\"url\":\"https:\/\/redfoxaffiliates.com\/make-money-with-our-lottery-affliate-program\/\",\"name\":\"K\u0101 nopeln\u012bt naudu ar m\u016bsu loterijas partnerprogrammu\",\"isPartOf\":{\"@id\":\"https:\/\/redfoxaffiliates.com\/#website\"},\"datePublished\":\"2023-07-15T11:37:01+00:00\",\"dateModified\":\"2023-07-15T11:37:01+00:00\",\"description\":\"Par katru piesaist\u012bto klientu j\u016bs nopeln\u012bsiet m\u016b\u017ea komisiju par visiem vi\u0146u pirkumiem. Paskatieties, cik daudz naudas j\u016bs varat nopeln\u012bt ar m\u016bsu partnerprogrammu\",\"breadcrumb\":{\"@id\":\"https:\/\/redfoxaffiliates.com\/make-money-with-our-lottery-affliate-program\/#breadcrumb\"},\"inLanguage\":\"lv-LV\",\"potentialAction\":[{\"@type\":\"ReadAction\",\"target\":[\"https:\/\/redfoxaffiliates.com\/make-money-with-our-lottery-affliate-program\/\"]}]},{\"@type\":\"BreadcrumbList\",\"@id\":\"https:\/\/redfoxaffiliates.com\/make-money-with-our-lottery-affliate-program\/#breadcrumb\",\"itemListElement\":[{\"@type\":\"ListItem\",\"position\":1,\"name\":\"Home\",\"item\":\"https:\/\/redfoxaffiliates.com\/lv\/sakums\/\"},{\"@type\":\"ListItem\",\"position\":2,\"name\":\"Nopelniet naudu ar partnerprogrammu\"}]},{\"@type\":\"WebSite\",\"@id\":\"https:\/\/redfoxaffiliates.com\/#website\",\"url\":\"https:\/\/redfoxaffiliates.com\/\",\"name\":\"RedFoxLotto Affiliate Program\",\"description\":\"The site for marketing partners of RedFoxLotto.com\",\"potentialAction\":[{\"@type\":\"SearchAction\",\"target\":{\"@type\":\"EntryPoint\",\"urlTemplate\":\"https:\/\/redfoxaffiliates.com\/?s={search_term_string}\"},\"query-input\":\"required name=search_term_string\"}],\"inLanguage\":\"lv-LV\"}]}<\/script>\n<!-- \/ Yoast SEO plugin. -->","yoast_head_json":{"title":"K\u0101 nopeln\u012bt naudu ar m\u016bsu loterijas partnerprogrammu","description":"Par katru piesaist\u012bto klientu j\u016bs nopeln\u012bsiet m\u016b\u017ea komisiju par visiem vi\u0146u pirkumiem. Paskatieties, cik daudz naudas j\u016bs varat nopeln\u012bt ar m\u016bsu partnerprogrammu","robots":{"index":"index","follow":"follow","max-snippet":"max-snippet:-1","max-image-preview":"max-image-preview:large","max-video-preview":"max-video-preview:-1"},"canonical":"https:\/\/redfoxaffiliates.com\/make-money-with-our-lottery-affliate-program\/","og_locale":"lv_LV","og_type":"article","og_title":"K\u0101 nopeln\u012bt naudu ar m\u016bsu loterijas partnerprogrammu","og_description":"Par katru piesaist\u012bto klientu j\u016bs nopeln\u012bsiet m\u016b\u017ea komisiju par visiem vi\u0146u pirkumiem. Paskatieties, cik daudz naudas j\u016bs varat nopeln\u012bt ar m\u016bsu partnerprogrammu","og_url":"https:\/\/redfoxaffiliates.com\/make-money-with-our-lottery-affliate-program\/","og_site_name":"RedFoxLotto Affiliate Program","twitter_card":"summary_large_image","twitter_misc":{"Est. reading time":"2 min\u016btes"},"schema":{"@context":"https:\/\/schema.org","@graph":[{"@type":"WebPage","@id":"https:\/\/redfoxaffiliates.com\/make-money-with-our-lottery-affliate-program\/","url":"https:\/\/redfoxaffiliates.com\/make-money-with-our-lottery-affliate-program\/","name":"K\u0101 nopeln\u012bt naudu ar m\u016bsu loterijas partnerprogrammu","isPartOf":{"@id":"https:\/\/redfoxaffiliates.com\/#website"},"datePublished":"2023-07-15T11:37:01+00:00","dateModified":"2023-07-15T11:37:01+00:00","description":"Par katru piesaist\u012bto klientu j\u016bs nopeln\u012bsiet m\u016b\u017ea komisiju par visiem vi\u0146u pirkumiem. Paskatieties, cik daudz naudas j\u016bs varat nopeln\u012bt ar m\u016bsu partnerprogrammu","breadcrumb":{"@id":"https:\/\/redfoxaffiliates.com\/make-money-with-our-lottery-affliate-program\/#breadcrumb"},"inLanguage":"lv-LV","potentialAction":[{"@type":"ReadAction","target":["https:\/\/redfoxaffiliates.com\/make-money-with-our-lottery-affliate-program\/"]}]},{"@type":"BreadcrumbList","@id":"https:\/\/redfoxaffiliates.com\/make-money-with-our-lottery-affliate-program\/#breadcrumb","itemListElement":[{"@type":"ListItem","position":1,"name":"Home","item":"https:\/\/redfoxaffiliates.com\/lv\/sakums\/"},{"@type":"ListItem","position":2,"name":"Nopelniet naudu ar partnerprogrammu"}]},{"@type":"WebSite","@id":"https:\/\/redfoxaffiliates.com\/#website","url":"https:\/\/redfoxaffiliates.com\/","name":"RedFoxLotto Affiliate Program","description":"The site for marketing partners of RedFoxLotto.com","potentialAction":[{"@type":"SearchAction","target":{"@type":"EntryPoint","urlTemplate":"https:\/\/redfoxaffiliates.com\/?s={search_term_string}"},"query-input":"required name=search_term_string"}],"inLanguage":"lv-LV"}]}},"_links":{"self":[{"href":"https:\/\/redfoxaffiliates.com\/lv\/wp-json\/wp\/v2\/pages\/290","targetHints":{"allow":["GET"]}}],"collection":[{"href":"https:\/\/redfoxaffiliates.com\/lv\/wp-json\/wp\/v2\/pages"}],"about":[{"href":"https:\/\/redfoxaffiliates.com\/lv\/wp-json\/wp\/v2\/types\/page"}],"author":[{"embeddable":true,"href":"https:\/\/redfoxaffiliates.com\/lv\/wp-json\/wp\/v2\/users\/1"}],"replies":[{"embeddable":true,"href":"https:\/\/redfoxaffiliates.com\/lv\/wp-json\/wp\/v2\/comments?post=290"}],"version-history":[{"count":0,"href":"https:\/\/redfoxaffiliates.com\/lv\/wp-json\/wp\/v2\/pages\/290\/revisions"}],"wp:attachment":[{"href":"https:\/\/redfoxaffiliates.com\/lv\/wp-json\/wp\/v2\/media?parent=290"}],"curies":[{"name":"wp","href":"https:\/\/api.w.org\/{rel}","templated":true}]}}