{"id":266,"date":"2023-07-15T13:33:10","date_gmt":"2023-07-15T11:33:10","guid":{"rendered":"https:\/\/redfoxaffiliates.com\/kapec-klut-par-loterijas-partneri\/"},"modified":"2023-07-15T13:33:10","modified_gmt":"2023-07-15T11:33:10","slug":"kapec-klut-par-loterijas-partneri","status":"publish","type":"page","link":"https:\/\/redfoxaffiliates.com\/lv\/kapec-klut-par-loterijas-partneri\/","title":{"rendered":"K\u0101p\u0113c k\u013c\u016bt par loterijas partneri?"},"content":{"rendered":"<h2>K\u0101ds ir m\u016bsu produkts?<\/h2>\n<p>RedFoxLotto p\u0101rdod loterijas bi\u013cetes internet\u0101. M\u0113s pied\u0101v\u0101jam klientiem vis\u0101 pasaul\u0113 iesp\u0113ju piedal\u012bties loterij\u0101s ar milz\u012bgiem d\u017eekpotiem, piem\u0113ram, ASV Mega Millions un Powerball, k\u0101 ar\u012b liel\u0101s Eiropas loterij\u0101s, piem\u0113ram, EuroMillions, EuroJackpot un SuperEnalotto.<\/p>\n<p>Ar m\u016bsu starpniec\u012bbu klienti var ieg\u0101d\u0101ties bi\u013cetes loterij\u0101m cit\u0101s valst\u012bs, nevis sav\u0101. Lai to padar\u012btu iesp\u0113jamu, m\u0113s sadarbojamies ar vair\u0101kiem a\u0123entiem, kas atrodas valst\u012bs, kur\u0101s notiek loterijas. Kad bi\u013cete ir pas\u016bt\u012bta internet\u0101, viens no m\u016bsu a\u0123entiem to ieg\u0101d\u0101jas m\u016bsu klientiem. Kad tas ir izdar\u012bts, m\u0113s apstiprin\u0101m pirkumu m\u016bsu klientam. Kad bi\u013cete ir ieg\u0101d\u0101ta ar m\u016bsu starpniec\u012bbu, m\u0113s ar\u012b apstr\u0101d\u0101jam izmaksas m\u016bsu klientiem.<\/p>\n<p>J\u016bs varb\u016bt esat dzird\u0113ju\u0161i terminu \u201csekund\u0101rais loterijas tirgus\u201d \u2013 tas ir \u0161\u012b tirgus nosaukums. Loterija ir daudzmiljardu dol\u0101ru nozare, un t\u0101 nav ierobe\u017eota ar viet\u0113jiem pied\u0101v\u0101jumiem (ja visp\u0101r ir loterija vi\u0146u dz\u012bvesvietas valst\u012b). Piepras\u012bjums p\u0113c m\u016bsu bi\u013ce\u0161u pakalpojumiem ir \u013coti liels. Jo \u012bpa\u0161i, kad zi\u0146as par k\u0101du milz\u012bgu d\u017eekpotu non\u0101k pasaules mediju virsrakstos, tie\u0161saistes bi\u013cetes, t\u0101 teikt, \u201cizlido no plauktiem\u201d.<\/p>\n<h2>Iemesli, k\u0101p\u0113c reklam\u0113t RedFoxLotto<\/h2>\n<h3>Lieliska konversija<\/h3>\n<p>M\u016bsu vietne https:\/\/redfoxlotto.com ir optimiz\u0113ta, lai pirk\u0161anas process b\u016btu p\u0113c iesp\u0113jas vienk\u0101r\u0161\u0101ks. Tas ir svar\u012bgi, lai garant\u0113tu augstu konversijas r\u0101d\u012bt\u0101ju. Jo lab\u0101k m\u0113s konvert\u0113jam j\u016bsu apmekl\u0113t\u0101ju pl\u016bsmu, jo vair\u0101k naudas j\u016bs nopeln\u012bsiet.<\/p>\n<h2>Lieliska klientu piesaist\u012b\u0161ana<\/h2>\n<p>Klientu dz\u012bves cikla v\u0113rt\u012bba ir viens no lab\u0101kajiem \u0161\u012bs nozares aspektiem. Liela da\u013ca m\u016bsu klientu atgrie\u017eas un p\u0113rk vair\u0101k bi\u013ce\u0161u ned\u0113\u013cu no ned\u0113\u013cas gadiem ilgi!<\/p>\n<h2>Tikpat svar\u012bga ir da\u017e\u0101du maks\u0101jumu apstr\u0101des sist\u0113mu pieejam\u012bba<\/h2>\n<p>M\u0113s cen\u0161amies pied\u0101v\u0101t pla\u0161u iesp\u0113ju kl\u0101stu. Tas ir svar\u012bgi, lai nodro\u0161in\u0101tu, ka apmekl\u0113t\u0101ji no jebkuras valsts var viegli samaks\u0101t par sav\u0101m bi\u013cet\u0113m. Tom\u0113r kred\u012btkartes maks\u0101jumi joproj\u0101m veido liel\u0101ko da\u013cu no p\u0101rdo\u0161anas apjoma. Ta\u010du t\u0101das iesp\u0113jas k\u0101 Bitcoin un e-maki k\u013c\u016bst arvien svar\u012bg\u0101kas.<\/p>\n<p>M\u0113s esam ap\u0146\u0113mu\u0161ies vad\u012bt god\u012bgu un \u0113tisku partnerprogrammu. Liel\u0101k\u0101 da\u013ca programmu \u0161aj\u0101 nozar\u0113 ir paz\u012bstamas ar to, ka t\u0101s vien\u0101 vai otr\u0101 veid\u0101 kr\u0101pj savus partnerus. RedFoxLotto z\u012bmolu izveidoja biju\u0161ais partneris. Tas pats biju\u0161ais partneris ir atbild\u012bgs par partnerprogrammu. L\u016bdzu, izlasiet m\u016bsu rakstu par partner\u012bbu un \u0113tiku \u2013 tas pal\u012bdz\u0113s jums lab\u0101k saprast m\u016bsu nost\u0101ju.<\/p>\n<h2>Komisijas likmes p\u0101rsniedz nozares standartu<\/h2>\n<p>Nopelniet l\u012bdz 12 % no j\u016bsu piesaist\u012bto klientu bruto p\u0101rdo\u0161anas v\u0113rt\u012bbas.<\/p>\n<h2>Otr\u0101 l\u012bme\u0146a partner\u012bba<\/h2>\n<p>Tas noz\u012bm\u0113, ka, ja j\u016bs piesaist\u012bsiet papildu apak\u0161partnerus, j\u016bs sa\u0146emsiet ar\u012b 2 % komisijas maksu no to piesaist\u012bto klientu p\u0101rdo\u0161anas.<\/p>\n<h2>Prec\u012bza komisijas maksu izmaksa<\/h2>\n<p>M\u0113s izmaks\u0101jam j\u016bsu komisijas maksu par iepriek\u0161\u0113jo m\u0113nesi n\u0101kam\u0101 m\u0113ne\u0161a 15. datum\u0101. J\u016bs varat izv\u0113l\u0113ties no vair\u0101k\u0101m maks\u0101jumu iesp\u0113j\u0101m.<\/p>\n<h2>Kas var k\u013c\u016bt par partneri un k\u0101 j\u016bs varat m\u016bs reklam\u0113t?<\/h2>\n<p>Burtiski ikviens! Jums var b\u016bt t\u012bmek\u013ca vietne, kas saist\u012bta ar loteriju. Ja t\u0101 ir, j\u016bsu konversijas r\u0101d\u012bt\u0101js b\u016bs augsts, jo m\u016bsu produkts atbilst j\u016bsu auditorijas interes\u0113m.<\/p>\n<p>Vai ar\u012b jums ir t\u012bmek\u013ca vietne par citu t\u0113mu un j\u016bs mekl\u0113jat veidus, k\u0101 monetiz\u0113t savu apmekl\u0113t\u0101ju pl\u016bsmu. Ikviens m\u012bl sp\u0113l\u0113t loteriju, un j\u016bsu ien\u0101kumi galvenok\u0101rt b\u016bs atkar\u012bgi no j\u016bsu t\u012bmek\u013ca vietnes apmekl\u0113t\u0101ju pl\u016bsmas.<\/p>\n<p>E-pasta saraksti ir lielisks instruments, lai piesaist\u012btu jaunus klientus. M\u0113s nepie\u013caujam surog\u0101tpastu, t\u0101p\u0113c l\u016bdzu p\u0101rliecinieties, ka j\u016bsu e-pasta sarakst\u0101 ir tikai kontakti, kuri ir piekritu\u0161i sa\u0146emt j\u016bsu m\u0101rketinga e-pastus.<\/p>\n<p>Da\u017ei no m\u016bsu partneriem izmanto bezsaistes strat\u0113\u0123ijas, lai m\u016bs reklam\u0113tu. Vi\u0146i izveidoju\u0161i savu loterijas t\u012bmek\u013ca vietni ar partneru sait\u0113m, kas ved uz RedFoxLotto.com. Tad vi\u0146i izplata skrejlapas, viz\u012btkartes un citus m\u0101rketinga materi\u0101lus, kas reklam\u0113 vi\u0146u t\u012bmek\u013ca vietni, t\u0101d\u0113j\u0101di \u0123ener\u0113jot apmekl\u0113t\u0101ju skaitu un galu gal\u0101 p\u0101rdo\u0161anas apjomu RedFoxLotto.com.<\/p>\n","protected":false},"excerpt":{"rendered":"<p>K\u0101ds ir m\u016bsu produkts? RedFoxLotto p\u0101rdod loterijas bi\u013cetes internet\u0101. M\u0113s pied\u0101v\u0101jam klientiem vis\u0101 pasaul\u0113 iesp\u0113ju piedal\u012bties loterij\u0101s ar milz\u012bgiem d\u017eekpotiem, piem\u0113ram, ASV Mega Millions un Powerball, k\u0101 ar\u012b liel\u0101s Eiropas loterij\u0101s, piem\u0113ram, EuroMillions, EuroJackpot un SuperEnalotto. Ar m\u016bsu starpniec\u012bbu klienti var ieg\u0101d\u0101ties bi\u013cetes loterij\u0101m cit\u0101s valst\u012bs, nevis sav\u0101. Lai to<\/p>\n<p><a href=\"https:\/\/redfoxaffiliates.com\/lv\/kapec-klut-par-loterijas-partneri\/\" class=\"more-link\">Continue Reading<span class=\"screen-reader-text\">K\u0101p\u0113c k\u013c\u016bt par loterijas partneri?<\/span><\/a><\/p>\n","protected":false},"author":1,"featured_media":0,"parent":0,"menu_order":1,"comment_status":"closed","ping_status":"closed","template":"","meta":{"footnotes":""},"class_list":["post-266","page","type-page","status-publish","hentry"],"yoast_head":"<!-- This site is optimized with the Yoast SEO plugin v22.4 - https:\/\/yoast.com\/wordpress\/plugins\/seo\/ -->\n<title>K\u0101p\u0113c pievienoties RedFoxLotto partnerprogrammai?<\/title>\n<meta name=\"description\" content=\"Iemesli, k\u0101p\u0113c pievienoties mums un k\u013c\u016bt par RedFoxLotto partneri un p\u0101rdo\u0161anas partneri. Nopelniet komisijas maksu par katru p\u0101rdo\u0161anu, ko veic j\u016bsu piesaist\u012btie klienti, uz m\u016b\u017eu!\" \/>\n<meta name=\"robots\" content=\"index, follow, max-snippet:-1, max-image-preview:large, max-video-preview:-1\" \/>\n<link rel=\"canonical\" href=\"https:\/\/redfoxaffiliates.com\/why-become-a-lottery-affiliate\/\" \/>\n<meta property=\"og:locale\" content=\"lv_LV\" \/>\n<meta property=\"og:type\" content=\"article\" \/>\n<meta property=\"og:title\" content=\"K\u0101p\u0113c pievienoties RedFoxLotto partnerprogrammai?\" \/>\n<meta property=\"og:description\" content=\"Iemesli, k\u0101p\u0113c pievienoties mums un k\u013c\u016bt par RedFoxLotto partneri un p\u0101rdo\u0161anas partneri. Nopelniet komisijas maksu par katru p\u0101rdo\u0161anu, ko veic j\u016bsu piesaist\u012btie klienti, uz m\u016b\u017eu!\" \/>\n<meta property=\"og:url\" content=\"https:\/\/redfoxaffiliates.com\/why-become-a-lottery-affiliate\/\" \/>\n<meta property=\"og:site_name\" content=\"RedFoxLotto Affiliate Program\" \/>\n<meta name=\"twitter:card\" content=\"summary_large_image\" \/>\n<meta name=\"twitter:label1\" content=\"Est. reading time\" \/>\n\t<meta name=\"twitter:data1\" content=\"4 min\u016btes\" \/>\n<script type=\"application\/ld+json\" class=\"yoast-schema-graph\">{\"@context\":\"https:\/\/schema.org\",\"@graph\":[{\"@type\":\"WebPage\",\"@id\":\"https:\/\/redfoxaffiliates.com\/why-become-a-lottery-affiliate\/\",\"url\":\"https:\/\/redfoxaffiliates.com\/why-become-a-lottery-affiliate\/\",\"name\":\"K\u0101p\u0113c pievienoties RedFoxLotto partnerprogrammai?\",\"isPartOf\":{\"@id\":\"https:\/\/redfoxaffiliates.com\/#website\"},\"datePublished\":\"2023-07-15T11:33:10+00:00\",\"dateModified\":\"2023-07-15T11:33:10+00:00\",\"description\":\"Iemesli, k\u0101p\u0113c pievienoties mums un k\u013c\u016bt par RedFoxLotto partneri un p\u0101rdo\u0161anas partneri. Nopelniet komisijas maksu par katru p\u0101rdo\u0161anu, ko veic j\u016bsu piesaist\u012btie klienti, uz m\u016b\u017eu!\",\"breadcrumb\":{\"@id\":\"https:\/\/redfoxaffiliates.com\/why-become-a-lottery-affiliate\/#breadcrumb\"},\"inLanguage\":\"lv-LV\",\"potentialAction\":[{\"@type\":\"ReadAction\",\"target\":[\"https:\/\/redfoxaffiliates.com\/why-become-a-lottery-affiliate\/\"]}]},{\"@type\":\"BreadcrumbList\",\"@id\":\"https:\/\/redfoxaffiliates.com\/why-become-a-lottery-affiliate\/#breadcrumb\",\"itemListElement\":[{\"@type\":\"ListItem\",\"position\":1,\"name\":\"Home\",\"item\":\"https:\/\/redfoxaffiliates.com\/lv\/sakums\/\"},{\"@type\":\"ListItem\",\"position\":2,\"name\":\"K\u0101p\u0113c k\u013c\u016bt par loterijas partneri?\"}]},{\"@type\":\"WebSite\",\"@id\":\"https:\/\/redfoxaffiliates.com\/#website\",\"url\":\"https:\/\/redfoxaffiliates.com\/\",\"name\":\"RedFoxLotto Affiliate Program\",\"description\":\"The site for marketing partners of RedFoxLotto.com\",\"potentialAction\":[{\"@type\":\"SearchAction\",\"target\":{\"@type\":\"EntryPoint\",\"urlTemplate\":\"https:\/\/redfoxaffiliates.com\/?s={search_term_string}\"},\"query-input\":\"required name=search_term_string\"}],\"inLanguage\":\"lv-LV\"}]}<\/script>\n<!-- \/ Yoast SEO plugin. -->","yoast_head_json":{"title":"K\u0101p\u0113c pievienoties RedFoxLotto partnerprogrammai?","description":"Iemesli, k\u0101p\u0113c pievienoties mums un k\u013c\u016bt par RedFoxLotto partneri un p\u0101rdo\u0161anas partneri. Nopelniet komisijas maksu par katru p\u0101rdo\u0161anu, ko veic j\u016bsu piesaist\u012btie klienti, uz m\u016b\u017eu!","robots":{"index":"index","follow":"follow","max-snippet":"max-snippet:-1","max-image-preview":"max-image-preview:large","max-video-preview":"max-video-preview:-1"},"canonical":"https:\/\/redfoxaffiliates.com\/why-become-a-lottery-affiliate\/","og_locale":"lv_LV","og_type":"article","og_title":"K\u0101p\u0113c pievienoties RedFoxLotto partnerprogrammai?","og_description":"Iemesli, k\u0101p\u0113c pievienoties mums un k\u013c\u016bt par RedFoxLotto partneri un p\u0101rdo\u0161anas partneri. Nopelniet komisijas maksu par katru p\u0101rdo\u0161anu, ko veic j\u016bsu piesaist\u012btie klienti, uz m\u016b\u017eu!","og_url":"https:\/\/redfoxaffiliates.com\/why-become-a-lottery-affiliate\/","og_site_name":"RedFoxLotto Affiliate Program","twitter_card":"summary_large_image","twitter_misc":{"Est. reading time":"4 min\u016btes"},"schema":{"@context":"https:\/\/schema.org","@graph":[{"@type":"WebPage","@id":"https:\/\/redfoxaffiliates.com\/why-become-a-lottery-affiliate\/","url":"https:\/\/redfoxaffiliates.com\/why-become-a-lottery-affiliate\/","name":"K\u0101p\u0113c pievienoties RedFoxLotto partnerprogrammai?","isPartOf":{"@id":"https:\/\/redfoxaffiliates.com\/#website"},"datePublished":"2023-07-15T11:33:10+00:00","dateModified":"2023-07-15T11:33:10+00:00","description":"Iemesli, k\u0101p\u0113c pievienoties mums un k\u013c\u016bt par RedFoxLotto partneri un p\u0101rdo\u0161anas partneri. Nopelniet komisijas maksu par katru p\u0101rdo\u0161anu, ko veic j\u016bsu piesaist\u012btie klienti, uz m\u016b\u017eu!","breadcrumb":{"@id":"https:\/\/redfoxaffiliates.com\/why-become-a-lottery-affiliate\/#breadcrumb"},"inLanguage":"lv-LV","potentialAction":[{"@type":"ReadAction","target":["https:\/\/redfoxaffiliates.com\/why-become-a-lottery-affiliate\/"]}]},{"@type":"BreadcrumbList","@id":"https:\/\/redfoxaffiliates.com\/why-become-a-lottery-affiliate\/#breadcrumb","itemListElement":[{"@type":"ListItem","position":1,"name":"Home","item":"https:\/\/redfoxaffiliates.com\/lv\/sakums\/"},{"@type":"ListItem","position":2,"name":"K\u0101p\u0113c k\u013c\u016bt par loterijas partneri?"}]},{"@type":"WebSite","@id":"https:\/\/redfoxaffiliates.com\/#website","url":"https:\/\/redfoxaffiliates.com\/","name":"RedFoxLotto Affiliate Program","description":"The site for marketing partners of RedFoxLotto.com","potentialAction":[{"@type":"SearchAction","target":{"@type":"EntryPoint","urlTemplate":"https:\/\/redfoxaffiliates.com\/?s={search_term_string}"},"query-input":"required name=search_term_string"}],"inLanguage":"lv-LV"}]}},"_links":{"self":[{"href":"https:\/\/redfoxaffiliates.com\/lv\/wp-json\/wp\/v2\/pages\/266","targetHints":{"allow":["GET"]}}],"collection":[{"href":"https:\/\/redfoxaffiliates.com\/lv\/wp-json\/wp\/v2\/pages"}],"about":[{"href":"https:\/\/redfoxaffiliates.com\/lv\/wp-json\/wp\/v2\/types\/page"}],"author":[{"embeddable":true,"href":"https:\/\/redfoxaffiliates.com\/lv\/wp-json\/wp\/v2\/users\/1"}],"replies":[{"embeddable":true,"href":"https:\/\/redfoxaffiliates.com\/lv\/wp-json\/wp\/v2\/comments?post=266"}],"version-history":[{"count":0,"href":"https:\/\/redfoxaffiliates.com\/lv\/wp-json\/wp\/v2\/pages\/266\/revisions"}],"wp:attachment":[{"href":"https:\/\/redfoxaffiliates.com\/lv\/wp-json\/wp\/v2\/media?parent=266"}],"curies":[{"name":"wp","href":"https:\/\/api.w.org\/{rel}","templated":true}]}}