{"id":186,"date":"2023-07-15T08:09:36","date_gmt":"2023-07-15T06:09:36","guid":{"rendered":"https:\/\/redfoxaffiliates.com\/sakums\/"},"modified":"2026-01-03T10:47:37","modified_gmt":"2026-01-03T09:47:37","slug":"sakums","status":"publish","type":"page","link":"https:\/\/redfoxaffiliates.com\/lv\/","title":{"rendered":"S\u0101kums"},"content":{"rendered":"&#13;\n<p>RedFoxAffiliates.com ir RedFoxLotto.com partnerprogramma. RedFoxLotto ir loterijas bi\u013ce\u0161u kurjerpasts. Izmantojot RedFoxLotto.com t\u012bmek\u013ca vietni, loterijas fani no visas pasaules var pas\u016bt\u012bt re\u0101las bi\u013cetes uz daudz\u0101m starptautisk\u0101m loterij\u0101m.<\/p>&#13;\n<h2>Vai j\u016bs varat piesaist\u012bt apmekl\u0113t\u0101jus?<\/h2>&#13;\n<p>Ja j\u016bs varat piesaist\u012bt apmekl\u0113t\u0101jus (jaunus potenci\u0101los klientus) m\u016bsu t\u012bmek\u013ca vietnei, j\u016bs nopeln\u012bsiet komisijas maksu. J\u016bs mums piesaist\u0101t apmekl\u0113t\u0101jus, un m\u0113s tos p\u0101rv\u0113r\u0161am par klientiem. Liel\u0101ks apmekl\u0113t\u0101ju skaits noz\u012bm\u0113 vair\u0101k maks\u0101jo\u0161u klientu un liel\u0101ku komisijas maksu jums.&#13;\n<\/p>&#13;\n<h2>M\u016bsu loterijas bi\u013ce\u0161u pakalpojums ir ide\u0101ls produkts, ko reklam\u0113t internet\u0101<\/h2>&#13;\n<p>Tas ir vienk\u0101r\u0161s produkts, ko paz\u012bst vis\u0101 pasaul\u0113. Milz\u012bgie d\u017eekpoti rada iev\u0113rojamu interesi no glob\u0101l\u0101s auditorijas.&#13;\n<\/p>&#13;\n<h2>Viegla konversija \u2013 no apmekl\u0113t\u0101ja l\u012bdz klientam<\/h2>&#13;\n<p>Bi\u013ce\u0161u ieg\u0101de tie\u0161saist\u0113 caur m\u016bsu vietni ir \u013coti vienk\u0101r\u0161a. Re\u0123istr\u0101cija redfoxlotto.com aiz\u0146em tikai da\u017eas sekundes, un bi\u013ce\u0161u pas\u016bt\u012b\u0161ana un apmaksa tie\u0161saist\u0113 ir tikpat \u0101tra un vienk\u0101r\u0161a. J\u016bs nos\u016btiet mums savus apmekl\u0113t\u0101jus, un m\u0113s tos p\u0101rv\u0113r\u0161am.&#13;\n<\/p>&#13;\n<h2>M\u016bsu klienti ir loj\u0101li \u2013 vi\u0146i atgrie\u017eas un ilgsto\u0161i p\u0113rk vair\u0101k bi\u013ce\u0161u.<\/h2>&#13;\n<p>Kad j\u016bsu apmekl\u0113t\u0101ji veic pirmo pirkumu, vi\u0146i turpin\u0101s atgriezties, lai ieg\u0101d\u0101tos papildu bi\u013cetes. Daudzi no m\u016bsu klientiem ir ar mums jau desmit gadus vai pat ilg\u0101k. Ja j\u016bs mums piesaist\u0101t klientu, j\u016bs, visticam\u0101k, g\u016bsiet komisijas maksu par \u0161\u012b klienta pirkumiem turpm\u0101kajos gados!&#13;\n<\/p>&#13;\n<p>Re\u0123istr\u0113jieties m\u016bsu partnerprogramm\u0101 jau tagad. Dal\u012bba ir bez maksas. Ja jums ir jaut\u0101jumi, vispirms apskatiet m\u016bsu FAQ lapu. Ja jums ir papildu jaut\u0101jumi, sazinieties ar mums.&#13;\n<\/p>&#13;\n<p>Sekojiet \u0161ai saitei, lai pievienotos m\u016bsu partnerprogrammai. P\u0113c re\u0123istr\u0101cijas j\u016bs sa\u0146emsiet e-pastu no mums. L\u016bdzu, neaizmirstiet noklik\u0161\u0137in\u0101t uz apstiprin\u0101juma saiti \u0161aj\u0101 e-past\u0101. J\u016bsu re\u0123istr\u0101cija tiks p\u0101rbaud\u012bta, un j\u016bsu partnera konts tiks aktiviz\u0113ts 48 stundu laik\u0101.<\/p>&#13;\n<p>\u00a0<\/p>&#13;\n","protected":false},"excerpt":{"rendered":"<p>&#13; RedFoxAffiliates.com ir RedFoxLotto.com partnerprogramma. RedFoxLotto ir loterijas bi\u013ce\u0161u kurjerpasts. Izmantojot RedFoxLotto.com t\u012bmek\u013ca vietni, loterijas fani no visas pasaules var pas\u016bt\u012bt re\u0101las bi\u013cetes uz daudz\u0101m starptautisk\u0101m loterij\u0101m. &#13; Vai j\u016bs varat piesaist\u012bt apmekl\u0113t\u0101jus? &#13; Ja j\u016bs varat piesaist\u012bt apmekl\u0113t\u0101jus (jaunus potenci\u0101los klientus) m\u016bsu t\u012bmek\u013ca vietnei, j\u016bs nopeln\u012bsiet komisijas maksu. J\u016bs<\/p>\n<p><a href=\"https:\/\/redfoxaffiliates.com\/lv\/\" class=\"more-link\">Continue Reading<span class=\"screen-reader-text\">S\u0101kums<\/span><\/a><\/p>\n","protected":false},"author":1,"featured_media":0,"parent":0,"menu_order":0,"comment_status":"closed","ping_status":"closed","template":"","meta":{"footnotes":""},"class_list":["post-186","page","type-page","status-publish","hentry"],"yoast_head":"<!-- This site is optimized with the Yoast SEO plugin v22.4 - https:\/\/yoast.com\/wordpress\/plugins\/seo\/ -->\n<title>RedFoxLotto.com partnerprogramma<\/title>\n<meta name=\"description\" content=\"M\u016bsu partnerprogramma \u013cauj RedFoxLotto partneriem nopeln\u012bt komisijas maksu par saviem ieteikumiem. K\u013c\u016bsti par p\u0101rdo\u0161anas partneri un s\u0101c reklam\u0113t m\u016bsu tie\u0161saistes loterijas bi\u013ce\u0161u pakalpojumu jau \u0161odien!\" \/>\n<meta name=\"robots\" content=\"index, follow, max-snippet:-1, max-image-preview:large, max-video-preview:-1\" \/>\n<link rel=\"canonical\" href=\"https:\/\/redfoxaffiliates.com\/lv\/sakums\/\" \/>\n<meta property=\"og:locale\" content=\"lv_LV\" \/>\n<meta property=\"og:type\" content=\"article\" \/>\n<meta property=\"og:title\" content=\"RedFoxLotto.com partnerprogramma\" \/>\n<meta property=\"og:description\" content=\"M\u016bsu partnerprogramma \u013cauj RedFoxLotto partneriem nopeln\u012bt komisijas maksu par saviem ieteikumiem. K\u013c\u016bsti par p\u0101rdo\u0161anas partneri un s\u0101c reklam\u0113t m\u016bsu tie\u0161saistes loterijas bi\u013ce\u0161u pakalpojumu jau \u0161odien!\" \/>\n<meta property=\"og:url\" content=\"https:\/\/redfoxaffiliates.com\/lv\/sakums\/\" \/>\n<meta property=\"og:site_name\" content=\"RedFoxLotto Affiliate Program\" \/>\n<meta property=\"article:modified_time\" content=\"2026-01-03T09:47:37+00:00\" \/>\n<meta name=\"twitter:card\" content=\"summary_large_image\" \/>\n<meta name=\"twitter:label1\" content=\"Est. reading time\" \/>\n\t<meta name=\"twitter:data1\" content=\"2 min\u016btes\" \/>\n<script type=\"application\/ld+json\" class=\"yoast-schema-graph\">{\"@context\":\"https:\/\/schema.org\",\"@graph\":[{\"@type\":\"WebPage\",\"@id\":\"https:\/\/redfoxaffiliates.com\/lv\/sakums\/\",\"url\":\"https:\/\/redfoxaffiliates.com\/lv\/sakums\/\",\"name\":\"RedFoxLotto.com partnerprogramma\",\"isPartOf\":{\"@id\":\"https:\/\/redfoxaffiliates.com\/#website\"},\"datePublished\":\"2023-07-15T06:09:36+00:00\",\"dateModified\":\"2026-01-03T09:47:37+00:00\",\"description\":\"M\u016bsu partnerprogramma \u013cauj RedFoxLotto partneriem nopeln\u012bt komisijas maksu par saviem ieteikumiem. K\u013c\u016bsti par p\u0101rdo\u0161anas partneri un s\u0101c reklam\u0113t m\u016bsu tie\u0161saistes loterijas bi\u013ce\u0161u pakalpojumu jau \u0161odien!\",\"breadcrumb\":{\"@id\":\"https:\/\/redfoxaffiliates.com\/lv\/sakums\/#breadcrumb\"},\"inLanguage\":\"lv-LV\",\"potentialAction\":[{\"@type\":\"ReadAction\",\"target\":[\"https:\/\/redfoxaffiliates.com\/lv\/sakums\/\"]}]},{\"@type\":\"BreadcrumbList\",\"@id\":\"https:\/\/redfoxaffiliates.com\/lv\/sakums\/#breadcrumb\",\"itemListElement\":[{\"@type\":\"ListItem\",\"position\":1,\"name\":\"Home\",\"item\":\"https:\/\/redfoxaffiliates.com\/lv\/sakums\/\"},{\"@type\":\"ListItem\",\"position\":2,\"name\":\"S\u0101kums\"}]},{\"@type\":\"WebSite\",\"@id\":\"https:\/\/redfoxaffiliates.com\/#website\",\"url\":\"https:\/\/redfoxaffiliates.com\/\",\"name\":\"RedFoxLotto Affiliate Program\",\"description\":\"The site for marketing partners of RedFoxLotto.com\",\"potentialAction\":[{\"@type\":\"SearchAction\",\"target\":{\"@type\":\"EntryPoint\",\"urlTemplate\":\"https:\/\/redfoxaffiliates.com\/?s={search_term_string}\"},\"query-input\":\"required name=search_term_string\"}],\"inLanguage\":\"lv-LV\"}]}<\/script>\n<!-- \/ Yoast SEO plugin. -->","yoast_head_json":{"title":"RedFoxLotto.com partnerprogramma","description":"M\u016bsu partnerprogramma \u013cauj RedFoxLotto partneriem nopeln\u012bt komisijas maksu par saviem ieteikumiem. K\u013c\u016bsti par p\u0101rdo\u0161anas partneri un s\u0101c reklam\u0113t m\u016bsu tie\u0161saistes loterijas bi\u013ce\u0161u pakalpojumu jau \u0161odien!","robots":{"index":"index","follow":"follow","max-snippet":"max-snippet:-1","max-image-preview":"max-image-preview:large","max-video-preview":"max-video-preview:-1"},"canonical":"https:\/\/redfoxaffiliates.com\/lv\/sakums\/","og_locale":"lv_LV","og_type":"article","og_title":"RedFoxLotto.com partnerprogramma","og_description":"M\u016bsu partnerprogramma \u013cauj RedFoxLotto partneriem nopeln\u012bt komisijas maksu par saviem ieteikumiem. K\u013c\u016bsti par p\u0101rdo\u0161anas partneri un s\u0101c reklam\u0113t m\u016bsu tie\u0161saistes loterijas bi\u013ce\u0161u pakalpojumu jau \u0161odien!","og_url":"https:\/\/redfoxaffiliates.com\/lv\/sakums\/","og_site_name":"RedFoxLotto Affiliate Program","article_modified_time":"2026-01-03T09:47:37+00:00","twitter_card":"summary_large_image","twitter_misc":{"Est. reading time":"2 min\u016btes"},"schema":{"@context":"https:\/\/schema.org","@graph":[{"@type":"WebPage","@id":"https:\/\/redfoxaffiliates.com\/lv\/sakums\/","url":"https:\/\/redfoxaffiliates.com\/lv\/sakums\/","name":"RedFoxLotto.com partnerprogramma","isPartOf":{"@id":"https:\/\/redfoxaffiliates.com\/#website"},"datePublished":"2023-07-15T06:09:36+00:00","dateModified":"2026-01-03T09:47:37+00:00","description":"M\u016bsu partnerprogramma \u013cauj RedFoxLotto partneriem nopeln\u012bt komisijas maksu par saviem ieteikumiem. K\u013c\u016bsti par p\u0101rdo\u0161anas partneri un s\u0101c reklam\u0113t m\u016bsu tie\u0161saistes loterijas bi\u013ce\u0161u pakalpojumu jau \u0161odien!","breadcrumb":{"@id":"https:\/\/redfoxaffiliates.com\/lv\/sakums\/#breadcrumb"},"inLanguage":"lv-LV","potentialAction":[{"@type":"ReadAction","target":["https:\/\/redfoxaffiliates.com\/lv\/sakums\/"]}]},{"@type":"BreadcrumbList","@id":"https:\/\/redfoxaffiliates.com\/lv\/sakums\/#breadcrumb","itemListElement":[{"@type":"ListItem","position":1,"name":"Home","item":"https:\/\/redfoxaffiliates.com\/lv\/sakums\/"},{"@type":"ListItem","position":2,"name":"S\u0101kums"}]},{"@type":"WebSite","@id":"https:\/\/redfoxaffiliates.com\/#website","url":"https:\/\/redfoxaffiliates.com\/","name":"RedFoxLotto Affiliate Program","description":"The site for marketing partners of RedFoxLotto.com","potentialAction":[{"@type":"SearchAction","target":{"@type":"EntryPoint","urlTemplate":"https:\/\/redfoxaffiliates.com\/?s={search_term_string}"},"query-input":"required name=search_term_string"}],"inLanguage":"lv-LV"}]}},"_links":{"self":[{"href":"https:\/\/redfoxaffiliates.com\/lv\/wp-json\/wp\/v2\/pages\/186","targetHints":{"allow":["GET"]}}],"collection":[{"href":"https:\/\/redfoxaffiliates.com\/lv\/wp-json\/wp\/v2\/pages"}],"about":[{"href":"https:\/\/redfoxaffiliates.com\/lv\/wp-json\/wp\/v2\/types\/page"}],"author":[{"embeddable":true,"href":"https:\/\/redfoxaffiliates.com\/lv\/wp-json\/wp\/v2\/users\/1"}],"replies":[{"embeddable":true,"href":"https:\/\/redfoxaffiliates.com\/lv\/wp-json\/wp\/v2\/comments?post=186"}],"version-history":[{"count":1,"href":"https:\/\/redfoxaffiliates.com\/lv\/wp-json\/wp\/v2\/pages\/186\/revisions"}],"predecessor-version":[{"id":187,"href":"https:\/\/redfoxaffiliates.com\/lv\/wp-json\/wp\/v2\/pages\/186\/revisions\/187"}],"wp:attachment":[{"href":"https:\/\/redfoxaffiliates.com\/lv\/wp-json\/wp\/v2\/media?parent=186"}],"curies":[{"name":"wp","href":"https:\/\/api.w.org\/{rel}","templated":true}]}}