{"id":360,"date":"2026-01-01T21:16:49","date_gmt":"2026-01-01T20:16:49","guid":{"rendered":"https:\/\/redfoxaffiliates.com\/apie-etika-partneriu-rinkodaros-programose\/"},"modified":"2026-01-01T21:16:49","modified_gmt":"2026-01-01T20:16:49","slug":"apie-etika-partneriu-rinkodaros-programose","status":"publish","type":"page","link":"https:\/\/redfoxaffiliates.com\/lt\/apie-etika-partneriu-rinkodaros-programose\/","title":{"rendered":"Apie etik\u0105 partneri\u0173 rinkodaros programose"},"content":{"rendered":"<p>Jums gali b\u016bti keista rasti nuorod\u0105 \u012f etik\u0105 partneri\u0173 programos svetain\u0117je. Sutinkame, kad tai ne\u012fprasta.<\/p>\n<p>Ta\u010diau mums tai yra labai svarbi tema. Buv\u0119 partneriai valdo tiek RedFoxLotto.com, tiek \u0161i\u0105 partneri\u0173 program\u0105. Mes dirbame su tomis pa\u010diomis \u012fmon\u0117mis, su kuriomis dirbote (arba galb\u016bt vis dar dirbate) j\u016bs. Per daugiau nei 12 met\u0173 lo\u0161im\u0173 partneri\u0173 versle mat\u0117me daug blog\u0173 dalyk\u0173. Pajam\u0173 ma\u017einimas, s\u0105lyg\u0173 keitimas, d\u0117l kurio partneriai praranda pajamas, pav\u0117luoti arba visai nemokami mok\u0117jimai, klient\u0173 vagyst\u0117s i\u0161 m\u016bs\u0173 (arba i\u0161 kit\u0173 partneri\u0173) \u2013 mes mat\u0117me visk\u0105.<\/p>\n<p>Deja, tai yra pramon\u0117s \u0161aka, kurioje sunkiai dirbantiems partneriams nuolat nutinka blog\u0173 dalyk\u0173. Tod\u0117l nusprend\u0117me \u017eengti kit\u0105 \u017eingsn\u012f. Mes i\u0161leidome savo produkt\u0105, RedFoxLotto.com. M\u016bs\u0173 rinkodaros planas yra paprastas: 100 % pagr\u012fstas SEO ir internetine partneri\u0173 rinkodara.<\/p>\n<p>Kadangi patys buvome partneriai, \u012fsipareigojame vykdyti 100 % eti\u0161k\u0105 ir s\u0105\u017eining\u0105 partneri\u0173 program\u0105. Taip, jie visi sako, kad mes to nedarysime. Bet mes laikom\u0117s savo \u017eod\u017eio.<\/p>\n<p>\u0160tai ko galite tik\u0117tis i\u0161 m\u016bs\u0173<br \/>\nSusitarimas yra susitarimas! Tai rei\u0161kia, kad jei sakome, kad gausite dal\u012f pajam\u0173, kurias generuojate per vis\u0105 klient\u0173, kuriuos pritraukiate, gyvenim\u0105, mes tai ir turime omenyje. Mes niekada nepakeisime savo nuomon\u0117s \u0161iuo klausimu.<br \/>\nMes niekada nemanipuliuosime pelno ataskaitomis, kad suma\u017eintume savo i\u0161laidas. Taip pat niekada nepa\u0161alinsime klient\u0173 i\u0161 j\u016bs\u0173 s\u0105skaitos. Norime, kad j\u016bs b\u016btum\u0117te kuo s\u0117kmingesni. J\u016bs esate m\u016bs\u0173 verslo partneriai, ir m\u016bs\u0173 s\u0117km\u0117 priklauso nuo j\u016bs\u0173!<br \/>\nMes jums sumok\u0117sime laiku. J\u016bs taip pat turite \u012fsipareigojim\u0173 ir i\u0161laid\u0173, ir mes tai suprantame.<br \/>\nJei turite klausim\u0173 ar reikalinga m\u016bs\u0173 pagalba, susisiekite su mumis. Naudokite \u201eKontaktai\u201c form\u0105 vir\u0161utiniame meniu juostoje. Susitikime ir pa\u017ei\u016br\u0117kime, ar galime kartu u\u017edirbti pinig\u0173!<\/p>\n","protected":false},"excerpt":{"rendered":"<p>Jums gali b\u016bti keista rasti nuorod\u0105 \u012f etik\u0105 partneri\u0173 programos svetain\u0117je. Sutinkame, kad tai ne\u012fprasta. Ta\u010diau mums tai yra labai svarbi tema. Buv\u0119 partneriai valdo tiek RedFoxLotto.com, tiek \u0161i\u0105 partneri\u0173 program\u0105. Mes dirbame su tomis pa\u010diomis \u012fmon\u0117mis, su kuriomis dirbote (arba galb\u016bt vis dar dirbate) j\u016bs. Per daugiau nei 12<\/p>\n<p><a href=\"https:\/\/redfoxaffiliates.com\/lt\/apie-etika-partneriu-rinkodaros-programose\/\" class=\"more-link\">Continue Reading<span class=\"screen-reader-text\">Apie etik\u0105 partneri\u0173 rinkodaros programose<\/span><\/a><\/p>\n","protected":false},"author":1,"featured_media":0,"parent":0,"menu_order":7,"comment_status":"closed","ping_status":"closed","template":"","meta":{"footnotes":""},"class_list":["post-360","page","type-page","status-publish","hentry"],"yoast_head":"<!-- This site is optimized with the Yoast SEO plugin v22.4 - https:\/\/yoast.com\/wordpress\/plugins\/seo\/ -->\n<title>Etika ir partneryst\u0117 loterij\u0173 rinkoje<\/title>\n<meta name=\"description\" content=\"Yra daug loterij\u0173 partneri\u0173 program\u0173, kurios vagia pinigus i\u0161 savo partneri\u0173. Tod\u0117l eti\u0161kas verslas mums yra svarbus.\" \/>\n<meta name=\"robots\" content=\"index, follow, max-snippet:-1, max-image-preview:large, max-video-preview:-1\" \/>\n<link rel=\"canonical\" href=\"https:\/\/redfoxaffiliates.com\/ethics-and-affiliate-marketing-programs\/\" \/>\n<meta property=\"og:locale\" content=\"lt_LT\" \/>\n<meta property=\"og:type\" content=\"article\" \/>\n<meta property=\"og:title\" content=\"Etika ir partneryst\u0117 loterij\u0173 rinkoje\" \/>\n<meta property=\"og:description\" content=\"Yra daug loterij\u0173 partneri\u0173 program\u0173, kurios vagia pinigus i\u0161 savo partneri\u0173. Tod\u0117l eti\u0161kas verslas mums yra svarbus.\" \/>\n<meta property=\"og:url\" content=\"https:\/\/redfoxaffiliates.com\/ethics-and-affiliate-marketing-programs\/\" \/>\n<meta property=\"og:site_name\" content=\"RedFoxLotto Affiliate Program\" \/>\n<meta name=\"twitter:card\" content=\"summary_large_image\" \/>\n<meta name=\"twitter:label1\" content=\"Est. reading time\" \/>\n\t<meta name=\"twitter:data1\" content=\"2 minut\u0117s\" \/>\n<script type=\"application\/ld+json\" class=\"yoast-schema-graph\">{\"@context\":\"https:\/\/schema.org\",\"@graph\":[{\"@type\":\"WebPage\",\"@id\":\"https:\/\/redfoxaffiliates.com\/ethics-and-affiliate-marketing-programs\/\",\"url\":\"https:\/\/redfoxaffiliates.com\/ethics-and-affiliate-marketing-programs\/\",\"name\":\"Etika ir partneryst\u0117 loterij\u0173 rinkoje\",\"isPartOf\":{\"@id\":\"https:\/\/redfoxaffiliates.com\/#website\"},\"datePublished\":\"2026-01-01T20:16:49+00:00\",\"dateModified\":\"2026-01-01T20:16:49+00:00\",\"description\":\"Yra daug loterij\u0173 partneri\u0173 program\u0173, kurios vagia pinigus i\u0161 savo partneri\u0173. Tod\u0117l eti\u0161kas verslas mums yra svarbus.\",\"breadcrumb\":{\"@id\":\"https:\/\/redfoxaffiliates.com\/ethics-and-affiliate-marketing-programs\/#breadcrumb\"},\"inLanguage\":\"lt-LT\",\"potentialAction\":[{\"@type\":\"ReadAction\",\"target\":[\"https:\/\/redfoxaffiliates.com\/ethics-and-affiliate-marketing-programs\/\"]}]},{\"@type\":\"BreadcrumbList\",\"@id\":\"https:\/\/redfoxaffiliates.com\/ethics-and-affiliate-marketing-programs\/#breadcrumb\",\"itemListElement\":[{\"@type\":\"ListItem\",\"position\":1,\"name\":\"Home\",\"item\":\"https:\/\/redfoxaffiliates.com\/lt\/pagrindinis\/\"},{\"@type\":\"ListItem\",\"position\":2,\"name\":\"Apie etik\u0105 partneri\u0173 rinkodaros programose\"}]},{\"@type\":\"WebSite\",\"@id\":\"https:\/\/redfoxaffiliates.com\/#website\",\"url\":\"https:\/\/redfoxaffiliates.com\/\",\"name\":\"RedFoxLotto Affiliate Program\",\"description\":\"The site for marketing partners of RedFoxLotto.com\",\"potentialAction\":[{\"@type\":\"SearchAction\",\"target\":{\"@type\":\"EntryPoint\",\"urlTemplate\":\"https:\/\/redfoxaffiliates.com\/?s={search_term_string}\"},\"query-input\":\"required name=search_term_string\"}],\"inLanguage\":\"lt-LT\"}]}<\/script>\n<!-- \/ Yoast SEO plugin. -->","yoast_head_json":{"title":"Etika ir partneryst\u0117 loterij\u0173 rinkoje","description":"Yra daug loterij\u0173 partneri\u0173 program\u0173, kurios vagia pinigus i\u0161 savo partneri\u0173. Tod\u0117l eti\u0161kas verslas mums yra svarbus.","robots":{"index":"index","follow":"follow","max-snippet":"max-snippet:-1","max-image-preview":"max-image-preview:large","max-video-preview":"max-video-preview:-1"},"canonical":"https:\/\/redfoxaffiliates.com\/ethics-and-affiliate-marketing-programs\/","og_locale":"lt_LT","og_type":"article","og_title":"Etika ir partneryst\u0117 loterij\u0173 rinkoje","og_description":"Yra daug loterij\u0173 partneri\u0173 program\u0173, kurios vagia pinigus i\u0161 savo partneri\u0173. Tod\u0117l eti\u0161kas verslas mums yra svarbus.","og_url":"https:\/\/redfoxaffiliates.com\/ethics-and-affiliate-marketing-programs\/","og_site_name":"RedFoxLotto Affiliate Program","twitter_card":"summary_large_image","twitter_misc":{"Est. reading time":"2 minut\u0117s"},"schema":{"@context":"https:\/\/schema.org","@graph":[{"@type":"WebPage","@id":"https:\/\/redfoxaffiliates.com\/ethics-and-affiliate-marketing-programs\/","url":"https:\/\/redfoxaffiliates.com\/ethics-and-affiliate-marketing-programs\/","name":"Etika ir partneryst\u0117 loterij\u0173 rinkoje","isPartOf":{"@id":"https:\/\/redfoxaffiliates.com\/#website"},"datePublished":"2026-01-01T20:16:49+00:00","dateModified":"2026-01-01T20:16:49+00:00","description":"Yra daug loterij\u0173 partneri\u0173 program\u0173, kurios vagia pinigus i\u0161 savo partneri\u0173. Tod\u0117l eti\u0161kas verslas mums yra svarbus.","breadcrumb":{"@id":"https:\/\/redfoxaffiliates.com\/ethics-and-affiliate-marketing-programs\/#breadcrumb"},"inLanguage":"lt-LT","potentialAction":[{"@type":"ReadAction","target":["https:\/\/redfoxaffiliates.com\/ethics-and-affiliate-marketing-programs\/"]}]},{"@type":"BreadcrumbList","@id":"https:\/\/redfoxaffiliates.com\/ethics-and-affiliate-marketing-programs\/#breadcrumb","itemListElement":[{"@type":"ListItem","position":1,"name":"Home","item":"https:\/\/redfoxaffiliates.com\/lt\/pagrindinis\/"},{"@type":"ListItem","position":2,"name":"Apie etik\u0105 partneri\u0173 rinkodaros programose"}]},{"@type":"WebSite","@id":"https:\/\/redfoxaffiliates.com\/#website","url":"https:\/\/redfoxaffiliates.com\/","name":"RedFoxLotto Affiliate Program","description":"The site for marketing partners of RedFoxLotto.com","potentialAction":[{"@type":"SearchAction","target":{"@type":"EntryPoint","urlTemplate":"https:\/\/redfoxaffiliates.com\/?s={search_term_string}"},"query-input":"required name=search_term_string"}],"inLanguage":"lt-LT"}]}},"_links":{"self":[{"href":"https:\/\/redfoxaffiliates.com\/lt\/wp-json\/wp\/v2\/pages\/360","targetHints":{"allow":["GET"]}}],"collection":[{"href":"https:\/\/redfoxaffiliates.com\/lt\/wp-json\/wp\/v2\/pages"}],"about":[{"href":"https:\/\/redfoxaffiliates.com\/lt\/wp-json\/wp\/v2\/types\/page"}],"author":[{"embeddable":true,"href":"https:\/\/redfoxaffiliates.com\/lt\/wp-json\/wp\/v2\/users\/1"}],"replies":[{"embeddable":true,"href":"https:\/\/redfoxaffiliates.com\/lt\/wp-json\/wp\/v2\/comments?post=360"}],"version-history":[{"count":0,"href":"https:\/\/redfoxaffiliates.com\/lt\/wp-json\/wp\/v2\/pages\/360\/revisions"}],"wp:attachment":[{"href":"https:\/\/redfoxaffiliates.com\/lt\/wp-json\/wp\/v2\/media?parent=360"}],"curies":[{"name":"wp","href":"https:\/\/api.w.org\/{rel}","templated":true}]}}