{"id":322,"date":"2026-01-01T21:15:19","date_gmt":"2026-01-01T20:15:19","guid":{"rendered":"https:\/\/redfoxaffiliates.com\/kaip-pradeti-internetine-partneriu-versla\/"},"modified":"2026-01-01T21:15:19","modified_gmt":"2026-01-01T20:15:19","slug":"kaip-pradeti-internetine-partneriu-versla","status":"publish","type":"page","link":"https:\/\/redfoxaffiliates.com\/lt\/kaip-pradeti-internetine-partneriu-versla\/","title":{"rendered":"Kaip prad\u0117ti internetin\u0119 partneri\u0173 versl\u0105"},"content":{"rendered":"<h2>Kas yra filial\u0173 rinkodara?<\/h2>\n<p>Daugelis internetini\u0173 pardav\u0117j\u0173 turi vadinam\u0105sias filial\u0173 programas. Kiekvienas gali susikurti filialo paskyr\u0105 ir prad\u0117ti reklamuoti savo produktus internete. Reklamuotojas (j\u016bs) gauna komisin\u012f mokest\u012f u\u017e mokan\u010di\u0173 klient\u0173 nukreipim\u0105 pardav\u0117jui.<\/p>\n<p>Per\u017ei\u016br\u0117kite meniu de\u0161in\u0117je. Jame yra nuoroda \u012f PDF formato pradedan\u010di\u0173j\u0173 vadov\u0117l\u012f, kaip prad\u0117ti filial\u0173 versl\u0105 nuo nulio ir su minimaliomis investicijomis.<\/p>\n<h2>Kaip gaunate atlyg\u012f?<\/h2>\n<p>U\u017esiregistrav\u0119 filial\u0173 programoje, filial\u0173 svetain\u0117je galite atsisi\u0173sti vadinam\u0105sias sekimo nuorodas ir (arba) reklamjuostes su \u201esekamomis nuorodomis\u201c. Jas galima \u012fterpti \u012f j\u016bs\u0173 svetain\u0119, o kai lankytojas spusteli nuorod\u0105, pardav\u0117jas pagal nuorodoje esant\u012f ID numer\u012f \u017eino, kuris filialas nukreip\u0117 klient\u0105.<\/p>\n<p>Yra du pagrindiniai j\u016bs\u0173 bendradarbiavimo su filial\u0173 programa modeliai:<\/p>\n<p>CPA (kaina u\u017e \u012fsigijim\u0105), kai filialas gauna fiksuot\u0105 sum\u0105, kai naujas klientas pasiekia nustatyt\u0105 pardavimo rib\u0105.<\/p>\n<p>Pajam\u0173 pasidalijimas (taip pat da\u017enai vadinamas MGR), kai filialui mokama pardavimo pajam\u0173 procentin\u0117 dalis. Priklausomai nuo s\u0105lyg\u0173, jums bus mokamas komisinis procentas nuo vis\u0173 b\u016bsim\u0173 pardavim\u0173 arba tik u\u017e tam tikr\u0105 laikotarp\u012f.<\/p>\n<h2>Kaip reklamuoti \u0161iuos pardav\u0117jus?<\/h2>\n<p>Norint prad\u0117ti filial\u0173 rinkodar\u0105, labiausiai reikia svetain\u0117s, kuri pritraukia sraut\u0105. \u017dr. toliau pateikt\u0105 pastraip\u0105 \u201eSudarykite plan\u0105\u201c! Svarbiausia yra gauti \u201elankytoj\u0173 sraut\u0105\u201c savo svetainei.<\/p>\n<p>Ta svetain\u0117 gali b\u016bti svetain\u0117, susijusi su konkre\u010diu produktu (produktu, kur\u012f norite reklamuoti), arba tiesiog svetain\u0117 bet kokia tema, jei tik ji generuoja pakankamai srauto. Pavyzdys: kuriate svetain\u0119 gerai i\u0161manoma tema, pavyzd\u017eiui, nardymas. Ra\u0161ote puik\u0173 turin\u012f, ir \u017emon\u0117s apsilanko j\u016bs\u0173 svetain\u0117je. Tada pradedate reklamuoti internetin\u0119 pardavimo svetain\u0119, kuri specializuojasi nardymo \u012frangoje. Kiekvien\u0105 kart\u0105, kai lankytojas i\u0161 j\u016bs\u0173 svetain\u0117s pereina \u012f pardav\u0117jo svetain\u0119 ir k\u0105 nors nusiperka, gaunate komisin\u012f mokest\u012f.<\/p>\n<h2>Socialin\u0117s \u017einiasklaidos rinkodara<\/h2>\n<p>Jei turite auditorij\u0105 socialin\u0117je \u017einiasklaidoje, jums gali net nereik\u0117ti svetain\u0117s. Galite naudoti tas pa\u010dias stebimas filial\u0173 nuorodas, kad prad\u0117tum\u0117te reklamuoti pardav\u0117jo produktus. O jei j\u016bs\u0173 auditorija yra pasaulin\u0117, tuo geriau. Daugelyje \u0161ali\u0173 loterijos si\u016blomos su ma\u017eais i\u0161mok\u0117jimais arba i\u0161 viso n\u0117ra loterij\u0173. \u0160i\u0173 \u0161ali\u0173 gyventojai yra ideali m\u016bs\u0173 loterij\u0173 paslaugos auditorija.<\/p>\n<h2>Yra du pagrindiniai scenarijai:<\/h2>\n<p>Jei tur\u0117tum\u0117te svetain\u0119 su pla\u010diu straipsni\u0173 tem\u0173 spektru ir t\u0105 svetain\u0119 kasdien aplankyt\u0173 t\u016bkstan\u010diai lankytoj\u0173, gal\u0117tum\u0117te parduoti daugiau ar ma\u017eiau bet kok\u012f norim\u0105 produkt\u0105. Vien lankytoj\u0173 skai\u010dius generuot\u0173 dideles pajamas. O m\u016bs\u0173 partneri\u0173 programa puikiai tinka bet kuriai svetainei, nes juk visi m\u0117gsta loterijas, tiesa?<\/p>\n<p>Jei, pavyzd\u017eiui, tur\u0117tum\u0117te su loterija susijusi\u0105 svetain\u0119, lankytoj\u0173 tikriausiai b\u016bt\u0173 ma\u017eiau. Vis d\u0117lto srautas yra labiau \u201etikslinis\u201c, t. y. j\u016bs\u0173 lankytojai labiau link\u0119 pirkti j\u016bs\u0173 reklamuojamus loterijos bilietus. Net jei tur\u0117tum\u0117te tik 10 lankytoj\u0173 per dien\u0105, vis tiek gautum\u0117te tam tikr\u0173 pajam\u0173. Ir yra vienas dalykas apie loterijos \u017eaidim\u0105: \u017emon\u0117s link\u0119 \u017eaisti ilg\u0105, ilg\u0105 laik\u0105. Kai nukreipsite tam tikr\u0105 skai\u010di\u0173 klient\u0173 \u012f m\u016bs\u0173 partneri\u0173 program\u0105, pamatysite gana stabil\u0173 pajam\u0173 sraut\u0105.<\/p>\n<h2>Kaip pritraukti lankytoj\u0173 \u012f savo svetain\u0119?<\/h2>\n<p>Nor\u0117dami pritraukti lankytoj\u0173, savo svetain\u0117je tur\u0117site auk\u0161tos kokyb\u0117s straipsni\u0173, kuriuose skaitytojams b\u016bt\u0173 pateikta naudinga informacija. Taip pat turite i\u0161mokti SEO (paie\u0161kos sistem\u0173 optimizavimo) pagrindus. Tai svarbu, nes yra konkre\u010di\u0173 \u201etaisykli\u0173\u201c, kurias turite \u017einoti, kad u\u017etikrintum\u0117te, jog j\u016bs\u0173 svetain\u0117s puslapiai \u201eGoogle\u201c paie\u0161kos rezultatuose bus rodomi auk\u0161tai pagal paie\u0161kos \u201eraktinius \u017eod\u017eius\u201c, kurie gali pritraukti lankytoj\u0173. Partneriai tai vadina \u201esrauto nukreipimu\u201c \u012f j\u016bs\u0173 svetain\u0119.<\/p>\n<p>SEO n\u0117ra raket\u0173 mokslas. Tiesiog \u201eGoogle\u201c paie\u0161koje \u012fveskite \u201eSEO pagrindai\u201c ir paskaitykite, kad su\u017einotum\u0117te svarbiausias taisykles, kaip kurti straipsnius ir v\u0117liau tobulinti savo \u012fg\u016bd\u017eius.<\/p>\n<h2>El. pa\u0161to adres\u0173 s\u0105ra\u0161o galia<\/h2>\n<p>Visada nustatykite savo svetain\u0119 taip, kad lankytojai tur\u0117t\u0173 prie\u017east\u012f u\u017esiregistruoti arba palikti savo el. pa\u0161to adresus. Sukurkite s\u0105ra\u0161\u0105 ir naudokite j\u012f el. lai\u0161kams si\u0173sti, reklamuodami specialius renginius, i\u0161pardavimus ir kt. Jei jau turite s\u0105ra\u0161\u0105, jums gali net nereik\u0117ti svetain\u0117s, kad taptum\u0117te partneriu. Ta\u010diau nepirkite s\u0105ra\u0161\u0173 i\u0161 \u0161lam\u0161to el. pa\u0161to adres\u0173 pardavimo svetaini\u0173 \u2013 jos neverta.<\/p>\n<h2>Kiek kainuoja prad\u0117ti u\u017esiimti partneri\u0173 rinkodara?<\/h2>\n<p>Atsakymas paprastas: nieko arba beveik nieko!<\/p>\n<p>Jums tereikia domeno vardo ir interneto erdv\u0117s talpinimo plano. Pradedantiesiems jums nereikia savo serverio; prad\u017eiai pakanka bazinio interneto talpinimo, kurio kaina prasideda nuo 2 eur\u0173 per m\u0117nes\u012f.<\/p>\n<p>Pasirinkite patikim\u0105 talpinimo paslaug\u0173 teik\u0117j\u0105 ir pasirinkite laisv\u0105 domeno vard\u0105. Prie\u0161 u\u017esakydami, gerai pagalvokite apie savo domeno pavadinim\u0105. Tada pasirinkite bazin\u012f talpinimo plan\u0105. U\u017esiregistruokite ir apmok\u0117kite paskyr\u0105. Tada prisijunkite prie savo kliento paskyros ir apsi\u017evalgykite. Vienas patarimas: ie\u0161kokite papildomos funkcijos, vadinamos \u201eDomeno privatumas\u201c \u2013 \u012f tai reik\u0117t\u0173 atsi\u017evelgti, jei d\u0117l koki\u0173 nors prie\u017eas\u010di\u0173 nenorite, kad kas nors \u017einot\u0173, jog esate \u0161ios svetain\u0117s ir jos filialo savininkas ir valdytojas.<\/p>\n<h2>su tuo susijusio verslo.<\/h2>\n<p>Rekomenduojame prad\u0117ti nuo \u201eWordPress\u201c svetain\u0117s \u012fdiegimo naudojant nemokam\u0105 \u0161ablon\u0105 (i\u0161d\u0117stym\u0105). \u201eWordPress\u201c yra turinio valdymo sistema (TVS), kuri automati\u0161kai sukuria j\u016bs\u0173 svetain\u0119 ir leid\u017eia j\u0105 valdyti. \u017diniatinklio erdv\u0117s teik\u0117jai turi paprastas funkcijas, kurias galite naudoti nor\u0117dami nustatyti \u201eWordPress\u201c svetain\u0119 per kelias sekundes. Nereikia joki\u0173 programavimo \u012fg\u016bd\u017ei\u0173!<\/p>\n<p>Perskaitykite \u012fvadin\u012f vadov\u0117l\u012f, kad su\u017einotum\u0117te apie svarbiausias \u201eWordPress\u201c funkcijas. Jums tereikia keli\u0173 valand\u0173, kad \u012fgytum\u0117te pagrindinius \u012fg\u016bd\u017eius, reikalingus paprastai svetainei valdyti. \u201eWordPress\u201c svetain\u0117je yra i\u0161sami dokumentacija ir forumas, kuriame galite kreiptis pagalbos \u012f patyrusius vartotojus.<\/p>\n<h2>Kiek pinig\u0173 galite u\u017edirbti kaip partneris?<\/h2>\n<p>Tai labai priklauso nuo to, kiek esate atsidav\u0119s ir koks esate geras. Kai kurie partneriai u\u017edirba milijonus, kiti u\u017edirba labai ma\u017eai, ta\u010diau daugelis u\u017edirba kelis \u0161imtus eur\u0173 per m\u0117nes\u012f. Nesitik\u0117kite u\u017edirbti pinig\u0173 i\u0161 karto. J\u016bs\u0173 svetainei reikia laiko, kad pritraukt\u0173 lankytoj\u0173. Jei investuosite reikiam\u0105 darb\u0105, ilgainiui gal\u0117site i\u0161 to gyventi.<\/p>\n<p>Ar tai galima \/ ar verta daryti vis\u0105 darbo dien\u0105, ar ne vis\u0105 darbo dien\u0105?<\/p>\n<p>Kiekvienas turi tai nuspr\u0119sti pats. Ta\u010diau 90 procent\u0173 filial\u0173 pradeda dirbti ne vis\u0105 darbo dien\u0105. Didel\u0117 dalis filial\u0173, pasiek\u0119 pakankamai s\u0117km\u0117s ir \u012fgij\u0119 patirties \u0161ioje srityje, pereina prie nuolatinio darbo.<\/p>\n<h2>Ar tai legalu?<\/h2>\n<p>\u017dinoma, nebent reklamuojate produktus, kurie yra nelegal\u016bs j\u016bs\u0173 gyvenamojoje \u0161alyje; tokiu atveju turite imtis priemoni\u0173, kad apsisaugotum\u0117te nuo galim\u0173 problem\u0173. \u017dr. auk\u0161\u010diau esant\u012f skyri\u0173 \u201eDomeno privatumas\u201c ir kt. B\u016btinai nesirinkite domen\u0173 registratoriaus ir (arba) prieglobos paslaugos tokioje \u0161alyje, kurioje j\u016bs\u0173 svetain\u0117 b\u016bt\u0173 nelegali!<\/p>\n<h2>Svarbiausia: sudarykite plan\u0105!<\/h2>\n<p>Prie\u0161 u\u017esidirbdami pinig\u0173 per filial\u0173 program\u0105, turite parengti patikim\u0105 plan\u0105 ir surinkti b\u016btin\u0105 informacij\u0105. Galb\u016bt mat\u0117te Kevino Costnerio film\u0105 \u201eSvajoni\u0173 laukas\u201c, kuriame balsas i\u0161 dangaus sako: \u201eSukurkite j\u012f, ir jie ateis\u201c. Jei manote, kad galite sukurti svetain\u0119 bet kokia tema ir tik\u0117tis, kad netrukus gausite pinig\u0173, galiausiai nusivilsite.<\/p>\n<p>Ta\u010diau jei imsit\u0117s \u0161io reikalo planingai, galite u\u017edirbti gerus pinigus, o reklamuotis partneri\u0173 programoje yra nepaprastai smagu. Idealu prad\u0117ti dirbti ne vis\u0105 darbo dien\u0105, o jei viskas klostysis gerai, gal\u0117site lengvai pereiti prie viso darbo etato.<\/p>\n<h2>J\u016bs\u0173 plane turi b\u016bti \u0161ie dalykai:<\/h2>\n<p>Pasirinkite tem\u0105, kuri jus domina ir kuria galite pateikti vertingos informacijos savo skaitytojams. Jei esate naujokas \u0161ioje srityje, visada rinkit\u0117s \u201eni\u0161in\u0119\u201c tem\u0105 \u2013 jei yra daugyb\u0117 kit\u0173 svetaini\u0173 \u0161ia tema, jums bus sunku su jomis konkuruoti. Be to, bus sunku u\u017eimti auk\u0161tas pozicijas pagal bet kokius raktinius \u017eod\u017eius. \u017dinoma, turite pasirinkti tem\u0105, kuri atitikt\u0173 produkt\u0105, kur\u012f galima \u012fsigyti internetu ir kuris turi partneri\u0173 program\u0105.<\/p>\n<p>Sudarykite raktini\u0173 \u017eod\u017ei\u0173 derini\u0173, kuri\u0173 potencial\u016bs lankytojai gali ie\u0161koti \u201eGoogle\u201c, s\u0105ra\u0161\u0105. Atminkite, kad pasiekti auk\u0161t\u0105 reiting\u0105 pagal akivaizd\u017eius raktinius \u017eod\u017eius, tokius kaip \u201eloterija internete\u201c, yra beveik ne\u012fmanoma. Rinkit\u0117s konkretesnes frazes. Kra\u0161tutinis pavyzdys b\u016bt\u0173 \u201eAr \u017emon\u0117s gali dalyvauti \u201ePowerball\u201c, jei negyvena JAV?\u201c.<\/p>\n<p>Tada nuspr\u0119skite, \u012f kur\u012f raktini\u0173 \u017eod\u017ei\u0173 derin\u012f taikysite savo svetain\u0117s pagrindiniame puslapyje. Para\u0161ykite pagrindinio puslapio straipsn\u012f, skirt\u0105 tam raktini\u0173 \u017eod\u017ei\u0173 deriniui. Toliau sukurkite savo svetain\u0117s strukt\u016bros plan\u0105. Para\u0161ykite dar kelet\u0105 straipsni\u0173, skirt\u0173 kitiems raktini\u0173 \u017eod\u017ei\u0173 deriniams, kuriuos galite sugalvoti.<\/p>\n<h2>Nuo tada turite sutelkti d\u0117mes\u012f \u012f du dalykus:<\/h2>\n<p>Kurkite nuorodas, nukreipian\u010dias \u012f j\u016bs\u0173 svetain\u0119. Nuorodos yra tarsi teigiami balsai u\u017e j\u016bs\u0173 svetain\u0119; auk\u0161tos kokyb\u0117s nuorodos gali pagerinti j\u016bs\u0173 paie\u0161kos sistem\u0173 reiting\u0105. Papra\u0161ykite draug\u0173, turin\u010di\u0173 svetaines, nuorod\u0173, susisiekite su kitais svetaini\u0173 valdytojais ir pasi\u016blykite para\u0161yti straipsn\u012f mainais \u012f nuorodas ir pan. Ta\u010diau geriausios nuorodos atsiras nat\u016braliai, kai \u017emon\u0117s perskaitys j\u016bs\u0173 straipsnius ir nukreips \u012f j\u016bs\u0173 puslap\u012f, nes jiems patiko tai, k\u0105 para\u0161\u0117te!<\/p>\n<p>Kurkite daugiau turinio (straipsni\u0173) su gera SEO. Pasitelkite savo vaizduot\u0119 ir reguliariai ra\u0161ykite naujus straipsnius. Prad\u017eiai apsvarstykite galimyb\u0119 prid\u0117ti 2\u20133 straipsnius per savait\u0119.<\/p>\n<p>Atlikdami auk\u0161\u010diau nurodytus veiksmus, \u012fgysite vis daugiau \u012fg\u016bd\u017ei\u0173, o pirmieji lankytojai apsilankys j\u016bs\u0173 svetain\u0117je. Nor\u0117dami steb\u0117ti lankytoj\u0173 skai\u010di\u0173 ir j\u0173 elges\u012f, naudokite (nemokam\u0105) paslaug\u0105, pvz., www.clicky.com arba \u201eGoogle Analytics\u201c. Periodi\u0161kai tikrinkite savo partneri\u0173 programos paskyr\u0105, kad pamatytum\u0117te, ar gaunate pajam\u0173.<\/p>\n<p>Pasinaudokite SEO paslauga, kuri pad\u0117s jums rasti daugiau raktini\u0173 \u017eod\u017ei\u0173, susijusi\u0173 su j\u016bs\u0173 pagrindiniu raktiniu \u017eod\u017eiu. Kurkite SEO optimizuot\u0105 turin\u012f, kuris orientuotas \u012f tuos raktinius \u017eod\u017eius. Didesnis turinys pritraukia daugiau lankytoj\u0173 \u012f j\u016bs\u0173 svetain\u0119 ir padidina j\u016bs\u0173 komisinius.<\/p>\n<p>Laikui b\u0117gant, \u012fd\u0117dami pastang\u0173, beveik neabejotinai pasteb\u0117site teigiam\u0105 poveik\u012f lankytoj\u0173 skai\u010diui ir pajamoms.<\/p>\n<p><em>Asmenine prasme<\/em>: \u201eRedFoxLotto\u201c ir partneri\u0173 programos k\u016br\u0117jai prad\u0117jo dirbti kaip partneriai daugiau nei prie\u0161 15 met\u0173. Nuo tada jiems sekasi gana s\u0117kmingai. Ir jei paklaustum\u0117te j\u0173, kas jiems patinka \u0161iame versle, jie jums pasakyt\u0173 \u0161tai k\u0105:<\/p>\n<ul>\n<li>Neribotas ir pasaulinis u\u017edarbio potencialas<\/li>\n<li>Galite prad\u0117ti savo rinkodaros partneryst\u0119 beveik be investicij\u0173<\/li>\n<li>Tai gali suteikti jums finansin\u0119 nepriklausomyb\u0119<\/li>\n<li>Galite dirbti internetu i\u0161 bet kurios vietos<\/li>\n<\/ul>\n","protected":false},"excerpt":{"rendered":"<p>Kas yra filial\u0173 rinkodara? Daugelis internetini\u0173 pardav\u0117j\u0173 turi vadinam\u0105sias filial\u0173 programas. Kiekvienas gali susikurti filialo paskyr\u0105 ir prad\u0117ti reklamuoti savo produktus internete. Reklamuotojas (j\u016bs) gauna komisin\u012f mokest\u012f u\u017e mokan\u010di\u0173 klient\u0173 nukreipim\u0105 pardav\u0117jui. Per\u017ei\u016br\u0117kite meniu de\u0161in\u0117je. Jame yra nuoroda \u012f PDF formato pradedan\u010di\u0173j\u0173 vadov\u0117l\u012f, kaip prad\u0117ti filial\u0173 versl\u0105 nuo nulio ir<\/p>\n<p><a href=\"https:\/\/redfoxaffiliates.com\/lt\/kaip-pradeti-internetine-partneriu-versla\/\" class=\"more-link\">Continue Reading<span class=\"screen-reader-text\">Kaip prad\u0117ti internetin\u0119 partneri\u0173 versl\u0105<\/span><\/a><\/p>\n","protected":false},"author":1,"featured_media":0,"parent":0,"menu_order":6,"comment_status":"closed","ping_status":"closed","template":"","meta":{"footnotes":""},"class_list":["post-322","page","type-page","status-publish","hentry"],"yoast_head":"<!-- This site is optimized with the Yoast SEO plugin v22.4 - https:\/\/yoast.com\/wordpress\/plugins\/seo\/ -->\n<title>Kaip prad\u0117ti ir pl\u0117toti savo internetin\u0119 partneri\u0173 rinkodaros versl\u0105<\/title>\n<meta name=\"description\" content=\"S\u0117km\u0117s planas partneri\u0173 verslui. Prad\u0117kite u\u017edirbti komisinius internetu tapdami partneriu ir rinkodaros partneriu\" \/>\n<meta name=\"robots\" content=\"index, follow, max-snippet:-1, max-image-preview:large, max-video-preview:-1\" \/>\n<link rel=\"canonical\" href=\"https:\/\/redfoxaffiliates.com\/how-to-start-an-online-affiliate-marketing-business\/\" \/>\n<meta property=\"og:locale\" content=\"lt_LT\" \/>\n<meta property=\"og:type\" content=\"article\" \/>\n<meta property=\"og:title\" content=\"Kaip prad\u0117ti ir pl\u0117toti savo internetin\u0119 partneri\u0173 rinkodaros versl\u0105\" \/>\n<meta property=\"og:description\" content=\"S\u0117km\u0117s planas partneri\u0173 verslui. Prad\u0117kite u\u017edirbti komisinius internetu tapdami partneriu ir rinkodaros partneriu\" \/>\n<meta property=\"og:url\" content=\"https:\/\/redfoxaffiliates.com\/how-to-start-an-online-affiliate-marketing-business\/\" \/>\n<meta property=\"og:site_name\" content=\"RedFoxLotto Affiliate Program\" \/>\n<meta name=\"twitter:card\" content=\"summary_large_image\" \/>\n<meta name=\"twitter:label1\" content=\"Est. reading time\" \/>\n\t<meta name=\"twitter:data1\" content=\"8 minut\u0117s\" \/>\n<script type=\"application\/ld+json\" class=\"yoast-schema-graph\">{\"@context\":\"https:\/\/schema.org\",\"@graph\":[{\"@type\":\"WebPage\",\"@id\":\"https:\/\/redfoxaffiliates.com\/how-to-start-an-online-affiliate-marketing-business\/\",\"url\":\"https:\/\/redfoxaffiliates.com\/how-to-start-an-online-affiliate-marketing-business\/\",\"name\":\"Kaip prad\u0117ti ir pl\u0117toti savo internetin\u0119 partneri\u0173 rinkodaros versl\u0105\",\"isPartOf\":{\"@id\":\"https:\/\/redfoxaffiliates.com\/#website\"},\"datePublished\":\"2026-01-01T20:15:19+00:00\",\"dateModified\":\"2026-01-01T20:15:19+00:00\",\"description\":\"S\u0117km\u0117s planas partneri\u0173 verslui. Prad\u0117kite u\u017edirbti komisinius internetu tapdami partneriu ir rinkodaros partneriu\",\"breadcrumb\":{\"@id\":\"https:\/\/redfoxaffiliates.com\/how-to-start-an-online-affiliate-marketing-business\/#breadcrumb\"},\"inLanguage\":\"lt-LT\",\"potentialAction\":[{\"@type\":\"ReadAction\",\"target\":[\"https:\/\/redfoxaffiliates.com\/how-to-start-an-online-affiliate-marketing-business\/\"]}]},{\"@type\":\"BreadcrumbList\",\"@id\":\"https:\/\/redfoxaffiliates.com\/how-to-start-an-online-affiliate-marketing-business\/#breadcrumb\",\"itemListElement\":[{\"@type\":\"ListItem\",\"position\":1,\"name\":\"Home\",\"item\":\"https:\/\/redfoxaffiliates.com\/lt\/pagrindinis\/\"},{\"@type\":\"ListItem\",\"position\":2,\"name\":\"Kaip prad\u0117ti internetin\u0119 partneri\u0173 versl\u0105\"}]},{\"@type\":\"WebSite\",\"@id\":\"https:\/\/redfoxaffiliates.com\/#website\",\"url\":\"https:\/\/redfoxaffiliates.com\/\",\"name\":\"RedFoxLotto Affiliate Program\",\"description\":\"The site for marketing partners of RedFoxLotto.com\",\"potentialAction\":[{\"@type\":\"SearchAction\",\"target\":{\"@type\":\"EntryPoint\",\"urlTemplate\":\"https:\/\/redfoxaffiliates.com\/?s={search_term_string}\"},\"query-input\":\"required name=search_term_string\"}],\"inLanguage\":\"lt-LT\"}]}<\/script>\n<!-- \/ Yoast SEO plugin. -->","yoast_head_json":{"title":"Kaip prad\u0117ti ir pl\u0117toti savo internetin\u0119 partneri\u0173 rinkodaros versl\u0105","description":"S\u0117km\u0117s planas partneri\u0173 verslui. Prad\u0117kite u\u017edirbti komisinius internetu tapdami partneriu ir rinkodaros partneriu","robots":{"index":"index","follow":"follow","max-snippet":"max-snippet:-1","max-image-preview":"max-image-preview:large","max-video-preview":"max-video-preview:-1"},"canonical":"https:\/\/redfoxaffiliates.com\/how-to-start-an-online-affiliate-marketing-business\/","og_locale":"lt_LT","og_type":"article","og_title":"Kaip prad\u0117ti ir pl\u0117toti savo internetin\u0119 partneri\u0173 rinkodaros versl\u0105","og_description":"S\u0117km\u0117s planas partneri\u0173 verslui. Prad\u0117kite u\u017edirbti komisinius internetu tapdami partneriu ir rinkodaros partneriu","og_url":"https:\/\/redfoxaffiliates.com\/how-to-start-an-online-affiliate-marketing-business\/","og_site_name":"RedFoxLotto Affiliate Program","twitter_card":"summary_large_image","twitter_misc":{"Est. reading time":"8 minut\u0117s"},"schema":{"@context":"https:\/\/schema.org","@graph":[{"@type":"WebPage","@id":"https:\/\/redfoxaffiliates.com\/how-to-start-an-online-affiliate-marketing-business\/","url":"https:\/\/redfoxaffiliates.com\/how-to-start-an-online-affiliate-marketing-business\/","name":"Kaip prad\u0117ti ir pl\u0117toti savo internetin\u0119 partneri\u0173 rinkodaros versl\u0105","isPartOf":{"@id":"https:\/\/redfoxaffiliates.com\/#website"},"datePublished":"2026-01-01T20:15:19+00:00","dateModified":"2026-01-01T20:15:19+00:00","description":"S\u0117km\u0117s planas partneri\u0173 verslui. Prad\u0117kite u\u017edirbti komisinius internetu tapdami partneriu ir rinkodaros partneriu","breadcrumb":{"@id":"https:\/\/redfoxaffiliates.com\/how-to-start-an-online-affiliate-marketing-business\/#breadcrumb"},"inLanguage":"lt-LT","potentialAction":[{"@type":"ReadAction","target":["https:\/\/redfoxaffiliates.com\/how-to-start-an-online-affiliate-marketing-business\/"]}]},{"@type":"BreadcrumbList","@id":"https:\/\/redfoxaffiliates.com\/how-to-start-an-online-affiliate-marketing-business\/#breadcrumb","itemListElement":[{"@type":"ListItem","position":1,"name":"Home","item":"https:\/\/redfoxaffiliates.com\/lt\/pagrindinis\/"},{"@type":"ListItem","position":2,"name":"Kaip prad\u0117ti internetin\u0119 partneri\u0173 versl\u0105"}]},{"@type":"WebSite","@id":"https:\/\/redfoxaffiliates.com\/#website","url":"https:\/\/redfoxaffiliates.com\/","name":"RedFoxLotto Affiliate Program","description":"The site for marketing partners of RedFoxLotto.com","potentialAction":[{"@type":"SearchAction","target":{"@type":"EntryPoint","urlTemplate":"https:\/\/redfoxaffiliates.com\/?s={search_term_string}"},"query-input":"required name=search_term_string"}],"inLanguage":"lt-LT"}]}},"_links":{"self":[{"href":"https:\/\/redfoxaffiliates.com\/lt\/wp-json\/wp\/v2\/pages\/322","targetHints":{"allow":["GET"]}}],"collection":[{"href":"https:\/\/redfoxaffiliates.com\/lt\/wp-json\/wp\/v2\/pages"}],"about":[{"href":"https:\/\/redfoxaffiliates.com\/lt\/wp-json\/wp\/v2\/types\/page"}],"author":[{"embeddable":true,"href":"https:\/\/redfoxaffiliates.com\/lt\/wp-json\/wp\/v2\/users\/1"}],"replies":[{"embeddable":true,"href":"https:\/\/redfoxaffiliates.com\/lt\/wp-json\/wp\/v2\/comments?post=322"}],"version-history":[{"count":0,"href":"https:\/\/redfoxaffiliates.com\/lt\/wp-json\/wp\/v2\/pages\/322\/revisions"}],"wp:attachment":[{"href":"https:\/\/redfoxaffiliates.com\/lt\/wp-json\/wp\/v2\/media?parent=322"}],"curies":[{"name":"wp","href":"https:\/\/api.w.org\/{rel}","templated":true}]}}