{"id":313,"date":"2023-07-15T13:46:59","date_gmt":"2023-07-15T11:46:59","guid":{"rendered":"https:\/\/redfoxaffiliates.com\/duk\/"},"modified":"2023-07-15T13:46:59","modified_gmt":"2023-07-15T11:46:59","slug":"duk","status":"publish","type":"page","link":"https:\/\/redfoxaffiliates.com\/lt\/duk\/","title":{"rendered":"DUK"},"content":{"rendered":"<h2>K\u0105 rei\u0161kia \u201eafiliavimas\u201c?<\/h2>\n<p>Afiliavimas yra rinkodaros strategija. Daugelis produkt\u0173, paslaug\u0173 ir svetaini\u0173 naudoja afiliatus savo produktams ir paslaugoms reklamuoti. Kiekvienas RedFoxLotto.com afiliatas gali mus reklamuoti.<\/p>\n<h2>Ar yra koki\u0173 nors i\u0161laid\u0173 ar registracijos mokes\u010di\u0173?<\/h2>\n<p>Ne. Prisijungimas prie m\u016bs\u0173 afiliat\u0173 programos yra visi\u0161kai nemokamas. Vienintel\u0117s j\u016bs\u0173 i\u0161laidos yra i\u0161laidos, susijusios su j\u016bs\u0173 svetaini\u0173 veikimu arba j\u016bs\u0173 pa\u010di\u0173 rinkodaros med\u017eiagos \u012fsigijimu.<\/p>\n<h2>Kaip galiu jus reklamuoti?<\/h2>\n<p>Galite naudoti \u012fvairias internetines ir ne internetines strategijas. \u010cia yra du populiariausi b\u016bdai:<\/p>\n<ul>\n<li>Galite sukurti interneto svetain\u0119 (susijusi\u0105 su loterija ar kit\u0105) ir j\u0105 naudoti RedFoxLotto reklamai. Pritraukite lankytojus, u\u017eimant auk\u0161tas pozicijas Google paie\u0161kos rezultat\u0173 s\u0105ra\u0161e pagal rakta\u017eod\u017eius, ir reklamuokite savo svetain\u0119 socialiniuose tinkluose. Didesnis j\u016bs\u0173 interneto svetain\u0117s lankomumas rei\u0161kia daugiau per\u0117jim\u0173 \u012f RedFoxLotto, o tai rei\u0161kia daugiau pinig\u0173 jums.<\/li>\n<li>Sukurkite loterijos svetain\u0119, naudokite partneri\u0173 nuorodas, nukreipian\u010dias \u012f RedFoxLotto.com, tada reklamuokite savo svetain\u0119 ne internete.<\/li>\n<\/ul>\n<h2>Kiek galiu u\u017edirbti?<\/h2>\n<p>N\u0117ra jokio apribojimo. Gausite procentin\u0119 dal\u012f nuo j\u016bs\u0173 generuojamos grynosios pardavimo sumos. Ir kiekvien\u0105 m\u0117nes\u012f, kur\u012f generuosite didesnes komisines, j\u016bs\u0173 procentin\u0117 dalis did\u0117s. Daugiau informacijos rasite \u0161iame straipsnyje.<\/p>\n<h2>Kas yra partneri\u0173 nuoroda?<\/h2>\n<p>Partneri\u0173 nuoroda yra nuoroda, kurioje yra sekimo kodas \u2013 specialus identifikatorius, susietas tik su j\u016bs\u0173 partneri\u0173 paskyra. \u0160ias nuorodas \u012fterpiate \u012f savo svetain\u0119. Tada vienas i\u0161 j\u016bs\u0173 svetain\u0117s lankytoj\u0173 paspaud\u017eia j\u0105 ir atlieka pirkim\u0105 RedFoxLotto.com. M\u016bs\u0173 partneri\u0173 sistema, naudodama t\u0105 sekimo kod\u0105, identifikuoja t\u0105 nauj\u0105 klient\u0105 kaip j\u016bs\u0173 atvest\u0105 klient\u0105. U\u017e \u0161\u012f pardavim\u0105 gaunate komisinius. Bet koks to kliento ateities pirkimas taip pat generuos jums kitus komisinius.<\/p>\n<p>Kiekvien\u0105 kart\u0105, kai klientas apsilanko m\u016bs\u0173 svetain\u0117je, paspaud\u0119s vien\u0105 i\u0161 j\u016bs\u0173 partneri\u0173 nuorod\u0173, jo \u012frenginyje sukuriama slapukas. Tai u\u017etikrina, kad jei jis nepirks pirmojo apsilankymo metu, bet v\u0117liau gr\u012f\u0161 pirkti loterijos biliet\u0173, jis vis tiek bus identifikuotas kaip \u201ej\u016bs\u0173\u201c pardavimas.<\/p>\n<h2>O kaip d\u0117l partneri\u0173 paskyros prisijungimo?<\/h2>\n<p>Kai u\u017esiregistruosite m\u016bs\u0173 svetain\u0117je, mes per\u017ei\u016br\u0117sime j\u016bs\u0173 registracij\u0105. Tai padar\u0119, mes sukursime jums partneri\u0173 paskyr\u0105. Tada jums i\u0161si\u0173sime el. lai\u0161k\u0105 su URL adresu, kuriuo gal\u0117site prisijungti prie savo partneri\u0173 paskyros, su vartotojo vardu ir laikinuoju slapta\u017eod\u017eiu. Prisijung\u0119 prie savo paskyros (partneri\u0173 backend), gal\u0117site pakeisti t\u0105 slapta\u017eod\u012f ir patikrinti, ar visi j\u016bs\u0173 asmens duomenys yra teisingi.<\/p>\n<p>Gal\u0117site kurti kampanijas su specialiais partneri\u0173 nuorodomis skirtingoms rinkodaros veikloms. Tarkime, turite kelet\u0105 svetaini\u0173. Tokiu atveju nor\u0117site sukurti po vien\u0105 kampanij\u0105 kiekvienai svetainei. Taip gal\u0117site atskirai matyti kiekvienos svetain\u0117s veiklos rezultatus.<\/p>\n<p>Partneri\u0173 administravimo sistemoje taip pat galite matyti savo lankytoj\u0173 statistik\u0105 ir komisini\u0173 ataskaitas. Ten taip pat galite atsisi\u0173sti rinkodaros med\u017eiag\u0105, kuri\u0105 galite naudoti m\u016bs\u0173 produktams reklamuoti.<\/p>\n<h2>Komisiniai mok\u0117jimai<\/h2>\n<p>Kiekvieno m\u0117nesio 15 d. mes i\u0161mok\u0117sime jums komisinius, kuriuos u\u017edirbote per pra\u0117jus\u012f m\u0117nes\u012f. Paprastai naudojami Skrill, Neteller ir banko pavedimas, bet galima aptarti ir kitas galimybes.<\/p>\n","protected":false},"excerpt":{"rendered":"<p>K\u0105 rei\u0161kia \u201eafiliavimas\u201c? Afiliavimas yra rinkodaros strategija. Daugelis produkt\u0173, paslaug\u0173 ir svetaini\u0173 naudoja afiliatus savo produktams ir paslaugoms reklamuoti. Kiekvienas RedFoxLotto.com afiliatas gali mus reklamuoti. Ar yra koki\u0173 nors i\u0161laid\u0173 ar registracijos mokes\u010di\u0173? Ne. Prisijungimas prie m\u016bs\u0173 afiliat\u0173 programos yra visi\u0161kai nemokamas. Vienintel\u0117s j\u016bs\u0173 i\u0161laidos yra i\u0161laidos, susijusios su j\u016bs\u0173<\/p>\n<p><a href=\"https:\/\/redfoxaffiliates.com\/lt\/duk\/\" class=\"more-link\">Continue Reading<span class=\"screen-reader-text\">DUK<\/span><\/a><\/p>\n","protected":false},"author":1,"featured_media":0,"parent":0,"menu_order":3,"comment_status":"closed","ping_status":"closed","template":"","meta":{"footnotes":""},"class_list":["post-313","page","type-page","status-publish","hentry"],"yoast_head":"<!-- This site is optimized with the Yoast SEO plugin v22.4 - https:\/\/yoast.com\/wordpress\/plugins\/seo\/ -->\n<title>Da\u017enai u\u017eduodami klausimai apie partneryst\u0119 loterij\u0173 rinkoje<\/title>\n<meta name=\"description\" content=\"Raskite atsakymus \u012f savo klausimus apie loterij\u0173 partneryst\u0119 apskritai ir konkre\u010diai apie RedFoxLotto partneri\u0173 program\u0105.\" \/>\n<meta name=\"robots\" content=\"index, follow, max-snippet:-1, max-image-preview:large, max-video-preview:-1\" \/>\n<link rel=\"canonical\" href=\"https:\/\/redfoxaffiliates.com\/faq\/\" \/>\n<meta property=\"og:locale\" content=\"lt_LT\" \/>\n<meta property=\"og:type\" content=\"article\" \/>\n<meta property=\"og:title\" content=\"Da\u017enai u\u017eduodami klausimai apie partneryst\u0119 loterij\u0173 rinkoje\" \/>\n<meta property=\"og:description\" content=\"Raskite atsakymus \u012f savo klausimus apie loterij\u0173 partneryst\u0119 apskritai ir konkre\u010diai apie RedFoxLotto partneri\u0173 program\u0105.\" \/>\n<meta property=\"og:url\" content=\"https:\/\/redfoxaffiliates.com\/faq\/\" \/>\n<meta property=\"og:site_name\" content=\"RedFoxLotto Affiliate Program\" \/>\n<meta name=\"twitter:card\" content=\"summary_large_image\" \/>\n<meta name=\"twitter:label1\" content=\"Est. reading time\" \/>\n\t<meta name=\"twitter:data1\" content=\"2 minut\u0117s\" \/>\n<script type=\"application\/ld+json\" class=\"yoast-schema-graph\">{\"@context\":\"https:\/\/schema.org\",\"@graph\":[{\"@type\":\"WebPage\",\"@id\":\"https:\/\/redfoxaffiliates.com\/faq\/\",\"url\":\"https:\/\/redfoxaffiliates.com\/faq\/\",\"name\":\"Da\u017enai u\u017eduodami klausimai apie partneryst\u0119 loterij\u0173 rinkoje\",\"isPartOf\":{\"@id\":\"https:\/\/redfoxaffiliates.com\/#website\"},\"datePublished\":\"2023-07-15T11:46:59+00:00\",\"dateModified\":\"2023-07-15T11:46:59+00:00\",\"description\":\"Raskite atsakymus \u012f savo klausimus apie loterij\u0173 partneryst\u0119 apskritai ir konkre\u010diai apie RedFoxLotto partneri\u0173 program\u0105.\",\"breadcrumb\":{\"@id\":\"https:\/\/redfoxaffiliates.com\/faq\/#breadcrumb\"},\"inLanguage\":\"lt-LT\",\"potentialAction\":[{\"@type\":\"ReadAction\",\"target\":[\"https:\/\/redfoxaffiliates.com\/faq\/\"]}]},{\"@type\":\"BreadcrumbList\",\"@id\":\"https:\/\/redfoxaffiliates.com\/faq\/#breadcrumb\",\"itemListElement\":[{\"@type\":\"ListItem\",\"position\":1,\"name\":\"Home\",\"item\":\"https:\/\/redfoxaffiliates.com\/lt\/pagrindinis\/\"},{\"@type\":\"ListItem\",\"position\":2,\"name\":\"DUK\"}]},{\"@type\":\"WebSite\",\"@id\":\"https:\/\/redfoxaffiliates.com\/#website\",\"url\":\"https:\/\/redfoxaffiliates.com\/\",\"name\":\"RedFoxLotto Affiliate Program\",\"description\":\"The site for marketing partners of RedFoxLotto.com\",\"potentialAction\":[{\"@type\":\"SearchAction\",\"target\":{\"@type\":\"EntryPoint\",\"urlTemplate\":\"https:\/\/redfoxaffiliates.com\/?s={search_term_string}\"},\"query-input\":\"required name=search_term_string\"}],\"inLanguage\":\"lt-LT\"}]}<\/script>\n<!-- \/ Yoast SEO plugin. -->","yoast_head_json":{"title":"Da\u017enai u\u017eduodami klausimai apie partneryst\u0119 loterij\u0173 rinkoje","description":"Raskite atsakymus \u012f savo klausimus apie loterij\u0173 partneryst\u0119 apskritai ir konkre\u010diai apie RedFoxLotto partneri\u0173 program\u0105.","robots":{"index":"index","follow":"follow","max-snippet":"max-snippet:-1","max-image-preview":"max-image-preview:large","max-video-preview":"max-video-preview:-1"},"canonical":"https:\/\/redfoxaffiliates.com\/faq\/","og_locale":"lt_LT","og_type":"article","og_title":"Da\u017enai u\u017eduodami klausimai apie partneryst\u0119 loterij\u0173 rinkoje","og_description":"Raskite atsakymus \u012f savo klausimus apie loterij\u0173 partneryst\u0119 apskritai ir konkre\u010diai apie RedFoxLotto partneri\u0173 program\u0105.","og_url":"https:\/\/redfoxaffiliates.com\/faq\/","og_site_name":"RedFoxLotto Affiliate Program","twitter_card":"summary_large_image","twitter_misc":{"Est. reading time":"2 minut\u0117s"},"schema":{"@context":"https:\/\/schema.org","@graph":[{"@type":"WebPage","@id":"https:\/\/redfoxaffiliates.com\/faq\/","url":"https:\/\/redfoxaffiliates.com\/faq\/","name":"Da\u017enai u\u017eduodami klausimai apie partneryst\u0119 loterij\u0173 rinkoje","isPartOf":{"@id":"https:\/\/redfoxaffiliates.com\/#website"},"datePublished":"2023-07-15T11:46:59+00:00","dateModified":"2023-07-15T11:46:59+00:00","description":"Raskite atsakymus \u012f savo klausimus apie loterij\u0173 partneryst\u0119 apskritai ir konkre\u010diai apie RedFoxLotto partneri\u0173 program\u0105.","breadcrumb":{"@id":"https:\/\/redfoxaffiliates.com\/faq\/#breadcrumb"},"inLanguage":"lt-LT","potentialAction":[{"@type":"ReadAction","target":["https:\/\/redfoxaffiliates.com\/faq\/"]}]},{"@type":"BreadcrumbList","@id":"https:\/\/redfoxaffiliates.com\/faq\/#breadcrumb","itemListElement":[{"@type":"ListItem","position":1,"name":"Home","item":"https:\/\/redfoxaffiliates.com\/lt\/pagrindinis\/"},{"@type":"ListItem","position":2,"name":"DUK"}]},{"@type":"WebSite","@id":"https:\/\/redfoxaffiliates.com\/#website","url":"https:\/\/redfoxaffiliates.com\/","name":"RedFoxLotto Affiliate Program","description":"The site for marketing partners of RedFoxLotto.com","potentialAction":[{"@type":"SearchAction","target":{"@type":"EntryPoint","urlTemplate":"https:\/\/redfoxaffiliates.com\/?s={search_term_string}"},"query-input":"required name=search_term_string"}],"inLanguage":"lt-LT"}]}},"_links":{"self":[{"href":"https:\/\/redfoxaffiliates.com\/lt\/wp-json\/wp\/v2\/pages\/313","targetHints":{"allow":["GET"]}}],"collection":[{"href":"https:\/\/redfoxaffiliates.com\/lt\/wp-json\/wp\/v2\/pages"}],"about":[{"href":"https:\/\/redfoxaffiliates.com\/lt\/wp-json\/wp\/v2\/types\/page"}],"author":[{"embeddable":true,"href":"https:\/\/redfoxaffiliates.com\/lt\/wp-json\/wp\/v2\/users\/1"}],"replies":[{"embeddable":true,"href":"https:\/\/redfoxaffiliates.com\/lt\/wp-json\/wp\/v2\/comments?post=313"}],"version-history":[{"count":0,"href":"https:\/\/redfoxaffiliates.com\/lt\/wp-json\/wp\/v2\/pages\/313\/revisions"}],"wp:attachment":[{"href":"https:\/\/redfoxaffiliates.com\/lt\/wp-json\/wp\/v2\/media?parent=313"}],"curies":[{"name":"wp","href":"https:\/\/api.w.org\/{rel}","templated":true}]}}