{"id":277,"date":"2023-07-15T13:37:01","date_gmt":"2023-07-15T11:37:01","guid":{"rendered":"https:\/\/redfoxaffiliates.com\/uzdirbkite-pinigus-per-partneriu-rinkodara\/"},"modified":"2023-07-15T13:37:01","modified_gmt":"2023-07-15T11:37:01","slug":"uzdirbkite-pinigus-per-partneriu-rinkodara","status":"publish","type":"page","link":"https:\/\/redfoxaffiliates.com\/lt\/uzdirbkite-pinigus-per-partneriu-rinkodara\/","title":{"rendered":"U\u017edirbkite pinigus per partneri\u0173 rinkodar\u0105"},"content":{"rendered":"<h2>U\u017edirbkite komisinius \u2013 u\u017edirbkite pinigus reklamuodami \u201eRedFoxLotto\u201c kaip m\u016bs\u0173 partneris.<\/h2>\n<p>Kiekvienas j\u016bs\u0173 pritrauktas klientas bus j\u016bs\u0173 klientas vis\u0105 gyvenim\u0105. J\u016bs\u0173 u\u017edirbami komisiniai i\u0161 j\u016bs\u0173 pritraukto kliento n\u0117ra ribojami laiku. J\u016bs\u0173 partneri\u0173 s\u0105skaitoje niekada nebus pa\u0161alinti klientai. \u0160tai kod\u0117l m\u016bs\u0173 partneri\u0173 programa yra geriausia loterij\u0173 pramon\u0117je.<\/p>\n<p>J\u016bs\u0173 komisiniai bus mokami pagal pajam\u0173 dalijimosi princip\u0105, tai rei\u0161kia, kad j\u016bs\u0173 pajamos i\u0161 m\u016bs\u0173 partneri\u0173 programos bus nustatomos pagal j\u016bs\u0173 internetini\u0173 rekomendacij\u0173 generuojam\u0105 loterijos pardavim\u0173 apimt\u012f.<\/p>\n<p>Yra keturi partneri\u0173 komisini\u0173 lygiai:<br \/>\nbendrosios pardavim\u0173 pajamos iki 20 000,00 \u20ac: 8 % bendr\u0173j\u0173 pardavim\u0173 pajam\u0173<br \/>\nbendrosios pardavim\u0173 pajamos nuo 20 000,00 \u20ac iki 50 000,00 \u20ac: 10 % grynojo pardavimo<br \/>\nbendras pardavimas vir\u0161 50 000,00 \u20ac: 12 % grynojo pardavimo<\/p>\n<p>Auk\u0161tesnis komisini\u0173 procentas taikomas tik tam m\u0117nesiui, kur\u012f bendra komisini\u0173 suma vir\u0161ija nurodyt\u0105 sum\u0105. Jei kit\u0105 m\u0117nes\u012f komisini\u0173 suma yra ma\u017eesn\u0117, bus taikomas dabartinei komisini\u0173 sumai atitinkantis tarifas.<\/p>\n<h2>Kod\u0117l n\u0117ra CPA? Kod\u0117l pajam\u0173 dalijimosi sandoris yra geriausias variantas?<\/h2>\n<p>Jei nesate susipa\u017ein\u0119 su terminu CPA, tai rei\u0161kia \u201ekaina u\u017e veiksm\u0105\u201c: j\u016bs gaunate vienkartin\u012f mok\u0117jim\u0105 u\u017e kiekvien\u0105 klient\u0105, kuris atlieka savo pirm\u0105j\u012f pirkim\u0105 internete. Kai kurios partneri\u0173 programos moka CPA komisij\u0105 tik tada, kai \u017eaid\u0117jas atitinka minimalaus i\u0161laid\u0173 reikalavimo s\u0105lyg\u0105.<\/p>\n<p>Ta\u010diau CPA komisijos modelis \u0161ioje konkre\u010dioje pramon\u0117s \u0161akoje neturi prasm\u0117s. Pirma, pirmojo ind\u0117lio tur\u0117tojo gyvavimo trukm\u0117 yra daug ilgesn\u0117 nei bet kurioje kitoje internetini\u0173 lo\u0161im\u0173 srityje. Loterijos \u017eaid\u0117jai paprastai perka loterijos bilietus vis\u0105 savo gyvenim\u0105. Antra, m\u016bs\u0173 geriausi klientai vienu sandoriu perka internetinius loterijos bilietus u\u017e \u0161imtus eur\u0173. Tai da\u017eniau atsitinka, kai laim\u0117jimai yra labai dideli, ir tai yra viena i\u0161 prie\u017eas\u010di\u0173, kod\u0117l ilgalaik\u0117je perspektyvoje j\u016bs u\u017edirbsite daugiau pinig\u0173 su partneri\u0173 programa, kuri moka pagal pajam\u0173 dal\u012f.<\/p>\n<p>Paprastai loterij\u0173 sektoriuje geriausia, k\u0105 galite padaryti, yra reklamuoti partneri\u0173 program\u0105 su vis\u0105 gyvenim\u0105 galiojan\u010diu procentiniu susitarimu. Ta\u010diau i\u0161imtiniais atvejais, kai jau kur\u012f laik\u0105 dirbate su mumis, galima aptarti CPA susitarim\u0105, pagr\u012fst\u0105 j\u016bs\u0173 pritraukt\u0173 klient\u0173 veiklos rezultatais.<\/p>\n<h2>Subpartneri\u0173 komisija<\/h2>\n<p>U\u017e kiekvien\u0105 j\u016bs\u0173 pritraukt\u0105 subpartner\u012f gausite 2 % to partnerio generuojamos bendros loterijos pardavimo vert\u0117s.<\/p>\n","protected":false},"excerpt":{"rendered":"<p>U\u017edirbkite komisinius \u2013 u\u017edirbkite pinigus reklamuodami \u201eRedFoxLotto\u201c kaip m\u016bs\u0173 partneris. Kiekvienas j\u016bs\u0173 pritrauktas klientas bus j\u016bs\u0173 klientas vis\u0105 gyvenim\u0105. J\u016bs\u0173 u\u017edirbami komisiniai i\u0161 j\u016bs\u0173 pritraukto kliento n\u0117ra ribojami laiku. J\u016bs\u0173 partneri\u0173 s\u0105skaitoje niekada nebus pa\u0161alinti klientai. \u0160tai kod\u0117l m\u016bs\u0173 partneri\u0173 programa yra geriausia loterij\u0173 pramon\u0117je. J\u016bs\u0173 komisiniai bus mokami pagal<\/p>\n<p><a href=\"https:\/\/redfoxaffiliates.com\/lt\/uzdirbkite-pinigus-per-partneriu-rinkodara\/\" class=\"more-link\">Continue Reading<span class=\"screen-reader-text\">U\u017edirbkite pinigus per partneri\u0173 rinkodar\u0105<\/span><\/a><\/p>\n","protected":false},"author":1,"featured_media":0,"parent":0,"menu_order":2,"comment_status":"closed","ping_status":"closed","template":"","meta":{"footnotes":""},"class_list":["post-277","page","type-page","status-publish","hentry"],"yoast_head":"<!-- This site is optimized with the Yoast SEO plugin v22.4 - https:\/\/yoast.com\/wordpress\/plugins\/seo\/ -->\n<title>Kaip u\u017edirbti pinigus su m\u016bs\u0173 loterijos partneri\u0173 programa<\/title>\n<meta name=\"description\" content=\"U\u017e kiekvien\u0105 rekomenduot\u0105 klient\u0105 gausite vis\u0105 gyvenim\u0105 galiojan\u010di\u0105 komisij\u0105 u\u017e visus jo pirkimus. Pa\u017ei\u016br\u0117kite, kiek pinig\u0173 galite u\u017edirbti su m\u016bs\u0173 partneri\u0173 programa\" \/>\n<meta name=\"robots\" content=\"index, follow, max-snippet:-1, max-image-preview:large, max-video-preview:-1\" \/>\n<link rel=\"canonical\" href=\"https:\/\/redfoxaffiliates.com\/make-money-with-our-lottery-affliate-program\/\" \/>\n<meta property=\"og:locale\" content=\"lt_LT\" \/>\n<meta property=\"og:type\" content=\"article\" \/>\n<meta property=\"og:title\" content=\"Kaip u\u017edirbti pinigus su m\u016bs\u0173 loterijos partneri\u0173 programa\" \/>\n<meta property=\"og:description\" content=\"U\u017e kiekvien\u0105 rekomenduot\u0105 klient\u0105 gausite vis\u0105 gyvenim\u0105 galiojan\u010di\u0105 komisij\u0105 u\u017e visus jo pirkimus. Pa\u017ei\u016br\u0117kite, kiek pinig\u0173 galite u\u017edirbti su m\u016bs\u0173 partneri\u0173 programa\" \/>\n<meta property=\"og:url\" content=\"https:\/\/redfoxaffiliates.com\/make-money-with-our-lottery-affliate-program\/\" \/>\n<meta property=\"og:site_name\" content=\"RedFoxLotto Affiliate Program\" \/>\n<meta name=\"twitter:card\" content=\"summary_large_image\" \/>\n<meta name=\"twitter:label1\" content=\"Est. reading time\" \/>\n\t<meta name=\"twitter:data1\" content=\"2 minut\u0117s\" \/>\n<script type=\"application\/ld+json\" class=\"yoast-schema-graph\">{\"@context\":\"https:\/\/schema.org\",\"@graph\":[{\"@type\":\"WebPage\",\"@id\":\"https:\/\/redfoxaffiliates.com\/make-money-with-our-lottery-affliate-program\/\",\"url\":\"https:\/\/redfoxaffiliates.com\/make-money-with-our-lottery-affliate-program\/\",\"name\":\"Kaip u\u017edirbti pinigus su m\u016bs\u0173 loterijos partneri\u0173 programa\",\"isPartOf\":{\"@id\":\"https:\/\/redfoxaffiliates.com\/#website\"},\"datePublished\":\"2023-07-15T11:37:01+00:00\",\"dateModified\":\"2023-07-15T11:37:01+00:00\",\"description\":\"U\u017e kiekvien\u0105 rekomenduot\u0105 klient\u0105 gausite vis\u0105 gyvenim\u0105 galiojan\u010di\u0105 komisij\u0105 u\u017e visus jo pirkimus. Pa\u017ei\u016br\u0117kite, kiek pinig\u0173 galite u\u017edirbti su m\u016bs\u0173 partneri\u0173 programa\",\"breadcrumb\":{\"@id\":\"https:\/\/redfoxaffiliates.com\/make-money-with-our-lottery-affliate-program\/#breadcrumb\"},\"inLanguage\":\"lt-LT\",\"potentialAction\":[{\"@type\":\"ReadAction\",\"target\":[\"https:\/\/redfoxaffiliates.com\/make-money-with-our-lottery-affliate-program\/\"]}]},{\"@type\":\"BreadcrumbList\",\"@id\":\"https:\/\/redfoxaffiliates.com\/make-money-with-our-lottery-affliate-program\/#breadcrumb\",\"itemListElement\":[{\"@type\":\"ListItem\",\"position\":1,\"name\":\"Home\",\"item\":\"https:\/\/redfoxaffiliates.com\/lt\/pagrindinis\/\"},{\"@type\":\"ListItem\",\"position\":2,\"name\":\"U\u017edirbkite pinigus per partneri\u0173 rinkodar\u0105\"}]},{\"@type\":\"WebSite\",\"@id\":\"https:\/\/redfoxaffiliates.com\/#website\",\"url\":\"https:\/\/redfoxaffiliates.com\/\",\"name\":\"RedFoxLotto Affiliate Program\",\"description\":\"The site for marketing partners of RedFoxLotto.com\",\"potentialAction\":[{\"@type\":\"SearchAction\",\"target\":{\"@type\":\"EntryPoint\",\"urlTemplate\":\"https:\/\/redfoxaffiliates.com\/?s={search_term_string}\"},\"query-input\":\"required name=search_term_string\"}],\"inLanguage\":\"lt-LT\"}]}<\/script>\n<!-- \/ Yoast SEO plugin. -->","yoast_head_json":{"title":"Kaip u\u017edirbti pinigus su m\u016bs\u0173 loterijos partneri\u0173 programa","description":"U\u017e kiekvien\u0105 rekomenduot\u0105 klient\u0105 gausite vis\u0105 gyvenim\u0105 galiojan\u010di\u0105 komisij\u0105 u\u017e visus jo pirkimus. Pa\u017ei\u016br\u0117kite, kiek pinig\u0173 galite u\u017edirbti su m\u016bs\u0173 partneri\u0173 programa","robots":{"index":"index","follow":"follow","max-snippet":"max-snippet:-1","max-image-preview":"max-image-preview:large","max-video-preview":"max-video-preview:-1"},"canonical":"https:\/\/redfoxaffiliates.com\/make-money-with-our-lottery-affliate-program\/","og_locale":"lt_LT","og_type":"article","og_title":"Kaip u\u017edirbti pinigus su m\u016bs\u0173 loterijos partneri\u0173 programa","og_description":"U\u017e kiekvien\u0105 rekomenduot\u0105 klient\u0105 gausite vis\u0105 gyvenim\u0105 galiojan\u010di\u0105 komisij\u0105 u\u017e visus jo pirkimus. Pa\u017ei\u016br\u0117kite, kiek pinig\u0173 galite u\u017edirbti su m\u016bs\u0173 partneri\u0173 programa","og_url":"https:\/\/redfoxaffiliates.com\/make-money-with-our-lottery-affliate-program\/","og_site_name":"RedFoxLotto Affiliate Program","twitter_card":"summary_large_image","twitter_misc":{"Est. reading time":"2 minut\u0117s"},"schema":{"@context":"https:\/\/schema.org","@graph":[{"@type":"WebPage","@id":"https:\/\/redfoxaffiliates.com\/make-money-with-our-lottery-affliate-program\/","url":"https:\/\/redfoxaffiliates.com\/make-money-with-our-lottery-affliate-program\/","name":"Kaip u\u017edirbti pinigus su m\u016bs\u0173 loterijos partneri\u0173 programa","isPartOf":{"@id":"https:\/\/redfoxaffiliates.com\/#website"},"datePublished":"2023-07-15T11:37:01+00:00","dateModified":"2023-07-15T11:37:01+00:00","description":"U\u017e kiekvien\u0105 rekomenduot\u0105 klient\u0105 gausite vis\u0105 gyvenim\u0105 galiojan\u010di\u0105 komisij\u0105 u\u017e visus jo pirkimus. Pa\u017ei\u016br\u0117kite, kiek pinig\u0173 galite u\u017edirbti su m\u016bs\u0173 partneri\u0173 programa","breadcrumb":{"@id":"https:\/\/redfoxaffiliates.com\/make-money-with-our-lottery-affliate-program\/#breadcrumb"},"inLanguage":"lt-LT","potentialAction":[{"@type":"ReadAction","target":["https:\/\/redfoxaffiliates.com\/make-money-with-our-lottery-affliate-program\/"]}]},{"@type":"BreadcrumbList","@id":"https:\/\/redfoxaffiliates.com\/make-money-with-our-lottery-affliate-program\/#breadcrumb","itemListElement":[{"@type":"ListItem","position":1,"name":"Home","item":"https:\/\/redfoxaffiliates.com\/lt\/pagrindinis\/"},{"@type":"ListItem","position":2,"name":"U\u017edirbkite pinigus per partneri\u0173 rinkodar\u0105"}]},{"@type":"WebSite","@id":"https:\/\/redfoxaffiliates.com\/#website","url":"https:\/\/redfoxaffiliates.com\/","name":"RedFoxLotto Affiliate Program","description":"The site for marketing partners of RedFoxLotto.com","potentialAction":[{"@type":"SearchAction","target":{"@type":"EntryPoint","urlTemplate":"https:\/\/redfoxaffiliates.com\/?s={search_term_string}"},"query-input":"required name=search_term_string"}],"inLanguage":"lt-LT"}]}},"_links":{"self":[{"href":"https:\/\/redfoxaffiliates.com\/lt\/wp-json\/wp\/v2\/pages\/277","targetHints":{"allow":["GET"]}}],"collection":[{"href":"https:\/\/redfoxaffiliates.com\/lt\/wp-json\/wp\/v2\/pages"}],"about":[{"href":"https:\/\/redfoxaffiliates.com\/lt\/wp-json\/wp\/v2\/types\/page"}],"author":[{"embeddable":true,"href":"https:\/\/redfoxaffiliates.com\/lt\/wp-json\/wp\/v2\/users\/1"}],"replies":[{"embeddable":true,"href":"https:\/\/redfoxaffiliates.com\/lt\/wp-json\/wp\/v2\/comments?post=277"}],"version-history":[{"count":0,"href":"https:\/\/redfoxaffiliates.com\/lt\/wp-json\/wp\/v2\/pages\/277\/revisions"}],"wp:attachment":[{"href":"https:\/\/redfoxaffiliates.com\/lt\/wp-json\/wp\/v2\/media?parent=277"}],"curies":[{"name":"wp","href":"https:\/\/api.w.org\/{rel}","templated":true}]}}