{"id":267,"date":"2023-07-15T13:33:10","date_gmt":"2023-07-15T11:33:10","guid":{"rendered":"https:\/\/redfoxaffiliates.com\/kodel-tapti-loterijos-partneriu\/"},"modified":"2023-07-15T13:33:10","modified_gmt":"2023-07-15T11:33:10","slug":"kodel-tapti-loterijos-partneriu","status":"publish","type":"page","link":"https:\/\/redfoxaffiliates.com\/lt\/kodel-tapti-loterijos-partneriu\/","title":{"rendered":"Kod\u0117l tapti loterijos partneriu?"},"content":{"rendered":"<h2>Koks yra m\u016bs\u0173 produktas?<\/h2>\n<p>RedFoxLotto parduoda loterijos bilietus internetu. Mes si\u016blome klientams visame pasaulyje galimyb\u0119 dalyvauti loterijose su did\u017eiuliais laim\u0117jimais, pavyzd\u017eiui, JAV Mega Millions ir Powerball, bei did\u017eiosiose Europos loterijose, tokiose kaip EuroMillions, EuroJackpot ir SuperEnalotto.<\/p>\n<p>Per mus klientai gali \u012fsigyti loterij\u0173 bilietus kitose \u0161alyse, ne savo. Kad tai b\u016bt\u0173 \u012fmanoma, bendradarbiaujame su keliais agentais, esan\u010diais \u0161alyse, kuriose vyksta loterijos. Kai bilietas u\u017esakomas internetu, vienas i\u0161 m\u016bs\u0173 agent\u0173 j\u012f \u012fsigyja m\u016bs\u0173 klientams. Tai padar\u0119, patvirtiname pirkim\u0105 m\u016bs\u0173 klientui. Kai bilietas \u012fsigyjamas per mus, mes taip pat tvarkome i\u0161mok\u0117jimus m\u016bs\u0173 klientams.<\/p>\n<p>Galb\u016bt esate gird\u0117j\u0119 termin\u0105 \u201eantrin\u0117 loterij\u0173 rinka\u201c \u2013 tai yra \u0161ios rinkos pavadinimas. Loterijos yra milijard\u0173 doleri\u0173 vert\u0117s pramon\u0117, kuri neapsiriboja vietos pasi\u016blymais (jei j\u0173 gyvenamojoje \u0161alyje apskritai yra loterijos). Paklausa m\u016bs\u0173 biliet\u0173 paslaugoms yra labai didel\u0117. Ypa\u010d kai naujienos apie mil\u017eini\u0161kus laim\u0117jimus pasiekia pasaulio naujien\u0173 antra\u0161tes, internetiniai bilietai, galima sakyti, \u201eskrenda nuo lentyn\u0173\u201c.<\/p>\n<h2>Prie\u017eastys reklamuoti RedFoxLotto<\/h2>\n<h3>Puik\u016bs konversijos rodikliai<\/h3>\n<p>M\u016bs\u0173 svetain\u0117 https:\/\/redfoxlotto.com buvo optimizuota, kad pirkimo procesas b\u016bt\u0173 kuo paprastesnis. Tai svarbu norint u\u017etikrinti auk\u0161t\u0105 konversijos rodikl\u012f. Kuo geriau konvertuosime j\u016bs\u0173 sraut\u0105, tuo daugiau pinig\u0173 u\u017edirbsite.<\/p>\n<h2>Puikus klient\u0173 i\u0161laikymas<\/h2>\n<p>Klient\u0173 vert\u0117 per vis\u0105 gyvenim\u0105 yra vienas i\u0161 geriausi\u0173 \u0161ios pramon\u0117s aspekt\u0173. Didel\u0117 dalis m\u016bs\u0173 klient\u0173 gr\u012f\u017eta ir perka daugiau biliet\u0173 savait\u0117 po savait\u0117s i\u0161tisus metus!<\/p>\n<h2>\u012evair\u016bs mok\u0117jimo b\u016bdai yra lygiai taip pat svarb\u016bs<\/h2>\n<p>Mes stengiam\u0117s \u010dia pasi\u016blyti plat\u0173 pasirinkim\u0105. Tai svarbu, kad lankytojai i\u0161 bet kurios \u0161alies gal\u0117t\u0173 lengvai sumok\u0117ti u\u017e bilietus. Nepaisant to, kreditini\u0173 korteli\u0173 mok\u0117jimai vis dar sudaro did\u017ei\u0105j\u0105 dal\u012f pardavim\u0173. Ta\u010diau tokie mok\u0117jimo b\u016bdai kaip Bitcoin ir eWallets tampa vis svarbesni.<\/p>\n<p>Mes \u012fsipareigojome vykdyti s\u0105\u017eining\u0105 ir eti\u0161k\u0105 partneri\u0173 program\u0105. Dauguma program\u0173 \u0161ioje srityje yra \u017einomos d\u0117l to, kad vienaip ar kitaip apgaudin\u0117ja savo partnerius. Buv\u0119s partneris \u012fk\u016br\u0117 \u201eRedFoxLotto\u201c prek\u0117s \u017eenkl\u0105. Tas pats buv\u0119s partneris yra atsakingas u\u017e partneri\u0173 program\u0105. Pra\u0161ome perskaityti m\u016bs\u0173 straipsn\u012f apie partneryst\u0119 ir etik\u0105 \u2013 jis pad\u0117s jums geriau suprasti, i\u0161 kur mes kil\u0119.<\/p>\n<h2>Komisiniai mokes\u010diai vir\u0161ija pramon\u0117s standart\u0105<\/h2>\n<p>U\u017edirbkite iki 12 % bendros pardavimo vert\u0117s, kuri\u0105 generuoja j\u016bs\u0173 rekomenduojami klientai.<\/p>\n<h2>Antrojo lygio partneryst\u0117<\/h2>\n<p>Tai rei\u0161kia, kad jei pritrauksite papildom\u0173 subpartneri\u0173, taip pat u\u017edirbsite 2 % komisij\u0105 nuo j\u0173 rekomenduojam\u0173 klient\u0173 generuojamo pardavimo.<\/p>\n<h2>Tikslingas komisini\u0173 mok\u0117jimas<\/h2>\n<p>Mes sumokame j\u016bs\u0173 komisines u\u017e pra\u0117jus\u012f m\u0117nes\u012f kito m\u0117nesio 15 d. Galite pasirinkti i\u0161 keli\u0173 mok\u0117jimo b\u016bd\u0173.<\/p>\n<h2>Kas gali tapti partneriu ir kaip galite mus reklamuoti?<\/h2>\n<p>Na, tiesiog visi! Galb\u016bt turite su loterija susijusi\u0105 svetain\u0119. Tokiu atveju j\u016bs\u0173 konversijos rodiklis bus auk\u0161tas, nes m\u016bs\u0173 produktas patinka j\u016bs\u0173 auditorijai.<\/p>\n<p>Arba turite kitokios temos svetain\u0119 ir ie\u0161kote b\u016bd\u0173, kaip u\u017esidirbti i\u0161 savo lankytoj\u0173 srauto. Visi m\u0117gsta \u017eaisti loterij\u0105, o j\u016bs\u0173 pajamos daugiausia priklausys nuo j\u016bs\u0173 svetain\u0117s lankytoj\u0173 srauto.<\/p>\n<p>El. pa\u0161to s\u0105ra\u0161ai yra puiki priemon\u0117 naujiems klientams pritraukti. Mes netoleruojame spamavimo, tod\u0117l \u012fsitikinkite, kad j\u016bs\u0173 el. pa\u0161to s\u0105ra\u0161e yra tik tie kontaktai, kurie sutiko gauti j\u016bs\u0173 rinkodaros el. lai\u0161kus.<\/p>\n<p>Kai kurie m\u016bs\u0173 partneriai naudoja ne internetines strategijas mums reklamuoti. Jie suk\u016br\u0117 savo loterijos svetaines su partneri\u0173 nuorodomis \u012f RedFoxLotto.com. Tada jie platina skrajutes, vizitines korteles ir kit\u0105 rinkodaros med\u017eiag\u0105, reklamuojan\u010di\u0105 j\u0173 svetain\u0119, taip generuodami sraut\u0105 ir galiausiai pardavimus RedFoxLotto.com.<\/p>\n","protected":false},"excerpt":{"rendered":"<p>Koks yra m\u016bs\u0173 produktas? RedFoxLotto parduoda loterijos bilietus internetu. Mes si\u016blome klientams visame pasaulyje galimyb\u0119 dalyvauti loterijose su did\u017eiuliais laim\u0117jimais, pavyzd\u017eiui, JAV Mega Millions ir Powerball, bei did\u017eiosiose Europos loterijose, tokiose kaip EuroMillions, EuroJackpot ir SuperEnalotto. Per mus klientai gali \u012fsigyti loterij\u0173 bilietus kitose \u0161alyse, ne savo. Kad tai b\u016bt\u0173<\/p>\n<p><a href=\"https:\/\/redfoxaffiliates.com\/lt\/kodel-tapti-loterijos-partneriu\/\" class=\"more-link\">Continue Reading<span class=\"screen-reader-text\">Kod\u0117l tapti loterijos partneriu?<\/span><\/a><\/p>\n","protected":false},"author":1,"featured_media":0,"parent":0,"menu_order":1,"comment_status":"closed","ping_status":"closed","template":"","meta":{"footnotes":""},"class_list":["post-267","page","type-page","status-publish","hentry"],"yoast_head":"<!-- This site is optimized with the Yoast SEO plugin v22.4 - https:\/\/yoast.com\/wordpress\/plugins\/seo\/ -->\n<title>Kod\u0117l verta prisijungti prie RedFoxLotto partneri\u0173 programos?<\/title>\n<meta name=\"description\" content=\"Prie\u017eastys, kod\u0117l verta prisijungti prie m\u016bs\u0173 ir tapti RedFoxLotto partneriu bei pardavimo partneriu. Gaukite komisinius u\u017e kiekvien\u0105 j\u016bs\u0173 rekomenduot\u0173 klient\u0173 pardavim\u0105 vis\u0105 gyvenim\u0105!\" \/>\n<meta name=\"robots\" content=\"index, follow, max-snippet:-1, max-image-preview:large, max-video-preview:-1\" \/>\n<link rel=\"canonical\" href=\"https:\/\/redfoxaffiliates.com\/why-become-a-lottery-affiliate\/\" \/>\n<meta property=\"og:locale\" content=\"lt_LT\" \/>\n<meta property=\"og:type\" content=\"article\" \/>\n<meta property=\"og:title\" content=\"Kod\u0117l verta prisijungti prie RedFoxLotto partneri\u0173 programos?\" \/>\n<meta property=\"og:description\" content=\"Prie\u017eastys, kod\u0117l verta prisijungti prie m\u016bs\u0173 ir tapti RedFoxLotto partneriu bei pardavimo partneriu. Gaukite komisinius u\u017e kiekvien\u0105 j\u016bs\u0173 rekomenduot\u0173 klient\u0173 pardavim\u0105 vis\u0105 gyvenim\u0105!\" \/>\n<meta property=\"og:url\" content=\"https:\/\/redfoxaffiliates.com\/why-become-a-lottery-affiliate\/\" \/>\n<meta property=\"og:site_name\" content=\"RedFoxLotto Affiliate Program\" \/>\n<meta name=\"twitter:card\" content=\"summary_large_image\" \/>\n<meta name=\"twitter:label1\" content=\"Est. reading time\" \/>\n\t<meta name=\"twitter:data1\" content=\"3 minut\u0117s\" \/>\n<script type=\"application\/ld+json\" class=\"yoast-schema-graph\">{\"@context\":\"https:\/\/schema.org\",\"@graph\":[{\"@type\":\"WebPage\",\"@id\":\"https:\/\/redfoxaffiliates.com\/why-become-a-lottery-affiliate\/\",\"url\":\"https:\/\/redfoxaffiliates.com\/why-become-a-lottery-affiliate\/\",\"name\":\"Kod\u0117l verta prisijungti prie RedFoxLotto partneri\u0173 programos?\",\"isPartOf\":{\"@id\":\"https:\/\/redfoxaffiliates.com\/#website\"},\"datePublished\":\"2023-07-15T11:33:10+00:00\",\"dateModified\":\"2023-07-15T11:33:10+00:00\",\"description\":\"Prie\u017eastys, kod\u0117l verta prisijungti prie m\u016bs\u0173 ir tapti RedFoxLotto partneriu bei pardavimo partneriu. Gaukite komisinius u\u017e kiekvien\u0105 j\u016bs\u0173 rekomenduot\u0173 klient\u0173 pardavim\u0105 vis\u0105 gyvenim\u0105!\",\"breadcrumb\":{\"@id\":\"https:\/\/redfoxaffiliates.com\/why-become-a-lottery-affiliate\/#breadcrumb\"},\"inLanguage\":\"lt-LT\",\"potentialAction\":[{\"@type\":\"ReadAction\",\"target\":[\"https:\/\/redfoxaffiliates.com\/why-become-a-lottery-affiliate\/\"]}]},{\"@type\":\"BreadcrumbList\",\"@id\":\"https:\/\/redfoxaffiliates.com\/why-become-a-lottery-affiliate\/#breadcrumb\",\"itemListElement\":[{\"@type\":\"ListItem\",\"position\":1,\"name\":\"Home\",\"item\":\"https:\/\/redfoxaffiliates.com\/lt\/pagrindinis\/\"},{\"@type\":\"ListItem\",\"position\":2,\"name\":\"Kod\u0117l tapti loterijos partneriu?\"}]},{\"@type\":\"WebSite\",\"@id\":\"https:\/\/redfoxaffiliates.com\/#website\",\"url\":\"https:\/\/redfoxaffiliates.com\/\",\"name\":\"RedFoxLotto Affiliate Program\",\"description\":\"The site for marketing partners of RedFoxLotto.com\",\"potentialAction\":[{\"@type\":\"SearchAction\",\"target\":{\"@type\":\"EntryPoint\",\"urlTemplate\":\"https:\/\/redfoxaffiliates.com\/?s={search_term_string}\"},\"query-input\":\"required name=search_term_string\"}],\"inLanguage\":\"lt-LT\"}]}<\/script>\n<!-- \/ Yoast SEO plugin. -->","yoast_head_json":{"title":"Kod\u0117l verta prisijungti prie RedFoxLotto partneri\u0173 programos?","description":"Prie\u017eastys, kod\u0117l verta prisijungti prie m\u016bs\u0173 ir tapti RedFoxLotto partneriu bei pardavimo partneriu. Gaukite komisinius u\u017e kiekvien\u0105 j\u016bs\u0173 rekomenduot\u0173 klient\u0173 pardavim\u0105 vis\u0105 gyvenim\u0105!","robots":{"index":"index","follow":"follow","max-snippet":"max-snippet:-1","max-image-preview":"max-image-preview:large","max-video-preview":"max-video-preview:-1"},"canonical":"https:\/\/redfoxaffiliates.com\/why-become-a-lottery-affiliate\/","og_locale":"lt_LT","og_type":"article","og_title":"Kod\u0117l verta prisijungti prie RedFoxLotto partneri\u0173 programos?","og_description":"Prie\u017eastys, kod\u0117l verta prisijungti prie m\u016bs\u0173 ir tapti RedFoxLotto partneriu bei pardavimo partneriu. Gaukite komisinius u\u017e kiekvien\u0105 j\u016bs\u0173 rekomenduot\u0173 klient\u0173 pardavim\u0105 vis\u0105 gyvenim\u0105!","og_url":"https:\/\/redfoxaffiliates.com\/why-become-a-lottery-affiliate\/","og_site_name":"RedFoxLotto Affiliate Program","twitter_card":"summary_large_image","twitter_misc":{"Est. reading time":"3 minut\u0117s"},"schema":{"@context":"https:\/\/schema.org","@graph":[{"@type":"WebPage","@id":"https:\/\/redfoxaffiliates.com\/why-become-a-lottery-affiliate\/","url":"https:\/\/redfoxaffiliates.com\/why-become-a-lottery-affiliate\/","name":"Kod\u0117l verta prisijungti prie RedFoxLotto partneri\u0173 programos?","isPartOf":{"@id":"https:\/\/redfoxaffiliates.com\/#website"},"datePublished":"2023-07-15T11:33:10+00:00","dateModified":"2023-07-15T11:33:10+00:00","description":"Prie\u017eastys, kod\u0117l verta prisijungti prie m\u016bs\u0173 ir tapti RedFoxLotto partneriu bei pardavimo partneriu. Gaukite komisinius u\u017e kiekvien\u0105 j\u016bs\u0173 rekomenduot\u0173 klient\u0173 pardavim\u0105 vis\u0105 gyvenim\u0105!","breadcrumb":{"@id":"https:\/\/redfoxaffiliates.com\/why-become-a-lottery-affiliate\/#breadcrumb"},"inLanguage":"lt-LT","potentialAction":[{"@type":"ReadAction","target":["https:\/\/redfoxaffiliates.com\/why-become-a-lottery-affiliate\/"]}]},{"@type":"BreadcrumbList","@id":"https:\/\/redfoxaffiliates.com\/why-become-a-lottery-affiliate\/#breadcrumb","itemListElement":[{"@type":"ListItem","position":1,"name":"Home","item":"https:\/\/redfoxaffiliates.com\/lt\/pagrindinis\/"},{"@type":"ListItem","position":2,"name":"Kod\u0117l tapti loterijos partneriu?"}]},{"@type":"WebSite","@id":"https:\/\/redfoxaffiliates.com\/#website","url":"https:\/\/redfoxaffiliates.com\/","name":"RedFoxLotto Affiliate Program","description":"The site for marketing partners of RedFoxLotto.com","potentialAction":[{"@type":"SearchAction","target":{"@type":"EntryPoint","urlTemplate":"https:\/\/redfoxaffiliates.com\/?s={search_term_string}"},"query-input":"required name=search_term_string"}],"inLanguage":"lt-LT"}]}},"_links":{"self":[{"href":"https:\/\/redfoxaffiliates.com\/lt\/wp-json\/wp\/v2\/pages\/267","targetHints":{"allow":["GET"]}}],"collection":[{"href":"https:\/\/redfoxaffiliates.com\/lt\/wp-json\/wp\/v2\/pages"}],"about":[{"href":"https:\/\/redfoxaffiliates.com\/lt\/wp-json\/wp\/v2\/types\/page"}],"author":[{"embeddable":true,"href":"https:\/\/redfoxaffiliates.com\/lt\/wp-json\/wp\/v2\/users\/1"}],"replies":[{"embeddable":true,"href":"https:\/\/redfoxaffiliates.com\/lt\/wp-json\/wp\/v2\/comments?post=267"}],"version-history":[{"count":0,"href":"https:\/\/redfoxaffiliates.com\/lt\/wp-json\/wp\/v2\/pages\/267\/revisions"}],"wp:attachment":[{"href":"https:\/\/redfoxaffiliates.com\/lt\/wp-json\/wp\/v2\/media?parent=267"}],"curies":[{"name":"wp","href":"https:\/\/api.w.org\/{rel}","templated":true}]}}