{"id":188,"date":"2023-07-15T08:09:36","date_gmt":"2023-07-15T06:09:36","guid":{"rendered":"https:\/\/redfoxaffiliates.com\/pagrindinis\/"},"modified":"2026-01-03T10:49:26","modified_gmt":"2026-01-03T09:49:26","slug":"pagrindinis","status":"publish","type":"page","link":"https:\/\/redfoxaffiliates.com\/lt\/","title":{"rendered":"Pagrindinis"},"content":{"rendered":"&#13;\n<p>RedFoxAffiliates.com yra RedFoxLotto.com partneri\u0173 programa. RedFoxLotto yra loterijos biliet\u0173 pristatymo paslauga. Per RedFoxLotto.com svetain\u0119 loterijos gerb\u0117jai i\u0161 viso pasaulio gali u\u017esisakyti tikrus bilietus \u012f daugel\u012f tarptautini\u0173 loterij\u0173.<\/p>&#13;\n<h2>Ar galite pritraukti lankytoj\u0173?<\/h2>&#13;\n<p>Jei galite pritraukti lankytoj\u0173 (nauj\u0173 potenciali\u0173 klient\u0173) \u012f m\u016bs\u0173 svetain\u0119, u\u017edirbsite komisinius. J\u016bs mums siun\u010diate lankytojus, o mes juos konvertuojame. Daugiau lankytoj\u0173 rei\u0161kia daugiau mokan\u010di\u0173 klient\u0173 ir didesnius komisinius jums.&#13;\n<\/p>&#13;\n<h2>M\u016bs\u0173 loterijos biliet\u0173 paslauga yra idealus produktas reklamai internete<\/h2>&#13;\n<p>Tai paprastas produktas, kur\u012f \u017eino visi visame pasaulyje. Did\u017eiuliai laim\u0117jimai sulaukia didelio pasaulin\u0117s auditorijos susidom\u0117jimo.&#13;\n<\/p>&#13;\n<h2>Lengvas konvertavimas \u2013 i\u0161 lankytojo \u012f klient\u0105<\/h2>&#13;\n<p>Bilietus internetu \u012fsigyti per m\u016bs\u0173 svetain\u0119 yra labai paprasta. Registracija redfoxlotto.com svetain\u0117je trunka tik kelias sekundes, o bilieto u\u017esakymas ir apmok\u0117jimas internetu yra lygiai taip pat greitas ir paprastas. J\u016bs siun\u010diate mums savo lankytojus, o mes juos konvertuojame.&#13;\n<\/p>&#13;\n<h2>M\u016bs\u0173 klientai yra lojal\u016bs \u2013 jie gr\u012f\u017eta ir perka daugiau biliet\u0173 ilg\u0105 laik\u0105.<\/h2>&#13;\n<p>Kai j\u016bs\u0173 lankytojai atliks pirm\u0105j\u012f pirkim\u0105, jie gr\u012f\u0161 pirkti papildom\u0173 biliet\u0173. Daugelis m\u016bs\u0173 klient\u0173 yra su mumis jau de\u0161imt met\u0173 ar net ilgiau. Jei nukreipiate klient\u0105 pas mus, tik\u0117tina, kad u\u017e to kliento pirkimus gausite komisinius ateinan\u010diais metais!&#13;\n<\/p>&#13;\n<p>U\u017esiregistruokite m\u016bs\u0173 partneri\u0173 programoje dabar. Dalyvavimas yra nemokamas. Jei turite klausim\u0173, pirmiausia per\u017ei\u016br\u0117kite m\u016bs\u0173 DUK puslap\u012f. Jei turite daugiau klausim\u0173, susisiekite su mumis.&#13;\n<\/p>&#13;\n<p>Nor\u0117dami prisijungti prie m\u016bs\u0173 partneri\u0173 programos, spauskite \u0161i\u0105 nuorod\u0105. U\u017esiregistrav\u0119, gausite el. lai\u0161k\u0105 i\u0161 m\u016bs\u0173. Nepamir\u0161kite paspausti patvirtinimo nuorod\u0105 tame el. lai\u0161ke. J\u016bs\u0173 registracija bus per\u017ei\u016br\u0117ta, o j\u016bs\u0173 partneri\u0173 s\u0105skaita bus aktyvuota per 48 valandas.<\/p>&#13;\n<p>\u00a0<\/p>&#13;\n","protected":false},"excerpt":{"rendered":"<p>&#13; RedFoxAffiliates.com yra RedFoxLotto.com partneri\u0173 programa. RedFoxLotto yra loterijos biliet\u0173 pristatymo paslauga. Per RedFoxLotto.com svetain\u0119 loterijos gerb\u0117jai i\u0161 viso pasaulio gali u\u017esisakyti tikrus bilietus \u012f daugel\u012f tarptautini\u0173 loterij\u0173. &#13; Ar galite pritraukti lankytoj\u0173? &#13; Jei galite pritraukti lankytoj\u0173 (nauj\u0173 potenciali\u0173 klient\u0173) \u012f m\u016bs\u0173 svetain\u0119, u\u017edirbsite komisinius. J\u016bs mums siun\u010diate lankytojus,<\/p>\n<p><a href=\"https:\/\/redfoxaffiliates.com\/lt\/\" class=\"more-link\">Continue Reading<span class=\"screen-reader-text\">Pagrindinis<\/span><\/a><\/p>\n","protected":false},"author":1,"featured_media":0,"parent":0,"menu_order":0,"comment_status":"closed","ping_status":"closed","template":"","meta":{"footnotes":""},"class_list":["post-188","page","type-page","status-publish","hentry"],"yoast_head":"<!-- This site is optimized with the Yoast SEO plugin v22.4 - https:\/\/yoast.com\/wordpress\/plugins\/seo\/ -->\n<title>RedFoxLotto.com partneri\u0173 programa<\/title>\n<meta name=\"description\" content=\"M\u016bs\u0173 partneri\u0173 programa leid\u017eia RedFoxLotto partneriams u\u017edirbti komisinius u\u017e j\u0173 rekomendacijas. Tapkite pardavimo partneriu ir prad\u0117kite reklamuoti m\u016bs\u0173 internetin\u0119 loterijos biliet\u0173 paslaug\u0105 jau \u0161iandien!\" \/>\n<meta name=\"robots\" content=\"index, follow, max-snippet:-1, max-image-preview:large, max-video-preview:-1\" \/>\n<link rel=\"canonical\" href=\"https:\/\/redfoxaffiliates.com\/lt\/pagrindinis\/\" \/>\n<meta property=\"og:locale\" content=\"lt_LT\" \/>\n<meta property=\"og:type\" content=\"article\" \/>\n<meta property=\"og:title\" content=\"RedFoxLotto.com partneri\u0173 programa\" \/>\n<meta property=\"og:description\" content=\"M\u016bs\u0173 partneri\u0173 programa leid\u017eia RedFoxLotto partneriams u\u017edirbti komisinius u\u017e j\u0173 rekomendacijas. Tapkite pardavimo partneriu ir prad\u0117kite reklamuoti m\u016bs\u0173 internetin\u0119 loterijos biliet\u0173 paslaug\u0105 jau \u0161iandien!\" \/>\n<meta property=\"og:url\" content=\"https:\/\/redfoxaffiliates.com\/lt\/pagrindinis\/\" \/>\n<meta property=\"og:site_name\" content=\"RedFoxLotto Affiliate Program\" \/>\n<meta property=\"article:modified_time\" content=\"2026-01-03T09:49:26+00:00\" \/>\n<meta name=\"twitter:card\" content=\"summary_large_image\" \/>\n<meta name=\"twitter:label1\" content=\"Est. reading time\" \/>\n\t<meta name=\"twitter:data1\" content=\"1 minut\u0117\" \/>\n<script type=\"application\/ld+json\" class=\"yoast-schema-graph\">{\"@context\":\"https:\/\/schema.org\",\"@graph\":[{\"@type\":\"WebPage\",\"@id\":\"https:\/\/redfoxaffiliates.com\/lt\/pagrindinis\/\",\"url\":\"https:\/\/redfoxaffiliates.com\/lt\/pagrindinis\/\",\"name\":\"RedFoxLotto.com partneri\u0173 programa\",\"isPartOf\":{\"@id\":\"https:\/\/redfoxaffiliates.com\/#website\"},\"datePublished\":\"2023-07-15T06:09:36+00:00\",\"dateModified\":\"2026-01-03T09:49:26+00:00\",\"description\":\"M\u016bs\u0173 partneri\u0173 programa leid\u017eia RedFoxLotto partneriams u\u017edirbti komisinius u\u017e j\u0173 rekomendacijas. Tapkite pardavimo partneriu ir prad\u0117kite reklamuoti m\u016bs\u0173 internetin\u0119 loterijos biliet\u0173 paslaug\u0105 jau \u0161iandien!\",\"breadcrumb\":{\"@id\":\"https:\/\/redfoxaffiliates.com\/lt\/pagrindinis\/#breadcrumb\"},\"inLanguage\":\"lt-LT\",\"potentialAction\":[{\"@type\":\"ReadAction\",\"target\":[\"https:\/\/redfoxaffiliates.com\/lt\/pagrindinis\/\"]}]},{\"@type\":\"BreadcrumbList\",\"@id\":\"https:\/\/redfoxaffiliates.com\/lt\/pagrindinis\/#breadcrumb\",\"itemListElement\":[{\"@type\":\"ListItem\",\"position\":1,\"name\":\"Home\",\"item\":\"https:\/\/redfoxaffiliates.com\/lt\/pagrindinis\/\"},{\"@type\":\"ListItem\",\"position\":2,\"name\":\"Pagrindinis\"}]},{\"@type\":\"WebSite\",\"@id\":\"https:\/\/redfoxaffiliates.com\/#website\",\"url\":\"https:\/\/redfoxaffiliates.com\/\",\"name\":\"RedFoxLotto Affiliate Program\",\"description\":\"The site for marketing partners of RedFoxLotto.com\",\"potentialAction\":[{\"@type\":\"SearchAction\",\"target\":{\"@type\":\"EntryPoint\",\"urlTemplate\":\"https:\/\/redfoxaffiliates.com\/?s={search_term_string}\"},\"query-input\":\"required name=search_term_string\"}],\"inLanguage\":\"lt-LT\"}]}<\/script>\n<!-- \/ Yoast SEO plugin. -->","yoast_head_json":{"title":"RedFoxLotto.com partneri\u0173 programa","description":"M\u016bs\u0173 partneri\u0173 programa leid\u017eia RedFoxLotto partneriams u\u017edirbti komisinius u\u017e j\u0173 rekomendacijas. Tapkite pardavimo partneriu ir prad\u0117kite reklamuoti m\u016bs\u0173 internetin\u0119 loterijos biliet\u0173 paslaug\u0105 jau \u0161iandien!","robots":{"index":"index","follow":"follow","max-snippet":"max-snippet:-1","max-image-preview":"max-image-preview:large","max-video-preview":"max-video-preview:-1"},"canonical":"https:\/\/redfoxaffiliates.com\/lt\/pagrindinis\/","og_locale":"lt_LT","og_type":"article","og_title":"RedFoxLotto.com partneri\u0173 programa","og_description":"M\u016bs\u0173 partneri\u0173 programa leid\u017eia RedFoxLotto partneriams u\u017edirbti komisinius u\u017e j\u0173 rekomendacijas. Tapkite pardavimo partneriu ir prad\u0117kite reklamuoti m\u016bs\u0173 internetin\u0119 loterijos biliet\u0173 paslaug\u0105 jau \u0161iandien!","og_url":"https:\/\/redfoxaffiliates.com\/lt\/pagrindinis\/","og_site_name":"RedFoxLotto Affiliate Program","article_modified_time":"2026-01-03T09:49:26+00:00","twitter_card":"summary_large_image","twitter_misc":{"Est. reading time":"1 minut\u0117"},"schema":{"@context":"https:\/\/schema.org","@graph":[{"@type":"WebPage","@id":"https:\/\/redfoxaffiliates.com\/lt\/pagrindinis\/","url":"https:\/\/redfoxaffiliates.com\/lt\/pagrindinis\/","name":"RedFoxLotto.com partneri\u0173 programa","isPartOf":{"@id":"https:\/\/redfoxaffiliates.com\/#website"},"datePublished":"2023-07-15T06:09:36+00:00","dateModified":"2026-01-03T09:49:26+00:00","description":"M\u016bs\u0173 partneri\u0173 programa leid\u017eia RedFoxLotto partneriams u\u017edirbti komisinius u\u017e j\u0173 rekomendacijas. Tapkite pardavimo partneriu ir prad\u0117kite reklamuoti m\u016bs\u0173 internetin\u0119 loterijos biliet\u0173 paslaug\u0105 jau \u0161iandien!","breadcrumb":{"@id":"https:\/\/redfoxaffiliates.com\/lt\/pagrindinis\/#breadcrumb"},"inLanguage":"lt-LT","potentialAction":[{"@type":"ReadAction","target":["https:\/\/redfoxaffiliates.com\/lt\/pagrindinis\/"]}]},{"@type":"BreadcrumbList","@id":"https:\/\/redfoxaffiliates.com\/lt\/pagrindinis\/#breadcrumb","itemListElement":[{"@type":"ListItem","position":1,"name":"Home","item":"https:\/\/redfoxaffiliates.com\/lt\/pagrindinis\/"},{"@type":"ListItem","position":2,"name":"Pagrindinis"}]},{"@type":"WebSite","@id":"https:\/\/redfoxaffiliates.com\/#website","url":"https:\/\/redfoxaffiliates.com\/","name":"RedFoxLotto Affiliate Program","description":"The site for marketing partners of RedFoxLotto.com","potentialAction":[{"@type":"SearchAction","target":{"@type":"EntryPoint","urlTemplate":"https:\/\/redfoxaffiliates.com\/?s={search_term_string}"},"query-input":"required name=search_term_string"}],"inLanguage":"lt-LT"}]}},"_links":{"self":[{"href":"https:\/\/redfoxaffiliates.com\/lt\/wp-json\/wp\/v2\/pages\/188","targetHints":{"allow":["GET"]}}],"collection":[{"href":"https:\/\/redfoxaffiliates.com\/lt\/wp-json\/wp\/v2\/pages"}],"about":[{"href":"https:\/\/redfoxaffiliates.com\/lt\/wp-json\/wp\/v2\/types\/page"}],"author":[{"embeddable":true,"href":"https:\/\/redfoxaffiliates.com\/lt\/wp-json\/wp\/v2\/users\/1"}],"replies":[{"embeddable":true,"href":"https:\/\/redfoxaffiliates.com\/lt\/wp-json\/wp\/v2\/comments?post=188"}],"version-history":[{"count":1,"href":"https:\/\/redfoxaffiliates.com\/lt\/wp-json\/wp\/v2\/pages\/188\/revisions"}],"predecessor-version":[{"id":189,"href":"https:\/\/redfoxaffiliates.com\/lt\/wp-json\/wp\/v2\/pages\/188\/revisions\/189"}],"wp:attachment":[{"href":"https:\/\/redfoxaffiliates.com\/lt\/wp-json\/wp\/v2\/media?parent=188"}],"curies":[{"name":"wp","href":"https:\/\/api.w.org\/{rel}","templated":true}]}}