{"id":334,"date":"2026-01-01T21:15:19","date_gmt":"2026-01-01T20:15:19","guid":{"rendered":"https:\/\/redfoxaffiliates.com\/come-avviare-unattivita-di-affiliazione-online\/"},"modified":"2026-01-01T21:15:19","modified_gmt":"2026-01-01T20:15:19","slug":"come-avviare-unattivita-di-affiliazione-online","status":"publish","type":"page","link":"https:\/\/redfoxaffiliates.com\/it\/come-avviare-unattivita-di-affiliazione-online\/","title":{"rendered":"Come avviare un&#8217;attivit\u00e0 di affiliazione online"},"content":{"rendered":"<h2>Cos&#8217;\u00e8 il marketing di affiliazione?<\/h2>\n<p>Molti venditori online hanno i cosiddetti programmi di affiliazione. Chiunque pu\u00f2 creare un account di affiliazione e iniziare a promuovere i propri prodotti online. Il promotore (tu) riceve una commissione per aver indirizzato clienti paganti al venditore.<\/p>\n<p>Controlla il menu a destra. C&#8217;\u00e8 un link a un tutorial in PDF per principianti su come avviare un&#8217;attivit\u00e0 di affiliazione, partendo da zero e con un investimento minimo.<\/p>\n<h2>Come si viene pagati?<\/h2>\n<p>Una volta iscritti al programma di affiliazione, \u00e8 possibile scaricare i cosiddetti link di tracciamento e\/o banner con &#8220;link tracciati&#8221; sul sito web dell&#8217;affiliato. Questi possono essere incorporati nel tuo sito web e, quando un visitatore clicca sul link, il venditore sa quale affiliato ha indirizzato il cliente in base al numero ID presente nel link.<\/p>\n<p>Esistono due modelli di base per la tua collaborazione con il programma di affiliazione:<\/p>\n<p>CPA (Costo per Acquisizione), in cui l&#8217;affiliato riceve un importo fisso quando un nuovo cliente raggiunge una soglia di vendita definita.<\/p>\n<p>Condivisione dei ricavi (spesso indicata anche come MGR), in cui all&#8217;affiliato viene pagata una percentuale sui ricavi delle vendite. A seconda dei termini e delle condizioni, ti verr\u00e0 pagata una percentuale di commissione su tutte le vendite future o solo per un periodo di tempo specifico.<\/p>\n<h2>Come promuovi questi venditori?<\/h2>\n<p>Ci\u00f2 di cui hai pi\u00f9 bisogno per iniziare con l&#8217;affiliate marketing \u00e8 un sito web che generi traffico. Consulta il paragrafo &#8220;Crea un piano&#8221; qui sotto! Ottenere &#8220;traffico&#8221; per il tuo sito web \u00e8 la cosa pi\u00f9 importante.<\/p>\n<p>Quel sito web pu\u00f2 essere un sito web relativo a un prodotto specifico (il prodotto che vuoi promuovere) o semplicemente un sito web su qualsiasi argomento, purch\u00e9 generi traffico sufficiente. Esempio: crei un sito web su un argomento che conosci bene, come le immersioni. Scrivi ottimi contenuti e le persone visitano il tuo sito. Poi, inizi a promuovere un sito di vendita online specializzato in attrezzature subacquee. Ogni volta che un visitatore passa dal tuo sito web al sito del venditore e acquista qualcosa, ricevi una commissione.<\/p>\n<h2>Social Media Marketing<\/h2>\n<p>Se hai un pubblico sui social media, potresti non aver nemmeno bisogno di un sito web. Puoi utilizzare gli stessi link di affiliazione tracciati per iniziare a promuovere i prodotti del venditore. E se il tuo pubblico \u00e8 globale, tanto meglio. Molti paesi hanno lotterie con vincite basse, o addirittura nessuna lotteria. I residenti di quei paesi sono il pubblico ideale per il nostro servizio di lotteria.<\/p>\n<h2>Ci sono principalmente due scenari:<\/h2>\n<p>Se avessi un sito web con una vasta gamma di argomenti e quel sito web avesse migliaia di visitatori ogni giorno, potresti pi\u00f9 o meno vendere qualsiasi prodotto desideri. Il numero di visitatori genererebbe entrate significative. E il nostro programma di affiliazione \u00e8 perfetto per qualsiasi sito web perch\u00e9, dopotutto, tutti amano la lotteria, giusto?<\/p>\n<p>Se avessi, ad esempio, un sito web relativo alla lotteria, probabilmente avresti meno visitatori. Tuttavia, il traffico \u00e8 pi\u00f9 &#8220;mirato&#8221;, ovvero i tuoi visitatori sono pi\u00f9 propensi ad acquistare i biglietti della lotteria che stai promuovendo. Anche se avessi solo 10 visitatori al giorno, otterresti comunque delle entrate. E c&#8217;\u00e8 un aspetto da considerare quando si gioca alla lotteria: le persone tendono a continuare a giocare per molto, molto tempo. Una volta che avrai indirizzato un certo numero di clienti al nostro programma di affiliazione, vedrai un flusso di entrate relativamente costante.<\/p>\n<h2>Come attirare visitatori sul tuo sito web?<\/h2>\n<p>Per attrarre visitatori, avrai bisogno di articoli di alta qualit\u00e0 sul tuo sito web che forniscano informazioni utili ai lettori. Devi anche imparare le basi della SEO (Search Engine Optimization). Questo \u00e8 importante perch\u00e9 ci sono &#8220;regole&#8221; specifiche che devi conoscere per assicurarti che le pagine del tuo sito web ottengano un buon posizionamento su Google per le &#8220;parole chiave&#8221; di ricerca che possono portarti visitatori. Gli affiliati lo chiamano &#8220;guidare il traffico&#8221; verso il tuo sito.<\/p>\n<p>La SEO non \u00e8 una scienza missilistica. Basta cercare su Google &#8220;basi della SEO&#8221; e leggere un po&#8217; per apprendere le regole pi\u00f9 importanti per creare i tuoi articoli e migliorare le tue competenze in seguito.<\/p>\n<h2>Il potere di avere una mailing list<\/h2>\n<p>Imposta sempre il tuo sito web in modo che i visitatori abbiano un motivo per iscriversi o lasciare i loro indirizzi email. Crea una mailing list e usala per inviare email che promuovono eventi speciali, saldi e altro ancora. Se hai gi\u00e0 una mailing list, potresti non aver nemmeno bisogno di un sito web per essere un affiliato. Ma non acquistare mailing list da siti di vendita di indirizzi email spam: non ne vale la pena.<\/p>\n<h2>Quanto costa iniziare con l&#8217;affiliate marketing?<\/h2>\n<p>Risposta semplice: niente o quasi niente!<\/p>\n<p>Tutto ci\u00f2 di cui hai bisogno \u00e8 un nome di dominio e un piano di hosting per lo spazio web. Come principiante, non hai bisogno di un server proprio; un web hosting di base, disponibile a partire da 2 \u20ac al mese, \u00e8 sufficiente per iniziare.<\/p>\n<p>Seleziona un provider di hosting affidabile e scegli un nome di dominio disponibile. Pensa bene al nome del tuo dominio prima di ordinarlo. Quindi, scegli un piano di hosting di base. Registrati e paga l&#8217;account. Quindi, accedi al tuo account cliente e dai un&#8217;occhiata in giro. Un consiglio: cerca una funzione aggiuntiva chiamata &#8220;Privacy del dominio&#8221;: \u00e8 un aspetto da considerare se, per qualche motivo, non vuoi che nessuno sappia che possiedi e gestisci questo sito web e l&#8217;affiliazione.<\/p>\n<h2>attivit\u00e0 ad esso collegate.<\/h2>\n<p>Consigliamo di iniziare installando un sito WordPress utilizzando un template gratuito (un layout). WordPress \u00e8 un Content Management System (CMS) che crea automaticamente il tuo sito web e ti permette di gestirlo. I provider di spazio web offrono funzioni semplici che puoi utilizzare per configurare un sito WordPress in pochi secondi. Non sono richieste competenze di programmazione!<\/p>\n<p>Leggi il tutorial introduttivo per apprendere le funzioni pi\u00f9 essenziali di WordPress. Bastano poche ore per acquisire le competenze di base necessarie per gestire un sito web semplice. Sul sito web di WordPress \u00e8 disponibile una documentazione dettagliata e un forum dove puoi chiedere aiuto agli utenti pi\u00f9 esperti.<\/p>\n<h2>Quanti soldi puoi guadagnare come affiliato?<\/h2>\n<p>Dipende molto dal tuo impegno e dalla tua competenza. Alcuni affiliati guadagnano milioni, altri molto poco, ma molti guadagnano diverse centinaia di euro al mese. Non aspettarti di guadagnare subito. Ci vuole tempo prima che il tuo sito web attragga visitatori. Se investi il \u200b\u200blavoro necessario, sarai in grado di vivere di esso a lungo termine.<\/p>\n<h2>Si pu\u00f2\/si dovrebbe fare questo a tempo pieno o part-time?<\/h2>\n<p>Ognuno deve decidere da solo. Ma il 90% degli affiliati si unisce all&#8217;attivit\u00e0 part-time. Un&#8217;ampia percentuale di affiliati passa a ruoli a tempo pieno dopo aver raggiunto un sufficiente successo ed esperienza nel settore.<\/p>\n<h2>\u00c8 legale?<\/h2>\n<p>Assolutamente s\u00ec, a meno che non si promuovano prodotti illegali nel proprio paese di residenza; in tal caso, \u00e8 necessario adottare misure per proteggersi da potenziali problemi. Vedere, tra le altre cose, la sezione &#8220;Privacy del dominio&#8221; sopra. Assicuratevi di non scegliere un registrar di domini e\/o un servizio di hosting in un paese in cui il vostro sito web sarebbe illegale!<\/p>\n<h2>La cosa pi\u00f9 importante: fate un piano!<\/h2>\n<p>Prima di poter guadagnare denaro tramite un programma di affiliazione, \u00e8 necessario sviluppare un piano solido e raccogliere le informazioni essenziali. Potreste aver visto il film di Kevin Costner &#8220;L&#8217;uomo dei sogni&#8221;, in cui una voce dal cielo dice: &#8220;Costruiscilo e arriveranno&#8221;. Se pensate di poter mettere insieme un sito web su qualsiasi argomento e aspettatevi che i soldi arrivino presto, finirete per sentirvi frustrati.<\/p>\n<p>Ma se affronti la questione con un piano, puoi guadagnare bene e pubblicizzare un programma di affiliazione \u00e8 estremamente divertente. L&#8217;ideale \u00e8 iniziare con un ruolo part-time e, se va bene, puoi facilmente passare a un lavoro a tempo pieno.<\/p>\n<h2>Il tuo piano deve contenere i seguenti elementi:<\/h2>\n<p>Scegli un argomento che ti appassiona e sul quale puoi fornire informazioni preziose ai tuoi lettori. Se sei alle prime armi, scegli sempre un argomento di &#8220;nicchia&#8221;: se ci sono molti altri siti web su quell&#8217;argomento, avrai difficolt\u00e0 a competere. Inoltre, sar\u00e0 difficile posizionarsi per qualsiasi parola chiave. Naturalmente, devi scegliere un argomento che si adatti a un prodotto acquistabile online e che abbia un programma di affiliazione.<\/p>\n<p>Crea un elenco di combinazioni di parole chiave che i potenziali visitatori potrebbero cercare su Google. Tieni presente che ottenere un posizionamento elevato per parole chiave ovvie come &#8220;lotto online&#8221; \u00e8 quasi impossibile. Opta per frasi pi\u00f9 specifiche. Un esempio estremo potrebbe essere &#8220;Le persone possono partecipare al Powerball anche se non vivono negli Stati Uniti?&#8221;<\/p>\n<p>Quindi decidi quale combinazione di parole chiave utilizzare come target nella home page del tuo sito web. Scrivi un articolo per la home page per quella combinazione di parole chiave. Successivamente, sviluppa un piano per la struttura del tuo sito web. Scrivi altri articoli per altre combinazioni di parole chiave che ti vengono in mente.<\/p>\n<h2>Da quel momento in poi, devi concentrarti su due cose:<\/h2>\n<p>Crea link che puntano al tuo sito web. I link sono come voti positivi per il tuo sito; link di alta qualit\u00e0 possono migliorare il tuo posizionamento nei motori di ricerca. Chiedi link ad amici con siti web, contatta altri webmaster e offriti di scrivere un articolo in cambio di link, ecc. I link migliori, per\u00f2, arriveranno spontaneamente quando le persone leggeranno i tuoi articoli e creeranno un link alla tua pagina perch\u00e9 hanno apprezzato ci\u00f2 che hai scritto!<\/p>\n<p>Crea pi\u00f9 contenuti (articoli) con una buona SEO. Usa la tua immaginazione e scrivi nuovi articoli regolarmente. Inizia con 2-3 articoli a settimana.<\/p>\n<p>Mentre completi quanto sopra, diventerai sempre pi\u00f9 abile e i primi visitatori arriveranno sul tuo sito web. Utilizza un servizio (gratuito) come www.clicky.com o Google Analytics per monitorare il numero di visitatori e il loro comportamento. Controlla periodicamente il tuo account del programma di affiliazione per verificare se stai generando entrate.<\/p>\n<p>Utilizza un servizio SEO per aiutarti a trovare pi\u00f9 parole chiave correlate alla tua parola chiave principale. Crea contenuti ottimizzati per la SEO che mirano a quelle parole chiave. Pi\u00f9 contenuti generano pi\u00f9 traffico verso il tuo sito web e aumentano le tue commissioni.<\/p>\n<p>Col tempo, con il tuo impegno, vedrai quasi sicuramente un effetto positivo sul numero di visitatori e sulle entrate.<\/p>\n<p>A livello personale: le persone dietro RedFoxLotto e il programma di affiliazione hanno iniziato come affiliati pi\u00f9 di 15 anni fa. Da allora hanno avuto un notevole successo. E se chiedessi loro cosa apprezzano di questa attivit\u00e0, ti direbbero questo:<\/p>\n<ul>\n<li>Potenziale di guadagno illimitato e globale<\/li>\n<li>Puoi avviare la tua attivit\u00e0 di affiliate marketing con un investimento praticamente nullo<\/li>\n<li>Pu\u00f2 darti indipendenza finanziaria<\/li>\n<li>Puoi lavorare online, ovunque tu voglia<\/li>\n<\/ul>\n","protected":false},"excerpt":{"rendered":"<p>Cos&#8217;\u00e8 il marketing di affiliazione? Molti venditori online hanno i cosiddetti programmi di affiliazione. Chiunque pu\u00f2 creare un account di affiliazione e iniziare a promuovere i propri prodotti online. Il promotore (tu) riceve una commissione per aver indirizzato clienti paganti al venditore. Controlla il menu a destra. C&#8217;\u00e8 un link<\/p>\n<p><a href=\"https:\/\/redfoxaffiliates.com\/it\/come-avviare-unattivita-di-affiliazione-online\/\" class=\"more-link\">Continue Reading<span class=\"screen-reader-text\">Come avviare un&#8217;attivit\u00e0 di affiliazione online<\/span><\/a><\/p>\n","protected":false},"author":1,"featured_media":0,"parent":0,"menu_order":6,"comment_status":"closed","ping_status":"closed","template":"","meta":{"footnotes":""},"class_list":["post-334","page","type-page","status-publish","hentry"],"yoast_head":"<!-- This site is optimized with the Yoast SEO plugin v22.4 - https:\/\/yoast.com\/wordpress\/plugins\/seo\/ -->\n<title>Come avviare e far crescere la tua attivit\u00e0 di marketing di affiliazione online<\/title>\n<meta name=\"description\" content=\"Una tabella di marcia per il successo di un&#039;attivit\u00e0 di affiliazione. Inizia a guadagnare commissioni online diventando un affiliato e un partner di marketing\" \/>\n<meta name=\"robots\" content=\"index, follow, max-snippet:-1, max-image-preview:large, max-video-preview:-1\" \/>\n<link rel=\"canonical\" href=\"https:\/\/redfoxaffiliates.com\/how-to-start-an-online-affiliate-marketing-business\/\" \/>\n<meta property=\"og:locale\" content=\"it_IT\" \/>\n<meta property=\"og:type\" content=\"article\" \/>\n<meta property=\"og:title\" content=\"Come avviare e far crescere la tua attivit\u00e0 di marketing di affiliazione online\" \/>\n<meta property=\"og:description\" content=\"Una tabella di marcia per il successo di un&#039;attivit\u00e0 di affiliazione. Inizia a guadagnare commissioni online diventando un affiliato e un partner di marketing\" \/>\n<meta property=\"og:url\" content=\"https:\/\/redfoxaffiliates.com\/how-to-start-an-online-affiliate-marketing-business\/\" \/>\n<meta property=\"og:site_name\" content=\"RedFoxLotto Affiliate Program\" \/>\n<meta name=\"twitter:card\" content=\"summary_large_image\" \/>\n<meta name=\"twitter:label1\" content=\"Tempo di lettura stimato\" \/>\n\t<meta name=\"twitter:data1\" content=\"9 minuti\" \/>\n<script type=\"application\/ld+json\" class=\"yoast-schema-graph\">{\"@context\":\"https:\/\/schema.org\",\"@graph\":[{\"@type\":\"WebPage\",\"@id\":\"https:\/\/redfoxaffiliates.com\/how-to-start-an-online-affiliate-marketing-business\/\",\"url\":\"https:\/\/redfoxaffiliates.com\/how-to-start-an-online-affiliate-marketing-business\/\",\"name\":\"Come avviare e far crescere la tua attivit\u00e0 di marketing di affiliazione online\",\"isPartOf\":{\"@id\":\"https:\/\/redfoxaffiliates.com\/#website\"},\"datePublished\":\"2026-01-01T20:15:19+00:00\",\"dateModified\":\"2026-01-01T20:15:19+00:00\",\"description\":\"Una tabella di marcia per il successo di un'attivit\u00e0 di affiliazione. Inizia a guadagnare commissioni online diventando un affiliato e un partner di marketing\",\"breadcrumb\":{\"@id\":\"https:\/\/redfoxaffiliates.com\/how-to-start-an-online-affiliate-marketing-business\/#breadcrumb\"},\"inLanguage\":\"it-IT\",\"potentialAction\":[{\"@type\":\"ReadAction\",\"target\":[\"https:\/\/redfoxaffiliates.com\/how-to-start-an-online-affiliate-marketing-business\/\"]}]},{\"@type\":\"BreadcrumbList\",\"@id\":\"https:\/\/redfoxaffiliates.com\/how-to-start-an-online-affiliate-marketing-business\/#breadcrumb\",\"itemListElement\":[{\"@type\":\"ListItem\",\"position\":1,\"name\":\"Home\",\"item\":\"https:\/\/redfoxaffiliates.com\/it\/home\/\"},{\"@type\":\"ListItem\",\"position\":2,\"name\":\"Come avviare un&#8217;attivit\u00e0 di affiliazione online\"}]},{\"@type\":\"WebSite\",\"@id\":\"https:\/\/redfoxaffiliates.com\/#website\",\"url\":\"https:\/\/redfoxaffiliates.com\/\",\"name\":\"RedFoxLotto Affiliate Program\",\"description\":\"The site for marketing partners of RedFoxLotto.com\",\"potentialAction\":[{\"@type\":\"SearchAction\",\"target\":{\"@type\":\"EntryPoint\",\"urlTemplate\":\"https:\/\/redfoxaffiliates.com\/?s={search_term_string}\"},\"query-input\":\"required name=search_term_string\"}],\"inLanguage\":\"it-IT\"}]}<\/script>\n<!-- \/ Yoast SEO plugin. -->","yoast_head_json":{"title":"Come avviare e far crescere la tua attivit\u00e0 di marketing di affiliazione online","description":"Una tabella di marcia per il successo di un'attivit\u00e0 di affiliazione. Inizia a guadagnare commissioni online diventando un affiliato e un partner di marketing","robots":{"index":"index","follow":"follow","max-snippet":"max-snippet:-1","max-image-preview":"max-image-preview:large","max-video-preview":"max-video-preview:-1"},"canonical":"https:\/\/redfoxaffiliates.com\/how-to-start-an-online-affiliate-marketing-business\/","og_locale":"it_IT","og_type":"article","og_title":"Come avviare e far crescere la tua attivit\u00e0 di marketing di affiliazione online","og_description":"Una tabella di marcia per il successo di un'attivit\u00e0 di affiliazione. Inizia a guadagnare commissioni online diventando un affiliato e un partner di marketing","og_url":"https:\/\/redfoxaffiliates.com\/how-to-start-an-online-affiliate-marketing-business\/","og_site_name":"RedFoxLotto Affiliate Program","twitter_card":"summary_large_image","twitter_misc":{"Tempo di lettura stimato":"9 minuti"},"schema":{"@context":"https:\/\/schema.org","@graph":[{"@type":"WebPage","@id":"https:\/\/redfoxaffiliates.com\/how-to-start-an-online-affiliate-marketing-business\/","url":"https:\/\/redfoxaffiliates.com\/how-to-start-an-online-affiliate-marketing-business\/","name":"Come avviare e far crescere la tua attivit\u00e0 di marketing di affiliazione online","isPartOf":{"@id":"https:\/\/redfoxaffiliates.com\/#website"},"datePublished":"2026-01-01T20:15:19+00:00","dateModified":"2026-01-01T20:15:19+00:00","description":"Una tabella di marcia per il successo di un'attivit\u00e0 di affiliazione. Inizia a guadagnare commissioni online diventando un affiliato e un partner di marketing","breadcrumb":{"@id":"https:\/\/redfoxaffiliates.com\/how-to-start-an-online-affiliate-marketing-business\/#breadcrumb"},"inLanguage":"it-IT","potentialAction":[{"@type":"ReadAction","target":["https:\/\/redfoxaffiliates.com\/how-to-start-an-online-affiliate-marketing-business\/"]}]},{"@type":"BreadcrumbList","@id":"https:\/\/redfoxaffiliates.com\/how-to-start-an-online-affiliate-marketing-business\/#breadcrumb","itemListElement":[{"@type":"ListItem","position":1,"name":"Home","item":"https:\/\/redfoxaffiliates.com\/it\/home\/"},{"@type":"ListItem","position":2,"name":"Come avviare un&#8217;attivit\u00e0 di affiliazione online"}]},{"@type":"WebSite","@id":"https:\/\/redfoxaffiliates.com\/#website","url":"https:\/\/redfoxaffiliates.com\/","name":"RedFoxLotto Affiliate Program","description":"The site for marketing partners of RedFoxLotto.com","potentialAction":[{"@type":"SearchAction","target":{"@type":"EntryPoint","urlTemplate":"https:\/\/redfoxaffiliates.com\/?s={search_term_string}"},"query-input":"required name=search_term_string"}],"inLanguage":"it-IT"}]}},"_links":{"self":[{"href":"https:\/\/redfoxaffiliates.com\/it\/wp-json\/wp\/v2\/pages\/334","targetHints":{"allow":["GET"]}}],"collection":[{"href":"https:\/\/redfoxaffiliates.com\/it\/wp-json\/wp\/v2\/pages"}],"about":[{"href":"https:\/\/redfoxaffiliates.com\/it\/wp-json\/wp\/v2\/types\/page"}],"author":[{"embeddable":true,"href":"https:\/\/redfoxaffiliates.com\/it\/wp-json\/wp\/v2\/users\/1"}],"replies":[{"embeddable":true,"href":"https:\/\/redfoxaffiliates.com\/it\/wp-json\/wp\/v2\/comments?post=334"}],"version-history":[{"count":0,"href":"https:\/\/redfoxaffiliates.com\/it\/wp-json\/wp\/v2\/pages\/334\/revisions"}],"wp:attachment":[{"href":"https:\/\/redfoxaffiliates.com\/it\/wp-json\/wp\/v2\/media?parent=334"}],"curies":[{"name":"wp","href":"https:\/\/api.w.org\/{rel}","templated":true}]}}