{"id":312,"date":"2023-07-15T13:46:59","date_gmt":"2023-07-15T11:46:59","guid":{"rendered":"https:\/\/redfoxaffiliates.com\/domande-frequenti\/"},"modified":"2023-07-15T13:46:59","modified_gmt":"2023-07-15T11:46:59","slug":"domande-frequenti","status":"publish","type":"page","link":"https:\/\/redfoxaffiliates.com\/it\/domande-frequenti\/","title":{"rendered":"Domande frequenti"},"content":{"rendered":"<h2>Cosa significa affiliarsi?<\/h2>\n<p>L&#8217;affiliazione \u00e8 una strategia di marketing. Molti prodotti, servizi e siti web utilizzano affiliati per commercializzare i propri prodotti e servizi. Ogni affiliato di RedFoxLotto.com pu\u00f2 promuoverci.<\/p>\n<h2>Ci sono spese o costi di iscrizione?<\/h2>\n<p>No. L&#8217;adesione al nostro programma di affiliazione \u00e8 completamente gratuita. Le uniche spese a tuo carico sono quelle relative alla gestione dei tuoi siti web o all&#8217;acquisto dei tuoi materiali di marketing.<\/p>\n<h2>Come posso promuovere il vostro sito?<\/h2>\n<p>Puoi utilizzare tutti i tipi di strategie online e offline. Ecco due dei modi pi\u00f9 comuni:<\/p>\n<ul>\n<li>Puoi creare un sito web (relativo alla lotteria o altro) e utilizzarlo per promuovere RedFoxLotto. Ottieni traffico posizionandoti per parole chiave nelle ricerche su Google e promuovi il tuo sito sui social media. Pi\u00f9 traffico sul tuo sito web significa pi\u00f9 clic su RedFoxLotto, il che significa pi\u00f9 soldi per te.<\/li>\n<li>Crea un sito web dedicato alle lotterie, utilizza link di affiliazione che rimandano a RedFoxLotto.com, quindi promuovi il tuo sito web offline.<\/li>\n<\/ul>\n<h2>Quanto posso guadagnare?<\/h2>\n<p>Non ci sono limiti. Riceverai una percentuale dell&#8217;importo netto delle vendite che generi. E per ogni mese in cui generi commissioni pi\u00f9 elevate, la tua percentuale aumenter\u00e0. Leggi questo articolo per maggiori dettagli.<\/p>\n<h2>Che cos&#8217;\u00e8 un link di affiliazione?<\/h2>\n<p>Un link di affiliazione \u00e8 un link che contiene un tracker, ovvero un identificatore dedicato collegato esclusivamente al tuo account di affiliazione. Tu incorpori questi link nel tuo sito web. Quindi, uno dei visitatori del tuo sito web clicca su di esso ed effettua un acquisto su RedFoxLotto.com. Il nostro sistema di affiliazione, tramite quel codice tracker, identifica quel nuovo cliente come un cliente portato da te. Tu ricevi una commissione per questa vendita. Anche qualsiasi acquisto futuro effettuato da quel cliente generer\u00e0 un&#8217;altra commissione per te.<\/p>\n<p>Ogni volta che un cliente visita il nostro sito cliccando su uno dei tuoi link di affiliazione, sul suo dispositivo viene generato un cookie. Ci\u00f2 garantisce che, se non effettua un acquisto durante la sua prima visita, ma torna in un secondo momento per acquistare biglietti della lotteria, verr\u00e0 comunque identificato come una \u201ctua\u201d vendita.<\/p>\n<h2>E per quanto riguarda l&#8217;accesso all&#8217;account di affiliazione?<\/h2>\n<p>Una volta che ti sarai registrato sul nostro sito, esamineremo la tua registrazione. Una volta fatto ci\u00f2, creeremo un account di affiliazione per te. Ti invieremo quindi un&#8217;e-mail con un URL per accedere al tuo account di affiliazione, con un nome utente e una password temporanea. Dopo aver effettuato l&#8217;accesso al tuo account (il backend di affiliazione), potrai modificare la password e verificare che tutti i tuoi dati personali siano corretti.<\/p>\n<p>Potrai creare campagne con link di affiliazione dedicati per diverse attivit\u00e0 di marketing. Supponiamo che tu abbia pi\u00f9 siti web. In tal caso, ti consigliamo di creare una campagna per ogni sito web. In questo modo potrai vedere separatamente le prestazioni di ciascun sito web.<\/p>\n<p>Nel backend di affiliazione potrai anche vedere le statistiche sui visitatori e i rapporti sulle commissioni. Qui potrai anche scaricare il materiale di marketing che potrai utilizzare per promuovere i nostri prodotti.<\/p>\n<h2>Pagamenti delle commissioni<\/h2>\n<p>Il 15 di ogni mese ti pagheremo le commissioni guadagnate durante il mese precedente. Skrill, Neteller e bonifico bancario sono i metodi usuali, ma \u00e8 possibile discutere anche altre opzioni.<\/p>\n","protected":false},"excerpt":{"rendered":"<p>Cosa significa affiliarsi? L&#8217;affiliazione \u00e8 una strategia di marketing. Molti prodotti, servizi e siti web utilizzano affiliati per commercializzare i propri prodotti e servizi. Ogni affiliato di RedFoxLotto.com pu\u00f2 promuoverci. Ci sono spese o costi di iscrizione? No. L&#8217;adesione al nostro programma di affiliazione \u00e8 completamente gratuita. Le uniche spese<\/p>\n<p><a href=\"https:\/\/redfoxaffiliates.com\/it\/domande-frequenti\/\" class=\"more-link\">Continue Reading<span class=\"screen-reader-text\">Domande frequenti<\/span><\/a><\/p>\n","protected":false},"author":1,"featured_media":0,"parent":0,"menu_order":3,"comment_status":"closed","ping_status":"closed","template":"","meta":{"footnotes":""},"class_list":["post-312","page","type-page","status-publish","hentry"],"yoast_head":"<!-- This site is optimized with the Yoast SEO plugin v22.4 - https:\/\/yoast.com\/wordpress\/plugins\/seo\/ -->\n<title>Domande frequenti sull&#039;affiliazione nel mercato delle lotterie<\/title>\n<meta name=\"description\" content=\"Trova le risposte alle tue domande sull&#039;affiliazione alle lotterie in generale e sul programma di affiliazione di RedFoxLotto in particolare\" \/>\n<meta name=\"robots\" content=\"index, follow, max-snippet:-1, max-image-preview:large, max-video-preview:-1\" \/>\n<link rel=\"canonical\" href=\"https:\/\/redfoxaffiliates.com\/faq\/\" \/>\n<meta property=\"og:locale\" content=\"it_IT\" \/>\n<meta property=\"og:type\" content=\"article\" \/>\n<meta property=\"og:title\" content=\"Domande frequenti sull&#039;affiliazione nel mercato delle lotterie\" \/>\n<meta property=\"og:description\" content=\"Trova le risposte alle tue domande sull&#039;affiliazione alle lotterie in generale e sul programma di affiliazione di RedFoxLotto in particolare\" \/>\n<meta property=\"og:url\" content=\"https:\/\/redfoxaffiliates.com\/faq\/\" \/>\n<meta property=\"og:site_name\" content=\"RedFoxLotto Affiliate Program\" \/>\n<meta name=\"twitter:card\" content=\"summary_large_image\" \/>\n<meta name=\"twitter:label1\" content=\"Tempo di lettura stimato\" \/>\n\t<meta name=\"twitter:data1\" content=\"3 minuti\" \/>\n<script type=\"application\/ld+json\" class=\"yoast-schema-graph\">{\"@context\":\"https:\/\/schema.org\",\"@graph\":[{\"@type\":\"WebPage\",\"@id\":\"https:\/\/redfoxaffiliates.com\/faq\/\",\"url\":\"https:\/\/redfoxaffiliates.com\/faq\/\",\"name\":\"Domande frequenti sull'affiliazione nel mercato delle lotterie\",\"isPartOf\":{\"@id\":\"https:\/\/redfoxaffiliates.com\/#website\"},\"datePublished\":\"2023-07-15T11:46:59+00:00\",\"dateModified\":\"2023-07-15T11:46:59+00:00\",\"description\":\"Trova le risposte alle tue domande sull'affiliazione alle lotterie in generale e sul programma di affiliazione di RedFoxLotto in particolare\",\"breadcrumb\":{\"@id\":\"https:\/\/redfoxaffiliates.com\/faq\/#breadcrumb\"},\"inLanguage\":\"it-IT\",\"potentialAction\":[{\"@type\":\"ReadAction\",\"target\":[\"https:\/\/redfoxaffiliates.com\/faq\/\"]}]},{\"@type\":\"BreadcrumbList\",\"@id\":\"https:\/\/redfoxaffiliates.com\/faq\/#breadcrumb\",\"itemListElement\":[{\"@type\":\"ListItem\",\"position\":1,\"name\":\"Home\",\"item\":\"https:\/\/redfoxaffiliates.com\/it\/home\/\"},{\"@type\":\"ListItem\",\"position\":2,\"name\":\"Domande frequenti\"}]},{\"@type\":\"WebSite\",\"@id\":\"https:\/\/redfoxaffiliates.com\/#website\",\"url\":\"https:\/\/redfoxaffiliates.com\/\",\"name\":\"RedFoxLotto Affiliate Program\",\"description\":\"The site for marketing partners of RedFoxLotto.com\",\"potentialAction\":[{\"@type\":\"SearchAction\",\"target\":{\"@type\":\"EntryPoint\",\"urlTemplate\":\"https:\/\/redfoxaffiliates.com\/?s={search_term_string}\"},\"query-input\":\"required name=search_term_string\"}],\"inLanguage\":\"it-IT\"}]}<\/script>\n<!-- \/ Yoast SEO plugin. -->","yoast_head_json":{"title":"Domande frequenti sull'affiliazione nel mercato delle lotterie","description":"Trova le risposte alle tue domande sull'affiliazione alle lotterie in generale e sul programma di affiliazione di RedFoxLotto in particolare","robots":{"index":"index","follow":"follow","max-snippet":"max-snippet:-1","max-image-preview":"max-image-preview:large","max-video-preview":"max-video-preview:-1"},"canonical":"https:\/\/redfoxaffiliates.com\/faq\/","og_locale":"it_IT","og_type":"article","og_title":"Domande frequenti sull'affiliazione nel mercato delle lotterie","og_description":"Trova le risposte alle tue domande sull'affiliazione alle lotterie in generale e sul programma di affiliazione di RedFoxLotto in particolare","og_url":"https:\/\/redfoxaffiliates.com\/faq\/","og_site_name":"RedFoxLotto Affiliate Program","twitter_card":"summary_large_image","twitter_misc":{"Tempo di lettura stimato":"3 minuti"},"schema":{"@context":"https:\/\/schema.org","@graph":[{"@type":"WebPage","@id":"https:\/\/redfoxaffiliates.com\/faq\/","url":"https:\/\/redfoxaffiliates.com\/faq\/","name":"Domande frequenti sull'affiliazione nel mercato delle lotterie","isPartOf":{"@id":"https:\/\/redfoxaffiliates.com\/#website"},"datePublished":"2023-07-15T11:46:59+00:00","dateModified":"2023-07-15T11:46:59+00:00","description":"Trova le risposte alle tue domande sull'affiliazione alle lotterie in generale e sul programma di affiliazione di RedFoxLotto in particolare","breadcrumb":{"@id":"https:\/\/redfoxaffiliates.com\/faq\/#breadcrumb"},"inLanguage":"it-IT","potentialAction":[{"@type":"ReadAction","target":["https:\/\/redfoxaffiliates.com\/faq\/"]}]},{"@type":"BreadcrumbList","@id":"https:\/\/redfoxaffiliates.com\/faq\/#breadcrumb","itemListElement":[{"@type":"ListItem","position":1,"name":"Home","item":"https:\/\/redfoxaffiliates.com\/it\/home\/"},{"@type":"ListItem","position":2,"name":"Domande frequenti"}]},{"@type":"WebSite","@id":"https:\/\/redfoxaffiliates.com\/#website","url":"https:\/\/redfoxaffiliates.com\/","name":"RedFoxLotto Affiliate Program","description":"The site for marketing partners of RedFoxLotto.com","potentialAction":[{"@type":"SearchAction","target":{"@type":"EntryPoint","urlTemplate":"https:\/\/redfoxaffiliates.com\/?s={search_term_string}"},"query-input":"required name=search_term_string"}],"inLanguage":"it-IT"}]}},"_links":{"self":[{"href":"https:\/\/redfoxaffiliates.com\/it\/wp-json\/wp\/v2\/pages\/312","targetHints":{"allow":["GET"]}}],"collection":[{"href":"https:\/\/redfoxaffiliates.com\/it\/wp-json\/wp\/v2\/pages"}],"about":[{"href":"https:\/\/redfoxaffiliates.com\/it\/wp-json\/wp\/v2\/types\/page"}],"author":[{"embeddable":true,"href":"https:\/\/redfoxaffiliates.com\/it\/wp-json\/wp\/v2\/users\/1"}],"replies":[{"embeddable":true,"href":"https:\/\/redfoxaffiliates.com\/it\/wp-json\/wp\/v2\/comments?post=312"}],"version-history":[{"count":0,"href":"https:\/\/redfoxaffiliates.com\/it\/wp-json\/wp\/v2\/pages\/312\/revisions"}],"wp:attachment":[{"href":"https:\/\/redfoxaffiliates.com\/it\/wp-json\/wp\/v2\/media?parent=312"}],"curies":[{"name":"wp","href":"https:\/\/api.w.org\/{rel}","templated":true}]}}