{"id":289,"date":"2023-07-15T13:37:01","date_gmt":"2023-07-15T11:37:01","guid":{"rendered":"https:\/\/redfoxaffiliates.com\/guadagna-con-il-marketing-di-affiliazione\/"},"modified":"2023-07-15T13:37:01","modified_gmt":"2023-07-15T11:37:01","slug":"guadagna-con-il-marketing-di-affiliazione","status":"publish","type":"page","link":"https:\/\/redfoxaffiliates.com\/it\/guadagna-con-il-marketing-di-affiliazione\/","title":{"rendered":"Guadagna con il marketing di affiliazione"},"content":{"rendered":"<h2>Guadagna commissioni &#8211; guadagna promuovendo RedFoxLotto come nostro affiliato.<\/h2>\n<p>Ogni cliente che ci procuri rimarr\u00e0 tuo cliente per tutta la vita. Non ci sono limiti di tempo per guadagnare commissioni da un cliente generato da te. I clienti non verranno mai rimossi dal tuo account di affiliazione. Ecco perch\u00e9 il nostro \u00e8 il miglior programma di affiliazione nel settore delle lotterie.<\/p>\n<p>Le tue commissioni saranno pagate in base alla condivisione dei ricavi, il che significa che il volume delle vendite della lotteria generato dai tuoi referral online determiner\u00e0 i tuoi guadagni dal nostro programma di affiliazione.<\/p>\n<p>I quattro livelli di commissioni di affiliazione sono:<br \/>\nvendite lorde inferiori a \u20ac 20.000,00: 8% delle vendite lorde<br \/>\nvendite lorde comprese tra \u20ac 20.000,00 e \u20ac 50.000,00: 10% delle vendite nette<br \/>\nvendite lorde superiori a 50.000,00 \u20ac: 12% delle vendite nette<\/p>\n<p>La percentuale di commissione pi\u00f9 alta si applica solo al mese in cui la commissione totale generata supera l&#8217;importo specificato. Se la commissione \u00e8 inferiore nel mese successivo, verr\u00e0 applicata l&#8217;aliquota corrispondente all&#8217;importo della commissione corrente.<\/p>\n<h2>Perch\u00e9 non CPA? Perch\u00e9 un accordo di ripartizione dei ricavi \u00e8 l&#8217;opzione migliore?<\/h2>\n<p>Se non hai familiarit\u00e0 con il termine CPA, esso sta per Cost Per Action (costo per azione): ricevi un pagamento una tantum per ogni cliente che effettua il suo primo acquisto online. Alcuni programmi di affiliazione pagano la commissione CPA solo dopo che il giocatore ha soddisfatto un requisito di spesa minima.<\/p>\n<p>Detto questo, il modello di commissione CPA non ha senso in questo specifico settore. In primo luogo, la durata di vita di un primo depositante \u00e8 molto pi\u00f9 lunga rispetto a qualsiasi altro settore del gioco d&#8217;azzardo online. I giocatori della lotteria in genere acquistano biglietti della lotteria per tutta la vita. In secondo luogo, i nostri migliori clienti acquistano biglietti della lotteria online per un valore di centinaia di euro in una singola transazione. Ci\u00f2 accade pi\u00f9 spesso quando i jackpot sono molto alti, e questo \u00e8 uno dei motivi per cui, a lungo termine, guadagnerai di pi\u00f9 con un programma di affiliazione che paga in base alla quota di fatturato.<\/p>\n<p>In generale, nel settore delle lotterie, la cosa migliore che puoi fare \u00e8 promuovere un programma di affiliazione con un accordo percentuale a vita. Tuttavia, in casi eccezionali, dopo aver lavorato con noi per un po&#8217; di tempo, \u00e8 possibile discutere un accordo CPA basato sulle prestazioni dei clienti che hai portato.<\/p>\n<h2>Commissione di sub-affiliazione<\/h2>\n<p>Per ogni sub-affiliato da te portato, guadagnerai il 2% del valore lordo delle vendite della lotteria generate da quell&#8217;affiliato.<\/p>\n","protected":false},"excerpt":{"rendered":"<p>Guadagna commissioni &#8211; guadagna promuovendo RedFoxLotto come nostro affiliato. Ogni cliente che ci procuri rimarr\u00e0 tuo cliente per tutta la vita. Non ci sono limiti di tempo per guadagnare commissioni da un cliente generato da te. I clienti non verranno mai rimossi dal tuo account di affiliazione. Ecco perch\u00e9 il<\/p>\n<p><a href=\"https:\/\/redfoxaffiliates.com\/it\/guadagna-con-il-marketing-di-affiliazione\/\" class=\"more-link\">Continue Reading<span class=\"screen-reader-text\">Guadagna con il marketing di affiliazione<\/span><\/a><\/p>\n","protected":false},"author":1,"featured_media":0,"parent":0,"menu_order":2,"comment_status":"closed","ping_status":"closed","template":"","meta":{"footnotes":""},"class_list":["post-289","page","type-page","status-publish","hentry"],"yoast_head":"<!-- This site is optimized with the Yoast SEO plugin v22.4 - https:\/\/yoast.com\/wordpress\/plugins\/seo\/ -->\n<title>Come guadagnare con il nostro programma di affiliazione alla lotteria<\/title>\n<meta name=\"description\" content=\"Per ogni referral, guadagni una commissione a vita su tutti i loro acquisti. Dai un&#039;occhiata a quanto puoi guadagnare con il nostro programma di affiliazione\" \/>\n<meta name=\"robots\" content=\"index, follow, max-snippet:-1, max-image-preview:large, max-video-preview:-1\" \/>\n<link rel=\"canonical\" href=\"https:\/\/redfoxaffiliates.com\/make-money-with-our-lottery-affliate-program\/\" \/>\n<meta property=\"og:locale\" content=\"it_IT\" \/>\n<meta property=\"og:type\" content=\"article\" \/>\n<meta property=\"og:title\" content=\"Come guadagnare con il nostro programma di affiliazione alla lotteria\" \/>\n<meta property=\"og:description\" content=\"Per ogni referral, guadagni una commissione a vita su tutti i loro acquisti. Dai un&#039;occhiata a quanto puoi guadagnare con il nostro programma di affiliazione\" \/>\n<meta property=\"og:url\" content=\"https:\/\/redfoxaffiliates.com\/make-money-with-our-lottery-affliate-program\/\" \/>\n<meta property=\"og:site_name\" content=\"RedFoxLotto Affiliate Program\" \/>\n<meta name=\"twitter:card\" content=\"summary_large_image\" \/>\n<meta name=\"twitter:label1\" content=\"Tempo di lettura stimato\" \/>\n\t<meta name=\"twitter:data1\" content=\"2 minuti\" \/>\n<script type=\"application\/ld+json\" class=\"yoast-schema-graph\">{\"@context\":\"https:\/\/schema.org\",\"@graph\":[{\"@type\":\"WebPage\",\"@id\":\"https:\/\/redfoxaffiliates.com\/make-money-with-our-lottery-affliate-program\/\",\"url\":\"https:\/\/redfoxaffiliates.com\/make-money-with-our-lottery-affliate-program\/\",\"name\":\"Come guadagnare con il nostro programma di affiliazione alla lotteria\",\"isPartOf\":{\"@id\":\"https:\/\/redfoxaffiliates.com\/#website\"},\"datePublished\":\"2023-07-15T11:37:01+00:00\",\"dateModified\":\"2023-07-15T11:37:01+00:00\",\"description\":\"Per ogni referral, guadagni una commissione a vita su tutti i loro acquisti. Dai un'occhiata a quanto puoi guadagnare con il nostro programma di affiliazione\",\"breadcrumb\":{\"@id\":\"https:\/\/redfoxaffiliates.com\/make-money-with-our-lottery-affliate-program\/#breadcrumb\"},\"inLanguage\":\"it-IT\",\"potentialAction\":[{\"@type\":\"ReadAction\",\"target\":[\"https:\/\/redfoxaffiliates.com\/make-money-with-our-lottery-affliate-program\/\"]}]},{\"@type\":\"BreadcrumbList\",\"@id\":\"https:\/\/redfoxaffiliates.com\/make-money-with-our-lottery-affliate-program\/#breadcrumb\",\"itemListElement\":[{\"@type\":\"ListItem\",\"position\":1,\"name\":\"Home\",\"item\":\"https:\/\/redfoxaffiliates.com\/it\/home\/\"},{\"@type\":\"ListItem\",\"position\":2,\"name\":\"Guadagna con il marketing di affiliazione\"}]},{\"@type\":\"WebSite\",\"@id\":\"https:\/\/redfoxaffiliates.com\/#website\",\"url\":\"https:\/\/redfoxaffiliates.com\/\",\"name\":\"RedFoxLotto Affiliate Program\",\"description\":\"The site for marketing partners of RedFoxLotto.com\",\"potentialAction\":[{\"@type\":\"SearchAction\",\"target\":{\"@type\":\"EntryPoint\",\"urlTemplate\":\"https:\/\/redfoxaffiliates.com\/?s={search_term_string}\"},\"query-input\":\"required name=search_term_string\"}],\"inLanguage\":\"it-IT\"}]}<\/script>\n<!-- \/ Yoast SEO plugin. -->","yoast_head_json":{"title":"Come guadagnare con il nostro programma di affiliazione alla lotteria","description":"Per ogni referral, guadagni una commissione a vita su tutti i loro acquisti. Dai un'occhiata a quanto puoi guadagnare con il nostro programma di affiliazione","robots":{"index":"index","follow":"follow","max-snippet":"max-snippet:-1","max-image-preview":"max-image-preview:large","max-video-preview":"max-video-preview:-1"},"canonical":"https:\/\/redfoxaffiliates.com\/make-money-with-our-lottery-affliate-program\/","og_locale":"it_IT","og_type":"article","og_title":"Come guadagnare con il nostro programma di affiliazione alla lotteria","og_description":"Per ogni referral, guadagni una commissione a vita su tutti i loro acquisti. Dai un'occhiata a quanto puoi guadagnare con il nostro programma di affiliazione","og_url":"https:\/\/redfoxaffiliates.com\/make-money-with-our-lottery-affliate-program\/","og_site_name":"RedFoxLotto Affiliate Program","twitter_card":"summary_large_image","twitter_misc":{"Tempo di lettura stimato":"2 minuti"},"schema":{"@context":"https:\/\/schema.org","@graph":[{"@type":"WebPage","@id":"https:\/\/redfoxaffiliates.com\/make-money-with-our-lottery-affliate-program\/","url":"https:\/\/redfoxaffiliates.com\/make-money-with-our-lottery-affliate-program\/","name":"Come guadagnare con il nostro programma di affiliazione alla lotteria","isPartOf":{"@id":"https:\/\/redfoxaffiliates.com\/#website"},"datePublished":"2023-07-15T11:37:01+00:00","dateModified":"2023-07-15T11:37:01+00:00","description":"Per ogni referral, guadagni una commissione a vita su tutti i loro acquisti. Dai un'occhiata a quanto puoi guadagnare con il nostro programma di affiliazione","breadcrumb":{"@id":"https:\/\/redfoxaffiliates.com\/make-money-with-our-lottery-affliate-program\/#breadcrumb"},"inLanguage":"it-IT","potentialAction":[{"@type":"ReadAction","target":["https:\/\/redfoxaffiliates.com\/make-money-with-our-lottery-affliate-program\/"]}]},{"@type":"BreadcrumbList","@id":"https:\/\/redfoxaffiliates.com\/make-money-with-our-lottery-affliate-program\/#breadcrumb","itemListElement":[{"@type":"ListItem","position":1,"name":"Home","item":"https:\/\/redfoxaffiliates.com\/it\/home\/"},{"@type":"ListItem","position":2,"name":"Guadagna con il marketing di affiliazione"}]},{"@type":"WebSite","@id":"https:\/\/redfoxaffiliates.com\/#website","url":"https:\/\/redfoxaffiliates.com\/","name":"RedFoxLotto Affiliate Program","description":"The site for marketing partners of RedFoxLotto.com","potentialAction":[{"@type":"SearchAction","target":{"@type":"EntryPoint","urlTemplate":"https:\/\/redfoxaffiliates.com\/?s={search_term_string}"},"query-input":"required name=search_term_string"}],"inLanguage":"it-IT"}]}},"_links":{"self":[{"href":"https:\/\/redfoxaffiliates.com\/it\/wp-json\/wp\/v2\/pages\/289","targetHints":{"allow":["GET"]}}],"collection":[{"href":"https:\/\/redfoxaffiliates.com\/it\/wp-json\/wp\/v2\/pages"}],"about":[{"href":"https:\/\/redfoxaffiliates.com\/it\/wp-json\/wp\/v2\/types\/page"}],"author":[{"embeddable":true,"href":"https:\/\/redfoxaffiliates.com\/it\/wp-json\/wp\/v2\/users\/1"}],"replies":[{"embeddable":true,"href":"https:\/\/redfoxaffiliates.com\/it\/wp-json\/wp\/v2\/comments?post=289"}],"version-history":[{"count":0,"href":"https:\/\/redfoxaffiliates.com\/it\/wp-json\/wp\/v2\/pages\/289\/revisions"}],"wp:attachment":[{"href":"https:\/\/redfoxaffiliates.com\/it\/wp-json\/wp\/v2\/media?parent=289"}],"curies":[{"name":"wp","href":"https:\/\/api.w.org\/{rel}","templated":true}]}}