{"id":265,"date":"2023-07-15T13:33:10","date_gmt":"2023-07-15T11:33:10","guid":{"rendered":"https:\/\/redfoxaffiliates.com\/perche-diventare-un-affiliato-della-lotteria\/"},"modified":"2023-07-15T13:33:10","modified_gmt":"2023-07-15T11:33:10","slug":"perche-diventare-un-affiliato-della-lotteria","status":"publish","type":"page","link":"https:\/\/redfoxaffiliates.com\/it\/perche-diventare-un-affiliato-della-lotteria\/","title":{"rendered":"Perch\u00e9 diventare un affiliato della lotteria?"},"content":{"rendered":"<h2>Qual \u00e8 il nostro prodotto?<\/h2>\n<p>RedFoxLotto vende biglietti della lotteria online. Offriamo ai clienti di tutto il mondo la possibilit\u00e0 di partecipare a lotterie con jackpot enormi, come Mega Millions e Powerball negli Stati Uniti, e grandi lotterie europee come EuroMillions, EuroJackpot e SuperEnalotto.<\/p>\n<p>Attraverso di noi, i clienti possono acquistare biglietti per lotterie in paesi diversi dal proprio. Per rendere possibile tutto ci\u00f2, collaboriamo con diversi agenti situati nei paesi in cui si svolgono le lotterie. Una volta ordinato un biglietto online, uno dei nostri agenti lo acquista per i nostri clienti. Una volta fatto ci\u00f2, confermiamo l&#8217;acquisto al nostro cliente. Ogni volta che un biglietto viene acquistato tramite noi, elaboriamo anche i pagamenti ai nostri clienti.<\/p>\n<p>Forse avete sentito parlare di \u201cmercato secondario delle lotterie\u201d: questo \u00e8 il termine che indica questo mercato. Essendo un settore multimiliardario, il mercato delle lotterie non si limita alle offerte locali (ammesso che nel proprio paese di residenza esista una lotteria). La domanda per il nostro servizio di biglietteria \u00e8 molto alta. Soprattutto quando le notizie su jackpot che raggiungono importi enormi fanno notizia in tutto il mondo, i biglietti online vanno letteralmente a ruba.<\/p>\n<h2>Motivi per promuovere RedFoxLotto<\/h2>\n<h3>Ottime conversioni<\/h3>\n<p>Il nostro sito, https:\/\/redfoxlotto.com, \u00e8 stato ottimizzato per rendere il processo di acquisto il pi\u00f9 semplice possibile. Questo \u00e8 importante per garantire un alto tasso di conversione. Migliore \u00e8 la conversione del tuo traffico, maggiori saranno i tuoi guadagni.<\/p>\n<h2>Eccellente fidelizzazione dei clienti<\/h2>\n<p>Il valore del cliente nel corso della sua vita \u00e8 uno degli aspetti migliori di questo settore. Un&#8217;alta percentuale dei nostri clienti ritorna e acquista pi\u00f9 biglietti settimana dopo settimana per anni!<\/p>\n<h2>Una variet\u00e0 di processori di pagamento \u00e8 altrettanto importante<\/h2>\n<p>Ci sforziamo di offrire un&#8217;ampia gamma di opzioni. Questo \u00e8 importante per garantire che i visitatori di qualsiasi paese possano pagare facilmente i loro biglietti. Detto questo, i pagamenti con carta di credito rappresentano ancora la maggior parte delle vendite. Tuttavia, opzioni come Bitcoin ed eWallet stanno diventando sempre pi\u00f9 importanti.<\/p>\n<p>Ci siamo impegnati a gestire un programma di affiliazione onesto ed etico. La maggior parte dei programmi in questo settore sono noti per ingannare i propri affiliati in un modo o nell&#8217;altro. Un ex affiliato ha creato il marchio RedFoxLotto. Lo stesso ex affiliato \u00e8 responsabile del programma di affiliazione. Leggi il nostro articolo sull&#8217;affiliazione e l&#8217;etica: ti aiuter\u00e0 a capire meglio da dove veniamo.<\/p>\n<h2>Commissioni superiori allo standard del settore<\/h2>\n<p>Guadagna fino al 12% del valore lordo delle vendite generate dai tuoi referral.<\/p>\n<h2>Affiliazione di secondo livello<\/h2>\n<p>Ci\u00f2 significa che se porti altri sub-affiliati, guadagnerai anche una commissione del 2% sulle vendite generate dai loro referral.<\/p>\n<h2>Pagamento puntuale delle commissioni<\/h2>\n<p>Paghiamo le commissioni dell&#8217;ultimo mese il 15 del mese successivo. Puoi scegliere tra diverse opzioni di pagamento.<\/p>\n<h2>Chi pu\u00f2 diventare un affiliato e come puoi promuoverci?<\/h2>\n<p>Beh, letteralmente chiunque! Potresti avere un sito web correlato alla lotteria. In tal caso, il tuo tasso di conversione sar\u00e0 elevato perch\u00e9 il nostro prodotto riscuote successo tra il tuo pubblico.<\/p>\n<p>Oppure hai un sito web su un argomento diverso e stai cercando modi per monetizzare il tuo traffico. Tutti amano giocare al lotto e i tuoi guadagni dipenderanno principalmente dalla quantit\u00e0 di traffico del tuo sito web.<\/p>\n<p>Le mailing list sono un ottimo strumento per generare nuovi clienti. Non tolleriamo lo spamming, quindi assicurati che la tua mailing list contenga solo contatti che hanno acconsentito a ricevere le tue e-mail di marketing.<\/p>\n<p>Alcuni dei nostri affiliati utilizzano strategie offline per promuoverci. Hanno creato il proprio sito web sulla lotteria con link di affiliazione che rimandano a RedFoxLotto.com. Quindi distribuiscono volantini, biglietti da visita e altro materiale di marketing per promuovere il loro sito web, generando cos\u00ec traffico e, in ultima analisi, vendite su RedFoxLotto.com.<\/p>\n","protected":false},"excerpt":{"rendered":"<p>Qual \u00e8 il nostro prodotto? RedFoxLotto vende biglietti della lotteria online. Offriamo ai clienti di tutto il mondo la possibilit\u00e0 di partecipare a lotterie con jackpot enormi, come Mega Millions e Powerball negli Stati Uniti, e grandi lotterie europee come EuroMillions, EuroJackpot e SuperEnalotto. Attraverso di noi, i clienti possono<\/p>\n<p><a href=\"https:\/\/redfoxaffiliates.com\/it\/perche-diventare-un-affiliato-della-lotteria\/\" class=\"more-link\">Continue Reading<span class=\"screen-reader-text\">Perch\u00e9 diventare un affiliato della lotteria?<\/span><\/a><\/p>\n","protected":false},"author":1,"featured_media":0,"parent":0,"menu_order":1,"comment_status":"closed","ping_status":"closed","template":"","meta":{"footnotes":""},"class_list":["post-265","page","type-page","status-publish","hentry"],"yoast_head":"<!-- This site is optimized with the Yoast SEO plugin v22.4 - https:\/\/yoast.com\/wordpress\/plugins\/seo\/ -->\n<title>Perch\u00e9 aderire al programma di affiliazione RedFoxLotto?<\/title>\n<meta name=\"description\" content=\"Motivi per unirsi a noi e diventare un affiliato e partner commerciale di RedFoxLotto. Guadagna commissioni su ogni vendita effettuata dai tuoi clienti segnalati a vita!\" \/>\n<meta name=\"robots\" content=\"index, follow, max-snippet:-1, max-image-preview:large, max-video-preview:-1\" \/>\n<link rel=\"canonical\" href=\"https:\/\/redfoxaffiliates.com\/why-become-a-lottery-affiliate\/\" \/>\n<meta property=\"og:locale\" content=\"it_IT\" \/>\n<meta property=\"og:type\" content=\"article\" \/>\n<meta property=\"og:title\" content=\"Perch\u00e9 aderire al programma di affiliazione RedFoxLotto?\" \/>\n<meta property=\"og:description\" content=\"Motivi per unirsi a noi e diventare un affiliato e partner commerciale di RedFoxLotto. Guadagna commissioni su ogni vendita effettuata dai tuoi clienti segnalati a vita!\" \/>\n<meta property=\"og:url\" content=\"https:\/\/redfoxaffiliates.com\/why-become-a-lottery-affiliate\/\" \/>\n<meta property=\"og:site_name\" content=\"RedFoxLotto Affiliate Program\" \/>\n<meta name=\"twitter:card\" content=\"summary_large_image\" \/>\n<meta name=\"twitter:label1\" content=\"Tempo di lettura stimato\" \/>\n\t<meta name=\"twitter:data1\" content=\"3 minuti\" \/>\n<script type=\"application\/ld+json\" class=\"yoast-schema-graph\">{\"@context\":\"https:\/\/schema.org\",\"@graph\":[{\"@type\":\"WebPage\",\"@id\":\"https:\/\/redfoxaffiliates.com\/why-become-a-lottery-affiliate\/\",\"url\":\"https:\/\/redfoxaffiliates.com\/why-become-a-lottery-affiliate\/\",\"name\":\"Perch\u00e9 aderire al programma di affiliazione RedFoxLotto?\",\"isPartOf\":{\"@id\":\"https:\/\/redfoxaffiliates.com\/#website\"},\"datePublished\":\"2023-07-15T11:33:10+00:00\",\"dateModified\":\"2023-07-15T11:33:10+00:00\",\"description\":\"Motivi per unirsi a noi e diventare un affiliato e partner commerciale di RedFoxLotto. Guadagna commissioni su ogni vendita effettuata dai tuoi clienti segnalati a vita!\",\"breadcrumb\":{\"@id\":\"https:\/\/redfoxaffiliates.com\/why-become-a-lottery-affiliate\/#breadcrumb\"},\"inLanguage\":\"it-IT\",\"potentialAction\":[{\"@type\":\"ReadAction\",\"target\":[\"https:\/\/redfoxaffiliates.com\/why-become-a-lottery-affiliate\/\"]}]},{\"@type\":\"BreadcrumbList\",\"@id\":\"https:\/\/redfoxaffiliates.com\/why-become-a-lottery-affiliate\/#breadcrumb\",\"itemListElement\":[{\"@type\":\"ListItem\",\"position\":1,\"name\":\"Home\",\"item\":\"https:\/\/redfoxaffiliates.com\/it\/home\/\"},{\"@type\":\"ListItem\",\"position\":2,\"name\":\"Perch\u00e9 diventare un affiliato della lotteria?\"}]},{\"@type\":\"WebSite\",\"@id\":\"https:\/\/redfoxaffiliates.com\/#website\",\"url\":\"https:\/\/redfoxaffiliates.com\/\",\"name\":\"RedFoxLotto Affiliate Program\",\"description\":\"The site for marketing partners of RedFoxLotto.com\",\"potentialAction\":[{\"@type\":\"SearchAction\",\"target\":{\"@type\":\"EntryPoint\",\"urlTemplate\":\"https:\/\/redfoxaffiliates.com\/?s={search_term_string}\"},\"query-input\":\"required name=search_term_string\"}],\"inLanguage\":\"it-IT\"}]}<\/script>\n<!-- \/ Yoast SEO plugin. -->","yoast_head_json":{"title":"Perch\u00e9 aderire al programma di affiliazione RedFoxLotto?","description":"Motivi per unirsi a noi e diventare un affiliato e partner commerciale di RedFoxLotto. Guadagna commissioni su ogni vendita effettuata dai tuoi clienti segnalati a vita!","robots":{"index":"index","follow":"follow","max-snippet":"max-snippet:-1","max-image-preview":"max-image-preview:large","max-video-preview":"max-video-preview:-1"},"canonical":"https:\/\/redfoxaffiliates.com\/why-become-a-lottery-affiliate\/","og_locale":"it_IT","og_type":"article","og_title":"Perch\u00e9 aderire al programma di affiliazione RedFoxLotto?","og_description":"Motivi per unirsi a noi e diventare un affiliato e partner commerciale di RedFoxLotto. Guadagna commissioni su ogni vendita effettuata dai tuoi clienti segnalati a vita!","og_url":"https:\/\/redfoxaffiliates.com\/why-become-a-lottery-affiliate\/","og_site_name":"RedFoxLotto Affiliate Program","twitter_card":"summary_large_image","twitter_misc":{"Tempo di lettura stimato":"3 minuti"},"schema":{"@context":"https:\/\/schema.org","@graph":[{"@type":"WebPage","@id":"https:\/\/redfoxaffiliates.com\/why-become-a-lottery-affiliate\/","url":"https:\/\/redfoxaffiliates.com\/why-become-a-lottery-affiliate\/","name":"Perch\u00e9 aderire al programma di affiliazione RedFoxLotto?","isPartOf":{"@id":"https:\/\/redfoxaffiliates.com\/#website"},"datePublished":"2023-07-15T11:33:10+00:00","dateModified":"2023-07-15T11:33:10+00:00","description":"Motivi per unirsi a noi e diventare un affiliato e partner commerciale di RedFoxLotto. Guadagna commissioni su ogni vendita effettuata dai tuoi clienti segnalati a vita!","breadcrumb":{"@id":"https:\/\/redfoxaffiliates.com\/why-become-a-lottery-affiliate\/#breadcrumb"},"inLanguage":"it-IT","potentialAction":[{"@type":"ReadAction","target":["https:\/\/redfoxaffiliates.com\/why-become-a-lottery-affiliate\/"]}]},{"@type":"BreadcrumbList","@id":"https:\/\/redfoxaffiliates.com\/why-become-a-lottery-affiliate\/#breadcrumb","itemListElement":[{"@type":"ListItem","position":1,"name":"Home","item":"https:\/\/redfoxaffiliates.com\/it\/home\/"},{"@type":"ListItem","position":2,"name":"Perch\u00e9 diventare un affiliato della lotteria?"}]},{"@type":"WebSite","@id":"https:\/\/redfoxaffiliates.com\/#website","url":"https:\/\/redfoxaffiliates.com\/","name":"RedFoxLotto Affiliate Program","description":"The site for marketing partners of RedFoxLotto.com","potentialAction":[{"@type":"SearchAction","target":{"@type":"EntryPoint","urlTemplate":"https:\/\/redfoxaffiliates.com\/?s={search_term_string}"},"query-input":"required name=search_term_string"}],"inLanguage":"it-IT"}]}},"_links":{"self":[{"href":"https:\/\/redfoxaffiliates.com\/it\/wp-json\/wp\/v2\/pages\/265","targetHints":{"allow":["GET"]}}],"collection":[{"href":"https:\/\/redfoxaffiliates.com\/it\/wp-json\/wp\/v2\/pages"}],"about":[{"href":"https:\/\/redfoxaffiliates.com\/it\/wp-json\/wp\/v2\/types\/page"}],"author":[{"embeddable":true,"href":"https:\/\/redfoxaffiliates.com\/it\/wp-json\/wp\/v2\/users\/1"}],"replies":[{"embeddable":true,"href":"https:\/\/redfoxaffiliates.com\/it\/wp-json\/wp\/v2\/comments?post=265"}],"version-history":[{"count":0,"href":"https:\/\/redfoxaffiliates.com\/it\/wp-json\/wp\/v2\/pages\/265\/revisions"}],"wp:attachment":[{"href":"https:\/\/redfoxaffiliates.com\/it\/wp-json\/wp\/v2\/media?parent=265"}],"curies":[{"name":"wp","href":"https:\/\/api.w.org\/{rel}","templated":true}]}}