{"id":184,"date":"2023-07-15T08:09:36","date_gmt":"2023-07-15T06:09:36","guid":{"rendered":"https:\/\/redfoxaffiliates.com\/home\/"},"modified":"2026-01-03T10:45:42","modified_gmt":"2026-01-03T09:45:42","slug":"home","status":"publish","type":"page","link":"https:\/\/redfoxaffiliates.com\/it\/","title":{"rendered":"Home"},"content":{"rendered":"&#13;\n<p>RedFoxAffiliates.com \u00e8 il programma di affiliazione per RedFoxLotto.com. RedFoxLotto \u00e8 un servizio di corriere per biglietti della lotteria. Attraverso il sito web RedFoxLotto.com, gli appassionati di lotterie di tutto il mondo possono ordinare biglietti reali per un gran numero di lotterie internazionali.<\/p>&#13;\n<h2>Sei in grado di portare traffico?<\/h2>&#13;\n<p>Se riesci a indirizzare traffico (nuovi potenziali clienti) verso il nostro sito web, guadagnerai commissioni. Tu ci invii traffico e noi lo convertiamo. Pi\u00f9 traffico significa pi\u00f9 clienti paganti e commissioni pi\u00f9 elevate per te.&#13;\n<\/p>&#13;\n<h2>Il nostro servizio di biglietti della lotteria \u00e8 il prodotto ideale da promuovere online<\/h2>&#13;\n<p>\u00c8 un prodotto semplice che tutti conoscono in tutto il mondo. I jackpot enormi generano un interesse significativo da parte di un pubblico globale.&#13;\n<\/p>&#13;\n<h2>Facile conversione: da visitatore a cliente<\/h2>&#13;\n<p>Acquistare biglietti online tramite il nostro sito \u00e8 semplicissimo. La registrazione su redfoxlotto.com richiede pochi secondi e ordinare un biglietto e pagare online \u00e8 altrettanto veloce e immediato. Tu ci invii i tuoi visitatori e noi li convertiamo.&#13;\n<\/p>&#13;\n<h2>I nostri clienti sono fedeli: tornano e acquistano altri biglietti per molto tempo.<\/h2>&#13;\n<p>Una volta che i tuoi visitatori avranno effettuato il loro primo acquisto, continueranno a tornare per acquistare altri biglietti. Molti dei nostri clienti sono con noi da dieci anni o anche pi\u00f9. Se ci presenti un cliente, potrai guadagnare commissioni sugli acquisti di quel cliente per molti anni a venire!&#13;\n<\/p>&#13;\n<p>Iscriviti subito al nostro programma di affiliazione. L&#8217;iscrizione \u00e8 gratuita. Se hai domande, consulta prima la nostra pagina delle domande frequenti. Contattaci se hai ulteriori domande.&#13;\n<\/p>&#13;\n<p>Segui questo link per iscriverti al nostro programma di affiliazione. Una volta effettuata la registrazione, riceverai un&#8217;e-mail da parte nostra. Non dimenticare di cliccare sul link di conferma contenuto nell&#8217;e-mail. La tua registrazione verr\u00e0 esaminata e il tuo account di affiliazione sar\u00e0 attivato entro 48 ore.<\/p>&#13;\n<p>\u00a0<\/p>&#13;\n","protected":false},"excerpt":{"rendered":"<p>&#13; RedFoxAffiliates.com \u00e8 il programma di affiliazione per RedFoxLotto.com. RedFoxLotto \u00e8 un servizio di corriere per biglietti della lotteria. Attraverso il sito web RedFoxLotto.com, gli appassionati di lotterie di tutto il mondo possono ordinare biglietti reali per un gran numero di lotterie internazionali. &#13; Sei in grado di portare traffico?<\/p>\n<p><a href=\"https:\/\/redfoxaffiliates.com\/it\/\" class=\"more-link\">Continue Reading<span class=\"screen-reader-text\">Home<\/span><\/a><\/p>\n","protected":false},"author":1,"featured_media":0,"parent":0,"menu_order":0,"comment_status":"closed","ping_status":"closed","template":"","meta":{"footnotes":""},"class_list":["post-184","page","type-page","status-publish","hentry"],"yoast_head":"<!-- This site is optimized with the Yoast SEO plugin v22.4 - https:\/\/yoast.com\/wordpress\/plugins\/seo\/ -->\n<title>Programma di affiliazione per RedFoxLotto.com<\/title>\n<meta name=\"description\" content=\"Il nostro programma di affiliazione consente ai partner di RedFoxLotto di guadagnare commissioni sui loro referral. Diventa un partner commerciale e inizia oggi stesso a promuovere il nostro servizio di biglietti della lotteria online!\" \/>\n<meta name=\"robots\" content=\"index, follow, max-snippet:-1, max-image-preview:large, max-video-preview:-1\" \/>\n<link rel=\"canonical\" href=\"https:\/\/redfoxaffiliates.com\/it\/home\/\" \/>\n<meta property=\"og:locale\" content=\"it_IT\" \/>\n<meta property=\"og:type\" content=\"article\" \/>\n<meta property=\"og:title\" content=\"Programma di affiliazione per RedFoxLotto.com\" \/>\n<meta property=\"og:description\" content=\"Il nostro programma di affiliazione consente ai partner di RedFoxLotto di guadagnare commissioni sui loro referral. Diventa un partner commerciale e inizia oggi stesso a promuovere il nostro servizio di biglietti della lotteria online!\" \/>\n<meta property=\"og:url\" content=\"https:\/\/redfoxaffiliates.com\/it\/home\/\" \/>\n<meta property=\"og:site_name\" content=\"RedFoxLotto Affiliate Program\" \/>\n<meta property=\"article:modified_time\" content=\"2026-01-03T09:45:42+00:00\" \/>\n<meta name=\"twitter:card\" content=\"summary_large_image\" \/>\n<meta name=\"twitter:label1\" content=\"Tempo di lettura stimato\" \/>\n\t<meta name=\"twitter:data1\" content=\"1 minuto\" \/>\n<script type=\"application\/ld+json\" class=\"yoast-schema-graph\">{\"@context\":\"https:\/\/schema.org\",\"@graph\":[{\"@type\":\"WebPage\",\"@id\":\"https:\/\/redfoxaffiliates.com\/it\/home\/\",\"url\":\"https:\/\/redfoxaffiliates.com\/it\/home\/\",\"name\":\"Programma di affiliazione per RedFoxLotto.com\",\"isPartOf\":{\"@id\":\"https:\/\/redfoxaffiliates.com\/#website\"},\"datePublished\":\"2023-07-15T06:09:36+00:00\",\"dateModified\":\"2026-01-03T09:45:42+00:00\",\"description\":\"Il nostro programma di affiliazione consente ai partner di RedFoxLotto di guadagnare commissioni sui loro referral. Diventa un partner commerciale e inizia oggi stesso a promuovere il nostro servizio di biglietti della lotteria online!\",\"breadcrumb\":{\"@id\":\"https:\/\/redfoxaffiliates.com\/it\/home\/#breadcrumb\"},\"inLanguage\":\"it-IT\",\"potentialAction\":[{\"@type\":\"ReadAction\",\"target\":[\"https:\/\/redfoxaffiliates.com\/it\/home\/\"]}]},{\"@type\":\"BreadcrumbList\",\"@id\":\"https:\/\/redfoxaffiliates.com\/it\/home\/#breadcrumb\",\"itemListElement\":[{\"@type\":\"ListItem\",\"position\":1,\"name\":\"Home\",\"item\":\"https:\/\/redfoxaffiliates.com\/it\/home\/\"},{\"@type\":\"ListItem\",\"position\":2,\"name\":\"Home\"}]},{\"@type\":\"WebSite\",\"@id\":\"https:\/\/redfoxaffiliates.com\/#website\",\"url\":\"https:\/\/redfoxaffiliates.com\/\",\"name\":\"RedFoxLotto Affiliate Program\",\"description\":\"The site for marketing partners of RedFoxLotto.com\",\"potentialAction\":[{\"@type\":\"SearchAction\",\"target\":{\"@type\":\"EntryPoint\",\"urlTemplate\":\"https:\/\/redfoxaffiliates.com\/?s={search_term_string}\"},\"query-input\":\"required name=search_term_string\"}],\"inLanguage\":\"it-IT\"}]}<\/script>\n<!-- \/ Yoast SEO plugin. -->","yoast_head_json":{"title":"Programma di affiliazione per RedFoxLotto.com","description":"Il nostro programma di affiliazione consente ai partner di RedFoxLotto di guadagnare commissioni sui loro referral. Diventa un partner commerciale e inizia oggi stesso a promuovere il nostro servizio di biglietti della lotteria online!","robots":{"index":"index","follow":"follow","max-snippet":"max-snippet:-1","max-image-preview":"max-image-preview:large","max-video-preview":"max-video-preview:-1"},"canonical":"https:\/\/redfoxaffiliates.com\/it\/home\/","og_locale":"it_IT","og_type":"article","og_title":"Programma di affiliazione per RedFoxLotto.com","og_description":"Il nostro programma di affiliazione consente ai partner di RedFoxLotto di guadagnare commissioni sui loro referral. Diventa un partner commerciale e inizia oggi stesso a promuovere il nostro servizio di biglietti della lotteria online!","og_url":"https:\/\/redfoxaffiliates.com\/it\/home\/","og_site_name":"RedFoxLotto Affiliate Program","article_modified_time":"2026-01-03T09:45:42+00:00","twitter_card":"summary_large_image","twitter_misc":{"Tempo di lettura stimato":"1 minuto"},"schema":{"@context":"https:\/\/schema.org","@graph":[{"@type":"WebPage","@id":"https:\/\/redfoxaffiliates.com\/it\/home\/","url":"https:\/\/redfoxaffiliates.com\/it\/home\/","name":"Programma di affiliazione per RedFoxLotto.com","isPartOf":{"@id":"https:\/\/redfoxaffiliates.com\/#website"},"datePublished":"2023-07-15T06:09:36+00:00","dateModified":"2026-01-03T09:45:42+00:00","description":"Il nostro programma di affiliazione consente ai partner di RedFoxLotto di guadagnare commissioni sui loro referral. Diventa un partner commerciale e inizia oggi stesso a promuovere il nostro servizio di biglietti della lotteria online!","breadcrumb":{"@id":"https:\/\/redfoxaffiliates.com\/it\/home\/#breadcrumb"},"inLanguage":"it-IT","potentialAction":[{"@type":"ReadAction","target":["https:\/\/redfoxaffiliates.com\/it\/home\/"]}]},{"@type":"BreadcrumbList","@id":"https:\/\/redfoxaffiliates.com\/it\/home\/#breadcrumb","itemListElement":[{"@type":"ListItem","position":1,"name":"Home","item":"https:\/\/redfoxaffiliates.com\/it\/home\/"},{"@type":"ListItem","position":2,"name":"Home"}]},{"@type":"WebSite","@id":"https:\/\/redfoxaffiliates.com\/#website","url":"https:\/\/redfoxaffiliates.com\/","name":"RedFoxLotto Affiliate Program","description":"The site for marketing partners of RedFoxLotto.com","potentialAction":[{"@type":"SearchAction","target":{"@type":"EntryPoint","urlTemplate":"https:\/\/redfoxaffiliates.com\/?s={search_term_string}"},"query-input":"required name=search_term_string"}],"inLanguage":"it-IT"}]}},"_links":{"self":[{"href":"https:\/\/redfoxaffiliates.com\/it\/wp-json\/wp\/v2\/pages\/184","targetHints":{"allow":["GET"]}}],"collection":[{"href":"https:\/\/redfoxaffiliates.com\/it\/wp-json\/wp\/v2\/pages"}],"about":[{"href":"https:\/\/redfoxaffiliates.com\/it\/wp-json\/wp\/v2\/types\/page"}],"author":[{"embeddable":true,"href":"https:\/\/redfoxaffiliates.com\/it\/wp-json\/wp\/v2\/users\/1"}],"replies":[{"embeddable":true,"href":"https:\/\/redfoxaffiliates.com\/it\/wp-json\/wp\/v2\/comments?post=184"}],"version-history":[{"count":1,"href":"https:\/\/redfoxaffiliates.com\/it\/wp-json\/wp\/v2\/pages\/184\/revisions"}],"predecessor-version":[{"id":185,"href":"https:\/\/redfoxaffiliates.com\/it\/wp-json\/wp\/v2\/pages\/184\/revisions\/185"}],"wp:attachment":[{"href":"https:\/\/redfoxaffiliates.com\/it\/wp-json\/wp\/v2\/media?parent=184"}],"curies":[{"name":"wp","href":"https:\/\/api.w.org\/{rel}","templated":true}]}}