{"id":357,"date":"2026-01-01T21:16:49","date_gmt":"2026-01-01T20:16:49","guid":{"rendered":"https:\/\/redfoxaffiliates.com\/az-affiliate-marketing-programok-etikai-kerdeseirol\/"},"modified":"2026-01-01T21:16:49","modified_gmt":"2026-01-01T20:16:49","slug":"az-affiliate-marketing-programok-etikai-kerdeseirol","status":"publish","type":"page","link":"https:\/\/redfoxaffiliates.com\/hu\/az-affiliate-marketing-programok-etikai-kerdeseirol\/","title":{"rendered":"Az affiliate marketing programok etikai k\u00e9rd\u00e9seir\u0151l"},"content":{"rendered":"<p>Lehet, hogy meglep\u0151nek tal\u00e1lja, hogy egy affiliate program weboldal\u00e1n etikai k\u00e9rd\u00e9sekre utalunk. Egyet\u00e9rt\u00fcnk, hogy ez szokatlan.<\/p>\n<p>De sz\u00e1munkra ez egy alapvet\u0151 t\u00e9ma. A kor\u00e1bbi affiliate partnerek mind a RedFoxLotto.com, mind pedig ezt az affiliate programot m\u0171k\u00f6dtetik. Ugyanazokkal a c\u00e9gekkel dolgozunk, amelyekkel \u00d6n is dolgozott (vagy esetleg m\u00e9g mindig dolgozik). T\u00f6bb mint 12 \u00e9vnyi tapasztalattal a szerencsej\u00e1t\u00e9k-affiliate \u00fczlet\u00e1gban, sok rossz dolgot l\u00e1ttunk m\u00e1r. Bev\u00e9telcs\u00f6kkent\u00e9s, a felhaszn\u00e1l\u00e1si felt\u00e9telek megv\u00e1ltoztat\u00e1sa, ami az affiliate bev\u00e9telkies\u00e9s\u00e9hez vezetett, k\u00e9sedelmes vagy elmaradt fizet\u00e9s, \u00fcgyfeleink ellop\u00e1sa t\u0151l\u00fcnk (vagy m\u00e1s affiliate-ekt\u0151l) \u2013 mindent l\u00e1ttunk m\u00e1r.<\/p>\n<p>Sajnos ez egy olyan ipar\u00e1g, ahol a kem\u00e9nyen dolgoz\u00f3 partnereknek folyamatosan rossz dolgok t\u00f6rt\u00e9nnek. Ez\u00e9rt d\u00f6nt\u00f6tt\u00fcnk \u00fagy, hogy megl\u00e9pj\u00fck a k\u00f6vetkez\u0151 l\u00e9p\u00e9st. Elind\u00edtottuk saj\u00e1t term\u00e9k\u00fcnket, a RedFoxLotto.com-ot. Marketing terv\u00fcnk egyszer\u0171: 100%-ban SEO-n \u00e9s online partneri marketingen alapul.<\/p>\n<p>Mivel mi magunk is affiliate partnerek voltunk, \u00edg\u00e9retet tesz\u00fcnk, hogy 100%-ban etikus \u00e9s \u0151szinte affiliate programot fogunk m\u0171k\u00f6dtetni. Igen, mindannyian azt mondj\u00e1k, hogy nem fogjuk ezt vagy azt tenni. De mi komolyan gondoljuk, amit mondunk.<\/p>\n<p>Itt van, amit t\u0151l\u00fcnk v\u00e1rhat<br \/>\nAz alku az alku! Ez azt jelenti, hogy ha azt mondjuk, hogy r\u00e9szesed\u00e9st kapsz az \u00e1ltalad hozott \u00fcgyfelek \u00e9lettartama alatt gener\u00e1lt bev\u00e9telb\u0151l, akkor komolyan gondoljuk. Soha nem fogjuk meggondolni magunkat ezzel kapcsolatban.<br \/>\nSoha nem fogjuk manipul\u00e1lni a bev\u00e9teli jelent\u00e9seket, hogy cs\u00f6kkents\u00fck a k\u00f6lts\u00e9geinket. Soha nem fogjuk elt\u00e1vol\u00edtani az \u00fcgyfeleket a fi\u00f3kodb\u00f3l. Azt szeretn\u00e9nk, hogy a lehet\u0151 legsikeresebb legy\u00e9l. Te vagy az \u00fczleti partner\u00fcnk, \u00e9s a siker\u00fcnk t\u0151led f\u00fcgg!<br \/>\nId\u0151ben fizet\u00fcnk neked. Neked is vannak k\u00f6telezetts\u00e9geid \u00e9s kiad\u00e1said, \u00e9s ezt meg\u00e9rtj\u00fck.<br \/>\nVegye fel vel\u00fcnk a kapcsolatot, ha k\u00e9rd\u00e9se van, vagy seg\u00edts\u00e9gre van sz\u00fcks\u00e9ge. Haszn\u00e1lja a fels\u0151 men\u00fcsorban tal\u00e1lhat\u00f3 \u201eKapcsolat\u201d \u0171rlapot. Tal\u00e1lkozzunk, \u00e9s n\u00e9zz\u00fck meg, hogy mindketten kereshet\u00fcnk-e p\u00e9nzt!<\/p>\n","protected":false},"excerpt":{"rendered":"<p>Lehet, hogy meglep\u0151nek tal\u00e1lja, hogy egy affiliate program weboldal\u00e1n etikai k\u00e9rd\u00e9sekre utalunk. Egyet\u00e9rt\u00fcnk, hogy ez szokatlan. De sz\u00e1munkra ez egy alapvet\u0151 t\u00e9ma. A kor\u00e1bbi affiliate partnerek mind a RedFoxLotto.com, mind pedig ezt az affiliate programot m\u0171k\u00f6dtetik. Ugyanazokkal a c\u00e9gekkel dolgozunk, amelyekkel \u00d6n is dolgozott (vagy esetleg m\u00e9g mindig dolgozik). T\u00f6bb<\/p>\n<p><a href=\"https:\/\/redfoxaffiliates.com\/hu\/az-affiliate-marketing-programok-etikai-kerdeseirol\/\" class=\"more-link\">Continue Reading<span class=\"screen-reader-text\">Az affiliate marketing programok etikai k\u00e9rd\u00e9seir\u0151l<\/span><\/a><\/p>\n","protected":false},"author":1,"featured_media":0,"parent":0,"menu_order":7,"comment_status":"closed","ping_status":"closed","template":"","meta":{"footnotes":""},"class_list":["post-357","page","type-page","status-publish","hentry"],"yoast_head":"<!-- This site is optimized with the Yoast SEO plugin v22.4 - https:\/\/yoast.com\/wordpress\/plugins\/seo\/ -->\n<title>Etika \u00e9s affiliate programok a lott\u00f3piacon<\/title>\n<meta name=\"description\" content=\"Sok lott\u00f3 affiliate program van, amelyek p\u00e9nzt lopnak az affiliate partnereikt\u0151l. Ez\u00e9rt fontos sz\u00e1munkra az etikus \u00fczleti magatart\u00e1s t\u00e9m\u00e1ja.\" \/>\n<meta name=\"robots\" content=\"index, follow, max-snippet:-1, max-image-preview:large, max-video-preview:-1\" \/>\n<link rel=\"canonical\" href=\"https:\/\/redfoxaffiliates.com\/ethics-and-affiliate-marketing-programs\/\" \/>\n<meta property=\"og:locale\" content=\"hu_HU\" \/>\n<meta property=\"og:type\" content=\"article\" \/>\n<meta property=\"og:title\" content=\"Etika \u00e9s affiliate programok a lott\u00f3piacon\" \/>\n<meta property=\"og:description\" content=\"Sok lott\u00f3 affiliate program van, amelyek p\u00e9nzt lopnak az affiliate partnereikt\u0151l. Ez\u00e9rt fontos sz\u00e1munkra az etikus \u00fczleti magatart\u00e1s t\u00e9m\u00e1ja.\" \/>\n<meta property=\"og:url\" content=\"https:\/\/redfoxaffiliates.com\/ethics-and-affiliate-marketing-programs\/\" \/>\n<meta property=\"og:site_name\" content=\"RedFoxLotto Affiliate Program\" \/>\n<meta name=\"twitter:card\" content=\"summary_large_image\" \/>\n<meta name=\"twitter:label1\" content=\"Becs\u00fclt olvas\u00e1si id\u0151\" \/>\n\t<meta name=\"twitter:data1\" content=\"2 perc\" \/>\n<script type=\"application\/ld+json\" class=\"yoast-schema-graph\">{\"@context\":\"https:\/\/schema.org\",\"@graph\":[{\"@type\":\"WebPage\",\"@id\":\"https:\/\/redfoxaffiliates.com\/ethics-and-affiliate-marketing-programs\/\",\"url\":\"https:\/\/redfoxaffiliates.com\/ethics-and-affiliate-marketing-programs\/\",\"name\":\"Etika \u00e9s affiliate programok a lott\u00f3piacon\",\"isPartOf\":{\"@id\":\"https:\/\/redfoxaffiliates.com\/#website\"},\"datePublished\":\"2026-01-01T20:16:49+00:00\",\"dateModified\":\"2026-01-01T20:16:49+00:00\",\"description\":\"Sok lott\u00f3 affiliate program van, amelyek p\u00e9nzt lopnak az affiliate partnereikt\u0151l. Ez\u00e9rt fontos sz\u00e1munkra az etikus \u00fczleti magatart\u00e1s t\u00e9m\u00e1ja.\",\"breadcrumb\":{\"@id\":\"https:\/\/redfoxaffiliates.com\/ethics-and-affiliate-marketing-programs\/#breadcrumb\"},\"inLanguage\":\"hu\",\"potentialAction\":[{\"@type\":\"ReadAction\",\"target\":[\"https:\/\/redfoxaffiliates.com\/ethics-and-affiliate-marketing-programs\/\"]}]},{\"@type\":\"BreadcrumbList\",\"@id\":\"https:\/\/redfoxaffiliates.com\/ethics-and-affiliate-marketing-programs\/#breadcrumb\",\"itemListElement\":[{\"@type\":\"ListItem\",\"position\":1,\"name\":\"Home\",\"item\":\"https:\/\/redfoxaffiliates.com\/hu\/fooldal\/\"},{\"@type\":\"ListItem\",\"position\":2,\"name\":\"Az affiliate marketing programok etikai k\u00e9rd\u00e9seir\u0151l\"}]},{\"@type\":\"WebSite\",\"@id\":\"https:\/\/redfoxaffiliates.com\/#website\",\"url\":\"https:\/\/redfoxaffiliates.com\/\",\"name\":\"RedFoxLotto Affiliate Program\",\"description\":\"The site for marketing partners of RedFoxLotto.com\",\"potentialAction\":[{\"@type\":\"SearchAction\",\"target\":{\"@type\":\"EntryPoint\",\"urlTemplate\":\"https:\/\/redfoxaffiliates.com\/?s={search_term_string}\"},\"query-input\":\"required name=search_term_string\"}],\"inLanguage\":\"hu\"}]}<\/script>\n<!-- \/ Yoast SEO plugin. -->","yoast_head_json":{"title":"Etika \u00e9s affiliate programok a lott\u00f3piacon","description":"Sok lott\u00f3 affiliate program van, amelyek p\u00e9nzt lopnak az affiliate partnereikt\u0151l. Ez\u00e9rt fontos sz\u00e1munkra az etikus \u00fczleti magatart\u00e1s t\u00e9m\u00e1ja.","robots":{"index":"index","follow":"follow","max-snippet":"max-snippet:-1","max-image-preview":"max-image-preview:large","max-video-preview":"max-video-preview:-1"},"canonical":"https:\/\/redfoxaffiliates.com\/ethics-and-affiliate-marketing-programs\/","og_locale":"hu_HU","og_type":"article","og_title":"Etika \u00e9s affiliate programok a lott\u00f3piacon","og_description":"Sok lott\u00f3 affiliate program van, amelyek p\u00e9nzt lopnak az affiliate partnereikt\u0151l. Ez\u00e9rt fontos sz\u00e1munkra az etikus \u00fczleti magatart\u00e1s t\u00e9m\u00e1ja.","og_url":"https:\/\/redfoxaffiliates.com\/ethics-and-affiliate-marketing-programs\/","og_site_name":"RedFoxLotto Affiliate Program","twitter_card":"summary_large_image","twitter_misc":{"Becs\u00fclt olvas\u00e1si id\u0151":"2 perc"},"schema":{"@context":"https:\/\/schema.org","@graph":[{"@type":"WebPage","@id":"https:\/\/redfoxaffiliates.com\/ethics-and-affiliate-marketing-programs\/","url":"https:\/\/redfoxaffiliates.com\/ethics-and-affiliate-marketing-programs\/","name":"Etika \u00e9s affiliate programok a lott\u00f3piacon","isPartOf":{"@id":"https:\/\/redfoxaffiliates.com\/#website"},"datePublished":"2026-01-01T20:16:49+00:00","dateModified":"2026-01-01T20:16:49+00:00","description":"Sok lott\u00f3 affiliate program van, amelyek p\u00e9nzt lopnak az affiliate partnereikt\u0151l. Ez\u00e9rt fontos sz\u00e1munkra az etikus \u00fczleti magatart\u00e1s t\u00e9m\u00e1ja.","breadcrumb":{"@id":"https:\/\/redfoxaffiliates.com\/ethics-and-affiliate-marketing-programs\/#breadcrumb"},"inLanguage":"hu","potentialAction":[{"@type":"ReadAction","target":["https:\/\/redfoxaffiliates.com\/ethics-and-affiliate-marketing-programs\/"]}]},{"@type":"BreadcrumbList","@id":"https:\/\/redfoxaffiliates.com\/ethics-and-affiliate-marketing-programs\/#breadcrumb","itemListElement":[{"@type":"ListItem","position":1,"name":"Home","item":"https:\/\/redfoxaffiliates.com\/hu\/fooldal\/"},{"@type":"ListItem","position":2,"name":"Az affiliate marketing programok etikai k\u00e9rd\u00e9seir\u0151l"}]},{"@type":"WebSite","@id":"https:\/\/redfoxaffiliates.com\/#website","url":"https:\/\/redfoxaffiliates.com\/","name":"RedFoxLotto Affiliate Program","description":"The site for marketing partners of RedFoxLotto.com","potentialAction":[{"@type":"SearchAction","target":{"@type":"EntryPoint","urlTemplate":"https:\/\/redfoxaffiliates.com\/?s={search_term_string}"},"query-input":"required name=search_term_string"}],"inLanguage":"hu"}]}},"_links":{"self":[{"href":"https:\/\/redfoxaffiliates.com\/hu\/wp-json\/wp\/v2\/pages\/357","targetHints":{"allow":["GET"]}}],"collection":[{"href":"https:\/\/redfoxaffiliates.com\/hu\/wp-json\/wp\/v2\/pages"}],"about":[{"href":"https:\/\/redfoxaffiliates.com\/hu\/wp-json\/wp\/v2\/types\/page"}],"author":[{"embeddable":true,"href":"https:\/\/redfoxaffiliates.com\/hu\/wp-json\/wp\/v2\/users\/1"}],"replies":[{"embeddable":true,"href":"https:\/\/redfoxaffiliates.com\/hu\/wp-json\/wp\/v2\/comments?post=357"}],"version-history":[{"count":0,"href":"https:\/\/redfoxaffiliates.com\/hu\/wp-json\/wp\/v2\/pages\/357\/revisions"}],"wp:attachment":[{"href":"https:\/\/redfoxaffiliates.com\/hu\/wp-json\/wp\/v2\/media?parent=357"}],"curies":[{"name":"wp","href":"https:\/\/api.w.org\/{rel}","templated":true}]}}