{"id":321,"date":"2026-01-01T21:15:19","date_gmt":"2026-01-01T20:15:19","guid":{"rendered":"https:\/\/redfoxaffiliates.com\/hogyan-inditsunk-online-affiliate-uzletet\/"},"modified":"2026-01-01T21:15:19","modified_gmt":"2026-01-01T20:15:19","slug":"hogyan-inditsunk-online-affiliate-uzletet","status":"publish","type":"page","link":"https:\/\/redfoxaffiliates.com\/hu\/hogyan-inditsunk-online-affiliate-uzletet\/","title":{"rendered":"Hogyan ind\u00edtsunk online affiliate \u00fczletet"},"content":{"rendered":"<h2>Mi az affiliate marketing?<\/h2>\n<p>Sok online \u00e1rus\u00edt\u00f3nak van \u00fagynevezett affiliate programja. B\u00e1rki l\u00e9trehozhat ott egy affiliate fi\u00f3kot, \u00e9s elkezdheti online n\u00e9pszer\u0171s\u00edteni term\u00e9keit. A prom\u00f3ter (\u00d6n) jutal\u00e9kot kap az\u00e9rt, ha fizet\u0151 \u00fcgyfeleket ir\u00e1ny\u00edt az elad\u00f3hoz.<\/p>\n<p>N\u00e9zze meg a jobb oldali men\u00fct. Van egy link egy PDF kezd\u0151knek sz\u00f3l\u00f3 oktat\u00f3anyaghoz, amely bemutatja, hogyan kezdhet el egy affiliate v\u00e1llalkoz\u00e1st a null\u00e1r\u00f3l \u00e9s minim\u00e1lis befektet\u00e9ssel.<\/p>\n<h2>Hogyan kaphat fizet\u00e9st?<\/h2>\n<p>Miut\u00e1n regisztr\u00e1lt az affiliate programba, let\u00f6lthet \u00fagynevezett k\u00f6vet\u0151 linkeket \u00e9s\/vagy &#8222;k\u00f6vetett linkekkel&#8221; ell\u00e1tott bannereket az affiliate weboldalr\u00f3l. Ezeket be\u00e1gyazhatja a weboldal\u00e1ba, \u00e9s amikor egy l\u00e1togat\u00f3 r\u00e1kattint a linkre, az elad\u00f3 a linkben tal\u00e1lhat\u00f3 azonos\u00edt\u00f3sz\u00e1m alapj\u00e1n tudja, melyik affiliate ir\u00e1ny\u00edtotta az \u00fcgyfelet.<\/p>\n<p>A partnerprogrammal val\u00f3 egy\u00fcttm\u0171k\u00f6d\u00e9snek k\u00e9t alapvet\u0151 modellje van:<\/p>\n<p>CPA (Cost per Acquisition), amelyben a partner fix \u00f6sszeget kap, amikor egy \u00faj \u00fcgyf\u00e9l el\u00e9ri a meghat\u00e1rozott \u00e9rt\u00e9kes\u00edt\u00e9si k\u00fcsz\u00f6b\u00f6t.<\/p>\n<p>Bev\u00e9telr\u00e9szesed\u00e9s (m\u00e1s n\u00e9ven MGR), amelyben a partner az \u00e9rt\u00e9kes\u00edt\u00e9si bev\u00e9tel egy bizonyos sz\u00e1zal\u00e9k\u00e1t kapja. A felt\u00e9telekt\u0151l f\u00fcgg\u0151en jutal\u00e9kot kapsz minden j\u00f6v\u0151beni elad\u00e1s ut\u00e1n, vagy csak egy meghat\u00e1rozott id\u0151szakra.<\/p>\n<h2>Hogyan n\u00e9pszer\u0171s\u00edtheted ezeket a sz\u00e1ll\u00edt\u00f3kat?<\/h2>\n<p>Amire a legink\u00e1bb sz\u00fcks\u00e9ged van az affiliate marketing elkezd\u00e9s\u00e9hez, az egy olyan weboldal, amely forgalmat gener\u00e1l. L\u00e1sd az al\u00e1bbi &#8222;K\u00e9sz\u00edts tervet&#8221; bekezd\u00e9st! A weboldalad &#8222;forgalm\u00e1nak&#8221; megszerz\u00e9se a legfontosabb.<\/p>\n<p>Ez a weboldal lehet egy adott term\u00e9khez (a n\u00e9pszer\u0171s\u00edteni k\u00edv\u00e1nt term\u00e9khez) kapcsol\u00f3d\u00f3 weboldal, vagy csak egy b\u00e1rmilyen t\u00e9m\u00e1j\u00fa weboldal, amennyiben elegend\u0151 forgalmat gener\u00e1l. P\u00e9lda: L\u00e9trehozol egy weboldalt egy olyan t\u00e9m\u00e1ban, amelyet j\u00f3l ismersz, p\u00e9ld\u00e1ul a b\u00fav\u00e1rkod\u00e1sr\u00f3l. Nagyszer\u0171 tartalmat \u00edrsz, \u00e9s az emberek megl\u00e1togatj\u00e1k az oldaladat. Ezut\u00e1n elkezded n\u00e9pszer\u0171s\u00edteni egy online \u00e9rt\u00e9kes\u00edt\u00e9si oldalt, amely b\u00fav\u00e1rfelszerel\u00e9sekre specializ\u00e1l\u00f3dott. Minden alkalommal, amikor egy l\u00e1togat\u00f3 a weboldaladr\u00f3l az elad\u00f3 oldal\u00e1ra l\u00e9p, \u00e9s v\u00e1s\u00e1rol valamit, jutal\u00e9kot kapsz.<\/p>\n<h2>K\u00f6z\u00f6ss\u00e9gi m\u00e9dia marketing<\/h2>\n<p>Ha van k\u00f6z\u00f6ns\u00e9ged a k\u00f6z\u00f6ss\u00e9gi m\u00e9di\u00e1ban, akkor lehet, hogy nincs is sz\u00fcks\u00e9ged weboldalra. Ugyanazokat a nyomon k\u00f6vetett affiliate linkeket haszn\u00e1lhatod az elad\u00f3 term\u00e9keinek n\u00e9pszer\u0171s\u00edt\u00e9s\u00e9re. \u00c9s ha a k\u00f6z\u00f6ns\u00e9ged glob\u00e1lis, ann\u00e1l jobb. Sok orsz\u00e1gban vannak alacsony kifizet\u00e9s\u0171, vagy egy\u00e1ltal\u00e1n nincsenek lott\u00f3k. Ezeknek az orsz\u00e1goknak a lakosai az ide\u00e1lis k\u00f6z\u00f6ns\u00e9get jelentik lott\u00f3 szolg\u00e1ltat\u00e1sunk sz\u00e1m\u00e1ra.<\/p>\n<p>Els\u0151sorban k\u00e9t forgat\u00f3k\u00f6nyv lehets\u00e9ges:<\/p>\n<p>Ha lenne egy weboldalad, amely sz\u00e9lesk\u00f6r\u0171 cikkt\u00e9m\u00e1kkal rendelkezik, \u00e9s ezt a weboldalt naponta t\u00f6bb ezer l\u00e1togat\u00f3 l\u00e1gatn\u00e1, akkor t\u00f6bb\u00e9-kev\u00e9sb\u00e9 b\u00e1rmilyen term\u00e9ket eladhatn\u00e1l, amit csak szeretn\u00e9l. A l\u00e1togat\u00f3k puszta sz\u00e1ma jelent\u0151s bev\u00e9telt gener\u00e1lna. \u00c9s affiliate programunk kiv\u00e1l\u00f3an illik b\u00e1rmilyen weboldalhoz, mert v\u00e9g\u00fcl is mindenki szereti a lott\u00f3t, igaz?<\/p>\n<p>Ha p\u00e9ld\u00e1ul lenne egy lott\u00f3val kapcsolatos weboldalad, val\u00f3sz\u00edn\u0171leg kevesebb l\u00e1togat\u00f3d lenne. A forgalom m\u00e9gis &#8222;c\u00e9lzottabb&#8221;, azaz a l\u00e1togat\u00f3k nagyobb val\u00f3sz\u00edn\u0171s\u00e9ggel v\u00e1s\u00e1rolj\u00e1k meg az \u00e1ltalad rekl\u00e1mozott lott\u00f3szelv\u00e9nyeket. M\u00e9g ha csak napi 10 l\u00e1togat\u00f3d lenne, akkor is bev\u00e9telt hozn\u00e1l. \u00c9s van egy dolog a lott\u00f3z\u00e1sr\u00f3l: az emberek hajlamosak hossz\u00fa-hossz\u00fa ideig j\u00e1tszani. Miut\u00e1n bizonyos sz\u00e1m\u00fa \u00fcgyfelet ir\u00e1ny\u00edtott\u00e1l affiliate programunkba, viszonylag stabil bev\u00e9teli forr\u00e1st fogsz l\u00e1tni.<\/p>\n<h2>Hogyan szerezhetsz l\u00e1togat\u00f3kat a weboldaladra?<\/h2>\n<p>A l\u00e1togat\u00f3k vonz\u00e1sa \u00e9rdek\u00e9ben kiv\u00e1l\u00f3 min\u0151s\u00e9g\u0171 cikkekre van sz\u00fcks\u00e9ged a weboldaladon, amelyek hasznos inform\u00e1ci\u00f3kat ny\u00fajtanak az olvas\u00f3k sz\u00e1m\u00e1ra. Meg kell tanulnod a SEO (keres\u0151optimaliz\u00e1l\u00e1s) alapjait is. Ez az\u00e9rt fontos, mert vannak bizonyos \u201eszab\u00e1lyok\u201d, amelyeket ismerned kell ahhoz, hogy weboldalad oldalai el\u0151kel\u0151 helyen szerepeljenek a Google-ben a keres\u00e9si \u201ekulcsszavakra\u201d, amelyek l\u00e1togat\u00f3kat hozhatnak neked. A partnerek ezt \u201eforgalom terel\u00e9s\u00e9nek\u201d nevezik az oldaladra.<\/p>\n<p>A SEO nem rak\u00e9tatudom\u00e1ny. Csak keress r\u00e1 a Google-ben a \u201eSEO alapjai\u201d kifejez\u00e9sre, \u00e9s olvass ut\u00e1na, hogy megismerd a cikkek l\u00e9trehoz\u00e1s\u00e1nak \u00e9s a k\u00e9s\u0151bbi k\u00e9szs\u00e9geid fejleszt\u00e9s\u00e9nek legfontosabb szab\u00e1lyait.<\/p>\n<h2>Az e-mail lista ereje<\/h2>\n<p>Mindig \u00fagy \u00e1ll\u00edtsd be a weboldaladat, hogy a l\u00e1togat\u00f3knak legyen okuk feliratkozni vagy megadni az e-mail c\u00edm\u00fcket. K\u00e9sz\u00edts egy list\u00e1t, \u00e9s haszn\u00e1ld azt k\u00fcl\u00f6nleges esem\u00e9nyeket, akci\u00f3kat \u00e9s egyebeket n\u00e9pszer\u0171s\u00edt\u0151 e-mailek k\u00fcld\u00e9s\u00e9re. Ha m\u00e1r van list\u00e1d, akkor lehet, hogy nincs is sz\u00fcks\u00e9ged weboldalra ahhoz, hogy partner legy\u00e9l. De ne v\u00e1s\u00e1rolj list\u00e1kat spam e-mail c\u00edmeket \u00e9rt\u00e9kes\u00edt\u0151 oldalakr\u00f3l \u2013 nem \u00e9rik meg.<\/p>\n<h2>Mennyibe ker\u00fcl elkezdeni az affiliate marketinget?<\/h2>\n<p>Egyszer\u0171 v\u00e1lasz: semmi vagy szinte semmi!<\/p>\n<p>Csup\u00e1n egy domain n\u00e9vre \u00e9s egy webt\u00e1rhely-csomagra van sz\u00fcks\u00e9ged. Kezd\u0151k\u00e9nt nincs sz\u00fcks\u00e9ged saj\u00e1t szerverre; az alap webt\u00e1rhely, amely havi 2 eur\u00f3t\u00f3l el\u00e9rhet\u0151, elegend\u0151 az indul\u00e1shoz.<\/p>\n<p>V\u00e1lassz egy megb\u00edzhat\u00f3 t\u00e1rhelyszolg\u00e1ltat\u00f3t, \u00e9s v\u00e1lassz egy el\u00e9rhet\u0151 domain nevet. K\u00e9rj\u00fck, gondold \u00e1t a domain nev\u00e9t, miel\u0151tt megrendeled. Ezut\u00e1n v\u00e1lassz egy alap t\u00e1rhelycsomagot. Regisztr\u00e1lj \u00e9s fizesd ki a fi\u00f3kot. Ezut\u00e1n jelentkezz be az \u00fcgyf\u00e9lfi\u00f3kodba, \u00e9s n\u00e9zz k\u00f6r\u00fcl. Egy tipp: Keress egy tov\u00e1bbi funkci\u00f3t, a &#8222;Domain adatv\u00e9delme&#8221;-t &#8211; ezt \u00e9rdemes megfontolni, ha valamilyen okn\u00e1l fogva nem szeretn\u00e9d, hogy b\u00e1rki is tudja, hogy te vagy a weboldal \u00e9s a hozz\u00e1 kapcsol\u00f3d\u00f3 partner tulajdonosa \u00e9s \u00fczemeltet\u0151je.<\/p>\n<h2>\u00fczleti tev\u00e9kenys\u00e9get folytat.<\/h2>\n<p>Javasoljuk, hogy kezdj egy WordPress webhely telep\u00edt\u00e9s\u00e9vel egy ingyenes sablon (egy elrendez\u00e9s) seg\u00edts\u00e9g\u00e9vel. A WordPress egy tartalomkezel\u0151 rendszer (CMS), amely automatikusan fel\u00e9p\u00edti a webhelyedet, \u00e9s lehet\u0151v\u00e9 teszi a kezel\u00e9sedet. A webt\u00e1rhely-szolg\u00e1ltat\u00f3k egyszer\u0171 funkci\u00f3kkal rendelkeznek, amelyek seg\u00edts\u00e9g\u00e9vel m\u00e1sodpercek alatt be\u00e1ll\u00edthatsz egy WordPress webhelyet. Nincs sz\u00fcks\u00e9g programoz\u00e1si ismeretekre!<\/p>\n<p>Olvasd el a bevezet\u0151 oktat\u00f3anyagot, hogy megismerd a WordPress legfontosabb funkci\u00f3it. Mind\u00f6ssze n\u00e9h\u00e1ny \u00f3r\u00e1ra van sz\u00fcks\u00e9ged ahhoz, hogy elsaj\u00e1t\u00edtsd az egyszer\u0171 webhely kezel\u00e9s\u00e9hez sz\u00fcks\u00e9ges alapvet\u0151 k\u00e9szs\u00e9geket. A WordPress webhely\u00e9n r\u00e9szletes dokument\u00e1ci\u00f3 tal\u00e1lhat\u00f3, \u00e9s van egy f\u00f3rum, ahol seg\u00edts\u00e9get k\u00e9rhetsz a tapasztaltabb felhaszn\u00e1l\u00f3kt\u00f3l.<\/p>\n<h2>Mennyi p\u00e9nzt kereshetsz partnerk\u00e9nt?<\/h2>\n<p>Ez nagyban f\u00fcgg att\u00f3l, mennyire vagy elk\u00f6telezett \u00e9s mennyire vagy j\u00f3. Egyes partnerek milli\u00f3kat keresnek, m\u00e1sok nagyon keveset, de sokan havi t\u00f6bb sz\u00e1z eur\u00f3t. Ne v\u00e1rj azonnal p\u00e9nzt. Id\u0151be telik, mire a webhelyed l\u00e1togat\u00f3kat vonz. Ha befekteted a sz\u00fcks\u00e9ges munk\u00e1t, hossz\u00fa t\u00e1von meg tudsz \u00e9lni bel\u0151le.<\/p>\n<h2>Teljes vagy r\u00e9szmunkaid\u0151ben \u00e9rdemes\/lehet ezt csin\u00e1lni?<\/h2>\n<p>Ezt mindenkinek mag\u00e1nak kell eld\u00f6ntenie. De a partnerek 90 sz\u00e1zal\u00e9ka r\u00e9szmunkaid\u0151ben csatlakozik a v\u00e1llalkoz\u00e1shoz. A partnerek nagy sz\u00e1zal\u00e9ka teljes munkaid\u0151s poz\u00edci\u00f3ba v\u00e1lt, miut\u00e1n kell\u0151 sikert \u00e9s ipar\u00e1gi tapasztalatot szerzett.<\/p>\n<h2>Ez t\u00f6rv\u00e9nyes?<\/h2>\n<p>Term\u00e9szetesen, kiv\u00e9ve, ha olyan term\u00e9keket n\u00e9pszer\u0171s\u00edt, amelyek illeg\u00e1lisak a lak\u00f3helye szerinti orsz\u00e1gban; ebben az esetben int\u00e9zked\u00e9seket kell tennie a lehets\u00e9ges probl\u00e9m\u00e1k elleni v\u00e9delem \u00e9rdek\u00e9ben. L\u00e1sd t\u00f6bbek k\u00f6z\u00f6tt a fenti &#8222;Domain adatv\u00e9delem&#8221; c\u00edm\u0171 r\u00e9szt. \u00dcgyeljen arra, hogy ne v\u00e1lasszon domain regisztr\u00e1tort \u00e9s\/vagy t\u00e1rhelyszolg\u00e1ltat\u00f3t olyan orsz\u00e1gban, ahol a webhelye illeg\u00e1lis lenne!<\/p>\n<h2>A legfontosabb: K\u00e9sz\u00edtsen tervet!<\/h2>\n<p>Miel\u0151tt p\u00e9nzt kereshetne egy partnerprogrammal, ki kell dolgoznia egy alapos tervet, \u00e9s \u00f6ssze kell gy\u0171jtenie a sz\u00fcks\u00e9ges inform\u00e1ci\u00f3kat. Lehet, hogy l\u00e1tta Kevin Costner &#8222;\u00c1lmok mezeje&#8221; c\u00edm\u0171 filmj\u00e9t, amelyben egy hang az \u00e9gb\u0151l azt mondja: &#8222;\u00c9p\u00edtse meg, \u00e9s j\u00f6nni fognak.&#8221; Ha azt hiszi, hogy b\u00e1rmilyen t\u00e9m\u00e1ban \u00f6ssze tud rakni egy weboldalt, \u00e9s hamarosan p\u00e9nzt v\u00e1r, akkor csal\u00f3dott lesz.<\/p>\n<p>De ha tervszer\u0171en k\u00f6zel\u00edted meg a dolgot, j\u00f3 p\u00e9nzt kereshetsz, \u00e9s egy affiliate program hirdet\u00e9se rendk\u00edv\u00fcl sz\u00f3rakoztat\u00f3. Ide\u00e1lis r\u00e9szmunkaid\u0151ben kezdeni, \u00e9s ha j\u00f3l megy, k\u00f6nnyen \u00e1tv\u00e1lthatsz teljes munkaid\u0151re.<\/p>\n<h2>A tervednek a k\u00f6vetkez\u0151ket kell tartalmaznia:<\/h2>\n<p>V\u00e1lassz egy olyan t\u00e9m\u00e1t, ami ir\u00e1nt szenved\u00e9lyesen \u00e9rdekl\u0151dsz, \u00e9s amir\u0151l \u00e9rt\u00e9kes inform\u00e1ci\u00f3kat tudsz ny\u00fajtani az olvas\u00f3idnak. Ha \u00faj vagy ebben, mindig v\u00e1lassz egy &#8222;r\u00e9spiaci&#8221; t\u00e9m\u00e1t &#8211; ha rengeteg m\u00e1s weboldal van ebben a t\u00e9m\u00e1ban, neh\u00e9z lesz vel\u00fck versenyezni. Emellett neh\u00e9z lesz b\u00e1rmilyen kulcssz\u00f3ra rangsorolni. Term\u00e9szetesen olyan t\u00e9m\u00e1t kell v\u00e1lasztanod, amely illik egy online megv\u00e1s\u00e1rolhat\u00f3 term\u00e9khez, \u00e9s van affiliate programja.<\/p>\n<p>K\u00e9sz\u00edts egy list\u00e1t azokr\u00f3l a kulcssz\u00f3kombin\u00e1ci\u00f3kr\u00f3l, amelyeket a potenci\u00e1lis l\u00e1togat\u00f3k kereshetnek a Google-ben. Ne feledd, hogy a nyilv\u00e1nval\u00f3 kulcsszavakra, mint p\u00e9ld\u00e1ul az &#8222;online lott\u00f3&#8221;, szinte lehetetlen magas rangsorol\u00e1st el\u00e9rni. Haszn\u00e1lj konkr\u00e9tabb kifejez\u00e9seket. Sz\u00e9ls\u0151s\u00e9ges p\u00e9lda erre: &#8222;R\u00e9szt vehetnek-e az emberek a Powerballon, ha nem az Egyes\u00fclt \u00c1llamokban \u00e9lnek?&#8221;<\/p>\n<p>Ezut\u00e1n d\u00f6ntsd el, hogy melyik kulcssz\u00f3kombin\u00e1ci\u00f3t fogod megc\u00e9lozni a weboldalad kezd\u0151lapj\u00e1n. \u00cdrj egy kezd\u0151lapcikket az adott kulcssz\u00f3kombin\u00e1ci\u00f3hoz. Ezut\u00e1n k\u00e9sz\u00edts tervet a weboldalad fel\u00e9p\u00edt\u00e9s\u00e9re. \u00cdrj m\u00e9g n\u00e9h\u00e1ny cikket m\u00e1s kulcssz\u00f3kombin\u00e1ci\u00f3khoz, amelyekkel el\u0151 tudsz \u00e1llni.<\/p>\n<h2>Ett\u0151l kezdve k\u00e9t dologra kell \u00f6sszpontos\u00edtanod:<\/h2>\n<p>\u00c9p\u00edts linkeket a weboldaladra. A linkek olyanok, mint a weboldaladra leadott pozit\u00edv szavazatok; a kiv\u00e1l\u00f3 min\u0151s\u00e9g\u0171 linkek jav\u00edthatj\u00e1k a keres\u0151motorok rangsorol\u00e1s\u00e1t. K\u00e9rj linkeket a weboldallal rendelkez\u0151 bar\u00e1taidt\u00f3l, vedd fel a kapcsolatot m\u00e1s webmesterekkel, \u00e9s aj\u00e1nld fel, hogy \u00edrnak egy cikket linkek\u00e9rt cser\u00e9be stb. A legjobb linkek azonban term\u00e9szetesen j\u00f6nnek l\u00e9tre, amikor az emberek elolvass\u00e1k a cikkeidet, \u00e9s az\u00e9rt linkelnek az oldaladra, mert tetszett nekik, amit \u00edrt\u00e1l!<\/p>\n<p>Hozzon l\u00e9tre t\u00f6bb tartalmat (cikket) j\u00f3 SEO-val. Haszn\u00e1lja a fant\u00e1zi\u00e1j\u00e1t, \u00e9s rendszeresen \u00edrjon \u00faj cikkeket. Kezdetben fontolja meg heti 2-3 cikk hozz\u00e1ad\u00e1s\u00e1t.<\/p>\n<p>A fentiek elv\u00e9gz\u00e9se k\u00f6zben egyre k\u00e9pzettebb\u00e9 v\u00e1lik, \u00e9s meg\u00e9rkeznek az els\u0151 l\u00e1togat\u00f3k a weboldal\u00e1ra. Haszn\u00e1ljon egy (ingyenes) szolg\u00e1ltat\u00e1st, p\u00e9ld\u00e1ul a www.clicky.com-ot vagy a Google Analytics-et a l\u00e1togat\u00f3k sz\u00e1m\u00e1nak \u00e9s viselked\u00e9s\u00fcknek a nyomon k\u00f6vet\u00e9s\u00e9re. Rendszeresen ellen\u0151rizze a partnerprogram-fi\u00f3kj\u00e1t, hogy l\u00e1ssa, termel-e bev\u00e9telt.<\/p>\n<p>Haszn\u00e1lj SEO szolg\u00e1ltat\u00e1st, hogy t\u00f6bb, az els\u0151dleges kulcsszavadhoz kapcsol\u00f3d\u00f3 kulcssz\u00f3t tal\u00e1lj. Hozz l\u00e9tre SEO-optimaliz\u00e1lt tartalmat, amely ezeket a kulcsszavakat c\u00e9lozza meg. T\u00f6bb tartalom t\u00f6bb forgalmat gener\u00e1l a webhelyedre, \u00e9s n\u00f6veli a jutal\u00e9kaidat.<\/p>\n<p>Id\u0151vel, ahogy belefekteted a munk\u00e1dat, szinte biztosan pozit\u00edv hat\u00e1st fogsz tapasztalni a l\u00e1togat\u00f3id sz\u00e1m\u00e1ban \u00e9s a bev\u00e9teleidben.<\/p>\n<p>Szem\u00e9lyes megjegyz\u00e9s: a RedFoxLotto \u00e9s a partnerprogram m\u00f6g\u00f6tt \u00e1ll\u00f3 emberek t\u00f6bb mint 15 \u00e9vvel ezel\u0151tt indultak partnerk\u00e9nt. Az\u00f3ta is meglehet\u0151sen sikeresek. \u00c9s ha megk\u00e9rdezed \u0151ket, hogy mit szeretnek ebben az \u00fczletben, ezt mondan\u00e1k:<\/p>\n<ul>\n<li>Korl\u00e1tlan \u00e9s glob\u00e1lis kereseti potenci\u00e1l<\/li>\n<li>Szinte befektet\u00e9s n\u00e9lk\u00fcl elind\u00edthatod affiliate marketing v\u00e1llalkoz\u00e1sodat.<\/li>\n<li>Anyagi f\u00fcggetlens\u00e9get biztos\u00edthat.<\/li>\n<li>Online dolgozhatsz, b\u00e1rhonnan, ahol csak szeretn\u00e9l.<\/li>\n<\/ul>\n","protected":false},"excerpt":{"rendered":"<p>Mi az affiliate marketing? Sok online \u00e1rus\u00edt\u00f3nak van \u00fagynevezett affiliate programja. B\u00e1rki l\u00e9trehozhat ott egy affiliate fi\u00f3kot, \u00e9s elkezdheti online n\u00e9pszer\u0171s\u00edteni term\u00e9keit. A prom\u00f3ter (\u00d6n) jutal\u00e9kot kap az\u00e9rt, ha fizet\u0151 \u00fcgyfeleket ir\u00e1ny\u00edt az elad\u00f3hoz. N\u00e9zze meg a jobb oldali men\u00fct. Van egy link egy PDF kezd\u0151knek sz\u00f3l\u00f3 oktat\u00f3anyaghoz, amely bemutatja,<\/p>\n<p><a href=\"https:\/\/redfoxaffiliates.com\/hu\/hogyan-inditsunk-online-affiliate-uzletet\/\" class=\"more-link\">Continue Reading<span class=\"screen-reader-text\">Hogyan ind\u00edtsunk online affiliate \u00fczletet<\/span><\/a><\/p>\n","protected":false},"author":1,"featured_media":0,"parent":0,"menu_order":6,"comment_status":"closed","ping_status":"closed","template":"","meta":{"footnotes":""},"class_list":["post-321","page","type-page","status-publish","hentry"],"yoast_head":"<!-- This site is optimized with the Yoast SEO plugin v22.4 - https:\/\/yoast.com\/wordpress\/plugins\/seo\/ -->\n<title>Hogyan kezdj\u00fck el \u00e9s fejlessz\u00fck online affiliate marketing \u00fczlet\u00fcnket<\/title>\n<meta name=\"description\" content=\"\u00datmutat\u00f3 az affiliate \u00fczlet siker\u00e9hez. Kezdj\u00fcnk el online jutal\u00e9kot keresni affiliate \u00e9s marketing partnerk\u00e9nt\" \/>\n<meta name=\"robots\" content=\"index, follow, max-snippet:-1, max-image-preview:large, max-video-preview:-1\" \/>\n<link rel=\"canonical\" href=\"https:\/\/redfoxaffiliates.com\/how-to-start-an-online-affiliate-marketing-business\/\" \/>\n<meta property=\"og:locale\" content=\"hu_HU\" \/>\n<meta property=\"og:type\" content=\"article\" \/>\n<meta property=\"og:title\" content=\"Hogyan kezdj\u00fck el \u00e9s fejlessz\u00fck online affiliate marketing \u00fczlet\u00fcnket\" \/>\n<meta property=\"og:description\" content=\"\u00datmutat\u00f3 az affiliate \u00fczlet siker\u00e9hez. Kezdj\u00fcnk el online jutal\u00e9kot keresni affiliate \u00e9s marketing partnerk\u00e9nt\" \/>\n<meta property=\"og:url\" content=\"https:\/\/redfoxaffiliates.com\/how-to-start-an-online-affiliate-marketing-business\/\" \/>\n<meta property=\"og:site_name\" content=\"RedFoxLotto Affiliate Program\" \/>\n<meta name=\"twitter:card\" content=\"summary_large_image\" \/>\n<meta name=\"twitter:label1\" content=\"Becs\u00fclt olvas\u00e1si id\u0151\" \/>\n\t<meta name=\"twitter:data1\" content=\"11 perc\" \/>\n<script type=\"application\/ld+json\" class=\"yoast-schema-graph\">{\"@context\":\"https:\/\/schema.org\",\"@graph\":[{\"@type\":\"WebPage\",\"@id\":\"https:\/\/redfoxaffiliates.com\/how-to-start-an-online-affiliate-marketing-business\/\",\"url\":\"https:\/\/redfoxaffiliates.com\/how-to-start-an-online-affiliate-marketing-business\/\",\"name\":\"Hogyan kezdj\u00fck el \u00e9s fejlessz\u00fck online affiliate marketing \u00fczlet\u00fcnket\",\"isPartOf\":{\"@id\":\"https:\/\/redfoxaffiliates.com\/#website\"},\"datePublished\":\"2026-01-01T20:15:19+00:00\",\"dateModified\":\"2026-01-01T20:15:19+00:00\",\"description\":\"\u00datmutat\u00f3 az affiliate \u00fczlet siker\u00e9hez. Kezdj\u00fcnk el online jutal\u00e9kot keresni affiliate \u00e9s marketing partnerk\u00e9nt\",\"breadcrumb\":{\"@id\":\"https:\/\/redfoxaffiliates.com\/how-to-start-an-online-affiliate-marketing-business\/#breadcrumb\"},\"inLanguage\":\"hu\",\"potentialAction\":[{\"@type\":\"ReadAction\",\"target\":[\"https:\/\/redfoxaffiliates.com\/how-to-start-an-online-affiliate-marketing-business\/\"]}]},{\"@type\":\"BreadcrumbList\",\"@id\":\"https:\/\/redfoxaffiliates.com\/how-to-start-an-online-affiliate-marketing-business\/#breadcrumb\",\"itemListElement\":[{\"@type\":\"ListItem\",\"position\":1,\"name\":\"Home\",\"item\":\"https:\/\/redfoxaffiliates.com\/hu\/fooldal\/\"},{\"@type\":\"ListItem\",\"position\":2,\"name\":\"Hogyan ind\u00edtsunk online affiliate \u00fczletet\"}]},{\"@type\":\"WebSite\",\"@id\":\"https:\/\/redfoxaffiliates.com\/#website\",\"url\":\"https:\/\/redfoxaffiliates.com\/\",\"name\":\"RedFoxLotto Affiliate Program\",\"description\":\"The site for marketing partners of RedFoxLotto.com\",\"potentialAction\":[{\"@type\":\"SearchAction\",\"target\":{\"@type\":\"EntryPoint\",\"urlTemplate\":\"https:\/\/redfoxaffiliates.com\/?s={search_term_string}\"},\"query-input\":\"required name=search_term_string\"}],\"inLanguage\":\"hu\"}]}<\/script>\n<!-- \/ Yoast SEO plugin. -->","yoast_head_json":{"title":"Hogyan kezdj\u00fck el \u00e9s fejlessz\u00fck online affiliate marketing \u00fczlet\u00fcnket","description":"\u00datmutat\u00f3 az affiliate \u00fczlet siker\u00e9hez. Kezdj\u00fcnk el online jutal\u00e9kot keresni affiliate \u00e9s marketing partnerk\u00e9nt","robots":{"index":"index","follow":"follow","max-snippet":"max-snippet:-1","max-image-preview":"max-image-preview:large","max-video-preview":"max-video-preview:-1"},"canonical":"https:\/\/redfoxaffiliates.com\/how-to-start-an-online-affiliate-marketing-business\/","og_locale":"hu_HU","og_type":"article","og_title":"Hogyan kezdj\u00fck el \u00e9s fejlessz\u00fck online affiliate marketing \u00fczlet\u00fcnket","og_description":"\u00datmutat\u00f3 az affiliate \u00fczlet siker\u00e9hez. Kezdj\u00fcnk el online jutal\u00e9kot keresni affiliate \u00e9s marketing partnerk\u00e9nt","og_url":"https:\/\/redfoxaffiliates.com\/how-to-start-an-online-affiliate-marketing-business\/","og_site_name":"RedFoxLotto Affiliate Program","twitter_card":"summary_large_image","twitter_misc":{"Becs\u00fclt olvas\u00e1si id\u0151":"11 perc"},"schema":{"@context":"https:\/\/schema.org","@graph":[{"@type":"WebPage","@id":"https:\/\/redfoxaffiliates.com\/how-to-start-an-online-affiliate-marketing-business\/","url":"https:\/\/redfoxaffiliates.com\/how-to-start-an-online-affiliate-marketing-business\/","name":"Hogyan kezdj\u00fck el \u00e9s fejlessz\u00fck online affiliate marketing \u00fczlet\u00fcnket","isPartOf":{"@id":"https:\/\/redfoxaffiliates.com\/#website"},"datePublished":"2026-01-01T20:15:19+00:00","dateModified":"2026-01-01T20:15:19+00:00","description":"\u00datmutat\u00f3 az affiliate \u00fczlet siker\u00e9hez. Kezdj\u00fcnk el online jutal\u00e9kot keresni affiliate \u00e9s marketing partnerk\u00e9nt","breadcrumb":{"@id":"https:\/\/redfoxaffiliates.com\/how-to-start-an-online-affiliate-marketing-business\/#breadcrumb"},"inLanguage":"hu","potentialAction":[{"@type":"ReadAction","target":["https:\/\/redfoxaffiliates.com\/how-to-start-an-online-affiliate-marketing-business\/"]}]},{"@type":"BreadcrumbList","@id":"https:\/\/redfoxaffiliates.com\/how-to-start-an-online-affiliate-marketing-business\/#breadcrumb","itemListElement":[{"@type":"ListItem","position":1,"name":"Home","item":"https:\/\/redfoxaffiliates.com\/hu\/fooldal\/"},{"@type":"ListItem","position":2,"name":"Hogyan ind\u00edtsunk online affiliate \u00fczletet"}]},{"@type":"WebSite","@id":"https:\/\/redfoxaffiliates.com\/#website","url":"https:\/\/redfoxaffiliates.com\/","name":"RedFoxLotto Affiliate Program","description":"The site for marketing partners of RedFoxLotto.com","potentialAction":[{"@type":"SearchAction","target":{"@type":"EntryPoint","urlTemplate":"https:\/\/redfoxaffiliates.com\/?s={search_term_string}"},"query-input":"required name=search_term_string"}],"inLanguage":"hu"}]}},"_links":{"self":[{"href":"https:\/\/redfoxaffiliates.com\/hu\/wp-json\/wp\/v2\/pages\/321","targetHints":{"allow":["GET"]}}],"collection":[{"href":"https:\/\/redfoxaffiliates.com\/hu\/wp-json\/wp\/v2\/pages"}],"about":[{"href":"https:\/\/redfoxaffiliates.com\/hu\/wp-json\/wp\/v2\/types\/page"}],"author":[{"embeddable":true,"href":"https:\/\/redfoxaffiliates.com\/hu\/wp-json\/wp\/v2\/users\/1"}],"replies":[{"embeddable":true,"href":"https:\/\/redfoxaffiliates.com\/hu\/wp-json\/wp\/v2\/comments?post=321"}],"version-history":[{"count":0,"href":"https:\/\/redfoxaffiliates.com\/hu\/wp-json\/wp\/v2\/pages\/321\/revisions"}],"wp:attachment":[{"href":"https:\/\/redfoxaffiliates.com\/hu\/wp-json\/wp\/v2\/media?parent=321"}],"curies":[{"name":"wp","href":"https:\/\/api.w.org\/{rel}","templated":true}]}}