{"id":311,"date":"2023-07-15T13:46:59","date_gmt":"2023-07-15T11:46:59","guid":{"rendered":"https:\/\/redfoxaffiliates.com\/gyik\/"},"modified":"2023-07-15T13:46:59","modified_gmt":"2023-07-15T11:46:59","slug":"gyik","status":"publish","type":"page","link":"https:\/\/redfoxaffiliates.com\/hu\/gyik\/","title":{"rendered":"GYIK"},"content":{"rendered":"<h2>Mit jelent az affiliate program?<\/h2>\n<p>Az affiliate program egy marketing strat\u00e9gia. Sz\u00e1mos term\u00e9k, szolg\u00e1ltat\u00e1s \u00e9s weboldal haszn\u00e1lja az affiliate programokat term\u00e9keik \u00e9s szolg\u00e1ltat\u00e1saik marketingj\u00e9hez. A RedFoxLotto.com minden affiliate partnere rekl\u00e1mozhat minket.<\/p>\n<h2>Van valamilyen k\u00f6lts\u00e9g vagy regisztr\u00e1ci\u00f3s d\u00edj?<\/h2>\n<p>Nincs. Az affiliate programunkhoz val\u00f3 csatlakoz\u00e1s teljesen ingyenes. Az egyetlen k\u00f6lts\u00e9g, ami \u00d6nnek felmer\u00fcl, az a weboldalai \u00fczemeltet\u00e9s\u00e9nek vagy saj\u00e1t marketing anyagainak beszerz\u00e9s\u00e9nek k\u00f6lts\u00e9ge.<\/p>\n<h2>Hogyan rekl\u00e1mozhatom \u00d6n\u00f6ket?<\/h2>\n<p>Mindenf\u00e9le online \u00e9s offline strat\u00e9gi\u00e1t alkalmazhat. \u00cdme a k\u00e9t leggyakoribb m\u00f3dszer:<\/p>\n<ul>\n<li>L\u00e9trehozhat egy weboldalt (lott\u00f3val kapcsolatos vagy m\u00e1s t\u00e9m\u00e1j\u00fa), \u00e9s azt felhaszn\u00e1lhatja a RedFoxLotto rekl\u00e1moz\u00e1s\u00e1ra. N\u00f6velje a forgalmat a Google keres\u0151ben a kulcsszavak rangsorol\u00e1s\u00e1val, \u00e9s rekl\u00e1mozza weboldal\u00e1t a k\u00f6z\u00f6ss\u00e9gi m\u00e9di\u00e1ban. A weboldal\u00e1ra ir\u00e1nyul\u00f3 nagyobb forgalom t\u00f6bb kattint\u00e1st jelent a RedFoxLotto weboldal\u00e1ra, ami t\u00f6bb p\u00e9nzt jelent \u00d6nnek.<\/li>\n<li>K\u00e9sz\u00edtsen lott\u00f3 weboldalt, haszn\u00e1ljon a RedFoxLotto.com-ra mutat\u00f3 affiliate linkeket, majd n\u00e9pszer\u0171s\u00edtse weboldal\u00e1t offline.<\/li>\n<\/ul>\n<h2>Mennyit kereshetek?<\/h2>\n<p>Nincs korl\u00e1t. A nett\u00f3 \u00e9rt\u00e9kes\u00edt\u00e9si \u00f6sszeg egy sz\u00e1zal\u00e9k\u00e1t kapja meg. \u00c9s minden olyan h\u00f3napban, amelyben magasabb jutal\u00e9kot gener\u00e1l, a sz\u00e1zal\u00e9kos ar\u00e1nya emelkedni fog. Tov\u00e1bbi r\u00e9szletek\u00e9rt olvassa el ezt a cikket.<\/p>\n<h2>Mi az affiliate link?<\/h2>\n<p>Az affiliate link egy olyan link, amely egy trackert tartalmaz \u2013 egy dedik\u00e1lt azonos\u00edt\u00f3t, amely csak az \u00d6n affiliate fi\u00f3kj\u00e1hoz kapcsol\u00f3dik. Ezeket a linkeket be\u00e1gyazza a weboldal\u00e1ba. Ezut\u00e1n a weboldal\u00e1nak egyik l\u00e1togat\u00f3ja r\u00e1kattint, \u00e9s v\u00e1s\u00e1rol a RedFoxLotto.com oldalon. Az affiliate rendszer\u00fcnk a tracker k\u00f3d seg\u00edts\u00e9g\u00e9vel azonos\u00edtja, hogy az \u00faj \u00fcgyf\u00e9l \u00d6nt\u0151l \u00e9rkezett. \u00d6n jutal\u00e9kot kap ez\u00e9rt az elad\u00e1s\u00e9rt. Az \u00fcgyf\u00e9l minden j\u00f6v\u0151beli v\u00e1s\u00e1rl\u00e1sa tov\u00e1bbi jutal\u00e9kot gener\u00e1l \u00d6nnek.<\/p>\n<p>Amikor egy \u00fcgyf\u00e9l az \u00d6n affiliate linkjeire kattintva felkeresi weboldalunkat, egy cookie gener\u00e1l\u00f3dik az eszk\u00f6z\u00e9n. Ez biztos\u00edtja, hogy ha az els\u0151 l\u00e1togat\u00e1sakor nem v\u00e1s\u00e1rol, de k\u00e9s\u0151bb visszat\u00e9r, hogy lott\u00f3szelv\u00e9nyeket v\u00e1s\u00e1roljon, akkor is \u201eaz \u00d6n\u201d elad\u00e1sak\u00e9nt lesz azonos\u00edtva.<\/p>\n<h2>Mi a helyzet az affiliate fi\u00f3k bejelentkez\u00e9ssel?<\/h2>\n<p>Miut\u00e1n regisztr\u00e1lt a weboldalunkon, ellen\u0151rizz\u00fck a regisztr\u00e1ci\u00f3j\u00e1t. Ezut\u00e1n l\u00e9trehozunk \u00d6nnek egy affiliate fi\u00f3kot. Ezut\u00e1n elk\u00fcld\u00fcnk \u00d6nnek egy e-mailt, amelyben megtal\u00e1lja az affiliate fi\u00f3kj\u00e1ba val\u00f3 bejelentkez\u00e9shez sz\u00fcks\u00e9ges URL-t, felhaszn\u00e1l\u00f3nevet \u00e9s ideiglenes jelsz\u00f3t. Miut\u00e1n bejelentkezett a fi\u00f3kj\u00e1ba (az affiliate backendbe), megv\u00e1ltoztathatja a jelsz\u00f3t, \u00e9s ellen\u0151rizheti, hogy minden szem\u00e9lyes adata helyes-e.<\/p>\n<p>K\u00fcl\u00f6nb\u00f6z\u0151 marketingtev\u00e9kenys\u00e9gekhez dedik\u00e1lt affiliate linkekkel kamp\u00e1nyokat hozhat l\u00e9tre. Tegy\u00fck fel, hogy t\u00f6bb weboldala van. Ebben az esetben \u00e9rdemes weboldalonk\u00e9nt egy kamp\u00e1nyt l\u00e9trehozni. \u00cdgy k\u00fcl\u00f6n-k\u00fcl\u00f6n l\u00e1thatja az egyes weboldalak teljes\u00edtm\u00e9ny\u00e9t.<\/p>\n<p>Az affiliate backendben megtekintheti a l\u00e1togat\u00f3i statisztik\u00e1kat \u00e9s a jutal\u00e9kjelent\u00e9seket is. Azon marketinganyagok, amelyeket term\u00e9keink prom\u00f3ci\u00f3j\u00e1hoz felhaszn\u00e1lhat, szint\u00e9n let\u00f6lthet\u0151k innen.<\/p>\n<h2>Jutal\u00e9k kifizet\u00e9sek<\/h2>\n<p>Minden h\u00f3nap 15-\u00e9n kifizetj\u00fck az el\u0151z\u0151 h\u00f3napban megszerzett jutal\u00e9kokat. A szok\u00e1sos fizet\u00e9si m\u00f3dok a Skrill, a Neteller \u00e9s a banki \u00e1tutal\u00e1s, de m\u00e1s lehet\u0151s\u00e9gekr\u0151l is t\u00e1rgyalhatunk.<\/p>\n","protected":false},"excerpt":{"rendered":"<p>Mit jelent az affiliate program? Az affiliate program egy marketing strat\u00e9gia. Sz\u00e1mos term\u00e9k, szolg\u00e1ltat\u00e1s \u00e9s weboldal haszn\u00e1lja az affiliate programokat term\u00e9keik \u00e9s szolg\u00e1ltat\u00e1saik marketingj\u00e9hez. A RedFoxLotto.com minden affiliate partnere rekl\u00e1mozhat minket. Van valamilyen k\u00f6lts\u00e9g vagy regisztr\u00e1ci\u00f3s d\u00edj? Nincs. Az affiliate programunkhoz val\u00f3 csatlakoz\u00e1s teljesen ingyenes. Az egyetlen k\u00f6lts\u00e9g, ami \u00d6nnek<\/p>\n<p><a href=\"https:\/\/redfoxaffiliates.com\/hu\/gyik\/\" class=\"more-link\">Continue Reading<span class=\"screen-reader-text\">GYIK<\/span><\/a><\/p>\n","protected":false},"author":1,"featured_media":0,"parent":0,"menu_order":3,"comment_status":"closed","ping_status":"closed","template":"","meta":{"footnotes":""},"class_list":["post-311","page","type-page","status-publish","hentry"],"yoast_head":"<!-- This site is optimized with the Yoast SEO plugin v22.4 - https:\/\/yoast.com\/wordpress\/plugins\/seo\/ -->\n<title>Gyakran feltett k\u00e9rd\u00e9sek az affiliate programr\u00f3l a lott\u00f3piacon<\/title>\n<meta name=\"description\" content=\"Tal\u00e1ljon v\u00e1laszt k\u00e9rd\u00e9seire az affiliate programr\u00f3l \u00e1ltal\u00e1ban, \u00e9s a RedFoxLotto affiliate programj\u00e1r\u00f3l k\u00fcl\u00f6n\u00f6sen.\" \/>\n<meta name=\"robots\" content=\"index, follow, max-snippet:-1, max-image-preview:large, max-video-preview:-1\" \/>\n<link rel=\"canonical\" href=\"https:\/\/redfoxaffiliates.com\/faq\/\" \/>\n<meta property=\"og:locale\" content=\"hu_HU\" \/>\n<meta property=\"og:type\" content=\"article\" \/>\n<meta property=\"og:title\" content=\"Gyakran feltett k\u00e9rd\u00e9sek az affiliate programr\u00f3l a lott\u00f3piacon\" \/>\n<meta property=\"og:description\" content=\"Tal\u00e1ljon v\u00e1laszt k\u00e9rd\u00e9seire az affiliate programr\u00f3l \u00e1ltal\u00e1ban, \u00e9s a RedFoxLotto affiliate programj\u00e1r\u00f3l k\u00fcl\u00f6n\u00f6sen.\" \/>\n<meta property=\"og:url\" content=\"https:\/\/redfoxaffiliates.com\/faq\/\" \/>\n<meta property=\"og:site_name\" content=\"RedFoxLotto Affiliate Program\" \/>\n<meta name=\"twitter:card\" content=\"summary_large_image\" \/>\n<meta name=\"twitter:label1\" content=\"Becs\u00fclt olvas\u00e1si id\u0151\" \/>\n\t<meta name=\"twitter:data1\" content=\"3 perc\" \/>\n<script type=\"application\/ld+json\" class=\"yoast-schema-graph\">{\"@context\":\"https:\/\/schema.org\",\"@graph\":[{\"@type\":\"WebPage\",\"@id\":\"https:\/\/redfoxaffiliates.com\/faq\/\",\"url\":\"https:\/\/redfoxaffiliates.com\/faq\/\",\"name\":\"Gyakran feltett k\u00e9rd\u00e9sek az affiliate programr\u00f3l a lott\u00f3piacon\",\"isPartOf\":{\"@id\":\"https:\/\/redfoxaffiliates.com\/#website\"},\"datePublished\":\"2023-07-15T11:46:59+00:00\",\"dateModified\":\"2023-07-15T11:46:59+00:00\",\"description\":\"Tal\u00e1ljon v\u00e1laszt k\u00e9rd\u00e9seire az affiliate programr\u00f3l \u00e1ltal\u00e1ban, \u00e9s a RedFoxLotto affiliate programj\u00e1r\u00f3l k\u00fcl\u00f6n\u00f6sen.\",\"breadcrumb\":{\"@id\":\"https:\/\/redfoxaffiliates.com\/faq\/#breadcrumb\"},\"inLanguage\":\"hu\",\"potentialAction\":[{\"@type\":\"ReadAction\",\"target\":[\"https:\/\/redfoxaffiliates.com\/faq\/\"]}]},{\"@type\":\"BreadcrumbList\",\"@id\":\"https:\/\/redfoxaffiliates.com\/faq\/#breadcrumb\",\"itemListElement\":[{\"@type\":\"ListItem\",\"position\":1,\"name\":\"Home\",\"item\":\"https:\/\/redfoxaffiliates.com\/hu\/fooldal\/\"},{\"@type\":\"ListItem\",\"position\":2,\"name\":\"GYIK\"}]},{\"@type\":\"WebSite\",\"@id\":\"https:\/\/redfoxaffiliates.com\/#website\",\"url\":\"https:\/\/redfoxaffiliates.com\/\",\"name\":\"RedFoxLotto Affiliate Program\",\"description\":\"The site for marketing partners of RedFoxLotto.com\",\"potentialAction\":[{\"@type\":\"SearchAction\",\"target\":{\"@type\":\"EntryPoint\",\"urlTemplate\":\"https:\/\/redfoxaffiliates.com\/?s={search_term_string}\"},\"query-input\":\"required name=search_term_string\"}],\"inLanguage\":\"hu\"}]}<\/script>\n<!-- \/ Yoast SEO plugin. -->","yoast_head_json":{"title":"Gyakran feltett k\u00e9rd\u00e9sek az affiliate programr\u00f3l a lott\u00f3piacon","description":"Tal\u00e1ljon v\u00e1laszt k\u00e9rd\u00e9seire az affiliate programr\u00f3l \u00e1ltal\u00e1ban, \u00e9s a RedFoxLotto affiliate programj\u00e1r\u00f3l k\u00fcl\u00f6n\u00f6sen.","robots":{"index":"index","follow":"follow","max-snippet":"max-snippet:-1","max-image-preview":"max-image-preview:large","max-video-preview":"max-video-preview:-1"},"canonical":"https:\/\/redfoxaffiliates.com\/faq\/","og_locale":"hu_HU","og_type":"article","og_title":"Gyakran feltett k\u00e9rd\u00e9sek az affiliate programr\u00f3l a lott\u00f3piacon","og_description":"Tal\u00e1ljon v\u00e1laszt k\u00e9rd\u00e9seire az affiliate programr\u00f3l \u00e1ltal\u00e1ban, \u00e9s a RedFoxLotto affiliate programj\u00e1r\u00f3l k\u00fcl\u00f6n\u00f6sen.","og_url":"https:\/\/redfoxaffiliates.com\/faq\/","og_site_name":"RedFoxLotto Affiliate Program","twitter_card":"summary_large_image","twitter_misc":{"Becs\u00fclt olvas\u00e1si id\u0151":"3 perc"},"schema":{"@context":"https:\/\/schema.org","@graph":[{"@type":"WebPage","@id":"https:\/\/redfoxaffiliates.com\/faq\/","url":"https:\/\/redfoxaffiliates.com\/faq\/","name":"Gyakran feltett k\u00e9rd\u00e9sek az affiliate programr\u00f3l a lott\u00f3piacon","isPartOf":{"@id":"https:\/\/redfoxaffiliates.com\/#website"},"datePublished":"2023-07-15T11:46:59+00:00","dateModified":"2023-07-15T11:46:59+00:00","description":"Tal\u00e1ljon v\u00e1laszt k\u00e9rd\u00e9seire az affiliate programr\u00f3l \u00e1ltal\u00e1ban, \u00e9s a RedFoxLotto affiliate programj\u00e1r\u00f3l k\u00fcl\u00f6n\u00f6sen.","breadcrumb":{"@id":"https:\/\/redfoxaffiliates.com\/faq\/#breadcrumb"},"inLanguage":"hu","potentialAction":[{"@type":"ReadAction","target":["https:\/\/redfoxaffiliates.com\/faq\/"]}]},{"@type":"BreadcrumbList","@id":"https:\/\/redfoxaffiliates.com\/faq\/#breadcrumb","itemListElement":[{"@type":"ListItem","position":1,"name":"Home","item":"https:\/\/redfoxaffiliates.com\/hu\/fooldal\/"},{"@type":"ListItem","position":2,"name":"GYIK"}]},{"@type":"WebSite","@id":"https:\/\/redfoxaffiliates.com\/#website","url":"https:\/\/redfoxaffiliates.com\/","name":"RedFoxLotto Affiliate Program","description":"The site for marketing partners of RedFoxLotto.com","potentialAction":[{"@type":"SearchAction","target":{"@type":"EntryPoint","urlTemplate":"https:\/\/redfoxaffiliates.com\/?s={search_term_string}"},"query-input":"required name=search_term_string"}],"inLanguage":"hu"}]}},"_links":{"self":[{"href":"https:\/\/redfoxaffiliates.com\/hu\/wp-json\/wp\/v2\/pages\/311","targetHints":{"allow":["GET"]}}],"collection":[{"href":"https:\/\/redfoxaffiliates.com\/hu\/wp-json\/wp\/v2\/pages"}],"about":[{"href":"https:\/\/redfoxaffiliates.com\/hu\/wp-json\/wp\/v2\/types\/page"}],"author":[{"embeddable":true,"href":"https:\/\/redfoxaffiliates.com\/hu\/wp-json\/wp\/v2\/users\/1"}],"replies":[{"embeddable":true,"href":"https:\/\/redfoxaffiliates.com\/hu\/wp-json\/wp\/v2\/comments?post=311"}],"version-history":[{"count":0,"href":"https:\/\/redfoxaffiliates.com\/hu\/wp-json\/wp\/v2\/pages\/311\/revisions"}],"wp:attachment":[{"href":"https:\/\/redfoxaffiliates.com\/hu\/wp-json\/wp\/v2\/media?parent=311"}],"curies":[{"name":"wp","href":"https:\/\/api.w.org\/{rel}","templated":true}]}}