{"id":288,"date":"2023-07-15T13:37:01","date_gmt":"2023-07-15T11:37:01","guid":{"rendered":"https:\/\/redfoxaffiliates.com\/keressen-penzt-affiliate-marketinggel\/"},"modified":"2023-07-15T13:37:01","modified_gmt":"2023-07-15T11:37:01","slug":"keressen-penzt-affiliate-marketinggel","status":"publish","type":"page","link":"https:\/\/redfoxaffiliates.com\/hu\/keressen-penzt-affiliate-marketinggel\/","title":{"rendered":"Keressen p\u00e9nzt affiliate marketinggel"},"content":{"rendered":"<h2>Keressen jutal\u00e9kot &#8211; keressen p\u00e9nzt a RedFoxLotto n\u00e9pszer\u0171s\u00edt\u00e9s\u00e9vel, mint affiliate partner\u00fcnk.<\/h2>\n<p>Minden \u00fcgyf\u00e9l, akit hoz, \u00f6r\u00f6kre az \u00d6n \u00fcgyfele marad. Nincs id\u0151korl\u00e1t az \u00d6n \u00e1ltal gener\u00e1lt \u00fcgyfelek ut\u00e1n j\u00e1r\u00f3 jutal\u00e9kokra. Az \u00fcgyfelek soha nem ker\u00fclnek elt\u00e1vol\u00edt\u00e1sra az affiliate fi\u00f3kj\u00e1b\u00f3l. Ez\u00e9rt a mi\u00e9nk a legjobb affiliate program a lott\u00f3iparban.<\/p>\n<p>A jutal\u00e9k\u00e1t bev\u00e9tel-megoszt\u00e1s alapj\u00e1n fizetj\u00fck ki, vagyis az online aj\u00e1nl\u00e1sai \u00e1ltal gener\u00e1lt lott\u00f3elad\u00e1si volumen hat\u00e1rozza meg az affiliate programunkb\u00f3l sz\u00e1rmaz\u00f3 bev\u00e9teleit.<\/p>\n<p>Az affiliate jutal\u00e9kok n\u00e9gy szintje:<br \/>\n20 000,00 eur\u00f3 alatti brutt\u00f3 \u00e1rbev\u00e9tel: a brutt\u00f3 \u00e1rbev\u00e9tel 8%<br \/>\n20 000,00 \u00e9s 50 000,00 eur\u00f3 k\u00f6z\u00f6tti brutt\u00f3 \u00e1rbev\u00e9tel: a nett\u00f3 \u00e9rt\u00e9kes\u00edt\u00e9s 10%-a<br \/>\n50 000,00 eur\u00f3 feletti brutt\u00f3 \u00e9rt\u00e9kes\u00edt\u00e9s: a nett\u00f3 \u00e9rt\u00e9kes\u00edt\u00e9s 12%-a<\/p>\n<p>A magasabb jutal\u00e9k sz\u00e1zal\u00e9k csak arra a h\u00f3napra vonatkozik, amelyben a gener\u00e1lt teljes jutal\u00e9k meghaladja a megadott \u00f6sszeget. Ha a k\u00f6vetkez\u0151 h\u00f3napban a jutal\u00e9k alacsonyabb, akkor a jelenlegi jutal\u00e9k \u00f6sszeg\u00e9nek megfelel\u0151 ar\u00e1nyt alkalmazzuk.<\/p>\n<h2>Mi\u00e9rt nincs CPA? Mi\u00e9rt a bev\u00e9tel-megoszt\u00e1si meg\u00e1llapod\u00e1s a legjobb megold\u00e1s?<\/h2>\n<p>Ha nem ismeri a CPA kifejez\u00e9st, az a Cost Per Action (akci\u00f3k\u00f6lts\u00e9g) r\u00f6vid\u00edt\u00e9se: egyszeri kifizet\u00e9st kap minden olyan \u00fcgyf\u00e9l ut\u00e1n, aki els\u0151 online v\u00e1s\u00e1rl\u00e1s\u00e1t v\u00e9gzi. Egyes affiliate programok csak akkor fizetik ki a CPA jutal\u00e9kot, ha a j\u00e1t\u00e9kos teljes\u00edti a minim\u00e1lis k\u00f6lt\u00e9si k\u00f6vetelm\u00e9nyt.<\/p>\n<p>Ennek ellen\u00e9re a CPA jutal\u00e9kmodellnek nincs \u00e9rtelme ebben a speci\u00e1lis ipar\u00e1gban. El\u0151sz\u00f6r is, az els\u0151 befizet\u0151 \u00e9lettartama sokkal hosszabb, mint b\u00e1rmely m\u00e1s online szerencsej\u00e1t\u00e9k-\u00e1gazatban. A lott\u00f3j\u00e1t\u00e9kosok \u00e1ltal\u00e1ban eg\u00e9sz \u00e9let\u00fckben lott\u00f3szelv\u00e9nyeket v\u00e1s\u00e1rolnak. M\u00e1sodszor, legjobb \u00fcgyfeleink egyetlen tranzakci\u00f3ban t\u00f6bb sz\u00e1z eur\u00f3 \u00e9rt\u00e9k\u0171 online lott\u00f3szelv\u00e9nyt v\u00e1s\u00e1rolnak. Ez gyakrabban fordul el\u0151, amikor a jackpotok nagyon magasak, \u00e9s ez az egyik oka annak, hogy hosszabb t\u00e1von t\u00f6bb p\u00e9nzt fogsz keresni egy olyan affiliate programmal, amely bev\u00e9tel-megoszt\u00e1s alapj\u00e1n fizet.<\/p>\n<p>\u00c1ltal\u00e1ban a lott\u00f3iparban a legjobb, amit tehet, az, hogy egy \u00e9letre sz\u00f3l\u00f3 sz\u00e1zal\u00e9kos meg\u00e1llapod\u00e1s\u00fa partnerprogramot n\u00e9pszer\u0171s\u00edt. Kiv\u00e9teles esetekben azonban, ha m\u00e1r egy ideje vel\u00fcnk dolgozik, megbesz\u00e9lhetj\u00fck egy CPA-meg\u00e1llapod\u00e1st az \u00d6n \u00e1ltal hozott \u00fcgyfelek teljes\u00edtm\u00e9nye alapj\u00e1n.<\/p>\n<h2>Alpartneri jutal\u00e9k<\/h2>\n<p>Minden \u00e1ltalad hozott alpartner ut\u00e1n az adott partner \u00e1ltal gener\u00e1lt brutt\u00f3 lott\u00f3\u00e9rt\u00e9k 2%-\u00e1t kapod.<\/p>\n","protected":false},"excerpt":{"rendered":"<p>Keressen jutal\u00e9kot &#8211; keressen p\u00e9nzt a RedFoxLotto n\u00e9pszer\u0171s\u00edt\u00e9s\u00e9vel, mint affiliate partner\u00fcnk. Minden \u00fcgyf\u00e9l, akit hoz, \u00f6r\u00f6kre az \u00d6n \u00fcgyfele marad. Nincs id\u0151korl\u00e1t az \u00d6n \u00e1ltal gener\u00e1lt \u00fcgyfelek ut\u00e1n j\u00e1r\u00f3 jutal\u00e9kokra. Az \u00fcgyfelek soha nem ker\u00fclnek elt\u00e1vol\u00edt\u00e1sra az affiliate fi\u00f3kj\u00e1b\u00f3l. Ez\u00e9rt a mi\u00e9nk a legjobb affiliate program a lott\u00f3iparban. A jutal\u00e9k\u00e1t<\/p>\n<p><a href=\"https:\/\/redfoxaffiliates.com\/hu\/keressen-penzt-affiliate-marketinggel\/\" class=\"more-link\">Continue Reading<span class=\"screen-reader-text\">Keressen p\u00e9nzt affiliate marketinggel<\/span><\/a><\/p>\n","protected":false},"author":1,"featured_media":0,"parent":0,"menu_order":2,"comment_status":"closed","ping_status":"closed","template":"","meta":{"footnotes":""},"class_list":["post-288","page","type-page","status-publish","hentry"],"yoast_head":"<!-- This site is optimized with the Yoast SEO plugin v22.4 - https:\/\/yoast.com\/wordpress\/plugins\/seo\/ -->\n<title>Hogyan lehet p\u00e9nzt keresni a lott\u00f3 partnerprogramunkkal<\/title>\n<meta name=\"description\" content=\"Minden aj\u00e1nl\u00e1s ut\u00e1n \u00e9letre sz\u00f3l\u00f3 jutal\u00e9kot kapsz az \u00f6sszes v\u00e1s\u00e1rl\u00e1suk ut\u00e1n. N\u00e9zd meg, mennyi p\u00e9nzt kereshetsz a partnerprogramunkkal\" \/>\n<meta name=\"robots\" content=\"index, follow, max-snippet:-1, max-image-preview:large, max-video-preview:-1\" \/>\n<link rel=\"canonical\" href=\"https:\/\/redfoxaffiliates.com\/make-money-with-our-lottery-affliate-program\/\" \/>\n<meta property=\"og:locale\" content=\"hu_HU\" \/>\n<meta property=\"og:type\" content=\"article\" \/>\n<meta property=\"og:title\" content=\"Hogyan lehet p\u00e9nzt keresni a lott\u00f3 partnerprogramunkkal\" \/>\n<meta property=\"og:description\" content=\"Minden aj\u00e1nl\u00e1s ut\u00e1n \u00e9letre sz\u00f3l\u00f3 jutal\u00e9kot kapsz az \u00f6sszes v\u00e1s\u00e1rl\u00e1suk ut\u00e1n. N\u00e9zd meg, mennyi p\u00e9nzt kereshetsz a partnerprogramunkkal\" \/>\n<meta property=\"og:url\" content=\"https:\/\/redfoxaffiliates.com\/make-money-with-our-lottery-affliate-program\/\" \/>\n<meta property=\"og:site_name\" content=\"RedFoxLotto Affiliate Program\" \/>\n<meta name=\"twitter:card\" content=\"summary_large_image\" \/>\n<meta name=\"twitter:label1\" content=\"Becs\u00fclt olvas\u00e1si id\u0151\" \/>\n\t<meta name=\"twitter:data1\" content=\"2 perc\" \/>\n<script type=\"application\/ld+json\" class=\"yoast-schema-graph\">{\"@context\":\"https:\/\/schema.org\",\"@graph\":[{\"@type\":\"WebPage\",\"@id\":\"https:\/\/redfoxaffiliates.com\/make-money-with-our-lottery-affliate-program\/\",\"url\":\"https:\/\/redfoxaffiliates.com\/make-money-with-our-lottery-affliate-program\/\",\"name\":\"Hogyan lehet p\u00e9nzt keresni a lott\u00f3 partnerprogramunkkal\",\"isPartOf\":{\"@id\":\"https:\/\/redfoxaffiliates.com\/#website\"},\"datePublished\":\"2023-07-15T11:37:01+00:00\",\"dateModified\":\"2023-07-15T11:37:01+00:00\",\"description\":\"Minden aj\u00e1nl\u00e1s ut\u00e1n \u00e9letre sz\u00f3l\u00f3 jutal\u00e9kot kapsz az \u00f6sszes v\u00e1s\u00e1rl\u00e1suk ut\u00e1n. N\u00e9zd meg, mennyi p\u00e9nzt kereshetsz a partnerprogramunkkal\",\"breadcrumb\":{\"@id\":\"https:\/\/redfoxaffiliates.com\/make-money-with-our-lottery-affliate-program\/#breadcrumb\"},\"inLanguage\":\"hu\",\"potentialAction\":[{\"@type\":\"ReadAction\",\"target\":[\"https:\/\/redfoxaffiliates.com\/make-money-with-our-lottery-affliate-program\/\"]}]},{\"@type\":\"BreadcrumbList\",\"@id\":\"https:\/\/redfoxaffiliates.com\/make-money-with-our-lottery-affliate-program\/#breadcrumb\",\"itemListElement\":[{\"@type\":\"ListItem\",\"position\":1,\"name\":\"Home\",\"item\":\"https:\/\/redfoxaffiliates.com\/hu\/fooldal\/\"},{\"@type\":\"ListItem\",\"position\":2,\"name\":\"Keressen p\u00e9nzt affiliate marketinggel\"}]},{\"@type\":\"WebSite\",\"@id\":\"https:\/\/redfoxaffiliates.com\/#website\",\"url\":\"https:\/\/redfoxaffiliates.com\/\",\"name\":\"RedFoxLotto Affiliate Program\",\"description\":\"The site for marketing partners of RedFoxLotto.com\",\"potentialAction\":[{\"@type\":\"SearchAction\",\"target\":{\"@type\":\"EntryPoint\",\"urlTemplate\":\"https:\/\/redfoxaffiliates.com\/?s={search_term_string}\"},\"query-input\":\"required name=search_term_string\"}],\"inLanguage\":\"hu\"}]}<\/script>\n<!-- \/ Yoast SEO plugin. -->","yoast_head_json":{"title":"Hogyan lehet p\u00e9nzt keresni a lott\u00f3 partnerprogramunkkal","description":"Minden aj\u00e1nl\u00e1s ut\u00e1n \u00e9letre sz\u00f3l\u00f3 jutal\u00e9kot kapsz az \u00f6sszes v\u00e1s\u00e1rl\u00e1suk ut\u00e1n. N\u00e9zd meg, mennyi p\u00e9nzt kereshetsz a partnerprogramunkkal","robots":{"index":"index","follow":"follow","max-snippet":"max-snippet:-1","max-image-preview":"max-image-preview:large","max-video-preview":"max-video-preview:-1"},"canonical":"https:\/\/redfoxaffiliates.com\/make-money-with-our-lottery-affliate-program\/","og_locale":"hu_HU","og_type":"article","og_title":"Hogyan lehet p\u00e9nzt keresni a lott\u00f3 partnerprogramunkkal","og_description":"Minden aj\u00e1nl\u00e1s ut\u00e1n \u00e9letre sz\u00f3l\u00f3 jutal\u00e9kot kapsz az \u00f6sszes v\u00e1s\u00e1rl\u00e1suk ut\u00e1n. N\u00e9zd meg, mennyi p\u00e9nzt kereshetsz a partnerprogramunkkal","og_url":"https:\/\/redfoxaffiliates.com\/make-money-with-our-lottery-affliate-program\/","og_site_name":"RedFoxLotto Affiliate Program","twitter_card":"summary_large_image","twitter_misc":{"Becs\u00fclt olvas\u00e1si id\u0151":"2 perc"},"schema":{"@context":"https:\/\/schema.org","@graph":[{"@type":"WebPage","@id":"https:\/\/redfoxaffiliates.com\/make-money-with-our-lottery-affliate-program\/","url":"https:\/\/redfoxaffiliates.com\/make-money-with-our-lottery-affliate-program\/","name":"Hogyan lehet p\u00e9nzt keresni a lott\u00f3 partnerprogramunkkal","isPartOf":{"@id":"https:\/\/redfoxaffiliates.com\/#website"},"datePublished":"2023-07-15T11:37:01+00:00","dateModified":"2023-07-15T11:37:01+00:00","description":"Minden aj\u00e1nl\u00e1s ut\u00e1n \u00e9letre sz\u00f3l\u00f3 jutal\u00e9kot kapsz az \u00f6sszes v\u00e1s\u00e1rl\u00e1suk ut\u00e1n. N\u00e9zd meg, mennyi p\u00e9nzt kereshetsz a partnerprogramunkkal","breadcrumb":{"@id":"https:\/\/redfoxaffiliates.com\/make-money-with-our-lottery-affliate-program\/#breadcrumb"},"inLanguage":"hu","potentialAction":[{"@type":"ReadAction","target":["https:\/\/redfoxaffiliates.com\/make-money-with-our-lottery-affliate-program\/"]}]},{"@type":"BreadcrumbList","@id":"https:\/\/redfoxaffiliates.com\/make-money-with-our-lottery-affliate-program\/#breadcrumb","itemListElement":[{"@type":"ListItem","position":1,"name":"Home","item":"https:\/\/redfoxaffiliates.com\/hu\/fooldal\/"},{"@type":"ListItem","position":2,"name":"Keressen p\u00e9nzt affiliate marketinggel"}]},{"@type":"WebSite","@id":"https:\/\/redfoxaffiliates.com\/#website","url":"https:\/\/redfoxaffiliates.com\/","name":"RedFoxLotto Affiliate Program","description":"The site for marketing partners of RedFoxLotto.com","potentialAction":[{"@type":"SearchAction","target":{"@type":"EntryPoint","urlTemplate":"https:\/\/redfoxaffiliates.com\/?s={search_term_string}"},"query-input":"required name=search_term_string"}],"inLanguage":"hu"}]}},"_links":{"self":[{"href":"https:\/\/redfoxaffiliates.com\/hu\/wp-json\/wp\/v2\/pages\/288","targetHints":{"allow":["GET"]}}],"collection":[{"href":"https:\/\/redfoxaffiliates.com\/hu\/wp-json\/wp\/v2\/pages"}],"about":[{"href":"https:\/\/redfoxaffiliates.com\/hu\/wp-json\/wp\/v2\/types\/page"}],"author":[{"embeddable":true,"href":"https:\/\/redfoxaffiliates.com\/hu\/wp-json\/wp\/v2\/users\/1"}],"replies":[{"embeddable":true,"href":"https:\/\/redfoxaffiliates.com\/hu\/wp-json\/wp\/v2\/comments?post=288"}],"version-history":[{"count":0,"href":"https:\/\/redfoxaffiliates.com\/hu\/wp-json\/wp\/v2\/pages\/288\/revisions"}],"wp:attachment":[{"href":"https:\/\/redfoxaffiliates.com\/hu\/wp-json\/wp\/v2\/media?parent=288"}],"curies":[{"name":"wp","href":"https:\/\/api.w.org\/{rel}","templated":true}]}}