{"id":264,"date":"2023-07-15T13:33:10","date_gmt":"2023-07-15T11:33:10","guid":{"rendered":"https:\/\/redfoxaffiliates.com\/miert-erdemes-lottopartnerre-valni\/"},"modified":"2023-07-15T13:33:10","modified_gmt":"2023-07-15T11:33:10","slug":"miert-erdemes-lottopartnerre-valni","status":"publish","type":"page","link":"https:\/\/redfoxaffiliates.com\/hu\/miert-erdemes-lottopartnerre-valni\/","title":{"rendered":"Mi\u00e9rt \u00e9rdemes lott\u00f3partnerr\u00e9 v\u00e1lni?"},"content":{"rendered":"<h2>Mi a term\u00e9k\u00fcnk?<\/h2>\n<p>A RedFoxLotto online lott\u00f3szelv\u00e9nyeket \u00e9rt\u00e9kes\u00edt. \u00dcgyfeleinknek vil\u00e1gszerte lehet\u0151s\u00e9get k\u00edn\u00e1lunk arra, hogy r\u00e9szt vegyenek hatalmas nyerem\u00e9nyalap\u00fa lott\u00f3kon, mint p\u00e9ld\u00e1ul az amerikai Mega Millions \u00e9s Powerball, valamint nagy eur\u00f3pai lott\u00f3kon, mint az EuroMillions, EuroJackpot \u00e9s SuperEnalotto.<\/p>\n<p>Rajtunk kereszt\u00fcl \u00fcgyfeleink m\u00e1s orsz\u00e1gok lott\u00f3ira is v\u00e1s\u00e1rolhatnak szelv\u00e9nyeket. Ennek \u00e9rdek\u00e9ben t\u00f6bb \u00fcgyn\u00f6kkel is egy\u00fcttm\u0171k\u00f6d\u00fcnk azokban az orsz\u00e1gokban, ahol a lott\u00f3kat rendezik. Miut\u00e1n az \u00fcgyf\u00e9l online megrendelte a szelv\u00e9nyt, egyik \u00fcgyn\u00f6k\u00fcnk megv\u00e1s\u00e1rolja azt. Ezut\u00e1n visszaigazoljuk a v\u00e1s\u00e1rl\u00e1st az \u00fcgyf\u00e9lnek. Amikor szelv\u00e9nyt v\u00e1s\u00e1rolnak rajtunk kereszt\u00fcl, a kifizet\u00e9seket is mi int\u00e9zz\u00fck \u00fcgyfeleinknek.<\/p>\n<p>Tal\u00e1n hallott m\u00e1r a \u201em\u00e1sodlagos lott\u00f3piac\u201d kifejez\u00e9sr\u0151l \u2013 ez a piac megnevez\u00e9se. A t\u00f6bb milli\u00e1rd doll\u00e1ros ipar\u00e1gk\u00e9nt a lott\u00f3 nem korl\u00e1toz\u00f3dik a helyi k\u00edn\u00e1latra (ha egy\u00e1ltal\u00e1n van lott\u00f3 a lak\u00f3hely\u00fck szerinti orsz\u00e1gban). Jegyv\u00e1s\u00e1rl\u00e1si szolg\u00e1ltat\u00e1sunk ir\u00e1nti kereslet nagyon nagy. K\u00fcl\u00f6n\u00f6sen akkor, amikor a vil\u00e1gszerte c\u00edmlapokra ker\u00fclnek a hatalmas \u00f6sszeg\u0171 jackpotokr\u00f3l sz\u00f3l\u00f3 h\u00edrek, az online jegyek \u00fagy mondhatni \u201erep\u00fclnek a polcokr\u00f3l\u201d.<\/p>\n<h2>Okok a RedFoxLotto n\u00e9pszer\u0171s\u00edt\u00e9s\u00e9re<\/h2>\n<h3>Kiv\u00e1l\u00f3 konverzi\u00f3k<\/h3>\n<p>Weboldalunkat, a https:\/\/redfoxlotto.com-t \u00fagy alak\u00edtottuk ki, hogy a v\u00e1s\u00e1rl\u00e1si folyamat a lehet\u0151 legegyszer\u0171bb legyen. Ez fontos a magas konverzi\u00f3s ar\u00e1ny garant\u00e1l\u00e1s\u00e1hoz. Min\u00e9l jobban konvert\u00e1ljuk a forgalm\u00e1t, ann\u00e1l t\u00f6bb p\u00e9nzt fog keresni.<\/p>\n<h2>Kiv\u00e1l\u00f3 \u00fcgyf\u00e9lmegtart\u00e1s<\/h2>\n<p>Az \u00fcgyfelek \u00e9letre sz\u00f3l\u00f3 \u00e9rt\u00e9ke az egyik legjobb aspektusa ennek az ipar\u00e1gnak. \u00dcgyfeleink nagy r\u00e9sze visszat\u00e9r \u00e9s \u00e9vekig, h\u00e9tr\u0151l h\u00e9tre t\u00f6bb jegyet v\u00e1s\u00e1rol!<\/p>\n<h2>A k\u00fcl\u00f6nb\u00f6z\u0151 fizet\u00e9si m\u00f3dok szint\u00e9n fontosak<\/h2>\n<p>Igyeksz\u00fcnk sz\u00e9les v\u00e1laszt\u00e9kot k\u00edn\u00e1lni. Ez az\u00e9rt fontos, hogy b\u00e1rmely orsz\u00e1gb\u00f3l \u00e9rkez\u0151 l\u00e1togat\u00f3k k\u00f6nnyen fizethessenek a jegyeik\u00e9rt. Ugyanakkor a hitelk\u00e1rty\u00e1s fizet\u00e9sek tov\u00e1bbra is a legt\u00f6bb \u00e9rt\u00e9kes\u00edt\u00e9s oroszl\u00e1nr\u00e9sz\u00e9t teszik ki. De az olyan lehet\u0151s\u00e9gek, mint a Bitcoin \u00e9s az eWallets, egyre fontosabb\u00e1 v\u00e1lnak.<\/p>\n<p>Elk\u00f6telezt\u00fck magunkat egy becs\u00fcletes \u00e9s etikus partnerprogram m\u0171k\u00f6dtet\u00e9se mellett. Az ipar\u00e1g legt\u00f6bb programja arr\u00f3l ismert, hogy valamilyen form\u00e1ban megcsalja partnereit. A RedFoxLotto m\u00e1rk\u00e1t egy kor\u00e1bbi partner alap\u00edtotta. Ugyanez a kor\u00e1bbi partner felel a partnerprogram\u00e9rt. K\u00e9rj\u00fck, olvassa el cikk\u00fcnket a partnerkapcsolatokr\u00f3l \u00e9s az etik\u00e1r\u00f3l \u2013 ez seg\u00edt jobban meg\u00e9rteni, honnan j\u00f6v\u00fcnk.<\/p>\n<h2>Az ipar\u00e1gi \u00e1tlagot meghalad\u00f3 jutal\u00e9kok<\/h2>\n<p>Az \u00d6n \u00e1ltal aj\u00e1nlott \u00fcgyfelek \u00e1ltal gener\u00e1lt brutt\u00f3 \u00e9rt\u00e9kes\u00edt\u00e9si \u00e9rt\u00e9k 12%-\u00e1t keresheti meg.<\/p>\n<h2>M\u00e1sodlagos affiliate program<\/h2>\n<p>Ez azt jelenti, hogy ha tov\u00e1bbi al-affiliate partnereket hoz, akkor az \u00e1ltaluk aj\u00e1nlott \u00fcgyfelek \u00e1ltal gener\u00e1lt \u00e9rt\u00e9kes\u00edt\u00e9s ut\u00e1n 2% jutal\u00e9kot is kap.<\/p>\n<h2>Pontos jutal\u00e9kfizet\u00e9s<\/h2>\n<p>Az el\u0151z\u0151 h\u00f3nap jutal\u00e9k\u00e1t a k\u00f6vetkez\u0151 h\u00f3nap 15. napj\u00e1n fizetj\u00fck ki. T\u00f6bb fizet\u00e9si lehet\u0151s\u00e9g k\u00f6z\u00fcl v\u00e1laszthat.<\/p>\n<h2>Ki lehet partner, \u00e9s hogyan lehet minket n\u00e9pszer\u0171s\u00edteni?<\/h2>\n<p>Nos, sz\u00f3 szerint mindenki! Lehet, hogy van egy lott\u00f3val kapcsolatos weboldala. Ebben az esetben a konverzi\u00f3s ar\u00e1nya magas lesz, mert term\u00e9k\u00fcnk vonzza a k\u00f6z\u00f6ns\u00e9g\u00e9t.<\/p>\n<p>Vagy van egy m\u00e1sik t\u00e9m\u00e1j\u00fa weboldala, \u00e9s keresi a m\u00f3dj\u00e1t, hogy bev\u00e9telt szerezzen a forgalm\u00e1b\u00f3l. Mindenki szereti a lott\u00f3z\u00e1st, \u00e9s a bev\u00e9telei els\u0151sorban a weboldal\u00e1nak forgalm\u00e1t\u00f3l f\u00fcggenek.<\/p>\n<p>Az e-mail list\u00e1k remek eszk\u00f6z\u00f6k \u00faj \u00fcgyfelek szerz\u00e9s\u00e9re. Nem t\u00e1mogatjuk a spameket, ez\u00e9rt k\u00e9rj\u00fck, gy\u0151z\u0151dj\u00f6n meg arr\u00f3l, hogy e-mail list\u00e1ja csak olyan kapcsolatokat tartalmaz, akik kifejezetten k\u00e9rt\u00e9k, hogy marketing e-maileket kapjanak \u00d6nt\u0151l.<\/p>\n<p>N\u00e9h\u00e1ny affiliate partner\u00fcnk offline strat\u00e9gi\u00e1kat alkalmaz a prom\u00f3ci\u00f3ra. Saj\u00e1t lott\u00f3 weboldalt hoztak l\u00e9tre, amelyen affiliate linkek mutatnak a RedFoxLotto.com weboldalra. Ezut\u00e1n sz\u00f3r\u00f3lapokat, n\u00e9vjegyk\u00e1rty\u00e1kat \u00e9s egy\u00e9b marketinganyagokat osztanak sz\u00e9t, amelyekkel n\u00e9pszer\u0171s\u00edtik weboldalukat, ez\u00e1ltal forgalmat \u00e9s v\u00e9gs\u0151 soron \u00e9rt\u00e9kes\u00edt\u00e9st gener\u00e1lnak a RedFoxLotto.com weboldalon.<\/p>\n","protected":false},"excerpt":{"rendered":"<p>Mi a term\u00e9k\u00fcnk? A RedFoxLotto online lott\u00f3szelv\u00e9nyeket \u00e9rt\u00e9kes\u00edt. \u00dcgyfeleinknek vil\u00e1gszerte lehet\u0151s\u00e9get k\u00edn\u00e1lunk arra, hogy r\u00e9szt vegyenek hatalmas nyerem\u00e9nyalap\u00fa lott\u00f3kon, mint p\u00e9ld\u00e1ul az amerikai Mega Millions \u00e9s Powerball, valamint nagy eur\u00f3pai lott\u00f3kon, mint az EuroMillions, EuroJackpot \u00e9s SuperEnalotto. Rajtunk kereszt\u00fcl \u00fcgyfeleink m\u00e1s orsz\u00e1gok lott\u00f3ira is v\u00e1s\u00e1rolhatnak szelv\u00e9nyeket. Ennek \u00e9rdek\u00e9ben t\u00f6bb \u00fcgyn\u00f6kkel<\/p>\n<p><a href=\"https:\/\/redfoxaffiliates.com\/hu\/miert-erdemes-lottopartnerre-valni\/\" class=\"more-link\">Continue Reading<span class=\"screen-reader-text\">Mi\u00e9rt \u00e9rdemes lott\u00f3partnerr\u00e9 v\u00e1lni?<\/span><\/a><\/p>\n","protected":false},"author":1,"featured_media":0,"parent":0,"menu_order":1,"comment_status":"closed","ping_status":"closed","template":"","meta":{"footnotes":""},"class_list":["post-264","page","type-page","status-publish","hentry"],"yoast_head":"<!-- This site is optimized with the Yoast SEO plugin v22.4 - https:\/\/yoast.com\/wordpress\/plugins\/seo\/ -->\n<title>Mi\u00e9rt \u00e9rdemes csatlakozni a RedFoxLotto partnerprogramhoz?<\/title>\n<meta name=\"description\" content=\"Okok, amelyek miatt \u00e9rdemes csatlakozni hozz\u00e1nk, \u00e9s RedFoxLotto partnerr\u00e9 \u00e9s \u00e9rt\u00e9kes\u00edt\u00e9si partnerr\u00e9 v\u00e1lni. \u00c9letre sz\u00f3l\u00f3 jutal\u00e9kot kap minden, az \u00d6n \u00e1ltal aj\u00e1nlott \u00fcgyf\u00e9l \u00e1ltal v\u00e9gzett \u00e9rt\u00e9kes\u00edt\u00e9s ut\u00e1n!\" \/>\n<meta name=\"robots\" content=\"index, follow, max-snippet:-1, max-image-preview:large, max-video-preview:-1\" \/>\n<link rel=\"canonical\" href=\"https:\/\/redfoxaffiliates.com\/why-become-a-lottery-affiliate\/\" \/>\n<meta property=\"og:locale\" content=\"hu_HU\" \/>\n<meta property=\"og:type\" content=\"article\" \/>\n<meta property=\"og:title\" content=\"Mi\u00e9rt \u00e9rdemes csatlakozni a RedFoxLotto partnerprogramhoz?\" \/>\n<meta property=\"og:description\" content=\"Okok, amelyek miatt \u00e9rdemes csatlakozni hozz\u00e1nk, \u00e9s RedFoxLotto partnerr\u00e9 \u00e9s \u00e9rt\u00e9kes\u00edt\u00e9si partnerr\u00e9 v\u00e1lni. \u00c9letre sz\u00f3l\u00f3 jutal\u00e9kot kap minden, az \u00d6n \u00e1ltal aj\u00e1nlott \u00fcgyf\u00e9l \u00e1ltal v\u00e9gzett \u00e9rt\u00e9kes\u00edt\u00e9s ut\u00e1n!\" \/>\n<meta property=\"og:url\" content=\"https:\/\/redfoxaffiliates.com\/why-become-a-lottery-affiliate\/\" \/>\n<meta property=\"og:site_name\" content=\"RedFoxLotto Affiliate Program\" \/>\n<meta name=\"twitter:card\" content=\"summary_large_image\" \/>\n<meta name=\"twitter:label1\" content=\"Becs\u00fclt olvas\u00e1si id\u0151\" \/>\n\t<meta name=\"twitter:data1\" content=\"4 perc\" \/>\n<script type=\"application\/ld+json\" class=\"yoast-schema-graph\">{\"@context\":\"https:\/\/schema.org\",\"@graph\":[{\"@type\":\"WebPage\",\"@id\":\"https:\/\/redfoxaffiliates.com\/why-become-a-lottery-affiliate\/\",\"url\":\"https:\/\/redfoxaffiliates.com\/why-become-a-lottery-affiliate\/\",\"name\":\"Mi\u00e9rt \u00e9rdemes csatlakozni a RedFoxLotto partnerprogramhoz?\",\"isPartOf\":{\"@id\":\"https:\/\/redfoxaffiliates.com\/#website\"},\"datePublished\":\"2023-07-15T11:33:10+00:00\",\"dateModified\":\"2023-07-15T11:33:10+00:00\",\"description\":\"Okok, amelyek miatt \u00e9rdemes csatlakozni hozz\u00e1nk, \u00e9s RedFoxLotto partnerr\u00e9 \u00e9s \u00e9rt\u00e9kes\u00edt\u00e9si partnerr\u00e9 v\u00e1lni. \u00c9letre sz\u00f3l\u00f3 jutal\u00e9kot kap minden, az \u00d6n \u00e1ltal aj\u00e1nlott \u00fcgyf\u00e9l \u00e1ltal v\u00e9gzett \u00e9rt\u00e9kes\u00edt\u00e9s ut\u00e1n!\",\"breadcrumb\":{\"@id\":\"https:\/\/redfoxaffiliates.com\/why-become-a-lottery-affiliate\/#breadcrumb\"},\"inLanguage\":\"hu\",\"potentialAction\":[{\"@type\":\"ReadAction\",\"target\":[\"https:\/\/redfoxaffiliates.com\/why-become-a-lottery-affiliate\/\"]}]},{\"@type\":\"BreadcrumbList\",\"@id\":\"https:\/\/redfoxaffiliates.com\/why-become-a-lottery-affiliate\/#breadcrumb\",\"itemListElement\":[{\"@type\":\"ListItem\",\"position\":1,\"name\":\"Home\",\"item\":\"https:\/\/redfoxaffiliates.com\/hu\/fooldal\/\"},{\"@type\":\"ListItem\",\"position\":2,\"name\":\"Mi\u00e9rt \u00e9rdemes lott\u00f3partnerr\u00e9 v\u00e1lni?\"}]},{\"@type\":\"WebSite\",\"@id\":\"https:\/\/redfoxaffiliates.com\/#website\",\"url\":\"https:\/\/redfoxaffiliates.com\/\",\"name\":\"RedFoxLotto Affiliate Program\",\"description\":\"The site for marketing partners of RedFoxLotto.com\",\"potentialAction\":[{\"@type\":\"SearchAction\",\"target\":{\"@type\":\"EntryPoint\",\"urlTemplate\":\"https:\/\/redfoxaffiliates.com\/?s={search_term_string}\"},\"query-input\":\"required name=search_term_string\"}],\"inLanguage\":\"hu\"}]}<\/script>\n<!-- \/ Yoast SEO plugin. -->","yoast_head_json":{"title":"Mi\u00e9rt \u00e9rdemes csatlakozni a RedFoxLotto partnerprogramhoz?","description":"Okok, amelyek miatt \u00e9rdemes csatlakozni hozz\u00e1nk, \u00e9s RedFoxLotto partnerr\u00e9 \u00e9s \u00e9rt\u00e9kes\u00edt\u00e9si partnerr\u00e9 v\u00e1lni. \u00c9letre sz\u00f3l\u00f3 jutal\u00e9kot kap minden, az \u00d6n \u00e1ltal aj\u00e1nlott \u00fcgyf\u00e9l \u00e1ltal v\u00e9gzett \u00e9rt\u00e9kes\u00edt\u00e9s ut\u00e1n!","robots":{"index":"index","follow":"follow","max-snippet":"max-snippet:-1","max-image-preview":"max-image-preview:large","max-video-preview":"max-video-preview:-1"},"canonical":"https:\/\/redfoxaffiliates.com\/why-become-a-lottery-affiliate\/","og_locale":"hu_HU","og_type":"article","og_title":"Mi\u00e9rt \u00e9rdemes csatlakozni a RedFoxLotto partnerprogramhoz?","og_description":"Okok, amelyek miatt \u00e9rdemes csatlakozni hozz\u00e1nk, \u00e9s RedFoxLotto partnerr\u00e9 \u00e9s \u00e9rt\u00e9kes\u00edt\u00e9si partnerr\u00e9 v\u00e1lni. \u00c9letre sz\u00f3l\u00f3 jutal\u00e9kot kap minden, az \u00d6n \u00e1ltal aj\u00e1nlott \u00fcgyf\u00e9l \u00e1ltal v\u00e9gzett \u00e9rt\u00e9kes\u00edt\u00e9s ut\u00e1n!","og_url":"https:\/\/redfoxaffiliates.com\/why-become-a-lottery-affiliate\/","og_site_name":"RedFoxLotto Affiliate Program","twitter_card":"summary_large_image","twitter_misc":{"Becs\u00fclt olvas\u00e1si id\u0151":"4 perc"},"schema":{"@context":"https:\/\/schema.org","@graph":[{"@type":"WebPage","@id":"https:\/\/redfoxaffiliates.com\/why-become-a-lottery-affiliate\/","url":"https:\/\/redfoxaffiliates.com\/why-become-a-lottery-affiliate\/","name":"Mi\u00e9rt \u00e9rdemes csatlakozni a RedFoxLotto partnerprogramhoz?","isPartOf":{"@id":"https:\/\/redfoxaffiliates.com\/#website"},"datePublished":"2023-07-15T11:33:10+00:00","dateModified":"2023-07-15T11:33:10+00:00","description":"Okok, amelyek miatt \u00e9rdemes csatlakozni hozz\u00e1nk, \u00e9s RedFoxLotto partnerr\u00e9 \u00e9s \u00e9rt\u00e9kes\u00edt\u00e9si partnerr\u00e9 v\u00e1lni. \u00c9letre sz\u00f3l\u00f3 jutal\u00e9kot kap minden, az \u00d6n \u00e1ltal aj\u00e1nlott \u00fcgyf\u00e9l \u00e1ltal v\u00e9gzett \u00e9rt\u00e9kes\u00edt\u00e9s ut\u00e1n!","breadcrumb":{"@id":"https:\/\/redfoxaffiliates.com\/why-become-a-lottery-affiliate\/#breadcrumb"},"inLanguage":"hu","potentialAction":[{"@type":"ReadAction","target":["https:\/\/redfoxaffiliates.com\/why-become-a-lottery-affiliate\/"]}]},{"@type":"BreadcrumbList","@id":"https:\/\/redfoxaffiliates.com\/why-become-a-lottery-affiliate\/#breadcrumb","itemListElement":[{"@type":"ListItem","position":1,"name":"Home","item":"https:\/\/redfoxaffiliates.com\/hu\/fooldal\/"},{"@type":"ListItem","position":2,"name":"Mi\u00e9rt \u00e9rdemes lott\u00f3partnerr\u00e9 v\u00e1lni?"}]},{"@type":"WebSite","@id":"https:\/\/redfoxaffiliates.com\/#website","url":"https:\/\/redfoxaffiliates.com\/","name":"RedFoxLotto Affiliate Program","description":"The site for marketing partners of RedFoxLotto.com","potentialAction":[{"@type":"SearchAction","target":{"@type":"EntryPoint","urlTemplate":"https:\/\/redfoxaffiliates.com\/?s={search_term_string}"},"query-input":"required name=search_term_string"}],"inLanguage":"hu"}]}},"_links":{"self":[{"href":"https:\/\/redfoxaffiliates.com\/hu\/wp-json\/wp\/v2\/pages\/264","targetHints":{"allow":["GET"]}}],"collection":[{"href":"https:\/\/redfoxaffiliates.com\/hu\/wp-json\/wp\/v2\/pages"}],"about":[{"href":"https:\/\/redfoxaffiliates.com\/hu\/wp-json\/wp\/v2\/types\/page"}],"author":[{"embeddable":true,"href":"https:\/\/redfoxaffiliates.com\/hu\/wp-json\/wp\/v2\/users\/1"}],"replies":[{"embeddable":true,"href":"https:\/\/redfoxaffiliates.com\/hu\/wp-json\/wp\/v2\/comments?post=264"}],"version-history":[{"count":0,"href":"https:\/\/redfoxaffiliates.com\/hu\/wp-json\/wp\/v2\/pages\/264\/revisions"}],"wp:attachment":[{"href":"https:\/\/redfoxaffiliates.com\/hu\/wp-json\/wp\/v2\/media?parent=264"}],"curies":[{"name":"wp","href":"https:\/\/api.w.org\/{rel}","templated":true}]}}