{"id":182,"date":"2023-07-15T08:09:36","date_gmt":"2023-07-15T06:09:36","guid":{"rendered":"https:\/\/redfoxaffiliates.com\/fooldal\/"},"modified":"2026-01-03T10:43:52","modified_gmt":"2026-01-03T09:43:52","slug":"fooldal","status":"publish","type":"page","link":"https:\/\/redfoxaffiliates.com\/hu\/","title":{"rendered":"F\u0151oldal"},"content":{"rendered":"&#13;\n<p>A RedFoxAffiliates.com a RedFoxLotto.com partnerprogramja. A RedFoxLotto egy lott\u00f3szelv\u00e9nyek k\u00e9zbes\u00edt\u00e9s\u00e9vel foglalkoz\u00f3 fut\u00e1rszolg\u00e1lat. A RedFoxLotto.com weboldalon kereszt\u00fcl a lott\u00f3rajong\u00f3k vil\u00e1gszerte sz\u00e1mos nemzetk\u00f6zi lott\u00f3 val\u00f3di szelv\u00e9nyeit rendelhetik meg.<\/p>&#13;\n<h2>Tud forgalmat gener\u00e1lni?<\/h2>&#13;\n<p>Ha forgalmat (\u00faj potenci\u00e1lis \u00fcgyfeleket) tud gener\u00e1lni weboldalunkra, jutal\u00e9kot kap. \u00d6n forgalmat k\u00fcld nek\u00fcnk, mi pedig konvert\u00e1ljuk azt. A nagyobb forgalom t\u00f6bb fizet\u0151 \u00fcgyfelet \u00e9s magasabb jutal\u00e9kot jelent \u00d6nnek.&#13;\n<\/p>&#13;\n<h2>Lott\u00f3szelv\u00e9ny-szolg\u00e1ltat\u00e1sunk az ide\u00e1lis term\u00e9k az online prom\u00f3ci\u00f3hoz<\/h2>&#13;\n<p>Ez egy egyszer\u0171 term\u00e9k, amelyet mindenki ismer vil\u00e1gszerte. A hatalmas jackpotok jelent\u0151s \u00e9rdekl\u0151d\u00e9st keltenek a glob\u00e1lis k\u00f6z\u00f6ns\u00e9g k\u00f6r\u00e9ben.&#13;\n<\/p>&#13;\n<h2>K\u00f6nny\u0171 konverzi\u00f3 \u2013 a l\u00e1togat\u00f3b\u00f3l \u00fcgyf\u00e9l lesz<\/h2>&#13;\n<p>A jegyeket online, a weboldalunkon kereszt\u00fcl a lehet\u0151 legegyszer\u0171bben lehet megv\u00e1s\u00e1rolni. A redfoxlotto.com oldalon a regisztr\u00e1ci\u00f3 csak n\u00e9h\u00e1ny m\u00e1sodpercet vesz ig\u00e9nybe, a jegy megrendel\u00e9se \u00e9s az online fizet\u00e9s pedig ugyanolyan gyors \u00e9s egyszer\u0171. \u00d6n l\u00e1togat\u00f3kat k\u00fcld nek\u00fcnk, mi pedig konvert\u00e1ljuk \u0151ket.&#13;\n<\/p>&#13;\n<h2>\u00dcgyfeleink h\u0171s\u00e9gesek \u2013 visszat\u00e9rnek \u00e9s hossz\u00fa ideig v\u00e1s\u00e1rolnak tov\u00e1bbi jegyeket.<\/h2>&#13;\n<p>Miut\u00e1n l\u00e1togat\u00f3i megv\u00e1s\u00e1rolt\u00e1k az els\u0151 jegy\u00fcket, visszat\u00e9rnek, hogy tov\u00e1bbi jegyeket v\u00e1s\u00e1roljanak. Sok \u00fcgyfel\u00fcnk m\u00e1r t\u00edz \u00e9ve vagy m\u00e9g r\u00e9gebben is vel\u00fcnk van. Ha \u00fcgyfelet aj\u00e1nl nek\u00fcnk, akkor val\u00f3sz\u00edn\u0171leg \u00e9vekig jutal\u00e9kot kaphat az adott \u00fcgyf\u00e9l v\u00e1s\u00e1rl\u00e1sai ut\u00e1n!&#13;\n<\/p>&#13;\n<p>Iratkozzon fel most affiliate programunkra. A csatlakoz\u00e1s ingyenes. Ha k\u00e9rd\u00e9se van, el\u0151sz\u00f6r n\u00e9zze meg a GYIK oldalt. Ha tov\u00e1bbi k\u00e9rd\u00e9sei vannak, vegye fel vel\u00fcnk a kapcsolatot.&#13;\n<\/p>&#13;\n<p>K\u00f6vesse ezt a linket, hogy csatlakozzon affiliate programunkhoz. A regisztr\u00e1ci\u00f3 ut\u00e1n e-mailt fog kapni t\u0151l\u00fcnk. Ne felejtse el r\u00e1kattintani az e-mailben tal\u00e1lhat\u00f3 meger\u0151s\u00edt\u0151 linkre. Regisztr\u00e1ci\u00f3j\u00e1t ellen\u0151rizz\u00fck, \u00e9s affiliate fi\u00f3kj\u00e1t 48 \u00f3r\u00e1n bel\u00fcl aktiv\u00e1ljuk.<\/p>&#13;\n<p>\u00a0<\/p>&#13;\n","protected":false},"excerpt":{"rendered":"<p>&#13; A RedFoxAffiliates.com a RedFoxLotto.com partnerprogramja. A RedFoxLotto egy lott\u00f3szelv\u00e9nyek k\u00e9zbes\u00edt\u00e9s\u00e9vel foglalkoz\u00f3 fut\u00e1rszolg\u00e1lat. A RedFoxLotto.com weboldalon kereszt\u00fcl a lott\u00f3rajong\u00f3k vil\u00e1gszerte sz\u00e1mos nemzetk\u00f6zi lott\u00f3 val\u00f3di szelv\u00e9nyeit rendelhetik meg. &#13; Tud forgalmat gener\u00e1lni? &#13; Ha forgalmat (\u00faj potenci\u00e1lis \u00fcgyfeleket) tud gener\u00e1lni weboldalunkra, jutal\u00e9kot kap. \u00d6n forgalmat k\u00fcld nek\u00fcnk, mi pedig konvert\u00e1ljuk azt.<\/p>\n<p><a href=\"https:\/\/redfoxaffiliates.com\/hu\/\" class=\"more-link\">Continue Reading<span class=\"screen-reader-text\">F\u0151oldal<\/span><\/a><\/p>\n","protected":false},"author":1,"featured_media":0,"parent":0,"menu_order":0,"comment_status":"closed","ping_status":"closed","template":"","meta":{"footnotes":""},"class_list":["post-182","page","type-page","status-publish","hentry"],"yoast_head":"<!-- This site is optimized with the Yoast SEO plugin v22.4 - https:\/\/yoast.com\/wordpress\/plugins\/seo\/ -->\n<title>RedFoxLotto.com partnerprogram<\/title>\n<meta name=\"description\" content=\"Partnerprogramunk lehet\u0151v\u00e9 teszi a RedFoxLotto partnereinek, hogy jutal\u00e9kot szerezzenek az \u00e1ltaluk aj\u00e1nlott \u00fcgyfelek ut\u00e1n. Legyen \u00e9rt\u00e9kes\u00edt\u00e9si partner\u00fcnk, \u00e9s kezdje el m\u00e9g ma n\u00e9pszer\u0171s\u00edteni online lott\u00f3szelv\u00e9ny-szolg\u00e1ltat\u00e1sunkat!\" \/>\n<meta name=\"robots\" content=\"index, follow, max-snippet:-1, max-image-preview:large, max-video-preview:-1\" \/>\n<link rel=\"canonical\" href=\"https:\/\/redfoxaffiliates.com\/hu\/fooldal\/\" \/>\n<meta property=\"og:locale\" content=\"hu_HU\" \/>\n<meta property=\"og:type\" content=\"article\" \/>\n<meta property=\"og:title\" content=\"RedFoxLotto.com partnerprogram\" \/>\n<meta property=\"og:description\" content=\"Partnerprogramunk lehet\u0151v\u00e9 teszi a RedFoxLotto partnereinek, hogy jutal\u00e9kot szerezzenek az \u00e1ltaluk aj\u00e1nlott \u00fcgyfelek ut\u00e1n. Legyen \u00e9rt\u00e9kes\u00edt\u00e9si partner\u00fcnk, \u00e9s kezdje el m\u00e9g ma n\u00e9pszer\u0171s\u00edteni online lott\u00f3szelv\u00e9ny-szolg\u00e1ltat\u00e1sunkat!\" \/>\n<meta property=\"og:url\" content=\"https:\/\/redfoxaffiliates.com\/hu\/fooldal\/\" \/>\n<meta property=\"og:site_name\" content=\"RedFoxLotto Affiliate Program\" \/>\n<meta property=\"article:modified_time\" content=\"2026-01-03T09:43:52+00:00\" \/>\n<meta name=\"twitter:card\" content=\"summary_large_image\" \/>\n<meta name=\"twitter:label1\" content=\"Becs\u00fclt olvas\u00e1si id\u0151\" \/>\n\t<meta name=\"twitter:data1\" content=\"2 perc\" \/>\n<script type=\"application\/ld+json\" class=\"yoast-schema-graph\">{\"@context\":\"https:\/\/schema.org\",\"@graph\":[{\"@type\":\"WebPage\",\"@id\":\"https:\/\/redfoxaffiliates.com\/hu\/fooldal\/\",\"url\":\"https:\/\/redfoxaffiliates.com\/hu\/fooldal\/\",\"name\":\"RedFoxLotto.com partnerprogram\",\"isPartOf\":{\"@id\":\"https:\/\/redfoxaffiliates.com\/#website\"},\"datePublished\":\"2023-07-15T06:09:36+00:00\",\"dateModified\":\"2026-01-03T09:43:52+00:00\",\"description\":\"Partnerprogramunk lehet\u0151v\u00e9 teszi a RedFoxLotto partnereinek, hogy jutal\u00e9kot szerezzenek az \u00e1ltaluk aj\u00e1nlott \u00fcgyfelek ut\u00e1n. Legyen \u00e9rt\u00e9kes\u00edt\u00e9si partner\u00fcnk, \u00e9s kezdje el m\u00e9g ma n\u00e9pszer\u0171s\u00edteni online lott\u00f3szelv\u00e9ny-szolg\u00e1ltat\u00e1sunkat!\",\"breadcrumb\":{\"@id\":\"https:\/\/redfoxaffiliates.com\/hu\/fooldal\/#breadcrumb\"},\"inLanguage\":\"hu\",\"potentialAction\":[{\"@type\":\"ReadAction\",\"target\":[\"https:\/\/redfoxaffiliates.com\/hu\/fooldal\/\"]}]},{\"@type\":\"BreadcrumbList\",\"@id\":\"https:\/\/redfoxaffiliates.com\/hu\/fooldal\/#breadcrumb\",\"itemListElement\":[{\"@type\":\"ListItem\",\"position\":1,\"name\":\"Home\",\"item\":\"https:\/\/redfoxaffiliates.com\/hu\/fooldal\/\"},{\"@type\":\"ListItem\",\"position\":2,\"name\":\"F\u0151oldal\"}]},{\"@type\":\"WebSite\",\"@id\":\"https:\/\/redfoxaffiliates.com\/#website\",\"url\":\"https:\/\/redfoxaffiliates.com\/\",\"name\":\"RedFoxLotto Affiliate Program\",\"description\":\"The site for marketing partners of RedFoxLotto.com\",\"potentialAction\":[{\"@type\":\"SearchAction\",\"target\":{\"@type\":\"EntryPoint\",\"urlTemplate\":\"https:\/\/redfoxaffiliates.com\/?s={search_term_string}\"},\"query-input\":\"required name=search_term_string\"}],\"inLanguage\":\"hu\"}]}<\/script>\n<!-- \/ Yoast SEO plugin. -->","yoast_head_json":{"title":"RedFoxLotto.com partnerprogram","description":"Partnerprogramunk lehet\u0151v\u00e9 teszi a RedFoxLotto partnereinek, hogy jutal\u00e9kot szerezzenek az \u00e1ltaluk aj\u00e1nlott \u00fcgyfelek ut\u00e1n. Legyen \u00e9rt\u00e9kes\u00edt\u00e9si partner\u00fcnk, \u00e9s kezdje el m\u00e9g ma n\u00e9pszer\u0171s\u00edteni online lott\u00f3szelv\u00e9ny-szolg\u00e1ltat\u00e1sunkat!","robots":{"index":"index","follow":"follow","max-snippet":"max-snippet:-1","max-image-preview":"max-image-preview:large","max-video-preview":"max-video-preview:-1"},"canonical":"https:\/\/redfoxaffiliates.com\/hu\/fooldal\/","og_locale":"hu_HU","og_type":"article","og_title":"RedFoxLotto.com partnerprogram","og_description":"Partnerprogramunk lehet\u0151v\u00e9 teszi a RedFoxLotto partnereinek, hogy jutal\u00e9kot szerezzenek az \u00e1ltaluk aj\u00e1nlott \u00fcgyfelek ut\u00e1n. Legyen \u00e9rt\u00e9kes\u00edt\u00e9si partner\u00fcnk, \u00e9s kezdje el m\u00e9g ma n\u00e9pszer\u0171s\u00edteni online lott\u00f3szelv\u00e9ny-szolg\u00e1ltat\u00e1sunkat!","og_url":"https:\/\/redfoxaffiliates.com\/hu\/fooldal\/","og_site_name":"RedFoxLotto Affiliate Program","article_modified_time":"2026-01-03T09:43:52+00:00","twitter_card":"summary_large_image","twitter_misc":{"Becs\u00fclt olvas\u00e1si id\u0151":"2 perc"},"schema":{"@context":"https:\/\/schema.org","@graph":[{"@type":"WebPage","@id":"https:\/\/redfoxaffiliates.com\/hu\/fooldal\/","url":"https:\/\/redfoxaffiliates.com\/hu\/fooldal\/","name":"RedFoxLotto.com partnerprogram","isPartOf":{"@id":"https:\/\/redfoxaffiliates.com\/#website"},"datePublished":"2023-07-15T06:09:36+00:00","dateModified":"2026-01-03T09:43:52+00:00","description":"Partnerprogramunk lehet\u0151v\u00e9 teszi a RedFoxLotto partnereinek, hogy jutal\u00e9kot szerezzenek az \u00e1ltaluk aj\u00e1nlott \u00fcgyfelek ut\u00e1n. Legyen \u00e9rt\u00e9kes\u00edt\u00e9si partner\u00fcnk, \u00e9s kezdje el m\u00e9g ma n\u00e9pszer\u0171s\u00edteni online lott\u00f3szelv\u00e9ny-szolg\u00e1ltat\u00e1sunkat!","breadcrumb":{"@id":"https:\/\/redfoxaffiliates.com\/hu\/fooldal\/#breadcrumb"},"inLanguage":"hu","potentialAction":[{"@type":"ReadAction","target":["https:\/\/redfoxaffiliates.com\/hu\/fooldal\/"]}]},{"@type":"BreadcrumbList","@id":"https:\/\/redfoxaffiliates.com\/hu\/fooldal\/#breadcrumb","itemListElement":[{"@type":"ListItem","position":1,"name":"Home","item":"https:\/\/redfoxaffiliates.com\/hu\/fooldal\/"},{"@type":"ListItem","position":2,"name":"F\u0151oldal"}]},{"@type":"WebSite","@id":"https:\/\/redfoxaffiliates.com\/#website","url":"https:\/\/redfoxaffiliates.com\/","name":"RedFoxLotto Affiliate Program","description":"The site for marketing partners of RedFoxLotto.com","potentialAction":[{"@type":"SearchAction","target":{"@type":"EntryPoint","urlTemplate":"https:\/\/redfoxaffiliates.com\/?s={search_term_string}"},"query-input":"required name=search_term_string"}],"inLanguage":"hu"}]}},"_links":{"self":[{"href":"https:\/\/redfoxaffiliates.com\/hu\/wp-json\/wp\/v2\/pages\/182","targetHints":{"allow":["GET"]}}],"collection":[{"href":"https:\/\/redfoxaffiliates.com\/hu\/wp-json\/wp\/v2\/pages"}],"about":[{"href":"https:\/\/redfoxaffiliates.com\/hu\/wp-json\/wp\/v2\/types\/page"}],"author":[{"embeddable":true,"href":"https:\/\/redfoxaffiliates.com\/hu\/wp-json\/wp\/v2\/users\/1"}],"replies":[{"embeddable":true,"href":"https:\/\/redfoxaffiliates.com\/hu\/wp-json\/wp\/v2\/comments?post=182"}],"version-history":[{"count":1,"href":"https:\/\/redfoxaffiliates.com\/hu\/wp-json\/wp\/v2\/pages\/182\/revisions"}],"predecessor-version":[{"id":183,"href":"https:\/\/redfoxaffiliates.com\/hu\/wp-json\/wp\/v2\/pages\/182\/revisions\/183"}],"wp:attachment":[{"href":"https:\/\/redfoxaffiliates.com\/hu\/wp-json\/wp\/v2\/media?parent=182"}],"curies":[{"name":"wp","href":"https:\/\/api.w.org\/{rel}","templated":true}]}}