{"id":349,"date":"2026-01-01T21:16:49","date_gmt":"2026-01-01T20:16:49","guid":{"rendered":"https:\/\/redfoxaffiliates.com\/o-etici-u-programima-partnerskog-marketinga\/"},"modified":"2026-01-01T21:16:49","modified_gmt":"2026-01-01T20:16:49","slug":"o-etici-u-programima-partnerskog-marketinga","status":"publish","type":"page","link":"https:\/\/redfoxaffiliates.com\/hr\/o-etici-u-programima-partnerskog-marketinga\/","title":{"rendered":"O etici u programima partnerskog marketinga"},"content":{"rendered":"<p>Mo\u017eda \u0107ete se iznenaditi \u0161to na web-stranici partnerskog programa nalazite referencu na etiku. Sla\u017eemo se da je to neuobi\u010dajeno.<\/p>\n<p>No, to je za nas klju\u010dna tema. Biv\u0161i partneri upravljaju i stranicom RedFoxLotto.com i ovim partnerskim programom. Radili smo s istim tvrtkama s kojima ste i vi radili (ili mo\u017eda jo\u0161 uvijek radite). Nakon vi\u0161e od 12 godina u poslu partnerskog marketinga za kockanje, vidjeli smo mnogo lo\u0161ih stvari. Skrivanje prihoda, promjene uvjeta poslovanja koje su rezultirale gubitkom prihoda za partnera, ka\u0161njenja u isplatama ili neisplate, kra\u0111u va\u0161ih klijenata od nas (ili od kolega partnera) \u2013 sve smo to vidjeli.<\/p>\n<p>Na\u017ealost, ovo je industrija u kojoj se lo\u0161e stvari stalno doga\u0111aju vrijednim affiliate partnerima. Zato smo odlu\u010dili napraviti sljede\u0107i korak. Pokrenuli smo vlastiti proizvod, RedFoxLotto.com. Na\u0161 marketin\u0161ki plan je jednostavan: 100 % temeljen na SEO-u i online affiliate marketingu.<\/p>\n<p>Budu\u0107i da smo i sami bili partneri u programu, obe\u0107avamo da \u0107emo voditi 100 % eti\u010dan i po\u0161ten partnerski program. Da, svi ka\u017eu da ne\u0107e raditi ovo ili ono. Ali mi mislimo ozbiljno.<\/p>\n<p>Evo \u0161to mo\u017eete o\u010dekivati od nas<br \/>\nDogovor je dogovor! To zna\u010di da ako ka\u017eemo da \u0107ete dobiti udio u prihodu koji ostvarite tijekom cijelog trajanja klijenata koje dovedete, to i mislimo ozbiljno. Nikada ne\u0107emo promijeniti mi\u0161ljenje o tome.<br \/>\nNikada ne\u0107emo manipulirati izvje\u0161tajima o zaradi kako bismo smanjili svoje tro\u0161kove. Tako\u0111er, nikada ne\u0107emo ukloniti klijente s va\u0161eg ra\u010duna. \u017delimo da budete \u0161to uspje\u0161niji. Vi ste na\u0161i poslovni partneri i na\u0161 uspjeh ovisi o vama!<br \/>\nIsplatit \u0107emo vam novac na vrijeme. I vi imate obveze i tro\u0161kove, i mi to razumijemo.<br \/>\nJavite nam se ako imate pitanja ili trebate na\u0161u pomo\u0107. Koristite obrazac &#8220;Kontakt&#8221; u gornjoj traci izbornika. Dogovorimo se i vidimo mo\u017eemo li oboje zaraditi!<\/p>\n","protected":false},"excerpt":{"rendered":"<p>Mo\u017eda \u0107ete se iznenaditi \u0161to na web-stranici partnerskog programa nalazite referencu na etiku. Sla\u017eemo se da je to neuobi\u010dajeno. No, to je za nas klju\u010dna tema. Biv\u0161i partneri upravljaju i stranicom RedFoxLotto.com i ovim partnerskim programom. Radili smo s istim tvrtkama s kojima ste i vi radili (ili mo\u017eda jo\u0161<\/p>\n<p><a href=\"https:\/\/redfoxaffiliates.com\/hr\/o-etici-u-programima-partnerskog-marketinga\/\" class=\"more-link\">Continue Reading<span class=\"screen-reader-text\">O etici u programima partnerskog marketinga<\/span><\/a><\/p>\n","protected":false},"author":1,"featured_media":0,"parent":0,"menu_order":7,"comment_status":"closed","ping_status":"closed","template":"","meta":{"footnotes":""},"class_list":["post-349","page","type-page","status-publish","hentry"],"yoast_head":"<!-- This site is optimized with the Yoast SEO plugin v22.4 - https:\/\/yoast.com\/wordpress\/plugins\/seo\/ -->\n<title>Etika i affiliate marketing na tr\u017ei\u0161tu lutrije<\/title>\n<meta name=\"description\" content=\"Postoji mnogo affiliate programa za lutriju koji kradu novac od svojih partnera. Zato nam je tema eti\u010dkog poslovanja va\u017ena.\" \/>\n<meta name=\"robots\" content=\"index, follow, max-snippet:-1, max-image-preview:large, max-video-preview:-1\" \/>\n<link rel=\"canonical\" href=\"https:\/\/redfoxaffiliates.com\/ethics-and-affiliate-marketing-programs\/\" \/>\n<meta property=\"og:locale\" content=\"hr_HR\" \/>\n<meta property=\"og:type\" content=\"article\" \/>\n<meta property=\"og:title\" content=\"Etika i affiliate marketing na tr\u017ei\u0161tu lutrije\" \/>\n<meta property=\"og:description\" content=\"Postoji mnogo affiliate programa za lutriju koji kradu novac od svojih partnera. Zato nam je tema eti\u010dkog poslovanja va\u017ena.\" \/>\n<meta property=\"og:url\" content=\"https:\/\/redfoxaffiliates.com\/ethics-and-affiliate-marketing-programs\/\" \/>\n<meta property=\"og:site_name\" content=\"RedFoxLotto Affiliate Program\" \/>\n<meta name=\"twitter:card\" content=\"summary_large_image\" \/>\n<meta name=\"twitter:label1\" content=\"Procijenjeno vrijeme \u010ditanja\" \/>\n\t<meta name=\"twitter:data1\" content=\"2 minute\" \/>\n<script type=\"application\/ld+json\" class=\"yoast-schema-graph\">{\"@context\":\"https:\/\/schema.org\",\"@graph\":[{\"@type\":\"WebPage\",\"@id\":\"https:\/\/redfoxaffiliates.com\/ethics-and-affiliate-marketing-programs\/\",\"url\":\"https:\/\/redfoxaffiliates.com\/ethics-and-affiliate-marketing-programs\/\",\"name\":\"Etika i affiliate marketing na tr\u017ei\u0161tu lutrije\",\"isPartOf\":{\"@id\":\"https:\/\/redfoxaffiliates.com\/#website\"},\"datePublished\":\"2026-01-01T20:16:49+00:00\",\"dateModified\":\"2026-01-01T20:16:49+00:00\",\"description\":\"Postoji mnogo affiliate programa za lutriju koji kradu novac od svojih partnera. Zato nam je tema eti\u010dkog poslovanja va\u017ena.\",\"breadcrumb\":{\"@id\":\"https:\/\/redfoxaffiliates.com\/ethics-and-affiliate-marketing-programs\/#breadcrumb\"},\"inLanguage\":\"hr\",\"potentialAction\":[{\"@type\":\"ReadAction\",\"target\":[\"https:\/\/redfoxaffiliates.com\/ethics-and-affiliate-marketing-programs\/\"]}]},{\"@type\":\"BreadcrumbList\",\"@id\":\"https:\/\/redfoxaffiliates.com\/ethics-and-affiliate-marketing-programs\/#breadcrumb\",\"itemListElement\":[{\"@type\":\"ListItem\",\"position\":1,\"name\":\"Home\",\"item\":\"https:\/\/redfoxaffiliates.com\/hr\/pocetna\/\"},{\"@type\":\"ListItem\",\"position\":2,\"name\":\"O etici u programima partnerskog marketinga\"}]},{\"@type\":\"WebSite\",\"@id\":\"https:\/\/redfoxaffiliates.com\/#website\",\"url\":\"https:\/\/redfoxaffiliates.com\/\",\"name\":\"RedFoxLotto Affiliate Program\",\"description\":\"The site for marketing partners of RedFoxLotto.com\",\"potentialAction\":[{\"@type\":\"SearchAction\",\"target\":{\"@type\":\"EntryPoint\",\"urlTemplate\":\"https:\/\/redfoxaffiliates.com\/?s={search_term_string}\"},\"query-input\":\"required name=search_term_string\"}],\"inLanguage\":\"hr\"}]}<\/script>\n<!-- \/ Yoast SEO plugin. -->","yoast_head_json":{"title":"Etika i affiliate marketing na tr\u017ei\u0161tu lutrije","description":"Postoji mnogo affiliate programa za lutriju koji kradu novac od svojih partnera. Zato nam je tema eti\u010dkog poslovanja va\u017ena.","robots":{"index":"index","follow":"follow","max-snippet":"max-snippet:-1","max-image-preview":"max-image-preview:large","max-video-preview":"max-video-preview:-1"},"canonical":"https:\/\/redfoxaffiliates.com\/ethics-and-affiliate-marketing-programs\/","og_locale":"hr_HR","og_type":"article","og_title":"Etika i affiliate marketing na tr\u017ei\u0161tu lutrije","og_description":"Postoji mnogo affiliate programa za lutriju koji kradu novac od svojih partnera. Zato nam je tema eti\u010dkog poslovanja va\u017ena.","og_url":"https:\/\/redfoxaffiliates.com\/ethics-and-affiliate-marketing-programs\/","og_site_name":"RedFoxLotto Affiliate Program","twitter_card":"summary_large_image","twitter_misc":{"Procijenjeno vrijeme \u010ditanja":"2 minute"},"schema":{"@context":"https:\/\/schema.org","@graph":[{"@type":"WebPage","@id":"https:\/\/redfoxaffiliates.com\/ethics-and-affiliate-marketing-programs\/","url":"https:\/\/redfoxaffiliates.com\/ethics-and-affiliate-marketing-programs\/","name":"Etika i affiliate marketing na tr\u017ei\u0161tu lutrije","isPartOf":{"@id":"https:\/\/redfoxaffiliates.com\/#website"},"datePublished":"2026-01-01T20:16:49+00:00","dateModified":"2026-01-01T20:16:49+00:00","description":"Postoji mnogo affiliate programa za lutriju koji kradu novac od svojih partnera. Zato nam je tema eti\u010dkog poslovanja va\u017ena.","breadcrumb":{"@id":"https:\/\/redfoxaffiliates.com\/ethics-and-affiliate-marketing-programs\/#breadcrumb"},"inLanguage":"hr","potentialAction":[{"@type":"ReadAction","target":["https:\/\/redfoxaffiliates.com\/ethics-and-affiliate-marketing-programs\/"]}]},{"@type":"BreadcrumbList","@id":"https:\/\/redfoxaffiliates.com\/ethics-and-affiliate-marketing-programs\/#breadcrumb","itemListElement":[{"@type":"ListItem","position":1,"name":"Home","item":"https:\/\/redfoxaffiliates.com\/hr\/pocetna\/"},{"@type":"ListItem","position":2,"name":"O etici u programima partnerskog marketinga"}]},{"@type":"WebSite","@id":"https:\/\/redfoxaffiliates.com\/#website","url":"https:\/\/redfoxaffiliates.com\/","name":"RedFoxLotto Affiliate Program","description":"The site for marketing partners of RedFoxLotto.com","potentialAction":[{"@type":"SearchAction","target":{"@type":"EntryPoint","urlTemplate":"https:\/\/redfoxaffiliates.com\/?s={search_term_string}"},"query-input":"required name=search_term_string"}],"inLanguage":"hr"}]}},"_links":{"self":[{"href":"https:\/\/redfoxaffiliates.com\/hr\/wp-json\/wp\/v2\/pages\/349","targetHints":{"allow":["GET"]}}],"collection":[{"href":"https:\/\/redfoxaffiliates.com\/hr\/wp-json\/wp\/v2\/pages"}],"about":[{"href":"https:\/\/redfoxaffiliates.com\/hr\/wp-json\/wp\/v2\/types\/page"}],"author":[{"embeddable":true,"href":"https:\/\/redfoxaffiliates.com\/hr\/wp-json\/wp\/v2\/users\/1"}],"replies":[{"embeddable":true,"href":"https:\/\/redfoxaffiliates.com\/hr\/wp-json\/wp\/v2\/comments?post=349"}],"version-history":[{"count":0,"href":"https:\/\/redfoxaffiliates.com\/hr\/wp-json\/wp\/v2\/pages\/349\/revisions"}],"wp:attachment":[{"href":"https:\/\/redfoxaffiliates.com\/hr\/wp-json\/wp\/v2\/media?parent=349"}],"curies":[{"name":"wp","href":"https:\/\/api.w.org\/{rel}","templated":true}]}}