{"id":326,"date":"2026-01-01T21:15:19","date_gmt":"2026-01-01T20:15:19","guid":{"rendered":"https:\/\/redfoxaffiliates.com\/kako-pokrenuti-online-affiliate-posao\/"},"modified":"2026-01-01T21:15:19","modified_gmt":"2026-01-01T20:15:19","slug":"kako-pokrenuti-online-affiliate-posao","status":"publish","type":"page","link":"https:\/\/redfoxaffiliates.com\/hr\/kako-pokrenuti-online-affiliate-posao\/","title":{"rendered":"Kako pokrenuti online affiliate posao"},"content":{"rendered":"<h2>\u0160to je affiliate marketing?<\/h2>\n<p>Mnogi online prodava\u010di imaju takozvane affiliate programe. Svatko mo\u017ee tamo kreirati affiliate ra\u010dun i po\u010deti promovirati svoje proizvode online. Promotor (vi) dobiva proviziju za upu\u0107ivanje kupaca koji pla\u0107aju dobavlja\u010du.<\/p>\n<p>Provjerite izbornik s desne strane. Tamo se nalazi poveznica na PDF vodi\u010d za po\u010detnike o tome kako zapo\u010deti s affiliate poslom, od nule i uz minimalna ulaganja.<\/p>\n<h2>Kako se pla\u0107a?<\/h2>\n<p>Nakon \u0161to se prijavite u affiliate program, mo\u017eete preuzeti takozvane poveznice za pra\u0107enje i\/ili bannere s &#8220;pra\u0107enim poveznicama&#8221; na affiliate web stranici. One se mogu ugraditi na va\u0161u web stranicu, a kada posjetitelj klikne na poveznicu, prodavatelj zna koji je affiliate partner uputio kupca na temelju ID broja u poveznici.<\/p>\n<p>Postoje dva osnovna modela za va\u0161u suradnju s affiliate programom:<\/p>\n<p>CPA (Cijena po akviziciji), u kojem affiliate partner prima fiksni iznos kada novi klijent dosegne definirani prag prodaje.<\/p>\n<p>Podjela prihoda (tako\u0111er \u010desto nazivana MGR), u kojem affiliate partner prima postotak od prihoda od prodaje. Ovisno o uvjetima i odredbama, bit \u0107e vam ispla\u0107en postotak provizije na svu budu\u0107u prodaju ili samo za odre\u0111eno razdoblje.<\/p>\n<h2>Kako promovirate te dobavlja\u010de?<\/h2>\n<p>Ono \u0161to vam je najva\u017enije za po\u010detak affiliate marketinga je web stranica koja generira promet. Pogledajte odlomak &#8220;Napravite plan&#8221; u nastavku! Dobivanje &#8220;prometa&#8221; za va\u0161u web stranicu je najva\u017enije.<\/p>\n<p>Ta web stranica mo\u017ee biti web stranica povezana s odre\u0111enim proizvodom (proizvodom koji \u017eelite promovirati) ili samo web stranica na bilo koju temu, sve dok generira dovoljno prometa. Primjer: Izgradite web stranicu na temu koju dobro poznajete, poput ronjenja. Pi\u0161ete odli\u010dan sadr\u017eaj i ljudi posje\u0107uju va\u0161u stranicu. Zatim po\u010dinjete promovirati online prodajnu stranicu specijaliziranu za ronila\u010dku opremu. Svaki put kada posjetitelj ode s va\u0161e web stranice na stranicu prodavatelja i kupi ne\u0161to, dobivate proviziju.<\/p>\n<h2>Marketing na dru\u0161tvenim mre\u017eama<\/h2>\n<p>Ako imate publiku na dru\u0161tvenim mre\u017eama, mo\u017eda vam ni ne treba web stranica. Mo\u017eete koristiti iste pra\u0107ene affiliate poveznice za po\u010detak promoviranja proizvoda prodavatelja. A ako je va\u0161a publika globalna, tim bolje. Mnoge zemlje imaju lutrije s niskim isplatama ili uop\u0107e nemaju lutrije. Stanovnici tih zemalja idealna su publika za na\u0161u uslugu lutrije.<\/p>\n<h2>Postoje prvenstveno dva scenarija:<\/h2>\n<p>Ako biste imali web stranicu sa \u0161irokim rasponom tema \u010dlanaka i ta web stranica bi imala tisu\u0107e posjetitelja svaki dan, mogli biste manje-vi\u0161e prodavati bilo koji proizvod koji \u017eelite. Sam broj posjetitelja generirao bi zna\u010dajan prihod. A na\u0161 partnerski program izvrsno se uklapa u bilo koju web stranicu jer, uostalom, svi vole lutriju, zar ne?<\/p>\n<p>Ako biste, na primjer, imali web stranicu povezanu s lutrijom, vjerojatno biste imali manje posjetitelja. Ipak, promet je vi\u0161e &#8220;ciljan&#8221;, tj. va\u0161i \u0107e posjetitelji vjerojatnije kupiti lutrijske karte koje promovirate. \u010cak i ako biste imali samo 10 posjetitelja dnevno, i dalje biste vidjeli odre\u0111eni prihod. I postoji jedna stvar kod igranja lutrije: ljudi obi\u010dno nastavljaju igrati dugo, dugo vremena. Nakon \u0161to ste uputili odre\u0111eni broj klijenata u na\u0161 partnerski program, vidjet \u0107ete relativno stabilan tok prihoda.<\/p>\n<h2>Kako privu\u0107i posjetitelje na va\u0161u web stranicu?<\/h2>\n<p>Da biste privukli posjetitelje, trebat \u0107e vam visokokvalitetni \u010dlanci na va\u0161oj web stranici koji \u010ditateljima pru\u017eaju korisne informacije. Tako\u0111er morate nau\u010diti osnove SEO-a (optimizacije za tra\u017eilice). To je va\u017eno jer postoje specifi\u010dna &#8220;pravila&#8221; koja morate znati kako biste bili sigurni da \u0107e se stranice na va\u0161oj web stranici visoko rangirati na Googleu za &#8220;klju\u010dne rije\u010di&#8221; pretra\u017eivanja koje vam mogu dovesti posjetitelje. Partneri to nazivaju &#8220;usmjeravanjem prometa&#8221; na va\u0161u stranicu.<\/p>\n<p>SEO nije raketna znanost. Samo potra\u017eite &#8220;osnove SEO-a&#8221; na Googleu i pro\u010ditajte ne\u0161to kako biste nau\u010dili najva\u017enija pravila za izradu \u010dlanaka i pobolj\u0161anje svojih vje\u0161tina kasnije.<\/p>\n<h2>Mo\u0107 popisa e-po\u0161te<\/h2>\n<p>Uvijek postavite svoju web stranicu tako da posjetitelji imaju razlog za prijavu ili ostavljanje svojih adresa e-po\u0161te. Izradite popis i koristite ga za slanje e-poruka koje promoviraju posebne doga\u0111aje, rasprodaje i jo\u0161 mnogo toga. Ako ve\u0107 imate popis, mo\u017eda vam \u010dak ni ne treba web stranica da biste bili partner. Ali nemojte kupovati popise s web stranica za prodaju ne\u017eeljenih adresa e-po\u0161te &#8211; ne vrijede toga.<\/p>\n<h2>Koliko ko\u0161ta po\u010detak rada u partnerskom marketingu?<\/h2>\n<p>Jednostavan odgovor: ni\u0161ta ili gotovo ni\u0161ta!<\/p>\n<p>Sve \u0161to vam treba je naziv domene i hosting plan za web prostor. Kao po\u010detnik, ne trebate vlastiti poslu\u017eitelj; osnovni web hosting, dostupan od 2 \u20ac mjese\u010dno, dovoljan je za po\u010detak.<\/p>\n<p>Odaberite pouzdanog pru\u017eatelja hostinga i odaberite dostupan naziv domene. Molimo vas da razmislite o nazivu svoje domene prije nego \u0161to je naru\u010dite. Zatim odaberite osnovni hosting plan. Registrirajte i platite ra\u010dun. Nakon toga se prijavite na svoj klijentski ra\u010dun i pogledajte okolo. Jedan savjet: Potra\u017eite dodatnu funkciju pod nazivom &#8220;Privatnost domene&#8221; &#8211; ovo je ne\u0161to \u0161to treba uzeti u obzir ako iz nekog razloga ne \u017eelite da itko zna da posjedujete i vodite ovu web stranicu i affiliate.<\/p>\n<h2>poslovanje povezano s tim.<\/h2>\n<p>Preporu\u010dujemo da zapo\u010dnete instaliranjem WordPress stranice pomo\u0107u besplatnog predlo\u0161ka (izgleda). WordPress je sustav za upravljanje sadr\u017eajem (CMS) koji automatski izra\u0111uje va\u0161u web stranicu i omogu\u0107uje vam upravljanje njome. Pru\u017eatelji web prostora imaju jednostavne funkcije koje mo\u017eete koristiti za postavljanje WordPress stranice u sekundama. Nisu potrebne nikakve programerske vje\u0161tine!<\/p>\n<p>Pro\u010ditajte uvodni vodi\u010d kako biste nau\u010dili najva\u017enije funkcije WordPressa. Potrebno vam je samo nekoliko sati da steknete osnovne vje\u0161tine potrebne za upravljanje jednostavnom web stranicom. Na WordPress web stranici nalazi se detaljna dokumentacija i forum na kojem mo\u017eete zatra\u017eiti pomo\u0107 od iskusnijih korisnika.<\/p>\n<h2>Koliko novca mo\u017eete zaraditi kao affiliate partner?<\/h2>\n<p>To uvelike ovisi o tome koliko ste predani i koliko ste dobri. Neki affiliate partneri zara\u0111uju milijune, drugi vrlo malo, ali mnogi zara\u0111uju nekoliko stotina eura mjese\u010dno. Nemojte o\u010dekivati \u200b\u200bda \u0107ete odmah zaraditi novac. Potrebno je vrijeme da va\u0161a web stranica privu\u010de posjetitelje. Ako ulo\u017eite potreban rad, dugoro\u010dno \u0107ete mo\u0107i \u017eivjeti od toga.<\/p>\n<h2>Treba li\/mo\u017ee li se to raditi puno radno vrijeme ili nepuno radno vrijeme?<\/h2>\n<p>Svatko to mora sam odlu\u010diti. Ali 90 posto afilijata pridru\u017euje se poslu s nepunim radnim vremenom. Veliki postotak afilijata prelazi na puno radno vrijeme nakon \u0161to postignu dovoljan uspjeh i iskustvo u industriji.<\/p>\n<h2>Je li ovo legalno?<\/h2>\n<p>Apsolutno, osim ako ne promovirate proizvode koji su ilegalni u va\u0161oj zemlji prebivali\u0161ta; ako je to slu\u010daj, morate poduzeti mjere kako biste se za\u0161titili od potencijalnih problema. Pogledajte &#8220;Privatnost domene&#8221;, izme\u0111u ostalog. Pazite da ne odaberete registratora domene i\/ili uslugu hostinga u zemlji u kojoj bi va\u0161a web stranica bila ilegalna!<\/p>\n<h2>Najva\u017enije: Napravite plan!<\/h2>\n<p>Prije nego \u0161to mo\u017eete zaraditi novac putem afilijacijskog programa, morate razviti dobar plan i prikupiti bitne informacije. Mo\u017eda ste vidjeli film s Kevinom Costnerom &#8220;Polje snova&#8221;, u kojem glas s neba ka\u017ee: &#8220;Izgradite ga i oni \u0107e do\u0107i.&#8221; Ako mislite da mo\u017eete sastaviti web stranicu na bilo koju temu i o\u010dekivati \u200b\u200bda \u0107e novac uskoro pristi\u0107i, na kraju \u0107ete biti frustrirani.<\/p>\n<p>Ali ako pristupite stvari s planom, mo\u017eete zaraditi dobar novac, a ogla\u0161avanje za affiliate program je iznimno zabavno. Idealno je zapo\u010deti s nepunim radnim vremenom, a ako sve ide dobro, lako mo\u017eete prije\u0107i na puno radno vrijeme.<\/p>\n<h2>Va\u0161 plan mora sadr\u017eavati sljede\u0107e stvari:<\/h2>\n<p>Odaberite temu koja vas strastveno zanima i za koju mo\u017eete pru\u017eiti vrijedne informacije svojim \u010ditateljima. Ako ste novi u ovome, uvijek odaberite &#8220;ni\u0161nu&#8221; temu &#8211; ako postoji mno\u0161tvo drugih web stranica o toj temi, te\u0161ko \u0107ete se natjecati s njima. Tako\u0111er, bit \u0107e izazovno rangirati se za bilo koju klju\u010dnu rije\u010d. Naravno, morate odabrati temu koja odgovara proizvodu koji se mo\u017ee kupiti online i ima affiliate program.<\/p>\n<p>Napravite popis kombinacija klju\u010dnih rije\u010di koje potencijalni posjetitelji mogu tra\u017eiti na Googleu. Imajte na umu da je postizanje visokog rangiranja za o\u010dite klju\u010dne rije\u010di poput &#8220;loto online&#8221; gotovo nemogu\u0107e. Odaberite specifi\u010dnije fraze. Ekstreman primjer bio bi &#8220;Mogu li ljudi sudjelovati u Powerballu ako ne \u017eive u SAD-u?&#8221;<\/p>\n<p>Zatim odlu\u010dite koju kombinaciju klju\u010dnih rije\u010di \u0107ete ciljati na po\u010detnoj stranici svoje web stranice. Napi\u0161ite \u010dlanak za po\u010detnu stranicu za tu kombinaciju klju\u010dnih rije\u010di. Zatim razvijte plan za strukturu svoje web stranice. Napi\u0161ite jo\u0161 nekoliko \u010dlanaka za druge kombinacije klju\u010dnih rije\u010di koje mo\u017eete smisliti.<\/p>\n<h2>Od tada se morate usredoto\u010diti na dvije stvari:<\/h2>\n<p>Izgradite poveznice koje vode na va\u0161u web stranicu. Poveznice su poput pozitivnih glasova za va\u0161u stranicu; visokokvalitetne poveznice mogu pobolj\u0161ati va\u0161 rang na tra\u017eilicama. Pitajte prijatelje s web stranicama za poveznice, kontaktirajte druge webmastere i ponudite pisanje \u010dlanka u zamjenu za poveznice itd. Najbolje poveznice, me\u0111utim, do\u0107i \u0107e prirodno kada ljudi pro\u010ditaju va\u0161e \u010dlanke i pove\u017eu se na va\u0161u stranicu jer im se svidjelo ono \u0161to ste napisali!<\/p>\n<p>Stvorite vi\u0161e sadr\u017eaja (\u010dlanaka) uz dobar SEO. Koristite svoju ma\u0161tu i redovito pi\u0161ite nove \u010dlanke. Razmislite o dodavanju 2-3 \u010dlanka tjedno za po\u010detak.<\/p>\n<p>Dok dovr\u0161avate gore navedeno, postat \u0107ete sve vje\u0161tiji, a prvi posjetitelji \u0107e sti\u0107i na va\u0161u web stranicu. Koristite (besplatnu) uslugu poput www.clicky.com ili Google Analyticsa za pra\u0107enje broja posjetitelja i njihovog pona\u0161anja. Povremeno provjeravajte svoj ra\u010dun u partnerskom programu kako biste vidjeli ostvarujete li prihod.<\/p>\n<p>Koristite SEO uslugu kako biste prona\u0161li vi\u0161e klju\u010dnih rije\u010di povezanih s va\u0161om primarnom klju\u010dnom rije\u010di. Izradite SEO optimiziran sadr\u017eaj koji cilja te klju\u010dne rije\u010di. Vi\u0161e sadr\u017eaja dovodi vi\u0161e prometa na va\u0161u web stranicu i pove\u0107ava va\u0161e provizije.<\/p>\n<p>S vremenom, kako ula\u017eete trud, gotovo sigurno \u0107ete vidjeti pozitivan u\u010dinak na broj posjetitelja i prihod.<\/p>\n<p><em>Osobno<\/em>: ljudi koji stoje iza RedFoxLotta i partnerskog programa zapo\u010deli su kao partneri prije vi\u0161e od 15 godina. Od tada su prili\u010dno uspje\u0161ni. A ako ih pitate \u0161to im se svi\u0111a u ovom poslu, rekli bi vam ovo:<\/p>\n<ul>\n<li>Neograni\u010den i globalni potencijal zarade<\/li>\n<li>Mo\u017eete pokrenuti svoj affiliate marketing posao gotovo bez ulaganja<\/li>\n<li>Mo\u017ee vam pru\u017eiti financijsku neovisnost<\/li>\n<li>Mo\u017eete raditi online, odakle god \u017eelite<\/li>\n<\/ul>\n","protected":false},"excerpt":{"rendered":"<p>\u0160to je affiliate marketing? Mnogi online prodava\u010di imaju takozvane affiliate programe. Svatko mo\u017ee tamo kreirati affiliate ra\u010dun i po\u010deti promovirati svoje proizvode online. Promotor (vi) dobiva proviziju za upu\u0107ivanje kupaca koji pla\u0107aju dobavlja\u010du. Provjerite izbornik s desne strane. Tamo se nalazi poveznica na PDF vodi\u010d za po\u010detnike o tome kako<\/p>\n<p><a href=\"https:\/\/redfoxaffiliates.com\/hr\/kako-pokrenuti-online-affiliate-posao\/\" class=\"more-link\">Continue Reading<span class=\"screen-reader-text\">Kako pokrenuti online affiliate posao<\/span><\/a><\/p>\n","protected":false},"author":1,"featured_media":0,"parent":0,"menu_order":6,"comment_status":"closed","ping_status":"closed","template":"","meta":{"footnotes":""},"class_list":["post-326","page","type-page","status-publish","hentry"],"yoast_head":"<!-- This site is optimized with the Yoast SEO plugin v22.4 - https:\/\/yoast.com\/wordpress\/plugins\/seo\/ -->\n<title>Kako zapo\u010deti i razviti svoj online affiliate marketing posao<\/title>\n<meta name=\"description\" content=\"Vodi\u010d za uspjeh u affiliate poslovanju. Po\u010dnite zara\u0111ivati provizije online tako \u0161to \u0107ete postati affiliate i marketin\u0161ki partner\" \/>\n<meta name=\"robots\" content=\"index, follow, max-snippet:-1, max-image-preview:large, max-video-preview:-1\" \/>\n<link rel=\"canonical\" href=\"https:\/\/redfoxaffiliates.com\/how-to-start-an-online-affiliate-marketing-business\/\" \/>\n<meta property=\"og:locale\" content=\"hr_HR\" \/>\n<meta property=\"og:type\" content=\"article\" \/>\n<meta property=\"og:title\" content=\"Kako zapo\u010deti i razviti svoj online affiliate marketing posao\" \/>\n<meta property=\"og:description\" content=\"Vodi\u010d za uspjeh u affiliate poslovanju. Po\u010dnite zara\u0111ivati provizije online tako \u0161to \u0107ete postati affiliate i marketin\u0161ki partner\" \/>\n<meta property=\"og:url\" content=\"https:\/\/redfoxaffiliates.com\/how-to-start-an-online-affiliate-marketing-business\/\" \/>\n<meta property=\"og:site_name\" content=\"RedFoxLotto Affiliate Program\" \/>\n<meta name=\"twitter:card\" content=\"summary_large_image\" \/>\n<meta name=\"twitter:label1\" content=\"Procijenjeno vrijeme \u010ditanja\" \/>\n\t<meta name=\"twitter:data1\" content=\"9 minuta\" \/>\n<script type=\"application\/ld+json\" class=\"yoast-schema-graph\">{\"@context\":\"https:\/\/schema.org\",\"@graph\":[{\"@type\":\"WebPage\",\"@id\":\"https:\/\/redfoxaffiliates.com\/how-to-start-an-online-affiliate-marketing-business\/\",\"url\":\"https:\/\/redfoxaffiliates.com\/how-to-start-an-online-affiliate-marketing-business\/\",\"name\":\"Kako zapo\u010deti i razviti svoj online affiliate marketing posao\",\"isPartOf\":{\"@id\":\"https:\/\/redfoxaffiliates.com\/#website\"},\"datePublished\":\"2026-01-01T20:15:19+00:00\",\"dateModified\":\"2026-01-01T20:15:19+00:00\",\"description\":\"Vodi\u010d za uspjeh u affiliate poslovanju. Po\u010dnite zara\u0111ivati provizije online tako \u0161to \u0107ete postati affiliate i marketin\u0161ki partner\",\"breadcrumb\":{\"@id\":\"https:\/\/redfoxaffiliates.com\/how-to-start-an-online-affiliate-marketing-business\/#breadcrumb\"},\"inLanguage\":\"hr\",\"potentialAction\":[{\"@type\":\"ReadAction\",\"target\":[\"https:\/\/redfoxaffiliates.com\/how-to-start-an-online-affiliate-marketing-business\/\"]}]},{\"@type\":\"BreadcrumbList\",\"@id\":\"https:\/\/redfoxaffiliates.com\/how-to-start-an-online-affiliate-marketing-business\/#breadcrumb\",\"itemListElement\":[{\"@type\":\"ListItem\",\"position\":1,\"name\":\"Home\",\"item\":\"https:\/\/redfoxaffiliates.com\/hr\/pocetna\/\"},{\"@type\":\"ListItem\",\"position\":2,\"name\":\"Kako pokrenuti online affiliate posao\"}]},{\"@type\":\"WebSite\",\"@id\":\"https:\/\/redfoxaffiliates.com\/#website\",\"url\":\"https:\/\/redfoxaffiliates.com\/\",\"name\":\"RedFoxLotto Affiliate Program\",\"description\":\"The site for marketing partners of RedFoxLotto.com\",\"potentialAction\":[{\"@type\":\"SearchAction\",\"target\":{\"@type\":\"EntryPoint\",\"urlTemplate\":\"https:\/\/redfoxaffiliates.com\/?s={search_term_string}\"},\"query-input\":\"required name=search_term_string\"}],\"inLanguage\":\"hr\"}]}<\/script>\n<!-- \/ Yoast SEO plugin. -->","yoast_head_json":{"title":"Kako zapo\u010deti i razviti svoj online affiliate marketing posao","description":"Vodi\u010d za uspjeh u affiliate poslovanju. Po\u010dnite zara\u0111ivati provizije online tako \u0161to \u0107ete postati affiliate i marketin\u0161ki partner","robots":{"index":"index","follow":"follow","max-snippet":"max-snippet:-1","max-image-preview":"max-image-preview:large","max-video-preview":"max-video-preview:-1"},"canonical":"https:\/\/redfoxaffiliates.com\/how-to-start-an-online-affiliate-marketing-business\/","og_locale":"hr_HR","og_type":"article","og_title":"Kako zapo\u010deti i razviti svoj online affiliate marketing posao","og_description":"Vodi\u010d za uspjeh u affiliate poslovanju. Po\u010dnite zara\u0111ivati provizije online tako \u0161to \u0107ete postati affiliate i marketin\u0161ki partner","og_url":"https:\/\/redfoxaffiliates.com\/how-to-start-an-online-affiliate-marketing-business\/","og_site_name":"RedFoxLotto Affiliate Program","twitter_card":"summary_large_image","twitter_misc":{"Procijenjeno vrijeme \u010ditanja":"9 minuta"},"schema":{"@context":"https:\/\/schema.org","@graph":[{"@type":"WebPage","@id":"https:\/\/redfoxaffiliates.com\/how-to-start-an-online-affiliate-marketing-business\/","url":"https:\/\/redfoxaffiliates.com\/how-to-start-an-online-affiliate-marketing-business\/","name":"Kako zapo\u010deti i razviti svoj online affiliate marketing posao","isPartOf":{"@id":"https:\/\/redfoxaffiliates.com\/#website"},"datePublished":"2026-01-01T20:15:19+00:00","dateModified":"2026-01-01T20:15:19+00:00","description":"Vodi\u010d za uspjeh u affiliate poslovanju. Po\u010dnite zara\u0111ivati provizije online tako \u0161to \u0107ete postati affiliate i marketin\u0161ki partner","breadcrumb":{"@id":"https:\/\/redfoxaffiliates.com\/how-to-start-an-online-affiliate-marketing-business\/#breadcrumb"},"inLanguage":"hr","potentialAction":[{"@type":"ReadAction","target":["https:\/\/redfoxaffiliates.com\/how-to-start-an-online-affiliate-marketing-business\/"]}]},{"@type":"BreadcrumbList","@id":"https:\/\/redfoxaffiliates.com\/how-to-start-an-online-affiliate-marketing-business\/#breadcrumb","itemListElement":[{"@type":"ListItem","position":1,"name":"Home","item":"https:\/\/redfoxaffiliates.com\/hr\/pocetna\/"},{"@type":"ListItem","position":2,"name":"Kako pokrenuti online affiliate posao"}]},{"@type":"WebSite","@id":"https:\/\/redfoxaffiliates.com\/#website","url":"https:\/\/redfoxaffiliates.com\/","name":"RedFoxLotto Affiliate Program","description":"The site for marketing partners of RedFoxLotto.com","potentialAction":[{"@type":"SearchAction","target":{"@type":"EntryPoint","urlTemplate":"https:\/\/redfoxaffiliates.com\/?s={search_term_string}"},"query-input":"required name=search_term_string"}],"inLanguage":"hr"}]}},"_links":{"self":[{"href":"https:\/\/redfoxaffiliates.com\/hr\/wp-json\/wp\/v2\/pages\/326","targetHints":{"allow":["GET"]}}],"collection":[{"href":"https:\/\/redfoxaffiliates.com\/hr\/wp-json\/wp\/v2\/pages"}],"about":[{"href":"https:\/\/redfoxaffiliates.com\/hr\/wp-json\/wp\/v2\/types\/page"}],"author":[{"embeddable":true,"href":"https:\/\/redfoxaffiliates.com\/hr\/wp-json\/wp\/v2\/users\/1"}],"replies":[{"embeddable":true,"href":"https:\/\/redfoxaffiliates.com\/hr\/wp-json\/wp\/v2\/comments?post=326"}],"version-history":[{"count":0,"href":"https:\/\/redfoxaffiliates.com\/hr\/wp-json\/wp\/v2\/pages\/326\/revisions"}],"wp:attachment":[{"href":"https:\/\/redfoxaffiliates.com\/hr\/wp-json\/wp\/v2\/media?parent=326"}],"curies":[{"name":"wp","href":"https:\/\/api.w.org\/{rel}","templated":true}]}}