{"id":303,"date":"2023-07-15T13:46:59","date_gmt":"2023-07-15T11:46:59","guid":{"rendered":"https:\/\/redfoxaffiliates.com\/cpp\/"},"modified":"2023-07-15T13:46:59","modified_gmt":"2023-07-15T11:46:59","slug":"cpp","status":"publish","type":"page","link":"https:\/\/redfoxaffiliates.com\/hr\/cpp\/","title":{"rendered":"\u010cPP"},"content":{"rendered":"<h2>\u0160to zna\u010di pridru\u017eivanje?<\/h2>\n<p>Pridru\u017eivanje je marketin\u0161ka strategija. Mnogi proizvodi, usluge i web stranice koriste partnere za ogla\u0161avanje svojih proizvoda i usluga. Svaki partner stranice RedFoxLotto.com mo\u017ee nas promovirati.<\/p>\n<h2>Postoje li tro\u0161kovi ili naknade za prijavu?<\/h2>\n<p>Ne. Pridru\u017eivanje na\u0161em partnerskom programu je potpuno besplatno. Jedini tro\u0161kovi za vas su tro\u0161kovi vo\u0111enja va\u0161ih web stranica ili nabave vlastitih marketin\u0161kih materijala.<\/p>\n<h2>Kako vas mogu promovirati?<\/h2>\n<p>Mo\u017eete koristiti sve vrste internetskih i izvaninternetskih strategija. Evo dva naj\u010de\u0161\u0107a na\u010dina:<\/p>\n<ul>\n<li>Mo\u017eete izraditi web-stranicu (vezanu uz lutriju ili neku drugu) i koristiti je za promociju RedFoxLottoa. Privucite promet rangiranjem za klju\u010dne rije\u010di u Google pretra\u017eivanjima i promovirajte svoju stranicu na dru\u0161tvenim mre\u017eama. Vi\u0161e prometa na va\u0161oj web-stranici zna\u010di vi\u0161e klikova na RedFoxLotto \u2013 \u0161to zna\u010di vi\u0161e novca za vas.<\/li>\n<li>Izradite web stranicu o lutriji, koristite partnerske poveznice koje vode na RedFoxLotto.com, a zatim promovirajte svoju web stranicu izvan interneta.<\/li>\n<\/ul>\n<h2>Koliko mogu zaraditi?<\/h2>\n<p>Nema ograni\u010denja. Dobit \u0107ete postotak od neto iznosa prodaje koju ostvarite. A za svaki mjesec tijekom kojeg ostvarite ve\u0107e provizije, va\u0161 \u0107e postotak rasti. Pro\u010ditajte ovaj \u010dlanak za vi\u0161e detalja.<\/p>\n<h2>\u0160to je partnerska poveznica?<\/h2>\n<p>Partnerska poveznica je poveznica koja sadr\u017ei traga\u010d \u2013 jedinstveni identifikator povezan samo s va\u0161im partnerskim ra\u010dunom. Te poveznice ugra\u0111ujete na svoju web stranicu. Zatim jedan od posjetitelja va\u0161e web stranice klikne na nju i obavi kupnju na RedFoxLotto.com. Na\u0161 partnerski sustav, putem tog koda za pra\u0107enje, identificira tog novog klijenta kao klijenta kojeg ste doveli vi. Za tu prodaju dobivate proviziju. Svaka budu\u0107a kupnja tog klijenta tako\u0111er \u0107e generirati jo\u0161 jednu proviziju za vas.<\/p>\n<p>Kad god korisnik posjeti na\u0161u stranicu klikom na jednu od va\u0161ih partnerskih poveznica, na njegovom se ure\u0111aju generira kola\u010di\u0107. To osigurava da \u0107e, ako ne obavi kupnju pri prvom posjetu, ali se kasnije vrati kako bi kupio listi\u0107e za lutriju, on i dalje biti prepoznat kao &#8220;va\u0161a&#8221; prodaja.<\/p>\n<h2>\u0160to je s prijavom na partnerski ra\u010dun?<\/h2>\n<p>Nakon \u0161to se registrirate ovdje na na\u0161oj stranici, pregledat \u0107emo va\u0161u registraciju. Nakon toga \u0107emo vam stvoriti partnerski ra\u010dun. Zatim \u0107emo vam poslati e-poruku s poveznicom za prijavu na va\u0161 partnerski ra\u010dun, s korisni\u010dkim imenom i privremenom lozinkom. Nakon prijave na va\u0161 ra\u010dun (partnerski administratorski su\u010delje), mo\u017eete promijeniti tu lozinku i provjeriti jesu li svi va\u0161i osobni podaci ispravni.<\/p>\n<p>Mo\u0107i \u0107ete stvarati kampanje s namjenskim partnerskim poveznicama za razli\u010dite marketin\u0161ke aktivnosti. Recimo da imate vi\u0161e web-stranica. U tom slu\u010daju \u017eeljet \u0107ete stvoriti jednu kampanju za svaku web-stranicu. Na taj na\u010din mo\u017eete vidjeti uspje\u0161nost svake web-stranice zasebno.<\/p>\n<p>U partnerskom backendu mo\u017eete vidjeti i statistiku posjetitelja te izvje\u0161\u0107a o provizijama. Marketin\u0161ki materijali koje mo\u017eete koristiti za promociju na\u0161ih proizvoda tako\u0111er se mogu preuzeti tamo.<\/p>\n<h2>Isplate provizija<\/h2>\n<p>15. u svakom mjesecu isplatit \u0107emo vam provizije koje ste zaradili tijekom prethodnog mjeseca. Skrill, Neteller i bankovni prijenos uobi\u010dajene su metode, ali mogu\u0107e je dogovoriti i druge opcije.<\/p>\n","protected":false},"excerpt":{"rendered":"<p>\u0160to zna\u010di pridru\u017eivanje? Pridru\u017eivanje je marketin\u0161ka strategija. Mnogi proizvodi, usluge i web stranice koriste partnere za ogla\u0161avanje svojih proizvoda i usluga. Svaki partner stranice RedFoxLotto.com mo\u017ee nas promovirati. Postoje li tro\u0161kovi ili naknade za prijavu? Ne. Pridru\u017eivanje na\u0161em partnerskom programu je potpuno besplatno. Jedini tro\u0161kovi za vas su tro\u0161kovi vo\u0111enja<\/p>\n<p><a href=\"https:\/\/redfoxaffiliates.com\/hr\/cpp\/\" class=\"more-link\">Continue Reading<span class=\"screen-reader-text\">\u010cPP<\/span><\/a><\/p>\n","protected":false},"author":1,"featured_media":0,"parent":0,"menu_order":3,"comment_status":"closed","ping_status":"closed","template":"","meta":{"footnotes":""},"class_list":["post-303","page","type-page","status-publish","hentry"],"yoast_head":"<!-- This site is optimized with the Yoast SEO plugin v22.4 - https:\/\/yoast.com\/wordpress\/plugins\/seo\/ -->\n<title>\u010cesto postavljana pitanja o partnerskom programu na tr\u017ei\u0161tu lutrije<\/title>\n<meta name=\"description\" content=\"Prona\u0111ite odgovore na svoja pitanja o partnerskom programu za lutriju op\u0107enito, a posebno o partnerskom programu RedFoxLotto\" \/>\n<meta name=\"robots\" content=\"index, follow, max-snippet:-1, max-image-preview:large, max-video-preview:-1\" \/>\n<link rel=\"canonical\" href=\"https:\/\/redfoxaffiliates.com\/faq\/\" \/>\n<meta property=\"og:locale\" content=\"hr_HR\" \/>\n<meta property=\"og:type\" content=\"article\" \/>\n<meta property=\"og:title\" content=\"\u010cesto postavljana pitanja o partnerskom programu na tr\u017ei\u0161tu lutrije\" \/>\n<meta property=\"og:description\" content=\"Prona\u0111ite odgovore na svoja pitanja o partnerskom programu za lutriju op\u0107enito, a posebno o partnerskom programu RedFoxLotto\" \/>\n<meta property=\"og:url\" content=\"https:\/\/redfoxaffiliates.com\/faq\/\" \/>\n<meta property=\"og:site_name\" content=\"RedFoxLotto Affiliate Program\" \/>\n<meta name=\"twitter:card\" content=\"summary_large_image\" \/>\n<meta name=\"twitter:label1\" content=\"Procijenjeno vrijeme \u010ditanja\" \/>\n\t<meta name=\"twitter:data1\" content=\"3 minute\" \/>\n<script type=\"application\/ld+json\" class=\"yoast-schema-graph\">{\"@context\":\"https:\/\/schema.org\",\"@graph\":[{\"@type\":\"WebPage\",\"@id\":\"https:\/\/redfoxaffiliates.com\/faq\/\",\"url\":\"https:\/\/redfoxaffiliates.com\/faq\/\",\"name\":\"\u010cesto postavljana pitanja o partnerskom programu na tr\u017ei\u0161tu lutrije\",\"isPartOf\":{\"@id\":\"https:\/\/redfoxaffiliates.com\/#website\"},\"datePublished\":\"2023-07-15T11:46:59+00:00\",\"dateModified\":\"2023-07-15T11:46:59+00:00\",\"description\":\"Prona\u0111ite odgovore na svoja pitanja o partnerskom programu za lutriju op\u0107enito, a posebno o partnerskom programu RedFoxLotto\",\"breadcrumb\":{\"@id\":\"https:\/\/redfoxaffiliates.com\/faq\/#breadcrumb\"},\"inLanguage\":\"hr\",\"potentialAction\":[{\"@type\":\"ReadAction\",\"target\":[\"https:\/\/redfoxaffiliates.com\/faq\/\"]}]},{\"@type\":\"BreadcrumbList\",\"@id\":\"https:\/\/redfoxaffiliates.com\/faq\/#breadcrumb\",\"itemListElement\":[{\"@type\":\"ListItem\",\"position\":1,\"name\":\"Home\",\"item\":\"https:\/\/redfoxaffiliates.com\/hr\/pocetna\/\"},{\"@type\":\"ListItem\",\"position\":2,\"name\":\"\u010cPP\"}]},{\"@type\":\"WebSite\",\"@id\":\"https:\/\/redfoxaffiliates.com\/#website\",\"url\":\"https:\/\/redfoxaffiliates.com\/\",\"name\":\"RedFoxLotto Affiliate Program\",\"description\":\"The site for marketing partners of RedFoxLotto.com\",\"potentialAction\":[{\"@type\":\"SearchAction\",\"target\":{\"@type\":\"EntryPoint\",\"urlTemplate\":\"https:\/\/redfoxaffiliates.com\/?s={search_term_string}\"},\"query-input\":\"required name=search_term_string\"}],\"inLanguage\":\"hr\"}]}<\/script>\n<!-- \/ Yoast SEO plugin. -->","yoast_head_json":{"title":"\u010cesto postavljana pitanja o partnerskom programu na tr\u017ei\u0161tu lutrije","description":"Prona\u0111ite odgovore na svoja pitanja o partnerskom programu za lutriju op\u0107enito, a posebno o partnerskom programu RedFoxLotto","robots":{"index":"index","follow":"follow","max-snippet":"max-snippet:-1","max-image-preview":"max-image-preview:large","max-video-preview":"max-video-preview:-1"},"canonical":"https:\/\/redfoxaffiliates.com\/faq\/","og_locale":"hr_HR","og_type":"article","og_title":"\u010cesto postavljana pitanja o partnerskom programu na tr\u017ei\u0161tu lutrije","og_description":"Prona\u0111ite odgovore na svoja pitanja o partnerskom programu za lutriju op\u0107enito, a posebno o partnerskom programu RedFoxLotto","og_url":"https:\/\/redfoxaffiliates.com\/faq\/","og_site_name":"RedFoxLotto Affiliate Program","twitter_card":"summary_large_image","twitter_misc":{"Procijenjeno vrijeme \u010ditanja":"3 minute"},"schema":{"@context":"https:\/\/schema.org","@graph":[{"@type":"WebPage","@id":"https:\/\/redfoxaffiliates.com\/faq\/","url":"https:\/\/redfoxaffiliates.com\/faq\/","name":"\u010cesto postavljana pitanja o partnerskom programu na tr\u017ei\u0161tu lutrije","isPartOf":{"@id":"https:\/\/redfoxaffiliates.com\/#website"},"datePublished":"2023-07-15T11:46:59+00:00","dateModified":"2023-07-15T11:46:59+00:00","description":"Prona\u0111ite odgovore na svoja pitanja o partnerskom programu za lutriju op\u0107enito, a posebno o partnerskom programu RedFoxLotto","breadcrumb":{"@id":"https:\/\/redfoxaffiliates.com\/faq\/#breadcrumb"},"inLanguage":"hr","potentialAction":[{"@type":"ReadAction","target":["https:\/\/redfoxaffiliates.com\/faq\/"]}]},{"@type":"BreadcrumbList","@id":"https:\/\/redfoxaffiliates.com\/faq\/#breadcrumb","itemListElement":[{"@type":"ListItem","position":1,"name":"Home","item":"https:\/\/redfoxaffiliates.com\/hr\/pocetna\/"},{"@type":"ListItem","position":2,"name":"\u010cPP"}]},{"@type":"WebSite","@id":"https:\/\/redfoxaffiliates.com\/#website","url":"https:\/\/redfoxaffiliates.com\/","name":"RedFoxLotto Affiliate Program","description":"The site for marketing partners of RedFoxLotto.com","potentialAction":[{"@type":"SearchAction","target":{"@type":"EntryPoint","urlTemplate":"https:\/\/redfoxaffiliates.com\/?s={search_term_string}"},"query-input":"required name=search_term_string"}],"inLanguage":"hr"}]}},"_links":{"self":[{"href":"https:\/\/redfoxaffiliates.com\/hr\/wp-json\/wp\/v2\/pages\/303","targetHints":{"allow":["GET"]}}],"collection":[{"href":"https:\/\/redfoxaffiliates.com\/hr\/wp-json\/wp\/v2\/pages"}],"about":[{"href":"https:\/\/redfoxaffiliates.com\/hr\/wp-json\/wp\/v2\/types\/page"}],"author":[{"embeddable":true,"href":"https:\/\/redfoxaffiliates.com\/hr\/wp-json\/wp\/v2\/users\/1"}],"replies":[{"embeddable":true,"href":"https:\/\/redfoxaffiliates.com\/hr\/wp-json\/wp\/v2\/comments?post=303"}],"version-history":[{"count":0,"href":"https:\/\/redfoxaffiliates.com\/hr\/wp-json\/wp\/v2\/pages\/303\/revisions"}],"wp:attachment":[{"href":"https:\/\/redfoxaffiliates.com\/hr\/wp-json\/wp\/v2\/media?parent=303"}],"curies":[{"name":"wp","href":"https:\/\/api.w.org\/{rel}","templated":true}]}}