{"id":279,"date":"2023-07-15T13:37:01","date_gmt":"2023-07-15T11:37:01","guid":{"rendered":"https:\/\/redfoxaffiliates.com\/zaradite-novac-putem-partnerskog-marketinga\/"},"modified":"2023-07-15T13:37:01","modified_gmt":"2023-07-15T11:37:01","slug":"zaradite-novac-putem-partnerskog-marketinga","status":"publish","type":"page","link":"https:\/\/redfoxaffiliates.com\/hr\/zaradite-novac-putem-partnerskog-marketinga\/","title":{"rendered":"Zaradite novac putem partnerskog marketinga"},"content":{"rendered":"<h2>Zaradite provizije \u2013 zaradite novac promoviraju\u0107i RedFoxLotto kao na\u0161 partner.<\/h2>\n<p>Svaki klijent kojeg dovedete bit \u0107e va\u0161 klijent do\u017eivotno. Ne postoji vremensko ograni\u010denje za zara\u0111ivanje provizija od klijenta kojeg ste doveli. Klijenti se nikada ne\u0107e uklanjati s va\u0161eg partnerskog ra\u010duna. Zato je na\u0161 najbolji partnerski program u industriji lutrije.<\/p>\n<p>Va\u0161e \u0107e provizije biti ispla\u0107ene na temelju udjela u prihodu, \u0161to zna\u010di da \u0107e obujam prodaje lutrije ostvaren putem va\u0161ih online preporuka odrediti va\u0161u zaradu iz na\u0161eg partnerskog programa.<\/p>\n<p>\u010cetiri razine partnerskih provizija su:<br \/>\nbruto prodaja ispod 20.000,00 \u20ac : 8 % bruto prodaje<br \/>\nbruto prodaja izme\u0111u 20.000,00 \u20ac i 50.000,00 \u20ac : 10 % neto prodaje<br \/>\nbruto prodaja iznad 50.000,00 \u20ac : 12 % neto prodaje<\/p>\n<p>Vi\u0161i postotak provizije primjenjuje se samo na mjesec u kojem ukupna ostvarena provizija prema\u0161i navedeni iznos. Ako je provizija ni\u017ea u sljede\u0107em mjesecu, primijenit \u0107e se stopa koja odgovara trenutnom iznosu provizije.<\/p>\n<h2>Za\u0161to nema CPA? Za\u0161to je dogovor o udjelu u prihodu va\u0161a najbolja opcija?<\/h2>\n<p>Ako niste upoznati s pojmom CPA, to zna\u010di Cost Per Action (cijena po akciji): primate jednokratnu uplatu za svakog klijenta koji napravi svoju prvu internetsku kupnju. Neki partnerski programi ispla\u0107uju CPA proviziju tek nakon \u0161to igra\u010d ispuni uvjet minimalne potro\u0161nje.<\/p>\n<p>Unato\u010d tome, CPA model provizije nema smisla u ovoj specifi\u010dnoj industriji. Prvo, \u017eivotni vijek igra\u010da koji prvi put uplati novac znatno je du\u017ei nego u bilo kojem drugom segmentu internetskog kockanja. Igra\u010di lutrije obi\u010dno kupuju listi\u0107e tijekom cijelog \u017eivota. Drugo, na\u0161i najbolji klijenti kupuju online listi\u0107e za lutriju u vrijednosti od stotina eura u jednoj transakciji. To se doga\u0111a \u010de\u0161\u0107e kada su jackpotovi vrlo visoki, a to je jedan od razloga za\u0161to \u0107ete dugoro\u010dno zaraditi vi\u0161e novca s partnerskim programom koji ispla\u0107uje proviziju na temelju udjela u prihodu.<\/p>\n<p>Op\u0107enito, u industriji lutrije najbolje \u0161to mo\u017eete u\u010diniti je promovirati partnerski program s do\u017eivotnim postotkom. Me\u0111utim, u iznimnim slu\u010dajevima, nakon \u0161to s nama sura\u0111ujete neko vrijeme, mo\u017ee se razgovarati o CPA dogovoru na temelju uspje\u0161nosti korisnika koje ste doveli.<\/p>\n<h2>Provizija za pod-partnera<\/h2>\n<p>Za svakog pod-partnera kojeg dovedete, zaradit \u0107ete 2 % od bruto vrijednosti prodaje lutrije koju ostvari taj partner.<\/p>\n","protected":false},"excerpt":{"rendered":"<p>Zaradite provizije \u2013 zaradite novac promoviraju\u0107i RedFoxLotto kao na\u0161 partner. Svaki klijent kojeg dovedete bit \u0107e va\u0161 klijent do\u017eivotno. Ne postoji vremensko ograni\u010denje za zara\u0111ivanje provizija od klijenta kojeg ste doveli. Klijenti se nikada ne\u0107e uklanjati s va\u0161eg partnerskog ra\u010duna. Zato je na\u0161 najbolji partnerski program u industriji lutrije. Va\u0161e<\/p>\n<p><a href=\"https:\/\/redfoxaffiliates.com\/hr\/zaradite-novac-putem-partnerskog-marketinga\/\" class=\"more-link\">Continue Reading<span class=\"screen-reader-text\">Zaradite novac putem partnerskog marketinga<\/span><\/a><\/p>\n","protected":false},"author":1,"featured_media":0,"parent":0,"menu_order":2,"comment_status":"closed","ping_status":"closed","template":"","meta":{"footnotes":""},"class_list":["post-279","page","type-page","status-publish","hentry"],"yoast_head":"<!-- This site is optimized with the Yoast SEO plugin v22.4 - https:\/\/yoast.com\/wordpress\/plugins\/seo\/ -->\n<title>Kako zaraditi novac s na\u0161im partnerskim programom za lutriju<\/title>\n<meta name=\"description\" content=\"Za svaku preporuku zara\u0111ujete do\u017eivotnu proviziju na sve njihove kupnje. Pogledajte koliko novca mo\u017eete zaraditi s na\u0161im partnerskim programom\" \/>\n<meta name=\"robots\" content=\"index, follow, max-snippet:-1, max-image-preview:large, max-video-preview:-1\" \/>\n<link rel=\"canonical\" href=\"https:\/\/redfoxaffiliates.com\/make-money-with-our-lottery-affliate-program\/\" \/>\n<meta property=\"og:locale\" content=\"hr_HR\" \/>\n<meta property=\"og:type\" content=\"article\" \/>\n<meta property=\"og:title\" content=\"Kako zaraditi novac s na\u0161im partnerskim programom za lutriju\" \/>\n<meta property=\"og:description\" content=\"Za svaku preporuku zara\u0111ujete do\u017eivotnu proviziju na sve njihove kupnje. Pogledajte koliko novca mo\u017eete zaraditi s na\u0161im partnerskim programom\" \/>\n<meta property=\"og:url\" content=\"https:\/\/redfoxaffiliates.com\/make-money-with-our-lottery-affliate-program\/\" \/>\n<meta property=\"og:site_name\" content=\"RedFoxLotto Affiliate Program\" \/>\n<meta name=\"twitter:card\" content=\"summary_large_image\" \/>\n<meta name=\"twitter:label1\" content=\"Procijenjeno vrijeme \u010ditanja\" \/>\n\t<meta name=\"twitter:data1\" content=\"2 minute\" \/>\n<script type=\"application\/ld+json\" class=\"yoast-schema-graph\">{\"@context\":\"https:\/\/schema.org\",\"@graph\":[{\"@type\":\"WebPage\",\"@id\":\"https:\/\/redfoxaffiliates.com\/make-money-with-our-lottery-affliate-program\/\",\"url\":\"https:\/\/redfoxaffiliates.com\/make-money-with-our-lottery-affliate-program\/\",\"name\":\"Kako zaraditi novac s na\u0161im partnerskim programom za lutriju\",\"isPartOf\":{\"@id\":\"https:\/\/redfoxaffiliates.com\/#website\"},\"datePublished\":\"2023-07-15T11:37:01+00:00\",\"dateModified\":\"2023-07-15T11:37:01+00:00\",\"description\":\"Za svaku preporuku zara\u0111ujete do\u017eivotnu proviziju na sve njihove kupnje. Pogledajte koliko novca mo\u017eete zaraditi s na\u0161im partnerskim programom\",\"breadcrumb\":{\"@id\":\"https:\/\/redfoxaffiliates.com\/make-money-with-our-lottery-affliate-program\/#breadcrumb\"},\"inLanguage\":\"hr\",\"potentialAction\":[{\"@type\":\"ReadAction\",\"target\":[\"https:\/\/redfoxaffiliates.com\/make-money-with-our-lottery-affliate-program\/\"]}]},{\"@type\":\"BreadcrumbList\",\"@id\":\"https:\/\/redfoxaffiliates.com\/make-money-with-our-lottery-affliate-program\/#breadcrumb\",\"itemListElement\":[{\"@type\":\"ListItem\",\"position\":1,\"name\":\"Home\",\"item\":\"https:\/\/redfoxaffiliates.com\/hr\/pocetna\/\"},{\"@type\":\"ListItem\",\"position\":2,\"name\":\"Zaradite novac putem partnerskog marketinga\"}]},{\"@type\":\"WebSite\",\"@id\":\"https:\/\/redfoxaffiliates.com\/#website\",\"url\":\"https:\/\/redfoxaffiliates.com\/\",\"name\":\"RedFoxLotto Affiliate Program\",\"description\":\"The site for marketing partners of RedFoxLotto.com\",\"potentialAction\":[{\"@type\":\"SearchAction\",\"target\":{\"@type\":\"EntryPoint\",\"urlTemplate\":\"https:\/\/redfoxaffiliates.com\/?s={search_term_string}\"},\"query-input\":\"required name=search_term_string\"}],\"inLanguage\":\"hr\"}]}<\/script>\n<!-- \/ Yoast SEO plugin. -->","yoast_head_json":{"title":"Kako zaraditi novac s na\u0161im partnerskim programom za lutriju","description":"Za svaku preporuku zara\u0111ujete do\u017eivotnu proviziju na sve njihove kupnje. Pogledajte koliko novca mo\u017eete zaraditi s na\u0161im partnerskim programom","robots":{"index":"index","follow":"follow","max-snippet":"max-snippet:-1","max-image-preview":"max-image-preview:large","max-video-preview":"max-video-preview:-1"},"canonical":"https:\/\/redfoxaffiliates.com\/make-money-with-our-lottery-affliate-program\/","og_locale":"hr_HR","og_type":"article","og_title":"Kako zaraditi novac s na\u0161im partnerskim programom za lutriju","og_description":"Za svaku preporuku zara\u0111ujete do\u017eivotnu proviziju na sve njihove kupnje. Pogledajte koliko novca mo\u017eete zaraditi s na\u0161im partnerskim programom","og_url":"https:\/\/redfoxaffiliates.com\/make-money-with-our-lottery-affliate-program\/","og_site_name":"RedFoxLotto Affiliate Program","twitter_card":"summary_large_image","twitter_misc":{"Procijenjeno vrijeme \u010ditanja":"2 minute"},"schema":{"@context":"https:\/\/schema.org","@graph":[{"@type":"WebPage","@id":"https:\/\/redfoxaffiliates.com\/make-money-with-our-lottery-affliate-program\/","url":"https:\/\/redfoxaffiliates.com\/make-money-with-our-lottery-affliate-program\/","name":"Kako zaraditi novac s na\u0161im partnerskim programom za lutriju","isPartOf":{"@id":"https:\/\/redfoxaffiliates.com\/#website"},"datePublished":"2023-07-15T11:37:01+00:00","dateModified":"2023-07-15T11:37:01+00:00","description":"Za svaku preporuku zara\u0111ujete do\u017eivotnu proviziju na sve njihove kupnje. Pogledajte koliko novca mo\u017eete zaraditi s na\u0161im partnerskim programom","breadcrumb":{"@id":"https:\/\/redfoxaffiliates.com\/make-money-with-our-lottery-affliate-program\/#breadcrumb"},"inLanguage":"hr","potentialAction":[{"@type":"ReadAction","target":["https:\/\/redfoxaffiliates.com\/make-money-with-our-lottery-affliate-program\/"]}]},{"@type":"BreadcrumbList","@id":"https:\/\/redfoxaffiliates.com\/make-money-with-our-lottery-affliate-program\/#breadcrumb","itemListElement":[{"@type":"ListItem","position":1,"name":"Home","item":"https:\/\/redfoxaffiliates.com\/hr\/pocetna\/"},{"@type":"ListItem","position":2,"name":"Zaradite novac putem partnerskog marketinga"}]},{"@type":"WebSite","@id":"https:\/\/redfoxaffiliates.com\/#website","url":"https:\/\/redfoxaffiliates.com\/","name":"RedFoxLotto Affiliate Program","description":"The site for marketing partners of RedFoxLotto.com","potentialAction":[{"@type":"SearchAction","target":{"@type":"EntryPoint","urlTemplate":"https:\/\/redfoxaffiliates.com\/?s={search_term_string}"},"query-input":"required name=search_term_string"}],"inLanguage":"hr"}]}},"_links":{"self":[{"href":"https:\/\/redfoxaffiliates.com\/hr\/wp-json\/wp\/v2\/pages\/279","targetHints":{"allow":["GET"]}}],"collection":[{"href":"https:\/\/redfoxaffiliates.com\/hr\/wp-json\/wp\/v2\/pages"}],"about":[{"href":"https:\/\/redfoxaffiliates.com\/hr\/wp-json\/wp\/v2\/types\/page"}],"author":[{"embeddable":true,"href":"https:\/\/redfoxaffiliates.com\/hr\/wp-json\/wp\/v2\/users\/1"}],"replies":[{"embeddable":true,"href":"https:\/\/redfoxaffiliates.com\/hr\/wp-json\/wp\/v2\/comments?post=279"}],"version-history":[{"count":0,"href":"https:\/\/redfoxaffiliates.com\/hr\/wp-json\/wp\/v2\/pages\/279\/revisions"}],"wp:attachment":[{"href":"https:\/\/redfoxaffiliates.com\/hr\/wp-json\/wp\/v2\/media?parent=279"}],"curies":[{"name":"wp","href":"https:\/\/api.w.org\/{rel}","templated":true}]}}