{"id":255,"date":"2023-07-15T13:33:10","date_gmt":"2023-07-15T11:33:10","guid":{"rendered":"https:\/\/redfoxaffiliates.com\/zasto-postati-partner-za-lutriju\/"},"modified":"2023-07-15T13:33:10","modified_gmt":"2023-07-15T11:33:10","slug":"zasto-postati-partner-za-lutriju","status":"publish","type":"page","link":"https:\/\/redfoxaffiliates.com\/hr\/zasto-postati-partner-za-lutriju\/","title":{"rendered":"Za\u0161to postati partner za lutriju?"},"content":{"rendered":"<h2>\u0160to je na\u0161 proizvod?<\/h2>\n<p>RedFoxLotto prodaje listi\u0107e za lutriju putem interneta. Klijentima diljem svijeta nudimo na\u010din sudjelovanja u lutrijama s ogromnim jackpotima, kao \u0161to su ameri\u010dke Mega Millions i Powerball, te velike europske lutrije poput EuroMillionsa, EuroJackpota i SuperEnalotta.<\/p>\n<p>Putem nas klijenti mogu kupiti listi\u0107e za lutrije u zemljama izvan svoje domovine. Kako bismo to omogu\u0107ili, sura\u0111ujemo s nekoliko agenata smje\u0161tenih u zemljama u kojima se lutrije odr\u017eavaju. Nakon \u0161to se listi\u0107 naru\u010di putem interneta, jedan od na\u0161ih agenata ga kupuje za na\u0161e klijente. Nakon toga, potvr\u0111ujemo kupnju na\u0161em klijentu. Kad god se listi\u0107 kupi putem nas, mi tako\u0111er obra\u0111ujemo isplate na\u0161im klijentima.<\/p>\n<p>Mo\u017eda ste \u010duli za pojam &#8220;sekundarno tr\u017ei\u0161te lutrije&#8221; \u2013 to je naziv za ovo tr\u017ei\u0161te. Kao industrija vrijedna vi\u0161e milijardi dolara, lutrija nije ograni\u010dena na lokalne ponude (ako u zemlji prebivali\u0161ta uop\u0107e postoji lutrija). Potra\u017enja za na\u0161om uslugom kupnje listi\u0107a vrlo je visoka. Posebno kada vijesti o jackpotu koji dose\u017ee goleme iznose dospiju na naslovnice diljem svijeta, online listi\u0107i, da tako ka\u017eemo, &#8220;leti s polica&#8221;.<\/p>\n<h2>Razlozi za promociju RedFoxLotto<\/h2>\n<h3>Odli\u010dne konverzije<\/h3>\n<p>Na\u0161a stranica, https:\/\/redfoxlotto.com, optimizirana je kako bi proces kupnje bio \u0161to jednostavniji. To je va\u017eno za jam\u010denje visoke stope konverzije. \u0160to bolje konvertiramo va\u0161 promet, to \u0107ete vi\u0161e novca zaraditi.<\/p>\n<h2>Izvrsno zadr\u017eavanje kupaca<\/h2>\n<p>Do\u017eivotna vrijednost kupca jedan je od najboljih aspekata ove industrije. Visok postotak na\u0161ih klijenata vra\u0107a se i kupuje vi\u0161e listi\u0107a iz tjedna u tjedan godinama!<\/p>\n<h2>Raznolikost procesora pla\u0107anja jednako je va\u017ena<\/h2>\n<p>Nastojimo ponuditi \u0161irok raspon opcija. To je va\u017eno kako bismo osigurali da posjetitelji iz bilo koje zemlje mogu jednostavno platiti svoje listi\u0107e. Unato\u010d tome, pla\u0107anja kreditnim karticama i dalje \u010dine najve\u0107i dio prodaje. No, opcije poput Bitcoina i e-nov\u010danika postaju sve va\u017enije.<\/p>\n<p>Obvezali smo se voditi iskren i eti\u010dan partnerski program. Ve\u0107ina programa u ovoj industriji poznata je po tome \u0161to na ovaj ili onaj na\u010din vara svoje partnere. Biv\u0161i partner osnovao je brend RedFoxLotto. Isti biv\u0161i partner zadu\u017een je za partnerski program. Molimo pro\u010ditajte na\u0161 \u010dlanak o partnerstvu i etici \u2013 pomo\u0107i \u0107e vam da bolje razumijete na\u0161 pristup.<\/p>\n<h2>Stope provizije iznad industrijskog standarda<\/h2>\n<p>Zaradite do 12 % od bruto vrijednosti prodaje koju ostvare va\u0161i preporu\u010ditelji.<\/p>\n<h2>Partnerstvo drugog stupnja<\/h2>\n<p>To zna\u010di da ako dovedete dodatne pod-partnera, tako\u0111er \u0107ete zaraditi proviziju od 2 % na prodaju koju ostvare njihovi preporu\u010ditelji.<\/p>\n<h2>To\u010dno pla\u0107anje provizija<\/h2>\n<p>Va\u0161e provizije za prethodni mjesec ispla\u0107ujemo 15. sljede\u0107eg mjeseca. Mo\u017eete birati izme\u0111u nekoliko opcija pla\u0107anja.<\/p>\n<h2>Tko mo\u017ee postati partner i kako nas mo\u017eete promovirati?<\/h2>\n<p>Pa, doslovno svatko! Mo\u017eda imate web stranicu koja je povezana s lutrijom. Ako je to slu\u010daj, va\u0161a \u0107e stopa konverzije biti visoka jer se na\u0161 proizvod svi\u0111a va\u0161oj publici.<\/p>\n<p>Ili imate web stranicu na drugu temu i tra\u017eite na\u010dine za monetizaciju prometa. Svi vole igrati lutriju, a va\u0161a zarada uglavnom \u0107e ovisiti o koli\u010dini prometa koji va\u0161a web stranica ima.<\/p>\n<p>Popisi e-po\u0161te odli\u010dan su alat za stjecanje novih klijenata. Ne odobravamo slanje ne\u017eeljene po\u0161te (spamming), stoga se pobrinite da va\u0161 popis e-po\u0161te sadr\u017ei samo kontakte koji su pristali primati va\u0161e marketin\u0161ke e-poruke.<\/p>\n<p>Neki od na\u0161ih partnera koriste offline strategije za na\u0161u promociju. Izgradili su vlastitu web stranicu o lutriji s partnerskim poveznicama koje vode na RedFoxLotto.com. Zatim distribuiraju letke, posjetnice i druge marketin\u0161ke materijale kojima promoviraju svoju web stranicu, \u010dime generiraju promet, a u kona\u010dnici i prodaju na RedFoxLotto.com.<\/p>\n","protected":false},"excerpt":{"rendered":"<p>\u0160to je na\u0161 proizvod? RedFoxLotto prodaje listi\u0107e za lutriju putem interneta. Klijentima diljem svijeta nudimo na\u010din sudjelovanja u lutrijama s ogromnim jackpotima, kao \u0161to su ameri\u010dke Mega Millions i Powerball, te velike europske lutrije poput EuroMillionsa, EuroJackpota i SuperEnalotta. Putem nas klijenti mogu kupiti listi\u0107e za lutrije u zemljama izvan<\/p>\n<p><a href=\"https:\/\/redfoxaffiliates.com\/hr\/zasto-postati-partner-za-lutriju\/\" class=\"more-link\">Continue Reading<span class=\"screen-reader-text\">Za\u0161to postati partner za lutriju?<\/span><\/a><\/p>\n","protected":false},"author":1,"featured_media":0,"parent":0,"menu_order":1,"comment_status":"closed","ping_status":"closed","template":"","meta":{"footnotes":""},"class_list":["post-255","page","type-page","status-publish","hentry"],"yoast_head":"<!-- This site is optimized with the Yoast SEO plugin v22.4 - https:\/\/yoast.com\/wordpress\/plugins\/seo\/ -->\n<title>Za\u0161to se pridru\u017eiti RedFoxLotto partnerskom programu?<\/title>\n<meta name=\"description\" content=\"Razlozi za\u0161to se pridru\u017eiti nama i postati RedFoxLotto partner za prodaju i partnerstvo. Zarasite provizije na svaku prodaju va\u0161ih preporu\u010denih kupaca do\u017eivotno!\" \/>\n<meta name=\"robots\" content=\"index, follow, max-snippet:-1, max-image-preview:large, max-video-preview:-1\" \/>\n<link rel=\"canonical\" href=\"https:\/\/redfoxaffiliates.com\/why-become-a-lottery-affiliate\/\" \/>\n<meta property=\"og:locale\" content=\"hr_HR\" \/>\n<meta property=\"og:type\" content=\"article\" \/>\n<meta property=\"og:title\" content=\"Za\u0161to se pridru\u017eiti RedFoxLotto partnerskom programu?\" \/>\n<meta property=\"og:description\" content=\"Razlozi za\u0161to se pridru\u017eiti nama i postati RedFoxLotto partner za prodaju i partnerstvo. Zarasite provizije na svaku prodaju va\u0161ih preporu\u010denih kupaca do\u017eivotno!\" \/>\n<meta property=\"og:url\" content=\"https:\/\/redfoxaffiliates.com\/why-become-a-lottery-affiliate\/\" \/>\n<meta property=\"og:site_name\" content=\"RedFoxLotto Affiliate Program\" \/>\n<meta name=\"twitter:card\" content=\"summary_large_image\" \/>\n<meta name=\"twitter:label1\" content=\"Procijenjeno vrijeme \u010ditanja\" \/>\n\t<meta name=\"twitter:data1\" content=\"3 minute\" \/>\n<script type=\"application\/ld+json\" class=\"yoast-schema-graph\">{\"@context\":\"https:\/\/schema.org\",\"@graph\":[{\"@type\":\"WebPage\",\"@id\":\"https:\/\/redfoxaffiliates.com\/why-become-a-lottery-affiliate\/\",\"url\":\"https:\/\/redfoxaffiliates.com\/why-become-a-lottery-affiliate\/\",\"name\":\"Za\u0161to se pridru\u017eiti RedFoxLotto partnerskom programu?\",\"isPartOf\":{\"@id\":\"https:\/\/redfoxaffiliates.com\/#website\"},\"datePublished\":\"2023-07-15T11:33:10+00:00\",\"dateModified\":\"2023-07-15T11:33:10+00:00\",\"description\":\"Razlozi za\u0161to se pridru\u017eiti nama i postati RedFoxLotto partner za prodaju i partnerstvo. Zarasite provizije na svaku prodaju va\u0161ih preporu\u010denih kupaca do\u017eivotno!\",\"breadcrumb\":{\"@id\":\"https:\/\/redfoxaffiliates.com\/why-become-a-lottery-affiliate\/#breadcrumb\"},\"inLanguage\":\"hr\",\"potentialAction\":[{\"@type\":\"ReadAction\",\"target\":[\"https:\/\/redfoxaffiliates.com\/why-become-a-lottery-affiliate\/\"]}]},{\"@type\":\"BreadcrumbList\",\"@id\":\"https:\/\/redfoxaffiliates.com\/why-become-a-lottery-affiliate\/#breadcrumb\",\"itemListElement\":[{\"@type\":\"ListItem\",\"position\":1,\"name\":\"Home\",\"item\":\"https:\/\/redfoxaffiliates.com\/hr\/pocetna\/\"},{\"@type\":\"ListItem\",\"position\":2,\"name\":\"Za\u0161to postati partner za lutriju?\"}]},{\"@type\":\"WebSite\",\"@id\":\"https:\/\/redfoxaffiliates.com\/#website\",\"url\":\"https:\/\/redfoxaffiliates.com\/\",\"name\":\"RedFoxLotto Affiliate Program\",\"description\":\"The site for marketing partners of RedFoxLotto.com\",\"potentialAction\":[{\"@type\":\"SearchAction\",\"target\":{\"@type\":\"EntryPoint\",\"urlTemplate\":\"https:\/\/redfoxaffiliates.com\/?s={search_term_string}\"},\"query-input\":\"required name=search_term_string\"}],\"inLanguage\":\"hr\"}]}<\/script>\n<!-- \/ Yoast SEO plugin. -->","yoast_head_json":{"title":"Za\u0161to se pridru\u017eiti RedFoxLotto partnerskom programu?","description":"Razlozi za\u0161to se pridru\u017eiti nama i postati RedFoxLotto partner za prodaju i partnerstvo. Zarasite provizije na svaku prodaju va\u0161ih preporu\u010denih kupaca do\u017eivotno!","robots":{"index":"index","follow":"follow","max-snippet":"max-snippet:-1","max-image-preview":"max-image-preview:large","max-video-preview":"max-video-preview:-1"},"canonical":"https:\/\/redfoxaffiliates.com\/why-become-a-lottery-affiliate\/","og_locale":"hr_HR","og_type":"article","og_title":"Za\u0161to se pridru\u017eiti RedFoxLotto partnerskom programu?","og_description":"Razlozi za\u0161to se pridru\u017eiti nama i postati RedFoxLotto partner za prodaju i partnerstvo. Zarasite provizije na svaku prodaju va\u0161ih preporu\u010denih kupaca do\u017eivotno!","og_url":"https:\/\/redfoxaffiliates.com\/why-become-a-lottery-affiliate\/","og_site_name":"RedFoxLotto Affiliate Program","twitter_card":"summary_large_image","twitter_misc":{"Procijenjeno vrijeme \u010ditanja":"3 minute"},"schema":{"@context":"https:\/\/schema.org","@graph":[{"@type":"WebPage","@id":"https:\/\/redfoxaffiliates.com\/why-become-a-lottery-affiliate\/","url":"https:\/\/redfoxaffiliates.com\/why-become-a-lottery-affiliate\/","name":"Za\u0161to se pridru\u017eiti RedFoxLotto partnerskom programu?","isPartOf":{"@id":"https:\/\/redfoxaffiliates.com\/#website"},"datePublished":"2023-07-15T11:33:10+00:00","dateModified":"2023-07-15T11:33:10+00:00","description":"Razlozi za\u0161to se pridru\u017eiti nama i postati RedFoxLotto partner za prodaju i partnerstvo. Zarasite provizije na svaku prodaju va\u0161ih preporu\u010denih kupaca do\u017eivotno!","breadcrumb":{"@id":"https:\/\/redfoxaffiliates.com\/why-become-a-lottery-affiliate\/#breadcrumb"},"inLanguage":"hr","potentialAction":[{"@type":"ReadAction","target":["https:\/\/redfoxaffiliates.com\/why-become-a-lottery-affiliate\/"]}]},{"@type":"BreadcrumbList","@id":"https:\/\/redfoxaffiliates.com\/why-become-a-lottery-affiliate\/#breadcrumb","itemListElement":[{"@type":"ListItem","position":1,"name":"Home","item":"https:\/\/redfoxaffiliates.com\/hr\/pocetna\/"},{"@type":"ListItem","position":2,"name":"Za\u0161to postati partner za lutriju?"}]},{"@type":"WebSite","@id":"https:\/\/redfoxaffiliates.com\/#website","url":"https:\/\/redfoxaffiliates.com\/","name":"RedFoxLotto Affiliate Program","description":"The site for marketing partners of RedFoxLotto.com","potentialAction":[{"@type":"SearchAction","target":{"@type":"EntryPoint","urlTemplate":"https:\/\/redfoxaffiliates.com\/?s={search_term_string}"},"query-input":"required name=search_term_string"}],"inLanguage":"hr"}]}},"_links":{"self":[{"href":"https:\/\/redfoxaffiliates.com\/hr\/wp-json\/wp\/v2\/pages\/255","targetHints":{"allow":["GET"]}}],"collection":[{"href":"https:\/\/redfoxaffiliates.com\/hr\/wp-json\/wp\/v2\/pages"}],"about":[{"href":"https:\/\/redfoxaffiliates.com\/hr\/wp-json\/wp\/v2\/types\/page"}],"author":[{"embeddable":true,"href":"https:\/\/redfoxaffiliates.com\/hr\/wp-json\/wp\/v2\/users\/1"}],"replies":[{"embeddable":true,"href":"https:\/\/redfoxaffiliates.com\/hr\/wp-json\/wp\/v2\/comments?post=255"}],"version-history":[{"count":0,"href":"https:\/\/redfoxaffiliates.com\/hr\/wp-json\/wp\/v2\/pages\/255\/revisions"}],"wp:attachment":[{"href":"https:\/\/redfoxaffiliates.com\/hr\/wp-json\/wp\/v2\/media?parent=255"}],"curies":[{"name":"wp","href":"https:\/\/api.w.org\/{rel}","templated":true}]}}