{"id":166,"date":"2023-07-15T08:09:36","date_gmt":"2023-07-15T06:09:36","guid":{"rendered":"https:\/\/redfoxaffiliates.com\/pocetna\/"},"modified":"2026-01-03T10:28:55","modified_gmt":"2026-01-03T09:28:55","slug":"pocetna","status":"publish","type":"page","link":"https:\/\/redfoxaffiliates.com\/hr\/","title":{"rendered":"Po\u010detna"},"content":{"rendered":"&#13;\n<p>RedFoxAffiliates.com je partnerski program za RedFoxLotto.com. RedFoxLotto je kurirska slu\u017eba za listi\u0107e za lutriju. Putem web-stranice RedFoxLotto.com, ljubitelji lutrije iz cijelog svijeta mogu naru\u010diti prave listi\u0107e za velik broj me\u0111unarodnih lutrija.<\/p>&#13;\n<h2>Mo\u017eete li dovesti promet?<\/h2>&#13;\n<p>Ako mo\u017eete dovesti promet (nove potencijalne kupce) na na\u0161u web stranicu, zaradit \u0107ete provizije. Vi nam \u0161aljete promet, a mi ga pretvaramo u kupce. Vi\u0161e prometa zna\u010di vi\u0161e pla\u0107aju\u0107ih kupaca i ve\u0107e provizije za vas.&#13;\n<\/p>&#13;\n<h2>Na\u0161a usluga prodaje lutrijskih listi\u0107a idealan je proizvod za online promociju.<\/h2>&#13;\n<p>To je jednostavan proizvod koji svi diljem svijeta poznaju. Ogromni jackpoti generiraju zna\u010dajan interes globalne publike.&#13;\n<\/p>&#13;\n<h2>Jednostavna konverzija \u2013 od posjetitelja do kupca<\/h2>&#13;\n<p>Kupnja listi\u0107a putem na\u0161e stranice jednostavnija je nego ikad. Registracija na redfoxlotto.com traje samo nekoliko sekundi, a naru\u010divanje i pla\u0107anje listi\u0107a online jednako su brzi i jednostavni. Vi nam \u0161aljete svoje posjetitelje, a mi ih pretvaramo u kupce.&#13;\n<\/p>&#13;\n<h2>Na\u0161i su kupci odani \u2013 vra\u0107aju se i dugo kupuju jo\u0161 listi\u0107a.<\/h2>&#13;\n<p>Jednom kada va\u0161i posjetitelji naprave prvu kupnju, nastavit \u0107e se vra\u0107ati kako bi kupili dodatne listi\u0107e. Mnogi su na\u0161i kupci s nama ve\u0107 deset godina ili vi\u0161e. Ako nam preporu\u010dite kupca, vjerojatno \u0107ete zara\u0111ivati provizije na kupnje tog kupca godinama!&#13;\n<\/p>&#13;\n<p>Prijavite se za na\u0161 partnerski program odmah. Prijava je besplatna. Prvo provjerite na\u0161u stranicu s naj\u010de\u0161\u0107im pitanjima ako imate pitanja. Kontaktirajte nas ako imate dodatnih pitanja.&#13;\n<\/p>&#13;\n<p>Slijedite ovu poveznicu kako biste se pridru\u017eili na\u0161em partnerskom programu. Nakon \u0161to se registrirate, primit \u0107ete e-poruku od nas. Ne zaboravite kliknuti na poveznicu za potvrdu u toj e-poruci. Va\u0161a \u0107e se registracija pregledati, a va\u0161 partnerski ra\u010dun bit \u0107e aktiviran u roku od 48 sati.<\/p>&#13;\n<p>\u00a0<\/p>&#13;\n","protected":false},"excerpt":{"rendered":"<p>&#13; RedFoxAffiliates.com je partnerski program za RedFoxLotto.com. RedFoxLotto je kurirska slu\u017eba za listi\u0107e za lutriju. Putem web-stranice RedFoxLotto.com, ljubitelji lutrije iz cijelog svijeta mogu naru\u010diti prave listi\u0107e za velik broj me\u0111unarodnih lutrija. &#13; Mo\u017eete li dovesti promet? &#13; Ako mo\u017eete dovesti promet (nove potencijalne kupce) na na\u0161u web stranicu, zaradit<\/p>\n<p><a href=\"https:\/\/redfoxaffiliates.com\/hr\/\" class=\"more-link\">Continue Reading<span class=\"screen-reader-text\">Po\u010detna<\/span><\/a><\/p>\n","protected":false},"author":1,"featured_media":0,"parent":0,"menu_order":0,"comment_status":"closed","ping_status":"closed","template":"","meta":{"footnotes":""},"class_list":["post-166","page","type-page","status-publish","hentry"],"yoast_head":"<!-- This site is optimized with the Yoast SEO plugin v22.4 - https:\/\/yoast.com\/wordpress\/plugins\/seo\/ -->\n<title>Partnerski program za RedFoxLotto.com<\/title>\n<meta name=\"description\" content=\"Na\u0161 partnerski program omogu\u0107uje partnerima RedFoxLotta da zara\u0111uju provizije na preporuke. Postanite na\u0161 partnerski prodava\u010d i po\u010dnite promovirati na\u0161u uslugu online kupnje lutrijskih listi\u0107a ve\u0107 danas!\" \/>\n<meta name=\"robots\" content=\"index, follow, max-snippet:-1, max-image-preview:large, max-video-preview:-1\" \/>\n<link rel=\"canonical\" href=\"https:\/\/redfoxaffiliates.com\/hr\/pocetna\/\" \/>\n<meta property=\"og:locale\" content=\"hr_HR\" \/>\n<meta property=\"og:type\" content=\"article\" \/>\n<meta property=\"og:title\" content=\"Partnerski program za RedFoxLotto.com\" \/>\n<meta property=\"og:description\" content=\"Na\u0161 partnerski program omogu\u0107uje partnerima RedFoxLotta da zara\u0111uju provizije na preporuke. Postanite na\u0161 partnerski prodava\u010d i po\u010dnite promovirati na\u0161u uslugu online kupnje lutrijskih listi\u0107a ve\u0107 danas!\" \/>\n<meta property=\"og:url\" content=\"https:\/\/redfoxaffiliates.com\/hr\/pocetna\/\" \/>\n<meta property=\"og:site_name\" content=\"RedFoxLotto Affiliate Program\" \/>\n<meta property=\"article:modified_time\" content=\"2026-01-03T09:28:55+00:00\" \/>\n<meta name=\"twitter:card\" content=\"summary_large_image\" \/>\n<meta name=\"twitter:label1\" content=\"Procijenjeno vrijeme \u010ditanja\" \/>\n\t<meta name=\"twitter:data1\" content=\"2 minute\" \/>\n<script type=\"application\/ld+json\" class=\"yoast-schema-graph\">{\"@context\":\"https:\/\/schema.org\",\"@graph\":[{\"@type\":\"WebPage\",\"@id\":\"https:\/\/redfoxaffiliates.com\/hr\/pocetna\/\",\"url\":\"https:\/\/redfoxaffiliates.com\/hr\/pocetna\/\",\"name\":\"Partnerski program za RedFoxLotto.com\",\"isPartOf\":{\"@id\":\"https:\/\/redfoxaffiliates.com\/#website\"},\"datePublished\":\"2023-07-15T06:09:36+00:00\",\"dateModified\":\"2026-01-03T09:28:55+00:00\",\"description\":\"Na\u0161 partnerski program omogu\u0107uje partnerima RedFoxLotta da zara\u0111uju provizije na preporuke. Postanite na\u0161 partnerski prodava\u010d i po\u010dnite promovirati na\u0161u uslugu online kupnje lutrijskih listi\u0107a ve\u0107 danas!\",\"breadcrumb\":{\"@id\":\"https:\/\/redfoxaffiliates.com\/hr\/pocetna\/#breadcrumb\"},\"inLanguage\":\"hr\",\"potentialAction\":[{\"@type\":\"ReadAction\",\"target\":[\"https:\/\/redfoxaffiliates.com\/hr\/pocetna\/\"]}]},{\"@type\":\"BreadcrumbList\",\"@id\":\"https:\/\/redfoxaffiliates.com\/hr\/pocetna\/#breadcrumb\",\"itemListElement\":[{\"@type\":\"ListItem\",\"position\":1,\"name\":\"Home\",\"item\":\"https:\/\/redfoxaffiliates.com\/hr\/pocetna\/\"},{\"@type\":\"ListItem\",\"position\":2,\"name\":\"Po\u010detna\"}]},{\"@type\":\"WebSite\",\"@id\":\"https:\/\/redfoxaffiliates.com\/#website\",\"url\":\"https:\/\/redfoxaffiliates.com\/\",\"name\":\"RedFoxLotto Affiliate Program\",\"description\":\"The site for marketing partners of RedFoxLotto.com\",\"potentialAction\":[{\"@type\":\"SearchAction\",\"target\":{\"@type\":\"EntryPoint\",\"urlTemplate\":\"https:\/\/redfoxaffiliates.com\/?s={search_term_string}\"},\"query-input\":\"required name=search_term_string\"}],\"inLanguage\":\"hr\"}]}<\/script>\n<!-- \/ Yoast SEO plugin. -->","yoast_head_json":{"title":"Partnerski program za RedFoxLotto.com","description":"Na\u0161 partnerski program omogu\u0107uje partnerima RedFoxLotta da zara\u0111uju provizije na preporuke. Postanite na\u0161 partnerski prodava\u010d i po\u010dnite promovirati na\u0161u uslugu online kupnje lutrijskih listi\u0107a ve\u0107 danas!","robots":{"index":"index","follow":"follow","max-snippet":"max-snippet:-1","max-image-preview":"max-image-preview:large","max-video-preview":"max-video-preview:-1"},"canonical":"https:\/\/redfoxaffiliates.com\/hr\/pocetna\/","og_locale":"hr_HR","og_type":"article","og_title":"Partnerski program za RedFoxLotto.com","og_description":"Na\u0161 partnerski program omogu\u0107uje partnerima RedFoxLotta da zara\u0111uju provizije na preporuke. Postanite na\u0161 partnerski prodava\u010d i po\u010dnite promovirati na\u0161u uslugu online kupnje lutrijskih listi\u0107a ve\u0107 danas!","og_url":"https:\/\/redfoxaffiliates.com\/hr\/pocetna\/","og_site_name":"RedFoxLotto Affiliate Program","article_modified_time":"2026-01-03T09:28:55+00:00","twitter_card":"summary_large_image","twitter_misc":{"Procijenjeno vrijeme \u010ditanja":"2 minute"},"schema":{"@context":"https:\/\/schema.org","@graph":[{"@type":"WebPage","@id":"https:\/\/redfoxaffiliates.com\/hr\/pocetna\/","url":"https:\/\/redfoxaffiliates.com\/hr\/pocetna\/","name":"Partnerski program za RedFoxLotto.com","isPartOf":{"@id":"https:\/\/redfoxaffiliates.com\/#website"},"datePublished":"2023-07-15T06:09:36+00:00","dateModified":"2026-01-03T09:28:55+00:00","description":"Na\u0161 partnerski program omogu\u0107uje partnerima RedFoxLotta da zara\u0111uju provizije na preporuke. Postanite na\u0161 partnerski prodava\u010d i po\u010dnite promovirati na\u0161u uslugu online kupnje lutrijskih listi\u0107a ve\u0107 danas!","breadcrumb":{"@id":"https:\/\/redfoxaffiliates.com\/hr\/pocetna\/#breadcrumb"},"inLanguage":"hr","potentialAction":[{"@type":"ReadAction","target":["https:\/\/redfoxaffiliates.com\/hr\/pocetna\/"]}]},{"@type":"BreadcrumbList","@id":"https:\/\/redfoxaffiliates.com\/hr\/pocetna\/#breadcrumb","itemListElement":[{"@type":"ListItem","position":1,"name":"Home","item":"https:\/\/redfoxaffiliates.com\/hr\/pocetna\/"},{"@type":"ListItem","position":2,"name":"Po\u010detna"}]},{"@type":"WebSite","@id":"https:\/\/redfoxaffiliates.com\/#website","url":"https:\/\/redfoxaffiliates.com\/","name":"RedFoxLotto Affiliate Program","description":"The site for marketing partners of RedFoxLotto.com","potentialAction":[{"@type":"SearchAction","target":{"@type":"EntryPoint","urlTemplate":"https:\/\/redfoxaffiliates.com\/?s={search_term_string}"},"query-input":"required name=search_term_string"}],"inLanguage":"hr"}]}},"_links":{"self":[{"href":"https:\/\/redfoxaffiliates.com\/hr\/wp-json\/wp\/v2\/pages\/166","targetHints":{"allow":["GET"]}}],"collection":[{"href":"https:\/\/redfoxaffiliates.com\/hr\/wp-json\/wp\/v2\/pages"}],"about":[{"href":"https:\/\/redfoxaffiliates.com\/hr\/wp-json\/wp\/v2\/types\/page"}],"author":[{"embeddable":true,"href":"https:\/\/redfoxaffiliates.com\/hr\/wp-json\/wp\/v2\/users\/1"}],"replies":[{"embeddable":true,"href":"https:\/\/redfoxaffiliates.com\/hr\/wp-json\/wp\/v2\/comments?post=166"}],"version-history":[{"count":1,"href":"https:\/\/redfoxaffiliates.com\/hr\/wp-json\/wp\/v2\/pages\/166\/revisions"}],"predecessor-version":[{"id":167,"href":"https:\/\/redfoxaffiliates.com\/hr\/wp-json\/wp\/v2\/pages\/166\/revisions\/167"}],"wp:attachment":[{"href":"https:\/\/redfoxaffiliates.com\/hr\/wp-json\/wp\/v2\/media?parent=166"}],"curies":[{"name":"wp","href":"https:\/\/api.w.org\/{rel}","templated":true}]}}