{"id":354,"date":"2026-01-01T21:16:49","date_gmt":"2026-01-01T20:16:49","guid":{"rendered":"https:\/\/redfoxaffiliates.com\/a-propos-de-lethique-dans-les-programmes-de-marketing-daffiliation\/"},"modified":"2026-01-01T21:16:49","modified_gmt":"2026-01-01T20:16:49","slug":"a-propos-de-lethique-dans-les-programmes-de-marketing-daffiliation","status":"publish","type":"page","link":"https:\/\/redfoxaffiliates.com\/fr\/a-propos-de-lethique-dans-les-programmes-de-marketing-daffiliation\/","title":{"rendered":"\u00c0 propos de l&rsquo;\u00e9thique dans les programmes de marketing d&rsquo;affiliation"},"content":{"rendered":"<p>Vous serez peut-\u00eatre surpris de trouver une r\u00e9f\u00e9rence \u00e0 l&rsquo;\u00e9thique sur le site Web d&rsquo;un programme d&rsquo;affiliation. Nous convenons que cela est inhabituel.<\/p>\n<p>Mais c&rsquo;est un sujet essentiel pour nous. D&rsquo;anciens affili\u00e9s exploitent \u00e0 la fois RedFoxLotto.com et ce programme d&rsquo;affiliation. Nous avons travaill\u00e9 avec les m\u00eames entreprises que celles avec lesquelles vous avez travaill\u00e9 (ou travaillez peut-\u00eatre encore). Apr\u00e8s plus de 12 ans dans le secteur du marketing d&rsquo;affiliation dans le domaine des jeux d&rsquo;argent, nous avons \u00e9t\u00e9 t\u00e9moins de nombreuses pratiques r\u00e9pr\u00e9hensibles. R\u00e9duction des revenus, modification des conditions g\u00e9n\u00e9rales entra\u00eenant une perte de revenus pour l&rsquo;affili\u00e9, retards ou absence de paiement, vol de vos clients (ou de ceux d&rsquo;autres affili\u00e9s), nous avons tout vu.<\/p>\n<p>Malheureusement, dans ce secteur, les affili\u00e9s qui travaillent dur sont constamment victimes de mauvaises pratiques. C&rsquo;est pourquoi nous avons d\u00e9cid\u00e9 de passer \u00e0 l&rsquo;\u00e9tape suivante. Nous avons lanc\u00e9 notre propre produit, RedFoxLotto.com. Notre plan marketing est simple : il repose \u00e0 100 % sur le r\u00e9f\u00e9rencement naturel (SEO) et le marketing d&rsquo;affiliation en ligne.<\/p>\n<p>Ayant nous-m\u00eames \u00e9t\u00e9 affili\u00e9s, nous nous engageons \u00e0 g\u00e9rer un programme d&rsquo;affiliation 100 % \u00e9thique et honn\u00eate. Oui, ils disent tous qu&rsquo;ils ne feront pas ceci ou cela. Mais nous, nous tenons nos promesses.<\/p>\n<p>Voici ce que vous pouvez attendre de nous<br \/>\nUn accord est un accord ! Cela signifie que si nous vous promettons que vous recevrez une part des revenus que vous g\u00e9n\u00e9rez pendant toute la dur\u00e9e de vie des clients que vous nous apportez, nous le pensons vraiment. Nous ne changerons jamais d&rsquo;avis \u00e0 ce sujet.<br \/>\nNous ne manipulerons jamais les rapports de revenus pour r\u00e9duire nos frais g\u00e9n\u00e9raux. Nous ne supprimerons jamais non plus de clients de votre compte. Nous voulons que vous r\u00e9ussissiez autant que possible. Vous \u00eates nos partenaires commerciaux, et notre succ\u00e8s d\u00e9pend de vous !<br \/>\nNous vous paierons dans les d\u00e9lais. Vous avez \u00e9galement des obligations et des d\u00e9penses, et nous le comprenons.<br \/>\nN&rsquo;h\u00e9sitez pas \u00e0 nous contacter si vous avez des questions ou besoin d&rsquo;aide. Utilisez le formulaire \u00ab Contact \u00bb dans la barre de menu sup\u00e9rieure. R\u00e9unissons-nous et voyons si nous pouvons tous les deux gagner de l&rsquo;argent !<\/p>\n","protected":false},"excerpt":{"rendered":"<p>Vous serez peut-\u00eatre surpris de trouver une r\u00e9f\u00e9rence \u00e0 l&rsquo;\u00e9thique sur le site Web d&rsquo;un programme d&rsquo;affiliation. Nous convenons que cela est inhabituel. Mais c&rsquo;est un sujet essentiel pour nous. D&rsquo;anciens affili\u00e9s exploitent \u00e0 la fois RedFoxLotto.com et ce programme d&rsquo;affiliation. Nous avons travaill\u00e9 avec les m\u00eames entreprises que celles<\/p>\n<p><a href=\"https:\/\/redfoxaffiliates.com\/fr\/a-propos-de-lethique-dans-les-programmes-de-marketing-daffiliation\/\" class=\"more-link\">Continue Reading<span class=\"screen-reader-text\">\u00c0 propos de l&rsquo;\u00e9thique dans les programmes de marketing d&rsquo;affiliation<\/span><\/a><\/p>\n","protected":false},"author":1,"featured_media":0,"parent":0,"menu_order":7,"comment_status":"closed","ping_status":"closed","template":"","meta":{"footnotes":""},"class_list":["post-354","page","type-page","status-publish","hentry"],"yoast_head":"<!-- This site is optimized with the Yoast SEO plugin v22.4 - https:\/\/yoast.com\/wordpress\/plugins\/seo\/ -->\n<title>\u00c9thique et affiliation sur le march\u00e9 des loteries<\/title>\n<meta name=\"description\" content=\"Il existe de nombreux programmes d&#039;affiliation de loteries qui volent l&#039;argent de leurs affili\u00e9s. C&#039;est pourquoi le sujet de l&#039;\u00e9thique commerciale est important pour nous.\" \/>\n<meta name=\"robots\" content=\"index, follow, max-snippet:-1, max-image-preview:large, max-video-preview:-1\" \/>\n<link rel=\"canonical\" href=\"https:\/\/redfoxaffiliates.com\/ethics-and-affiliate-marketing-programs\/\" \/>\n<meta property=\"og:locale\" content=\"fr_FR\" \/>\n<meta property=\"og:type\" content=\"article\" \/>\n<meta property=\"og:title\" content=\"\u00c9thique et affiliation sur le march\u00e9 des loteries\" \/>\n<meta property=\"og:description\" content=\"Il existe de nombreux programmes d&#039;affiliation de loteries qui volent l&#039;argent de leurs affili\u00e9s. C&#039;est pourquoi le sujet de l&#039;\u00e9thique commerciale est important pour nous.\" \/>\n<meta property=\"og:url\" content=\"https:\/\/redfoxaffiliates.com\/ethics-and-affiliate-marketing-programs\/\" \/>\n<meta property=\"og:site_name\" content=\"RedFoxLotto Affiliate Program\" \/>\n<meta name=\"twitter:card\" content=\"summary_large_image\" \/>\n<meta name=\"twitter:label1\" content=\"Dur\u00e9e de lecture estim\u00e9e\" \/>\n\t<meta name=\"twitter:data1\" content=\"2 minutes\" \/>\n<script type=\"application\/ld+json\" class=\"yoast-schema-graph\">{\"@context\":\"https:\/\/schema.org\",\"@graph\":[{\"@type\":\"WebPage\",\"@id\":\"https:\/\/redfoxaffiliates.com\/ethics-and-affiliate-marketing-programs\/\",\"url\":\"https:\/\/redfoxaffiliates.com\/ethics-and-affiliate-marketing-programs\/\",\"name\":\"\u00c9thique et affiliation sur le march\u00e9 des loteries\",\"isPartOf\":{\"@id\":\"https:\/\/redfoxaffiliates.com\/#website\"},\"datePublished\":\"2026-01-01T20:16:49+00:00\",\"dateModified\":\"2026-01-01T20:16:49+00:00\",\"description\":\"Il existe de nombreux programmes d'affiliation de loteries qui volent l'argent de leurs affili\u00e9s. C'est pourquoi le sujet de l'\u00e9thique commerciale est important pour nous.\",\"breadcrumb\":{\"@id\":\"https:\/\/redfoxaffiliates.com\/ethics-and-affiliate-marketing-programs\/#breadcrumb\"},\"inLanguage\":\"fr-FR\",\"potentialAction\":[{\"@type\":\"ReadAction\",\"target\":[\"https:\/\/redfoxaffiliates.com\/ethics-and-affiliate-marketing-programs\/\"]}]},{\"@type\":\"BreadcrumbList\",\"@id\":\"https:\/\/redfoxaffiliates.com\/ethics-and-affiliate-marketing-programs\/#breadcrumb\",\"itemListElement\":[{\"@type\":\"ListItem\",\"position\":1,\"name\":\"Home\",\"item\":\"https:\/\/redfoxaffiliates.com\/fr\/accueil\/\"},{\"@type\":\"ListItem\",\"position\":2,\"name\":\"\u00c0 propos de l&rsquo;\u00e9thique dans les programmes de marketing d&rsquo;affiliation\"}]},{\"@type\":\"WebSite\",\"@id\":\"https:\/\/redfoxaffiliates.com\/#website\",\"url\":\"https:\/\/redfoxaffiliates.com\/\",\"name\":\"RedFoxLotto Affiliate Program\",\"description\":\"The site for marketing partners of RedFoxLotto.com\",\"potentialAction\":[{\"@type\":\"SearchAction\",\"target\":{\"@type\":\"EntryPoint\",\"urlTemplate\":\"https:\/\/redfoxaffiliates.com\/?s={search_term_string}\"},\"query-input\":\"required name=search_term_string\"}],\"inLanguage\":\"fr-FR\"}]}<\/script>\n<!-- \/ Yoast SEO plugin. -->","yoast_head_json":{"title":"\u00c9thique et affiliation sur le march\u00e9 des loteries","description":"Il existe de nombreux programmes d'affiliation de loteries qui volent l'argent de leurs affili\u00e9s. C'est pourquoi le sujet de l'\u00e9thique commerciale est important pour nous.","robots":{"index":"index","follow":"follow","max-snippet":"max-snippet:-1","max-image-preview":"max-image-preview:large","max-video-preview":"max-video-preview:-1"},"canonical":"https:\/\/redfoxaffiliates.com\/ethics-and-affiliate-marketing-programs\/","og_locale":"fr_FR","og_type":"article","og_title":"\u00c9thique et affiliation sur le march\u00e9 des loteries","og_description":"Il existe de nombreux programmes d'affiliation de loteries qui volent l'argent de leurs affili\u00e9s. C'est pourquoi le sujet de l'\u00e9thique commerciale est important pour nous.","og_url":"https:\/\/redfoxaffiliates.com\/ethics-and-affiliate-marketing-programs\/","og_site_name":"RedFoxLotto Affiliate Program","twitter_card":"summary_large_image","twitter_misc":{"Dur\u00e9e de lecture estim\u00e9e":"2 minutes"},"schema":{"@context":"https:\/\/schema.org","@graph":[{"@type":"WebPage","@id":"https:\/\/redfoxaffiliates.com\/ethics-and-affiliate-marketing-programs\/","url":"https:\/\/redfoxaffiliates.com\/ethics-and-affiliate-marketing-programs\/","name":"\u00c9thique et affiliation sur le march\u00e9 des loteries","isPartOf":{"@id":"https:\/\/redfoxaffiliates.com\/#website"},"datePublished":"2026-01-01T20:16:49+00:00","dateModified":"2026-01-01T20:16:49+00:00","description":"Il existe de nombreux programmes d'affiliation de loteries qui volent l'argent de leurs affili\u00e9s. C'est pourquoi le sujet de l'\u00e9thique commerciale est important pour nous.","breadcrumb":{"@id":"https:\/\/redfoxaffiliates.com\/ethics-and-affiliate-marketing-programs\/#breadcrumb"},"inLanguage":"fr-FR","potentialAction":[{"@type":"ReadAction","target":["https:\/\/redfoxaffiliates.com\/ethics-and-affiliate-marketing-programs\/"]}]},{"@type":"BreadcrumbList","@id":"https:\/\/redfoxaffiliates.com\/ethics-and-affiliate-marketing-programs\/#breadcrumb","itemListElement":[{"@type":"ListItem","position":1,"name":"Home","item":"https:\/\/redfoxaffiliates.com\/fr\/accueil\/"},{"@type":"ListItem","position":2,"name":"\u00c0 propos de l&rsquo;\u00e9thique dans les programmes de marketing d&rsquo;affiliation"}]},{"@type":"WebSite","@id":"https:\/\/redfoxaffiliates.com\/#website","url":"https:\/\/redfoxaffiliates.com\/","name":"RedFoxLotto Affiliate Program","description":"The site for marketing partners of RedFoxLotto.com","potentialAction":[{"@type":"SearchAction","target":{"@type":"EntryPoint","urlTemplate":"https:\/\/redfoxaffiliates.com\/?s={search_term_string}"},"query-input":"required name=search_term_string"}],"inLanguage":"fr-FR"}]}},"_links":{"self":[{"href":"https:\/\/redfoxaffiliates.com\/fr\/wp-json\/wp\/v2\/pages\/354","targetHints":{"allow":["GET"]}}],"collection":[{"href":"https:\/\/redfoxaffiliates.com\/fr\/wp-json\/wp\/v2\/pages"}],"about":[{"href":"https:\/\/redfoxaffiliates.com\/fr\/wp-json\/wp\/v2\/types\/page"}],"author":[{"embeddable":true,"href":"https:\/\/redfoxaffiliates.com\/fr\/wp-json\/wp\/v2\/users\/1"}],"replies":[{"embeddable":true,"href":"https:\/\/redfoxaffiliates.com\/fr\/wp-json\/wp\/v2\/comments?post=354"}],"version-history":[{"count":0,"href":"https:\/\/redfoxaffiliates.com\/fr\/wp-json\/wp\/v2\/pages\/354\/revisions"}],"wp:attachment":[{"href":"https:\/\/redfoxaffiliates.com\/fr\/wp-json\/wp\/v2\/media?parent=354"}],"curies":[{"name":"wp","href":"https:\/\/api.w.org\/{rel}","templated":true}]}}