{"id":331,"date":"2026-01-01T21:15:19","date_gmt":"2026-01-01T20:15:19","guid":{"rendered":"https:\/\/redfoxaffiliates.com\/comment-demarrer-une-activite-daffiliation-en-ligne\/"},"modified":"2026-01-01T21:15:19","modified_gmt":"2026-01-01T20:15:19","slug":"comment-demarrer-une-activite-daffiliation-en-ligne","status":"publish","type":"page","link":"https:\/\/redfoxaffiliates.com\/fr\/comment-demarrer-une-activite-daffiliation-en-ligne\/","title":{"rendered":"Comment d\u00e9marrer une activit\u00e9 d&rsquo;affiliation en ligne"},"content":{"rendered":"<h2>Qu&rsquo;est-ce que le marketing d&rsquo;affiliation\u00a0?<\/h2>\n<p>De nombreux vendeurs en ligne proposent des programmes d&rsquo;affiliation. N&rsquo;importe qui peut cr\u00e9er un compte affili\u00e9 et commencer \u00e0 promouvoir leurs produits en ligne. Le promoteur (vous) per\u00e7oit une commission pour chaque client achet\u00e9 par le vendeur.<\/p>\n<p>Consultez le menu \u00e0 droite. Vous y trouverez un lien vers un tutoriel PDF pour d\u00e9butants expliquant comment se lancer dans le marketing d&rsquo;affiliation, m\u00eame sans investissement initial.<\/p>\n<h2>Comment \u00eates-vous r\u00e9mun\u00e9r\u00e9\u00a0?<\/h2>\n<p>Une fois inscrit au programme d&rsquo;affiliation, vous pouvez t\u00e9l\u00e9charger des liens de suivi et\/ou des banni\u00e8res avec \u00ab\u00a0liens de suivi\u00a0\u00bb sur le site web de l&rsquo;affili\u00e9. Vous pouvez les int\u00e9grer \u00e0 votre site web\u00a0; lorsqu&rsquo;un visiteur clique sur le lien, le vendeur sait quel affili\u00e9 a r\u00e9f\u00e9r\u00e9 le client gr\u00e2ce \u00e0 l&rsquo;identifiant du lien.<\/p>\n<p>Il existe deux mod\u00e8les principaux de collaboration avec le programme d&rsquo;affiliation\u00a0:<\/p>\n<p>CPA (Co\u00fbt par Acquisition)\u00a0: l&rsquo;affili\u00e9 re\u00e7oit un montant fixe lorsqu&rsquo;un nouveau client atteint un seuil de vente d\u00e9fini.<\/p>\n<p>Partage des revenus (\u00e9galement appel\u00e9 MGR)\u00a0: l&rsquo;affili\u00e9 per\u00e7oit un pourcentage du chiffre d&rsquo;affaires. Selon les conditions g\u00e9n\u00e9rales, vous recevrez une commission sur toutes les ventes futures, ou seulement pendant une p\u00e9riode d\u00e9termin\u00e9e.<\/p>\n<h2>Comment promouvoir ces vendeurs\u00a0?<\/h2>\n<p>Pour d\u00e9buter en marketing d&rsquo;affiliation, il vous faut avant tout un site web qui g\u00e9n\u00e8re du trafic. Consultez le paragraphe \u00ab\u00a0\u00c9laborez un plan\u00a0\u00bb ci-dessous\u00a0! L&rsquo;essentiel est d&rsquo;attirer du trafic sur votre site.<\/p>\n<p>Ce site peut \u00eatre d\u00e9di\u00e9 \u00e0 un produit sp\u00e9cifique (celui que vous souhaitez promouvoir) ou aborder n&rsquo;importe quel sujet, pourvu qu&rsquo;il g\u00e9n\u00e8re suffisamment de trafic. Exemple\u00a0: vous cr\u00e9ez un site web sur un sujet que vous ma\u00eetrisez, comme la plong\u00e9e. Vous y publiez du contenu de qualit\u00e9 et les internautes le visitent. Vous commencez ensuite \u00e0 promouvoir un site de vente en ligne sp\u00e9cialis\u00e9 dans le mat\u00e9riel de plong\u00e9e. \u00c0 chaque fois qu&rsquo;un visiteur passe de votre site au site du vendeur et effectue un achat, vous touchez une commission.<\/p>\n<h2>Marketing sur les r\u00e9seaux sociaux<\/h2>\n<p>Si vous avez une audience sur les r\u00e9seaux sociaux, un site web n&rsquo;est peut-\u00eatre m\u00eame pas n\u00e9cessaire. Vous pouvez utiliser les m\u00eames liens d&rsquo;affiliation tra\u00e7ables pour promouvoir les produits du vendeur. Et si votre audience est internationale, c&rsquo;est encore mieux. De nombreux pays proposent des loteries aux gains modestes, voire aucune loterie du tout. Les r\u00e9sidents de ces pays constituent la client\u00e8le id\u00e9ale pour notre service de loterie.<\/p>\n<h2>Deux sc\u00e9narios principaux se pr\u00e9sentent\u00a0:<\/h2>\n<p>Si vous poss\u00e9dez un site web proposant une grande vari\u00e9t\u00e9 d&rsquo;articles et attirant des milliers de visiteurs chaque jour, vous pouvez y vendre quasiment n&rsquo;importe quel produit. Le nombre important de visiteurs g\u00e9n\u00e9rerait des revenus consid\u00e9rables. De plus, notre programme d&rsquo;affiliation est parfaitement adapt\u00e9 \u00e0 tout site web, car, apr\u00e8s tout, qui n&rsquo;aime pas la loterie\u00a0?<\/p>\n<p>Si vous poss\u00e9dez, par exemple, un site web d\u00e9di\u00e9 \u00e0 la loterie, vous aurez probablement moins de visiteurs. Cependant, le trafic est plus cibl\u00e9\u00a0: vos visiteurs sont plus susceptibles d&rsquo;acheter les billets de loterie que vous promouvez. M\u00eame avec seulement 10 visiteurs par jour, vous g\u00e9n\u00e9rerez des revenus. Et il y a un avantage certain \u00e0 jouer \u00e0 la loterie\u00a0: on a tendance \u00e0 y jouer longtemps. Une fois que vous aurez orient\u00e9 un certain nombre de clients vers notre programme d&rsquo;affiliation, vous b\u00e9n\u00e9ficierez d&rsquo;un flux de revenus relativement stable.<\/p>\n<h2>Comment attirer des visiteurs sur votre site web ?<\/h2>\n<p>Pour attirer des visiteurs, vous aurez besoin d&rsquo;articles de qualit\u00e9 sur votre site web, fournissant des informations utiles \u00e0 vos lecteurs. Il est \u00e9galement essentiel de ma\u00eetriser les bases du SEO (Search Engine Optimization). En effet, il existe des \u00ab r\u00e8gles \u00bb sp\u00e9cifiques \u00e0 conna\u00eetre pour garantir un bon positionnement de vos pages sur Google pour les mots-cl\u00e9s pertinents, et ainsi g\u00e9n\u00e9rer du trafic. Dans le milieu de l&rsquo;affiliation, on parle de \u00ab g\u00e9n\u00e9rer du trafic \u00bb.<\/p>\n<p>Le SEO n&rsquo;est pas sorcier. Il suffit de rechercher \u00ab bases du SEO \u00bb sur Google et de vous documenter pour apprendre les r\u00e8gles essentielles \u00e0 la cr\u00e9ation de vos articles et perfectionner vos comp\u00e9tences par la suite.<\/p>\n<h2>L&rsquo;importance d&rsquo;une liste de diffusion<\/h2>\n<p>Configurez toujours votre site web de mani\u00e8re \u00e0 inciter les visiteurs \u00e0 s&rsquo;inscrire ou \u00e0 laisser leur adresse e-mail. Constituez une liste et utilisez-la pour envoyer des e-mails promotionnels concernant des \u00e9v\u00e9nements sp\u00e9ciaux, des soldes, etc. Si vous poss\u00e9dez d\u00e9j\u00e0 une liste, un site web n&rsquo;est peut-\u00eatre m\u00eame pas n\u00e9cessaire pour devenir affili\u00e9. En revanche, n&rsquo;achetez pas de listes sur des sites de vente d&rsquo;adresses e-mail douteux\u00a0: cela n&rsquo;en vaut pas la peine.<\/p>\n<h2>Combien co\u00fbte le lancement d&rsquo;une activit\u00e9 de marketing d&rsquo;affiliation\u00a0?<\/h2>\n<p>R\u00e9ponse simple\u00a0: rien ou presque\u00a0!<\/p>\n<p>Il vous suffit d&rsquo;un nom de domaine et d&rsquo;un h\u00e9bergement web. En tant que d\u00e9butant, vous n&rsquo;avez pas besoin de votre propre serveur\u00a0; un h\u00e9bergement web basique, disponible \u00e0 partir de 2\u00a0\u20ac par mois, est suffisant pour commencer.<\/p>\n<p>Choisissez un h\u00e9bergeur fiable et un nom de domaine disponible. R\u00e9fl\u00e9chissez bien au nom de votre domaine avant de le commander. Ensuite, choisissez une formule d&rsquo;h\u00e9bergement basique. Cr\u00e9ez un compte et payez-le. Connectez-vous ensuite \u00e0 votre espace client et explorez les fonctionnalit\u00e9s. Un conseil\u00a0: recherchez l&rsquo;option \u00ab\u00a0Protection de la vie priv\u00e9e du domaine\u00a0\u00bb. Elle est utile si, pour une raison ou une autre, vous souhaitez que personne ne sache que vous \u00eates propri\u00e9taire et administrateur de ce site web et de l&rsquo;affiliation.<\/p>\n<h2>Activit\u00e9s li\u00e9es \u00e0 WordPress.<\/h2>\n<p>Nous vous recommandons de commencer par installer un site WordPress \u00e0 l&rsquo;aide d&rsquo;un mod\u00e8le gratuit. WordPress est un syst\u00e8me de gestion de contenu (CMS) qui cr\u00e9e automatiquement votre site web et vous permet de le g\u00e9rer. Les fournisseurs d&rsquo;h\u00e9bergement web proposent des outils simples pour configurer un site WordPress en quelques secondes. Aucune comp\u00e9tence en programmation n&rsquo;est requise\u00a0!<\/p>\n<p>Consultez le tutoriel d&rsquo;introduction pour d\u00e9couvrir les fonctionnalit\u00e9s essentielles de WordPress. Quelques heures suffisent pour acqu\u00e9rir les comp\u00e9tences de base n\u00e9cessaires \u00e0 la gestion d&rsquo;un site web simple. Vous trouverez une documentation d\u00e9taill\u00e9e sur le site web de WordPress, ainsi qu&rsquo;un forum o\u00f9 vous pourrez obtenir de l&rsquo;aide aupr\u00e8s d&rsquo;utilisateurs plus exp\u00e9riment\u00e9s.<\/p>\n<h2>Combien d&rsquo;argent peut-on gagner en tant qu&rsquo;affili\u00e9\u00a0?<\/h2>\n<p>Cela d\u00e9pend beaucoup de votre implication et de vos performances. Certains affili\u00e9s gagnent des millions, d&rsquo;autres tr\u00e8s peu, mais beaucoup gagnent plusieurs centaines d&rsquo;euros par mois. Ne vous attendez pas \u00e0 gagner de l&rsquo;argent imm\u00e9diatement. Il faut du temps pour que votre site web attire des visiteurs. Si vous investissez le temps et les efforts n\u00e9cessaires, vous pourrez en vivre \u00e0 long terme.<\/p>\n<h2>Est-il possible de faire cela \u00e0 temps plein ou \u00e0 temps partiel\u00a0?<\/h2>\n<p>Chacun doit en d\u00e9cider pour lui-m\u00eame. Cependant, 90 % des affili\u00e9s rejoignent l&rsquo;activit\u00e9 \u00e0 temps partiel. Un grand nombre d&rsquo;entre eux passent \u00e0 un poste \u00e0 temps plein apr\u00e8s avoir acquis suffisamment de succ\u00e8s et d&rsquo;exp\u00e9rience dans le secteur.<\/p>\n<h2>Est-ce l\u00e9gal\u00a0?<\/h2>\n<p>Absolument, sauf si vous faites la promotion de produits ill\u00e9gaux dans votre pays de r\u00e9sidence. Dans ce cas, vous devez prendre des mesures pour vous prot\u00e9ger d&rsquo;\u00e9ventuels probl\u00e8mes. Consultez notamment la section \u00ab\u00a0Protection de la vie priv\u00e9e du domaine\u00a0\u00bb ci-dessus. Veillez \u00e0 ne pas choisir un registraire de domaine et\/ou un service d&rsquo;h\u00e9bergement dans un pays o\u00f9 votre site web serait ill\u00e9gal\u00a0!<\/p>\n<h2>Surtout\u00a0: \u00e9tablissez un plan\u00a0!<\/h2>\n<p>Avant de pouvoir gagner de l&rsquo;argent gr\u00e2ce \u00e0 un programme d&rsquo;affiliation, vous devez \u00e9laborer un plan solide et rassembler les informations essentielles. Vous avez peut-\u00eatre vu le film \u00ab\u00a0Field of Dreams\u00a0\u00bb avec Kevin Costner, dans lequel une voix venue du ciel dit\u00a0: \u00ab\u00a0Construisez-le, et ils viendront.\u00bb Si vous pensez pouvoir cr\u00e9er un site web sur n&rsquo;importe quel sujet et esp\u00e9rer gagner de l&rsquo;argent rapidement, vous serez d\u00e9\u00e7u.<\/p>\n<p>Mais si vous abordez la question avec un plan, vous pouvez gagner un bon revenu, et la promotion d&rsquo;un programme d&rsquo;affiliation est extr\u00eamement enrichissante. L&rsquo;id\u00e9al est de commencer \u00e0 temps partiel, et si cela fonctionne bien, vous pourrez facilement passer \u00e0 temps plein.<\/p>\n<h2>Votre plan doit inclure les \u00e9l\u00e9ments suivants\u00a0:<\/h2>\n<p>Choisissez un sujet qui vous passionne et sur lequel vous pouvez apporter des informations pr\u00e9cieuses \u00e0 vos lecteurs. Si vous d\u00e9butez, optez toujours pour un sujet de niche\u00a0: s&rsquo;il existe d\u00e9j\u00e0 de nombreux sites web traitant du m\u00eame sujet, il vous sera difficile de vous d\u00e9marquer. De plus, il sera ardu de vous positionner sur des mots-cl\u00e9s pertinents. Bien s\u00fbr, vous devez choisir un sujet qui correspond \u00e0 un produit disponible en ligne et proposant un programme d&rsquo;affiliation.<\/p>\n<p>\u00c9tablissez une liste de combinaisons de mots-cl\u00e9s que vos visiteurs potentiels pourraient rechercher sur Google. Sachez qu&rsquo;il est quasiment impossible d&rsquo;obtenir un bon classement pour des mots-cl\u00e9s g\u00e9n\u00e9riques comme \u00ab\u00a0loto en ligne\u00a0\u00bb. Privil\u00e9giez des expressions plus sp\u00e9cifiques. Un exemple extr\u00eame serait\u00a0: \u00ab\u00a0Peut-on participer au Powerball sans r\u00e9sider aux \u00c9tats-Unis\u00a0?\u00a0\u00bb<\/p>\n<p>Ensuite, choisissez la combinaison de mots-cl\u00e9s que vous ciblerez sur la page d&rsquo;accueil de votre site web. R\u00e9digez un article pour cette combinaison. Puis, \u00e9laborez un plan pour la structure de votre site. R\u00e9digez quelques articles suppl\u00e9mentaires pour d&rsquo;autres combinaisons de mots-cl\u00e9s.<\/p>\n<h2>\u00c0 partir de l\u00e0, concentrez-vous sur deux points\u00a0:<\/h2>\n<p>Obtenez des liens pointant vers votre site web. Les liens sont comme des votes positifs pour votre site\u00a0; des liens de qualit\u00e9 peuvent am\u00e9liorer votre r\u00e9f\u00e9rencement. Demandez des liens \u00e0 vos amis qui poss\u00e8dent des sites web, contactez d&rsquo;autres webmasters et proposez-leur d&rsquo;\u00e9crire un article en \u00e9change de liens, etc. Les meilleurs liens, cependant, viendront naturellement lorsque les internautes liront vos articles et cr\u00e9eront des liens vers votre page parce qu&rsquo;ils ont appr\u00e9ci\u00e9 votre contenu\u00a0!<\/p>\n<p>Cr\u00e9ez davantage de contenu (articles) optimis\u00e9 pour le r\u00e9f\u00e9rencement. Faites preuve d&rsquo;imagination et publiez r\u00e9guli\u00e8rement de nouveaux articles. Commencez par en publier 2 \u00e0 3 par semaine.<\/p>\n<p>En suivant ces \u00e9tapes, vous gagnerez en comp\u00e9tences et vos premiers visiteurs arriveront sur votre site web. Utilisez un service gratuit comme www.clicky.com ou Google Analytics pour analyser le nombre de visiteurs et leur comportement. Consultez r\u00e9guli\u00e8rement votre compte de programme d&rsquo;affiliation pour v\u00e9rifier si vous g\u00e9n\u00e9rez des revenus.<\/p>\n<p>Utilisez un service de r\u00e9f\u00e9rencement (SEO) pour trouver des mots-cl\u00e9s suppl\u00e9mentaires li\u00e9s \u00e0 votre mot-cl\u00e9 principal. Cr\u00e9ez du contenu optimis\u00e9 pour le SEO ciblant ces mots-cl\u00e9s. Plus de contenu g\u00e9n\u00e8re plus de trafic sur votre site web et augmente vos commissions.<\/p>\n<p>Avec le temps et vos efforts, vous constaterez tr\u00e8s certainement un impact positif sur le nombre de visiteurs et vos revenus.<\/p>\n<p><em>\u00c0 titre personnel<\/em>\u00a0: les cr\u00e9ateurs de RedFoxLotto et de son programme d&rsquo;affiliation ont d\u00e9but\u00e9 comme affili\u00e9s il y a plus de 15\u00a0ans. Depuis, leur succ\u00e8s ne s&rsquo;est jamais d\u00e9menti. Si vous leur demandez ce qu&rsquo;ils appr\u00e9cient dans cette activit\u00e9, ils vous r\u00e9pondront\u00a0:<\/p>\n<ul>\n<li>Un potentiel de gains illimit\u00e9 et international.<\/li>\n<li>Vous pouvez lancer votre activit\u00e9 de marketing d&rsquo;affiliation avec un investissement quasi nul.<\/li>\n<li>Elle peut vous assurer une ind\u00e9pendance financi\u00e8re.<\/li>\n<li>Vous pouvez travailler en ligne, o\u00f9 que vous soyez.<\/li>\n<\/ul>\n","protected":false},"excerpt":{"rendered":"<p>Qu&rsquo;est-ce que le marketing d&rsquo;affiliation\u00a0? De nombreux vendeurs en ligne proposent des programmes d&rsquo;affiliation. N&rsquo;importe qui peut cr\u00e9er un compte affili\u00e9 et commencer \u00e0 promouvoir leurs produits en ligne. Le promoteur (vous) per\u00e7oit une commission pour chaque client achet\u00e9 par le vendeur. Consultez le menu \u00e0 droite. Vous y trouverez<\/p>\n<p><a href=\"https:\/\/redfoxaffiliates.com\/fr\/comment-demarrer-une-activite-daffiliation-en-ligne\/\" class=\"more-link\">Continue Reading<span class=\"screen-reader-text\">Comment d\u00e9marrer une activit\u00e9 d&rsquo;affiliation en ligne<\/span><\/a><\/p>\n","protected":false},"author":1,"featured_media":0,"parent":0,"menu_order":6,"comment_status":"closed","ping_status":"closed","template":"","meta":{"footnotes":""},"class_list":["post-331","page","type-page","status-publish","hentry"],"yoast_head":"<!-- This site is optimized with the Yoast SEO plugin v22.4 - https:\/\/yoast.com\/wordpress\/plugins\/seo\/ -->\n<title>Comment d\u00e9marrer et d\u00e9velopper votre activit\u00e9 de marketing d&#039;affiliation en ligne<\/title>\n<meta name=\"description\" content=\"Une feuille de route vers le succ\u00e8s pour une activit\u00e9 d&#039;affiliation. Commencez \u00e0 gagner des commissions en ligne en devenant affili\u00e9 et partenaire marketing\" \/>\n<meta name=\"robots\" content=\"index, follow, max-snippet:-1, max-image-preview:large, max-video-preview:-1\" \/>\n<link rel=\"canonical\" href=\"https:\/\/redfoxaffiliates.com\/how-to-start-an-online-affiliate-marketing-business\/\" \/>\n<meta property=\"og:locale\" content=\"fr_FR\" \/>\n<meta property=\"og:type\" content=\"article\" \/>\n<meta property=\"og:title\" content=\"Comment d\u00e9marrer et d\u00e9velopper votre activit\u00e9 de marketing d&#039;affiliation en ligne\" \/>\n<meta property=\"og:description\" content=\"Une feuille de route vers le succ\u00e8s pour une activit\u00e9 d&#039;affiliation. Commencez \u00e0 gagner des commissions en ligne en devenant affili\u00e9 et partenaire marketing\" \/>\n<meta property=\"og:url\" content=\"https:\/\/redfoxaffiliates.com\/how-to-start-an-online-affiliate-marketing-business\/\" \/>\n<meta property=\"og:site_name\" content=\"RedFoxLotto Affiliate Program\" \/>\n<meta name=\"twitter:card\" content=\"summary_large_image\" \/>\n<meta name=\"twitter:label1\" content=\"Dur\u00e9e de lecture estim\u00e9e\" \/>\n\t<meta name=\"twitter:data1\" content=\"10 minutes\" \/>\n<script type=\"application\/ld+json\" class=\"yoast-schema-graph\">{\"@context\":\"https:\/\/schema.org\",\"@graph\":[{\"@type\":\"WebPage\",\"@id\":\"https:\/\/redfoxaffiliates.com\/how-to-start-an-online-affiliate-marketing-business\/\",\"url\":\"https:\/\/redfoxaffiliates.com\/how-to-start-an-online-affiliate-marketing-business\/\",\"name\":\"Comment d\u00e9marrer et d\u00e9velopper votre activit\u00e9 de marketing d'affiliation en ligne\",\"isPartOf\":{\"@id\":\"https:\/\/redfoxaffiliates.com\/#website\"},\"datePublished\":\"2026-01-01T20:15:19+00:00\",\"dateModified\":\"2026-01-01T20:15:19+00:00\",\"description\":\"Une feuille de route vers le succ\u00e8s pour une activit\u00e9 d'affiliation. Commencez \u00e0 gagner des commissions en ligne en devenant affili\u00e9 et partenaire marketing\",\"breadcrumb\":{\"@id\":\"https:\/\/redfoxaffiliates.com\/how-to-start-an-online-affiliate-marketing-business\/#breadcrumb\"},\"inLanguage\":\"fr-FR\",\"potentialAction\":[{\"@type\":\"ReadAction\",\"target\":[\"https:\/\/redfoxaffiliates.com\/how-to-start-an-online-affiliate-marketing-business\/\"]}]},{\"@type\":\"BreadcrumbList\",\"@id\":\"https:\/\/redfoxaffiliates.com\/how-to-start-an-online-affiliate-marketing-business\/#breadcrumb\",\"itemListElement\":[{\"@type\":\"ListItem\",\"position\":1,\"name\":\"Home\",\"item\":\"https:\/\/redfoxaffiliates.com\/fr\/accueil\/\"},{\"@type\":\"ListItem\",\"position\":2,\"name\":\"Comment d\u00e9marrer une activit\u00e9 d&rsquo;affiliation en ligne\"}]},{\"@type\":\"WebSite\",\"@id\":\"https:\/\/redfoxaffiliates.com\/#website\",\"url\":\"https:\/\/redfoxaffiliates.com\/\",\"name\":\"RedFoxLotto Affiliate Program\",\"description\":\"The site for marketing partners of RedFoxLotto.com\",\"potentialAction\":[{\"@type\":\"SearchAction\",\"target\":{\"@type\":\"EntryPoint\",\"urlTemplate\":\"https:\/\/redfoxaffiliates.com\/?s={search_term_string}\"},\"query-input\":\"required name=search_term_string\"}],\"inLanguage\":\"fr-FR\"}]}<\/script>\n<!-- \/ Yoast SEO plugin. -->","yoast_head_json":{"title":"Comment d\u00e9marrer et d\u00e9velopper votre activit\u00e9 de marketing d'affiliation en ligne","description":"Une feuille de route vers le succ\u00e8s pour une activit\u00e9 d'affiliation. Commencez \u00e0 gagner des commissions en ligne en devenant affili\u00e9 et partenaire marketing","robots":{"index":"index","follow":"follow","max-snippet":"max-snippet:-1","max-image-preview":"max-image-preview:large","max-video-preview":"max-video-preview:-1"},"canonical":"https:\/\/redfoxaffiliates.com\/how-to-start-an-online-affiliate-marketing-business\/","og_locale":"fr_FR","og_type":"article","og_title":"Comment d\u00e9marrer et d\u00e9velopper votre activit\u00e9 de marketing d'affiliation en ligne","og_description":"Une feuille de route vers le succ\u00e8s pour une activit\u00e9 d'affiliation. Commencez \u00e0 gagner des commissions en ligne en devenant affili\u00e9 et partenaire marketing","og_url":"https:\/\/redfoxaffiliates.com\/how-to-start-an-online-affiliate-marketing-business\/","og_site_name":"RedFoxLotto Affiliate Program","twitter_card":"summary_large_image","twitter_misc":{"Dur\u00e9e de lecture estim\u00e9e":"10 minutes"},"schema":{"@context":"https:\/\/schema.org","@graph":[{"@type":"WebPage","@id":"https:\/\/redfoxaffiliates.com\/how-to-start-an-online-affiliate-marketing-business\/","url":"https:\/\/redfoxaffiliates.com\/how-to-start-an-online-affiliate-marketing-business\/","name":"Comment d\u00e9marrer et d\u00e9velopper votre activit\u00e9 de marketing d'affiliation en ligne","isPartOf":{"@id":"https:\/\/redfoxaffiliates.com\/#website"},"datePublished":"2026-01-01T20:15:19+00:00","dateModified":"2026-01-01T20:15:19+00:00","description":"Une feuille de route vers le succ\u00e8s pour une activit\u00e9 d'affiliation. Commencez \u00e0 gagner des commissions en ligne en devenant affili\u00e9 et partenaire marketing","breadcrumb":{"@id":"https:\/\/redfoxaffiliates.com\/how-to-start-an-online-affiliate-marketing-business\/#breadcrumb"},"inLanguage":"fr-FR","potentialAction":[{"@type":"ReadAction","target":["https:\/\/redfoxaffiliates.com\/how-to-start-an-online-affiliate-marketing-business\/"]}]},{"@type":"BreadcrumbList","@id":"https:\/\/redfoxaffiliates.com\/how-to-start-an-online-affiliate-marketing-business\/#breadcrumb","itemListElement":[{"@type":"ListItem","position":1,"name":"Home","item":"https:\/\/redfoxaffiliates.com\/fr\/accueil\/"},{"@type":"ListItem","position":2,"name":"Comment d\u00e9marrer une activit\u00e9 d&rsquo;affiliation en ligne"}]},{"@type":"WebSite","@id":"https:\/\/redfoxaffiliates.com\/#website","url":"https:\/\/redfoxaffiliates.com\/","name":"RedFoxLotto Affiliate Program","description":"The site for marketing partners of RedFoxLotto.com","potentialAction":[{"@type":"SearchAction","target":{"@type":"EntryPoint","urlTemplate":"https:\/\/redfoxaffiliates.com\/?s={search_term_string}"},"query-input":"required name=search_term_string"}],"inLanguage":"fr-FR"}]}},"_links":{"self":[{"href":"https:\/\/redfoxaffiliates.com\/fr\/wp-json\/wp\/v2\/pages\/331","targetHints":{"allow":["GET"]}}],"collection":[{"href":"https:\/\/redfoxaffiliates.com\/fr\/wp-json\/wp\/v2\/pages"}],"about":[{"href":"https:\/\/redfoxaffiliates.com\/fr\/wp-json\/wp\/v2\/types\/page"}],"author":[{"embeddable":true,"href":"https:\/\/redfoxaffiliates.com\/fr\/wp-json\/wp\/v2\/users\/1"}],"replies":[{"embeddable":true,"href":"https:\/\/redfoxaffiliates.com\/fr\/wp-json\/wp\/v2\/comments?post=331"}],"version-history":[{"count":0,"href":"https:\/\/redfoxaffiliates.com\/fr\/wp-json\/wp\/v2\/pages\/331\/revisions"}],"wp:attachment":[{"href":"https:\/\/redfoxaffiliates.com\/fr\/wp-json\/wp\/v2\/media?parent=331"}],"curies":[{"name":"wp","href":"https:\/\/api.w.org\/{rel}","templated":true}]}}