{"id":308,"date":"2023-07-15T13:46:59","date_gmt":"2023-07-15T11:46:59","guid":{"rendered":"https:\/\/redfoxaffiliates.com\/faq\/"},"modified":"2023-07-15T13:46:59","modified_gmt":"2023-07-15T11:46:59","slug":"faq","status":"publish","type":"page","link":"https:\/\/redfoxaffiliates.com\/fr\/faq\/","title":{"rendered":"FAQ"},"content":{"rendered":"<h2>Que signifie \u00ab affiliation \u00bb ?<\/h2>\n<p>L&rsquo;affiliation est une strat\u00e9gie marketing. De nombreux produits, services et sites Web ont recours \u00e0 des affili\u00e9s pour commercialiser leurs produits et services. Chaque affili\u00e9 de RedFoxLotto.com peut faire notre promotion.<\/p>\n<h2>Y a-t-il des frais ou des co\u00fbts d&rsquo;inscription ?<\/h2>\n<p>Non. L&rsquo;adh\u00e9sion \u00e0 notre programme d&rsquo;affiliation est enti\u00e8rement gratuite. Les seuls frais que vous aurez \u00e0 supporter sont ceux li\u00e9s \u00e0 la gestion de vos sites Web ou \u00e0 l&rsquo;acquisition de vos propres supports marketing.<\/p>\n<h2>Comment puis-je vous promouvoir ?<\/h2>\n<p>Vous pouvez utiliser toutes sortes de strat\u00e9gies en ligne et hors ligne. Voici deux des m\u00e9thodes les plus courantes :<\/p>\n<ul>\n<li>Vous pouvez cr\u00e9er un site web (li\u00e9 \u00e0 la loterie ou autre) et l&rsquo;utiliser pour promouvoir RedFoxLotto. G\u00e9n\u00e9rez du trafic en vous classant pour des mots-cl\u00e9s dans les recherches Google et faites la promotion de votre site sur les r\u00e9seaux sociaux. Plus votre site web g\u00e9n\u00e8re de trafic, plus il y a de clics vers RedFoxLotto, ce qui signifie plus d&rsquo;argent pour vous.<\/li>\n<li>Cr\u00e9ez un site web sur les loteries, utilisez des liens d&rsquo;affiliation pointant vers RedFoxLotto.com, puis faites la promotion de votre site web hors ligne.<\/li>\n<\/ul>\n<h2>Combien puis-je gagner ?<\/h2>\n<p>Il n&rsquo;y a pas de limite. Vous recevrez un pourcentage du montant net des ventes que vous g\u00e9n\u00e9rez. Et chaque mois o\u00f9 vous g\u00e9n\u00e9rez des commissions plus \u00e9lev\u00e9es, votre pourcentage augmentera. Lisez cet article pour plus de d\u00e9tails.<\/p>\n<h2>Qu&rsquo;est-ce qu&rsquo;un lien d&rsquo;affiliation ?<\/h2>\n<p>Un lien d&rsquo;affiliation est un lien qui contient un traceur, un identifiant d\u00e9di\u00e9 connect\u00e9 uniquement \u00e0 votre compte d&rsquo;affiliation. Vous int\u00e9grez ces liens sur votre site web. Ensuite, l&rsquo;un des visiteurs de votre site web clique dessus et effectue un achat sur RedFoxLotto.com. Notre syst\u00e8me d&rsquo;affiliation, gr\u00e2ce \u00e0 ce code de traceur, identifie ce nouveau client comme un client que vous avez amen\u00e9. Vous recevez une commission pour cette vente. Tout achat futur effectu\u00e9 par ce client vous rapportera \u00e9galement une autre commission.<\/p>\n<p>Chaque fois qu&rsquo;un client visite notre site en cliquant sur l&rsquo;un de vos liens d&rsquo;affiliation, un cookie est g\u00e9n\u00e9r\u00e9 sur son appareil. Cela garantit que s&rsquo;il n&rsquo;effectue pas d&rsquo;achat lors de sa premi\u00e8re visite, mais revient plus tard pour acheter des billets de loterie, il sera toujours identifi\u00e9 comme \u00ab votre \u00bb vente.<\/p>\n<h2>Qu&rsquo;en est-il de la connexion au compte d&rsquo;affiliation ?<\/h2>\n<p>Une fois que vous vous \u00eates inscrit sur notre site, nous examinerons votre inscription. Une fois cela fait, nous cr\u00e9erons un compte d&rsquo;affiliation pour vous. Ensuite, nous vous enverrons un e-mail avec une URL pour vous connecter \u00e0 votre compte d&rsquo;affiliation, avec un nom d&rsquo;utilisateur et un mot de passe temporaire. Apr\u00e8s vous \u00eatre connect\u00e9 \u00e0 votre compte (le backend d&rsquo;affiliation), vous pouvez modifier ce mot de passe et v\u00e9rifier si toutes vos donn\u00e9es personnelles sont correctes.<\/p>\n<p>Vous pourrez cr\u00e9er des campagnes avec des liens d&rsquo;affiliation d\u00e9di\u00e9s pour diff\u00e9rentes activit\u00e9s marketing. Supposons que vous ayez plusieurs sites web. Dans ce cas, vous souhaiterez cr\u00e9er une campagne par site web. Vous pourrez ainsi voir les performances de chaque site web s\u00e9par\u00e9ment.<\/p>\n<p>Dans le backend d&rsquo;affiliation, vous pouvez \u00e9galement consulter vos statistiques de visiteurs et vos rapports de commission. Les supports marketing que vous pouvez utiliser pour promouvoir nos produits peuvent \u00e9galement y \u00eatre t\u00e9l\u00e9charg\u00e9s.<\/p>\n<h2>Paiement des commissions<\/h2>\n<p>Le 15 de chaque mois, nous vous verserons les commissions que vous avez gagn\u00e9es au cours du mois pr\u00e9c\u00e9dent. Skrill, Neteller et les virements bancaires sont les m\u00e9thodes habituelles, mais d&rsquo;autres options peuvent \u00e9galement \u00eatre envisag\u00e9es.<\/p>\n","protected":false},"excerpt":{"rendered":"<p>Que signifie \u00ab affiliation \u00bb ? L&rsquo;affiliation est une strat\u00e9gie marketing. De nombreux produits, services et sites Web ont recours \u00e0 des affili\u00e9s pour commercialiser leurs produits et services. Chaque affili\u00e9 de RedFoxLotto.com peut faire notre promotion. Y a-t-il des frais ou des co\u00fbts d&rsquo;inscription ? Non. L&rsquo;adh\u00e9sion \u00e0 notre<\/p>\n<p><a href=\"https:\/\/redfoxaffiliates.com\/fr\/faq\/\" class=\"more-link\">Continue Reading<span class=\"screen-reader-text\">FAQ<\/span><\/a><\/p>\n","protected":false},"author":1,"featured_media":0,"parent":0,"menu_order":3,"comment_status":"closed","ping_status":"closed","template":"","meta":{"footnotes":""},"class_list":["post-308","page","type-page","status-publish","hentry"],"yoast_head":"<!-- This site is optimized with the Yoast SEO plugin v22.4 - https:\/\/yoast.com\/wordpress\/plugins\/seo\/ -->\n<title>Foire aux questions sur l&#039;affiliation sur le march\u00e9 des loteries<\/title>\n<meta name=\"description\" content=\"Trouvez les r\u00e9ponses \u00e0 vos questions sur l&#039;affiliation aux loteries en g\u00e9n\u00e9ral, et sur le programme d&#039;affiliation de RedFoxLotto en particulier.\" \/>\n<meta name=\"robots\" content=\"index, follow, max-snippet:-1, max-image-preview:large, max-video-preview:-1\" \/>\n<link rel=\"canonical\" href=\"https:\/\/redfoxaffiliates.com\/faq\/\" \/>\n<meta property=\"og:locale\" content=\"fr_FR\" \/>\n<meta property=\"og:type\" content=\"article\" \/>\n<meta property=\"og:title\" content=\"Foire aux questions sur l&#039;affiliation sur le march\u00e9 des loteries\" \/>\n<meta property=\"og:description\" content=\"Trouvez les r\u00e9ponses \u00e0 vos questions sur l&#039;affiliation aux loteries en g\u00e9n\u00e9ral, et sur le programme d&#039;affiliation de RedFoxLotto en particulier.\" \/>\n<meta property=\"og:url\" content=\"https:\/\/redfoxaffiliates.com\/faq\/\" \/>\n<meta property=\"og:site_name\" content=\"RedFoxLotto Affiliate Program\" \/>\n<meta name=\"twitter:card\" content=\"summary_large_image\" \/>\n<meta name=\"twitter:label1\" content=\"Dur\u00e9e de lecture estim\u00e9e\" \/>\n\t<meta name=\"twitter:data1\" content=\"3 minutes\" \/>\n<script type=\"application\/ld+json\" class=\"yoast-schema-graph\">{\"@context\":\"https:\/\/schema.org\",\"@graph\":[{\"@type\":\"WebPage\",\"@id\":\"https:\/\/redfoxaffiliates.com\/faq\/\",\"url\":\"https:\/\/redfoxaffiliates.com\/faq\/\",\"name\":\"Foire aux questions sur l'affiliation sur le march\u00e9 des loteries\",\"isPartOf\":{\"@id\":\"https:\/\/redfoxaffiliates.com\/#website\"},\"datePublished\":\"2023-07-15T11:46:59+00:00\",\"dateModified\":\"2023-07-15T11:46:59+00:00\",\"description\":\"Trouvez les r\u00e9ponses \u00e0 vos questions sur l'affiliation aux loteries en g\u00e9n\u00e9ral, et sur le programme d'affiliation de RedFoxLotto en particulier.\",\"breadcrumb\":{\"@id\":\"https:\/\/redfoxaffiliates.com\/faq\/#breadcrumb\"},\"inLanguage\":\"fr-FR\",\"potentialAction\":[{\"@type\":\"ReadAction\",\"target\":[\"https:\/\/redfoxaffiliates.com\/faq\/\"]}]},{\"@type\":\"BreadcrumbList\",\"@id\":\"https:\/\/redfoxaffiliates.com\/faq\/#breadcrumb\",\"itemListElement\":[{\"@type\":\"ListItem\",\"position\":1,\"name\":\"Home\",\"item\":\"https:\/\/redfoxaffiliates.com\/fr\/accueil\/\"},{\"@type\":\"ListItem\",\"position\":2,\"name\":\"FAQ\"}]},{\"@type\":\"WebSite\",\"@id\":\"https:\/\/redfoxaffiliates.com\/#website\",\"url\":\"https:\/\/redfoxaffiliates.com\/\",\"name\":\"RedFoxLotto Affiliate Program\",\"description\":\"The site for marketing partners of RedFoxLotto.com\",\"potentialAction\":[{\"@type\":\"SearchAction\",\"target\":{\"@type\":\"EntryPoint\",\"urlTemplate\":\"https:\/\/redfoxaffiliates.com\/?s={search_term_string}\"},\"query-input\":\"required name=search_term_string\"}],\"inLanguage\":\"fr-FR\"}]}<\/script>\n<!-- \/ Yoast SEO plugin. -->","yoast_head_json":{"title":"Foire aux questions sur l'affiliation sur le march\u00e9 des loteries","description":"Trouvez les r\u00e9ponses \u00e0 vos questions sur l'affiliation aux loteries en g\u00e9n\u00e9ral, et sur le programme d'affiliation de RedFoxLotto en particulier.","robots":{"index":"index","follow":"follow","max-snippet":"max-snippet:-1","max-image-preview":"max-image-preview:large","max-video-preview":"max-video-preview:-1"},"canonical":"https:\/\/redfoxaffiliates.com\/faq\/","og_locale":"fr_FR","og_type":"article","og_title":"Foire aux questions sur l'affiliation sur le march\u00e9 des loteries","og_description":"Trouvez les r\u00e9ponses \u00e0 vos questions sur l'affiliation aux loteries en g\u00e9n\u00e9ral, et sur le programme d'affiliation de RedFoxLotto en particulier.","og_url":"https:\/\/redfoxaffiliates.com\/faq\/","og_site_name":"RedFoxLotto Affiliate Program","twitter_card":"summary_large_image","twitter_misc":{"Dur\u00e9e de lecture estim\u00e9e":"3 minutes"},"schema":{"@context":"https:\/\/schema.org","@graph":[{"@type":"WebPage","@id":"https:\/\/redfoxaffiliates.com\/faq\/","url":"https:\/\/redfoxaffiliates.com\/faq\/","name":"Foire aux questions sur l'affiliation sur le march\u00e9 des loteries","isPartOf":{"@id":"https:\/\/redfoxaffiliates.com\/#website"},"datePublished":"2023-07-15T11:46:59+00:00","dateModified":"2023-07-15T11:46:59+00:00","description":"Trouvez les r\u00e9ponses \u00e0 vos questions sur l'affiliation aux loteries en g\u00e9n\u00e9ral, et sur le programme d'affiliation de RedFoxLotto en particulier.","breadcrumb":{"@id":"https:\/\/redfoxaffiliates.com\/faq\/#breadcrumb"},"inLanguage":"fr-FR","potentialAction":[{"@type":"ReadAction","target":["https:\/\/redfoxaffiliates.com\/faq\/"]}]},{"@type":"BreadcrumbList","@id":"https:\/\/redfoxaffiliates.com\/faq\/#breadcrumb","itemListElement":[{"@type":"ListItem","position":1,"name":"Home","item":"https:\/\/redfoxaffiliates.com\/fr\/accueil\/"},{"@type":"ListItem","position":2,"name":"FAQ"}]},{"@type":"WebSite","@id":"https:\/\/redfoxaffiliates.com\/#website","url":"https:\/\/redfoxaffiliates.com\/","name":"RedFoxLotto Affiliate Program","description":"The site for marketing partners of RedFoxLotto.com","potentialAction":[{"@type":"SearchAction","target":{"@type":"EntryPoint","urlTemplate":"https:\/\/redfoxaffiliates.com\/?s={search_term_string}"},"query-input":"required name=search_term_string"}],"inLanguage":"fr-FR"}]}},"_links":{"self":[{"href":"https:\/\/redfoxaffiliates.com\/fr\/wp-json\/wp\/v2\/pages\/308","targetHints":{"allow":["GET"]}}],"collection":[{"href":"https:\/\/redfoxaffiliates.com\/fr\/wp-json\/wp\/v2\/pages"}],"about":[{"href":"https:\/\/redfoxaffiliates.com\/fr\/wp-json\/wp\/v2\/types\/page"}],"author":[{"embeddable":true,"href":"https:\/\/redfoxaffiliates.com\/fr\/wp-json\/wp\/v2\/users\/1"}],"replies":[{"embeddable":true,"href":"https:\/\/redfoxaffiliates.com\/fr\/wp-json\/wp\/v2\/comments?post=308"}],"version-history":[{"count":0,"href":"https:\/\/redfoxaffiliates.com\/fr\/wp-json\/wp\/v2\/pages\/308\/revisions"}],"wp:attachment":[{"href":"https:\/\/redfoxaffiliates.com\/fr\/wp-json\/wp\/v2\/media?parent=308"}],"curies":[{"name":"wp","href":"https:\/\/api.w.org\/{rel}","templated":true}]}}