{"id":284,"date":"2023-07-15T13:37:01","date_gmt":"2023-07-15T11:37:01","guid":{"rendered":"https:\/\/redfoxaffiliates.com\/gagnez-de-largent-grace-au-marketing-daffiliation\/"},"modified":"2023-07-15T13:37:01","modified_gmt":"2023-07-15T11:37:01","slug":"gagnez-de-largent-grace-au-marketing-daffiliation","status":"publish","type":"page","link":"https:\/\/redfoxaffiliates.com\/fr\/gagnez-de-largent-grace-au-marketing-daffiliation\/","title":{"rendered":"Gagnez de l&rsquo;argent gr\u00e2ce au marketing d&rsquo;affiliation"},"content":{"rendered":"<h2>Gagnez des commissions &#8211; gagnez de l&rsquo;argent en faisant la promotion de RedFoxLotto en tant qu&rsquo;affili\u00e9.<\/h2>\n<p>Tout client que vous nous apportez restera votre client \u00e0 vie. Il n&rsquo;y a pas de limite de temps pour percevoir les commissions g\u00e9n\u00e9r\u00e9es par un client que vous avez apport\u00e9. Les clients ne seront jamais d\u00e9sassoci\u00e9s de votre compte d&rsquo;affili\u00e9. C&rsquo;est pourquoi notre programme d&rsquo;affiliation est le meilleur du secteur des loteries.<\/p>\n<p>Vos commissions seront vers\u00e9es sur la base d&rsquo;un partage des revenus, ce qui signifie que le volume des ventes de loterie g\u00e9n\u00e9r\u00e9 par vos parrainages en ligne d\u00e9terminera vos gains dans le cadre de notre programme d&rsquo;affiliation.<\/p>\n<p>Les quatre niveaux de commissions d&rsquo;affiliation sont les suivants :<br \/>\nventes brutes inf\u00e9rieures \u00e0 20 000,00 \u20ac : 8 % des ventes brutes<br \/>\nventes brutes comprises entre 20 000,00 \u20ac et 50 000,00 \u20ac : 10 % des ventes nettes<br \/>\nventes brutes sup\u00e9rieures \u00e0 50 000,00 \u20ac : 12 % des ventes nettes<\/p>\n<p>Le pourcentage de commission le plus \u00e9lev\u00e9 s&rsquo;applique uniquement au mois au cours duquel le montant total des commissions g\u00e9n\u00e9r\u00e9es d\u00e9passe le montant sp\u00e9cifi\u00e9. Si la commission est inf\u00e9rieure le mois suivant, le taux correspondant au montant actuel de la commission sera appliqu\u00e9.<\/p>\n<h2>Pourquoi pas de CPA ? Pourquoi un accord de partage des revenus est-il votre meilleure option ?<\/h2>\n<p>Si vous ne connaissez pas le terme CPA, il signifie \u00ab co\u00fbt par action \u00bb : vous recevez un paiement unique pour chaque client qui effectue son premier achat en ligne. Certains programmes d&rsquo;affiliation ne versent la commission CPA qu&rsquo;apr\u00e8s que le joueur ait atteint un montant minimum de d\u00e9penses.<\/p>\n<p>Cela dit, le mod\u00e8le de commission CPA n&rsquo;a aucun sens dans ce secteur sp\u00e9cifique. Tout d&rsquo;abord, la dur\u00e9e de vie d&rsquo;un premier d\u00e9posant est beaucoup plus longue que dans tout autre secteur des jeux d&rsquo;argent en ligne. Les joueurs de loterie ach\u00e8tent g\u00e9n\u00e9ralement des billets de loterie tout au long de leur vie. Deuxi\u00e8mement, nos meilleurs clients ach\u00e8tent des billets de loterie en ligne d&rsquo;une valeur de plusieurs centaines d&rsquo;euros en une seule transaction. Cela se produit plus souvent lorsque les jackpots sont tr\u00e8s \u00e9lev\u00e9s, et c&rsquo;est l&rsquo;une des raisons pour lesquelles, \u00e0 long terme, vous gagnerez plus d&rsquo;argent avec un programme d&rsquo;affiliation qui r\u00e9mun\u00e8re sur la base d&rsquo;un partage des revenus.<\/p>\n<p>En g\u00e9n\u00e9ral, dans le secteur des loteries, la meilleure chose \u00e0 faire est de promouvoir un programme de partenariat avec un pourcentage \u00e0 vie. Cependant, dans des cas exceptionnels, une fois que vous travaillez avec nous depuis un certain temps, un accord CPA peut \u00eatre discut\u00e9 en fonction des performances des clients que vous avez apport\u00e9s.<\/p>\n<h2>Commission de sous-affiliation<\/h2>\n<p>Pour chaque sous-affili\u00e9 que vous apportez, vous gagnerez 2 % de la valeur brute des ventes de loterie g\u00e9n\u00e9r\u00e9es par cet affili\u00e9.<\/p>\n","protected":false},"excerpt":{"rendered":"<p>Gagnez des commissions &#8211; gagnez de l&rsquo;argent en faisant la promotion de RedFoxLotto en tant qu&rsquo;affili\u00e9. Tout client que vous nous apportez restera votre client \u00e0 vie. Il n&rsquo;y a pas de limite de temps pour percevoir les commissions g\u00e9n\u00e9r\u00e9es par un client que vous avez apport\u00e9. Les clients ne<\/p>\n<p><a href=\"https:\/\/redfoxaffiliates.com\/fr\/gagnez-de-largent-grace-au-marketing-daffiliation\/\" class=\"more-link\">Continue Reading<span class=\"screen-reader-text\">Gagnez de l&rsquo;argent gr\u00e2ce au marketing d&rsquo;affiliation<\/span><\/a><\/p>\n","protected":false},"author":1,"featured_media":0,"parent":0,"menu_order":2,"comment_status":"closed","ping_status":"closed","template":"","meta":{"footnotes":""},"class_list":["post-284","page","type-page","status-publish","hentry"],"yoast_head":"<!-- This site is optimized with the Yoast SEO plugin v22.4 - https:\/\/yoast.com\/wordpress\/plugins\/seo\/ -->\n<title>Comment gagner de l&#039;argent avec notre programme d&#039;affiliation de loterie<\/title>\n<meta name=\"description\" content=\"Pour chaque parrainage, vous gagnez une commission \u00e0 vie sur tous leurs achats. D\u00e9couvrez combien vous pouvez gagner gr\u00e2ce \u00e0 notre programme d&#039;affiliation\" \/>\n<meta name=\"robots\" content=\"index, follow, max-snippet:-1, max-image-preview:large, max-video-preview:-1\" \/>\n<link rel=\"canonical\" href=\"https:\/\/redfoxaffiliates.com\/make-money-with-our-lottery-affliate-program\/\" \/>\n<meta property=\"og:locale\" content=\"fr_FR\" \/>\n<meta property=\"og:type\" content=\"article\" \/>\n<meta property=\"og:title\" content=\"Comment gagner de l&#039;argent avec notre programme d&#039;affiliation de loterie\" \/>\n<meta property=\"og:description\" content=\"Pour chaque parrainage, vous gagnez une commission \u00e0 vie sur tous leurs achats. D\u00e9couvrez combien vous pouvez gagner gr\u00e2ce \u00e0 notre programme d&#039;affiliation\" \/>\n<meta property=\"og:url\" content=\"https:\/\/redfoxaffiliates.com\/make-money-with-our-lottery-affliate-program\/\" \/>\n<meta property=\"og:site_name\" content=\"RedFoxLotto Affiliate Program\" \/>\n<meta name=\"twitter:card\" content=\"summary_large_image\" \/>\n<meta name=\"twitter:label1\" content=\"Dur\u00e9e de lecture estim\u00e9e\" \/>\n\t<meta name=\"twitter:data1\" content=\"2 minutes\" \/>\n<script type=\"application\/ld+json\" class=\"yoast-schema-graph\">{\"@context\":\"https:\/\/schema.org\",\"@graph\":[{\"@type\":\"WebPage\",\"@id\":\"https:\/\/redfoxaffiliates.com\/make-money-with-our-lottery-affliate-program\/\",\"url\":\"https:\/\/redfoxaffiliates.com\/make-money-with-our-lottery-affliate-program\/\",\"name\":\"Comment gagner de l'argent avec notre programme d'affiliation de loterie\",\"isPartOf\":{\"@id\":\"https:\/\/redfoxaffiliates.com\/#website\"},\"datePublished\":\"2023-07-15T11:37:01+00:00\",\"dateModified\":\"2023-07-15T11:37:01+00:00\",\"description\":\"Pour chaque parrainage, vous gagnez une commission \u00e0 vie sur tous leurs achats. D\u00e9couvrez combien vous pouvez gagner gr\u00e2ce \u00e0 notre programme d'affiliation\",\"breadcrumb\":{\"@id\":\"https:\/\/redfoxaffiliates.com\/make-money-with-our-lottery-affliate-program\/#breadcrumb\"},\"inLanguage\":\"fr-FR\",\"potentialAction\":[{\"@type\":\"ReadAction\",\"target\":[\"https:\/\/redfoxaffiliates.com\/make-money-with-our-lottery-affliate-program\/\"]}]},{\"@type\":\"BreadcrumbList\",\"@id\":\"https:\/\/redfoxaffiliates.com\/make-money-with-our-lottery-affliate-program\/#breadcrumb\",\"itemListElement\":[{\"@type\":\"ListItem\",\"position\":1,\"name\":\"Home\",\"item\":\"https:\/\/redfoxaffiliates.com\/fr\/accueil\/\"},{\"@type\":\"ListItem\",\"position\":2,\"name\":\"Gagnez de l&rsquo;argent gr\u00e2ce au marketing d&rsquo;affiliation\"}]},{\"@type\":\"WebSite\",\"@id\":\"https:\/\/redfoxaffiliates.com\/#website\",\"url\":\"https:\/\/redfoxaffiliates.com\/\",\"name\":\"RedFoxLotto Affiliate Program\",\"description\":\"The site for marketing partners of RedFoxLotto.com\",\"potentialAction\":[{\"@type\":\"SearchAction\",\"target\":{\"@type\":\"EntryPoint\",\"urlTemplate\":\"https:\/\/redfoxaffiliates.com\/?s={search_term_string}\"},\"query-input\":\"required name=search_term_string\"}],\"inLanguage\":\"fr-FR\"}]}<\/script>\n<!-- \/ Yoast SEO plugin. -->","yoast_head_json":{"title":"Comment gagner de l'argent avec notre programme d'affiliation de loterie","description":"Pour chaque parrainage, vous gagnez une commission \u00e0 vie sur tous leurs achats. D\u00e9couvrez combien vous pouvez gagner gr\u00e2ce \u00e0 notre programme d'affiliation","robots":{"index":"index","follow":"follow","max-snippet":"max-snippet:-1","max-image-preview":"max-image-preview:large","max-video-preview":"max-video-preview:-1"},"canonical":"https:\/\/redfoxaffiliates.com\/make-money-with-our-lottery-affliate-program\/","og_locale":"fr_FR","og_type":"article","og_title":"Comment gagner de l'argent avec notre programme d'affiliation de loterie","og_description":"Pour chaque parrainage, vous gagnez une commission \u00e0 vie sur tous leurs achats. D\u00e9couvrez combien vous pouvez gagner gr\u00e2ce \u00e0 notre programme d'affiliation","og_url":"https:\/\/redfoxaffiliates.com\/make-money-with-our-lottery-affliate-program\/","og_site_name":"RedFoxLotto Affiliate Program","twitter_card":"summary_large_image","twitter_misc":{"Dur\u00e9e de lecture estim\u00e9e":"2 minutes"},"schema":{"@context":"https:\/\/schema.org","@graph":[{"@type":"WebPage","@id":"https:\/\/redfoxaffiliates.com\/make-money-with-our-lottery-affliate-program\/","url":"https:\/\/redfoxaffiliates.com\/make-money-with-our-lottery-affliate-program\/","name":"Comment gagner de l'argent avec notre programme d'affiliation de loterie","isPartOf":{"@id":"https:\/\/redfoxaffiliates.com\/#website"},"datePublished":"2023-07-15T11:37:01+00:00","dateModified":"2023-07-15T11:37:01+00:00","description":"Pour chaque parrainage, vous gagnez une commission \u00e0 vie sur tous leurs achats. D\u00e9couvrez combien vous pouvez gagner gr\u00e2ce \u00e0 notre programme d'affiliation","breadcrumb":{"@id":"https:\/\/redfoxaffiliates.com\/make-money-with-our-lottery-affliate-program\/#breadcrumb"},"inLanguage":"fr-FR","potentialAction":[{"@type":"ReadAction","target":["https:\/\/redfoxaffiliates.com\/make-money-with-our-lottery-affliate-program\/"]}]},{"@type":"BreadcrumbList","@id":"https:\/\/redfoxaffiliates.com\/make-money-with-our-lottery-affliate-program\/#breadcrumb","itemListElement":[{"@type":"ListItem","position":1,"name":"Home","item":"https:\/\/redfoxaffiliates.com\/fr\/accueil\/"},{"@type":"ListItem","position":2,"name":"Gagnez de l&rsquo;argent gr\u00e2ce au marketing d&rsquo;affiliation"}]},{"@type":"WebSite","@id":"https:\/\/redfoxaffiliates.com\/#website","url":"https:\/\/redfoxaffiliates.com\/","name":"RedFoxLotto Affiliate Program","description":"The site for marketing partners of RedFoxLotto.com","potentialAction":[{"@type":"SearchAction","target":{"@type":"EntryPoint","urlTemplate":"https:\/\/redfoxaffiliates.com\/?s={search_term_string}"},"query-input":"required name=search_term_string"}],"inLanguage":"fr-FR"}]}},"_links":{"self":[{"href":"https:\/\/redfoxaffiliates.com\/fr\/wp-json\/wp\/v2\/pages\/284","targetHints":{"allow":["GET"]}}],"collection":[{"href":"https:\/\/redfoxaffiliates.com\/fr\/wp-json\/wp\/v2\/pages"}],"about":[{"href":"https:\/\/redfoxaffiliates.com\/fr\/wp-json\/wp\/v2\/types\/page"}],"author":[{"embeddable":true,"href":"https:\/\/redfoxaffiliates.com\/fr\/wp-json\/wp\/v2\/users\/1"}],"replies":[{"embeddable":true,"href":"https:\/\/redfoxaffiliates.com\/fr\/wp-json\/wp\/v2\/comments?post=284"}],"version-history":[{"count":0,"href":"https:\/\/redfoxaffiliates.com\/fr\/wp-json\/wp\/v2\/pages\/284\/revisions"}],"wp:attachment":[{"href":"https:\/\/redfoxaffiliates.com\/fr\/wp-json\/wp\/v2\/media?parent=284"}],"curies":[{"name":"wp","href":"https:\/\/api.w.org\/{rel}","templated":true}]}}