{"id":261,"date":"2023-07-15T13:33:10","date_gmt":"2023-07-15T11:33:10","guid":{"rendered":"https:\/\/redfoxaffiliates.com\/pourquoi-devenir-affilie-a-une-loterie\/"},"modified":"2023-07-15T13:33:10","modified_gmt":"2023-07-15T11:33:10","slug":"pourquoi-devenir-affilie-a-une-loterie","status":"publish","type":"page","link":"https:\/\/redfoxaffiliates.com\/fr\/pourquoi-devenir-affilie-a-une-loterie\/","title":{"rendered":"Pourquoi devenir affili\u00e9 \u00e0 une loterie ?"},"content":{"rendered":"<h2>Quel est notre produit ?<\/h2>\n<p>RedFoxLotto vend des billets de loterie en ligne. Nous offrons \u00e0 nos clients du monde entier la possibilit\u00e9 de participer \u00e0 des loteries avec des jackpots \u00e9normes, telles que le Mega Millions et le Powerball aux \u00c9tats-Unis, et les grandes loteries europ\u00e9ennes comme l&rsquo;EuroMillions, l&rsquo;EuroJackpot et le SuperEnalotto.<\/p>\n<p>Gr\u00e2ce \u00e0 nous, les clients peuvent acheter des billets pour des loteries dans d&rsquo;autres pays que le leur. Pour ce faire, nous travaillons avec plusieurs agents situ\u00e9s dans les pays o\u00f9 les loteries sont organis\u00e9es. Une fois qu&rsquo;un billet est command\u00e9 en ligne, l&rsquo;un de nos agents l&rsquo;ach\u00e8te pour nos clients. Une fois cela fait, nous confirmons l&rsquo;achat \u00e0 notre client. Chaque fois qu&rsquo;un billet est achet\u00e9 par notre interm\u00e9diaire, nous traitons \u00e9galement les paiements \u00e0 nos clients.<\/p>\n<p>Vous avez peut-\u00eatre d\u00e9j\u00e0 entendu parler du \u00ab march\u00e9 secondaire des loteries \u00bb : c&rsquo;est le terme utilis\u00e9 pour d\u00e9signer ce march\u00e9. Industrie pesant plusieurs milliards de dollars, la loterie ne se limite pas aux offres locales (\u00e0 supposer qu&rsquo;il existe une loterie dans le pays de r\u00e9sidence). La demande pour notre service de billetterie est tr\u00e8s forte. En particulier lorsque des jackpots atteignant des montants colossaux font la une des journaux dans le monde entier, les billets en ligne \u00ab s&rsquo;arrachent \u00bb, pour ainsi dire.<\/p>\n<h2>Pourquoi promouvoir RedFoxLotto ?<\/h2>\n<h3>D&rsquo;excellents taux de conversion<\/h3>\n<p>Notre site, https:\/\/redfoxlotto.com, a \u00e9t\u00e9 optimis\u00e9 afin de rendre le processus d&rsquo;achat aussi simple que possible. Cela est important pour garantir un taux de conversion \u00e9lev\u00e9. Plus nous convertissons votre trafic, plus vous gagnez d&rsquo;argent.<\/p>\n<h2>Une excellente fid\u00e9lisation de la client\u00e8le<\/h2>\n<p>La valeur \u00e0 vie des clients est l&rsquo;un des meilleurs aspects de ce secteur. Un pourcentage \u00e9lev\u00e9 de nos clients reviennent et ach\u00e8tent davantage de billets semaine apr\u00e8s semaine, pendant des ann\u00e9es !<\/p>\n<h2>Une vari\u00e9t\u00e9 de moyens de paiement est tout aussi importante.<\/h2>\n<p>Nous nous effor\u00e7ons d&rsquo;offrir un large \u00e9ventail d&rsquo;options. Cela est important pour garantir que les visiteurs de tous les pays puissent facilement payer leurs billets. Cela dit, les paiements par carte de cr\u00e9dit repr\u00e9sentent toujours la part du lion de la plupart des ventes. Mais des options telles que Bitcoin et les portefeuilles \u00e9lectroniques deviennent de plus en plus importantes.<\/p>\n<p>Nous nous sommes engag\u00e9s \u00e0 g\u00e9rer un programme d&rsquo;affiliation honn\u00eate et \u00e9thique. La plupart des programmes de ce secteur sont connus pour tromper leurs affili\u00e9s d&rsquo;une mani\u00e8re ou d&rsquo;une autre. Un ancien affili\u00e9 a cr\u00e9\u00e9 la marque RedFoxLotto. Ce m\u00eame ancien affili\u00e9 est responsable du programme d&rsquo;affiliation. Veuillez lire notre article sur l&rsquo;affiliation et l&rsquo;\u00e9thique &#8211; il vous aidera \u00e0 mieux comprendre notre position.<\/p>\n<h2>Taux de commission sup\u00e9rieurs \u00e0 la norme du secteur<\/h2>\n<p>Gagnez jusqu&rsquo;\u00e0 12 % de la valeur brute des ventes g\u00e9n\u00e9r\u00e9es par vos filleuls.<\/p>\n<h2>Affiliation de deuxi\u00e8me niveau<\/h2>\n<p>Cela signifie que si vous recrutez des sous-affili\u00e9s suppl\u00e9mentaires, vous gagnerez \u00e9galement une commission de 2 % sur les ventes g\u00e9n\u00e9r\u00e9es par leurs filleuls.<\/p>\n<h2>Paiement ponctuel des commissions<\/h2>\n<p>Nous versons vos commissions du mois pr\u00e9c\u00e9dent le 15 du mois suivant. Vous pouvez choisir parmi plusieurs options de paiement.<\/p>\n<h2>Qui peut devenir affili\u00e9 et comment pouvez-vous nous promouvoir ?<\/h2>\n<p>Eh bien, litt\u00e9ralement tout le monde ! Vous avez peut-\u00eatre un site web li\u00e9 \u00e0 la loterie. Si tel est le cas, votre taux de conversion sera \u00e9lev\u00e9 car notre produit trouve un \u00e9cho aupr\u00e8s de votre public.<\/p>\n<p>Ou vous avez un site web sur un autre sujet et vous cherchez des moyens de mon\u00e9tiser votre trafic. Tout le monde aime jouer au loto, et vos gains d\u00e9pendront principalement du trafic g\u00e9n\u00e9r\u00e9 par votre site web.<\/p>\n<p>Les listes de diffusion sont un excellent outil pour g\u00e9n\u00e9rer de nouveaux clients. Nous ne tol\u00e9rons pas le spam, alors assurez-vous que votre liste de diffusion ne contient que des contacts qui ont accept\u00e9 de recevoir vos e-mails marketing.<\/p>\n<p>Certains de nos affili\u00e9s utilisent des strat\u00e9gies hors ligne pour nous promouvoir. Ils ont cr\u00e9\u00e9 leur propre site web de loterie avec des liens d&rsquo;affiliation renvoyant vers RedFoxLotto.com. Ils distribuent ensuite des flyers, des cartes de visite et d&rsquo;autres supports marketing pour promouvoir leur site web, g\u00e9n\u00e9rant ainsi du trafic et, au final, des ventes sur RedFoxLotto.com.<\/p>\n","protected":false},"excerpt":{"rendered":"<p>Quel est notre produit ? RedFoxLotto vend des billets de loterie en ligne. Nous offrons \u00e0 nos clients du monde entier la possibilit\u00e9 de participer \u00e0 des loteries avec des jackpots \u00e9normes, telles que le Mega Millions et le Powerball aux \u00c9tats-Unis, et les grandes loteries europ\u00e9ennes comme l&rsquo;EuroMillions, l&rsquo;EuroJackpot<\/p>\n<p><a href=\"https:\/\/redfoxaffiliates.com\/fr\/pourquoi-devenir-affilie-a-une-loterie\/\" class=\"more-link\">Continue Reading<span class=\"screen-reader-text\">Pourquoi devenir affili\u00e9 \u00e0 une loterie ?<\/span><\/a><\/p>\n","protected":false},"author":1,"featured_media":0,"parent":0,"menu_order":1,"comment_status":"closed","ping_status":"closed","template":"","meta":{"footnotes":""},"class_list":["post-261","page","type-page","status-publish","hentry"],"yoast_head":"<!-- This site is optimized with the Yoast SEO plugin v22.4 - https:\/\/yoast.com\/wordpress\/plugins\/seo\/ -->\n<title>Pourquoi rejoindre le programme d&#039;affiliation RedFoxLotto ?<\/title>\n<meta name=\"description\" content=\"Raisons de nous rejoindre et de devenir affili\u00e9 et partenaire commercial de RedFoxLotto. Gagnez des commissions sur chaque vente r\u00e9alis\u00e9e par vos clients r\u00e9f\u00e9r\u00e9s, \u00e0 vie !\" \/>\n<meta name=\"robots\" content=\"index, follow, max-snippet:-1, max-image-preview:large, max-video-preview:-1\" \/>\n<link rel=\"canonical\" href=\"https:\/\/redfoxaffiliates.com\/why-become-a-lottery-affiliate\/\" \/>\n<meta property=\"og:locale\" content=\"fr_FR\" \/>\n<meta property=\"og:type\" content=\"article\" \/>\n<meta property=\"og:title\" content=\"Pourquoi rejoindre le programme d&#039;affiliation RedFoxLotto ?\" \/>\n<meta property=\"og:description\" content=\"Raisons de nous rejoindre et de devenir affili\u00e9 et partenaire commercial de RedFoxLotto. Gagnez des commissions sur chaque vente r\u00e9alis\u00e9e par vos clients r\u00e9f\u00e9r\u00e9s, \u00e0 vie !\" \/>\n<meta property=\"og:url\" content=\"https:\/\/redfoxaffiliates.com\/why-become-a-lottery-affiliate\/\" \/>\n<meta property=\"og:site_name\" content=\"RedFoxLotto Affiliate Program\" \/>\n<meta name=\"twitter:card\" content=\"summary_large_image\" \/>\n<meta name=\"twitter:label1\" content=\"Dur\u00e9e de lecture estim\u00e9e\" \/>\n\t<meta name=\"twitter:data1\" content=\"4 minutes\" \/>\n<script type=\"application\/ld+json\" class=\"yoast-schema-graph\">{\"@context\":\"https:\/\/schema.org\",\"@graph\":[{\"@type\":\"WebPage\",\"@id\":\"https:\/\/redfoxaffiliates.com\/why-become-a-lottery-affiliate\/\",\"url\":\"https:\/\/redfoxaffiliates.com\/why-become-a-lottery-affiliate\/\",\"name\":\"Pourquoi rejoindre le programme d'affiliation RedFoxLotto ?\",\"isPartOf\":{\"@id\":\"https:\/\/redfoxaffiliates.com\/#website\"},\"datePublished\":\"2023-07-15T11:33:10+00:00\",\"dateModified\":\"2023-07-15T11:33:10+00:00\",\"description\":\"Raisons de nous rejoindre et de devenir affili\u00e9 et partenaire commercial de RedFoxLotto. Gagnez des commissions sur chaque vente r\u00e9alis\u00e9e par vos clients r\u00e9f\u00e9r\u00e9s, \u00e0 vie !\",\"breadcrumb\":{\"@id\":\"https:\/\/redfoxaffiliates.com\/why-become-a-lottery-affiliate\/#breadcrumb\"},\"inLanguage\":\"fr-FR\",\"potentialAction\":[{\"@type\":\"ReadAction\",\"target\":[\"https:\/\/redfoxaffiliates.com\/why-become-a-lottery-affiliate\/\"]}]},{\"@type\":\"BreadcrumbList\",\"@id\":\"https:\/\/redfoxaffiliates.com\/why-become-a-lottery-affiliate\/#breadcrumb\",\"itemListElement\":[{\"@type\":\"ListItem\",\"position\":1,\"name\":\"Home\",\"item\":\"https:\/\/redfoxaffiliates.com\/fr\/accueil\/\"},{\"@type\":\"ListItem\",\"position\":2,\"name\":\"Pourquoi devenir affili\u00e9 \u00e0 une loterie ?\"}]},{\"@type\":\"WebSite\",\"@id\":\"https:\/\/redfoxaffiliates.com\/#website\",\"url\":\"https:\/\/redfoxaffiliates.com\/\",\"name\":\"RedFoxLotto Affiliate Program\",\"description\":\"The site for marketing partners of RedFoxLotto.com\",\"potentialAction\":[{\"@type\":\"SearchAction\",\"target\":{\"@type\":\"EntryPoint\",\"urlTemplate\":\"https:\/\/redfoxaffiliates.com\/?s={search_term_string}\"},\"query-input\":\"required name=search_term_string\"}],\"inLanguage\":\"fr-FR\"}]}<\/script>\n<!-- \/ Yoast SEO plugin. -->","yoast_head_json":{"title":"Pourquoi rejoindre le programme d'affiliation RedFoxLotto ?","description":"Raisons de nous rejoindre et de devenir affili\u00e9 et partenaire commercial de RedFoxLotto. Gagnez des commissions sur chaque vente r\u00e9alis\u00e9e par vos clients r\u00e9f\u00e9r\u00e9s, \u00e0 vie !","robots":{"index":"index","follow":"follow","max-snippet":"max-snippet:-1","max-image-preview":"max-image-preview:large","max-video-preview":"max-video-preview:-1"},"canonical":"https:\/\/redfoxaffiliates.com\/why-become-a-lottery-affiliate\/","og_locale":"fr_FR","og_type":"article","og_title":"Pourquoi rejoindre le programme d'affiliation RedFoxLotto ?","og_description":"Raisons de nous rejoindre et de devenir affili\u00e9 et partenaire commercial de RedFoxLotto. Gagnez des commissions sur chaque vente r\u00e9alis\u00e9e par vos clients r\u00e9f\u00e9r\u00e9s, \u00e0 vie !","og_url":"https:\/\/redfoxaffiliates.com\/why-become-a-lottery-affiliate\/","og_site_name":"RedFoxLotto Affiliate Program","twitter_card":"summary_large_image","twitter_misc":{"Dur\u00e9e de lecture estim\u00e9e":"4 minutes"},"schema":{"@context":"https:\/\/schema.org","@graph":[{"@type":"WebPage","@id":"https:\/\/redfoxaffiliates.com\/why-become-a-lottery-affiliate\/","url":"https:\/\/redfoxaffiliates.com\/why-become-a-lottery-affiliate\/","name":"Pourquoi rejoindre le programme d'affiliation RedFoxLotto ?","isPartOf":{"@id":"https:\/\/redfoxaffiliates.com\/#website"},"datePublished":"2023-07-15T11:33:10+00:00","dateModified":"2023-07-15T11:33:10+00:00","description":"Raisons de nous rejoindre et de devenir affili\u00e9 et partenaire commercial de RedFoxLotto. Gagnez des commissions sur chaque vente r\u00e9alis\u00e9e par vos clients r\u00e9f\u00e9r\u00e9s, \u00e0 vie !","breadcrumb":{"@id":"https:\/\/redfoxaffiliates.com\/why-become-a-lottery-affiliate\/#breadcrumb"},"inLanguage":"fr-FR","potentialAction":[{"@type":"ReadAction","target":["https:\/\/redfoxaffiliates.com\/why-become-a-lottery-affiliate\/"]}]},{"@type":"BreadcrumbList","@id":"https:\/\/redfoxaffiliates.com\/why-become-a-lottery-affiliate\/#breadcrumb","itemListElement":[{"@type":"ListItem","position":1,"name":"Home","item":"https:\/\/redfoxaffiliates.com\/fr\/accueil\/"},{"@type":"ListItem","position":2,"name":"Pourquoi devenir affili\u00e9 \u00e0 une loterie ?"}]},{"@type":"WebSite","@id":"https:\/\/redfoxaffiliates.com\/#website","url":"https:\/\/redfoxaffiliates.com\/","name":"RedFoxLotto Affiliate Program","description":"The site for marketing partners of RedFoxLotto.com","potentialAction":[{"@type":"SearchAction","target":{"@type":"EntryPoint","urlTemplate":"https:\/\/redfoxaffiliates.com\/?s={search_term_string}"},"query-input":"required name=search_term_string"}],"inLanguage":"fr-FR"}]}},"_links":{"self":[{"href":"https:\/\/redfoxaffiliates.com\/fr\/wp-json\/wp\/v2\/pages\/261","targetHints":{"allow":["GET"]}}],"collection":[{"href":"https:\/\/redfoxaffiliates.com\/fr\/wp-json\/wp\/v2\/pages"}],"about":[{"href":"https:\/\/redfoxaffiliates.com\/fr\/wp-json\/wp\/v2\/types\/page"}],"author":[{"embeddable":true,"href":"https:\/\/redfoxaffiliates.com\/fr\/wp-json\/wp\/v2\/users\/1"}],"replies":[{"embeddable":true,"href":"https:\/\/redfoxaffiliates.com\/fr\/wp-json\/wp\/v2\/comments?post=261"}],"version-history":[{"count":0,"href":"https:\/\/redfoxaffiliates.com\/fr\/wp-json\/wp\/v2\/pages\/261\/revisions"}],"wp:attachment":[{"href":"https:\/\/redfoxaffiliates.com\/fr\/wp-json\/wp\/v2\/media?parent=261"}],"curies":[{"name":"wp","href":"https:\/\/api.w.org\/{rel}","templated":true}]}}