{"id":176,"date":"2023-07-15T08:09:36","date_gmt":"2023-07-15T06:09:36","guid":{"rendered":"https:\/\/redfoxaffiliates.com\/accueil\/"},"modified":"2026-01-03T10:38:17","modified_gmt":"2026-01-03T09:38:17","slug":"accueil","status":"publish","type":"page","link":"https:\/\/redfoxaffiliates.com\/fr\/","title":{"rendered":"Accueil"},"content":{"rendered":"&#13;\n<p>RedFoxAffiliates.com est le programme d&rsquo;affiliation de RedFoxLotto.com. RedFoxLotto est un service de livraison de tickets de loterie. Gr\u00e2ce au site web RedFoxLotto.com, les amateurs de loterie du monde entier peuvent commander de vrais tickets pour un grand nombre de loteries internationales.<\/p>&#13;\n<h2>Pouvez-vous g\u00e9n\u00e9rer du trafic ?<\/h2>&#13;\n<p>Si vous pouvez g\u00e9n\u00e9rer du trafic (de nouveaux clients potentiels) vers notre site web, vous gagnerez des commissions. Vous nous envoyez du trafic et nous le convertissons. Plus de trafic signifie plus de clients payants et des commissions plus \u00e9lev\u00e9es pour vous.&#13;\n<\/p>&#13;\n<h2>Notre service de billets de loterie est le produit id\u00e9al \u00e0 promouvoir en ligne<\/h2>&#13;\n<p>Il s&rsquo;agit d&rsquo;un produit simple que tout le monde conna\u00eet dans le monde entier. Les jackpots colossaux suscitent un int\u00e9r\u00eat consid\u00e9rable aupr\u00e8s d&rsquo;un public mondial.&#13;\n<\/p>&#13;\n<h2>Conversion facile &#8211; du visiteur au client<\/h2>&#13;\n<p>Acheter des billets en ligne via notre site est on ne peut plus simple. L&rsquo;inscription sur redfoxlotto.com ne prend que quelques secondes, et commander un billet et payer en ligne est tout aussi rapide et simple. Vous nous envoyez vos visiteurs, et nous les convertissons.&#13;\n<\/p>&#13;\n<h2>Nos clients sont fid\u00e8les : ils reviennent et ach\u00e8tent d&rsquo;autres billets pendant longtemps.<\/h2>&#13;\n<p>Une fois que vos visiteurs ont effectu\u00e9 leur premier achat, ils reviennent r\u00e9guli\u00e8rement pour acheter d&rsquo;autres billets. Beaucoup de nos clients sont fid\u00e8les depuis dix ans, voire plus. Si vous nous recommandez un client, vous \u00eates susceptible de toucher des commissions sur les achats de ce client pendant des ann\u00e9es !&#13;\n<\/p>&#13;\n<p>Inscrivez-vous d\u00e8s maintenant \u00e0 notre programme d&rsquo;affiliation. L&rsquo;inscription est gratuite. Consultez d&rsquo;abord notre page FAQ si vous avez des questions. Contactez-nous si vous avez d&rsquo;autres questions.&#13;\n<\/p>&#13;\n<p>Suivez ce lien pour rejoindre notre programme d&rsquo;affiliation. Une fois inscrit, vous recevrez un e-mail de notre part. N&rsquo;oubliez pas de cliquer sur le lien de confirmation contenu dans cet e-mail. Votre inscription sera examin\u00e9e et votre compte d&rsquo;affili\u00e9 sera activ\u00e9 dans les 48 heures.<\/p>&#13;\n<p>\u00a0<\/p>&#13;\n","protected":false},"excerpt":{"rendered":"<p>&#13; RedFoxAffiliates.com est le programme d&rsquo;affiliation de RedFoxLotto.com. RedFoxLotto est un service de livraison de tickets de loterie. Gr\u00e2ce au site web RedFoxLotto.com, les amateurs de loterie du monde entier peuvent commander de vrais tickets pour un grand nombre de loteries internationales. &#13; Pouvez-vous g\u00e9n\u00e9rer du trafic ? &#13; Si<\/p>\n<p><a href=\"https:\/\/redfoxaffiliates.com\/fr\/\" class=\"more-link\">Continue Reading<span class=\"screen-reader-text\">Accueil<\/span><\/a><\/p>\n","protected":false},"author":1,"featured_media":0,"parent":0,"menu_order":0,"comment_status":"closed","ping_status":"closed","template":"","meta":{"footnotes":""},"class_list":["post-176","page","type-page","status-publish","hentry"],"yoast_head":"<!-- This site is optimized with the Yoast SEO plugin v22.4 - https:\/\/yoast.com\/wordpress\/plugins\/seo\/ -->\n<title>Programme d&#039;affiliation pour RedFoxLotto.com<\/title>\n<meta name=\"description\" content=\"Notre programme d&#039;affiliation permet aux partenaires de RedFoxLotto de toucher des commissions sur leurs parrainages. Devenez partenaire commercial et commencez d\u00e8s aujourd&#039;hui \u00e0 promouvoir notre service de vente de billets de loterie en ligne !\" \/>\n<meta name=\"robots\" content=\"index, follow, max-snippet:-1, max-image-preview:large, max-video-preview:-1\" \/>\n<link rel=\"canonical\" href=\"https:\/\/redfoxaffiliates.com\/fr\/accueil\/\" \/>\n<meta property=\"og:locale\" content=\"fr_FR\" \/>\n<meta property=\"og:type\" content=\"article\" \/>\n<meta property=\"og:title\" content=\"Programme d&#039;affiliation pour RedFoxLotto.com\" \/>\n<meta property=\"og:description\" content=\"Notre programme d&#039;affiliation permet aux partenaires de RedFoxLotto de toucher des commissions sur leurs parrainages. Devenez partenaire commercial et commencez d\u00e8s aujourd&#039;hui \u00e0 promouvoir notre service de vente de billets de loterie en ligne !\" \/>\n<meta property=\"og:url\" content=\"https:\/\/redfoxaffiliates.com\/fr\/accueil\/\" \/>\n<meta property=\"og:site_name\" content=\"RedFoxLotto Affiliate Program\" \/>\n<meta property=\"article:modified_time\" content=\"2026-01-03T09:38:17+00:00\" \/>\n<meta name=\"twitter:card\" content=\"summary_large_image\" \/>\n<meta name=\"twitter:label1\" content=\"Dur\u00e9e de lecture estim\u00e9e\" \/>\n\t<meta name=\"twitter:data1\" content=\"2 minutes\" \/>\n<script type=\"application\/ld+json\" class=\"yoast-schema-graph\">{\"@context\":\"https:\/\/schema.org\",\"@graph\":[{\"@type\":\"WebPage\",\"@id\":\"https:\/\/redfoxaffiliates.com\/fr\/accueil\/\",\"url\":\"https:\/\/redfoxaffiliates.com\/fr\/accueil\/\",\"name\":\"Programme d'affiliation pour RedFoxLotto.com\",\"isPartOf\":{\"@id\":\"https:\/\/redfoxaffiliates.com\/#website\"},\"datePublished\":\"2023-07-15T06:09:36+00:00\",\"dateModified\":\"2026-01-03T09:38:17+00:00\",\"description\":\"Notre programme d'affiliation permet aux partenaires de RedFoxLotto de toucher des commissions sur leurs parrainages. Devenez partenaire commercial et commencez d\u00e8s aujourd'hui \u00e0 promouvoir notre service de vente de billets de loterie en ligne !\",\"breadcrumb\":{\"@id\":\"https:\/\/redfoxaffiliates.com\/fr\/accueil\/#breadcrumb\"},\"inLanguage\":\"fr-FR\",\"potentialAction\":[{\"@type\":\"ReadAction\",\"target\":[\"https:\/\/redfoxaffiliates.com\/fr\/accueil\/\"]}]},{\"@type\":\"BreadcrumbList\",\"@id\":\"https:\/\/redfoxaffiliates.com\/fr\/accueil\/#breadcrumb\",\"itemListElement\":[{\"@type\":\"ListItem\",\"position\":1,\"name\":\"Home\",\"item\":\"https:\/\/redfoxaffiliates.com\/fr\/accueil\/\"},{\"@type\":\"ListItem\",\"position\":2,\"name\":\"Accueil\"}]},{\"@type\":\"WebSite\",\"@id\":\"https:\/\/redfoxaffiliates.com\/#website\",\"url\":\"https:\/\/redfoxaffiliates.com\/\",\"name\":\"RedFoxLotto Affiliate Program\",\"description\":\"The site for marketing partners of RedFoxLotto.com\",\"potentialAction\":[{\"@type\":\"SearchAction\",\"target\":{\"@type\":\"EntryPoint\",\"urlTemplate\":\"https:\/\/redfoxaffiliates.com\/?s={search_term_string}\"},\"query-input\":\"required name=search_term_string\"}],\"inLanguage\":\"fr-FR\"}]}<\/script>\n<!-- \/ Yoast SEO plugin. -->","yoast_head_json":{"title":"Programme d'affiliation pour RedFoxLotto.com","description":"Notre programme d'affiliation permet aux partenaires de RedFoxLotto de toucher des commissions sur leurs parrainages. Devenez partenaire commercial et commencez d\u00e8s aujourd'hui \u00e0 promouvoir notre service de vente de billets de loterie en ligne !","robots":{"index":"index","follow":"follow","max-snippet":"max-snippet:-1","max-image-preview":"max-image-preview:large","max-video-preview":"max-video-preview:-1"},"canonical":"https:\/\/redfoxaffiliates.com\/fr\/accueil\/","og_locale":"fr_FR","og_type":"article","og_title":"Programme d'affiliation pour RedFoxLotto.com","og_description":"Notre programme d'affiliation permet aux partenaires de RedFoxLotto de toucher des commissions sur leurs parrainages. Devenez partenaire commercial et commencez d\u00e8s aujourd'hui \u00e0 promouvoir notre service de vente de billets de loterie en ligne !","og_url":"https:\/\/redfoxaffiliates.com\/fr\/accueil\/","og_site_name":"RedFoxLotto Affiliate Program","article_modified_time":"2026-01-03T09:38:17+00:00","twitter_card":"summary_large_image","twitter_misc":{"Dur\u00e9e de lecture estim\u00e9e":"2 minutes"},"schema":{"@context":"https:\/\/schema.org","@graph":[{"@type":"WebPage","@id":"https:\/\/redfoxaffiliates.com\/fr\/accueil\/","url":"https:\/\/redfoxaffiliates.com\/fr\/accueil\/","name":"Programme d'affiliation pour RedFoxLotto.com","isPartOf":{"@id":"https:\/\/redfoxaffiliates.com\/#website"},"datePublished":"2023-07-15T06:09:36+00:00","dateModified":"2026-01-03T09:38:17+00:00","description":"Notre programme d'affiliation permet aux partenaires de RedFoxLotto de toucher des commissions sur leurs parrainages. Devenez partenaire commercial et commencez d\u00e8s aujourd'hui \u00e0 promouvoir notre service de vente de billets de loterie en ligne !","breadcrumb":{"@id":"https:\/\/redfoxaffiliates.com\/fr\/accueil\/#breadcrumb"},"inLanguage":"fr-FR","potentialAction":[{"@type":"ReadAction","target":["https:\/\/redfoxaffiliates.com\/fr\/accueil\/"]}]},{"@type":"BreadcrumbList","@id":"https:\/\/redfoxaffiliates.com\/fr\/accueil\/#breadcrumb","itemListElement":[{"@type":"ListItem","position":1,"name":"Home","item":"https:\/\/redfoxaffiliates.com\/fr\/accueil\/"},{"@type":"ListItem","position":2,"name":"Accueil"}]},{"@type":"WebSite","@id":"https:\/\/redfoxaffiliates.com\/#website","url":"https:\/\/redfoxaffiliates.com\/","name":"RedFoxLotto Affiliate Program","description":"The site for marketing partners of RedFoxLotto.com","potentialAction":[{"@type":"SearchAction","target":{"@type":"EntryPoint","urlTemplate":"https:\/\/redfoxaffiliates.com\/?s={search_term_string}"},"query-input":"required name=search_term_string"}],"inLanguage":"fr-FR"}]}},"_links":{"self":[{"href":"https:\/\/redfoxaffiliates.com\/fr\/wp-json\/wp\/v2\/pages\/176","targetHints":{"allow":["GET"]}}],"collection":[{"href":"https:\/\/redfoxaffiliates.com\/fr\/wp-json\/wp\/v2\/pages"}],"about":[{"href":"https:\/\/redfoxaffiliates.com\/fr\/wp-json\/wp\/v2\/types\/page"}],"author":[{"embeddable":true,"href":"https:\/\/redfoxaffiliates.com\/fr\/wp-json\/wp\/v2\/users\/1"}],"replies":[{"embeddable":true,"href":"https:\/\/redfoxaffiliates.com\/fr\/wp-json\/wp\/v2\/comments?post=176"}],"version-history":[{"count":1,"href":"https:\/\/redfoxaffiliates.com\/fr\/wp-json\/wp\/v2\/pages\/176\/revisions"}],"predecessor-version":[{"id":177,"href":"https:\/\/redfoxaffiliates.com\/fr\/wp-json\/wp\/v2\/pages\/176\/revisions\/177"}],"wp:attachment":[{"href":"https:\/\/redfoxaffiliates.com\/fr\/wp-json\/wp\/v2\/media?parent=176"}],"curies":[{"name":"wp","href":"https:\/\/api.w.org\/{rel}","templated":true}]}}