{"id":353,"date":"2026-01-01T21:16:49","date_gmt":"2026-01-01T20:16:49","guid":{"rendered":"https:\/\/redfoxaffiliates.com\/affiliate-markkinointiohjelmien-etiikasta\/"},"modified":"2026-01-01T21:16:49","modified_gmt":"2026-01-01T20:16:49","slug":"affiliate-markkinointiohjelmien-etiikasta","status":"publish","type":"page","link":"https:\/\/redfoxaffiliates.com\/fi\/affiliate-markkinointiohjelmien-etiikasta\/","title":{"rendered":"Affiliate-markkinointiohjelmien etiikasta"},"content":{"rendered":"<p>Saatat yll\u00e4tty\u00e4, kun l\u00f6yd\u00e4t viittauksen etiikkaan affiliate-ohjelman verkkosivustolta. My\u00f6nn\u00e4mme, ett\u00e4 se on ep\u00e4tavallista.<\/p>\n<p>Mutta se on meille t\u00e4rke\u00e4 aihe. Entiset affiliate-kumppanit operoivat sek\u00e4 RedFoxLotto.com-sivustoa ett\u00e4 t\u00e4t\u00e4 affiliate-ohjelmaa. Olemme ty\u00f6skennelleet samojen yritysten kanssa, joiden kanssa sin\u00e4kin olet ty\u00f6skennellyt (tai ehk\u00e4 ty\u00f6skentelet edelleen). Yli 12 vuoden kokemuksella uhkapelien affiliate-alalta olemme n\u00e4hneet paljon ik\u00e4vi\u00e4 asioita. Tulojen leikkaamista, k\u00e4ytt\u00f6ehtojen muutoksia, jotka johtavat affiliate-kumppanin tulojen menetykseen, my\u00f6h\u00e4styneit\u00e4 tai maksamattomia maksuja, asiakkaiden varastamista meilt\u00e4 (tai muilta affiliate-kumppaneilta) \u2013 olemme n\u00e4hneet kaikenlaista.<\/p>\n<p>Valitettavasti t\u00e4m\u00e4 on ala, jossa ahkerille kumppaneille tapahtuu jatkuvasti huonoja asioita. Siksi p\u00e4\u00e4timme ottaa seuraavan askeleen. Lanseerasimme oman tuotteemme, RedFoxLotto.com. Markkinointisuunnitelmamme on yksinkertainen: se perustuu 100-prosenttisesti hakukoneoptimointiin ja online-kumppanuusmarkkinointiin.<\/p>\n<p>Olemme itse olleet affiliate-kumppaneita, joten lupaamme yll\u00e4pit\u00e4\u00e4 100 % eettist\u00e4 ja rehellist\u00e4 affiliate-ohjelmaa. Kyll\u00e4, kaikki sanovat, ett\u00e4 emme tee t\u00e4t\u00e4 tai sit\u00e4. Mutta me tarkoitamme mit\u00e4 sanomme.<\/p>\n<p>T\u00e4ss\u00e4 on mit\u00e4 voit odottaa meilt\u00e4<br \/>\nSopimus on sopimus! Se tarkoittaa, ett\u00e4 jos sanomme, ett\u00e4 saat osan tuottamastasi tulosta asiakkaiden elini\u00e4n ajan, tarkoitamme sit\u00e4. Emme muuta mielt\u00e4mme siit\u00e4, koskaan.<br \/>\nEmme koskaan manipuloida tulosraportteja v\u00e4hent\u00e4\u00e4ksemme yleiskustannuksiamme. Emme my\u00f6sk\u00e4\u00e4n poista asiakkaita tililt\u00e4si. Haluamme, ett\u00e4 menestyt mahdollisimman hyvin. Olet liikekumppanimme, ja menestyksemme riippuu sinusta!<br \/>\nMaksamme sinulle ajallaan. Sinullakin on velvoitteita ja kuluja, ja me ymm\u00e4rr\u00e4mme sen.<br \/>\nOta meihin yhteytt\u00e4, jos sinulla on kysytt\u00e4v\u00e4\u00e4 tai tarvitset apuamme. K\u00e4yt\u00e4 yl\u00e4valikossa olevaa \u201dYhteystiedot\u201d-lomaketta. Katsotaan yhdess\u00e4, voimmeko molemmat ansaita rahaa!<\/p>\n","protected":false},"excerpt":{"rendered":"<p>Saatat yll\u00e4tty\u00e4, kun l\u00f6yd\u00e4t viittauksen etiikkaan affiliate-ohjelman verkkosivustolta. My\u00f6nn\u00e4mme, ett\u00e4 se on ep\u00e4tavallista. Mutta se on meille t\u00e4rke\u00e4 aihe. Entiset affiliate-kumppanit operoivat sek\u00e4 RedFoxLotto.com-sivustoa ett\u00e4 t\u00e4t\u00e4 affiliate-ohjelmaa. Olemme ty\u00f6skennelleet samojen yritysten kanssa, joiden kanssa sin\u00e4kin olet ty\u00f6skennellyt (tai ehk\u00e4 ty\u00f6skentelet edelleen). Yli 12 vuoden kokemuksella uhkapelien affiliate-alalta olemme n\u00e4hneet paljon<\/p>\n<p><a href=\"https:\/\/redfoxaffiliates.com\/fi\/affiliate-markkinointiohjelmien-etiikasta\/\" class=\"more-link\">Continue Reading<span class=\"screen-reader-text\">Affiliate-markkinointiohjelmien etiikasta<\/span><\/a><\/p>\n","protected":false},"author":1,"featured_media":0,"parent":0,"menu_order":7,"comment_status":"closed","ping_status":"closed","template":"","meta":{"footnotes":""},"class_list":["post-353","page","type-page","status-publish","hentry"],"yoast_head":"<!-- This site is optimized with the Yoast SEO plugin v22.4 - https:\/\/yoast.com\/wordpress\/plugins\/seo\/ -->\n<title>Etiikka ja kumppanuus arpajaismarkkinoilla<\/title>\n<meta name=\"description\" content=\"On olemassa paljon arpajaisten kumppanuusohjelmia, jotka varastavat rahaa kumppaneiltaan. Siksi eettinen liiketoiminta on meille t\u00e4rke\u00e4 aihe.\" \/>\n<meta name=\"robots\" content=\"index, follow, max-snippet:-1, max-image-preview:large, max-video-preview:-1\" \/>\n<link rel=\"canonical\" href=\"https:\/\/redfoxaffiliates.com\/ethics-and-affiliate-marketing-programs\/\" \/>\n<meta property=\"og:locale\" content=\"fi_FI\" \/>\n<meta property=\"og:type\" content=\"article\" \/>\n<meta property=\"og:title\" content=\"Etiikka ja kumppanuus arpajaismarkkinoilla\" \/>\n<meta property=\"og:description\" content=\"On olemassa paljon arpajaisten kumppanuusohjelmia, jotka varastavat rahaa kumppaneiltaan. Siksi eettinen liiketoiminta on meille t\u00e4rke\u00e4 aihe.\" \/>\n<meta property=\"og:url\" content=\"https:\/\/redfoxaffiliates.com\/ethics-and-affiliate-marketing-programs\/\" \/>\n<meta property=\"og:site_name\" content=\"RedFoxLotto Affiliate Program\" \/>\n<meta name=\"twitter:card\" content=\"summary_large_image\" \/>\n<meta name=\"twitter:label1\" content=\"Arvioitu lukuaika\" \/>\n\t<meta name=\"twitter:data1\" content=\"1 minuutti\" \/>\n<script type=\"application\/ld+json\" class=\"yoast-schema-graph\">{\"@context\":\"https:\/\/schema.org\",\"@graph\":[{\"@type\":\"WebPage\",\"@id\":\"https:\/\/redfoxaffiliates.com\/ethics-and-affiliate-marketing-programs\/\",\"url\":\"https:\/\/redfoxaffiliates.com\/ethics-and-affiliate-marketing-programs\/\",\"name\":\"Etiikka ja kumppanuus arpajaismarkkinoilla\",\"isPartOf\":{\"@id\":\"https:\/\/redfoxaffiliates.com\/#website\"},\"datePublished\":\"2026-01-01T20:16:49+00:00\",\"dateModified\":\"2026-01-01T20:16:49+00:00\",\"description\":\"On olemassa paljon arpajaisten kumppanuusohjelmia, jotka varastavat rahaa kumppaneiltaan. Siksi eettinen liiketoiminta on meille t\u00e4rke\u00e4 aihe.\",\"breadcrumb\":{\"@id\":\"https:\/\/redfoxaffiliates.com\/ethics-and-affiliate-marketing-programs\/#breadcrumb\"},\"inLanguage\":\"fi\",\"potentialAction\":[{\"@type\":\"ReadAction\",\"target\":[\"https:\/\/redfoxaffiliates.com\/ethics-and-affiliate-marketing-programs\/\"]}]},{\"@type\":\"BreadcrumbList\",\"@id\":\"https:\/\/redfoxaffiliates.com\/ethics-and-affiliate-marketing-programs\/#breadcrumb\",\"itemListElement\":[{\"@type\":\"ListItem\",\"position\":1,\"name\":\"Home\",\"item\":\"https:\/\/redfoxaffiliates.com\/fi\/koti\/\"},{\"@type\":\"ListItem\",\"position\":2,\"name\":\"Affiliate-markkinointiohjelmien etiikasta\"}]},{\"@type\":\"WebSite\",\"@id\":\"https:\/\/redfoxaffiliates.com\/#website\",\"url\":\"https:\/\/redfoxaffiliates.com\/\",\"name\":\"RedFoxLotto Affiliate Program\",\"description\":\"The site for marketing partners of RedFoxLotto.com\",\"potentialAction\":[{\"@type\":\"SearchAction\",\"target\":{\"@type\":\"EntryPoint\",\"urlTemplate\":\"https:\/\/redfoxaffiliates.com\/?s={search_term_string}\"},\"query-input\":\"required name=search_term_string\"}],\"inLanguage\":\"fi\"}]}<\/script>\n<!-- \/ Yoast SEO plugin. -->","yoast_head_json":{"title":"Etiikka ja kumppanuus arpajaismarkkinoilla","description":"On olemassa paljon arpajaisten kumppanuusohjelmia, jotka varastavat rahaa kumppaneiltaan. Siksi eettinen liiketoiminta on meille t\u00e4rke\u00e4 aihe.","robots":{"index":"index","follow":"follow","max-snippet":"max-snippet:-1","max-image-preview":"max-image-preview:large","max-video-preview":"max-video-preview:-1"},"canonical":"https:\/\/redfoxaffiliates.com\/ethics-and-affiliate-marketing-programs\/","og_locale":"fi_FI","og_type":"article","og_title":"Etiikka ja kumppanuus arpajaismarkkinoilla","og_description":"On olemassa paljon arpajaisten kumppanuusohjelmia, jotka varastavat rahaa kumppaneiltaan. Siksi eettinen liiketoiminta on meille t\u00e4rke\u00e4 aihe.","og_url":"https:\/\/redfoxaffiliates.com\/ethics-and-affiliate-marketing-programs\/","og_site_name":"RedFoxLotto Affiliate Program","twitter_card":"summary_large_image","twitter_misc":{"Arvioitu lukuaika":"1 minuutti"},"schema":{"@context":"https:\/\/schema.org","@graph":[{"@type":"WebPage","@id":"https:\/\/redfoxaffiliates.com\/ethics-and-affiliate-marketing-programs\/","url":"https:\/\/redfoxaffiliates.com\/ethics-and-affiliate-marketing-programs\/","name":"Etiikka ja kumppanuus arpajaismarkkinoilla","isPartOf":{"@id":"https:\/\/redfoxaffiliates.com\/#website"},"datePublished":"2026-01-01T20:16:49+00:00","dateModified":"2026-01-01T20:16:49+00:00","description":"On olemassa paljon arpajaisten kumppanuusohjelmia, jotka varastavat rahaa kumppaneiltaan. Siksi eettinen liiketoiminta on meille t\u00e4rke\u00e4 aihe.","breadcrumb":{"@id":"https:\/\/redfoxaffiliates.com\/ethics-and-affiliate-marketing-programs\/#breadcrumb"},"inLanguage":"fi","potentialAction":[{"@type":"ReadAction","target":["https:\/\/redfoxaffiliates.com\/ethics-and-affiliate-marketing-programs\/"]}]},{"@type":"BreadcrumbList","@id":"https:\/\/redfoxaffiliates.com\/ethics-and-affiliate-marketing-programs\/#breadcrumb","itemListElement":[{"@type":"ListItem","position":1,"name":"Home","item":"https:\/\/redfoxaffiliates.com\/fi\/koti\/"},{"@type":"ListItem","position":2,"name":"Affiliate-markkinointiohjelmien etiikasta"}]},{"@type":"WebSite","@id":"https:\/\/redfoxaffiliates.com\/#website","url":"https:\/\/redfoxaffiliates.com\/","name":"RedFoxLotto Affiliate Program","description":"The site for marketing partners of RedFoxLotto.com","potentialAction":[{"@type":"SearchAction","target":{"@type":"EntryPoint","urlTemplate":"https:\/\/redfoxaffiliates.com\/?s={search_term_string}"},"query-input":"required name=search_term_string"}],"inLanguage":"fi"}]}},"_links":{"self":[{"href":"https:\/\/redfoxaffiliates.com\/fi\/wp-json\/wp\/v2\/pages\/353","targetHints":{"allow":["GET"]}}],"collection":[{"href":"https:\/\/redfoxaffiliates.com\/fi\/wp-json\/wp\/v2\/pages"}],"about":[{"href":"https:\/\/redfoxaffiliates.com\/fi\/wp-json\/wp\/v2\/types\/page"}],"author":[{"embeddable":true,"href":"https:\/\/redfoxaffiliates.com\/fi\/wp-json\/wp\/v2\/users\/1"}],"replies":[{"embeddable":true,"href":"https:\/\/redfoxaffiliates.com\/fi\/wp-json\/wp\/v2\/comments?post=353"}],"version-history":[{"count":0,"href":"https:\/\/redfoxaffiliates.com\/fi\/wp-json\/wp\/v2\/pages\/353\/revisions"}],"wp:attachment":[{"href":"https:\/\/redfoxaffiliates.com\/fi\/wp-json\/wp\/v2\/media?parent=353"}],"curies":[{"name":"wp","href":"https:\/\/api.w.org\/{rel}","templated":true}]}}