{"id":330,"date":"2026-01-01T21:15:19","date_gmt":"2026-01-01T20:15:19","guid":{"rendered":"https:\/\/redfoxaffiliates.com\/kuinka-aloittaa-online-affiliate-liiketoiminta\/"},"modified":"2026-01-01T21:15:19","modified_gmt":"2026-01-01T20:15:19","slug":"kuinka-aloittaa-online-affiliate-liiketoiminta","status":"publish","type":"page","link":"https:\/\/redfoxaffiliates.com\/fi\/kuinka-aloittaa-online-affiliate-liiketoiminta\/","title":{"rendered":"Kuinka aloittaa online-affiliate-liiketoiminta"},"content":{"rendered":"<h2>Mit\u00e4 on affiliate-markkinointi?<\/h2>\n<p>Monilla verkkokauppiailla on niin sanottuja affiliate-ohjelmia. Kuka tahansa voi luoda siell\u00e4 affiliate-tilin ja aloittaa tuotteidensa mainostamisen verkossa. Promoottori (sin\u00e4) saa palkkion maksavien asiakkaiden ohjaamisesta myyj\u00e4lle.<\/p>\n<p>Tarkista oikealla oleva valikko. Siell\u00e4 on linkki PDF-aloitusoppaaseen, jossa kerrotaan, miten aloittaa affiliate-liiketoiminta tyhj\u00e4st\u00e4 ja minimaalisella investoinnilla.<\/p>\n<h2>Miten sinulle maksetaan?<\/h2>\n<p>Kun olet rekister\u00f6itynyt affiliate-ohjelmaan, voit ladata niin sanottuja seurantalinkkej\u00e4 ja\/tai bannereita, joissa on &#8221;seurantalinkit&#8221;, affiliate-sivustolta. N\u00e4m\u00e4 voidaan upottaa verkkosivustollesi, ja kun k\u00e4vij\u00e4 napsauttaa linkki\u00e4, myyj\u00e4 tiet\u00e4\u00e4 linkiss\u00e4 olevan tunnistenumeron perusteella, mik\u00e4 affiliate-ohjelma ohjasi asiakkaan.<\/p>\n<p>Affiliate-ohjelman kanssa teht\u00e4v\u00e4\u00e4n yhteisty\u00f6h\u00f6n on kaksi perusmallia:<\/p>\n<p>CPA (Cost per Acquisition), jossa affiliate saa kiinte\u00e4n summan, kun uusi asiakas saavuttaa m\u00e4\u00e4ritellyn myyntikynnyksen.<\/p>\n<p>Revenue Share (usein kutsutaan my\u00f6s MGR:ksi), jossa affiliate-ohjelmalle maksetaan prosenttiosuus myyntituloista. Ehdoista riippuen sinulle maksetaan provisioprosentti kaikista tulevista myynneist\u00e4 tai vain tietyn ajanjakson ajan.<\/p>\n<h2>Kuinka mainostat n\u00e4it\u00e4 myyji\u00e4?<\/h2>\n<p>Affiliate-markkinoinnin aloittamiseen tarvitset eniten liikennett\u00e4 ohjaavan verkkosivuston. Katso alla oleva kappale &#8221;Tee suunnitelma&#8221;! &#8221;Liikenteen&#8221; saaminen verkkosivustollesi on t\u00e4rkeint\u00e4.<\/p>\n<p>Verkkosivusto voi olla joko tiettyyn tuotteeseen (tuote, jota haluat mainostaa) liittyv\u00e4 verkkosivusto tai vain verkkosivusto mist\u00e4 tahansa aiheesta, kunhan se tuottaa riitt\u00e4v\u00e4sti liikennett\u00e4. Esimerkki: Rakennat verkkosivuston aiheesta, jonka tunnet hyvin, kuten sukelluksesta. Kirjoitat hyv\u00e4\u00e4 sis\u00e4lt\u00f6\u00e4, ja ihmiset vierailevat sivustollasi. Sitten alat mainostaa sukellusvarusteisiin erikoistunutta verkkomyyntisivustoa. Joka kerta, kun k\u00e4vij\u00e4 siirtyy verkkosivustoltasi myyj\u00e4n sivustolle ja ostaa jotain, saat provision.<\/p>\n<h2>Sosiaalisen median markkinointi<\/h2>\n<p>Jos sinulla on yleis\u00f6\u00e4 sosiaalisessa mediassa, et ehk\u00e4 tarvitse edes verkkosivustoa. Voit k\u00e4ytt\u00e4\u00e4 samoja seurattuja affiliate-linkkej\u00e4 aloittaaksesi myyj\u00e4n tuotteiden mainostamisen. Ja jos yleis\u00f6si on maailmanlaajuinen, sit\u00e4 parempi. Monissa maissa on lottoja, joissa voitot ovat alhaiset tai ei lottoja ollenkaan. N\u00e4iden maiden asukkaat ovat ihanteellinen kohderyhm\u00e4 lottopalvelullemme.<\/p>\n<h2>On p\u00e4\u00e4asiassa kaksi skenaariota:<\/h2>\n<p>Jos sinulla olisi verkkosivusto, jolla on laaja valikoima artikkeliaiheita, ja t\u00e4ll\u00e4 verkkosivustolla olisi tuhansia k\u00e4vij\u00f6it\u00e4 p\u00e4ivitt\u00e4in, voisit myyd\u00e4 enemm\u00e4n tai v\u00e4hemm\u00e4n mit\u00e4 tahansa haluamaasi tuotetta. Pelkk\u00e4 k\u00e4vij\u00e4m\u00e4\u00e4r\u00e4 tuottaisi merkitt\u00e4vi\u00e4 tuloja. Ja kumppanuusohjelmamme sopii erinomaisesti mille tahansa verkkosivustolle, koska loppujen lopuksi kaikki rakastavat lottoa, eik\u00f6 niin?<\/p>\n<p>Jos sinulla olisi esimerkiksi lottoon liittyv\u00e4 verkkosivusto, k\u00e4vij\u00f6it\u00e4 olisi todenn\u00e4k\u00f6isesti v\u00e4hemm\u00e4n. Silti liikenne on &#8221;kohdennetumpaa&#8221;, eli k\u00e4vij\u00e4si ostavat todenn\u00e4k\u00f6isemmin mainostamiasi lottokuponkeja. Vaikka sinulla olisi vain 10 k\u00e4vij\u00e4\u00e4 p\u00e4iv\u00e4ss\u00e4, saisit silti jonkin verran tuloja. Ja lottopelaamisessa on yksi asia: ihmiset yleens\u00e4 pelaavat pitk\u00e4\u00e4n, pitk\u00e4\u00e4n. Kun olet ohjannut tietyn m\u00e4\u00e4r\u00e4n asiakkaita kumppanuusohjelmaamme, n\u00e4et suhteellisen vakaan tulovirran.<\/p>\n<h2>Kuinka saada k\u00e4vij\u00f6it\u00e4 verkkosivustollesi?<\/h2>\n<p>Houkutellaksesi k\u00e4vij\u00f6it\u00e4 tarvitset verkkosivustollasi korkealaatuisia artikkeleita, jotka tarjoavat lukijoille hy\u00f6dyllist\u00e4 tietoa. Sinun on my\u00f6s opittava hakukoneoptimoinnin (SEO) perusteet. T\u00e4m\u00e4 on t\u00e4rke\u00e4\u00e4, koska on olemassa tiettyj\u00e4 &#8221;s\u00e4\u00e4nt\u00f6j\u00e4&#8221;, jotka sinun on tiedett\u00e4v\u00e4 varmistaaksesi, ett\u00e4 verkkosivustosi sivut sijoittuvat korkealle Googlessa hakusanoilla, jotka voivat tuoda sinulle k\u00e4vij\u00f6it\u00e4. Kumppanit kutsuvat sit\u00e4 &#8221;liikenteen ohjaamiseksi&#8221; sivustollesi.<\/p>\n<p>Hakukoneoptimointi ei ole rakettitiedett\u00e4. Googlaa vain &#8221;SEO:n perusteet&#8221; ja lue hieman oppiaksesi t\u00e4rkeimm\u00e4t s\u00e4\u00e4nn\u00f6t artikkelien luomiseen ja taitojesi parantamiseen my\u00f6hemmin.<\/p>\n<h2>S\u00e4hk\u00f6postilistan voima<\/h2>\n<p>Aseta verkkosivustosi aina niin, ett\u00e4 k\u00e4vij\u00f6ill\u00e4 on syy rekister\u00f6ity\u00e4 tai j\u00e4tt\u00e4\u00e4 s\u00e4hk\u00f6postiosoitteensa. Luo lista ja k\u00e4yt\u00e4 sit\u00e4 l\u00e4hett\u00e4\u00e4ksesi s\u00e4hk\u00f6posteja, jotka mainostavat erikoistapahtumia, alennusmyyntej\u00e4 ja muuta. Jos sinulla on jo lista, et ehk\u00e4 tarvitse edes verkkosivustoa ollaksesi kumppanuus. Mutta \u00e4l\u00e4 osta listoja roskapostia sis\u00e4lt\u00e4vilt\u00e4 s\u00e4hk\u00f6postiosoitteiden myyntisivustoilta &#8211; ne eiv\u00e4t ole hintansa arvoisia.<\/p>\n<h2>Kuinka paljon kumppanuusmarkkinoinnin aloittaminen maksaa?<\/h2>\n<p>Yksinkertainen vastaus: ei mit\u00e4\u00e4n tai l\u00e4hes ei mit\u00e4\u00e4n!<\/p>\n<p>Tarvitset vain verkkotunnuksen ja webhotellipaketin verkkosivuille. Aloittelijana et tarvitse omaa palvelinta; peruswebhotelli, saatavilla alkaen 2 \u20ac kuukaudessa, riitt\u00e4\u00e4 alkuun p\u00e4\u00e4semiseksi.<\/p>\n<p>Valitse luotettava hosting-palveluntarjoaja ja valitse vapaa verkkotunnus. Mieti verkkotunnuksesi nime\u00e4 ennen tilaamista. Valitse sitten perushostingpaketti. Rekister\u00f6idy ja maksa tili. Kirjaudu sitten asiakastilillesi ja tutustu tarjontaan. Yksi vinkki: Etsi lis\u00e4toiminto nimelt\u00e4 &#8221;Verkkotunnuksen tietosuoja&#8221; \u2013 t\u00e4m\u00e4 on asia, jota kannattaa harkita, jos et jostain syyst\u00e4 halua kenenk\u00e4\u00e4n tiet\u00e4v\u00e4n, ett\u00e4 omistat ja yll\u00e4pid\u00e4t t\u00e4t\u00e4 verkkosivustoa ja sen tyt\u00e4ryhti\u00f6t\u00e4.<\/p>\n<h2>siihen liittyv\u00e4\u00e4 liiketoimintaa.<\/h2>\n<p>Suosittelemme aloittamaan asentamalla WordPress-sivuston k\u00e4ytt\u00e4m\u00e4ll\u00e4 ilmaista mallia (asettelua). WordPress on sis\u00e4ll\u00f6nhallintaj\u00e4rjestelm\u00e4 (CMS), joka rakentaa verkkosivustosi automaattisesti ja antaa sinun hallita sit\u00e4. Verkkosivustopalveluntarjoajilla on selkeit\u00e4 toimintoja, joiden avulla voit perustaa WordPress-sivuston sekunneissa. Ohjelmointitaitoja ei tarvita lainkaan!<\/p>\n<p>Lue johdanto-opas oppiaksesi WordPressin t\u00e4rkeimm\u00e4t toiminnot. Tarvitset vain muutaman tunnin oppiaksesi yksinkertaisen verkkosivuston hallintaan tarvittavat perustaidot. WordPress-verkkosivustolla on yksityiskohtainen dokumentaatio ja foorumi, jossa voit pyyt\u00e4\u00e4 apua kokeneemmilta k\u00e4ytt\u00e4jilt\u00e4.<\/p>\n<h2>Kuinka paljon rahaa voit ansaita affiliate-kumppanina?<\/h2>\n<p>Se riippuu hyvin paljon siit\u00e4, kuinka sitoutunut olet ja kuinka hyv\u00e4 olet. Jotkut affiliate-kumppanit ansaitsevat miljoonia, toiset hyvin v\u00e4h\u00e4n, mutta monet ansaitsevat useita satoja euroja kuukaudessa. \u00c4l\u00e4 odota ansaitsevasi rahaa heti. Verkkosivustosi k\u00e4vij\u00f6iden houkutteleminen vie aikaa. Jos investoit tarvittavan ty\u00f6n, pystyt el\u00e4m\u00e4\u00e4n sill\u00e4 pitk\u00e4ll\u00e4 aikav\u00e4lill\u00e4.<\/p>\n<h2>Pit\u00e4isik\u00f6\/voiko t\u00e4t\u00e4 tehd\u00e4 kokop\u00e4iv\u00e4isesti vai osa-aikaisesti?<\/h2>\n<p>Jokaisen on p\u00e4\u00e4tett\u00e4v\u00e4 se itse. Mutta 90 prosenttia kumppaneista aloittaa liiketoiminnan osa-aikaisesti. Suuri osa kumppaneista siirtyy kokop\u00e4iv\u00e4isiin teht\u00e4viin saavutettuaan riitt\u00e4v\u00e4sti menestyst\u00e4 ja kokemusta alalta.<\/p>\n<h2>Onko t\u00e4m\u00e4 laillista?<\/h2>\n<p>Ehdottomasti, ellet mainosta tuotteita, jotka ovat laittomia asuinmaassasi; jos n\u00e4in on, sinun on ryhdytt\u00e4v\u00e4 toimenpiteisiin suojautuaksesi mahdollisilta ongelmilta. Katso muun muassa yll\u00e4 oleva kohta &#8221;Verkkotunnuksen tietosuoja&#8221;. Varmista, ettet valitse verkkotunnusten rekister\u00f6ij\u00e4\u00e4 ja\/tai hosting-palvelua sellaisesta maasta, jossa verkkosivustosi olisi laiton!<\/p>\n<h2>T\u00e4rkeint\u00e4: Tee suunnitelma!<\/h2>\n<p>Ennen kuin voit ansaita rahaa kumppanuusohjelman kautta, sinun on kehitett\u00e4v\u00e4 hyv\u00e4 suunnitelma ja ker\u00e4tt\u00e4v\u00e4 tarvittavat tiedot. Olet ehk\u00e4 n\u00e4hnyt Kevin Costnerin elokuvan &#8221;Unelmien kentt\u00e4&#8221;, jossa \u00e4\u00e4ni taivaalta sanoo: &#8221;Rakenna se, niin he tulevat.&#8221; Jos luulet, ett\u00e4 voit koota verkkosivuston mist\u00e4 tahansa aiheesta ja odottaa rahan virtaavan pian, tulet turhautumaan.<\/p>\n<p>Mutta jos l\u00e4hestyt asiaa suunnitelmallisesti, voit ansaita hyvin rahaa, ja kumppanuusohjelman mainostaminen on todella hauskaa. On ihanteellista aloittaa osa-aikaisena, ja jos se menee hyvin, voit helposti siirty\u00e4 kokop\u00e4iv\u00e4iseen ty\u00f6h\u00f6n.<\/p>\n<h2>Suunnitelmasi tulee sis\u00e4lt\u00e4\u00e4 seuraavat asiat:<\/h2>\n<p>Valitse aihe, josta olet intohimoinen ja josta voit tarjota arvokasta tietoa lukijoillesi. Jos olet uusi t\u00e4ss\u00e4, valitse aina &#8221;niche&#8221;-aihe \u2013 jos aiheesta on paljon muita verkkosivustoja, sinun on vaikea kilpailla niiden kanssa. My\u00f6s avainsanoilla sijoittuminen hakutuloksissa on haastavaa. Tietenkin sinun on valittava aihe, joka sopii tuotteeseen, jota voi ostaa verkossa ja jolla on kumppanuusohjelma.<\/p>\n<p>Tee lista avainsanayhdistelmist\u00e4, joita potentiaaliset k\u00e4vij\u00e4t saattavat etsi\u00e4 Googlessa. Muista, ett\u00e4 korkeiden sijoitusten saavuttaminen ilmeisill\u00e4 avainsanoilla, kuten &#8221;lotto verkossa&#8221;, on l\u00e4hes mahdotonta. K\u00e4yt\u00e4 tarkempia lauseita. \u00c4\u00e4rimm\u00e4inen esimerkki olisi &#8221;Voivatko ihmiset osallistua Powerballiin, jos he eiv\u00e4t asu Yhdysvalloissa?&#8221;<\/p>\n<p>P\u00e4\u00e4t\u00e4 sitten, mihin avainsanayhdistelm\u00e4\u00e4n kohdistat verkkosivustosi etusivulla. Kirjoita etusivulle artikkeli kyseiselle avainsanayhdistelm\u00e4lle. Seuraavaksi laadi suunnitelma verkkosivustosi rakenteelle. Kirjoita muutama artikkeli lis\u00e4\u00e4 muista keksimist\u00e4si avainsanayhdistelmist\u00e4.<\/p>\n<h2>Siit\u00e4 eteenp\u00e4in sinun on keskitytt\u00e4v\u00e4 kahteen asiaan:<\/h2>\n<p>Rakenna linkkej\u00e4, jotka osoittavat verkkosivustollesi. Linkit ovat kuin positiivisia \u00e4\u00e4ni\u00e4 sivustollesi; laadukkaat linkit voivat parantaa sijoitustasi hakukoneissa. Pyyd\u00e4 linkkej\u00e4 verkkosivustojen omistajilta yst\u00e4vilt\u00e4, \u200b\u200bota yhteytt\u00e4 muihin webmastereihin ja tarjoudu kirjoittamaan artikkeli vastineeksi linkeist\u00e4 jne. Parhaat linkit syntyv\u00e4t kuitenkin luonnostaan, kun ihmiset lukevat artikkelisi ja linkitt\u00e4v\u00e4t sivullesi, koska he pitiv\u00e4t kirjoittamastasi!<\/p>\n<p>Luo lis\u00e4\u00e4 sis\u00e4lt\u00f6\u00e4 (artikkeleita) hyv\u00e4ll\u00e4 hakukoneoptimoinnilla. K\u00e4yt\u00e4 mielikuvitustasi ja kirjoita uusia artikkeleita s\u00e4\u00e4nn\u00f6llisesti. Harkitse aluksi 2\u20133 artikkelin lis\u00e4\u00e4mist\u00e4 viikossa.<\/p>\n<p>Kun suoritat yll\u00e4 olevan, taitosi kehittyy ja ensimm\u00e4iset k\u00e4vij\u00e4t saapuvat verkkosivustollesi. K\u00e4yt\u00e4 (ilmaista) palvelua, kuten www.clicky.com tai Google Analytics, seurataksesi k\u00e4vij\u00e4m\u00e4\u00e4ri\u00e4si ja heid\u00e4n k\u00e4ytt\u00e4ytymist\u00e4\u00e4n. Tarkista kumppaniohjelmatilisi s\u00e4\u00e4nn\u00f6llisesti n\u00e4hd\u00e4ksesi, tuotatko tuloja.<\/p>\n<p>K\u00e4yt\u00e4 hakukoneoptimointipalvelua l\u00f6yt\u00e4\u00e4ksesi lis\u00e4\u00e4 ensisijaiseen avainsanaasi liittyvi\u00e4 avainsanoja. Luo hakukoneoptimoitua sis\u00e4lt\u00f6\u00e4, joka kohdistuu n\u00e4ihin avainsanoihin. Enemm\u00e4n sis\u00e4lt\u00f6\u00e4 tuo enemm\u00e4n liikennett\u00e4 verkkosivustollesi ja kasvattaa palkkioitasi.<\/p>\n<p>Ajan my\u00f6t\u00e4, kun panostat, n\u00e4et l\u00e4hes varmasti positiivisen vaikutuksen k\u00e4vij\u00e4m\u00e4\u00e4riisi ja tuloihisi.<\/p>\n<p><em>Henkil\u00f6kohtaisella tasolla<\/em>: RedFoxLotto ja kumppanuusohjelman takana olevat ihmiset aloittivat kumppanuuksina yli 15 vuotta sitten. He ovat olleet varsin menestyksekk\u00e4it\u00e4 siit\u00e4 l\u00e4htien. Ja jos kysyt heilt\u00e4, \u200b\u200bmit\u00e4 he pit\u00e4v\u00e4t t\u00e4st\u00e4 liiketoiminnasta, he kertoisivat sinulle t\u00e4m\u00e4n:<\/p>\n<ul>\n<li>Rajaton ja maailmanlaajuinen ansaintapotentiaali<\/li>\n<li>Voit aloittaa affiliate-markkinointiliiketoimintasi l\u00e4hes ilman sijoituksia<\/li>\n<li>Se voi antaa sinulle taloudellisen riippumattomuuden<\/li>\n<li>Voit ty\u00f6skennell\u00e4 verkossa mist\u00e4 tahansa<\/li>\n<\/ul>\n","protected":false},"excerpt":{"rendered":"<p>Mit\u00e4 on affiliate-markkinointi? Monilla verkkokauppiailla on niin sanottuja affiliate-ohjelmia. Kuka tahansa voi luoda siell\u00e4 affiliate-tilin ja aloittaa tuotteidensa mainostamisen verkossa. Promoottori (sin\u00e4) saa palkkion maksavien asiakkaiden ohjaamisesta myyj\u00e4lle. Tarkista oikealla oleva valikko. Siell\u00e4 on linkki PDF-aloitusoppaaseen, jossa kerrotaan, miten aloittaa affiliate-liiketoiminta tyhj\u00e4st\u00e4 ja minimaalisella investoinnilla. Miten sinulle maksetaan? Kun olet<\/p>\n<p><a href=\"https:\/\/redfoxaffiliates.com\/fi\/kuinka-aloittaa-online-affiliate-liiketoiminta\/\" class=\"more-link\">Continue Reading<span class=\"screen-reader-text\">Kuinka aloittaa online-affiliate-liiketoiminta<\/span><\/a><\/p>\n","protected":false},"author":1,"featured_media":0,"parent":0,"menu_order":6,"comment_status":"closed","ping_status":"closed","template":"","meta":{"footnotes":""},"class_list":["post-330","page","type-page","status-publish","hentry"],"yoast_head":"<!-- This site is optimized with the Yoast SEO plugin v22.4 - https:\/\/yoast.com\/wordpress\/plugins\/seo\/ -->\n<title>Kuinka aloittaa ja kasvattaa online-affiliate-markkinointiliiketoimintaasi<\/title>\n<meta name=\"description\" content=\"Affiliate-liiketoiminnan menestyssuunnitelma. Aloita ansaitsemaan provisioita verkossa liittym\u00e4ll\u00e4 affiliate-kumppaniksi ja markkinointikumppaniksi\" \/>\n<meta name=\"robots\" content=\"index, follow, max-snippet:-1, max-image-preview:large, max-video-preview:-1\" \/>\n<link rel=\"canonical\" href=\"https:\/\/redfoxaffiliates.com\/how-to-start-an-online-affiliate-marketing-business\/\" \/>\n<meta property=\"og:locale\" content=\"fi_FI\" \/>\n<meta property=\"og:type\" content=\"article\" \/>\n<meta property=\"og:title\" content=\"Kuinka aloittaa ja kasvattaa online-affiliate-markkinointiliiketoimintaasi\" \/>\n<meta property=\"og:description\" content=\"Affiliate-liiketoiminnan menestyssuunnitelma. Aloita ansaitsemaan provisioita verkossa liittym\u00e4ll\u00e4 affiliate-kumppaniksi ja markkinointikumppaniksi\" \/>\n<meta property=\"og:url\" content=\"https:\/\/redfoxaffiliates.com\/how-to-start-an-online-affiliate-marketing-business\/\" \/>\n<meta property=\"og:site_name\" content=\"RedFoxLotto Affiliate Program\" \/>\n<meta name=\"twitter:card\" content=\"summary_large_image\" \/>\n<meta name=\"twitter:label1\" content=\"Arvioitu lukuaika\" \/>\n\t<meta name=\"twitter:data1\" content=\"7 minuuttia\" \/>\n<script type=\"application\/ld+json\" class=\"yoast-schema-graph\">{\"@context\":\"https:\/\/schema.org\",\"@graph\":[{\"@type\":\"WebPage\",\"@id\":\"https:\/\/redfoxaffiliates.com\/how-to-start-an-online-affiliate-marketing-business\/\",\"url\":\"https:\/\/redfoxaffiliates.com\/how-to-start-an-online-affiliate-marketing-business\/\",\"name\":\"Kuinka aloittaa ja kasvattaa online-affiliate-markkinointiliiketoimintaasi\",\"isPartOf\":{\"@id\":\"https:\/\/redfoxaffiliates.com\/#website\"},\"datePublished\":\"2026-01-01T20:15:19+00:00\",\"dateModified\":\"2026-01-01T20:15:19+00:00\",\"description\":\"Affiliate-liiketoiminnan menestyssuunnitelma. Aloita ansaitsemaan provisioita verkossa liittym\u00e4ll\u00e4 affiliate-kumppaniksi ja markkinointikumppaniksi\",\"breadcrumb\":{\"@id\":\"https:\/\/redfoxaffiliates.com\/how-to-start-an-online-affiliate-marketing-business\/#breadcrumb\"},\"inLanguage\":\"fi\",\"potentialAction\":[{\"@type\":\"ReadAction\",\"target\":[\"https:\/\/redfoxaffiliates.com\/how-to-start-an-online-affiliate-marketing-business\/\"]}]},{\"@type\":\"BreadcrumbList\",\"@id\":\"https:\/\/redfoxaffiliates.com\/how-to-start-an-online-affiliate-marketing-business\/#breadcrumb\",\"itemListElement\":[{\"@type\":\"ListItem\",\"position\":1,\"name\":\"Home\",\"item\":\"https:\/\/redfoxaffiliates.com\/fi\/koti\/\"},{\"@type\":\"ListItem\",\"position\":2,\"name\":\"Kuinka aloittaa online-affiliate-liiketoiminta\"}]},{\"@type\":\"WebSite\",\"@id\":\"https:\/\/redfoxaffiliates.com\/#website\",\"url\":\"https:\/\/redfoxaffiliates.com\/\",\"name\":\"RedFoxLotto Affiliate Program\",\"description\":\"The site for marketing partners of RedFoxLotto.com\",\"potentialAction\":[{\"@type\":\"SearchAction\",\"target\":{\"@type\":\"EntryPoint\",\"urlTemplate\":\"https:\/\/redfoxaffiliates.com\/?s={search_term_string}\"},\"query-input\":\"required name=search_term_string\"}],\"inLanguage\":\"fi\"}]}<\/script>\n<!-- \/ Yoast SEO plugin. -->","yoast_head_json":{"title":"Kuinka aloittaa ja kasvattaa online-affiliate-markkinointiliiketoimintaasi","description":"Affiliate-liiketoiminnan menestyssuunnitelma. Aloita ansaitsemaan provisioita verkossa liittym\u00e4ll\u00e4 affiliate-kumppaniksi ja markkinointikumppaniksi","robots":{"index":"index","follow":"follow","max-snippet":"max-snippet:-1","max-image-preview":"max-image-preview:large","max-video-preview":"max-video-preview:-1"},"canonical":"https:\/\/redfoxaffiliates.com\/how-to-start-an-online-affiliate-marketing-business\/","og_locale":"fi_FI","og_type":"article","og_title":"Kuinka aloittaa ja kasvattaa online-affiliate-markkinointiliiketoimintaasi","og_description":"Affiliate-liiketoiminnan menestyssuunnitelma. Aloita ansaitsemaan provisioita verkossa liittym\u00e4ll\u00e4 affiliate-kumppaniksi ja markkinointikumppaniksi","og_url":"https:\/\/redfoxaffiliates.com\/how-to-start-an-online-affiliate-marketing-business\/","og_site_name":"RedFoxLotto Affiliate Program","twitter_card":"summary_large_image","twitter_misc":{"Arvioitu lukuaika":"7 minuuttia"},"schema":{"@context":"https:\/\/schema.org","@graph":[{"@type":"WebPage","@id":"https:\/\/redfoxaffiliates.com\/how-to-start-an-online-affiliate-marketing-business\/","url":"https:\/\/redfoxaffiliates.com\/how-to-start-an-online-affiliate-marketing-business\/","name":"Kuinka aloittaa ja kasvattaa online-affiliate-markkinointiliiketoimintaasi","isPartOf":{"@id":"https:\/\/redfoxaffiliates.com\/#website"},"datePublished":"2026-01-01T20:15:19+00:00","dateModified":"2026-01-01T20:15:19+00:00","description":"Affiliate-liiketoiminnan menestyssuunnitelma. Aloita ansaitsemaan provisioita verkossa liittym\u00e4ll\u00e4 affiliate-kumppaniksi ja markkinointikumppaniksi","breadcrumb":{"@id":"https:\/\/redfoxaffiliates.com\/how-to-start-an-online-affiliate-marketing-business\/#breadcrumb"},"inLanguage":"fi","potentialAction":[{"@type":"ReadAction","target":["https:\/\/redfoxaffiliates.com\/how-to-start-an-online-affiliate-marketing-business\/"]}]},{"@type":"BreadcrumbList","@id":"https:\/\/redfoxaffiliates.com\/how-to-start-an-online-affiliate-marketing-business\/#breadcrumb","itemListElement":[{"@type":"ListItem","position":1,"name":"Home","item":"https:\/\/redfoxaffiliates.com\/fi\/koti\/"},{"@type":"ListItem","position":2,"name":"Kuinka aloittaa online-affiliate-liiketoiminta"}]},{"@type":"WebSite","@id":"https:\/\/redfoxaffiliates.com\/#website","url":"https:\/\/redfoxaffiliates.com\/","name":"RedFoxLotto Affiliate Program","description":"The site for marketing partners of RedFoxLotto.com","potentialAction":[{"@type":"SearchAction","target":{"@type":"EntryPoint","urlTemplate":"https:\/\/redfoxaffiliates.com\/?s={search_term_string}"},"query-input":"required name=search_term_string"}],"inLanguage":"fi"}]}},"_links":{"self":[{"href":"https:\/\/redfoxaffiliates.com\/fi\/wp-json\/wp\/v2\/pages\/330","targetHints":{"allow":["GET"]}}],"collection":[{"href":"https:\/\/redfoxaffiliates.com\/fi\/wp-json\/wp\/v2\/pages"}],"about":[{"href":"https:\/\/redfoxaffiliates.com\/fi\/wp-json\/wp\/v2\/types\/page"}],"author":[{"embeddable":true,"href":"https:\/\/redfoxaffiliates.com\/fi\/wp-json\/wp\/v2\/users\/1"}],"replies":[{"embeddable":true,"href":"https:\/\/redfoxaffiliates.com\/fi\/wp-json\/wp\/v2\/comments?post=330"}],"version-history":[{"count":0,"href":"https:\/\/redfoxaffiliates.com\/fi\/wp-json\/wp\/v2\/pages\/330\/revisions"}],"wp:attachment":[{"href":"https:\/\/redfoxaffiliates.com\/fi\/wp-json\/wp\/v2\/media?parent=330"}],"curies":[{"name":"wp","href":"https:\/\/api.w.org\/{rel}","templated":true}]}}