{"id":307,"date":"2023-07-15T13:46:59","date_gmt":"2023-07-15T11:46:59","guid":{"rendered":"https:\/\/redfoxaffiliates.com\/ukk\/"},"modified":"2023-07-15T13:46:59","modified_gmt":"2023-07-15T11:46:59","slug":"ukk","status":"publish","type":"page","link":"https:\/\/redfoxaffiliates.com\/fi\/ukk\/","title":{"rendered":"UKK"},"content":{"rendered":"<h2>Mit\u00e4 kumppanuus tarkoittaa?<\/h2>\n<p>Kumppanuus on markkinointistrategia. Monet tuotteet, palvelut ja verkkosivustot k\u00e4ytt\u00e4v\u00e4t kumppaneita markkinoidakseen tuotteitaan ja palveluitaan. Jokainen RedFoxLotto.comin kumppani voi mainostaa meit\u00e4.<\/p>\n<h2>Onko liittymisest\u00e4 tai rekister\u00f6itymisest\u00e4 kuluja?<\/h2>\n<p>Ei. Liittyminen kumppaniohjelmaamme on t\u00e4ysin maksutonta. Ainoat kulut, joita sinulle aiheutuu, ovat verkkosivustojesi yll\u00e4pitokustannukset tai omien markkinointimateriaalien hankkiminen.<\/p>\n<h2>Kuinka voin mainostaa teit\u00e4?<\/h2>\n<p>Voit k\u00e4ytt\u00e4\u00e4 kaikenlaisia online- ja offline-strategioita. T\u00e4ss\u00e4 on kaksi yleisint\u00e4 tapaa:<\/p>\n<ul>\n<li>Voit rakentaa verkkosivuston (arpajaisiin liittyv\u00e4n tai muun) ja k\u00e4ytt\u00e4\u00e4 sit\u00e4 RedFoxLotton mainostamiseen. Hanki liikennett\u00e4 sijoittumalla hakukoneiden hakutuloksissa avainsanoilla ja mainosta sivustoasi sosiaalisessa mediassa. Lis\u00e4\u00e4 liikennett\u00e4 verkkosivustollesi tarkoittaa enemm\u00e4n klikkauksia RedFoxLottoon \u2013 mik\u00e4 tarkoittaa enemm\u00e4n rahaa sinulle.<\/li>\n<li>Luo arpajaissivusto, k\u00e4yt\u00e4 RedFoxLotto.com-sivustoon viittaavia kumppanilinkkej\u00e4 ja mainosta sitten sivustoasi offline-tilassa.<\/li>\n<\/ul>\n<h2>Kuinka paljon voin ansaita?<\/h2>\n<p>Ei ole mit\u00e4\u00e4n rajoitusta. Saat prosenttiosuuden tuottamastasi nettomyynnist\u00e4. Ja jokaisesta kuukaudesta, jonka aikana tuotat suurempia provisioita, prosenttiosuutesi nousee. Lue t\u00e4m\u00e4 artikkeli saadaksesi lis\u00e4tietoja.<\/p>\n<h2>Mik\u00e4 on kumppanilinkki?<\/h2>\n<p>Affiliate-linkki on linkki, joka sis\u00e4lt\u00e4\u00e4 seurantakoodin \u2013 yksil\u00f6llisen tunnisteen, joka on liitetty vain sinun affiliate-tiliisi. Upotat n\u00e4m\u00e4 linkit verkkosivustollesi. Sitten joku verkkosivustosi k\u00e4vij\u00f6ist\u00e4 napsauttaa linkki\u00e4 ja tekee ostoksen RedFoxLotto.com-sivustolla. Affiliate-j\u00e4rjestelm\u00e4mme tunnistaa kyseisen seurantakoodin avulla uuden asiakkaan sinun tuottamaksi asiakkaaksi. Saat provisiota t\u00e4st\u00e4 myynnist\u00e4. My\u00f6s asiakkaan tulevat ostot tuottavat sinulle provisiota.<\/p>\n<p>Aina kun asiakas vierailee sivustollamme klikkaamalla yht\u00e4 affiliate-linkki\u00e4si, h\u00e4nen laitteelleen luodaan ev\u00e4ste. T\u00e4m\u00e4 varmistaa, ett\u00e4 vaikka h\u00e4n ei tekisi ostosta ensimm\u00e4isell\u00e4 vierailullaan, mutta palaisi my\u00f6hemmin ostamaan arpalippuja, h\u00e4net tunnistettaisiin silti \u201dsinun\u201d myynniksi.<\/p>\n<h2>Ent\u00e4 kumppanitilin kirjautuminen?<\/h2>\n<p>Kun olet rekister\u00f6itynyt sivustollemme, tarkistamme rekister\u00f6itymisesi. Sen j\u00e4lkeen luomme sinulle kumppanitilin. Sitten l\u00e4het\u00e4mme sinulle s\u00e4hk\u00f6postin, jossa on URL-osoite kumppanitilillesi kirjautumista varten, k\u00e4ytt\u00e4j\u00e4tunnus ja v\u00e4liaikainen salasana. Kun olet kirjautunut tilillesi (kumppanien hallintapaneeliin), voit vaihtaa salasanan ja tarkistaa, ett\u00e4 kaikki henkil\u00f6kohtaiset tietosi ovat oikein.<\/p>\n<p>Voit luoda kampanjoita, joissa on erilliset affiliate-linkit eri markkinointitoiminnoille. Oletetaan, ett\u00e4 sinulla on useita verkkosivustoja. T\u00e4ll\u00f6in sinun kannattaa luoda yksi kampanja kutakin verkkosivustoa kohti. N\u00e4in voit seurata kunkin verkkosivuston tuloksia erikseen.<\/p>\n<p>Affiliate-backendiss\u00e4 voit my\u00f6s tarkastella k\u00e4vij\u00e4tilastoja ja provisioraportteja. Sielt\u00e4 voit my\u00f6s ladata markkinointimateriaalia, jota voit k\u00e4ytt\u00e4\u00e4 tuotteidemme mainostamiseen.<\/p>\n<h2>Provisiopalkkiot<\/h2>\n<p>Joka kuun 15. p\u00e4iv\u00e4n\u00e4 maksamme sinulle edellisen kuukauden aikana ansaitsemasi provisiot. Skrill, Neteller ja pankkisiirto ovat tavallisimmat maksutavat, mutta my\u00f6s muut vaihtoehdot ovat mahdollisia.<\/p>\n","protected":false},"excerpt":{"rendered":"<p>Mit\u00e4 kumppanuus tarkoittaa? Kumppanuus on markkinointistrategia. Monet tuotteet, palvelut ja verkkosivustot k\u00e4ytt\u00e4v\u00e4t kumppaneita markkinoidakseen tuotteitaan ja palveluitaan. Jokainen RedFoxLotto.comin kumppani voi mainostaa meit\u00e4. Onko liittymisest\u00e4 tai rekister\u00f6itymisest\u00e4 kuluja? Ei. Liittyminen kumppaniohjelmaamme on t\u00e4ysin maksutonta. Ainoat kulut, joita sinulle aiheutuu, ovat verkkosivustojesi yll\u00e4pitokustannukset tai omien markkinointimateriaalien hankkiminen. Kuinka voin mainostaa teit\u00e4?<\/p>\n<p><a href=\"https:\/\/redfoxaffiliates.com\/fi\/ukk\/\" class=\"more-link\">Continue Reading<span class=\"screen-reader-text\">UKK<\/span><\/a><\/p>\n","protected":false},"author":1,"featured_media":0,"parent":0,"menu_order":3,"comment_status":"closed","ping_status":"closed","template":"","meta":{"footnotes":""},"class_list":["post-307","page","type-page","status-publish","hentry"],"yoast_head":"<!-- This site is optimized with the Yoast SEO plugin v22.4 - https:\/\/yoast.com\/wordpress\/plugins\/seo\/ -->\n<title>Usein kysyttyj\u00e4 kysymyksi\u00e4 affiliate-markkinoinnista arpajaismarkkinoilla<\/title>\n<meta name=\"description\" content=\"L\u00f6yd\u00e4 vastaukset kysymyksiisi arpajaisten affiliate-markkinoinnista yleens\u00e4 ja RedFoxLotton affiliate-ohjelmasta erityisesti.\" \/>\n<meta name=\"robots\" content=\"index, follow, max-snippet:-1, max-image-preview:large, max-video-preview:-1\" \/>\n<link rel=\"canonical\" href=\"https:\/\/redfoxaffiliates.com\/faq\/\" \/>\n<meta property=\"og:locale\" content=\"fi_FI\" \/>\n<meta property=\"og:type\" content=\"article\" \/>\n<meta property=\"og:title\" content=\"Usein kysyttyj\u00e4 kysymyksi\u00e4 affiliate-markkinoinnista arpajaismarkkinoilla\" \/>\n<meta property=\"og:description\" content=\"L\u00f6yd\u00e4 vastaukset kysymyksiisi arpajaisten affiliate-markkinoinnista yleens\u00e4 ja RedFoxLotton affiliate-ohjelmasta erityisesti.\" \/>\n<meta property=\"og:url\" content=\"https:\/\/redfoxaffiliates.com\/faq\/\" \/>\n<meta property=\"og:site_name\" content=\"RedFoxLotto Affiliate Program\" \/>\n<meta name=\"twitter:card\" content=\"summary_large_image\" \/>\n<meta name=\"twitter:label1\" content=\"Arvioitu lukuaika\" \/>\n\t<meta name=\"twitter:data1\" content=\"2 minuuttia\" \/>\n<script type=\"application\/ld+json\" class=\"yoast-schema-graph\">{\"@context\":\"https:\/\/schema.org\",\"@graph\":[{\"@type\":\"WebPage\",\"@id\":\"https:\/\/redfoxaffiliates.com\/faq\/\",\"url\":\"https:\/\/redfoxaffiliates.com\/faq\/\",\"name\":\"Usein kysyttyj\u00e4 kysymyksi\u00e4 affiliate-markkinoinnista arpajaismarkkinoilla\",\"isPartOf\":{\"@id\":\"https:\/\/redfoxaffiliates.com\/#website\"},\"datePublished\":\"2023-07-15T11:46:59+00:00\",\"dateModified\":\"2023-07-15T11:46:59+00:00\",\"description\":\"L\u00f6yd\u00e4 vastaukset kysymyksiisi arpajaisten affiliate-markkinoinnista yleens\u00e4 ja RedFoxLotton affiliate-ohjelmasta erityisesti.\",\"breadcrumb\":{\"@id\":\"https:\/\/redfoxaffiliates.com\/faq\/#breadcrumb\"},\"inLanguage\":\"fi\",\"potentialAction\":[{\"@type\":\"ReadAction\",\"target\":[\"https:\/\/redfoxaffiliates.com\/faq\/\"]}]},{\"@type\":\"BreadcrumbList\",\"@id\":\"https:\/\/redfoxaffiliates.com\/faq\/#breadcrumb\",\"itemListElement\":[{\"@type\":\"ListItem\",\"position\":1,\"name\":\"Home\",\"item\":\"https:\/\/redfoxaffiliates.com\/fi\/koti\/\"},{\"@type\":\"ListItem\",\"position\":2,\"name\":\"UKK\"}]},{\"@type\":\"WebSite\",\"@id\":\"https:\/\/redfoxaffiliates.com\/#website\",\"url\":\"https:\/\/redfoxaffiliates.com\/\",\"name\":\"RedFoxLotto Affiliate Program\",\"description\":\"The site for marketing partners of RedFoxLotto.com\",\"potentialAction\":[{\"@type\":\"SearchAction\",\"target\":{\"@type\":\"EntryPoint\",\"urlTemplate\":\"https:\/\/redfoxaffiliates.com\/?s={search_term_string}\"},\"query-input\":\"required name=search_term_string\"}],\"inLanguage\":\"fi\"}]}<\/script>\n<!-- \/ Yoast SEO plugin. -->","yoast_head_json":{"title":"Usein kysyttyj\u00e4 kysymyksi\u00e4 affiliate-markkinoinnista arpajaismarkkinoilla","description":"L\u00f6yd\u00e4 vastaukset kysymyksiisi arpajaisten affiliate-markkinoinnista yleens\u00e4 ja RedFoxLotton affiliate-ohjelmasta erityisesti.","robots":{"index":"index","follow":"follow","max-snippet":"max-snippet:-1","max-image-preview":"max-image-preview:large","max-video-preview":"max-video-preview:-1"},"canonical":"https:\/\/redfoxaffiliates.com\/faq\/","og_locale":"fi_FI","og_type":"article","og_title":"Usein kysyttyj\u00e4 kysymyksi\u00e4 affiliate-markkinoinnista arpajaismarkkinoilla","og_description":"L\u00f6yd\u00e4 vastaukset kysymyksiisi arpajaisten affiliate-markkinoinnista yleens\u00e4 ja RedFoxLotton affiliate-ohjelmasta erityisesti.","og_url":"https:\/\/redfoxaffiliates.com\/faq\/","og_site_name":"RedFoxLotto Affiliate Program","twitter_card":"summary_large_image","twitter_misc":{"Arvioitu lukuaika":"2 minuuttia"},"schema":{"@context":"https:\/\/schema.org","@graph":[{"@type":"WebPage","@id":"https:\/\/redfoxaffiliates.com\/faq\/","url":"https:\/\/redfoxaffiliates.com\/faq\/","name":"Usein kysyttyj\u00e4 kysymyksi\u00e4 affiliate-markkinoinnista arpajaismarkkinoilla","isPartOf":{"@id":"https:\/\/redfoxaffiliates.com\/#website"},"datePublished":"2023-07-15T11:46:59+00:00","dateModified":"2023-07-15T11:46:59+00:00","description":"L\u00f6yd\u00e4 vastaukset kysymyksiisi arpajaisten affiliate-markkinoinnista yleens\u00e4 ja RedFoxLotton affiliate-ohjelmasta erityisesti.","breadcrumb":{"@id":"https:\/\/redfoxaffiliates.com\/faq\/#breadcrumb"},"inLanguage":"fi","potentialAction":[{"@type":"ReadAction","target":["https:\/\/redfoxaffiliates.com\/faq\/"]}]},{"@type":"BreadcrumbList","@id":"https:\/\/redfoxaffiliates.com\/faq\/#breadcrumb","itemListElement":[{"@type":"ListItem","position":1,"name":"Home","item":"https:\/\/redfoxaffiliates.com\/fi\/koti\/"},{"@type":"ListItem","position":2,"name":"UKK"}]},{"@type":"WebSite","@id":"https:\/\/redfoxaffiliates.com\/#website","url":"https:\/\/redfoxaffiliates.com\/","name":"RedFoxLotto Affiliate Program","description":"The site for marketing partners of RedFoxLotto.com","potentialAction":[{"@type":"SearchAction","target":{"@type":"EntryPoint","urlTemplate":"https:\/\/redfoxaffiliates.com\/?s={search_term_string}"},"query-input":"required name=search_term_string"}],"inLanguage":"fi"}]}},"_links":{"self":[{"href":"https:\/\/redfoxaffiliates.com\/fi\/wp-json\/wp\/v2\/pages\/307","targetHints":{"allow":["GET"]}}],"collection":[{"href":"https:\/\/redfoxaffiliates.com\/fi\/wp-json\/wp\/v2\/pages"}],"about":[{"href":"https:\/\/redfoxaffiliates.com\/fi\/wp-json\/wp\/v2\/types\/page"}],"author":[{"embeddable":true,"href":"https:\/\/redfoxaffiliates.com\/fi\/wp-json\/wp\/v2\/users\/1"}],"replies":[{"embeddable":true,"href":"https:\/\/redfoxaffiliates.com\/fi\/wp-json\/wp\/v2\/comments?post=307"}],"version-history":[{"count":0,"href":"https:\/\/redfoxaffiliates.com\/fi\/wp-json\/wp\/v2\/pages\/307\/revisions"}],"wp:attachment":[{"href":"https:\/\/redfoxaffiliates.com\/fi\/wp-json\/wp\/v2\/media?parent=307"}],"curies":[{"name":"wp","href":"https:\/\/api.w.org\/{rel}","templated":true}]}}