{"id":283,"date":"2023-07-15T13:37:01","date_gmt":"2023-07-15T11:37:01","guid":{"rendered":"https:\/\/redfoxaffiliates.com\/ansaitse-rahaa-affiliate-markkinoinnin-avulla\/"},"modified":"2023-07-15T13:37:01","modified_gmt":"2023-07-15T11:37:01","slug":"ansaitse-rahaa-affiliate-markkinoinnin-avulla","status":"publish","type":"page","link":"https:\/\/redfoxaffiliates.com\/fi\/ansaitse-rahaa-affiliate-markkinoinnin-avulla\/","title":{"rendered":"Ansaitse rahaa affiliate-markkinoinnin avulla"},"content":{"rendered":"<h2>Ansaitse provisioita \u2013 ansaitse rahaa mainostamalla RedFoxLottoa affiliate-kumppaninamme.<\/h2>\n<p>Kaikki asiakkaat, jotka tuot meille, ovat asiakkaitasi elini\u00e4n ajan. Sinun tuottamistasi asiakkaista ansaitsemillesi provisioille ei ole aikarajaa. Asiakkaita ei poisteta affiliate-tililt\u00e4si koskaan. Siksi affiliate-ohjelmamme on arpajaistoimialan paras.<\/p>\n<p>Provisiot maksetaan tulonjakoperiaatteella, eli online-viittauksistasi syntyv\u00e4 arpajaismyynti m\u00e4\u00e4r\u00e4\u00e4 ansaitsemasi tulot kumppaniohjelmastamme.<\/p>\n<p>Kumppaniprovisiot jaetaan nelj\u00e4\u00e4n tasoon:<br \/>\nbruttomyynti alle 20 000,00 \u20ac: 8 % bruttomyynnist\u00e4<br \/>\nbruttomyynti 20 000,00 \u20ac \u2013 50 000,00 \u20ac: 10 % nettomyynnist\u00e4<br \/>\nbruttomyynti yli 50 000,00 \u20ac: 12 % nettomyynnist\u00e4<\/p>\n<p>Korkeampi provisio-prosentti koskee vain sit\u00e4 kuukautta, jonka aikana kertynyt kokonaisprovisio ylitt\u00e4\u00e4 m\u00e4\u00e4ritetyn summan. Jos provisio on seuraavassa kuussa pienempi, sovelletaan nykyist\u00e4 provisiota vastaavaa provisioprosenttia.<\/p>\n<h2>Miksi ei CPA? Miksi tulonjako on paras vaihtoehto?<\/h2>\n<p>Jos et ole perehtynyt termiin CPA, se tarkoittaa Cost Per Action (toimenpideperusteinen maksu): saat kertamaksun jokaisesta asiakkaasta, joka tekee ensimm\u00e4isen verkkokauppaostoksensa. Jotkut kumppaniohjelmat maksavat CPA-provision vasta, kun pelaaja on t\u00e4ytt\u00e4nyt v\u00e4himm\u00e4isostovaatimuksen.<\/p>\n<p>CPA-provisio-malli ei kuitenkaan ole j\u00e4rkev\u00e4 t\u00e4ss\u00e4 nimenomaisessa toimialassa. Ensinn\u00e4kin ensimm\u00e4isen tallettajan elinkaari on paljon pidempi kuin miss\u00e4\u00e4n muussa verkkopelaamisen toimialassa. Lotto-pelaajat ostavat yleens\u00e4 arpajaislippuja koko el\u00e4m\u00e4ns\u00e4 ajan. Toiseksi parhaat asiakkaamme ostavat verkossa arpajaislippuja satojen eurojen arvosta yhdell\u00e4 kertaa. T\u00e4m\u00e4 tapahtuu useammin, kun jackpotit ovat eritt\u00e4in korkeita, ja se on yksi syy, miksi pidemm\u00e4ll\u00e4 aikav\u00e4lill\u00e4 ansaitset enemm\u00e4n rahaa kumppaniohjelmalla, joka maksaa tulojen jakoperusteisesti.<\/p>\n<p>Yleens\u00e4 arpajaistoimialalla paras vaihtoehto on mainostaa kumppaniohjelmaa, jossa on elinik\u00e4inen prosenttiosuussopimus. Poikkeustapauksissa, kun olet ty\u00f6skennellyt kanssamme jonkin aikaa, voidaan keskustella CPA-sopimuksesta, joka perustuu tuomiesi asiakkaiden suorituskykyyn.<\/p>\n<h2>Alikumppanien provisio<\/h2>\n<p>Jokaisesta tuomastasi alikumppanista ansaitset 2 % kyseisen kumppanin tuottaman arpajaisten bruttomyynnin arvosta.<\/p>\n","protected":false},"excerpt":{"rendered":"<p>Ansaitse provisioita \u2013 ansaitse rahaa mainostamalla RedFoxLottoa affiliate-kumppaninamme. Kaikki asiakkaat, jotka tuot meille, ovat asiakkaitasi elini\u00e4n ajan. Sinun tuottamistasi asiakkaista ansaitsemillesi provisioille ei ole aikarajaa. Asiakkaita ei poisteta affiliate-tililt\u00e4si koskaan. Siksi affiliate-ohjelmamme on arpajaistoimialan paras. Provisiot maksetaan tulonjakoperiaatteella, eli online-viittauksistasi syntyv\u00e4 arpajaismyynti m\u00e4\u00e4r\u00e4\u00e4 ansaitsemasi tulot kumppaniohjelmastamme. Kumppaniprovisiot jaetaan nelj\u00e4\u00e4n tasoon:<\/p>\n<p><a href=\"https:\/\/redfoxaffiliates.com\/fi\/ansaitse-rahaa-affiliate-markkinoinnin-avulla\/\" class=\"more-link\">Continue Reading<span class=\"screen-reader-text\">Ansaitse rahaa affiliate-markkinoinnin avulla<\/span><\/a><\/p>\n","protected":false},"author":1,"featured_media":0,"parent":0,"menu_order":2,"comment_status":"closed","ping_status":"closed","template":"","meta":{"footnotes":""},"class_list":["post-283","page","type-page","status-publish","hentry"],"yoast_head":"<!-- This site is optimized with the Yoast SEO plugin v22.4 - https:\/\/yoast.com\/wordpress\/plugins\/seo\/ -->\n<title>Kuinka ansaita rahaa arpajaisten kumppaniohjelmallamme<\/title>\n<meta name=\"description\" content=\"Jokaisesta suosittelusta ansaitset elinik\u00e4isen provision kaikista heid\u00e4n ostoksistaan. Katso, kuinka paljon rahaa voit ansaita kumppaniohjelmallamme\" \/>\n<meta name=\"robots\" content=\"index, follow, max-snippet:-1, max-image-preview:large, max-video-preview:-1\" \/>\n<link rel=\"canonical\" href=\"https:\/\/redfoxaffiliates.com\/make-money-with-our-lottery-affliate-program\/\" \/>\n<meta property=\"og:locale\" content=\"fi_FI\" \/>\n<meta property=\"og:type\" content=\"article\" \/>\n<meta property=\"og:title\" content=\"Kuinka ansaita rahaa arpajaisten kumppaniohjelmallamme\" \/>\n<meta property=\"og:description\" content=\"Jokaisesta suosittelusta ansaitset elinik\u00e4isen provision kaikista heid\u00e4n ostoksistaan. Katso, kuinka paljon rahaa voit ansaita kumppaniohjelmallamme\" \/>\n<meta property=\"og:url\" content=\"https:\/\/redfoxaffiliates.com\/make-money-with-our-lottery-affliate-program\/\" \/>\n<meta property=\"og:site_name\" content=\"RedFoxLotto Affiliate Program\" \/>\n<meta name=\"twitter:card\" content=\"summary_large_image\" \/>\n<meta name=\"twitter:label1\" content=\"Arvioitu lukuaika\" \/>\n\t<meta name=\"twitter:data1\" content=\"1 minuutti\" \/>\n<script type=\"application\/ld+json\" class=\"yoast-schema-graph\">{\"@context\":\"https:\/\/schema.org\",\"@graph\":[{\"@type\":\"WebPage\",\"@id\":\"https:\/\/redfoxaffiliates.com\/make-money-with-our-lottery-affliate-program\/\",\"url\":\"https:\/\/redfoxaffiliates.com\/make-money-with-our-lottery-affliate-program\/\",\"name\":\"Kuinka ansaita rahaa arpajaisten kumppaniohjelmallamme\",\"isPartOf\":{\"@id\":\"https:\/\/redfoxaffiliates.com\/#website\"},\"datePublished\":\"2023-07-15T11:37:01+00:00\",\"dateModified\":\"2023-07-15T11:37:01+00:00\",\"description\":\"Jokaisesta suosittelusta ansaitset elinik\u00e4isen provision kaikista heid\u00e4n ostoksistaan. Katso, kuinka paljon rahaa voit ansaita kumppaniohjelmallamme\",\"breadcrumb\":{\"@id\":\"https:\/\/redfoxaffiliates.com\/make-money-with-our-lottery-affliate-program\/#breadcrumb\"},\"inLanguage\":\"fi\",\"potentialAction\":[{\"@type\":\"ReadAction\",\"target\":[\"https:\/\/redfoxaffiliates.com\/make-money-with-our-lottery-affliate-program\/\"]}]},{\"@type\":\"BreadcrumbList\",\"@id\":\"https:\/\/redfoxaffiliates.com\/make-money-with-our-lottery-affliate-program\/#breadcrumb\",\"itemListElement\":[{\"@type\":\"ListItem\",\"position\":1,\"name\":\"Home\",\"item\":\"https:\/\/redfoxaffiliates.com\/fi\/koti\/\"},{\"@type\":\"ListItem\",\"position\":2,\"name\":\"Ansaitse rahaa affiliate-markkinoinnin avulla\"}]},{\"@type\":\"WebSite\",\"@id\":\"https:\/\/redfoxaffiliates.com\/#website\",\"url\":\"https:\/\/redfoxaffiliates.com\/\",\"name\":\"RedFoxLotto Affiliate Program\",\"description\":\"The site for marketing partners of RedFoxLotto.com\",\"potentialAction\":[{\"@type\":\"SearchAction\",\"target\":{\"@type\":\"EntryPoint\",\"urlTemplate\":\"https:\/\/redfoxaffiliates.com\/?s={search_term_string}\"},\"query-input\":\"required name=search_term_string\"}],\"inLanguage\":\"fi\"}]}<\/script>\n<!-- \/ Yoast SEO plugin. -->","yoast_head_json":{"title":"Kuinka ansaita rahaa arpajaisten kumppaniohjelmallamme","description":"Jokaisesta suosittelusta ansaitset elinik\u00e4isen provision kaikista heid\u00e4n ostoksistaan. Katso, kuinka paljon rahaa voit ansaita kumppaniohjelmallamme","robots":{"index":"index","follow":"follow","max-snippet":"max-snippet:-1","max-image-preview":"max-image-preview:large","max-video-preview":"max-video-preview:-1"},"canonical":"https:\/\/redfoxaffiliates.com\/make-money-with-our-lottery-affliate-program\/","og_locale":"fi_FI","og_type":"article","og_title":"Kuinka ansaita rahaa arpajaisten kumppaniohjelmallamme","og_description":"Jokaisesta suosittelusta ansaitset elinik\u00e4isen provision kaikista heid\u00e4n ostoksistaan. Katso, kuinka paljon rahaa voit ansaita kumppaniohjelmallamme","og_url":"https:\/\/redfoxaffiliates.com\/make-money-with-our-lottery-affliate-program\/","og_site_name":"RedFoxLotto Affiliate Program","twitter_card":"summary_large_image","twitter_misc":{"Arvioitu lukuaika":"1 minuutti"},"schema":{"@context":"https:\/\/schema.org","@graph":[{"@type":"WebPage","@id":"https:\/\/redfoxaffiliates.com\/make-money-with-our-lottery-affliate-program\/","url":"https:\/\/redfoxaffiliates.com\/make-money-with-our-lottery-affliate-program\/","name":"Kuinka ansaita rahaa arpajaisten kumppaniohjelmallamme","isPartOf":{"@id":"https:\/\/redfoxaffiliates.com\/#website"},"datePublished":"2023-07-15T11:37:01+00:00","dateModified":"2023-07-15T11:37:01+00:00","description":"Jokaisesta suosittelusta ansaitset elinik\u00e4isen provision kaikista heid\u00e4n ostoksistaan. Katso, kuinka paljon rahaa voit ansaita kumppaniohjelmallamme","breadcrumb":{"@id":"https:\/\/redfoxaffiliates.com\/make-money-with-our-lottery-affliate-program\/#breadcrumb"},"inLanguage":"fi","potentialAction":[{"@type":"ReadAction","target":["https:\/\/redfoxaffiliates.com\/make-money-with-our-lottery-affliate-program\/"]}]},{"@type":"BreadcrumbList","@id":"https:\/\/redfoxaffiliates.com\/make-money-with-our-lottery-affliate-program\/#breadcrumb","itemListElement":[{"@type":"ListItem","position":1,"name":"Home","item":"https:\/\/redfoxaffiliates.com\/fi\/koti\/"},{"@type":"ListItem","position":2,"name":"Ansaitse rahaa affiliate-markkinoinnin avulla"}]},{"@type":"WebSite","@id":"https:\/\/redfoxaffiliates.com\/#website","url":"https:\/\/redfoxaffiliates.com\/","name":"RedFoxLotto Affiliate Program","description":"The site for marketing partners of RedFoxLotto.com","potentialAction":[{"@type":"SearchAction","target":{"@type":"EntryPoint","urlTemplate":"https:\/\/redfoxaffiliates.com\/?s={search_term_string}"},"query-input":"required name=search_term_string"}],"inLanguage":"fi"}]}},"_links":{"self":[{"href":"https:\/\/redfoxaffiliates.com\/fi\/wp-json\/wp\/v2\/pages\/283","targetHints":{"allow":["GET"]}}],"collection":[{"href":"https:\/\/redfoxaffiliates.com\/fi\/wp-json\/wp\/v2\/pages"}],"about":[{"href":"https:\/\/redfoxaffiliates.com\/fi\/wp-json\/wp\/v2\/types\/page"}],"author":[{"embeddable":true,"href":"https:\/\/redfoxaffiliates.com\/fi\/wp-json\/wp\/v2\/users\/1"}],"replies":[{"embeddable":true,"href":"https:\/\/redfoxaffiliates.com\/fi\/wp-json\/wp\/v2\/comments?post=283"}],"version-history":[{"count":0,"href":"https:\/\/redfoxaffiliates.com\/fi\/wp-json\/wp\/v2\/pages\/283\/revisions"}],"wp:attachment":[{"href":"https:\/\/redfoxaffiliates.com\/fi\/wp-json\/wp\/v2\/media?parent=283"}],"curies":[{"name":"wp","href":"https:\/\/api.w.org\/{rel}","templated":true}]}}