{"id":259,"date":"2023-07-15T13:33:10","date_gmt":"2023-07-15T11:33:10","guid":{"rendered":"https:\/\/redfoxaffiliates.com\/miksi-ryhtya-arpajaisten-kumppaniksi\/"},"modified":"2023-07-15T13:33:10","modified_gmt":"2023-07-15T11:33:10","slug":"miksi-ryhtya-arpajaisten-kumppaniksi","status":"publish","type":"page","link":"https:\/\/redfoxaffiliates.com\/fi\/miksi-ryhtya-arpajaisten-kumppaniksi\/","title":{"rendered":"Miksi ryhty\u00e4 arpajaisten kumppaniksi?"},"content":{"rendered":"<h2>Mik\u00e4 on tuotteemme?<\/h2>\n<p>RedFoxLotto myy arpajaislippuja verkossa. Tarjoamme asiakkaillemme ymp\u00e4ri maailmaa mahdollisuuden osallistua arpajaisiin, joissa on valtavia p\u00e4\u00e4voittoja, kuten Yhdysvaltain Mega Millions ja Powerball sek\u00e4 suuret eurooppalaiset arpajaiset, kuten EuroMillions, EuroJackpot ja SuperEnalotto.<\/p>\n<p>Kauttamme asiakkaat voivat ostaa arpajaislippuja muista maista kuin omastaan. Jotta t\u00e4m\u00e4 on mahdollista, teemme yhteisty\u00f6t\u00e4 useiden agenttien kanssa, jotka sijaitsevat maissa, joissa arpajaiset j\u00e4rjestet\u00e4\u00e4n. Kun lippu on tilattu verkossa, yksi agenteistamme ostaa sen asiakkaillemme. Kun t\u00e4m\u00e4 on tehty, vahvistamme ostoksen asiakkaallemme. Aina kun lippu ostetaan kauttamme, k\u00e4sittelemme my\u00f6s maksut asiakkaillemme.<\/p>\n<p>Olet ehk\u00e4 kuullut termin \u201dtoissijainen arpajaismarkkina\u201d \u2013 se on t\u00e4m\u00e4n markkinan nimi. Miljardien dollarien teollisuutena arpajaiset eiv\u00e4t rajoitu paikallisiin tarjontoihin (jos asuinmaassa ylip\u00e4\u00e4t\u00e4\u00e4n j\u00e4rjestet\u00e4\u00e4n arpajaisia). Lippupalvelumme kysynt\u00e4 on eritt\u00e4in korkea. Erityisesti kun uutiset valtavista jackpot-voitoista p\u00e4\u00e4sev\u00e4t otsikoihin ymp\u00e4ri maailmaa, online-liput \u201dlent\u00e4v\u00e4t hyllyilt\u00e4\u201d, niin sanotusti.<\/p>\n<h2>Syit\u00e4 mainostaa RedFoxLottoa<\/h2>\n<h3>Erinomaiset konversiot<\/h3>\n<p>Sivustomme https:\/\/redfoxlotto.com on virtaviivaistettu, jotta ostoprosessi olisi mahdollisimman suoraviivainen. T\u00e4m\u00e4 on t\u00e4rke\u00e4\u00e4 korkean konversioasteen takaamiseksi. Mit\u00e4 paremmin konvertoimme liikenteesi, sit\u00e4 enemm\u00e4n rahaa ansaitset.<\/p>\n<h2>Erinomainen asiakaspysyvyys<\/h2>\n<p>Elinik\u00e4inen asiakasarvo on yksi t\u00e4m\u00e4n alan parhaista puolista. Suuri osa asiakkaistamme palaa ja ostaa lis\u00e4\u00e4 lippuja viikko toisensa j\u00e4lkeen vuosien ajan!<\/p>\n<h2>Erilaiset maksutavat ovat yht\u00e4 t\u00e4rkeit\u00e4<\/h2>\n<p>Pyrimme tarjoamaan laajan valikoiman vaihtoehtoja. T\u00e4m\u00e4 on t\u00e4rke\u00e4\u00e4, jotta k\u00e4vij\u00e4t kaikista maista voivat helposti maksaa lippunsa. Luottokorttimaksut muodostavat kuitenkin edelleen suurimman osan myynnist\u00e4. Bitcoin- ja eWallet-maksutavat ovat kuitenkin yh\u00e4 t\u00e4rke\u00e4mpi\u00e4.<\/p>\n<p>Olemme sitoutuneet rehelliseen ja eettiseen kumppaniohjelmaan. Useimmat t\u00e4m\u00e4n alan ohjelmat ovat tunnettuja siit\u00e4, ett\u00e4 ne huijaavat kumppaneitaan tavalla tai toisella. Entinen kumppani perusti RedFoxLotto-br\u00e4ndin. Sama entinen kumppani vastaa kumppaniohjelmasta. Lue artikkeli kumppanuudesta ja eettisyydest\u00e4 \u2013 se auttaa sinua ymm\u00e4rt\u00e4m\u00e4\u00e4n paremmin, mist\u00e4 olemme l\u00e4hteneet liikkeelle.<\/p>\n<h2>Alan standardia korkeammat provisioprosentit<\/h2>\n<p>Ansaitse jopa 12 % suosittelujesi tuottaman bruttomyynnin arvosta.<\/p>\n<h2>Toisen tason kumppanuus<\/h2>\n<p>T\u00e4m\u00e4 tarkoittaa, ett\u00e4 jos tuot lis\u00e4\u00e4 alikumppaneita, ansaitset my\u00f6s 2 %:n provisioprosentin heid\u00e4n suosittelujensa tuottamista myynneist\u00e4.<\/p>\n<h2>Provisioiden t\u00e4sm\u00e4llinen maksu<\/h2>\n<p>Maksamme edellisen kuukauden provisiot seuraavan kuukauden 15. p\u00e4iv\u00e4n\u00e4. Voit valita useista maksutavoista.<\/p>\n<h2>Kuka voi tulla kumppaniksi ja miten voit mainostaa meit\u00e4?<\/h2>\n<p>No, kirjaimellisesti kuka tahansa! Sinulla voi olla arpajaisiin liittyv\u00e4 verkkosivusto. Siin\u00e4 tapauksessa konversioasteesi on korkea, koska tuotteemme resonoi kohdeyleis\u00f6si kanssa.<\/p>\n<p>Tai sinulla on eri aiheesta verkkosivusto ja etsit tapoja ansaita rahaa sivustosi k\u00e4vij\u00e4m\u00e4\u00e4rill\u00e4. Kaikki rakastavat pelata lottoa, ja ansaitsemasi tulot riippuvat p\u00e4\u00e4asiassa verkkosivustosi k\u00e4vij\u00e4m\u00e4\u00e4rist\u00e4.<\/p>\n<p>S\u00e4hk\u00f6postilistat ovat erinomainen ty\u00f6kalu uusien asiakkaiden hankkimiseen. Emme suvaitse roskapostia, joten varmista, ett\u00e4 s\u00e4hk\u00f6postilistallasi on vain yhteystietoja, jotka ovat suostuneet vastaanottamaan markkinointis\u00e4hk\u00f6postejasi.<\/p>\n<p>Jotkut kumppanimme k\u00e4ytt\u00e4v\u00e4t offline-strategioita mainostaakseen meit\u00e4. He ovat rakentaneet oman arpajaissivustonsa, jossa on RedFoxLotto.com-sivustoon ohjaavia kumppanilinkkej\u00e4. Sitten he jakavat esitteit\u00e4, k\u00e4yntikortteja ja muuta markkinointimateriaalia, jolla mainostavat verkkosivustoaan, mik\u00e4 lis\u00e4\u00e4 liikennett\u00e4 ja lopulta myynti\u00e4 RedFoxLotto.com-sivustolla.<\/p>\n","protected":false},"excerpt":{"rendered":"<p>Mik\u00e4 on tuotteemme? RedFoxLotto myy arpajaislippuja verkossa. Tarjoamme asiakkaillemme ymp\u00e4ri maailmaa mahdollisuuden osallistua arpajaisiin, joissa on valtavia p\u00e4\u00e4voittoja, kuten Yhdysvaltain Mega Millions ja Powerball sek\u00e4 suuret eurooppalaiset arpajaiset, kuten EuroMillions, EuroJackpot ja SuperEnalotto. Kauttamme asiakkaat voivat ostaa arpajaislippuja muista maista kuin omastaan. Jotta t\u00e4m\u00e4 on mahdollista, teemme yhteisty\u00f6t\u00e4 useiden agenttien<\/p>\n<p><a href=\"https:\/\/redfoxaffiliates.com\/fi\/miksi-ryhtya-arpajaisten-kumppaniksi\/\" class=\"more-link\">Continue Reading<span class=\"screen-reader-text\">Miksi ryhty\u00e4 arpajaisten kumppaniksi?<\/span><\/a><\/p>\n","protected":false},"author":1,"featured_media":0,"parent":0,"menu_order":1,"comment_status":"closed","ping_status":"closed","template":"","meta":{"footnotes":""},"class_list":["post-259","page","type-page","status-publish","hentry"],"yoast_head":"<!-- This site is optimized with the Yoast SEO plugin v22.4 - https:\/\/yoast.com\/wordpress\/plugins\/seo\/ -->\n<title>Miksi liitty\u00e4 RedFoxLotto-kumppaniohjelmaan?<\/title>\n<meta name=\"description\" content=\"Syit\u00e4 liitty\u00e4 meihin ja tulla RedFoxLotto-kumppaniksi ja myyntikumppaniksi. Ansaitse provisioita jokaisesta suosittelemiesi asiakkaiden tekem\u00e4st\u00e4 myynnist\u00e4 elini\u00e4ksi!\" \/>\n<meta name=\"robots\" content=\"index, follow, max-snippet:-1, max-image-preview:large, max-video-preview:-1\" \/>\n<link rel=\"canonical\" href=\"https:\/\/redfoxaffiliates.com\/why-become-a-lottery-affiliate\/\" \/>\n<meta property=\"og:locale\" content=\"fi_FI\" \/>\n<meta property=\"og:type\" content=\"article\" \/>\n<meta property=\"og:title\" content=\"Miksi liitty\u00e4 RedFoxLotto-kumppaniohjelmaan?\" \/>\n<meta property=\"og:description\" content=\"Syit\u00e4 liitty\u00e4 meihin ja tulla RedFoxLotto-kumppaniksi ja myyntikumppaniksi. Ansaitse provisioita jokaisesta suosittelemiesi asiakkaiden tekem\u00e4st\u00e4 myynnist\u00e4 elini\u00e4ksi!\" \/>\n<meta property=\"og:url\" content=\"https:\/\/redfoxaffiliates.com\/why-become-a-lottery-affiliate\/\" \/>\n<meta property=\"og:site_name\" content=\"RedFoxLotto Affiliate Program\" \/>\n<meta name=\"twitter:card\" content=\"summary_large_image\" \/>\n<meta name=\"twitter:label1\" content=\"Arvioitu lukuaika\" \/>\n\t<meta name=\"twitter:data1\" content=\"2 minuuttia\" \/>\n<script type=\"application\/ld+json\" class=\"yoast-schema-graph\">{\"@context\":\"https:\/\/schema.org\",\"@graph\":[{\"@type\":\"WebPage\",\"@id\":\"https:\/\/redfoxaffiliates.com\/why-become-a-lottery-affiliate\/\",\"url\":\"https:\/\/redfoxaffiliates.com\/why-become-a-lottery-affiliate\/\",\"name\":\"Miksi liitty\u00e4 RedFoxLotto-kumppaniohjelmaan?\",\"isPartOf\":{\"@id\":\"https:\/\/redfoxaffiliates.com\/#website\"},\"datePublished\":\"2023-07-15T11:33:10+00:00\",\"dateModified\":\"2023-07-15T11:33:10+00:00\",\"description\":\"Syit\u00e4 liitty\u00e4 meihin ja tulla RedFoxLotto-kumppaniksi ja myyntikumppaniksi. Ansaitse provisioita jokaisesta suosittelemiesi asiakkaiden tekem\u00e4st\u00e4 myynnist\u00e4 elini\u00e4ksi!\",\"breadcrumb\":{\"@id\":\"https:\/\/redfoxaffiliates.com\/why-become-a-lottery-affiliate\/#breadcrumb\"},\"inLanguage\":\"fi\",\"potentialAction\":[{\"@type\":\"ReadAction\",\"target\":[\"https:\/\/redfoxaffiliates.com\/why-become-a-lottery-affiliate\/\"]}]},{\"@type\":\"BreadcrumbList\",\"@id\":\"https:\/\/redfoxaffiliates.com\/why-become-a-lottery-affiliate\/#breadcrumb\",\"itemListElement\":[{\"@type\":\"ListItem\",\"position\":1,\"name\":\"Home\",\"item\":\"https:\/\/redfoxaffiliates.com\/fi\/koti\/\"},{\"@type\":\"ListItem\",\"position\":2,\"name\":\"Miksi ryhty\u00e4 arpajaisten kumppaniksi?\"}]},{\"@type\":\"WebSite\",\"@id\":\"https:\/\/redfoxaffiliates.com\/#website\",\"url\":\"https:\/\/redfoxaffiliates.com\/\",\"name\":\"RedFoxLotto Affiliate Program\",\"description\":\"The site for marketing partners of RedFoxLotto.com\",\"potentialAction\":[{\"@type\":\"SearchAction\",\"target\":{\"@type\":\"EntryPoint\",\"urlTemplate\":\"https:\/\/redfoxaffiliates.com\/?s={search_term_string}\"},\"query-input\":\"required name=search_term_string\"}],\"inLanguage\":\"fi\"}]}<\/script>\n<!-- \/ Yoast SEO plugin. -->","yoast_head_json":{"title":"Miksi liitty\u00e4 RedFoxLotto-kumppaniohjelmaan?","description":"Syit\u00e4 liitty\u00e4 meihin ja tulla RedFoxLotto-kumppaniksi ja myyntikumppaniksi. Ansaitse provisioita jokaisesta suosittelemiesi asiakkaiden tekem\u00e4st\u00e4 myynnist\u00e4 elini\u00e4ksi!","robots":{"index":"index","follow":"follow","max-snippet":"max-snippet:-1","max-image-preview":"max-image-preview:large","max-video-preview":"max-video-preview:-1"},"canonical":"https:\/\/redfoxaffiliates.com\/why-become-a-lottery-affiliate\/","og_locale":"fi_FI","og_type":"article","og_title":"Miksi liitty\u00e4 RedFoxLotto-kumppaniohjelmaan?","og_description":"Syit\u00e4 liitty\u00e4 meihin ja tulla RedFoxLotto-kumppaniksi ja myyntikumppaniksi. Ansaitse provisioita jokaisesta suosittelemiesi asiakkaiden tekem\u00e4st\u00e4 myynnist\u00e4 elini\u00e4ksi!","og_url":"https:\/\/redfoxaffiliates.com\/why-become-a-lottery-affiliate\/","og_site_name":"RedFoxLotto Affiliate Program","twitter_card":"summary_large_image","twitter_misc":{"Arvioitu lukuaika":"2 minuuttia"},"schema":{"@context":"https:\/\/schema.org","@graph":[{"@type":"WebPage","@id":"https:\/\/redfoxaffiliates.com\/why-become-a-lottery-affiliate\/","url":"https:\/\/redfoxaffiliates.com\/why-become-a-lottery-affiliate\/","name":"Miksi liitty\u00e4 RedFoxLotto-kumppaniohjelmaan?","isPartOf":{"@id":"https:\/\/redfoxaffiliates.com\/#website"},"datePublished":"2023-07-15T11:33:10+00:00","dateModified":"2023-07-15T11:33:10+00:00","description":"Syit\u00e4 liitty\u00e4 meihin ja tulla RedFoxLotto-kumppaniksi ja myyntikumppaniksi. Ansaitse provisioita jokaisesta suosittelemiesi asiakkaiden tekem\u00e4st\u00e4 myynnist\u00e4 elini\u00e4ksi!","breadcrumb":{"@id":"https:\/\/redfoxaffiliates.com\/why-become-a-lottery-affiliate\/#breadcrumb"},"inLanguage":"fi","potentialAction":[{"@type":"ReadAction","target":["https:\/\/redfoxaffiliates.com\/why-become-a-lottery-affiliate\/"]}]},{"@type":"BreadcrumbList","@id":"https:\/\/redfoxaffiliates.com\/why-become-a-lottery-affiliate\/#breadcrumb","itemListElement":[{"@type":"ListItem","position":1,"name":"Home","item":"https:\/\/redfoxaffiliates.com\/fi\/koti\/"},{"@type":"ListItem","position":2,"name":"Miksi ryhty\u00e4 arpajaisten kumppaniksi?"}]},{"@type":"WebSite","@id":"https:\/\/redfoxaffiliates.com\/#website","url":"https:\/\/redfoxaffiliates.com\/","name":"RedFoxLotto Affiliate Program","description":"The site for marketing partners of RedFoxLotto.com","potentialAction":[{"@type":"SearchAction","target":{"@type":"EntryPoint","urlTemplate":"https:\/\/redfoxaffiliates.com\/?s={search_term_string}"},"query-input":"required name=search_term_string"}],"inLanguage":"fi"}]}},"_links":{"self":[{"href":"https:\/\/redfoxaffiliates.com\/fi\/wp-json\/wp\/v2\/pages\/259","targetHints":{"allow":["GET"]}}],"collection":[{"href":"https:\/\/redfoxaffiliates.com\/fi\/wp-json\/wp\/v2\/pages"}],"about":[{"href":"https:\/\/redfoxaffiliates.com\/fi\/wp-json\/wp\/v2\/types\/page"}],"author":[{"embeddable":true,"href":"https:\/\/redfoxaffiliates.com\/fi\/wp-json\/wp\/v2\/users\/1"}],"replies":[{"embeddable":true,"href":"https:\/\/redfoxaffiliates.com\/fi\/wp-json\/wp\/v2\/comments?post=259"}],"version-history":[{"count":0,"href":"https:\/\/redfoxaffiliates.com\/fi\/wp-json\/wp\/v2\/pages\/259\/revisions"}],"wp:attachment":[{"href":"https:\/\/redfoxaffiliates.com\/fi\/wp-json\/wp\/v2\/media?parent=259"}],"curies":[{"name":"wp","href":"https:\/\/api.w.org\/{rel}","templated":true}]}}