{"id":174,"date":"2023-07-15T08:09:36","date_gmt":"2023-07-15T06:09:36","guid":{"rendered":"https:\/\/redfoxaffiliates.com\/koti\/"},"modified":"2026-01-03T10:36:25","modified_gmt":"2026-01-03T09:36:25","slug":"koti","status":"publish","type":"page","link":"https:\/\/redfoxaffiliates.com\/fi\/","title":{"rendered":"Koti"},"content":{"rendered":"&#13;\n<p>RedFoxAffiliates.com on RedFoxLotto.com-sivuston kumppaniohjelma. RedFoxLotto on arpajaislippujen kuriiripalvelu. RedFoxLotto.com-sivuston kautta arpajaisten yst\u00e4v\u00e4t ymp\u00e4ri maailmaa voivat tilata aitoja lippuja useisiin kansainv\u00e4lisiin arpajaisiin.<\/p>&#13;\n<h2>Voitko tuoda liikennett\u00e4?<\/h2>&#13;\n<p>Jos pystyt ohjaamaan liikennett\u00e4 (uusia potentiaalisia asiakkaita) verkkosivustollemme, ansaitset provisioita. Sin\u00e4 ohjaat liikennett\u00e4 meille, ja me muutamme sen tulokseksi. Enemm\u00e4n liikennett\u00e4 tarkoittaa enemm\u00e4n maksavia asiakkaita ja korkeampia provisioita sinulle.&#13;\n<\/p>&#13;\n<h2>Arpajaislippupalvelumme on ihanteellinen tuote mainostettavaksi verkossa<\/h2>&#13;\n<p>Se on yksinkertainen tuote, jonka kaikki ymp\u00e4ri maailmaa tuntevat. Valtavat j\u00e4ttipotit her\u00e4tt\u00e4v\u00e4t merkitt\u00e4v\u00e4\u00e4 kiinnostusta maailmanlaajuisesti.&#13;\n<\/p>&#13;\n<h2>Helppo konversio \u2013 k\u00e4vij\u00e4st\u00e4 asiakkaaksi<\/h2>&#13;\n<p>Lippujen ostaminen verkosta sivustomme kautta on eritt\u00e4in helppoa. Rekister\u00f6ityminen redfoxlotto.com-sivustolle vie vain muutaman sekunnin, ja lippujen tilaaminen ja maksaminen verkossa on yht\u00e4 nopeaa ja helppoa. Sin\u00e4 ohjaat k\u00e4vij\u00e4t sivustollemme, ja me muutamme heid\u00e4t asiakkaiksi.&#13;\n<\/p>&#13;\n<h2>Asiakkaamme ovat uskollisia \u2013 he palaavat ja ostavat lis\u00e4\u00e4 lippuja pitk\u00e4\u00e4n.<\/h2>&#13;\n<p>Kun k\u00e4vij\u00e4t tekev\u00e4t ensimm\u00e4isen ostoksensa, he palaavat ostamaan lis\u00e4\u00e4 lippuja. Monet asiakkaistamme ovat olleet kanssamme jo kymmenen vuotta tai jopa kauemmin. Jos ohjaat asiakkaan palveluumme, voit ansaita provisiota kyseisen asiakkaan ostoksista vuosien ajan!&#13;\n<\/p>&#13;\n<p>Liity kumppaniohjelmaamme nyt. Liittyminen on maksutonta. Jos sinulla on kysytt\u00e4v\u00e4\u00e4, tutustu ensin usein kysyttyihin kysymyksiin. Ota meihin yhteytt\u00e4, jos sinulla on lis\u00e4kysymyksi\u00e4.&#13;\n<\/p>&#13;\n<p>Seuraa t\u00e4t\u00e4 linkki\u00e4 liitty\u00e4ksesi kumppaniohjelmaamme. Kun olet rekister\u00f6itynyt, saat meilt\u00e4 s\u00e4hk\u00f6postiviestin. Muista klikata vahvistuslinkki\u00e4 kyseisess\u00e4 s\u00e4hk\u00f6postiviestiss\u00e4. Rekister\u00f6itymisesi tarkistetaan, ja kumppanitilisi aktivoidaan 48 tunnin kuluessa.<\/p>&#13;\n<p>\u00a0<\/p>&#13;\n","protected":false},"excerpt":{"rendered":"<p>&#13; RedFoxAffiliates.com on RedFoxLotto.com-sivuston kumppaniohjelma. RedFoxLotto on arpajaislippujen kuriiripalvelu. RedFoxLotto.com-sivuston kautta arpajaisten yst\u00e4v\u00e4t ymp\u00e4ri maailmaa voivat tilata aitoja lippuja useisiin kansainv\u00e4lisiin arpajaisiin. &#13; Voitko tuoda liikennett\u00e4? &#13; Jos pystyt ohjaamaan liikennett\u00e4 (uusia potentiaalisia asiakkaita) verkkosivustollemme, ansaitset provisioita. Sin\u00e4 ohjaat liikennett\u00e4 meille, ja me muutamme sen tulokseksi. Enemm\u00e4n liikennett\u00e4 tarkoittaa enemm\u00e4n<\/p>\n<p><a href=\"https:\/\/redfoxaffiliates.com\/fi\/\" class=\"more-link\">Continue Reading<span class=\"screen-reader-text\">Koti<\/span><\/a><\/p>\n","protected":false},"author":1,"featured_media":0,"parent":0,"menu_order":0,"comment_status":"closed","ping_status":"closed","template":"","meta":{"footnotes":""},"class_list":["post-174","page","type-page","status-publish","hentry"],"yoast_head":"<!-- This site is optimized with the Yoast SEO plugin v22.4 - https:\/\/yoast.com\/wordpress\/plugins\/seo\/ -->\n<title>RedFoxLotto.com-kumppaniohjelma<\/title>\n<meta name=\"description\" content=\"Kumppaniohjelmamme avulla RedFoxLotto-kumppanit voivat ansaita provisioita suositteluistaan. Ryhdy myyntikumppaniksi ja aloita online-arpajaispalvelumme mainostaminen jo t\u00e4n\u00e4\u00e4n!\" \/>\n<meta name=\"robots\" content=\"index, follow, max-snippet:-1, max-image-preview:large, max-video-preview:-1\" \/>\n<link rel=\"canonical\" href=\"https:\/\/redfoxaffiliates.com\/fi\/koti\/\" \/>\n<meta property=\"og:locale\" content=\"fi_FI\" \/>\n<meta property=\"og:type\" content=\"article\" \/>\n<meta property=\"og:title\" content=\"RedFoxLotto.com-kumppaniohjelma\" \/>\n<meta property=\"og:description\" content=\"Kumppaniohjelmamme avulla RedFoxLotto-kumppanit voivat ansaita provisioita suositteluistaan. Ryhdy myyntikumppaniksi ja aloita online-arpajaispalvelumme mainostaminen jo t\u00e4n\u00e4\u00e4n!\" \/>\n<meta property=\"og:url\" content=\"https:\/\/redfoxaffiliates.com\/fi\/koti\/\" \/>\n<meta property=\"og:site_name\" content=\"RedFoxLotto Affiliate Program\" \/>\n<meta property=\"article:modified_time\" content=\"2026-01-03T09:36:25+00:00\" \/>\n<meta name=\"twitter:card\" content=\"summary_large_image\" \/>\n<meta name=\"twitter:label1\" content=\"Arvioitu lukuaika\" \/>\n\t<meta name=\"twitter:data1\" content=\"1 minuutti\" \/>\n<script type=\"application\/ld+json\" class=\"yoast-schema-graph\">{\"@context\":\"https:\/\/schema.org\",\"@graph\":[{\"@type\":\"WebPage\",\"@id\":\"https:\/\/redfoxaffiliates.com\/fi\/koti\/\",\"url\":\"https:\/\/redfoxaffiliates.com\/fi\/koti\/\",\"name\":\"RedFoxLotto.com-kumppaniohjelma\",\"isPartOf\":{\"@id\":\"https:\/\/redfoxaffiliates.com\/#website\"},\"datePublished\":\"2023-07-15T06:09:36+00:00\",\"dateModified\":\"2026-01-03T09:36:25+00:00\",\"description\":\"Kumppaniohjelmamme avulla RedFoxLotto-kumppanit voivat ansaita provisioita suositteluistaan. Ryhdy myyntikumppaniksi ja aloita online-arpajaispalvelumme mainostaminen jo t\u00e4n\u00e4\u00e4n!\",\"breadcrumb\":{\"@id\":\"https:\/\/redfoxaffiliates.com\/fi\/koti\/#breadcrumb\"},\"inLanguage\":\"fi\",\"potentialAction\":[{\"@type\":\"ReadAction\",\"target\":[\"https:\/\/redfoxaffiliates.com\/fi\/koti\/\"]}]},{\"@type\":\"BreadcrumbList\",\"@id\":\"https:\/\/redfoxaffiliates.com\/fi\/koti\/#breadcrumb\",\"itemListElement\":[{\"@type\":\"ListItem\",\"position\":1,\"name\":\"Home\",\"item\":\"https:\/\/redfoxaffiliates.com\/fi\/koti\/\"},{\"@type\":\"ListItem\",\"position\":2,\"name\":\"Koti\"}]},{\"@type\":\"WebSite\",\"@id\":\"https:\/\/redfoxaffiliates.com\/#website\",\"url\":\"https:\/\/redfoxaffiliates.com\/\",\"name\":\"RedFoxLotto Affiliate Program\",\"description\":\"The site for marketing partners of RedFoxLotto.com\",\"potentialAction\":[{\"@type\":\"SearchAction\",\"target\":{\"@type\":\"EntryPoint\",\"urlTemplate\":\"https:\/\/redfoxaffiliates.com\/?s={search_term_string}\"},\"query-input\":\"required name=search_term_string\"}],\"inLanguage\":\"fi\"}]}<\/script>\n<!-- \/ Yoast SEO plugin. -->","yoast_head_json":{"title":"RedFoxLotto.com-kumppaniohjelma","description":"Kumppaniohjelmamme avulla RedFoxLotto-kumppanit voivat ansaita provisioita suositteluistaan. Ryhdy myyntikumppaniksi ja aloita online-arpajaispalvelumme mainostaminen jo t\u00e4n\u00e4\u00e4n!","robots":{"index":"index","follow":"follow","max-snippet":"max-snippet:-1","max-image-preview":"max-image-preview:large","max-video-preview":"max-video-preview:-1"},"canonical":"https:\/\/redfoxaffiliates.com\/fi\/koti\/","og_locale":"fi_FI","og_type":"article","og_title":"RedFoxLotto.com-kumppaniohjelma","og_description":"Kumppaniohjelmamme avulla RedFoxLotto-kumppanit voivat ansaita provisioita suositteluistaan. Ryhdy myyntikumppaniksi ja aloita online-arpajaispalvelumme mainostaminen jo t\u00e4n\u00e4\u00e4n!","og_url":"https:\/\/redfoxaffiliates.com\/fi\/koti\/","og_site_name":"RedFoxLotto Affiliate Program","article_modified_time":"2026-01-03T09:36:25+00:00","twitter_card":"summary_large_image","twitter_misc":{"Arvioitu lukuaika":"1 minuutti"},"schema":{"@context":"https:\/\/schema.org","@graph":[{"@type":"WebPage","@id":"https:\/\/redfoxaffiliates.com\/fi\/koti\/","url":"https:\/\/redfoxaffiliates.com\/fi\/koti\/","name":"RedFoxLotto.com-kumppaniohjelma","isPartOf":{"@id":"https:\/\/redfoxaffiliates.com\/#website"},"datePublished":"2023-07-15T06:09:36+00:00","dateModified":"2026-01-03T09:36:25+00:00","description":"Kumppaniohjelmamme avulla RedFoxLotto-kumppanit voivat ansaita provisioita suositteluistaan. Ryhdy myyntikumppaniksi ja aloita online-arpajaispalvelumme mainostaminen jo t\u00e4n\u00e4\u00e4n!","breadcrumb":{"@id":"https:\/\/redfoxaffiliates.com\/fi\/koti\/#breadcrumb"},"inLanguage":"fi","potentialAction":[{"@type":"ReadAction","target":["https:\/\/redfoxaffiliates.com\/fi\/koti\/"]}]},{"@type":"BreadcrumbList","@id":"https:\/\/redfoxaffiliates.com\/fi\/koti\/#breadcrumb","itemListElement":[{"@type":"ListItem","position":1,"name":"Home","item":"https:\/\/redfoxaffiliates.com\/fi\/koti\/"},{"@type":"ListItem","position":2,"name":"Koti"}]},{"@type":"WebSite","@id":"https:\/\/redfoxaffiliates.com\/#website","url":"https:\/\/redfoxaffiliates.com\/","name":"RedFoxLotto Affiliate Program","description":"The site for marketing partners of RedFoxLotto.com","potentialAction":[{"@type":"SearchAction","target":{"@type":"EntryPoint","urlTemplate":"https:\/\/redfoxaffiliates.com\/?s={search_term_string}"},"query-input":"required name=search_term_string"}],"inLanguage":"fi"}]}},"_links":{"self":[{"href":"https:\/\/redfoxaffiliates.com\/fi\/wp-json\/wp\/v2\/pages\/174","targetHints":{"allow":["GET"]}}],"collection":[{"href":"https:\/\/redfoxaffiliates.com\/fi\/wp-json\/wp\/v2\/pages"}],"about":[{"href":"https:\/\/redfoxaffiliates.com\/fi\/wp-json\/wp\/v2\/types\/page"}],"author":[{"embeddable":true,"href":"https:\/\/redfoxaffiliates.com\/fi\/wp-json\/wp\/v2\/users\/1"}],"replies":[{"embeddable":true,"href":"https:\/\/redfoxaffiliates.com\/fi\/wp-json\/wp\/v2\/comments?post=174"}],"version-history":[{"count":1,"href":"https:\/\/redfoxaffiliates.com\/fi\/wp-json\/wp\/v2\/pages\/174\/revisions"}],"predecessor-version":[{"id":175,"href":"https:\/\/redfoxaffiliates.com\/fi\/wp-json\/wp\/v2\/pages\/174\/revisions\/175"}],"wp:attachment":[{"href":"https:\/\/redfoxaffiliates.com\/fi\/wp-json\/wp\/v2\/media?parent=174"}],"curies":[{"name":"wp","href":"https:\/\/api.w.org\/{rel}","templated":true}]}}