{"id":352,"date":"2026-01-01T21:16:49","date_gmt":"2026-01-01T20:16:49","guid":{"rendered":"https:\/\/redfoxaffiliates.com\/eetika-kohta-partnerlusprogrammides\/"},"modified":"2026-01-01T21:16:49","modified_gmt":"2026-01-01T20:16:49","slug":"eetika-kohta-partnerlusprogrammides","status":"publish","type":"page","link":"https:\/\/redfoxaffiliates.com\/et\/eetika-kohta-partnerlusprogrammides\/","title":{"rendered":"Eetika kohta partnerlusprogrammides"},"content":{"rendered":"<p>V\u00f5ib-olla \u00fcllatab teid, et partnerlusprogrammi veebisaidil on viide eetikale. N\u00f5ustume, et see on ebatavaline.<\/p>\n<p>Kuid see on meie jaoks oluline teema. Endised partnerid haldavad nii RedFoxLotto.com veebisaiti kui ka seda partnerlusprogrammi. Oleme t\u00f6\u00f6tanud samade ettev\u00f5tetega, kellega te olete t\u00f6\u00f6tanud (v\u00f5i v\u00f5ib-olla t\u00f6\u00f6tate siiani). P\u00e4rast enam kui 12 aastat hasartm\u00e4ngude partnerlus\u00e4ris oleme n\u00e4inud palju halbu asju. Tulude v\u00e4hendamine, tingimuste muutmine, mis toob kaasa partneri sissetuleku kaotuse, hilinenud v\u00f5i puuduvad maksed, teie klientide \u00e4rav\u00f5tmine meilt (v\u00f5i teistelt partneritelt) \u2013 oleme n\u00e4inud seda k\u00f5ike.<\/p>\n<p>Kahjuks on see t\u00f6\u00f6stusharu, kus t\u00f6\u00f6kate partneritega juhtub pidevalt halbu asju. Seet\u00f5ttu otsustasime astuda j\u00e4rgmise sammu. K\u00e4ivitasime omaenda toote, RedFoxLotto.com. Meie turunduskava on lihtne: 100% p\u00f5hineb SEO-l ja online-partneriturundusel.<\/p>\n<p>Olles ise partnerid olnud, lubame korraldada 100% eetilist ja ausat partnerprogrammi. Jah, k\u00f5ik \u00fctlevad, et me ei tee seda v\u00f5i teist. Aga me m\u00f5tleme seda, mida \u00fctleme.<\/p>\n<p>Siin on, mida v\u00f5ite meilt oodata<br \/>\nKokkulepe on kokkulepe! See t\u00e4hendab, et kui me \u00fctleme, et saate osa tulust, mida teenite oma toodud klientide eluaja jooksul, siis me m\u00f5tleme seda t\u00f5siselt. Me ei muuda oma meelt selles osas kunagi.<br \/>\nMe ei manipuleeri kunagi tuluraporteid, et v\u00e4hendada oma \u00fcldkulusid. Samuti ei eemalda me kunagi kliente teie kontolt. Me soovime, et te oleksite v\u00f5imalikult edukad. Te olete meie \u00e4ripartnerid ja meie edu s\u00f5ltub teist!<br \/>\nMe maksame teile \u00f5igeaegselt. Teil on samuti kohustused ja kulud ning me m\u00f5istame seda.<br \/>\nV\u00f5tke meiega \u00fchendust, kui teil on k\u00fcsimusi v\u00f5i vajate meie abi. Kasutage \u00fclemises men\u00fc\u00fcribas olevat vormi \u201eKontakt\u201d. Kohtume ja vaatame, kas saame m\u00f5lemad raha teenida!<\/p>\n","protected":false},"excerpt":{"rendered":"<p>V\u00f5ib-olla \u00fcllatab teid, et partnerlusprogrammi veebisaidil on viide eetikale. N\u00f5ustume, et see on ebatavaline. Kuid see on meie jaoks oluline teema. Endised partnerid haldavad nii RedFoxLotto.com veebisaiti kui ka seda partnerlusprogrammi. Oleme t\u00f6\u00f6tanud samade ettev\u00f5tetega, kellega te olete t\u00f6\u00f6tanud (v\u00f5i v\u00f5ib-olla t\u00f6\u00f6tate siiani). P\u00e4rast enam kui 12 aastat hasartm\u00e4ngude partnerlus\u00e4ris<\/p>\n<p><a href=\"https:\/\/redfoxaffiliates.com\/et\/eetika-kohta-partnerlusprogrammides\/\" class=\"more-link\">Continue Reading<span class=\"screen-reader-text\">Eetika kohta partnerlusprogrammides<\/span><\/a><\/p>\n","protected":false},"author":1,"featured_media":0,"parent":0,"menu_order":7,"comment_status":"closed","ping_status":"closed","template":"","meta":{"footnotes":""},"class_list":["post-352","page","type-page","status-publish","hentry"],"yoast_head":"<!-- This site is optimized with the Yoast SEO plugin v22.4 - https:\/\/yoast.com\/wordpress\/plugins\/seo\/ -->\n<title>Eetika ja partnerlus loteriiturul<\/title>\n<meta name=\"description\" content=\"On palju loterii partnerprogramme, mis varastavad oma partneritelt raha. Seet\u00f5ttu on eetiline \u00e4ritegevus meile oluline.\" \/>\n<meta name=\"robots\" content=\"index, follow, max-snippet:-1, max-image-preview:large, max-video-preview:-1\" \/>\n<link rel=\"canonical\" href=\"https:\/\/redfoxaffiliates.com\/ethics-and-affiliate-marketing-programs\/\" \/>\n<meta property=\"og:locale\" content=\"et_EE\" \/>\n<meta property=\"og:type\" content=\"article\" \/>\n<meta property=\"og:title\" content=\"Eetika ja partnerlus loteriiturul\" \/>\n<meta property=\"og:description\" content=\"On palju loterii partnerprogramme, mis varastavad oma partneritelt raha. Seet\u00f5ttu on eetiline \u00e4ritegevus meile oluline.\" \/>\n<meta property=\"og:url\" content=\"https:\/\/redfoxaffiliates.com\/ethics-and-affiliate-marketing-programs\/\" \/>\n<meta property=\"og:site_name\" content=\"RedFoxLotto Affiliate Program\" \/>\n<meta name=\"twitter:card\" content=\"summary_large_image\" \/>\n<meta name=\"twitter:label1\" content=\"Est. reading time\" \/>\n\t<meta name=\"twitter:data1\" content=\"1 minut\" \/>\n<script type=\"application\/ld+json\" class=\"yoast-schema-graph\">{\"@context\":\"https:\/\/schema.org\",\"@graph\":[{\"@type\":\"WebPage\",\"@id\":\"https:\/\/redfoxaffiliates.com\/ethics-and-affiliate-marketing-programs\/\",\"url\":\"https:\/\/redfoxaffiliates.com\/ethics-and-affiliate-marketing-programs\/\",\"name\":\"Eetika ja partnerlus loteriiturul\",\"isPartOf\":{\"@id\":\"https:\/\/redfoxaffiliates.com\/#website\"},\"datePublished\":\"2026-01-01T20:16:49+00:00\",\"dateModified\":\"2026-01-01T20:16:49+00:00\",\"description\":\"On palju loterii partnerprogramme, mis varastavad oma partneritelt raha. Seet\u00f5ttu on eetiline \u00e4ritegevus meile oluline.\",\"breadcrumb\":{\"@id\":\"https:\/\/redfoxaffiliates.com\/ethics-and-affiliate-marketing-programs\/#breadcrumb\"},\"inLanguage\":\"et\",\"potentialAction\":[{\"@type\":\"ReadAction\",\"target\":[\"https:\/\/redfoxaffiliates.com\/ethics-and-affiliate-marketing-programs\/\"]}]},{\"@type\":\"BreadcrumbList\",\"@id\":\"https:\/\/redfoxaffiliates.com\/ethics-and-affiliate-marketing-programs\/#breadcrumb\",\"itemListElement\":[{\"@type\":\"ListItem\",\"position\":1,\"name\":\"Home\",\"item\":\"https:\/\/redfoxaffiliates.com\/et\/kodu\/\"},{\"@type\":\"ListItem\",\"position\":2,\"name\":\"Eetika kohta partnerlusprogrammides\"}]},{\"@type\":\"WebSite\",\"@id\":\"https:\/\/redfoxaffiliates.com\/#website\",\"url\":\"https:\/\/redfoxaffiliates.com\/\",\"name\":\"RedFoxLotto Affiliate Program\",\"description\":\"The site for marketing partners of RedFoxLotto.com\",\"potentialAction\":[{\"@type\":\"SearchAction\",\"target\":{\"@type\":\"EntryPoint\",\"urlTemplate\":\"https:\/\/redfoxaffiliates.com\/?s={search_term_string}\"},\"query-input\":\"required name=search_term_string\"}],\"inLanguage\":\"et\"}]}<\/script>\n<!-- \/ Yoast SEO plugin. -->","yoast_head_json":{"title":"Eetika ja partnerlus loteriiturul","description":"On palju loterii partnerprogramme, mis varastavad oma partneritelt raha. Seet\u00f5ttu on eetiline \u00e4ritegevus meile oluline.","robots":{"index":"index","follow":"follow","max-snippet":"max-snippet:-1","max-image-preview":"max-image-preview:large","max-video-preview":"max-video-preview:-1"},"canonical":"https:\/\/redfoxaffiliates.com\/ethics-and-affiliate-marketing-programs\/","og_locale":"et_EE","og_type":"article","og_title":"Eetika ja partnerlus loteriiturul","og_description":"On palju loterii partnerprogramme, mis varastavad oma partneritelt raha. Seet\u00f5ttu on eetiline \u00e4ritegevus meile oluline.","og_url":"https:\/\/redfoxaffiliates.com\/ethics-and-affiliate-marketing-programs\/","og_site_name":"RedFoxLotto Affiliate Program","twitter_card":"summary_large_image","twitter_misc":{"Est. reading time":"1 minut"},"schema":{"@context":"https:\/\/schema.org","@graph":[{"@type":"WebPage","@id":"https:\/\/redfoxaffiliates.com\/ethics-and-affiliate-marketing-programs\/","url":"https:\/\/redfoxaffiliates.com\/ethics-and-affiliate-marketing-programs\/","name":"Eetika ja partnerlus loteriiturul","isPartOf":{"@id":"https:\/\/redfoxaffiliates.com\/#website"},"datePublished":"2026-01-01T20:16:49+00:00","dateModified":"2026-01-01T20:16:49+00:00","description":"On palju loterii partnerprogramme, mis varastavad oma partneritelt raha. Seet\u00f5ttu on eetiline \u00e4ritegevus meile oluline.","breadcrumb":{"@id":"https:\/\/redfoxaffiliates.com\/ethics-and-affiliate-marketing-programs\/#breadcrumb"},"inLanguage":"et","potentialAction":[{"@type":"ReadAction","target":["https:\/\/redfoxaffiliates.com\/ethics-and-affiliate-marketing-programs\/"]}]},{"@type":"BreadcrumbList","@id":"https:\/\/redfoxaffiliates.com\/ethics-and-affiliate-marketing-programs\/#breadcrumb","itemListElement":[{"@type":"ListItem","position":1,"name":"Home","item":"https:\/\/redfoxaffiliates.com\/et\/kodu\/"},{"@type":"ListItem","position":2,"name":"Eetika kohta partnerlusprogrammides"}]},{"@type":"WebSite","@id":"https:\/\/redfoxaffiliates.com\/#website","url":"https:\/\/redfoxaffiliates.com\/","name":"RedFoxLotto Affiliate Program","description":"The site for marketing partners of RedFoxLotto.com","potentialAction":[{"@type":"SearchAction","target":{"@type":"EntryPoint","urlTemplate":"https:\/\/redfoxaffiliates.com\/?s={search_term_string}"},"query-input":"required name=search_term_string"}],"inLanguage":"et"}]}},"_links":{"self":[{"href":"https:\/\/redfoxaffiliates.com\/et\/wp-json\/wp\/v2\/pages\/352","targetHints":{"allow":["GET"]}}],"collection":[{"href":"https:\/\/redfoxaffiliates.com\/et\/wp-json\/wp\/v2\/pages"}],"about":[{"href":"https:\/\/redfoxaffiliates.com\/et\/wp-json\/wp\/v2\/types\/page"}],"author":[{"embeddable":true,"href":"https:\/\/redfoxaffiliates.com\/et\/wp-json\/wp\/v2\/users\/1"}],"replies":[{"embeddable":true,"href":"https:\/\/redfoxaffiliates.com\/et\/wp-json\/wp\/v2\/comments?post=352"}],"version-history":[{"count":0,"href":"https:\/\/redfoxaffiliates.com\/et\/wp-json\/wp\/v2\/pages\/352\/revisions"}],"wp:attachment":[{"href":"https:\/\/redfoxaffiliates.com\/et\/wp-json\/wp\/v2\/media?parent=352"}],"curies":[{"name":"wp","href":"https:\/\/api.w.org\/{rel}","templated":true}]}}