{"id":329,"date":"2026-01-01T21:15:19","date_gmt":"2026-01-01T20:15:19","guid":{"rendered":"https:\/\/redfoxaffiliates.com\/kuidas-alustada-online-partnerlusari\/"},"modified":"2026-01-01T21:15:19","modified_gmt":"2026-01-01T20:15:19","slug":"kuidas-alustada-online-partnerlusari","status":"publish","type":"page","link":"https:\/\/redfoxaffiliates.com\/et\/kuidas-alustada-online-partnerlusari\/","title":{"rendered":"Kuidas alustada online-partnerlus\u00e4ri"},"content":{"rendered":"<h2>Mis on partnerturundus?<\/h2>\n<p>Paljudel veebim\u00fc\u00fcjatel on nn partnerlusprogrammid. Iga\u00fcks saab seal luua partnerluskonto ja hakata oma tooteid veebis reklaamima. Promootor (teie) saab vahendustasu maksvate klientide m\u00fc\u00fcjale suunamise eest.<\/p>\n<p>Vaadake paremal asuvat men\u00fc\u00fcd. Seal on link PDF-vormingus algajate \u00f5petusele, kuidas alustada partnerlusettev\u00f5ttega nullist ja minimaalse investeeringuga.<\/p>\n<h2>Kuidas teile tasu makstakse?<\/h2>\n<p>Kui olete partnerlusprogrammi registreerunud, saate partnerlusveebisaidilt alla laadida nn j\u00e4lgimislinke ja\/v\u00f5i b\u00e4nnereid &#8220;j\u00e4lgitavate linkidega&#8221;. Neid saab teie veebisaidile manustada ja kui k\u00fclastaja lingile kl\u00f5psab, teab m\u00fc\u00fcja lingil oleva ID-numbri p\u00f5hjal, milline partner kliendi suunas.<\/p>\n<p>Partnerlusprogrammiga koost\u00f6\u00f6ks on kaks peamist mudelit:<\/p>\n<p>CPA (Cost per Acquisition ehk omandamise hind), mille puhul partner saab fikseeritud summa, kui uus klient saavutab kindlaksm\u00e4\u00e4ratud m\u00fc\u00fcgil\u00e4ve.<\/p>\n<p>Tulujagamine (sageli nimetatakse ka MGR-iks), mille puhul partnerile makstakse m\u00fc\u00fcgitulust protsent. S\u00f5ltuvalt tingimustest makstakse teile vahendustasu k\u00f5igilt tulevastelt m\u00fc\u00fckidelt v\u00f5i ainult teatud perioodi eest.<\/p>\n<h2>Kuidas neid m\u00fc\u00fcjaid reklaamida?<\/h2>\n<p>Sidusreklaami alustamiseks on k\u00f5ige olulisem veebisait, mis suunab liiklust. Vaadake allpool l\u00f5iku \u201eTeostage plaan\u201c! K\u00f5ige olulisem on oma veebisaidile liikluse saamine.<\/p>\n<p>See veebisait v\u00f5ib olla kas konkreetse tootega (toode, mida soovite reklaamida) seotud veebisait v\u00f5i lihtsalt mis tahes teemal veebisait, kui see genereerib piisavalt liiklust. N\u00e4ide: loote veebisaidi teemal, mida h\u00e4sti tunnete, n\u00e4iteks sukeldumine. Kirjutate suurep\u00e4rast sisu ja inimesed k\u00fclastavad teie saiti. Seej\u00e4rel hakkate reklaamima sukeldumisvarustusele spetsialiseerunud veebim\u00fc\u00fcgisaiti. Iga kord, kui k\u00fclastaja l\u00e4heb teie veebisaidilt m\u00fc\u00fcja saidile ja ostab midagi, saate vahendustasu.<\/p>\n<h2>Sotsiaalmeedia turundus<\/h2>\n<p>Kui teil on sotsiaalmeedias publik, ei pruugi teil isegi veebisaiti vaja minna. M\u00fc\u00fcja toodete reklaamimiseks saate kasutada samu j\u00e4lgitavaid partnerlinke. Ja kui teie publik on globaalne, seda parem. Paljudes riikides on madalate v\u00e4ljamaksetega loteriid v\u00f5i puuduvad need \u00fcldse. Nende riikide elanikud on meie loteriiteenuse ideaalne sihtr\u00fchm.<\/p>\n<h2>Peamiselt on kaks stsenaariumi:<\/h2>\n<p>Kui teil oleks veebisait, millel on lai valik artiklite teemasid ja millel oleks iga p\u00e4ev tuhandeid k\u00fclastajaid, saaksite m\u00fc\u00fca enam-v\u00e4hem mis tahes toodet, mida soovite. Juba k\u00fclastajate arv genereeriks m\u00e4rkimisv\u00e4\u00e4rset tulu. Ja meie partnerlusprogramm sobib suurep\u00e4raselt igale veebisaidile, sest l\u00f5ppude l\u00f5puks armastavad k\u00f5ik loteriid, eks?<\/p>\n<p>Kui teil oleks n\u00e4iteks loteriidega seotud veebisait, oleks teil t\u00f5en\u00e4oliselt v\u00e4hem k\u00fclastajaid. Sellegipoolest on liiklus &#8220;sihip\u00e4rasem&#8221;, st teie k\u00fclastajad ostavad suurema t\u00f5en\u00e4osusega teie reklaamitavaid loteriipileteid. Isegi kui teil oleks ainult 10 k\u00fclastajat p\u00e4evas, n\u00e4eksite ikkagi mingit tulu. Ja loterii m\u00e4ngimise juures on \u00fcks asi: inimesed kipuvad m\u00e4ngima pikka, pikka aega. Kui olete teatud arvu kliente meie partnerlusprogrammi suunanud, n\u00e4ete suhteliselt stabiilset tuluvoogu.<\/p>\n<h2>Kuidas oma veebisaidile k\u00fclastajaid saada?<\/h2>\n<p>K\u00fclastajate ligimeelitamiseks vajate oma veebisaidil kvaliteetseid artikleid, mis pakuvad lugejatele kasulikku teavet. Samuti peate \u00f5ppima SEO (otsingumootorite optimeerimise) p\u00f5hit\u00f5desid. See on oluline, sest on olemas konkreetsed &#8220;reeglid&#8221;, mida peate teadma, et teie veebisaidi lehed oleksid Google&#8217;is otsingus\u00f5nade &#8220;m\u00e4rks\u00f5nade&#8221; j\u00e4rgi k\u00f5rgel kohal, mis v\u00f5ivad teile k\u00fclastajaid tuua. Partnerid nimetavad seda teie saidile &#8220;liikluse suunamiseks&#8221;.<\/p>\n<p>SEO ei ole raketiteadus. Otsige lihtsalt Google&#8217;ist &#8220;SEO p\u00f5hit\u00f5ed&#8221; ja lugege veidi, et \u00f5ppida tundma k\u00f5ige olulisemaid reegleid artiklite loomiseks ja oma oskuste hilisemaks t\u00e4iustamiseks.<\/p>\n<h2>E-posti nimekirja omamise j\u00f5ud<\/h2>\n<p>Seadistage oma veebisait alati nii, et k\u00fclastajatel oleks p\u00f5hjus registreeruda v\u00f5i oma e-posti aadressi j\u00e4tta. Looge nimekiri ja kasutage seda eris\u00fcndmuste, allahindluste ja muu reklaamimiseks meilide saatmiseks. Kui teil on juba nimekiri, ei pruugi teil isegi veebisaiti vaja minna, et olla partner. Kuid \u00e4rge ostke nimekirju r\u00e4mpsposti e-posti aadresside m\u00fc\u00fcgisaitidelt &#8211; need pole seda v\u00e4\u00e4rt.<\/p>\n<h2>Kui palju maksab partnerturunduse alustamine?<\/h2>\n<p>Lihtne vastus: mitte midagi v\u00f5i peaaegu mitte midagi!<\/p>\n<p>Vaja l\u00e4heb vaid domeeninime ja veebimajutusplaani. Algajana ei vaja sa oma serverit; alustamiseks piisab tavalisest veebimajutusest, mis on saadaval alates 2 eurost kuus.<\/p>\n<p>Vali usaldusv\u00e4\u00e4rne majutusteenuse pakkuja ja leia endale sobiv domeeninimi. Enne domeeninime tellimist m\u00f5tle selle \u00fcle j\u00e4rele. Seej\u00e4rel vali tavaline majutusplaan. Registreeru ja maksa konto eest. Seej\u00e4rel logi sisse oma kliendikontole ja vaata ringi. \u00dcks nipp: otsi lisafunktsiooni nimega &#8220;Domeeni privaatsus&#8221; \u2013 seda tasub kaaluda, kui sa mingil p\u00f5hjusel ei soovi, et keegi teaks, et sa omad ja haldad seda veebisaiti ja selle sidusettev\u00f5tet.<\/p>\n<h2>sellega seotud \u00e4ri.<\/h2>\n<p>Soovitame alustada WordPressi saidi installimisega tasuta malli (paigutuse) abil. WordPress on sisuhalduss\u00fcsteem (CMS), mis loob teie veebisaidi automaatselt ja v\u00f5imaldab teil seda hallata. Veebiruumi pakkujatel on lihtsad funktsioonid, mida saate WordPressi saidi sekunditega seadistada. Programmeerimisoskusi pole \u00fcldse vaja!<\/p>\n<p>Lugege sissejuhatavat \u00f5petust, et \u00f5ppida WordPressi k\u00f5ige olulisemaid funktsioone. Lihtsa veebisaidi haldamiseks vajalike p\u00f5hioskuste omandamiseks kulub vaid paar tundi. WordPressi veebisaidil on \u00fcksikasjalik dokumentatsioon ja foorum, kus saate kogenumatelt kasutajatelt abi k\u00fcsida.<\/p>\n<h2>Kui palju raha saate partnerina teenida?<\/h2>\n<p>See s\u00f5ltub suuresti sellest, kui p\u00fchendunud olete ja kui hea olete. M\u00f5ned partnerid teenivad miljoneid, teised teenivad v\u00e4ga v\u00e4he, kuid paljud teenivad mitu sada eurot kuus. \u00c4rge oodake kohe raha teenimist. Teie veebisaidi k\u00fclastajate ligimeelitamine v\u00f5tab aega. Kui investeerite vajaliku t\u00f6\u00f6, saate sellest pikas perspektiivis \u00e4ra elada.<\/p>\n<h2>Kas seda peaks\/kas peaks tegema t\u00e4is- v\u00f5i osalise t\u00f6\u00f6ajaga?<\/h2>\n<p>Iga\u00fcks peab selle ise otsustama. Kuid 90 protsenti partneritest liitub ettev\u00f5ttega osalise t\u00f6\u00f6ajaga. Suur osa partneritest l\u00e4heb p\u00e4rast piisava edu ja valdkonnakogemuse saavutamist \u00fcle t\u00e4iskohaga t\u00f6\u00f6le.<\/p>\n<h2>Kas see on seaduslik?<\/h2>\n<p>Muidugi, v\u00e4lja arvatud juhul, kui reklaamite tooteid, mis on teie elukohariigis ebaseaduslikud; sellisel juhul peate v\u00f5tma meetmeid, et kaitsta end v\u00f5imalike probleemide eest. Vaadake muuhulgas \u00fclaltoodud jaotist \u201eDomeeni privaatsus\u201d. Veenduge, et te ei vali domeeniregistraatorit ja\/v\u00f5i hostimisteenust sellises riigis, kus teie veebisait oleks ebaseaduslik!<\/p>\n<h2>K\u00f5ige t\u00e4htsam: koostage plaan!<\/h2>\n<p>Enne kui saate partnerprogrammi kaudu raha teenida, peate v\u00e4lja t\u00f6\u00f6tama hea plaani ja koguma vajaliku teabe. V\u00f5ib-olla olete n\u00e4inud Kevin Costneri filmi \u201eUnistuste v\u00e4li\u201d, kus taevast kostab h\u00e4\u00e4l: \u201eEhitage see ja nad tulevad.\u201d Kui arvate, et saate mis tahes teemal veebisaidi kokku panna ja oodata peagi raha sisse voolamist, siis pettute l\u00f5puks.<\/p>\n<p>Aga kui l\u00e4hened asjale plaanip\u00e4raselt, v\u00f5id teenida head raha ja partnerlusprogrammi reklaamimine on tohutult l\u00f5bus. Ideaalne on alustada osalise t\u00f6\u00f6ajaga ja kui h\u00e4sti l\u00e4heb, saad h\u00f5lpsalt \u00fcle minna t\u00e4iskohaga t\u00f6\u00f6le.<\/p>\n<h2>Sinu plaan peab sisaldama j\u00e4rgmist:<\/h2>\n<p>Vali teema, mis sind kirglikult huvitab ja mille kohta saad oma lugejatele v\u00e4\u00e4rtuslikku teavet pakkuda. Kui oled selles vallas uus, vali alati ni\u0161iteema \u2013 kui sellel teemal on palju teisi veebisaite, on sul raske nendega konkureerida. Samuti on keeruline mis tahes m\u00e4rks\u00f5na puhul edetabelikohta saada. Loomulikult pead valima teema, mis sobib tootega, mida saab veebist osta ja millel on partnerlusprogramm.<\/p>\n<p>Koosta nimekiri m\u00e4rks\u00f5nakombinatsioonidest, mida potentsiaalsed k\u00fclastajad v\u00f5ivad Google&#8217;is otsida. Pea meeles, et k\u00f5rgete edetabelikohtade saavutamine ilmsete m\u00e4rks\u00f5nade, n\u00e4iteks &#8220;lotto online&#8221;, puhul on peaaegu v\u00f5imatu. Kasuta t\u00e4psemaid fraase. \u00c4\u00e4rmuslik n\u00e4ide oleks &#8220;Kas inimesed saavad Powerballis osaleda, kui nad ei ela USA-s?&#8221;.<\/p>\n<p>Seej\u00e4rel otsusta, millist m\u00e4rks\u00f5nakombinatsiooni oma veebisaidi avalehel sihtida. Kirjutage sellele m\u00e4rks\u00f5nakombinatsioonile avalehe artikkel. Seej\u00e4rel t\u00f6\u00f6tage v\u00e4lja oma veebisaidi struktuuri plaan. Kirjutage veel paar artiklit teiste m\u00e4rks\u00f5nakombinatsioonide kohta, mida saate v\u00e4lja m\u00f5elda.<\/p>\n<h2>Sealt edasi peab teie t\u00e4helepanu olema suunatud kahele asjale:<\/h2>\n<p>Looge linke, mis osutavad teie veebisaidile. Lingid on nagu positiivsed h\u00e4\u00e4led teie saidile; kvaliteetsed lingid v\u00f5ivad parandada teie otsingumootori paremusj\u00e4rjestust. K\u00fcsige linke s\u00f5pradelt, kellel on veebisait, v\u00f5tke \u00fchendust teiste veebimeistritega ja pakkuge artikli kirjutamist linkide eest jne. Parimad lingid tekivad aga loomulikult, kui inimesed loevad teie artikleid ja lingivad teie lehele, kuna neile meeldis see, mida te kirjutasite!<\/p>\n<p>Looge rohkem sisu (artikleid) hea SEO-ga. Kasutage oma kujutlusv\u00f5imet ja kirjutage regulaarselt uusi artikleid. Kaaluge alguses 2-3 artikli lisamist n\u00e4dalas.<\/p>\n<p>Eeltoodu t\u00e4itmise ajal muutute \u00fcha osavamaks ja teie veebisaidile saabuvad esimesed k\u00fclastajad. Kasutage k\u00fclastajate arvu ja nende k\u00e4itumise j\u00e4lgimiseks (tasuta) teenust, n\u00e4iteks www.clicky.com v\u00f5i Google Analytics. Kontrollige perioodiliselt oma partnerprogrammi kontot, et n\u00e4ha, kas teenite tulu.<\/p>\n<p>Kasutage SEO-teenust, mis aitab teil leida rohkem oma peamise m\u00e4rks\u00f5naga seotud m\u00e4rks\u00f5nu. Looge SEO-optimeeritud sisu, mis on suunatud nendele m\u00e4rks\u00f5nadele. Rohkem sisu suunab teie veebisaidile rohkem liiklust ja suurendab teie vahendustasusid.<\/p>\n<p>Aja jooksul, kui te t\u00f6\u00f6d teete, n\u00e4ete peaaegu kindlasti positiivset m\u00f5ju oma k\u00fclastajate arvule ja tuludele.<\/p>\n<p><em>Isiklikul m\u00e4rkusel<\/em>: RedFoxLotto ja partnerlusprogrammi taga olevad inimesed alustasid partneritena enam kui 15 aastat tagasi. Nad on sellest ajast alates olnud \u00fcsna edukad. Ja kui te k\u00fcsiksite neilt, mis neile selle \u00e4ri juures meeldib, vastaksid nad teile j\u00e4rgmist:<\/p>\n<ul>\n<li>Piiramatu ja globaalne teenimispotentsiaal<\/li>\n<li>Saate oma sidusettev\u00f5tte turundus\u00e4ri alustada peaaegu ilma investeeringuteta<\/li>\n<li>See v\u00f5ib anda teile rahalise s\u00f5ltumatuse<\/li>\n<li>Saate t\u00f6\u00f6tada veebis k\u00f5ikjal, kus soovite<\/li>\n<\/ul>\n","protected":false},"excerpt":{"rendered":"<p>Mis on partnerturundus? Paljudel veebim\u00fc\u00fcjatel on nn partnerlusprogrammid. Iga\u00fcks saab seal luua partnerluskonto ja hakata oma tooteid veebis reklaamima. Promootor (teie) saab vahendustasu maksvate klientide m\u00fc\u00fcjale suunamise eest. Vaadake paremal asuvat men\u00fc\u00fcd. Seal on link PDF-vormingus algajate \u00f5petusele, kuidas alustada partnerlusettev\u00f5ttega nullist ja minimaalse investeeringuga. Kuidas teile tasu makstakse? Kui<\/p>\n<p><a href=\"https:\/\/redfoxaffiliates.com\/et\/kuidas-alustada-online-partnerlusari\/\" class=\"more-link\">Continue Reading<span class=\"screen-reader-text\">Kuidas alustada online-partnerlus\u00e4ri<\/span><\/a><\/p>\n","protected":false},"author":1,"featured_media":0,"parent":0,"menu_order":6,"comment_status":"closed","ping_status":"closed","template":"","meta":{"footnotes":""},"class_list":["post-329","page","type-page","status-publish","hentry"],"yoast_head":"<!-- This site is optimized with the Yoast SEO plugin v22.4 - https:\/\/yoast.com\/wordpress\/plugins\/seo\/ -->\n<title>Kuidas alustada ja arendada oma online-partnerlus\u00e4ri<\/title>\n<meta name=\"description\" content=\"Partnerlus\u00e4ri edu saavutamise tegevuskava. Hakake teenima komisjonitasusid online-partnerluse ja turunduspartnerina\" \/>\n<meta name=\"robots\" content=\"index, follow, max-snippet:-1, max-image-preview:large, max-video-preview:-1\" \/>\n<link rel=\"canonical\" href=\"https:\/\/redfoxaffiliates.com\/how-to-start-an-online-affiliate-marketing-business\/\" \/>\n<meta property=\"og:locale\" content=\"et_EE\" \/>\n<meta property=\"og:type\" content=\"article\" \/>\n<meta property=\"og:title\" content=\"Kuidas alustada ja arendada oma online-partnerlus\u00e4ri\" \/>\n<meta property=\"og:description\" content=\"Partnerlus\u00e4ri edu saavutamise tegevuskava. Hakake teenima komisjonitasusid online-partnerluse ja turunduspartnerina\" \/>\n<meta property=\"og:url\" content=\"https:\/\/redfoxaffiliates.com\/how-to-start-an-online-affiliate-marketing-business\/\" \/>\n<meta property=\"og:site_name\" content=\"RedFoxLotto Affiliate Program\" \/>\n<meta name=\"twitter:card\" content=\"summary_large_image\" \/>\n<meta name=\"twitter:label1\" content=\"Est. reading time\" \/>\n\t<meta name=\"twitter:data1\" content=\"7 minutit\" \/>\n<script type=\"application\/ld+json\" class=\"yoast-schema-graph\">{\"@context\":\"https:\/\/schema.org\",\"@graph\":[{\"@type\":\"WebPage\",\"@id\":\"https:\/\/redfoxaffiliates.com\/how-to-start-an-online-affiliate-marketing-business\/\",\"url\":\"https:\/\/redfoxaffiliates.com\/how-to-start-an-online-affiliate-marketing-business\/\",\"name\":\"Kuidas alustada ja arendada oma online-partnerlus\u00e4ri\",\"isPartOf\":{\"@id\":\"https:\/\/redfoxaffiliates.com\/#website\"},\"datePublished\":\"2026-01-01T20:15:19+00:00\",\"dateModified\":\"2026-01-01T20:15:19+00:00\",\"description\":\"Partnerlus\u00e4ri edu saavutamise tegevuskava. Hakake teenima komisjonitasusid online-partnerluse ja turunduspartnerina\",\"breadcrumb\":{\"@id\":\"https:\/\/redfoxaffiliates.com\/how-to-start-an-online-affiliate-marketing-business\/#breadcrumb\"},\"inLanguage\":\"et\",\"potentialAction\":[{\"@type\":\"ReadAction\",\"target\":[\"https:\/\/redfoxaffiliates.com\/how-to-start-an-online-affiliate-marketing-business\/\"]}]},{\"@type\":\"BreadcrumbList\",\"@id\":\"https:\/\/redfoxaffiliates.com\/how-to-start-an-online-affiliate-marketing-business\/#breadcrumb\",\"itemListElement\":[{\"@type\":\"ListItem\",\"position\":1,\"name\":\"Home\",\"item\":\"https:\/\/redfoxaffiliates.com\/et\/kodu\/\"},{\"@type\":\"ListItem\",\"position\":2,\"name\":\"Kuidas alustada online-partnerlus\u00e4ri\"}]},{\"@type\":\"WebSite\",\"@id\":\"https:\/\/redfoxaffiliates.com\/#website\",\"url\":\"https:\/\/redfoxaffiliates.com\/\",\"name\":\"RedFoxLotto Affiliate Program\",\"description\":\"The site for marketing partners of RedFoxLotto.com\",\"potentialAction\":[{\"@type\":\"SearchAction\",\"target\":{\"@type\":\"EntryPoint\",\"urlTemplate\":\"https:\/\/redfoxaffiliates.com\/?s={search_term_string}\"},\"query-input\":\"required name=search_term_string\"}],\"inLanguage\":\"et\"}]}<\/script>\n<!-- \/ Yoast SEO plugin. -->","yoast_head_json":{"title":"Kuidas alustada ja arendada oma online-partnerlus\u00e4ri","description":"Partnerlus\u00e4ri edu saavutamise tegevuskava. Hakake teenima komisjonitasusid online-partnerluse ja turunduspartnerina","robots":{"index":"index","follow":"follow","max-snippet":"max-snippet:-1","max-image-preview":"max-image-preview:large","max-video-preview":"max-video-preview:-1"},"canonical":"https:\/\/redfoxaffiliates.com\/how-to-start-an-online-affiliate-marketing-business\/","og_locale":"et_EE","og_type":"article","og_title":"Kuidas alustada ja arendada oma online-partnerlus\u00e4ri","og_description":"Partnerlus\u00e4ri edu saavutamise tegevuskava. Hakake teenima komisjonitasusid online-partnerluse ja turunduspartnerina","og_url":"https:\/\/redfoxaffiliates.com\/how-to-start-an-online-affiliate-marketing-business\/","og_site_name":"RedFoxLotto Affiliate Program","twitter_card":"summary_large_image","twitter_misc":{"Est. reading time":"7 minutit"},"schema":{"@context":"https:\/\/schema.org","@graph":[{"@type":"WebPage","@id":"https:\/\/redfoxaffiliates.com\/how-to-start-an-online-affiliate-marketing-business\/","url":"https:\/\/redfoxaffiliates.com\/how-to-start-an-online-affiliate-marketing-business\/","name":"Kuidas alustada ja arendada oma online-partnerlus\u00e4ri","isPartOf":{"@id":"https:\/\/redfoxaffiliates.com\/#website"},"datePublished":"2026-01-01T20:15:19+00:00","dateModified":"2026-01-01T20:15:19+00:00","description":"Partnerlus\u00e4ri edu saavutamise tegevuskava. Hakake teenima komisjonitasusid online-partnerluse ja turunduspartnerina","breadcrumb":{"@id":"https:\/\/redfoxaffiliates.com\/how-to-start-an-online-affiliate-marketing-business\/#breadcrumb"},"inLanguage":"et","potentialAction":[{"@type":"ReadAction","target":["https:\/\/redfoxaffiliates.com\/how-to-start-an-online-affiliate-marketing-business\/"]}]},{"@type":"BreadcrumbList","@id":"https:\/\/redfoxaffiliates.com\/how-to-start-an-online-affiliate-marketing-business\/#breadcrumb","itemListElement":[{"@type":"ListItem","position":1,"name":"Home","item":"https:\/\/redfoxaffiliates.com\/et\/kodu\/"},{"@type":"ListItem","position":2,"name":"Kuidas alustada online-partnerlus\u00e4ri"}]},{"@type":"WebSite","@id":"https:\/\/redfoxaffiliates.com\/#website","url":"https:\/\/redfoxaffiliates.com\/","name":"RedFoxLotto Affiliate Program","description":"The site for marketing partners of RedFoxLotto.com","potentialAction":[{"@type":"SearchAction","target":{"@type":"EntryPoint","urlTemplate":"https:\/\/redfoxaffiliates.com\/?s={search_term_string}"},"query-input":"required name=search_term_string"}],"inLanguage":"et"}]}},"_links":{"self":[{"href":"https:\/\/redfoxaffiliates.com\/et\/wp-json\/wp\/v2\/pages\/329","targetHints":{"allow":["GET"]}}],"collection":[{"href":"https:\/\/redfoxaffiliates.com\/et\/wp-json\/wp\/v2\/pages"}],"about":[{"href":"https:\/\/redfoxaffiliates.com\/et\/wp-json\/wp\/v2\/types\/page"}],"author":[{"embeddable":true,"href":"https:\/\/redfoxaffiliates.com\/et\/wp-json\/wp\/v2\/users\/1"}],"replies":[{"embeddable":true,"href":"https:\/\/redfoxaffiliates.com\/et\/wp-json\/wp\/v2\/comments?post=329"}],"version-history":[{"count":0,"href":"https:\/\/redfoxaffiliates.com\/et\/wp-json\/wp\/v2\/pages\/329\/revisions"}],"wp:attachment":[{"href":"https:\/\/redfoxaffiliates.com\/et\/wp-json\/wp\/v2\/media?parent=329"}],"curies":[{"name":"wp","href":"https:\/\/api.w.org\/{rel}","templated":true}]}}