{"id":306,"date":"2023-07-15T13:46:59","date_gmt":"2023-07-15T11:46:59","guid":{"rendered":"https:\/\/redfoxaffiliates.com\/kkk\/"},"modified":"2023-07-15T13:46:59","modified_gmt":"2023-07-15T11:46:59","slug":"kkk","status":"publish","type":"page","link":"https:\/\/redfoxaffiliates.com\/et\/kkk\/","title":{"rendered":"KKK"},"content":{"rendered":"<h2>Mida t\u00e4hendab partnerlus?<\/h2>\n<p>Partnerlus on turundusstrateegia. Paljud tooted, teenused ja veebisaidid kasutavad partnerlusi oma toodete ja teenuste turustamiseks. Iga RedFoxLotto.com partner v\u00f5ib meid reklaamida.<\/p>\n<h2>Kas on mingeid kulusid v\u00f5i registreerimistasusid?<\/h2>\n<p>Ei. Meie partnerlusprogrammiga liitumine on t\u00e4iesti tasuta. Ainsad kulud, mis teil tekivad, on veebisaitide haldamise v\u00f5i oma turundusmaterjalide hankimise kulud.<\/p>\n<h2>Kuidas ma saan teid reklaamida?<\/h2>\n<p>V\u00f5ite kasutada igasuguseid online- ja offline-strateegiaid. Siin on kaks k\u00f5ige levinumat viisi:<\/p>\n<ul>\n<li>V\u00f5ite luua veebisaidi (loteriiga seotud v\u00f5i muu) ja kasutada seda RedFoxLotto reklaamimiseks. Hankige liiklust Google&#8217;i otsingutes m\u00e4rks\u00f5nade j\u00e4rgi reastudes ja reklaamige oma veebisaiti sotsiaalmeedias. Rohkem liiklust teie veebisaidile t\u00e4hendab rohkem klikke RedFoxLottole \u2013 mis t\u00e4hendab rohkem raha teile.<\/li>\n<li>Looge loterii veebisait, kasutage RedFoxLotto.com-ile viitavaid partnerlinke ja reklaamige oma veebisaiti offline-re\u017eiimis.<\/li>\n<\/ul>\n<h2>Kui palju ma teenida saan?<\/h2>\n<p>Piiranguid ei ole. Te saate protsendi teie poolt genereeritud netom\u00fc\u00fcgi summast. Iga kuu, mil te genereerite suuremaid komisjonitasusid, suureneb teie protsent. Lisateavet leiate sellest artiklist.<\/p>\n<h2>Mis on partnerlink?<\/h2>\n<p>Partnerlink on link, mis sisaldab j\u00e4lgijat \u2013 spetsiaalset identifikaatorit, mis on seotud ainult sinu partnerkontoga. Sa lisad need lingid oma veebisaidile. Siis \u00fcks sinu veebisaidi k\u00fclastaja kl\u00f5psab sellele ja teeb ostu RedFoxLotto.com-is. Meie partnerlusprogramm tuvastab selle j\u00e4lgimiskoodi abil, et uus klient on sinu poolt toodud klient. Sa saad selle m\u00fc\u00fcgi eest komisjonitasu. K\u00f5ik selle kliendi tulevased ostud toovad sulle kaasa uue komisjonitasu.<\/p>\n<p>Kui klient k\u00fclastab meie veebisaiti, kl\u00f5psates \u00fchele teie partnerlingile, luuakse tema seadmesse k\u00fcpsis. See tagab, et kui ta ei tee oma esimesel k\u00fclastusel ostu, kuid tuleb hiljem tagasi loteriipileteid ostma, identifitseeritakse ta ikkagi \u201eteie\u201d m\u00fc\u00fcgina.<\/p>\n<h2>Kuidas on partnerkontole sisselogimisega?<\/h2>\n<p>Kui olete meie veebisaidil registreerunud, vaatame teie registreeringu l\u00e4bi. Kui see on tehtud, loome teile partnerkonto. Seej\u00e4rel saadame teile e-kirja, milles on URL-aadress partnerkontole sisselogimiseks, kasutajanimi ja ajutine parool. P\u00e4rast oma kontole (partnerite backend) sisselogimist saate parooli muuta ja kontrollida, kas k\u00f5ik teie isikuandmed on \u00f5iged.<\/p>\n<p>Saate luua kampaaniaid spetsiaalsete partnerlinkidega erinevateks turundustegevusteks. Oletame, et teil on mitu veebisaiti. Sellisel juhul soovite luua \u00fche kampaania iga veebisaidi jaoks. Nii saate vaadata iga veebisaidi tulemuslikkust eraldi.<\/p>\n<p>Partnerite backendis saate vaadata ka oma k\u00fclastajate statistikat ja komisjonitasu aruandeid. Sealt saate alla laadida ka turundusmaterjale, mida saate meie toodete reklaamimiseks kasutada.<\/p>\n<h2>Komisjonitasud<\/h2>\n<p>Iga kuu 15. kuup\u00e4eval maksame teile eelmise kuu jooksul teenitud komisjonitasud. Tavaliselt kasutatakse selleks Skrill, Neteller ja panga\u00fclekannet, kuid ka muid v\u00f5imalusi on v\u00f5imalik arutada.<\/p>\n","protected":false},"excerpt":{"rendered":"<p>Mida t\u00e4hendab partnerlus? Partnerlus on turundusstrateegia. Paljud tooted, teenused ja veebisaidid kasutavad partnerlusi oma toodete ja teenuste turustamiseks. Iga RedFoxLotto.com partner v\u00f5ib meid reklaamida. Kas on mingeid kulusid v\u00f5i registreerimistasusid? Ei. Meie partnerlusprogrammiga liitumine on t\u00e4iesti tasuta. Ainsad kulud, mis teil tekivad, on veebisaitide haldamise v\u00f5i oma turundusmaterjalide hankimise kulud.<\/p>\n<p><a href=\"https:\/\/redfoxaffiliates.com\/et\/kkk\/\" class=\"more-link\">Continue Reading<span class=\"screen-reader-text\">KKK<\/span><\/a><\/p>\n","protected":false},"author":1,"featured_media":0,"parent":0,"menu_order":3,"comment_status":"closed","ping_status":"closed","template":"","meta":{"footnotes":""},"class_list":["post-306","page","type-page","status-publish","hentry"],"yoast_head":"<!-- This site is optimized with the Yoast SEO plugin v22.4 - https:\/\/yoast.com\/wordpress\/plugins\/seo\/ -->\n<title>Korduma kippuvad k\u00fcsimused loteriiturul partneriks saamise kohta<\/title>\n<meta name=\"description\" content=\"Leidke vastused oma k\u00fcsimustele loterii partnerlusprogrammi kohta \u00fcldiselt ja RedFoxLotto partnerlusprogrammi kohta konkreetselt.\" \/>\n<meta name=\"robots\" content=\"index, follow, max-snippet:-1, max-image-preview:large, max-video-preview:-1\" \/>\n<link rel=\"canonical\" href=\"https:\/\/redfoxaffiliates.com\/faq\/\" \/>\n<meta property=\"og:locale\" content=\"et_EE\" \/>\n<meta property=\"og:type\" content=\"article\" \/>\n<meta property=\"og:title\" content=\"Korduma kippuvad k\u00fcsimused loteriiturul partneriks saamise kohta\" \/>\n<meta property=\"og:description\" content=\"Leidke vastused oma k\u00fcsimustele loterii partnerlusprogrammi kohta \u00fcldiselt ja RedFoxLotto partnerlusprogrammi kohta konkreetselt.\" \/>\n<meta property=\"og:url\" content=\"https:\/\/redfoxaffiliates.com\/faq\/\" \/>\n<meta property=\"og:site_name\" content=\"RedFoxLotto Affiliate Program\" \/>\n<meta name=\"twitter:card\" content=\"summary_large_image\" \/>\n<meta name=\"twitter:label1\" content=\"Est. reading time\" \/>\n\t<meta name=\"twitter:data1\" content=\"2 minutit\" \/>\n<script type=\"application\/ld+json\" class=\"yoast-schema-graph\">{\"@context\":\"https:\/\/schema.org\",\"@graph\":[{\"@type\":\"WebPage\",\"@id\":\"https:\/\/redfoxaffiliates.com\/faq\/\",\"url\":\"https:\/\/redfoxaffiliates.com\/faq\/\",\"name\":\"Korduma kippuvad k\u00fcsimused loteriiturul partneriks saamise kohta\",\"isPartOf\":{\"@id\":\"https:\/\/redfoxaffiliates.com\/#website\"},\"datePublished\":\"2023-07-15T11:46:59+00:00\",\"dateModified\":\"2023-07-15T11:46:59+00:00\",\"description\":\"Leidke vastused oma k\u00fcsimustele loterii partnerlusprogrammi kohta \u00fcldiselt ja RedFoxLotto partnerlusprogrammi kohta konkreetselt.\",\"breadcrumb\":{\"@id\":\"https:\/\/redfoxaffiliates.com\/faq\/#breadcrumb\"},\"inLanguage\":\"et\",\"potentialAction\":[{\"@type\":\"ReadAction\",\"target\":[\"https:\/\/redfoxaffiliates.com\/faq\/\"]}]},{\"@type\":\"BreadcrumbList\",\"@id\":\"https:\/\/redfoxaffiliates.com\/faq\/#breadcrumb\",\"itemListElement\":[{\"@type\":\"ListItem\",\"position\":1,\"name\":\"Home\",\"item\":\"https:\/\/redfoxaffiliates.com\/et\/kodu\/\"},{\"@type\":\"ListItem\",\"position\":2,\"name\":\"KKK\"}]},{\"@type\":\"WebSite\",\"@id\":\"https:\/\/redfoxaffiliates.com\/#website\",\"url\":\"https:\/\/redfoxaffiliates.com\/\",\"name\":\"RedFoxLotto Affiliate Program\",\"description\":\"The site for marketing partners of RedFoxLotto.com\",\"potentialAction\":[{\"@type\":\"SearchAction\",\"target\":{\"@type\":\"EntryPoint\",\"urlTemplate\":\"https:\/\/redfoxaffiliates.com\/?s={search_term_string}\"},\"query-input\":\"required name=search_term_string\"}],\"inLanguage\":\"et\"}]}<\/script>\n<!-- \/ Yoast SEO plugin. -->","yoast_head_json":{"title":"Korduma kippuvad k\u00fcsimused loteriiturul partneriks saamise kohta","description":"Leidke vastused oma k\u00fcsimustele loterii partnerlusprogrammi kohta \u00fcldiselt ja RedFoxLotto partnerlusprogrammi kohta konkreetselt.","robots":{"index":"index","follow":"follow","max-snippet":"max-snippet:-1","max-image-preview":"max-image-preview:large","max-video-preview":"max-video-preview:-1"},"canonical":"https:\/\/redfoxaffiliates.com\/faq\/","og_locale":"et_EE","og_type":"article","og_title":"Korduma kippuvad k\u00fcsimused loteriiturul partneriks saamise kohta","og_description":"Leidke vastused oma k\u00fcsimustele loterii partnerlusprogrammi kohta \u00fcldiselt ja RedFoxLotto partnerlusprogrammi kohta konkreetselt.","og_url":"https:\/\/redfoxaffiliates.com\/faq\/","og_site_name":"RedFoxLotto Affiliate Program","twitter_card":"summary_large_image","twitter_misc":{"Est. reading time":"2 minutit"},"schema":{"@context":"https:\/\/schema.org","@graph":[{"@type":"WebPage","@id":"https:\/\/redfoxaffiliates.com\/faq\/","url":"https:\/\/redfoxaffiliates.com\/faq\/","name":"Korduma kippuvad k\u00fcsimused loteriiturul partneriks saamise kohta","isPartOf":{"@id":"https:\/\/redfoxaffiliates.com\/#website"},"datePublished":"2023-07-15T11:46:59+00:00","dateModified":"2023-07-15T11:46:59+00:00","description":"Leidke vastused oma k\u00fcsimustele loterii partnerlusprogrammi kohta \u00fcldiselt ja RedFoxLotto partnerlusprogrammi kohta konkreetselt.","breadcrumb":{"@id":"https:\/\/redfoxaffiliates.com\/faq\/#breadcrumb"},"inLanguage":"et","potentialAction":[{"@type":"ReadAction","target":["https:\/\/redfoxaffiliates.com\/faq\/"]}]},{"@type":"BreadcrumbList","@id":"https:\/\/redfoxaffiliates.com\/faq\/#breadcrumb","itemListElement":[{"@type":"ListItem","position":1,"name":"Home","item":"https:\/\/redfoxaffiliates.com\/et\/kodu\/"},{"@type":"ListItem","position":2,"name":"KKK"}]},{"@type":"WebSite","@id":"https:\/\/redfoxaffiliates.com\/#website","url":"https:\/\/redfoxaffiliates.com\/","name":"RedFoxLotto Affiliate Program","description":"The site for marketing partners of RedFoxLotto.com","potentialAction":[{"@type":"SearchAction","target":{"@type":"EntryPoint","urlTemplate":"https:\/\/redfoxaffiliates.com\/?s={search_term_string}"},"query-input":"required name=search_term_string"}],"inLanguage":"et"}]}},"_links":{"self":[{"href":"https:\/\/redfoxaffiliates.com\/et\/wp-json\/wp\/v2\/pages\/306","targetHints":{"allow":["GET"]}}],"collection":[{"href":"https:\/\/redfoxaffiliates.com\/et\/wp-json\/wp\/v2\/pages"}],"about":[{"href":"https:\/\/redfoxaffiliates.com\/et\/wp-json\/wp\/v2\/types\/page"}],"author":[{"embeddable":true,"href":"https:\/\/redfoxaffiliates.com\/et\/wp-json\/wp\/v2\/users\/1"}],"replies":[{"embeddable":true,"href":"https:\/\/redfoxaffiliates.com\/et\/wp-json\/wp\/v2\/comments?post=306"}],"version-history":[{"count":0,"href":"https:\/\/redfoxaffiliates.com\/et\/wp-json\/wp\/v2\/pages\/306\/revisions"}],"wp:attachment":[{"href":"https:\/\/redfoxaffiliates.com\/et\/wp-json\/wp\/v2\/media?parent=306"}],"curies":[{"name":"wp","href":"https:\/\/api.w.org\/{rel}","templated":true}]}}