{"id":282,"date":"2023-07-15T13:37:01","date_gmt":"2023-07-15T11:37:01","guid":{"rendered":"https:\/\/redfoxaffiliates.com\/teenige-raha-partneriturunduse-kaudu\/"},"modified":"2023-07-15T13:37:01","modified_gmt":"2023-07-15T11:37:01","slug":"teenige-raha-partneriturunduse-kaudu","status":"publish","type":"page","link":"https:\/\/redfoxaffiliates.com\/et\/teenige-raha-partneriturunduse-kaudu\/","title":{"rendered":"Teenige raha partneriturunduse kaudu"},"content":{"rendered":"<h2>Teenige komisjonitasu \u2013 teenige raha RedFoxLotto reklaamimise eest meie partnerina.<\/h2>\n<p>K\u00f5ik teie poolt toodud kliendid j\u00e4\u00e4vad teie klientideks kogu eluks. Teie poolt toodud klientidelt teenitud komisjonitasu saamisele ei ole ajalist piirangut. Teie partnerikontolt ei eemaldata kunagi \u00fchtegi klienti. Seet\u00f5ttu ongi meie partnerprogramm loteriit\u00f6\u00f6stuses parim.<\/p>\n<p>Teie komisjonitasud makstakse tulude jagamise alusel, mis t\u00e4hendab, et teie online-soovituste kaudu tekkinud loterii m\u00fc\u00fcgimaht m\u00e4\u00e4rab teie teenistuse meie partnerprogrammist.<\/p>\n<p>Partnerkomisjonitasude neli taset on j\u00e4rgmised:<br \/>\nbrutom\u00fc\u00fck alla 20 000,00 \u20ac: 8% brutom\u00fc\u00fcgist<br \/>\nbrutom\u00fc\u00fck vahemikus 20 000,00 \u20ac ja 50 000,00 \u20ac: 10 % netom\u00fc\u00fcgist<br \/>\nbrutom\u00fc\u00fck \u00fcle 50 000,00 euro: 12% netom\u00fc\u00fcgist<\/p>\n<p>K\u00f5rgem komisjonitasu protsent kehtib ainult kuu kohta, mil teenitud komisjonitasu kogusumma \u00fcletab m\u00e4\u00e4ratud summa. Kui j\u00e4rgmisel kuul on komisjonitasu madalam, kohaldatakse kehtiva komisjonitasu summale vastavat m\u00e4\u00e4ra.<\/p>\n<h2>Miks mitte CPA? Miks on tulude jagamise kokkulepe teie jaoks parim valik?<\/h2>\n<p>Kui te ei ole tuttav m\u00f5istega CPA, siis see t\u00e4hendab tegevuse maksumust (Cost Per Action): te saate \u00fchekordse makse iga kliendi eest, kes teeb oma esimese online-ostu. M\u00f5ned partnerprogrammid maksavad CPA komisjonitasu alles p\u00e4rast seda, kui m\u00e4ngija on t\u00e4itnud minimaalse kulutuse n\u00f5ude.<\/p>\n<p>Sellest hoolimata ei ole CPA komisjonitasu mudel selles konkreetses valdkonnas m\u00f5istlik. Esiteks on esimese sissemakse tegija eluiga palju pikem kui mis tahes muus online-hasartm\u00e4ngude valdkonnas. Loterii m\u00e4ngijad ostavad tavaliselt loterii pileteid kogu oma elu jooksul. Teiseks ostavad meie parimad kliendid \u00fche tehinguga sadade eurode v\u00e4\u00e4rtuses online-loteripileteid. See juhtub sagedamini, kui jackpotid on v\u00e4ga suured, ja see on \u00fcks p\u00f5hjustest, miks pikemas perspektiivis teenite rohkem raha partnerprogrammiga, mis maksab tulude jagamise alusel.<\/p>\n<p>\u00dcldiselt on loterii valdkonnas parim, mida teha, reklaamida partnerprogrammi, mis pakub eluaegset protsendilist tehingut. Erandjuhtudel, kui olete meiega juba m\u00f5nda aega koost\u00f6\u00f6d teinud, on v\u00f5imalik arutada CPA-tehingut, mis p\u00f5hineb teie toodud klientide tulemustel.<\/p>\n<h2>Allpartnerite komisjonitasu<\/h2>\n<p>Iga teie toodud allpartneri eest teenite 2% selle partneri loodud loterii m\u00fc\u00fcgi koguv\u00e4\u00e4rtusest.<\/p>\n","protected":false},"excerpt":{"rendered":"<p>Teenige komisjonitasu \u2013 teenige raha RedFoxLotto reklaamimise eest meie partnerina. K\u00f5ik teie poolt toodud kliendid j\u00e4\u00e4vad teie klientideks kogu eluks. Teie poolt toodud klientidelt teenitud komisjonitasu saamisele ei ole ajalist piirangut. Teie partnerikontolt ei eemaldata kunagi \u00fchtegi klienti. Seet\u00f5ttu ongi meie partnerprogramm loteriit\u00f6\u00f6stuses parim. Teie komisjonitasud makstakse tulude jagamise alusel,<\/p>\n<p><a href=\"https:\/\/redfoxaffiliates.com\/et\/teenige-raha-partneriturunduse-kaudu\/\" class=\"more-link\">Continue Reading<span class=\"screen-reader-text\">Teenige raha partneriturunduse kaudu<\/span><\/a><\/p>\n","protected":false},"author":1,"featured_media":0,"parent":0,"menu_order":2,"comment_status":"closed","ping_status":"closed","template":"","meta":{"footnotes":""},"class_list":["post-282","page","type-page","status-publish","hentry"],"yoast_head":"<!-- This site is optimized with the Yoast SEO plugin v22.4 - https:\/\/yoast.com\/wordpress\/plugins\/seo\/ -->\n<title>Kuidas teenida raha meie loterii partnerprogrammiga<\/title>\n<meta name=\"description\" content=\"Iga soovituse eest teenite eluaegset komisjonitasu k\u00f5ikide nende ostudelt. Vaadake, kui palju raha saate meie partnerprogrammiga teenida\" \/>\n<meta name=\"robots\" content=\"index, follow, max-snippet:-1, max-image-preview:large, max-video-preview:-1\" \/>\n<link rel=\"canonical\" href=\"https:\/\/redfoxaffiliates.com\/make-money-with-our-lottery-affliate-program\/\" \/>\n<meta property=\"og:locale\" content=\"et_EE\" \/>\n<meta property=\"og:type\" content=\"article\" \/>\n<meta property=\"og:title\" content=\"Kuidas teenida raha meie loterii partnerprogrammiga\" \/>\n<meta property=\"og:description\" content=\"Iga soovituse eest teenite eluaegset komisjonitasu k\u00f5ikide nende ostudelt. Vaadake, kui palju raha saate meie partnerprogrammiga teenida\" \/>\n<meta property=\"og:url\" content=\"https:\/\/redfoxaffiliates.com\/make-money-with-our-lottery-affliate-program\/\" \/>\n<meta property=\"og:site_name\" content=\"RedFoxLotto Affiliate Program\" \/>\n<meta name=\"twitter:card\" content=\"summary_large_image\" \/>\n<meta name=\"twitter:label1\" content=\"Est. reading time\" \/>\n\t<meta name=\"twitter:data1\" content=\"2 minutit\" \/>\n<script type=\"application\/ld+json\" class=\"yoast-schema-graph\">{\"@context\":\"https:\/\/schema.org\",\"@graph\":[{\"@type\":\"WebPage\",\"@id\":\"https:\/\/redfoxaffiliates.com\/make-money-with-our-lottery-affliate-program\/\",\"url\":\"https:\/\/redfoxaffiliates.com\/make-money-with-our-lottery-affliate-program\/\",\"name\":\"Kuidas teenida raha meie loterii partnerprogrammiga\",\"isPartOf\":{\"@id\":\"https:\/\/redfoxaffiliates.com\/#website\"},\"datePublished\":\"2023-07-15T11:37:01+00:00\",\"dateModified\":\"2023-07-15T11:37:01+00:00\",\"description\":\"Iga soovituse eest teenite eluaegset komisjonitasu k\u00f5ikide nende ostudelt. Vaadake, kui palju raha saate meie partnerprogrammiga teenida\",\"breadcrumb\":{\"@id\":\"https:\/\/redfoxaffiliates.com\/make-money-with-our-lottery-affliate-program\/#breadcrumb\"},\"inLanguage\":\"et\",\"potentialAction\":[{\"@type\":\"ReadAction\",\"target\":[\"https:\/\/redfoxaffiliates.com\/make-money-with-our-lottery-affliate-program\/\"]}]},{\"@type\":\"BreadcrumbList\",\"@id\":\"https:\/\/redfoxaffiliates.com\/make-money-with-our-lottery-affliate-program\/#breadcrumb\",\"itemListElement\":[{\"@type\":\"ListItem\",\"position\":1,\"name\":\"Home\",\"item\":\"https:\/\/redfoxaffiliates.com\/et\/kodu\/\"},{\"@type\":\"ListItem\",\"position\":2,\"name\":\"Teenige raha partneriturunduse kaudu\"}]},{\"@type\":\"WebSite\",\"@id\":\"https:\/\/redfoxaffiliates.com\/#website\",\"url\":\"https:\/\/redfoxaffiliates.com\/\",\"name\":\"RedFoxLotto Affiliate Program\",\"description\":\"The site for marketing partners of RedFoxLotto.com\",\"potentialAction\":[{\"@type\":\"SearchAction\",\"target\":{\"@type\":\"EntryPoint\",\"urlTemplate\":\"https:\/\/redfoxaffiliates.com\/?s={search_term_string}\"},\"query-input\":\"required name=search_term_string\"}],\"inLanguage\":\"et\"}]}<\/script>\n<!-- \/ Yoast SEO plugin. -->","yoast_head_json":{"title":"Kuidas teenida raha meie loterii partnerprogrammiga","description":"Iga soovituse eest teenite eluaegset komisjonitasu k\u00f5ikide nende ostudelt. Vaadake, kui palju raha saate meie partnerprogrammiga teenida","robots":{"index":"index","follow":"follow","max-snippet":"max-snippet:-1","max-image-preview":"max-image-preview:large","max-video-preview":"max-video-preview:-1"},"canonical":"https:\/\/redfoxaffiliates.com\/make-money-with-our-lottery-affliate-program\/","og_locale":"et_EE","og_type":"article","og_title":"Kuidas teenida raha meie loterii partnerprogrammiga","og_description":"Iga soovituse eest teenite eluaegset komisjonitasu k\u00f5ikide nende ostudelt. Vaadake, kui palju raha saate meie partnerprogrammiga teenida","og_url":"https:\/\/redfoxaffiliates.com\/make-money-with-our-lottery-affliate-program\/","og_site_name":"RedFoxLotto Affiliate Program","twitter_card":"summary_large_image","twitter_misc":{"Est. reading time":"2 minutit"},"schema":{"@context":"https:\/\/schema.org","@graph":[{"@type":"WebPage","@id":"https:\/\/redfoxaffiliates.com\/make-money-with-our-lottery-affliate-program\/","url":"https:\/\/redfoxaffiliates.com\/make-money-with-our-lottery-affliate-program\/","name":"Kuidas teenida raha meie loterii partnerprogrammiga","isPartOf":{"@id":"https:\/\/redfoxaffiliates.com\/#website"},"datePublished":"2023-07-15T11:37:01+00:00","dateModified":"2023-07-15T11:37:01+00:00","description":"Iga soovituse eest teenite eluaegset komisjonitasu k\u00f5ikide nende ostudelt. Vaadake, kui palju raha saate meie partnerprogrammiga teenida","breadcrumb":{"@id":"https:\/\/redfoxaffiliates.com\/make-money-with-our-lottery-affliate-program\/#breadcrumb"},"inLanguage":"et","potentialAction":[{"@type":"ReadAction","target":["https:\/\/redfoxaffiliates.com\/make-money-with-our-lottery-affliate-program\/"]}]},{"@type":"BreadcrumbList","@id":"https:\/\/redfoxaffiliates.com\/make-money-with-our-lottery-affliate-program\/#breadcrumb","itemListElement":[{"@type":"ListItem","position":1,"name":"Home","item":"https:\/\/redfoxaffiliates.com\/et\/kodu\/"},{"@type":"ListItem","position":2,"name":"Teenige raha partneriturunduse kaudu"}]},{"@type":"WebSite","@id":"https:\/\/redfoxaffiliates.com\/#website","url":"https:\/\/redfoxaffiliates.com\/","name":"RedFoxLotto Affiliate Program","description":"The site for marketing partners of RedFoxLotto.com","potentialAction":[{"@type":"SearchAction","target":{"@type":"EntryPoint","urlTemplate":"https:\/\/redfoxaffiliates.com\/?s={search_term_string}"},"query-input":"required name=search_term_string"}],"inLanguage":"et"}]}},"_links":{"self":[{"href":"https:\/\/redfoxaffiliates.com\/et\/wp-json\/wp\/v2\/pages\/282","targetHints":{"allow":["GET"]}}],"collection":[{"href":"https:\/\/redfoxaffiliates.com\/et\/wp-json\/wp\/v2\/pages"}],"about":[{"href":"https:\/\/redfoxaffiliates.com\/et\/wp-json\/wp\/v2\/types\/page"}],"author":[{"embeddable":true,"href":"https:\/\/redfoxaffiliates.com\/et\/wp-json\/wp\/v2\/users\/1"}],"replies":[{"embeddable":true,"href":"https:\/\/redfoxaffiliates.com\/et\/wp-json\/wp\/v2\/comments?post=282"}],"version-history":[{"count":0,"href":"https:\/\/redfoxaffiliates.com\/et\/wp-json\/wp\/v2\/pages\/282\/revisions"}],"wp:attachment":[{"href":"https:\/\/redfoxaffiliates.com\/et\/wp-json\/wp\/v2\/media?parent=282"}],"curies":[{"name":"wp","href":"https:\/\/api.w.org\/{rel}","templated":true}]}}