{"id":258,"date":"2023-07-15T13:33:10","date_gmt":"2023-07-15T11:33:10","guid":{"rendered":"https:\/\/redfoxaffiliates.com\/miks-saada-loterii-partneriks\/"},"modified":"2023-07-15T13:33:10","modified_gmt":"2023-07-15T11:33:10","slug":"miks-saada-loterii-partneriks","status":"publish","type":"page","link":"https:\/\/redfoxaffiliates.com\/et\/miks-saada-loterii-partneriks\/","title":{"rendered":"Miks saada loterii partneriks?"},"content":{"rendered":"<h2>Mis on meie toode?<\/h2>\n<p>RedFoxLotto m\u00fc\u00fcb loteriipileteid internetis. Pakume klientidele \u00fcle kogu maailma v\u00f5imalust osaleda loteriides, kus on suured jackpotid, nagu USA Mega Millions ja Powerball, ning suurtes Euroopa loteriides, nagu EuroMillions, EuroJackpot ja SuperEnalotto.<\/p>\n<p>Meie kaudu saavad kliendid osta pileteid loteriidele teistes riikides peale omaenda. Selleks teeme koost\u00f6\u00f6d mitmete agentidega, kes asuvad riikides, kus loteriid toimuvad. Kui pilet on internetis tellitud, ostab \u00fcks meie agentidest selle meie klientide jaoks. Kui see on tehtud, kinnitame ostu meie kliendile. Kui pilet on ostetud meie kaudu, t\u00f6\u00f6tleme ka v\u00e4ljamaksed meie klientidele.<\/p>\n<p>V\u00f5ib-olla olete kuulnud terminit \u201esekundaarne loteriiturg\u201d \u2013 see on selle turu nimetus. Mitme miljardi dollari suuruse t\u00f6\u00f6stusharuna ei piirdu loterii kohalike pakkumistega (kui nende elukohariigis \u00fcldse loterii toimub). N\u00f5udlus meie piletiteenuse j\u00e4rele on v\u00e4ga suur. Eriti siis, kui uudised m\u00f5ne hiiglasliku jackpot&#8217;i kohta j\u00f5uavad \u00fclemaailmsete ajalehtede esikaantele, lendavad veebipiletid nii-\u00f6elda \u201eriiulitelt\u201d.<\/p>\n<h2>P\u00f5hjused RedFoxLotto reklaamimiseks<\/h2>\n<h3>Suurep\u00e4rased konversioonid<\/h3>\n<p>Meie veebisait https:\/\/redfoxlotto.com on optimeeritud, et muuta ostuprotsess v\u00f5imalikult lihtsaks. See on oluline, et tagada k\u00f5rge konversioonim\u00e4\u00e4r. Mida paremini me teie liiklust konverteerime, seda rohkem raha te teenite.<\/p>\n<h2>Suurep\u00e4rane klientide s\u00e4ilitamine<\/h2>\n<p>Kliendi eluaegne v\u00e4\u00e4rtus on \u00fcks selle t\u00f6\u00f6stusharu parimaid aspekte. Suur osa meie klientidest naaseb ja ostab aastaid n\u00e4dalast n\u00e4dalasse rohkem pileteid!<\/p>\n<h2>Erinevad makseviisid on sama olulised<\/h2>\n<p>P\u00fc\u00fcame pakkuda siin laia valikut v\u00f5imalusi. See on oluline, et tagada, et k\u00fclastajad igast riigist saaksid oma pileteid h\u00f5lpsasti maksta. Sellegipoolest moodustavad krediitkaardimaksed endiselt suurema osa m\u00fc\u00fcgist. Kuid sellised v\u00f5imalused nagu Bitcoin ja e-rahakotid muutuvad \u00fcha olulisemaks.<\/p>\n<p>Oleme v\u00f5tnud endale kohustuse korraldada ausat ja eetilist partnerlusprogrammi. Enamik selle valdkonna programme on tuntud selle poolest, et nad petavad oma partnereid \u00fchel v\u00f5i teisel viisil. RedFoxLotto br\u00e4ndi asutas endine partner. Sama endine partner vastutab ka partnerlusprogrammi eest. Lugege palun meie artiklit partnerluse ja eetika kohta \u2013 see aitab teil paremini m\u00f5ista, millest me l\u00e4htume.<\/p>\n<h2>T\u00f6\u00f6stuse standardit \u00fcletavad komisjonitasud<\/h2>\n<p>Teenige kuni 12% teie soovitustega loodud brutom\u00fc\u00fcgi v\u00e4\u00e4rtusest.<\/p>\n<h2>Teise taseme partnerlus<\/h2>\n<p>See t\u00e4hendab, et kui toote juurde uusi allpartnerid, teenite ka 2% komisjonitasu nende soovitustega loodud m\u00fc\u00fcgist.<\/p>\n<h2>Komisjonitasude \u00f5igeaegne maksmine<\/h2>\n<p>Maksame teile eelmise kuu komisjonitasud j\u00e4rgmise kuu 15. kuup\u00e4eval. Valida on mitme makseviisi vahel.<\/p>\n<h2>Kes saab partneriks ja kuidas saate meid reklaamida?<\/h2>\n<p>Tegelikult iga\u00fcks! Teil v\u00f5ib olla loteriiga seotud veebisait. Sel juhul on teie konversioonim\u00e4\u00e4r k\u00f5rge, kuna meie toode on teie sihtr\u00fchmale huvipakkuv.<\/p>\n<p>V\u00f5i teil on teemast erinev veebisait ja otsite v\u00f5imalusi oma veebiliikluse monetiseerimiseks. K\u00f5ik armastavad lotot m\u00e4ngida ja teie teenistus s\u00f5ltub peamiselt teie veebisaidi liiklusest.<\/p>\n<p>E-posti nimekirjad on suurep\u00e4rane vahend uute klientide leidmiseks. Me ei poolda r\u00e4mpsposti saatmist, seega veenduge, et teie e-posti nimekiri sisaldab ainult kontakte, kes on n\u00f5ustunud teie turunduslike e-kirjade saamisega.<\/p>\n<p>M\u00f5ned meie partnerid kasutavad meie reklaamimiseks offline-strateegiaid. Nad on loonud oma loterii veebisaidi, millel on RedFoxLotto.com-ile viitavad partnerlingid. Seej\u00e4rel jagavad nad flaiereid, visiitkaarte ja muid turundusmaterjale, mis reklaamivad nende veebisaiti, tekitades seel\u00e4bi liiklust ja l\u00f5ppkokkuv\u00f5ttes m\u00fc\u00fcki RedFoxLotto.com-is.<\/p>\n","protected":false},"excerpt":{"rendered":"<p>Mis on meie toode? RedFoxLotto m\u00fc\u00fcb loteriipileteid internetis. Pakume klientidele \u00fcle kogu maailma v\u00f5imalust osaleda loteriides, kus on suured jackpotid, nagu USA Mega Millions ja Powerball, ning suurtes Euroopa loteriides, nagu EuroMillions, EuroJackpot ja SuperEnalotto. Meie kaudu saavad kliendid osta pileteid loteriidele teistes riikides peale omaenda. Selleks teeme koost\u00f6\u00f6d mitmete<\/p>\n<p><a href=\"https:\/\/redfoxaffiliates.com\/et\/miks-saada-loterii-partneriks\/\" class=\"more-link\">Continue Reading<span class=\"screen-reader-text\">Miks saada loterii partneriks?<\/span><\/a><\/p>\n","protected":false},"author":1,"featured_media":0,"parent":0,"menu_order":1,"comment_status":"closed","ping_status":"closed","template":"","meta":{"footnotes":""},"class_list":["post-258","page","type-page","status-publish","hentry"],"yoast_head":"<!-- This site is optimized with the Yoast SEO plugin v22.4 - https:\/\/yoast.com\/wordpress\/plugins\/seo\/ -->\n<title>Miks liituda RedFoxLotto partnerprogrammiga?<\/title>\n<meta name=\"description\" content=\"P\u00f5hjused, miks meiega liituda ja saada RedFoxLotto partneriks ja m\u00fc\u00fcgipartneriks. Teenige komisjonitasu iga teie soovitatud kliendi m\u00fc\u00fcgi eest kogu elu jooksul!\" \/>\n<meta name=\"robots\" content=\"index, follow, max-snippet:-1, max-image-preview:large, max-video-preview:-1\" \/>\n<link rel=\"canonical\" href=\"https:\/\/redfoxaffiliates.com\/why-become-a-lottery-affiliate\/\" \/>\n<meta property=\"og:locale\" content=\"et_EE\" \/>\n<meta property=\"og:type\" content=\"article\" \/>\n<meta property=\"og:title\" content=\"Miks liituda RedFoxLotto partnerprogrammiga?\" \/>\n<meta property=\"og:description\" content=\"P\u00f5hjused, miks meiega liituda ja saada RedFoxLotto partneriks ja m\u00fc\u00fcgipartneriks. Teenige komisjonitasu iga teie soovitatud kliendi m\u00fc\u00fcgi eest kogu elu jooksul!\" \/>\n<meta property=\"og:url\" content=\"https:\/\/redfoxaffiliates.com\/why-become-a-lottery-affiliate\/\" \/>\n<meta property=\"og:site_name\" content=\"RedFoxLotto Affiliate Program\" \/>\n<meta name=\"twitter:card\" content=\"summary_large_image\" \/>\n<meta name=\"twitter:label1\" content=\"Est. reading time\" \/>\n\t<meta name=\"twitter:data1\" content=\"3 minutit\" \/>\n<script type=\"application\/ld+json\" class=\"yoast-schema-graph\">{\"@context\":\"https:\/\/schema.org\",\"@graph\":[{\"@type\":\"WebPage\",\"@id\":\"https:\/\/redfoxaffiliates.com\/why-become-a-lottery-affiliate\/\",\"url\":\"https:\/\/redfoxaffiliates.com\/why-become-a-lottery-affiliate\/\",\"name\":\"Miks liituda RedFoxLotto partnerprogrammiga?\",\"isPartOf\":{\"@id\":\"https:\/\/redfoxaffiliates.com\/#website\"},\"datePublished\":\"2023-07-15T11:33:10+00:00\",\"dateModified\":\"2023-07-15T11:33:10+00:00\",\"description\":\"P\u00f5hjused, miks meiega liituda ja saada RedFoxLotto partneriks ja m\u00fc\u00fcgipartneriks. Teenige komisjonitasu iga teie soovitatud kliendi m\u00fc\u00fcgi eest kogu elu jooksul!\",\"breadcrumb\":{\"@id\":\"https:\/\/redfoxaffiliates.com\/why-become-a-lottery-affiliate\/#breadcrumb\"},\"inLanguage\":\"et\",\"potentialAction\":[{\"@type\":\"ReadAction\",\"target\":[\"https:\/\/redfoxaffiliates.com\/why-become-a-lottery-affiliate\/\"]}]},{\"@type\":\"BreadcrumbList\",\"@id\":\"https:\/\/redfoxaffiliates.com\/why-become-a-lottery-affiliate\/#breadcrumb\",\"itemListElement\":[{\"@type\":\"ListItem\",\"position\":1,\"name\":\"Home\",\"item\":\"https:\/\/redfoxaffiliates.com\/et\/kodu\/\"},{\"@type\":\"ListItem\",\"position\":2,\"name\":\"Miks saada loterii partneriks?\"}]},{\"@type\":\"WebSite\",\"@id\":\"https:\/\/redfoxaffiliates.com\/#website\",\"url\":\"https:\/\/redfoxaffiliates.com\/\",\"name\":\"RedFoxLotto Affiliate Program\",\"description\":\"The site for marketing partners of RedFoxLotto.com\",\"potentialAction\":[{\"@type\":\"SearchAction\",\"target\":{\"@type\":\"EntryPoint\",\"urlTemplate\":\"https:\/\/redfoxaffiliates.com\/?s={search_term_string}\"},\"query-input\":\"required name=search_term_string\"}],\"inLanguage\":\"et\"}]}<\/script>\n<!-- \/ Yoast SEO plugin. -->","yoast_head_json":{"title":"Miks liituda RedFoxLotto partnerprogrammiga?","description":"P\u00f5hjused, miks meiega liituda ja saada RedFoxLotto partneriks ja m\u00fc\u00fcgipartneriks. Teenige komisjonitasu iga teie soovitatud kliendi m\u00fc\u00fcgi eest kogu elu jooksul!","robots":{"index":"index","follow":"follow","max-snippet":"max-snippet:-1","max-image-preview":"max-image-preview:large","max-video-preview":"max-video-preview:-1"},"canonical":"https:\/\/redfoxaffiliates.com\/why-become-a-lottery-affiliate\/","og_locale":"et_EE","og_type":"article","og_title":"Miks liituda RedFoxLotto partnerprogrammiga?","og_description":"P\u00f5hjused, miks meiega liituda ja saada RedFoxLotto partneriks ja m\u00fc\u00fcgipartneriks. Teenige komisjonitasu iga teie soovitatud kliendi m\u00fc\u00fcgi eest kogu elu jooksul!","og_url":"https:\/\/redfoxaffiliates.com\/why-become-a-lottery-affiliate\/","og_site_name":"RedFoxLotto Affiliate Program","twitter_card":"summary_large_image","twitter_misc":{"Est. reading time":"3 minutit"},"schema":{"@context":"https:\/\/schema.org","@graph":[{"@type":"WebPage","@id":"https:\/\/redfoxaffiliates.com\/why-become-a-lottery-affiliate\/","url":"https:\/\/redfoxaffiliates.com\/why-become-a-lottery-affiliate\/","name":"Miks liituda RedFoxLotto partnerprogrammiga?","isPartOf":{"@id":"https:\/\/redfoxaffiliates.com\/#website"},"datePublished":"2023-07-15T11:33:10+00:00","dateModified":"2023-07-15T11:33:10+00:00","description":"P\u00f5hjused, miks meiega liituda ja saada RedFoxLotto partneriks ja m\u00fc\u00fcgipartneriks. Teenige komisjonitasu iga teie soovitatud kliendi m\u00fc\u00fcgi eest kogu elu jooksul!","breadcrumb":{"@id":"https:\/\/redfoxaffiliates.com\/why-become-a-lottery-affiliate\/#breadcrumb"},"inLanguage":"et","potentialAction":[{"@type":"ReadAction","target":["https:\/\/redfoxaffiliates.com\/why-become-a-lottery-affiliate\/"]}]},{"@type":"BreadcrumbList","@id":"https:\/\/redfoxaffiliates.com\/why-become-a-lottery-affiliate\/#breadcrumb","itemListElement":[{"@type":"ListItem","position":1,"name":"Home","item":"https:\/\/redfoxaffiliates.com\/et\/kodu\/"},{"@type":"ListItem","position":2,"name":"Miks saada loterii partneriks?"}]},{"@type":"WebSite","@id":"https:\/\/redfoxaffiliates.com\/#website","url":"https:\/\/redfoxaffiliates.com\/","name":"RedFoxLotto Affiliate Program","description":"The site for marketing partners of RedFoxLotto.com","potentialAction":[{"@type":"SearchAction","target":{"@type":"EntryPoint","urlTemplate":"https:\/\/redfoxaffiliates.com\/?s={search_term_string}"},"query-input":"required name=search_term_string"}],"inLanguage":"et"}]}},"_links":{"self":[{"href":"https:\/\/redfoxaffiliates.com\/et\/wp-json\/wp\/v2\/pages\/258","targetHints":{"allow":["GET"]}}],"collection":[{"href":"https:\/\/redfoxaffiliates.com\/et\/wp-json\/wp\/v2\/pages"}],"about":[{"href":"https:\/\/redfoxaffiliates.com\/et\/wp-json\/wp\/v2\/types\/page"}],"author":[{"embeddable":true,"href":"https:\/\/redfoxaffiliates.com\/et\/wp-json\/wp\/v2\/users\/1"}],"replies":[{"embeddable":true,"href":"https:\/\/redfoxaffiliates.com\/et\/wp-json\/wp\/v2\/comments?post=258"}],"version-history":[{"count":0,"href":"https:\/\/redfoxaffiliates.com\/et\/wp-json\/wp\/v2\/pages\/258\/revisions"}],"wp:attachment":[{"href":"https:\/\/redfoxaffiliates.com\/et\/wp-json\/wp\/v2\/media?parent=258"}],"curies":[{"name":"wp","href":"https:\/\/api.w.org\/{rel}","templated":true}]}}