{"id":172,"date":"2023-07-15T08:09:36","date_gmt":"2023-07-15T06:09:36","guid":{"rendered":"https:\/\/redfoxaffiliates.com\/kodu\/"},"modified":"2026-01-03T10:34:39","modified_gmt":"2026-01-03T09:34:39","slug":"kodu","status":"publish","type":"page","link":"https:\/\/redfoxaffiliates.com\/et\/","title":{"rendered":"Kodu"},"content":{"rendered":"&#13;\n<p>RedFoxAffiliates.com on RedFoxLotto.com partnerprogramm. RedFoxLotto on loteriipiletite kullerteenus. RedFoxLotto.com veebisaidi kaudu saavad lotof\u00e4nnid \u00fcle kogu maailma tellida t\u00f5elisi pileteid paljudele rahvusvahelistele loteriidele.<\/p>&#13;\n<h2>Kas suudate tuua liiklust?<\/h2>&#13;\n<p>Kui suudate tuua liiklust (uusi potentsiaalseid kliente) meie veebisaidile, teenite komisjonitasu. Te saadate meile liiklust ja meie muudame selle m\u00fc\u00fcgiks. Rohkem liiklust t\u00e4hendab rohkem maksvaid kliente ja suuremat komisjonitasu teile.&#13;\n<\/p>&#13;\n<h2>Meie loteriipiletite teenus on ideaalne toode veebis reklaamimiseks.<\/h2>&#13;\n<p>See on lihtne toode, mida k\u00f5ik \u00fcle maailma teavad. Suured jackpotid tekitavad \u00fclemaailmses publikus suurt huvi.&#13;\n<\/p>&#13;\n<h2>Lihtne konverteerimine \u2013 k\u00fclastajast kliendiks<\/h2>&#13;\n<p>Pileteid on meie veebisaidil v\u00f5imalik osta v\u00e4ga lihtsalt. Registreerumine redfoxlotto.com veebisaidil v\u00f5tab vaid m\u00f5ne sekundi ning pileti tellimine ja maksmine on sama kiire ja lihtne. Te saadate meile oma k\u00fclastajad ja meie muudame nad klientideks.&#13;\n<\/p>&#13;\n<h2>Meie kliendid on lojaalsed \u2013 nad tulevad tagasi ja ostavad pikka aega rohkem pileteid.<\/h2>&#13;\n<p>Kui teie k\u00fclastajad teevad oma esimese ostu, tulevad nad tagasi, et osta lisapileteid. Paljud meie kliendid on olnud meiega k\u00fcmme aastat v\u00f5i isegi kauem. Kui te suunate meile kliendi, teenite t\u00f5en\u00e4oliselt komisjonitasu selle kliendi ostudelt veel aastaid!&#13;\n<\/p>&#13;\n<p>Registreeruge meie partnerprogrammile kohe. Liitumine on tasuta. Kui teil on k\u00fcsimusi, vaadake esmalt meie KKK lehte. Kui teil on lisak\u00fcsimusi, v\u00f5tke meiega \u00fchendust.&#13;\n<\/p>&#13;\n<p>J\u00e4rgige seda linki, et liituda meie partnerprogrammiga. Kui olete registreerunud, saate meilt e-kirja. Palun \u00e4rge unustage kl\u00f5psata selle e-kirja kinnituslingil. Teie registreering vaadatakse l\u00e4bi ja teie partnerkonto aktiveeritakse 48 tunni jooksul.<\/p>&#13;\n<p>\u00a0<\/p>&#13;\n","protected":false},"excerpt":{"rendered":"<p>&#13; RedFoxAffiliates.com on RedFoxLotto.com partnerprogramm. RedFoxLotto on loteriipiletite kullerteenus. RedFoxLotto.com veebisaidi kaudu saavad lotof\u00e4nnid \u00fcle kogu maailma tellida t\u00f5elisi pileteid paljudele rahvusvahelistele loteriidele. &#13; Kas suudate tuua liiklust? &#13; Kui suudate tuua liiklust (uusi potentsiaalseid kliente) meie veebisaidile, teenite komisjonitasu. Te saadate meile liiklust ja meie muudame selle m\u00fc\u00fcgiks. Rohkem<\/p>\n<p><a href=\"https:\/\/redfoxaffiliates.com\/et\/\" class=\"more-link\">Continue Reading<span class=\"screen-reader-text\">Kodu<\/span><\/a><\/p>\n","protected":false},"author":1,"featured_media":0,"parent":0,"menu_order":0,"comment_status":"closed","ping_status":"closed","template":"","meta":{"footnotes":""},"class_list":["post-172","page","type-page","status-publish","hentry"],"yoast_head":"<!-- This site is optimized with the Yoast SEO plugin v22.4 - https:\/\/yoast.com\/wordpress\/plugins\/seo\/ -->\n<title>RedFoxLotto.com partnerprogramm<\/title>\n<meta name=\"description\" content=\"Meie partnerprogramm v\u00f5imaldab RedFoxLotto partneritel teenida komisjonitasu oma soovituste eest. Hakka m\u00fc\u00fcgipartneriks ja alusta juba t\u00e4na meie online-loteriipiletite teenuse reklaamimist!\" \/>\n<meta name=\"robots\" content=\"index, follow, max-snippet:-1, max-image-preview:large, max-video-preview:-1\" \/>\n<link rel=\"canonical\" href=\"https:\/\/redfoxaffiliates.com\/et\/kodu\/\" \/>\n<meta property=\"og:locale\" content=\"et_EE\" \/>\n<meta property=\"og:type\" content=\"article\" \/>\n<meta property=\"og:title\" content=\"RedFoxLotto.com partnerprogramm\" \/>\n<meta property=\"og:description\" content=\"Meie partnerprogramm v\u00f5imaldab RedFoxLotto partneritel teenida komisjonitasu oma soovituste eest. Hakka m\u00fc\u00fcgipartneriks ja alusta juba t\u00e4na meie online-loteriipiletite teenuse reklaamimist!\" \/>\n<meta property=\"og:url\" content=\"https:\/\/redfoxaffiliates.com\/et\/kodu\/\" \/>\n<meta property=\"og:site_name\" content=\"RedFoxLotto Affiliate Program\" \/>\n<meta property=\"article:modified_time\" content=\"2026-01-03T09:34:39+00:00\" \/>\n<meta name=\"twitter:card\" content=\"summary_large_image\" \/>\n<meta name=\"twitter:label1\" content=\"Est. reading time\" \/>\n\t<meta name=\"twitter:data1\" content=\"1 minut\" \/>\n<script type=\"application\/ld+json\" class=\"yoast-schema-graph\">{\"@context\":\"https:\/\/schema.org\",\"@graph\":[{\"@type\":\"WebPage\",\"@id\":\"https:\/\/redfoxaffiliates.com\/et\/kodu\/\",\"url\":\"https:\/\/redfoxaffiliates.com\/et\/kodu\/\",\"name\":\"RedFoxLotto.com partnerprogramm\",\"isPartOf\":{\"@id\":\"https:\/\/redfoxaffiliates.com\/#website\"},\"datePublished\":\"2023-07-15T06:09:36+00:00\",\"dateModified\":\"2026-01-03T09:34:39+00:00\",\"description\":\"Meie partnerprogramm v\u00f5imaldab RedFoxLotto partneritel teenida komisjonitasu oma soovituste eest. Hakka m\u00fc\u00fcgipartneriks ja alusta juba t\u00e4na meie online-loteriipiletite teenuse reklaamimist!\",\"breadcrumb\":{\"@id\":\"https:\/\/redfoxaffiliates.com\/et\/kodu\/#breadcrumb\"},\"inLanguage\":\"et\",\"potentialAction\":[{\"@type\":\"ReadAction\",\"target\":[\"https:\/\/redfoxaffiliates.com\/et\/kodu\/\"]}]},{\"@type\":\"BreadcrumbList\",\"@id\":\"https:\/\/redfoxaffiliates.com\/et\/kodu\/#breadcrumb\",\"itemListElement\":[{\"@type\":\"ListItem\",\"position\":1,\"name\":\"Home\",\"item\":\"https:\/\/redfoxaffiliates.com\/et\/kodu\/\"},{\"@type\":\"ListItem\",\"position\":2,\"name\":\"Kodu\"}]},{\"@type\":\"WebSite\",\"@id\":\"https:\/\/redfoxaffiliates.com\/#website\",\"url\":\"https:\/\/redfoxaffiliates.com\/\",\"name\":\"RedFoxLotto Affiliate Program\",\"description\":\"The site for marketing partners of RedFoxLotto.com\",\"potentialAction\":[{\"@type\":\"SearchAction\",\"target\":{\"@type\":\"EntryPoint\",\"urlTemplate\":\"https:\/\/redfoxaffiliates.com\/?s={search_term_string}\"},\"query-input\":\"required name=search_term_string\"}],\"inLanguage\":\"et\"}]}<\/script>\n<!-- \/ Yoast SEO plugin. -->","yoast_head_json":{"title":"RedFoxLotto.com partnerprogramm","description":"Meie partnerprogramm v\u00f5imaldab RedFoxLotto partneritel teenida komisjonitasu oma soovituste eest. Hakka m\u00fc\u00fcgipartneriks ja alusta juba t\u00e4na meie online-loteriipiletite teenuse reklaamimist!","robots":{"index":"index","follow":"follow","max-snippet":"max-snippet:-1","max-image-preview":"max-image-preview:large","max-video-preview":"max-video-preview:-1"},"canonical":"https:\/\/redfoxaffiliates.com\/et\/kodu\/","og_locale":"et_EE","og_type":"article","og_title":"RedFoxLotto.com partnerprogramm","og_description":"Meie partnerprogramm v\u00f5imaldab RedFoxLotto partneritel teenida komisjonitasu oma soovituste eest. Hakka m\u00fc\u00fcgipartneriks ja alusta juba t\u00e4na meie online-loteriipiletite teenuse reklaamimist!","og_url":"https:\/\/redfoxaffiliates.com\/et\/kodu\/","og_site_name":"RedFoxLotto Affiliate Program","article_modified_time":"2026-01-03T09:34:39+00:00","twitter_card":"summary_large_image","twitter_misc":{"Est. reading time":"1 minut"},"schema":{"@context":"https:\/\/schema.org","@graph":[{"@type":"WebPage","@id":"https:\/\/redfoxaffiliates.com\/et\/kodu\/","url":"https:\/\/redfoxaffiliates.com\/et\/kodu\/","name":"RedFoxLotto.com partnerprogramm","isPartOf":{"@id":"https:\/\/redfoxaffiliates.com\/#website"},"datePublished":"2023-07-15T06:09:36+00:00","dateModified":"2026-01-03T09:34:39+00:00","description":"Meie partnerprogramm v\u00f5imaldab RedFoxLotto partneritel teenida komisjonitasu oma soovituste eest. Hakka m\u00fc\u00fcgipartneriks ja alusta juba t\u00e4na meie online-loteriipiletite teenuse reklaamimist!","breadcrumb":{"@id":"https:\/\/redfoxaffiliates.com\/et\/kodu\/#breadcrumb"},"inLanguage":"et","potentialAction":[{"@type":"ReadAction","target":["https:\/\/redfoxaffiliates.com\/et\/kodu\/"]}]},{"@type":"BreadcrumbList","@id":"https:\/\/redfoxaffiliates.com\/et\/kodu\/#breadcrumb","itemListElement":[{"@type":"ListItem","position":1,"name":"Home","item":"https:\/\/redfoxaffiliates.com\/et\/kodu\/"},{"@type":"ListItem","position":2,"name":"Kodu"}]},{"@type":"WebSite","@id":"https:\/\/redfoxaffiliates.com\/#website","url":"https:\/\/redfoxaffiliates.com\/","name":"RedFoxLotto Affiliate Program","description":"The site for marketing partners of RedFoxLotto.com","potentialAction":[{"@type":"SearchAction","target":{"@type":"EntryPoint","urlTemplate":"https:\/\/redfoxaffiliates.com\/?s={search_term_string}"},"query-input":"required name=search_term_string"}],"inLanguage":"et"}]}},"_links":{"self":[{"href":"https:\/\/redfoxaffiliates.com\/et\/wp-json\/wp\/v2\/pages\/172","targetHints":{"allow":["GET"]}}],"collection":[{"href":"https:\/\/redfoxaffiliates.com\/et\/wp-json\/wp\/v2\/pages"}],"about":[{"href":"https:\/\/redfoxaffiliates.com\/et\/wp-json\/wp\/v2\/types\/page"}],"author":[{"embeddable":true,"href":"https:\/\/redfoxaffiliates.com\/et\/wp-json\/wp\/v2\/users\/1"}],"replies":[{"embeddable":true,"href":"https:\/\/redfoxaffiliates.com\/et\/wp-json\/wp\/v2\/comments?post=172"}],"version-history":[{"count":1,"href":"https:\/\/redfoxaffiliates.com\/et\/wp-json\/wp\/v2\/pages\/172\/revisions"}],"predecessor-version":[{"id":173,"href":"https:\/\/redfoxaffiliates.com\/et\/wp-json\/wp\/v2\/pages\/172\/revisions\/173"}],"wp:attachment":[{"href":"https:\/\/redfoxaffiliates.com\/et\/wp-json\/wp\/v2\/media?parent=172"}],"curies":[{"name":"wp","href":"https:\/\/api.w.org\/{rel}","templated":true}]}}