{"id":347,"date":"2026-01-01T21:16:49","date_gmt":"2026-01-01T20:16:49","guid":{"rendered":"https:\/\/redfoxaffiliates.com\/acerca-de-la-etica-en-los-programas-de-marketing-de-afiliados\/"},"modified":"2026-01-01T21:16:49","modified_gmt":"2026-01-01T20:16:49","slug":"acerca-de-la-etica-en-los-programas-de-marketing-de-afiliados","status":"publish","type":"page","link":"https:\/\/redfoxaffiliates.com\/es\/acerca-de-la-etica-en-los-programas-de-marketing-de-afiliados\/","title":{"rendered":"Acerca de la \u00e9tica en los programas de marketing de afiliados"},"content":{"rendered":"<p>Quiz\u00e1s le sorprenda encontrar una referencia a la \u00e9tica en el sitio web de un programa de afiliados. Estamos de acuerdo en que es algo inusual.<\/p>\n<p>Pero es un tema esencial para nosotros. Los antiguos afiliados operan tanto RedFoxLotto.com como este programa de afiliados. Hemos trabajado con las mismas empresas con las que usted ha trabajado (o quiz\u00e1 siga trabajando). Tras m\u00e1s de 12 a\u00f1os en el negocio de los afiliados de apuestas, hemos visto muchas cosas malas. Reducci\u00f3n de ingresos, cambios en los t\u00e9rminos y condiciones que provocan p\u00e9rdidas de ingresos para el afiliado, pagos tard\u00edos o impagos, robo de clientes (nuestros o de otros afiliados)&#8230; Lo hemos visto todo.<\/p>\n<p>Desgraciadamente, esta es una industria en la que a los afiliados que trabajan duro les suceden cosas malas constantemente. Por eso decidimos dar el siguiente paso. Lanzamos nuestro propio producto, RedFoxLotto.com. Nuestro plan de marketing es sencillo: basado al 100 % en SEO y marketing de afiliados online.<\/p>\n<p>Habiendo sido nosotros mismos afiliados, nos comprometemos a llevar a cabo un programa de afiliados 100 % \u00e9tico y honesto. S\u00ed, todos dicen que no har\u00e1n esto o aquello. Pero nosotros cumplimos lo que prometemos.<\/p>\n<p>Esto es lo que puede esperar de nosotros<br \/>\n\u00a1Un trato es un trato! Eso significa que si decimos que recibir\u00e1 una parte de los ingresos que genere durante toda la vida de los clientes que traiga, lo decimos en serio. No cambiaremos de opini\u00f3n al respecto, nunca.<br \/>\nNunca manipularemos los informes de ganancias para reducir nuestros gastos generales. Tampoco eliminaremos nunca clientes de su cuenta. Queremos que tenga el mayor \u00e9xito posible. \u00a1Usted es nuestro socio comercial y nuestro \u00e9xito depende de usted!<br \/>\nLe pagaremos a tiempo. Usted tambi\u00e9n tiene obligaciones y gastos, y lo entendemos.<br \/>\nP\u00f3ngase en contacto con nosotros si tiene alguna pregunta o necesita nuestra ayuda. Utilice el formulario \u00abContacto\u00bb en la barra de men\u00fa superior. \u00a1Un\u00e1monos y veamos si ambos podemos ganar dinero!<\/p>\n","protected":false},"excerpt":{"rendered":"<p>Quiz\u00e1s le sorprenda encontrar una referencia a la \u00e9tica en el sitio web de un programa de afiliados. Estamos de acuerdo en que es algo inusual. Pero es un tema esencial para nosotros. Los antiguos afiliados operan tanto RedFoxLotto.com como este programa de afiliados. Hemos trabajado con las mismas empresas<\/p>\n<p><a href=\"https:\/\/redfoxaffiliates.com\/es\/acerca-de-la-etica-en-los-programas-de-marketing-de-afiliados\/\" class=\"more-link\">Continue Reading<span class=\"screen-reader-text\">Acerca de la \u00e9tica en los programas de marketing de afiliados<\/span><\/a><\/p>\n","protected":false},"author":1,"featured_media":0,"parent":0,"menu_order":7,"comment_status":"closed","ping_status":"closed","template":"","meta":{"footnotes":""},"class_list":["post-347","page","type-page","status-publish","hentry"],"yoast_head":"<!-- This site is optimized with the Yoast SEO plugin v22.4 - https:\/\/yoast.com\/wordpress\/plugins\/seo\/ -->\n<title>\u00c9tica y afiliaci\u00f3n en el mercado de la loter\u00eda<\/title>\n<meta name=\"description\" content=\"Hay muchos programas de afiliados de loter\u00eda que roban dinero a sus afiliados. Por eso el tema de la \u00e9tica empresarial es importante para nosotros.\" \/>\n<meta name=\"robots\" content=\"index, follow, max-snippet:-1, max-image-preview:large, max-video-preview:-1\" \/>\n<link rel=\"canonical\" href=\"https:\/\/redfoxaffiliates.com\/ethics-and-affiliate-marketing-programs\/\" \/>\n<meta property=\"og:locale\" content=\"es_ES\" \/>\n<meta property=\"og:type\" content=\"article\" \/>\n<meta property=\"og:title\" content=\"\u00c9tica y afiliaci\u00f3n en el mercado de la loter\u00eda\" \/>\n<meta property=\"og:description\" content=\"Hay muchos programas de afiliados de loter\u00eda que roban dinero a sus afiliados. Por eso el tema de la \u00e9tica empresarial es importante para nosotros.\" \/>\n<meta property=\"og:url\" content=\"https:\/\/redfoxaffiliates.com\/ethics-and-affiliate-marketing-programs\/\" \/>\n<meta property=\"og:site_name\" content=\"RedFoxLotto Affiliate Program\" \/>\n<meta name=\"twitter:card\" content=\"summary_large_image\" \/>\n<meta name=\"twitter:label1\" content=\"Tiempo de lectura\" \/>\n\t<meta name=\"twitter:data1\" content=\"2 minutos\" \/>\n<script type=\"application\/ld+json\" class=\"yoast-schema-graph\">{\"@context\":\"https:\/\/schema.org\",\"@graph\":[{\"@type\":\"WebPage\",\"@id\":\"https:\/\/redfoxaffiliates.com\/ethics-and-affiliate-marketing-programs\/\",\"url\":\"https:\/\/redfoxaffiliates.com\/ethics-and-affiliate-marketing-programs\/\",\"name\":\"\u00c9tica y afiliaci\u00f3n en el mercado de la loter\u00eda\",\"isPartOf\":{\"@id\":\"https:\/\/redfoxaffiliates.com\/#website\"},\"datePublished\":\"2026-01-01T20:16:49+00:00\",\"dateModified\":\"2026-01-01T20:16:49+00:00\",\"description\":\"Hay muchos programas de afiliados de loter\u00eda que roban dinero a sus afiliados. Por eso el tema de la \u00e9tica empresarial es importante para nosotros.\",\"breadcrumb\":{\"@id\":\"https:\/\/redfoxaffiliates.com\/ethics-and-affiliate-marketing-programs\/#breadcrumb\"},\"inLanguage\":\"es\",\"potentialAction\":[{\"@type\":\"ReadAction\",\"target\":[\"https:\/\/redfoxaffiliates.com\/ethics-and-affiliate-marketing-programs\/\"]}]},{\"@type\":\"BreadcrumbList\",\"@id\":\"https:\/\/redfoxaffiliates.com\/ethics-and-affiliate-marketing-programs\/#breadcrumb\",\"itemListElement\":[{\"@type\":\"ListItem\",\"position\":1,\"name\":\"Home\",\"item\":\"https:\/\/redfoxaffiliates.com\/es\/inicio\/\"},{\"@type\":\"ListItem\",\"position\":2,\"name\":\"Acerca de la \u00e9tica en los programas de marketing de afiliados\"}]},{\"@type\":\"WebSite\",\"@id\":\"https:\/\/redfoxaffiliates.com\/#website\",\"url\":\"https:\/\/redfoxaffiliates.com\/\",\"name\":\"RedFoxLotto Affiliate Program\",\"description\":\"The site for marketing partners of RedFoxLotto.com\",\"potentialAction\":[{\"@type\":\"SearchAction\",\"target\":{\"@type\":\"EntryPoint\",\"urlTemplate\":\"https:\/\/redfoxaffiliates.com\/?s={search_term_string}\"},\"query-input\":\"required name=search_term_string\"}],\"inLanguage\":\"es\"}]}<\/script>\n<!-- \/ Yoast SEO plugin. -->","yoast_head_json":{"title":"\u00c9tica y afiliaci\u00f3n en el mercado de la loter\u00eda","description":"Hay muchos programas de afiliados de loter\u00eda que roban dinero a sus afiliados. Por eso el tema de la \u00e9tica empresarial es importante para nosotros.","robots":{"index":"index","follow":"follow","max-snippet":"max-snippet:-1","max-image-preview":"max-image-preview:large","max-video-preview":"max-video-preview:-1"},"canonical":"https:\/\/redfoxaffiliates.com\/ethics-and-affiliate-marketing-programs\/","og_locale":"es_ES","og_type":"article","og_title":"\u00c9tica y afiliaci\u00f3n en el mercado de la loter\u00eda","og_description":"Hay muchos programas de afiliados de loter\u00eda que roban dinero a sus afiliados. Por eso el tema de la \u00e9tica empresarial es importante para nosotros.","og_url":"https:\/\/redfoxaffiliates.com\/ethics-and-affiliate-marketing-programs\/","og_site_name":"RedFoxLotto Affiliate Program","twitter_card":"summary_large_image","twitter_misc":{"Tiempo de lectura":"2 minutos"},"schema":{"@context":"https:\/\/schema.org","@graph":[{"@type":"WebPage","@id":"https:\/\/redfoxaffiliates.com\/ethics-and-affiliate-marketing-programs\/","url":"https:\/\/redfoxaffiliates.com\/ethics-and-affiliate-marketing-programs\/","name":"\u00c9tica y afiliaci\u00f3n en el mercado de la loter\u00eda","isPartOf":{"@id":"https:\/\/redfoxaffiliates.com\/#website"},"datePublished":"2026-01-01T20:16:49+00:00","dateModified":"2026-01-01T20:16:49+00:00","description":"Hay muchos programas de afiliados de loter\u00eda que roban dinero a sus afiliados. Por eso el tema de la \u00e9tica empresarial es importante para nosotros.","breadcrumb":{"@id":"https:\/\/redfoxaffiliates.com\/ethics-and-affiliate-marketing-programs\/#breadcrumb"},"inLanguage":"es","potentialAction":[{"@type":"ReadAction","target":["https:\/\/redfoxaffiliates.com\/ethics-and-affiliate-marketing-programs\/"]}]},{"@type":"BreadcrumbList","@id":"https:\/\/redfoxaffiliates.com\/ethics-and-affiliate-marketing-programs\/#breadcrumb","itemListElement":[{"@type":"ListItem","position":1,"name":"Home","item":"https:\/\/redfoxaffiliates.com\/es\/inicio\/"},{"@type":"ListItem","position":2,"name":"Acerca de la \u00e9tica en los programas de marketing de afiliados"}]},{"@type":"WebSite","@id":"https:\/\/redfoxaffiliates.com\/#website","url":"https:\/\/redfoxaffiliates.com\/","name":"RedFoxLotto Affiliate Program","description":"The site for marketing partners of RedFoxLotto.com","potentialAction":[{"@type":"SearchAction","target":{"@type":"EntryPoint","urlTemplate":"https:\/\/redfoxaffiliates.com\/?s={search_term_string}"},"query-input":"required name=search_term_string"}],"inLanguage":"es"}]}},"_links":{"self":[{"href":"https:\/\/redfoxaffiliates.com\/es\/wp-json\/wp\/v2\/pages\/347","targetHints":{"allow":["GET"]}}],"collection":[{"href":"https:\/\/redfoxaffiliates.com\/es\/wp-json\/wp\/v2\/pages"}],"about":[{"href":"https:\/\/redfoxaffiliates.com\/es\/wp-json\/wp\/v2\/types\/page"}],"author":[{"embeddable":true,"href":"https:\/\/redfoxaffiliates.com\/es\/wp-json\/wp\/v2\/users\/1"}],"replies":[{"embeddable":true,"href":"https:\/\/redfoxaffiliates.com\/es\/wp-json\/wp\/v2\/comments?post=347"}],"version-history":[{"count":0,"href":"https:\/\/redfoxaffiliates.com\/es\/wp-json\/wp\/v2\/pages\/347\/revisions"}],"wp:attachment":[{"href":"https:\/\/redfoxaffiliates.com\/es\/wp-json\/wp\/v2\/media?parent=347"}],"curies":[{"name":"wp","href":"https:\/\/api.w.org\/{rel}","templated":true}]}}