{"id":339,"date":"2026-01-01T21:15:19","date_gmt":"2026-01-01T20:15:19","guid":{"rendered":"https:\/\/redfoxaffiliates.com\/como-iniciar-un-negocio-de-afiliados-en-linea\/"},"modified":"2026-01-01T21:15:19","modified_gmt":"2026-01-01T20:15:19","slug":"como-iniciar-un-negocio-de-afiliados-en-linea","status":"publish","type":"page","link":"https:\/\/redfoxaffiliates.com\/es\/como-iniciar-un-negocio-de-afiliados-en-linea\/","title":{"rendered":"C\u00f3mo iniciar un negocio de afiliados en l\u00ednea"},"content":{"rendered":"<h2>\u00bfQu\u00e9 es el marketing de afiliaci\u00f3n?<\/h2>\n<p>Muchos vendedores online tienen los llamados programas de afiliados. Cualquiera puede crear una cuenta de afiliado y empezar a promocionar sus productos online. El promotor (t\u00fa) recibe una comisi\u00f3n por recomendar clientes al vendedor.<\/p>\n<p>Consulta el men\u00fa de la derecha. Hay un enlace a un tutorial en PDF para principiantes sobre c\u00f3mo empezar un negocio de afiliaci\u00f3n desde cero y con una inversi\u00f3n m\u00ednima.<\/p>\n<h2>\u00bfC\u00f3mo se recibe la comisi\u00f3n?<\/h2>\n<p>Una vez registrado en el programa de afiliados, puedes descargar enlaces de seguimiento o banners con \u00abenlaces de seguimiento\u00bb en el sitio web del afiliado. Estos se pueden integrar en tu sitio web y, cuando un visitante hace clic en el enlace, el vendedor sabe qu\u00e9 afiliado lo refiri\u00f3 seg\u00fan el n\u00famero de identificaci\u00f3n del enlace.<\/p>\n<p>Existen dos modelos b\u00e1sicos para colaborar con el programa de afiliados:<\/p>\n<p>CPA (Coste por Adquisici\u00f3n), en el que el afiliado recibe una cantidad fija cuando un nuevo cliente alcanza un umbral de ventas definido.<\/p>\n<p>Participaci\u00f3n en los Ingresos (tambi\u00e9n conocida como MGR), en el que el afiliado recibe un porcentaje de los ingresos por ventas. Dependiendo de los t\u00e9rminos y condiciones, recibir\u00e1s un porcentaje de comisi\u00f3n sobre todas las ventas futuras o solo por un per\u00edodo espec\u00edfico.<\/p>\n<h2>\u00bfC\u00f3mo promocionas a estos proveedores?<\/h2>\n<p>Lo m\u00e1s importante para empezar con el marketing de afiliaci\u00f3n es un sitio web que genere tr\u00e1fico. \u00a1Consulta el apartado \u00abCrea un plan\u00bb a continuaci\u00f3n! Conseguir tr\u00e1fico para tu sitio web es fundamental.<\/p>\n<p>Ese sitio web puede estar relacionado con un producto espec\u00edfico (el producto que quieres promocionar) o simplemente sobre cualquier tema, siempre que genere suficiente tr\u00e1fico. Ejemplo: Creas un sitio web sobre un tema que conoces bien, como el buceo. Escribes contenido de calidad y la gente visita tu sitio. Luego, empiezas a promocionar un sitio web de ventas en l\u00ednea especializado en equipos de buceo. Cada vez que un visitante accede al sitio web del vendedor desde tu sitio web y compra algo, recibes una comisi\u00f3n.<\/p>\n<h2>Marketing en redes sociales<\/h2>\n<p>Si tienes audiencia en redes sociales, puede que ni siquiera necesites un sitio web. Puedes usar los mismos enlaces de afiliado rastreados para empezar a promocionar los productos del proveedor. Y si tu audiencia es global, mucho mejor. Muchos pa\u00edses tienen loter\u00edas con bajos premios o incluso sin ninguna. Los residentes de esos pa\u00edses son el p\u00fablico ideal para nuestro servicio de loter\u00eda.<\/p>\n<h2>Existen principalmente dos escenarios:<\/h2>\n<p>Si tuvieras un sitio web con una amplia gama de temas y miles de visitantes diarios, podr\u00edas vender pr\u00e1cticamente cualquier producto que quisieras. La gran cantidad de visitantes generar\u00eda ingresos significativos. Y nuestro programa de afiliados es ideal para cualquier sitio web porque, despu\u00e9s de todo, a todos les encanta la loter\u00eda, \u00bfverdad?<\/p>\n<p>Si tuvieras, por ejemplo, un sitio web relacionado con la loter\u00eda, probablemente tendr\u00edas menos visitantes. Aun as\u00ed, el tr\u00e1fico est\u00e1 m\u00e1s dirigido; es decir, es m\u00e1s probable que tus visitantes compren los billetes de loter\u00eda que promocionas. Incluso con solo 10 visitantes diarios, seguir\u00edas obteniendo ingresos. Y hay una cosa sobre jugar a la loter\u00eda: la gente tiende a seguir jugando durante mucho tiempo. Una vez que hayas referido a un cierto n\u00famero de clientes a nuestro programa de afiliados, ver\u00e1s un flujo de ingresos relativamente constante.<\/p>\n<h2>\u00bfC\u00f3mo atraer visitas a tu sitio web?<\/h2>\n<p>Para atraer visitas, necesitas art\u00edculos de alta calidad que proporcionen informaci\u00f3n \u00fatil a los lectores. Tambi\u00e9n debes aprender los fundamentos del SEO (Optimizaci\u00f3n para Motores de B\u00fasqueda). Esto es importante porque existen reglas espec\u00edficas que debes conocer para asegurarte de que las p\u00e1ginas de tu sitio web tengan un buen posicionamiento en Google para las palabras clave que te atraen. Los afiliados lo llaman \u00abdirigir tr\u00e1fico\u00bb a tu sitio.<\/p>\n<p>El SEO no es ciencia espacial. Simplemente busca \u00abfundamentos de SEO\u00bb en Google y lee un poco para aprender las reglas m\u00e1s importantes para crear tus art\u00edculos y mejorar tus habilidades posteriormente.<\/p>\n<h2>El poder de tener una lista de correo electr\u00f3nico<\/h2>\n<p>Configura siempre tu sitio web de forma que los visitantes tengan un motivo para registrarse o dejar su correo electr\u00f3nico. Crea una lista y \u00fasala para enviar correos electr\u00f3nicos promocionando eventos especiales, ofertas y m\u00e1s. Si ya tienes una lista, puede que ni siquiera necesites un sitio web para ser afiliado. Pero no compres listas de sitios web que venden direcciones de correo electr\u00f3nico fraudulentas; no valen la pena.<\/p>\n<h2>\u00bfCu\u00e1nto cuesta empezar en el marketing de afiliaci\u00f3n?<\/h2>\n<p>Respuesta simple: \u00a1nada o casi nada!<\/p>\n<p>Solo necesitas un nombre de dominio y un plan de alojamiento web. Si eres principiante, no necesitas un servidor propio; el alojamiento web b\u00e1sico, disponible desde 2 \u20ac al mes, es suficiente para empezar.<\/p>\n<p>Selecciona un proveedor de alojamiento fiable y elige un nombre de dominio disponible. Piensa bien en el nombre de tu dominio antes de contratarlo. Despu\u00e9s, elige un plan de alojamiento b\u00e1sico. Reg\u00edstrate y paga la cuenta. Despu\u00e9s, inicia sesi\u00f3n en tu cuenta de cliente y explora el mercado. Un consejo: Busca una funci\u00f3n adicional llamada \u00abPrivacidad de dominio\u00bb. Es algo que debes tener en cuenta si, por alguna raz\u00f3n, no quieres que nadie sepa que eres el propietario y el administrador de este sitio web y de los afiliados.<\/p>\n<h2>negocio conectado.<\/h2>\n<p>Recomendamos empezar instalando un sitio de WordPress usando una plantilla gratuita (un dise\u00f1o). WordPress es un Sistema de Gesti\u00f3n de Contenido (CMS) que crea autom\u00e1ticamente tu sitio web y te permite administrarlo. Los proveedores de espacio web ofrecen funciones sencillas que puedes usar para configurar un sitio de WordPress en segundos. \u00a1No necesitas conocimientos de programaci\u00f3n!<\/p>\n<p>Lee el tutorial introductorio para aprender las funciones m\u00e1s esenciales de WordPress. Solo necesitas unas horas para adquirir las habilidades b\u00e1sicas necesarias para administrar un sitio web sencillo. Hay documentaci\u00f3n detallada en el sitio web de WordPress y un foro donde puedes pedir ayuda a usuarios m\u00e1s experimentados.<\/p>\n<h2>\u00bfCu\u00e1nto dinero puedes ganar como afiliado?<\/h2>\n<p>Eso depende mucho de tu compromiso y de tu habilidad. Algunos afiliados ganan millones, otros muy poco, pero muchos ganan varios cientos de euros al mes. No esperes ganar dinero de inmediato. Tu sitio web necesita tiempo para atraer visitantes. Si inviertes el trabajo necesario, podr\u00e1s vivir de ello a largo plazo.<\/p>\n<p>\u00bfSe debe\/puede dedicarse a esto a tiempo completo o parcial?<\/p>\n<p>Cada uno debe decidirlo por s\u00ed mismo. Pero el 90% de los afiliados se unen al negocio a tiempo parcial. Un gran porcentaje de afiliados pasan a puestos de tiempo completo tras alcanzar suficiente \u00e9xito y experiencia en el sector.<\/p>\n<h2>\u00bfEs esto legal?<\/h2>\n<p>Por supuesto, a menos que promociones productos ilegales en tu pa\u00eds de residencia; en ese caso, debes tomar medidas para protegerte de posibles problemas. Consulta \u00abPrivacidad del dominio\u00bb m\u00e1s arriba, entre otras cosas. \u00a1Aseg\u00farate de no elegir un registrador de dominios ni un servicio de alojamiento en un pa\u00eds donde tu sitio web sea ilegal!<\/p>\n<h2>Lo m\u00e1s importante: \u00a1Elabora un plan!<\/h2>\n<p>Antes de poder ganar dinero con un programa de afiliados, necesitas desarrollar un plan s\u00f3lido y recopilar la informaci\u00f3n esencial. Quiz\u00e1s hayas visto la pel\u00edcula de Kevin Costner \u00abEl campo de los sue\u00f1os\u00bb, en la que una voz del cielo dice: \u00abConstr\u00fayelo, y vendr\u00e1n\u00bb. Si crees que puedes improvisar un sitio web sobre cualquier tema y esperas que el dinero fluya pronto, acabar\u00e1s frustrado.<\/p>\n<p>Pero si abordas el asunto con un plan, puedes ganar buen dinero, y anunciar para un programa de afiliados es divertid\u00edsimo. Lo ideal es empezar con un trabajo a tiempo parcial y, si te va bien, puedes pasar f\u00e1cilmente a tiempo completo.<\/p>\n<h2>Tu plan debe incluir lo siguiente:<\/h2>\n<p>Elige un tema que te apasione y sobre el que puedas ofrecer informaci\u00f3n valiosa a tus lectores. Si eres nuevo en esto, elige siempre un tema de nicho: si hay muchos otros sitios web sobre ese tema, te resultar\u00e1 dif\u00edcil competir con ellos. Adem\u00e1s, ser\u00e1 dif\u00edcil posicionarse con cualquier palabra clave. Por supuesto, debes elegir un tema que se ajuste a un producto que se pueda comprar en l\u00ednea y que tenga un programa de afiliados.<\/p>\n<p>Haz una lista de combinaciones de palabras clave que los visitantes potenciales podr\u00edan estar buscando en Google. Ten en cuenta que conseguir un buen posicionamiento con palabras clave obvias como \u00abloter\u00eda online\u00bb es casi imposible. Opta por frases m\u00e1s espec\u00edficas. Un ejemplo extremo ser\u00eda \u00ab\u00bfPueden participar en el Powerball las personas que no viven en EE. UU.?\u00bb.<\/p>\n<p>Luego, decide qu\u00e9 combinaci\u00f3n de palabras clave usar\u00e1s en la p\u00e1gina principal de tu sitio web. Redacta un art\u00edculo para esa combinaci\u00f3n. A continuaci\u00f3n, desarrolla un plan para la estructura de tu sitio web. Escribe algunos art\u00edculos m\u00e1s para otras combinaciones de palabras clave que se te ocurran.<\/p>\n<h2>A partir de ah\u00ed, debes centrarte en dos cosas:<\/h2>\n<p>Construir enlaces que apunten a tu sitio web. Los enlaces son como votos positivos para tu sitio; los enlaces de alta calidad pueden mejorar tu posicionamiento en los motores de b\u00fasqueda. Pide enlaces a amigos que tengan sitios web, contacta con otros webmasters y ofr\u00e9cete a escribir un art\u00edculo a cambio de enlaces, etc. Sin embargo, los mejores enlaces aparecer\u00e1n de forma natural cuando la gente lea tus art\u00edculos y enlace a tu p\u00e1gina porque les haya gustado lo que escribiste.<\/p>\n<p>Crea m\u00e1s contenido (art\u00edculos) con buen SEO. Usa tu imaginaci\u00f3n y escribe nuevos art\u00edculos con regularidad. Para empezar, considera a\u00f1adir de 2 a 3 art\u00edculos por semana.<\/p>\n<p>A medida que completes lo anterior, te ir\u00e1s desarrollando y los primeros visitantes llegar\u00e1n a tu sitio web. Utiliza un servicio (gratuito) como www.clicky.com o Google Analytics para monitorizar el n\u00famero de visitantes y su comportamiento. Revisa peri\u00f3dicamente tu cuenta del programa de afiliados para comprobar si est\u00e1s generando ingresos.<\/p>\n<p>Utiliza un servicio de SEO para encontrar m\u00e1s palabras clave relacionadas con tu palabra clave principal. Crea contenido optimizado para SEO que se centre en esas palabras clave. Un mayor contenido genera m\u00e1s tr\u00e1fico a tu sitio web y aumenta tus comisiones.<\/p>\n<p>Con el tiempo, y a medida que te esfuerces, casi seguro ver\u00e1s un efecto positivo en el n\u00famero de visitantes y en tus ingresos.<\/p>\n<p><em>En una nota personal<\/em>: quienes est\u00e1n detr\u00e1s de RedFoxLotto y el programa de afiliados comenzaron como afiliados hace m\u00e1s de 15 a\u00f1os. Desde entonces, han tenido mucho \u00e9xito. Y si les preguntas qu\u00e9 les gusta de este negocio, te dir\u00e1n esto:<\/p>\n<ul>\n<li>Potencial de ingresos ilimitado y global.<\/li>\n<li>Puedes empezar tu negocio de marketing de afiliaci\u00f3n pr\u00e1cticamente sin inversi\u00f3n.<\/li>\n<li>Puede darte independencia financiera.<\/li>\n<li>Puedes trabajar online desde donde quieras.<\/li>\n<\/ul>\n","protected":false},"excerpt":{"rendered":"<p>\u00bfQu\u00e9 es el marketing de afiliaci\u00f3n? Muchos vendedores online tienen los llamados programas de afiliados. Cualquiera puede crear una cuenta de afiliado y empezar a promocionar sus productos online. El promotor (t\u00fa) recibe una comisi\u00f3n por recomendar clientes al vendedor. Consulta el men\u00fa de la derecha. Hay un enlace a<\/p>\n<p><a href=\"https:\/\/redfoxaffiliates.com\/es\/como-iniciar-un-negocio-de-afiliados-en-linea\/\" class=\"more-link\">Continue Reading<span class=\"screen-reader-text\">C\u00f3mo iniciar un negocio de afiliados en l\u00ednea<\/span><\/a><\/p>\n","protected":false},"author":1,"featured_media":0,"parent":0,"menu_order":6,"comment_status":"closed","ping_status":"closed","template":"","meta":{"footnotes":""},"class_list":["post-339","page","type-page","status-publish","hentry"],"yoast_head":"<!-- This site is optimized with the Yoast SEO plugin v22.4 - https:\/\/yoast.com\/wordpress\/plugins\/seo\/ -->\n<title>C\u00f3mo empezar y hacer crecer tu negocio de marketing de afiliados en l\u00ednea<\/title>\n<meta name=\"description\" content=\"Una hoja de ruta hacia el \u00e9xito para un negocio de afiliados. Empieza a ganar comisiones en l\u00ednea convirti\u00e9ndote en afiliado y socio de marketing\" \/>\n<meta name=\"robots\" content=\"index, follow, max-snippet:-1, max-image-preview:large, max-video-preview:-1\" \/>\n<link rel=\"canonical\" href=\"https:\/\/redfoxaffiliates.com\/how-to-start-an-online-affiliate-marketing-business\/\" \/>\n<meta property=\"og:locale\" content=\"es_ES\" \/>\n<meta property=\"og:type\" content=\"article\" \/>\n<meta property=\"og:title\" content=\"C\u00f3mo empezar y hacer crecer tu negocio de marketing de afiliados en l\u00ednea\" \/>\n<meta property=\"og:description\" content=\"Una hoja de ruta hacia el \u00e9xito para un negocio de afiliados. Empieza a ganar comisiones en l\u00ednea convirti\u00e9ndote en afiliado y socio de marketing\" \/>\n<meta property=\"og:url\" content=\"https:\/\/redfoxaffiliates.com\/how-to-start-an-online-affiliate-marketing-business\/\" \/>\n<meta property=\"og:site_name\" content=\"RedFoxLotto Affiliate Program\" \/>\n<meta name=\"twitter:card\" content=\"summary_large_image\" \/>\n<meta name=\"twitter:label1\" content=\"Tiempo de lectura\" \/>\n\t<meta name=\"twitter:data1\" content=\"9 minutos\" \/>\n<script type=\"application\/ld+json\" class=\"yoast-schema-graph\">{\"@context\":\"https:\/\/schema.org\",\"@graph\":[{\"@type\":\"WebPage\",\"@id\":\"https:\/\/redfoxaffiliates.com\/how-to-start-an-online-affiliate-marketing-business\/\",\"url\":\"https:\/\/redfoxaffiliates.com\/how-to-start-an-online-affiliate-marketing-business\/\",\"name\":\"C\u00f3mo empezar y hacer crecer tu negocio de marketing de afiliados en l\u00ednea\",\"isPartOf\":{\"@id\":\"https:\/\/redfoxaffiliates.com\/#website\"},\"datePublished\":\"2026-01-01T20:15:19+00:00\",\"dateModified\":\"2026-01-01T20:15:19+00:00\",\"description\":\"Una hoja de ruta hacia el \u00e9xito para un negocio de afiliados. Empieza a ganar comisiones en l\u00ednea convirti\u00e9ndote en afiliado y socio de marketing\",\"breadcrumb\":{\"@id\":\"https:\/\/redfoxaffiliates.com\/how-to-start-an-online-affiliate-marketing-business\/#breadcrumb\"},\"inLanguage\":\"es\",\"potentialAction\":[{\"@type\":\"ReadAction\",\"target\":[\"https:\/\/redfoxaffiliates.com\/how-to-start-an-online-affiliate-marketing-business\/\"]}]},{\"@type\":\"BreadcrumbList\",\"@id\":\"https:\/\/redfoxaffiliates.com\/how-to-start-an-online-affiliate-marketing-business\/#breadcrumb\",\"itemListElement\":[{\"@type\":\"ListItem\",\"position\":1,\"name\":\"Home\",\"item\":\"https:\/\/redfoxaffiliates.com\/es\/inicio\/\"},{\"@type\":\"ListItem\",\"position\":2,\"name\":\"C\u00f3mo iniciar un negocio de afiliados en l\u00ednea\"}]},{\"@type\":\"WebSite\",\"@id\":\"https:\/\/redfoxaffiliates.com\/#website\",\"url\":\"https:\/\/redfoxaffiliates.com\/\",\"name\":\"RedFoxLotto Affiliate Program\",\"description\":\"The site for marketing partners of RedFoxLotto.com\",\"potentialAction\":[{\"@type\":\"SearchAction\",\"target\":{\"@type\":\"EntryPoint\",\"urlTemplate\":\"https:\/\/redfoxaffiliates.com\/?s={search_term_string}\"},\"query-input\":\"required name=search_term_string\"}],\"inLanguage\":\"es\"}]}<\/script>\n<!-- \/ Yoast SEO plugin. -->","yoast_head_json":{"title":"C\u00f3mo empezar y hacer crecer tu negocio de marketing de afiliados en l\u00ednea","description":"Una hoja de ruta hacia el \u00e9xito para un negocio de afiliados. Empieza a ganar comisiones en l\u00ednea convirti\u00e9ndote en afiliado y socio de marketing","robots":{"index":"index","follow":"follow","max-snippet":"max-snippet:-1","max-image-preview":"max-image-preview:large","max-video-preview":"max-video-preview:-1"},"canonical":"https:\/\/redfoxaffiliates.com\/how-to-start-an-online-affiliate-marketing-business\/","og_locale":"es_ES","og_type":"article","og_title":"C\u00f3mo empezar y hacer crecer tu negocio de marketing de afiliados en l\u00ednea","og_description":"Una hoja de ruta hacia el \u00e9xito para un negocio de afiliados. Empieza a ganar comisiones en l\u00ednea convirti\u00e9ndote en afiliado y socio de marketing","og_url":"https:\/\/redfoxaffiliates.com\/how-to-start-an-online-affiliate-marketing-business\/","og_site_name":"RedFoxLotto Affiliate Program","twitter_card":"summary_large_image","twitter_misc":{"Tiempo de lectura":"9 minutos"},"schema":{"@context":"https:\/\/schema.org","@graph":[{"@type":"WebPage","@id":"https:\/\/redfoxaffiliates.com\/how-to-start-an-online-affiliate-marketing-business\/","url":"https:\/\/redfoxaffiliates.com\/how-to-start-an-online-affiliate-marketing-business\/","name":"C\u00f3mo empezar y hacer crecer tu negocio de marketing de afiliados en l\u00ednea","isPartOf":{"@id":"https:\/\/redfoxaffiliates.com\/#website"},"datePublished":"2026-01-01T20:15:19+00:00","dateModified":"2026-01-01T20:15:19+00:00","description":"Una hoja de ruta hacia el \u00e9xito para un negocio de afiliados. Empieza a ganar comisiones en l\u00ednea convirti\u00e9ndote en afiliado y socio de marketing","breadcrumb":{"@id":"https:\/\/redfoxaffiliates.com\/how-to-start-an-online-affiliate-marketing-business\/#breadcrumb"},"inLanguage":"es","potentialAction":[{"@type":"ReadAction","target":["https:\/\/redfoxaffiliates.com\/how-to-start-an-online-affiliate-marketing-business\/"]}]},{"@type":"BreadcrumbList","@id":"https:\/\/redfoxaffiliates.com\/how-to-start-an-online-affiliate-marketing-business\/#breadcrumb","itemListElement":[{"@type":"ListItem","position":1,"name":"Home","item":"https:\/\/redfoxaffiliates.com\/es\/inicio\/"},{"@type":"ListItem","position":2,"name":"C\u00f3mo iniciar un negocio de afiliados en l\u00ednea"}]},{"@type":"WebSite","@id":"https:\/\/redfoxaffiliates.com\/#website","url":"https:\/\/redfoxaffiliates.com\/","name":"RedFoxLotto Affiliate Program","description":"The site for marketing partners of RedFoxLotto.com","potentialAction":[{"@type":"SearchAction","target":{"@type":"EntryPoint","urlTemplate":"https:\/\/redfoxaffiliates.com\/?s={search_term_string}"},"query-input":"required name=search_term_string"}],"inLanguage":"es"}]}},"_links":{"self":[{"href":"https:\/\/redfoxaffiliates.com\/es\/wp-json\/wp\/v2\/pages\/339","targetHints":{"allow":["GET"]}}],"collection":[{"href":"https:\/\/redfoxaffiliates.com\/es\/wp-json\/wp\/v2\/pages"}],"about":[{"href":"https:\/\/redfoxaffiliates.com\/es\/wp-json\/wp\/v2\/types\/page"}],"author":[{"embeddable":true,"href":"https:\/\/redfoxaffiliates.com\/es\/wp-json\/wp\/v2\/users\/1"}],"replies":[{"embeddable":true,"href":"https:\/\/redfoxaffiliates.com\/es\/wp-json\/wp\/v2\/comments?post=339"}],"version-history":[{"count":0,"href":"https:\/\/redfoxaffiliates.com\/es\/wp-json\/wp\/v2\/pages\/339\/revisions"}],"wp:attachment":[{"href":"https:\/\/redfoxaffiliates.com\/es\/wp-json\/wp\/v2\/media?parent=339"}],"curies":[{"name":"wp","href":"https:\/\/api.w.org\/{rel}","templated":true}]}}