{"id":299,"date":"2023-07-15T13:46:59","date_gmt":"2023-07-15T11:46:59","guid":{"rendered":"https:\/\/redfoxaffiliates.com\/preguntas-frecuentes\/"},"modified":"2023-07-15T13:46:59","modified_gmt":"2023-07-15T11:46:59","slug":"preguntas-frecuentes","status":"publish","type":"page","link":"https:\/\/redfoxaffiliates.com\/es\/preguntas-frecuentes\/","title":{"rendered":"Preguntas frecuentes"},"content":{"rendered":"<h2>\u00bfQu\u00e9 significa afiliarse?<\/h2>\n<p>Afiliarse es una estrategia de marketing. Muchos productos, servicios y sitios web utilizan afiliados para comercializar sus productos y servicios. Todos los afiliados de RedFoxLotto.com pueden promocionarnos.<\/p>\n<h2>\u00bfHay alg\u00fan gasto o coste de inscripci\u00f3n?<\/h2>\n<p>No. Unirse a nuestro programa de afiliados es totalmente gratuito. Los \u00fanicos gastos que tendr\u00e1s son los relacionados con el funcionamiento de tus sitios web o la adquisici\u00f3n de tus propios materiales de marketing.<\/p>\n<h2>\u00bfC\u00f3mo puedo promocionaros?<\/h2>\n<p>Puedes utilizar todo tipo de estrategias online y offline. Estas son dos de las formas m\u00e1s comunes:<\/p>\n<ul>\n<li>Puedes crear un sitio web (relacionado con la loter\u00eda u otro tema) y utilizarlo para promocionar RedFoxLotto. Consigue tr\u00e1fico posicion\u00e1ndote en las b\u00fasquedas de Google con palabras clave y promociona tu sitio en las redes sociales. M\u00e1s tr\u00e1fico a tu sitio web significa m\u00e1s clics a RedFoxLotto, lo que se traduce en m\u00e1s dinero para ti.<\/li>\n<li>Cree un sitio web sobre loter\u00edas, utilice enlaces de afiliados que dirijan a RedFoxLotto.com y, a continuaci\u00f3n, promocione su sitio web fuera de Internet.<\/li>\n<\/ul>\n<h2>\u00bfCu\u00e1nto puedo ganar?<\/h2>\n<p>No hay l\u00edmite. Obtendr\u00e1 un porcentaje del importe neto de las ventas que genere. Y por cada mes en el que genere comisiones m\u00e1s altas, su porcentaje aumentar\u00e1. Lea este art\u00edculo para obtener m\u00e1s detalles.<\/p>\n<h2>\u00bfQu\u00e9 es un enlace de afiliado?<\/h2>\n<p>Un enlace de afiliado es un enlace que contiene un rastreador, un identificador espec\u00edfico conectado \u00fanicamente a su cuenta de afiliado. Usted incrusta esos enlaces en su sitio web. A continuaci\u00f3n, uno de los visitantes de su sitio web hace clic en \u00e9l y realiza una compra en RedFoxLotto.com. Nuestro sistema de afiliados, mediante ese c\u00f3digo de rastreo, identifica a ese nuevo cliente como un cliente tra\u00eddo por usted. Usted obtiene una comisi\u00f3n por esta venta. Cualquier compra futura de ese cliente tambi\u00e9n le generar\u00e1 otra comisi\u00f3n.<\/p>\n<p>Cada vez que un cliente visita nuestro sitio haciendo clic en uno de tus enlaces de afiliado, se genera una cookie en su dispositivo. Esto garantiza que, si no realiza una compra en su primera visita, pero vuelve m\u00e1s tarde para comprar billetes de loter\u00eda, seguir\u00e1 siendo identificado como \u00abtu\u00bb venta.<\/p>\n<h2>\u00bfQu\u00e9 hay del inicio de sesi\u00f3n en la cuenta de afiliado?<\/h2>\n<p>Una vez que se haya registrado aqu\u00ed en nuestro sitio web, revisaremos su registro. Una vez hecho esto, crearemos una cuenta de afiliado para usted. A continuaci\u00f3n, le enviaremos un correo electr\u00f3nico con una URL para iniciar sesi\u00f3n en su cuenta de afiliado, con un nombre de usuario y una contrase\u00f1a temporal. Despu\u00e9s de iniciar sesi\u00f3n en su cuenta (el backend de afiliados), puede cambiar esa contrase\u00f1a y comprobar si todos sus datos personales son correctos.<\/p>\n<p>Podr\u00e1 crear campa\u00f1as con enlaces de afiliado espec\u00edficos para diferentes actividades de marketing. Supongamos que tiene varios sitios web. En tal caso, le interesar\u00e1 crear una campa\u00f1a por cada sitio web. De este modo, podr\u00e1 ver el rendimiento de cada sitio web por separado.<\/p>\n<p>En el backend de afiliado, tambi\u00e9n puede ver sus estad\u00edsticas de visitantes y los informes de comisiones. Los materiales de marketing que puede utilizar para promocionar nuestros productos tambi\u00e9n se pueden descargar all\u00ed.<\/p>\n<h2>Pagos de comisiones<\/h2>\n<p>El d\u00eda 15 de cada mes, le pagaremos las comisiones que haya ganado durante el mes anterior. Skrill, Neteller y transferencia bancaria son los m\u00e9todos habituales, pero tambi\u00e9n se pueden discutir otras opciones.<\/p>\n","protected":false},"excerpt":{"rendered":"<p>\u00bfQu\u00e9 significa afiliarse? Afiliarse es una estrategia de marketing. Muchos productos, servicios y sitios web utilizan afiliados para comercializar sus productos y servicios. Todos los afiliados de RedFoxLotto.com pueden promocionarnos. \u00bfHay alg\u00fan gasto o coste de inscripci\u00f3n? No. Unirse a nuestro programa de afiliados es totalmente gratuito. Los \u00fanicos gastos<\/p>\n<p><a href=\"https:\/\/redfoxaffiliates.com\/es\/preguntas-frecuentes\/\" class=\"more-link\">Continue Reading<span class=\"screen-reader-text\">Preguntas frecuentes<\/span><\/a><\/p>\n","protected":false},"author":1,"featured_media":0,"parent":0,"menu_order":3,"comment_status":"closed","ping_status":"closed","template":"","meta":{"footnotes":""},"class_list":["post-299","page","type-page","status-publish","hentry"],"yoast_head":"<!-- This site is optimized with the Yoast SEO plugin v22.4 - https:\/\/yoast.com\/wordpress\/plugins\/seo\/ -->\n<title>Preguntas frecuentes sobre la afiliaci\u00f3n en el mercado de la loter\u00eda<\/title>\n<meta name=\"description\" content=\"Encuentre respuestas a sus preguntas sobre la afiliaci\u00f3n a la loter\u00eda en general y al programa de afiliados de RedFoxLotto en particular.\" \/>\n<meta name=\"robots\" content=\"index, follow, max-snippet:-1, max-image-preview:large, max-video-preview:-1\" \/>\n<link rel=\"canonical\" href=\"https:\/\/redfoxaffiliates.com\/faq\/\" \/>\n<meta property=\"og:locale\" content=\"es_ES\" \/>\n<meta property=\"og:type\" content=\"article\" \/>\n<meta property=\"og:title\" content=\"Preguntas frecuentes sobre la afiliaci\u00f3n en el mercado de la loter\u00eda\" \/>\n<meta property=\"og:description\" content=\"Encuentre respuestas a sus preguntas sobre la afiliaci\u00f3n a la loter\u00eda en general y al programa de afiliados de RedFoxLotto en particular.\" \/>\n<meta property=\"og:url\" content=\"https:\/\/redfoxaffiliates.com\/faq\/\" \/>\n<meta property=\"og:site_name\" content=\"RedFoxLotto Affiliate Program\" \/>\n<meta name=\"twitter:card\" content=\"summary_large_image\" \/>\n<meta name=\"twitter:label1\" content=\"Tiempo de lectura\" \/>\n\t<meta name=\"twitter:data1\" content=\"3 minutos\" \/>\n<script type=\"application\/ld+json\" class=\"yoast-schema-graph\">{\"@context\":\"https:\/\/schema.org\",\"@graph\":[{\"@type\":\"WebPage\",\"@id\":\"https:\/\/redfoxaffiliates.com\/faq\/\",\"url\":\"https:\/\/redfoxaffiliates.com\/faq\/\",\"name\":\"Preguntas frecuentes sobre la afiliaci\u00f3n en el mercado de la loter\u00eda\",\"isPartOf\":{\"@id\":\"https:\/\/redfoxaffiliates.com\/#website\"},\"datePublished\":\"2023-07-15T11:46:59+00:00\",\"dateModified\":\"2023-07-15T11:46:59+00:00\",\"description\":\"Encuentre respuestas a sus preguntas sobre la afiliaci\u00f3n a la loter\u00eda en general y al programa de afiliados de RedFoxLotto en particular.\",\"breadcrumb\":{\"@id\":\"https:\/\/redfoxaffiliates.com\/faq\/#breadcrumb\"},\"inLanguage\":\"es\",\"potentialAction\":[{\"@type\":\"ReadAction\",\"target\":[\"https:\/\/redfoxaffiliates.com\/faq\/\"]}]},{\"@type\":\"BreadcrumbList\",\"@id\":\"https:\/\/redfoxaffiliates.com\/faq\/#breadcrumb\",\"itemListElement\":[{\"@type\":\"ListItem\",\"position\":1,\"name\":\"Home\",\"item\":\"https:\/\/redfoxaffiliates.com\/es\/inicio\/\"},{\"@type\":\"ListItem\",\"position\":2,\"name\":\"Preguntas frecuentes\"}]},{\"@type\":\"WebSite\",\"@id\":\"https:\/\/redfoxaffiliates.com\/#website\",\"url\":\"https:\/\/redfoxaffiliates.com\/\",\"name\":\"RedFoxLotto Affiliate Program\",\"description\":\"The site for marketing partners of RedFoxLotto.com\",\"potentialAction\":[{\"@type\":\"SearchAction\",\"target\":{\"@type\":\"EntryPoint\",\"urlTemplate\":\"https:\/\/redfoxaffiliates.com\/?s={search_term_string}\"},\"query-input\":\"required name=search_term_string\"}],\"inLanguage\":\"es\"}]}<\/script>\n<!-- \/ Yoast SEO plugin. -->","yoast_head_json":{"title":"Preguntas frecuentes sobre la afiliaci\u00f3n en el mercado de la loter\u00eda","description":"Encuentre respuestas a sus preguntas sobre la afiliaci\u00f3n a la loter\u00eda en general y al programa de afiliados de RedFoxLotto en particular.","robots":{"index":"index","follow":"follow","max-snippet":"max-snippet:-1","max-image-preview":"max-image-preview:large","max-video-preview":"max-video-preview:-1"},"canonical":"https:\/\/redfoxaffiliates.com\/faq\/","og_locale":"es_ES","og_type":"article","og_title":"Preguntas frecuentes sobre la afiliaci\u00f3n en el mercado de la loter\u00eda","og_description":"Encuentre respuestas a sus preguntas sobre la afiliaci\u00f3n a la loter\u00eda en general y al programa de afiliados de RedFoxLotto en particular.","og_url":"https:\/\/redfoxaffiliates.com\/faq\/","og_site_name":"RedFoxLotto Affiliate Program","twitter_card":"summary_large_image","twitter_misc":{"Tiempo de lectura":"3 minutos"},"schema":{"@context":"https:\/\/schema.org","@graph":[{"@type":"WebPage","@id":"https:\/\/redfoxaffiliates.com\/faq\/","url":"https:\/\/redfoxaffiliates.com\/faq\/","name":"Preguntas frecuentes sobre la afiliaci\u00f3n en el mercado de la loter\u00eda","isPartOf":{"@id":"https:\/\/redfoxaffiliates.com\/#website"},"datePublished":"2023-07-15T11:46:59+00:00","dateModified":"2023-07-15T11:46:59+00:00","description":"Encuentre respuestas a sus preguntas sobre la afiliaci\u00f3n a la loter\u00eda en general y al programa de afiliados de RedFoxLotto en particular.","breadcrumb":{"@id":"https:\/\/redfoxaffiliates.com\/faq\/#breadcrumb"},"inLanguage":"es","potentialAction":[{"@type":"ReadAction","target":["https:\/\/redfoxaffiliates.com\/faq\/"]}]},{"@type":"BreadcrumbList","@id":"https:\/\/redfoxaffiliates.com\/faq\/#breadcrumb","itemListElement":[{"@type":"ListItem","position":1,"name":"Home","item":"https:\/\/redfoxaffiliates.com\/es\/inicio\/"},{"@type":"ListItem","position":2,"name":"Preguntas frecuentes"}]},{"@type":"WebSite","@id":"https:\/\/redfoxaffiliates.com\/#website","url":"https:\/\/redfoxaffiliates.com\/","name":"RedFoxLotto Affiliate Program","description":"The site for marketing partners of RedFoxLotto.com","potentialAction":[{"@type":"SearchAction","target":{"@type":"EntryPoint","urlTemplate":"https:\/\/redfoxaffiliates.com\/?s={search_term_string}"},"query-input":"required name=search_term_string"}],"inLanguage":"es"}]}},"_links":{"self":[{"href":"https:\/\/redfoxaffiliates.com\/es\/wp-json\/wp\/v2\/pages\/299","targetHints":{"allow":["GET"]}}],"collection":[{"href":"https:\/\/redfoxaffiliates.com\/es\/wp-json\/wp\/v2\/pages"}],"about":[{"href":"https:\/\/redfoxaffiliates.com\/es\/wp-json\/wp\/v2\/types\/page"}],"author":[{"embeddable":true,"href":"https:\/\/redfoxaffiliates.com\/es\/wp-json\/wp\/v2\/users\/1"}],"replies":[{"embeddable":true,"href":"https:\/\/redfoxaffiliates.com\/es\/wp-json\/wp\/v2\/comments?post=299"}],"version-history":[{"count":0,"href":"https:\/\/redfoxaffiliates.com\/es\/wp-json\/wp\/v2\/pages\/299\/revisions"}],"wp:attachment":[{"href":"https:\/\/redfoxaffiliates.com\/es\/wp-json\/wp\/v2\/media?parent=299"}],"curies":[{"name":"wp","href":"https:\/\/api.w.org\/{rel}","templated":true}]}}