{"id":292,"date":"2023-07-15T13:37:01","date_gmt":"2023-07-15T11:37:01","guid":{"rendered":"https:\/\/redfoxaffiliates.com\/gana-dinero-con-el-marketing-de-afiliados\/"},"modified":"2023-07-15T13:37:01","modified_gmt":"2023-07-15T11:37:01","slug":"gana-dinero-con-el-marketing-de-afiliados","status":"publish","type":"page","link":"https:\/\/redfoxaffiliates.com\/es\/gana-dinero-con-el-marketing-de-afiliados\/","title":{"rendered":"Gana dinero con el marketing de afiliados"},"content":{"rendered":"<h2>Gana comisiones: gana dinero promocionando RedFoxLotto como nuestro afiliado.<\/h2>\n<p>Cualquier cliente que traigas ser\u00e1 tu cliente de por vida. No hay l\u00edmite de tiempo para ganar comisiones por un cliente generado por ti. Nunca se eliminar\u00e1 a ning\u00fan cliente de tu cuenta de afiliado. Por eso el nuestro es el mejor programa de afiliados del sector de las loter\u00edas.<\/p>\n<p>Sus comisiones se pagar\u00e1n en funci\u00f3n de los ingresos compartidos, lo que significa que el volumen de ventas de loter\u00eda generado por sus referencias en l\u00ednea determinar\u00e1 sus ganancias de nuestro programa de afiliados.<\/p>\n<p>Los cuatro niveles de comisiones de afiliados son:<br \/>\nventas brutas inferiores a 20 000,00 \u20ac: 8 % de las ventas brutas<br \/>\nventas brutas entre 20 000,00 \u20ac y 50 000,00 \u20ac: 10 % de las ventas netas<br \/>\nventas brutas superiores a 50 000,00 \u20ac: 12 % de las ventas netas<\/p>\n<p>El porcentaje de comisi\u00f3n m\u00e1s alto se aplica solo al mes en el que la comisi\u00f3n total generada supera la cantidad especificada. Si la comisi\u00f3n es inferior en el mes siguiente, se aplicar\u00e1 la tasa correspondiente a la cantidad de comisi\u00f3n actual.<\/p>\n<h2>\u00bfPor qu\u00e9 no CPA? \u00bfPor qu\u00e9 un acuerdo de reparto de ingresos es su mejor opci\u00f3n?<\/h2>\n<p>Si no est\u00e1 familiarizado con el t\u00e9rmino CPA, significa \u00abcoste por acci\u00f3n\u00bb: usted recibe un pago \u00fanico por cada cliente que realiza su primera compra en l\u00ednea. Algunos programas de afiliados pagan la comisi\u00f3n CPA solo despu\u00e9s de que el jugador cumpla un requisito de gasto m\u00ednimo.<\/p>\n<p>Dicho esto, el modelo de comisi\u00f3n CPA no tiene sentido en este sector espec\u00edfico. En primer lugar, la vida \u00fatil de un primer depositante es mucho m\u00e1s larga que en cualquier otro sector de juego en l\u00ednea. Los jugadores de loter\u00eda suelen comprar billetes de loter\u00eda a lo largo de toda su vida. En segundo lugar, nuestros mejores clientes compran billetes de loter\u00eda online por valor de cientos de euros en una sola transacci\u00f3n. Esto ocurre con m\u00e1s frecuencia cuando los botes son muy altos, y esa es una de las razones por las que, a largo plazo, ganar\u00e1s m\u00e1s dinero con un programa de afiliados que paga en funci\u00f3n de la participaci\u00f3n en los ingresos.<\/p>\n<p>Por lo general, en el sector de la loter\u00eda, lo mejor que puedes hacer es promocionar un programa de socios con un acuerdo de porcentaje de por vida. Sin embargo, en casos excepcionales, una vez que hayas trabajado con nosotros durante un tiempo, se puede negociar un acuerdo de CPA basado en el rendimiento de los clientes que hayas tra\u00eddo.<\/p>\n<h2>Comisi\u00f3n por subafiliados<\/h2>\n<p>Por cada subafiliado que traigas, ganar\u00e1s el 2 % del valor bruto de las ventas de loter\u00eda generadas por ese afiliado.<\/p>\n","protected":false},"excerpt":{"rendered":"<p>Gana comisiones: gana dinero promocionando RedFoxLotto como nuestro afiliado. Cualquier cliente que traigas ser\u00e1 tu cliente de por vida. No hay l\u00edmite de tiempo para ganar comisiones por un cliente generado por ti. Nunca se eliminar\u00e1 a ning\u00fan cliente de tu cuenta de afiliado. Por eso el nuestro es el<\/p>\n<p><a href=\"https:\/\/redfoxaffiliates.com\/es\/gana-dinero-con-el-marketing-de-afiliados\/\" class=\"more-link\">Continue Reading<span class=\"screen-reader-text\">Gana dinero con el marketing de afiliados<\/span><\/a><\/p>\n","protected":false},"author":1,"featured_media":0,"parent":0,"menu_order":2,"comment_status":"closed","ping_status":"closed","template":"","meta":{"footnotes":""},"class_list":["post-292","page","type-page","status-publish","hentry"],"yoast_head":"<!-- This site is optimized with the Yoast SEO plugin v22.4 - https:\/\/yoast.com\/wordpress\/plugins\/seo\/ -->\n<title>C\u00f3mo ganar dinero con nuestro programa de afiliados de loter\u00eda<\/title>\n<meta name=\"description\" content=\"Por cada recomendaci\u00f3n, ganar\u00e1s una comisi\u00f3n de por vida por todas sus compras. Echa un vistazo a cu\u00e1nto dinero puedes ganar con nuestro programa de afiliados\" \/>\n<meta name=\"robots\" content=\"index, follow, max-snippet:-1, max-image-preview:large, max-video-preview:-1\" \/>\n<link rel=\"canonical\" href=\"https:\/\/redfoxaffiliates.com\/make-money-with-our-lottery-affliate-program\/\" \/>\n<meta property=\"og:locale\" content=\"es_ES\" \/>\n<meta property=\"og:type\" content=\"article\" \/>\n<meta property=\"og:title\" content=\"C\u00f3mo ganar dinero con nuestro programa de afiliados de loter\u00eda\" \/>\n<meta property=\"og:description\" content=\"Por cada recomendaci\u00f3n, ganar\u00e1s una comisi\u00f3n de por vida por todas sus compras. Echa un vistazo a cu\u00e1nto dinero puedes ganar con nuestro programa de afiliados\" \/>\n<meta property=\"og:url\" content=\"https:\/\/redfoxaffiliates.com\/make-money-with-our-lottery-affliate-program\/\" \/>\n<meta property=\"og:site_name\" content=\"RedFoxLotto Affiliate Program\" \/>\n<meta name=\"twitter:card\" content=\"summary_large_image\" \/>\n<meta name=\"twitter:label1\" content=\"Tiempo de lectura\" \/>\n\t<meta name=\"twitter:data1\" content=\"2 minutos\" \/>\n<script type=\"application\/ld+json\" class=\"yoast-schema-graph\">{\"@context\":\"https:\/\/schema.org\",\"@graph\":[{\"@type\":\"WebPage\",\"@id\":\"https:\/\/redfoxaffiliates.com\/make-money-with-our-lottery-affliate-program\/\",\"url\":\"https:\/\/redfoxaffiliates.com\/make-money-with-our-lottery-affliate-program\/\",\"name\":\"C\u00f3mo ganar dinero con nuestro programa de afiliados de loter\u00eda\",\"isPartOf\":{\"@id\":\"https:\/\/redfoxaffiliates.com\/#website\"},\"datePublished\":\"2023-07-15T11:37:01+00:00\",\"dateModified\":\"2023-07-15T11:37:01+00:00\",\"description\":\"Por cada recomendaci\u00f3n, ganar\u00e1s una comisi\u00f3n de por vida por todas sus compras. Echa un vistazo a cu\u00e1nto dinero puedes ganar con nuestro programa de afiliados\",\"breadcrumb\":{\"@id\":\"https:\/\/redfoxaffiliates.com\/make-money-with-our-lottery-affliate-program\/#breadcrumb\"},\"inLanguage\":\"es\",\"potentialAction\":[{\"@type\":\"ReadAction\",\"target\":[\"https:\/\/redfoxaffiliates.com\/make-money-with-our-lottery-affliate-program\/\"]}]},{\"@type\":\"BreadcrumbList\",\"@id\":\"https:\/\/redfoxaffiliates.com\/make-money-with-our-lottery-affliate-program\/#breadcrumb\",\"itemListElement\":[{\"@type\":\"ListItem\",\"position\":1,\"name\":\"Home\",\"item\":\"https:\/\/redfoxaffiliates.com\/es\/inicio\/\"},{\"@type\":\"ListItem\",\"position\":2,\"name\":\"Gana dinero con el marketing de afiliados\"}]},{\"@type\":\"WebSite\",\"@id\":\"https:\/\/redfoxaffiliates.com\/#website\",\"url\":\"https:\/\/redfoxaffiliates.com\/\",\"name\":\"RedFoxLotto Affiliate Program\",\"description\":\"The site for marketing partners of RedFoxLotto.com\",\"potentialAction\":[{\"@type\":\"SearchAction\",\"target\":{\"@type\":\"EntryPoint\",\"urlTemplate\":\"https:\/\/redfoxaffiliates.com\/?s={search_term_string}\"},\"query-input\":\"required name=search_term_string\"}],\"inLanguage\":\"es\"}]}<\/script>\n<!-- \/ Yoast SEO plugin. -->","yoast_head_json":{"title":"C\u00f3mo ganar dinero con nuestro programa de afiliados de loter\u00eda","description":"Por cada recomendaci\u00f3n, ganar\u00e1s una comisi\u00f3n de por vida por todas sus compras. Echa un vistazo a cu\u00e1nto dinero puedes ganar con nuestro programa de afiliados","robots":{"index":"index","follow":"follow","max-snippet":"max-snippet:-1","max-image-preview":"max-image-preview:large","max-video-preview":"max-video-preview:-1"},"canonical":"https:\/\/redfoxaffiliates.com\/make-money-with-our-lottery-affliate-program\/","og_locale":"es_ES","og_type":"article","og_title":"C\u00f3mo ganar dinero con nuestro programa de afiliados de loter\u00eda","og_description":"Por cada recomendaci\u00f3n, ganar\u00e1s una comisi\u00f3n de por vida por todas sus compras. Echa un vistazo a cu\u00e1nto dinero puedes ganar con nuestro programa de afiliados","og_url":"https:\/\/redfoxaffiliates.com\/make-money-with-our-lottery-affliate-program\/","og_site_name":"RedFoxLotto Affiliate Program","twitter_card":"summary_large_image","twitter_misc":{"Tiempo de lectura":"2 minutos"},"schema":{"@context":"https:\/\/schema.org","@graph":[{"@type":"WebPage","@id":"https:\/\/redfoxaffiliates.com\/make-money-with-our-lottery-affliate-program\/","url":"https:\/\/redfoxaffiliates.com\/make-money-with-our-lottery-affliate-program\/","name":"C\u00f3mo ganar dinero con nuestro programa de afiliados de loter\u00eda","isPartOf":{"@id":"https:\/\/redfoxaffiliates.com\/#website"},"datePublished":"2023-07-15T11:37:01+00:00","dateModified":"2023-07-15T11:37:01+00:00","description":"Por cada recomendaci\u00f3n, ganar\u00e1s una comisi\u00f3n de por vida por todas sus compras. Echa un vistazo a cu\u00e1nto dinero puedes ganar con nuestro programa de afiliados","breadcrumb":{"@id":"https:\/\/redfoxaffiliates.com\/make-money-with-our-lottery-affliate-program\/#breadcrumb"},"inLanguage":"es","potentialAction":[{"@type":"ReadAction","target":["https:\/\/redfoxaffiliates.com\/make-money-with-our-lottery-affliate-program\/"]}]},{"@type":"BreadcrumbList","@id":"https:\/\/redfoxaffiliates.com\/make-money-with-our-lottery-affliate-program\/#breadcrumb","itemListElement":[{"@type":"ListItem","position":1,"name":"Home","item":"https:\/\/redfoxaffiliates.com\/es\/inicio\/"},{"@type":"ListItem","position":2,"name":"Gana dinero con el marketing de afiliados"}]},{"@type":"WebSite","@id":"https:\/\/redfoxaffiliates.com\/#website","url":"https:\/\/redfoxaffiliates.com\/","name":"RedFoxLotto Affiliate Program","description":"The site for marketing partners of RedFoxLotto.com","potentialAction":[{"@type":"SearchAction","target":{"@type":"EntryPoint","urlTemplate":"https:\/\/redfoxaffiliates.com\/?s={search_term_string}"},"query-input":"required name=search_term_string"}],"inLanguage":"es"}]}},"_links":{"self":[{"href":"https:\/\/redfoxaffiliates.com\/es\/wp-json\/wp\/v2\/pages\/292","targetHints":{"allow":["GET"]}}],"collection":[{"href":"https:\/\/redfoxaffiliates.com\/es\/wp-json\/wp\/v2\/pages"}],"about":[{"href":"https:\/\/redfoxaffiliates.com\/es\/wp-json\/wp\/v2\/types\/page"}],"author":[{"embeddable":true,"href":"https:\/\/redfoxaffiliates.com\/es\/wp-json\/wp\/v2\/users\/1"}],"replies":[{"embeddable":true,"href":"https:\/\/redfoxaffiliates.com\/es\/wp-json\/wp\/v2\/comments?post=292"}],"version-history":[{"count":0,"href":"https:\/\/redfoxaffiliates.com\/es\/wp-json\/wp\/v2\/pages\/292\/revisions"}],"wp:attachment":[{"href":"https:\/\/redfoxaffiliates.com\/es\/wp-json\/wp\/v2\/media?parent=292"}],"curies":[{"name":"wp","href":"https:\/\/api.w.org\/{rel}","templated":true}]}}