{"id":251,"date":"2023-07-15T13:33:10","date_gmt":"2023-07-15T11:33:10","guid":{"rendered":"https:\/\/redfoxaffiliates.com\/por-que-convertirse-en-afiliado-de-loteria\/"},"modified":"2023-07-15T13:33:10","modified_gmt":"2023-07-15T11:33:10","slug":"por-que-convertirse-en-afiliado-de-loteria","status":"publish","type":"page","link":"https:\/\/redfoxaffiliates.com\/es\/por-que-convertirse-en-afiliado-de-loteria\/","title":{"rendered":"\u00bfPor qu\u00e9 convertirse en afiliado de loter\u00eda?"},"content":{"rendered":"<h2>\u00bfCu\u00e1l es nuestro producto?<\/h2>\n<p>RedFoxLotto vende boletos de loter\u00eda en l\u00ednea. Ofrecemos a clientes de todo el mundo la posibilidad de participar en loter\u00edas con grandes premios, como Mega Millions y Powerball de EE. UU., y grandes loter\u00edas europeas como EuroMillions, EuroJackpot y SuperEnalotto.<\/p>\n<p>A trav\u00e9s de nosotros, los clientes pueden comprar boletos para loter\u00edas de otros pa\u00edses. Para que esto sea posible, trabajamos con varios agentes ubicados en los pa\u00edses donde se celebran las loter\u00edas. Una vez que se solicita un boleto en l\u00ednea, uno de nuestros agentes lo compra para nuestros clientes. Una vez hecho esto, confirmamos la compra a nuestro cliente. Cada vez que se compra un boleto a trav\u00e9s de nosotros, tambi\u00e9n procesamos los pagos a nuestros clientes.<\/p>\n<p>Es posible que haya o\u00eddo hablar del \u00abmercado secundario de loter\u00edas\u00bb, que es el t\u00e9rmino que se utiliza para referirse a este mercado. Como industria multimillonaria, la loter\u00eda no se limita a las ofertas locales (si es que existe una loter\u00eda en su pa\u00eds de residencia). La demanda de nuestro servicio de boletos es muy alta. Especialmente cuando las noticias sobre alg\u00fan bote que alcanza cantidades enormes aparecen en los titulares de todo el mundo, los boletos online \u00abvuelan de las estanter\u00edas\u00bb, por as\u00ed decirlo.<\/p>\n<h2>Razones para promocionar RedFoxLotto<\/h2>\n<h3>Excelentes conversiones<\/h3>\n<p>Nuestro sitio web, https:\/\/redfoxlotto.com, se ha optimizado para que el proceso de compra sea lo m\u00e1s sencillo posible. Esto es importante para garantizar una alta tasa de conversi\u00f3n. Cuanto mejor convirtamos su tr\u00e1fico, m\u00e1s dinero ganar\u00e1.<\/p>\n<h2>Excelente retenci\u00f3n de clientes<\/h2>\n<p>El valor del cliente a lo largo de su vida es uno de los mejores aspectos de esta industria. \u00a1Un alto porcentaje de nuestros clientes regresa y compra m\u00e1s boletos semana tras semana durante a\u00f1os!<\/p>\n<h2>La variedad de procesadores de pago es igualmente importante.<\/h2>\n<p>Nos esforzamos por ofrecer una amplia gama de opciones. Esto es importante para garantizar que los visitantes de cualquier pa\u00eds puedan pagar f\u00e1cilmente sus boletos. Dicho esto, los pagos con tarjeta de cr\u00e9dito siguen representando la mayor parte de las ventas. Pero opciones como Bitcoin y eWallets son cada vez m\u00e1s importantes.<\/p>\n<p>Nos hemos comprometido a llevar a cabo un programa de afiliados honesto y \u00e9tico. La mayor\u00eda de los programas de este sector son conocidos por enga\u00f1ar a sus afiliados de una forma u otra. Un antiguo afiliado cre\u00f3 la marca RedFoxLotto. Ese mismo antiguo afiliado es el responsable del programa de afiliados. Lea nuestro art\u00edculo sobre afiliaci\u00f3n y \u00e9tica, le ayudar\u00e1 a comprender mejor nuestra postura.<\/p>\n<h2>Tasas de comisi\u00f3n superiores al est\u00e1ndar del sector<\/h2>\n<p>Gane hasta un 12 % del valor bruto de las ventas generadas por sus referidos.<\/p>\n<h2>Afiliaci\u00f3n de segundo nivel<\/h2>\n<p>Esto significa que si trae subafiliados adicionales, tambi\u00e9n ganar\u00e1 una comisi\u00f3n del 2 % sobre las ventas generadas por sus referidos.<\/p>\n<h2>Pago puntual de las comisiones<\/h2>\n<p>Pagamos sus comisiones del \u00faltimo mes el d\u00eda 15 del mes siguiente. Puede elegir entre varias opciones de pago.<\/p>\n<h2>\u00bfQui\u00e9n puede convertirse en afiliado y c\u00f3mo puede promocionarnos?<\/h2>\n<p>\u00a1Literalmente, cualquiera! Quiz\u00e1s tenga un sitio web relacionado con la loter\u00eda. Si es as\u00ed, su tasa de conversi\u00f3n ser\u00e1 alta porque nuestro producto resuena en su p\u00fablico.<\/p>\n<p>O tal vez tenga un sitio web sobre un tema diferente y est\u00e9 buscando formas de monetizar su tr\u00e1fico. A todo el mundo le encanta jugar a la loter\u00eda, y sus ganancias depender\u00e1n principalmente de la cantidad de tr\u00e1fico que tenga su sitio web.<\/p>\n<p>Las listas de correo electr\u00f3nico son una herramienta estupenda para generar nuevos clientes. No toleramos el spam, as\u00ed que aseg\u00farate de que tu lista de correo electr\u00f3nico solo contenga contactos que hayan aceptado recibir tus correos electr\u00f3nicos de marketing.<\/p>\n<p>Algunos de nuestros afiliados emplean estrategias offline para promocionarnos. Han creado su propio sitio web de loter\u00eda con enlaces de afiliados que dirigen a RedFoxLotto.com. A continuaci\u00f3n, distribuyen folletos, tarjetas de visita y otros materiales de marketing para promocionar su sitio web, generando as\u00ed tr\u00e1fico y, en \u00faltima instancia, ventas en RedFoxLotto.com.<\/p>\n","protected":false},"excerpt":{"rendered":"<p>\u00bfCu\u00e1l es nuestro producto? RedFoxLotto vende boletos de loter\u00eda en l\u00ednea. Ofrecemos a clientes de todo el mundo la posibilidad de participar en loter\u00edas con grandes premios, como Mega Millions y Powerball de EE. UU., y grandes loter\u00edas europeas como EuroMillions, EuroJackpot y SuperEnalotto. A trav\u00e9s de nosotros, los clientes<\/p>\n<p><a href=\"https:\/\/redfoxaffiliates.com\/es\/por-que-convertirse-en-afiliado-de-loteria\/\" class=\"more-link\">Continue Reading<span class=\"screen-reader-text\">\u00bfPor qu\u00e9 convertirse en afiliado de loter\u00eda?<\/span><\/a><\/p>\n","protected":false},"author":1,"featured_media":0,"parent":0,"menu_order":1,"comment_status":"closed","ping_status":"closed","template":"","meta":{"footnotes":""},"class_list":["post-251","page","type-page","status-publish","hentry"],"yoast_head":"<!-- This site is optimized with the Yoast SEO plugin v22.4 - https:\/\/yoast.com\/wordpress\/plugins\/seo\/ -->\n<title>\u00bfPor qu\u00e9 unirse al programa de afiliados de RedFoxLotto?<\/title>\n<meta name=\"description\" content=\"Razones para unirse a nosotros y convertirse en afiliado y socio comercial de RedFoxLotto. \u00a1Gane comisiones por cada venta realizada por los clientes que haya recomendado de por vida!\" \/>\n<meta name=\"robots\" content=\"index, follow, max-snippet:-1, max-image-preview:large, max-video-preview:-1\" \/>\n<link rel=\"canonical\" href=\"https:\/\/redfoxaffiliates.com\/why-become-a-lottery-affiliate\/\" \/>\n<meta property=\"og:locale\" content=\"es_ES\" \/>\n<meta property=\"og:type\" content=\"article\" \/>\n<meta property=\"og:title\" content=\"\u00bfPor qu\u00e9 unirse al programa de afiliados de RedFoxLotto?\" \/>\n<meta property=\"og:description\" content=\"Razones para unirse a nosotros y convertirse en afiliado y socio comercial de RedFoxLotto. \u00a1Gane comisiones por cada venta realizada por los clientes que haya recomendado de por vida!\" \/>\n<meta property=\"og:url\" content=\"https:\/\/redfoxaffiliates.com\/why-become-a-lottery-affiliate\/\" \/>\n<meta property=\"og:site_name\" content=\"RedFoxLotto Affiliate Program\" \/>\n<meta name=\"twitter:card\" content=\"summary_large_image\" \/>\n<meta name=\"twitter:label1\" content=\"Tiempo de lectura\" \/>\n\t<meta name=\"twitter:data1\" content=\"4 minutos\" \/>\n<script type=\"application\/ld+json\" class=\"yoast-schema-graph\">{\"@context\":\"https:\/\/schema.org\",\"@graph\":[{\"@type\":\"WebPage\",\"@id\":\"https:\/\/redfoxaffiliates.com\/why-become-a-lottery-affiliate\/\",\"url\":\"https:\/\/redfoxaffiliates.com\/why-become-a-lottery-affiliate\/\",\"name\":\"\u00bfPor qu\u00e9 unirse al programa de afiliados de RedFoxLotto?\",\"isPartOf\":{\"@id\":\"https:\/\/redfoxaffiliates.com\/#website\"},\"datePublished\":\"2023-07-15T11:33:10+00:00\",\"dateModified\":\"2023-07-15T11:33:10+00:00\",\"description\":\"Razones para unirse a nosotros y convertirse en afiliado y socio comercial de RedFoxLotto. \u00a1Gane comisiones por cada venta realizada por los clientes que haya recomendado de por vida!\",\"breadcrumb\":{\"@id\":\"https:\/\/redfoxaffiliates.com\/why-become-a-lottery-affiliate\/#breadcrumb\"},\"inLanguage\":\"es\",\"potentialAction\":[{\"@type\":\"ReadAction\",\"target\":[\"https:\/\/redfoxaffiliates.com\/why-become-a-lottery-affiliate\/\"]}]},{\"@type\":\"BreadcrumbList\",\"@id\":\"https:\/\/redfoxaffiliates.com\/why-become-a-lottery-affiliate\/#breadcrumb\",\"itemListElement\":[{\"@type\":\"ListItem\",\"position\":1,\"name\":\"Home\",\"item\":\"https:\/\/redfoxaffiliates.com\/es\/inicio\/\"},{\"@type\":\"ListItem\",\"position\":2,\"name\":\"\u00bfPor qu\u00e9 convertirse en afiliado de loter\u00eda?\"}]},{\"@type\":\"WebSite\",\"@id\":\"https:\/\/redfoxaffiliates.com\/#website\",\"url\":\"https:\/\/redfoxaffiliates.com\/\",\"name\":\"RedFoxLotto Affiliate Program\",\"description\":\"The site for marketing partners of RedFoxLotto.com\",\"potentialAction\":[{\"@type\":\"SearchAction\",\"target\":{\"@type\":\"EntryPoint\",\"urlTemplate\":\"https:\/\/redfoxaffiliates.com\/?s={search_term_string}\"},\"query-input\":\"required name=search_term_string\"}],\"inLanguage\":\"es\"}]}<\/script>\n<!-- \/ Yoast SEO plugin. -->","yoast_head_json":{"title":"\u00bfPor qu\u00e9 unirse al programa de afiliados de RedFoxLotto?","description":"Razones para unirse a nosotros y convertirse en afiliado y socio comercial de RedFoxLotto. \u00a1Gane comisiones por cada venta realizada por los clientes que haya recomendado de por vida!","robots":{"index":"index","follow":"follow","max-snippet":"max-snippet:-1","max-image-preview":"max-image-preview:large","max-video-preview":"max-video-preview:-1"},"canonical":"https:\/\/redfoxaffiliates.com\/why-become-a-lottery-affiliate\/","og_locale":"es_ES","og_type":"article","og_title":"\u00bfPor qu\u00e9 unirse al programa de afiliados de RedFoxLotto?","og_description":"Razones para unirse a nosotros y convertirse en afiliado y socio comercial de RedFoxLotto. \u00a1Gane comisiones por cada venta realizada por los clientes que haya recomendado de por vida!","og_url":"https:\/\/redfoxaffiliates.com\/why-become-a-lottery-affiliate\/","og_site_name":"RedFoxLotto Affiliate Program","twitter_card":"summary_large_image","twitter_misc":{"Tiempo de lectura":"4 minutos"},"schema":{"@context":"https:\/\/schema.org","@graph":[{"@type":"WebPage","@id":"https:\/\/redfoxaffiliates.com\/why-become-a-lottery-affiliate\/","url":"https:\/\/redfoxaffiliates.com\/why-become-a-lottery-affiliate\/","name":"\u00bfPor qu\u00e9 unirse al programa de afiliados de RedFoxLotto?","isPartOf":{"@id":"https:\/\/redfoxaffiliates.com\/#website"},"datePublished":"2023-07-15T11:33:10+00:00","dateModified":"2023-07-15T11:33:10+00:00","description":"Razones para unirse a nosotros y convertirse en afiliado y socio comercial de RedFoxLotto. \u00a1Gane comisiones por cada venta realizada por los clientes que haya recomendado de por vida!","breadcrumb":{"@id":"https:\/\/redfoxaffiliates.com\/why-become-a-lottery-affiliate\/#breadcrumb"},"inLanguage":"es","potentialAction":[{"@type":"ReadAction","target":["https:\/\/redfoxaffiliates.com\/why-become-a-lottery-affiliate\/"]}]},{"@type":"BreadcrumbList","@id":"https:\/\/redfoxaffiliates.com\/why-become-a-lottery-affiliate\/#breadcrumb","itemListElement":[{"@type":"ListItem","position":1,"name":"Home","item":"https:\/\/redfoxaffiliates.com\/es\/inicio\/"},{"@type":"ListItem","position":2,"name":"\u00bfPor qu\u00e9 convertirse en afiliado de loter\u00eda?"}]},{"@type":"WebSite","@id":"https:\/\/redfoxaffiliates.com\/#website","url":"https:\/\/redfoxaffiliates.com\/","name":"RedFoxLotto Affiliate Program","description":"The site for marketing partners of RedFoxLotto.com","potentialAction":[{"@type":"SearchAction","target":{"@type":"EntryPoint","urlTemplate":"https:\/\/redfoxaffiliates.com\/?s={search_term_string}"},"query-input":"required name=search_term_string"}],"inLanguage":"es"}]}},"_links":{"self":[{"href":"https:\/\/redfoxaffiliates.com\/es\/wp-json\/wp\/v2\/pages\/251","targetHints":{"allow":["GET"]}}],"collection":[{"href":"https:\/\/redfoxaffiliates.com\/es\/wp-json\/wp\/v2\/pages"}],"about":[{"href":"https:\/\/redfoxaffiliates.com\/es\/wp-json\/wp\/v2\/types\/page"}],"author":[{"embeddable":true,"href":"https:\/\/redfoxaffiliates.com\/es\/wp-json\/wp\/v2\/users\/1"}],"replies":[{"embeddable":true,"href":"https:\/\/redfoxaffiliates.com\/es\/wp-json\/wp\/v2\/comments?post=251"}],"version-history":[{"count":0,"href":"https:\/\/redfoxaffiliates.com\/es\/wp-json\/wp\/v2\/pages\/251\/revisions"}],"wp:attachment":[{"href":"https:\/\/redfoxaffiliates.com\/es\/wp-json\/wp\/v2\/media?parent=251"}],"curies":[{"name":"wp","href":"https:\/\/api.w.org\/{rel}","templated":true}]}}